{"id":956,"date":"2022-10-10T11:42:06","date_gmt":"2022-10-10T11:42:06","guid":{"rendered":"https:\/\/naturcesped.com\/?page_id=956"},"modified":"2023-12-20T08:39:53","modified_gmt":"2023-12-20T08:39:53","slug":"cesped-artificial-figueres","status":"publish","type":"page","link":"https:\/\/naturcesped.com\/es\/cesped-artificial-figueres\/","title":{"rendered":"C\u00e9sped artificial Figueres"},"content":{"rendered":"<div class=\"wpb-content-wrapper\"><p>[vc_row gap=\u00bb35&#8243;][vc_column width=\u00bb2\/3&#8243;][vc_single_image image=\u00bb424&#8243;][vc_column_text]<\/p>\n<p style=\"text-align: justify;\">Encuentra una opci\u00f3n duradera y personalizada instalando <strong>c\u00e9sped artificial en Figueres<\/strong> de Naturcesped, el cual presenta 10 a\u00f1os de garant\u00eda y muchas otras ventajas. En nuestra p\u00e1gina web, encontrar\u00e1s un cat\u00e1logo con distintos modelos, todos ellos de gran calidad, para que puedas ver todas las particularidades que presentan y pueden ofrecer a tu espacio exterior; desde la frondosidad al color, el tacto, la altura y todo aquello que sea importante para ti. En Naturcesped, somos especialistas en la instalaci\u00f3n de <strong>c\u00e9sped artificial en Figueres<\/strong> y podemos garantizarte los mejores acabados.<\/p>\n<p style=\"text-align: justify;\">En Naturcesped estudiamos el terreno de cada cliente, para determinar la mejor opci\u00f3n para cada caso, ya que pueden presentarse diversas necesidades. Pueden ser proyectos para viviendas particulares, oficinas, proyectos de paisajismo, espacios deportivos, c\u00e9sped de color para zonas de tama\u00f1o m\u00e1s reducido\u2026 En nuestra empresa nos adaptamos a tus preferencias y necesidades, mediante una instalaci\u00f3n profesional de <strong>c\u00e9sped artificial en Figueres<\/strong>. Con la instalaci\u00f3n de c\u00e9sped artificial de gran calidad, disfrutar\u00e1s de grandes ventajas desde el primer d\u00eda, como un alto realismo, la suavidad o el brillo que presenta cada uno de nuestros productos de <strong>c\u00e9sped artificial en Figueres<\/strong>.<\/p>\n<p>[\/vc_column_text][vc_row_inner][vc_column_inner width=\u00bb1\/3&#8243;][\/vc_column_inner][vc_column_inner width=\u00bb1\/3&#8243;]<a\thref=\"https:\/\/naturcesped.com\/es\/contacto\/\" \n\t\t\t\tclass=\"button btn_large btn_theme_color btn_rounded btn_normal_style    \"  target='_self'><span>CONTACTA CON NOSOTROS<\/span><\/a>[\/vc_column_inner][vc_column_inner width=\u00bb1\/3&#8243;][\/vc_column_inner][\/vc_row_inner][vc_column_text]<\/p>\n<p style=\"text-align: justify;\">En Naturcesped hacemos proyectos a medida y, adem\u00e1s del c\u00e9sped artificial, tambi\u00e9n encontrar\u00e1s vallas y tarimas sint\u00e9ticas de m\u00e1xima calidad para delimitar, acotar, embellecer o hacer m\u00e1s funcionales todo tipo de espacios exteriores; piscinas, jardines, espacios deportivos, terrenos, patios\u2026 Encuentra el mejor <strong>c\u00e9sped artificial en Figueres<\/strong> en Naturcesped y, en cuesti\u00f3n de 24-48 horas, dispondr\u00e1s de un presupuesto personalizado acorde con las necesidades y te informaremos de todo lo que necesites saber.<\/p>\n<p style=\"text-align: justify;\">Siempre tenemos una comunicaci\u00f3n directa con el cliente, para saber qu\u00e9 resultado persigue con la instalaci\u00f3n de <strong>c\u00e9sped artificial en Figueres<\/strong>, para asesorarle con el mejor producto. Gracias a un equipo t\u00e9cnico especializado, planteamos un servicio especializado y hecho a medida, para que los clientes puedan disfrutar de todas las ventajas que ofrece el <strong>c\u00e9sped artificial en Figueres<\/strong>. En Naturcesped, podr\u00e1s encontrar los mejores productos del mercado para mejorar cualquier especio exterior con el c\u00e9sped artificial o las vallas o tarimas sint\u00e9ticas. Contacta con nosotros para recibir informaci\u00f3n, solicitar un presupuesto o tener un asesoramiento especializado del <strong>c\u00e9sped artificial en Figueres<\/strong>.<\/p>\n<p style=\"text-align: justify;\">Con nosotros, conseguir\u00e1s una gran calidad del producto con acabados inmejorables en cuanto a est\u00e9tica y tacto, adem\u00e1s de contar con 10 a\u00f1os de garant\u00eda. Teniendo en cuenta la durabilidad, precio y calidad de nuestro producto, vas a conseguir una gran rentabilidad en la compra de <strong>c\u00e9sped artificial en Figueres<\/strong>.<\/p>\n<p style=\"text-align: justify;\">Trabajamos de forma personalizada, para que cada cliente cumpla con sus expectativas y pueda conformar un espacio exterior perfecto, ya sea para empresas, una zona de car\u00e1cter p\u00fablico o una vivienda particular. Nos adaptamos a todo tipo de espacios, ofreciendo soluciones adaptadas y pensadas para terrenos, piscinas, jardines, patios, espacios deportivos, etc.<\/p>\n<p>[\/vc_column_text][\/vc_column][vc_column width=\u00bb1\/3&#8243;][vc_column_text]<\/p>\n<h2 style=\"text-align: center;\">Cont\u00e1ctanos para m\u00e1s informaci\u00f3n<\/h2>\n<p>[\/vc_column_text]<div class=\"boc_divider_holder\"><div class=\"boc_divider  \"  style=\"margin-top: 20px;margin-bottom: 20px;height: 1px;background: #eeeeee;\"><\/div><\/div>\n<div class=\"wpcf7 no-js\" id=\"wpcf7-f202-o1\" lang=\"es-ES\" dir=\"ltr\" data-wpcf7-id=\"202\">\n<div class=\"screen-reader-response\"><p role=\"status\" aria-live=\"polite\" aria-atomic=\"true\"><\/p> <ul><\/ul><\/div>\n<form action=\"\/es\/wp-json\/wp\/v2\/pages\/956#wpcf7-f202-o1\" method=\"post\" class=\"wpcf7-form init\" aria-label=\"Formulario de contacto\" novalidate=\"novalidate\" data-status=\"init\">\n<fieldset class=\"hidden-fields-container\"><input type=\"hidden\" name=\"_wpcf7\" value=\"202\" \/><input type=\"hidden\" name=\"_wpcf7_version\" value=\"6.1.3\" \/><input type=\"hidden\" name=\"_wpcf7_locale\" value=\"es_ES\" \/><input type=\"hidden\" name=\"_wpcf7_unit_tag\" value=\"wpcf7-f202-o1\" \/><input type=\"hidden\" name=\"_wpcf7_container_post\" value=\"0\" \/><input type=\"hidden\" name=\"_wpcf7_posted_data_hash\" value=\"\" \/><input type=\"hidden\" name=\"_wpcf7_recaptcha_response\" value=\"\" \/>\n<\/fieldset>\n<p><label> Nombre y apellidos *<br \/>\n<span class=\"wpcf7-form-control-wrap\" data-name=\"your-name\"><input size=\"40\" maxlength=\"400\" class=\"wpcf7-form-control wpcf7-text wpcf7-validates-as-required\" aria-required=\"true\" aria-invalid=\"false\" value=\"\" type=\"text\" name=\"your-name\" \/><\/span> <\/label>\n<\/p>\n<p><label> Tel\u00e9fono *<br \/>\n<span class=\"wpcf7-form-control-wrap\" data-name=\"your-phone\"><input size=\"40\" maxlength=\"400\" class=\"wpcf7-form-control wpcf7-text wpcf7-validates-as-required\" aria-required=\"true\" aria-invalid=\"false\" value=\"\" type=\"text\" name=\"your-phone\" \/><\/span> <\/label>\n<\/p>\n<p><label> Correo electr\u00f3nico *<br \/>\n<span class=\"wpcf7-form-control-wrap\" data-name=\"your-email\"><input size=\"40\" maxlength=\"400\" class=\"wpcf7-form-control wpcf7-email wpcf7-validates-as-required wpcf7-text wpcf7-validates-as-email\" aria-required=\"true\" aria-invalid=\"false\" value=\"\" type=\"email\" name=\"your-email\" \/><\/span> <\/label>\n<\/p>\n<p><label> Municipio *<br \/>\n<span class=\"wpcf7-form-control-wrap\" data-name=\"your-town\"><input size=\"40\" maxlength=\"400\" class=\"wpcf7-form-control wpcf7-text wpcf7-validates-as-required\" aria-required=\"true\" aria-invalid=\"false\" value=\"\" type=\"text\" name=\"your-town\" \/><\/span> <\/label>\n<\/p>\n<p><label> Cantidad de m\u00b2<br \/>\n<span class=\"wpcf7-form-control-wrap\" data-name=\"your-meters\"><input size=\"40\" maxlength=\"400\" class=\"wpcf7-form-control wpcf7-text\" aria-invalid=\"false\" value=\"\" type=\"text\" name=\"your-meters\" \/><\/span> <\/label>\n<\/p>\n<p><label> Terreno actual *<br \/>\n<span class=\"wpcf7-form-control-wrap\" data-name=\"radio-509\"><span class=\"wpcf7-form-control wpcf7-radio\"><span class=\"wpcf7-list-item first\"><label><input type=\"radio\" name=\"radio-509\" value=\"Tierra\" checked=\"checked\" \/><span class=\"wpcf7-list-item-label\">Tierra<\/span><\/label><\/span><span class=\"wpcf7-list-item\"><label><input type=\"radio\" name=\"radio-509\" value=\"C\u00e9sped natural\" \/><span class=\"wpcf7-list-item-label\">C\u00e9sped natural<\/span><\/label><\/span><span class=\"wpcf7-list-item\"><label><input type=\"radio\" name=\"radio-509\" value=\"Pavimento\" \/><span class=\"wpcf7-list-item-label\">Pavimento<\/span><\/label><\/span><span class=\"wpcf7-list-item last\"><label><input type=\"radio\" name=\"radio-509\" value=\"C\u00e9sped artificial\" \/><span class=\"wpcf7-list-item-label\">C\u00e9sped artificial<\/span><\/label><\/span><\/span><\/span> <\/label>\n<\/p>\n<p><label> Mensaje *<br \/>\n<span class=\"wpcf7-form-control-wrap\" data-name=\"your-message\"><textarea cols=\"40\" rows=\"3\" maxlength=\"2000\" class=\"wpcf7-form-control wpcf7-textarea wpcf7-validates-as-required\" aria-required=\"true\" aria-invalid=\"false\" name=\"your-message\"><\/textarea><\/span> <\/label>\n<\/p>\n<p style=\"font-weight: lighter; font-size:12px;\">Informaci\u00f3n b\u00e1sica sobre el tratamiento de datos (Reglamento (UE) 2016\/679 y LO 3\/2018)<br \/>\nResponsable del tratamiento: Naturcesped C\u00e9sped Artificial, SL.\n<\/p>\n<p style=\"font-weight: lighter; font-size:12px;\">Finalidad: Ofrecer, prestar y facturar nuestros servicios y productos.\n<\/p>\n<p style=\"font-weight: lighter; font-size:12px;\">Legitimaci\u00f3n: Consentimiento del interesado.\n<\/p>\n<p style=\"font-weight: lighter; font-size:12px;\">Destinatarios: Los datos no se ceder\u00e1n a terceros, a menos que lo exija una ley o sea necesario para cumplir con la finalidad del tratamiento.\n<\/p>\n<p style=\"font-weight: lighter; font-size:12px;\">Derechos: Acceder, rectificar y suprimir datos, as\u00ed como el resto que se explican en la pol\u00edtica de protecci\u00f3n de datos.\n<\/p>\n<p style=\"font-weight: lighter; font-size:12px;\">M\u00e1s informaci\u00f3n en nuestra pol\u00edtica de protecci\u00f3n de datos.\n<\/p>\n<p><input class=\"wpcf7-form-control wpcf7-submit has-spinner\" type=\"submit\" value=\"Enviar\" \/>\n<\/p><div class=\"wpcf7-response-output\" aria-hidden=\"true\"><\/div>\n<\/form>\n<\/div>\n[\/vc_column][\/vc_row]<\/p>\n<\/div>","protected":false},"excerpt":{"rendered":"<p>[vc_row gap=\u00bb35&#8243;][vc_column width=\u00bb2\/3&#8243;][vc_single_image image=\u00bb424&#8243;][vc_column_text] Encuentra una opci\u00f3n duradera y personalizada instalando c\u00e9sped artificial en Figueres de Naturcesped, el cual presenta 10 a\u00f1os de garant\u00eda y muchas otras ventajas. En nuestra p\u00e1gina web, encontrar\u00e1s un cat\u00e1logo con distintos modelos, todos ellos de gran calidad, para que puedas ver todas las particularidades que presentan y pueden ofrecer a tu espacio exterior; desde<\/p>\n<div class=\"h10\"><\/div>\n<p><a class=\"more-link1\" href=\"https:\/\/naturcesped.com\/es\/cesped-artificial-figueres\/\">Read more<\/a><\/p>\n","protected":false},"author":1,"featured_media":0,"parent":0,"menu_order":0,"comment_status":"closed","ping_status":"closed","template":"","meta":{"footnotes":""},"class_list":["post-956","page","type-page","status-publish","hentry"],"yoast_head":"<!-- This site is optimized with the Yoast SEO plugin v26.3 - https:\/\/yoast.com\/wordpress\/plugins\/seo\/ -->\n<title>C\u00e9sped artificial Figueres - Naturcesped<\/title>\n<meta name=\"description\" content=\"Cat\u00e1logo de c\u00e9sped artificial con las mejores opciones del mercado a un precio altamente competitvo. Consigue un resultado \u00fanico y disfruta de tu c\u00e9sped artificial.\" \/>\n<meta name=\"robots\" content=\"index, follow, max-snippet:-1, max-image-preview:large, max-video-preview:-1\" \/>\n<link rel=\"canonical\" href=\"https:\/\/naturcesped.com\/es\/cesped-artificial-figueres\/\" \/>\n<meta property=\"og:locale\" content=\"es_ES\" \/>\n<meta property=\"og:type\" content=\"article\" \/>\n<meta property=\"og:title\" content=\"C\u00e9sped artificial Figueres - Naturcesped\" \/>\n<meta property=\"og:description\" content=\"Cat\u00e1logo de c\u00e9sped artificial con las mejores opciones del mercado a un precio altamente competitvo. Consigue un resultado \u00fanico y disfruta de tu c\u00e9sped artificial.\" \/>\n<meta property=\"og:url\" content=\"https:\/\/naturcesped.com\/es\/cesped-artificial-figueres\/\" \/>\n<meta property=\"og:site_name\" content=\"NaturC\u00e9sped\" \/>\n<meta property=\"article:modified_time\" content=\"2023-12-20T08:39:53+00:00\" \/>\n<meta name=\"twitter:card\" content=\"summary_large_image\" \/>\n<meta name=\"twitter:label1\" content=\"Tiempo de lectura\" \/>\n\t<meta name=\"twitter:data1\" content=\"3 minutos\" \/>\n<script type=\"application\/ld+json\" class=\"yoast-schema-graph\">{\"@context\":\"https:\/\/schema.org\",\"@graph\":[{\"@type\":\"WebPage\",\"@id\":\"https:\/\/naturcesped.com\/es\/cesped-artificial-figueres\/\",\"url\":\"https:\/\/naturcesped.com\/es\/cesped-artificial-figueres\/\",\"name\":\"C\u00e9sped artificial Figueres - Naturcesped\",\"isPartOf\":{\"@id\":\"https:\/\/naturcesped.com\/es\/#website\"},\"datePublished\":\"2022-10-10T11:42:06+00:00\",\"dateModified\":\"2023-12-20T08:39:53+00:00\",\"description\":\"Cat\u00e1logo de c\u00e9sped artificial con las mejores opciones del mercado a un precio altamente competitvo. Consigue un resultado \u00fanico y disfruta de tu c\u00e9sped artificial.\",\"breadcrumb\":{\"@id\":\"https:\/\/naturcesped.com\/es\/cesped-artificial-figueres\/#breadcrumb\"},\"inLanguage\":\"es\",\"potentialAction\":[{\"@type\":\"ReadAction\",\"target\":[\"https:\/\/naturcesped.com\/es\/cesped-artificial-figueres\/\"]}]},{\"@type\":\"BreadcrumbList\",\"@id\":\"https:\/\/naturcesped.com\/es\/cesped-artificial-figueres\/#breadcrumb\",\"itemListElement\":[{\"@type\":\"ListItem\",\"position\":1,\"name\":\"Portada\",\"item\":\"https:\/\/naturcesped.com\/es\/\"},{\"@type\":\"ListItem\",\"position\":2,\"name\":\"C\u00e9sped artificial Figueres\"}]},{\"@type\":\"WebSite\",\"@id\":\"https:\/\/naturcesped.com\/es\/#website\",\"url\":\"https:\/\/naturcesped.com\/es\/\",\"name\":\"NaturC\u00e9sped\",\"description\":\"C\u00e9sped artificial en Girona\",\"potentialAction\":[{\"@type\":\"SearchAction\",\"target\":{\"@type\":\"EntryPoint\",\"urlTemplate\":\"https:\/\/naturcesped.com\/es\/?s={search_term_string}\"},\"query-input\":{\"@type\":\"PropertyValueSpecification\",\"valueRequired\":true,\"valueName\":\"search_term_string\"}}],\"inLanguage\":\"es\"}]}<\/script>\n<!-- \/ Yoast SEO plugin. -->","yoast_head_json":{"title":"C\u00e9sped artificial Figueres - Naturcesped","description":"Cat\u00e1logo de c\u00e9sped artificial con las mejores opciones del mercado a un precio altamente competitvo. Consigue un resultado \u00fanico y disfruta de tu c\u00e9sped artificial.","robots":{"index":"index","follow":"follow","max-snippet":"max-snippet:-1","max-image-preview":"max-image-preview:large","max-video-preview":"max-video-preview:-1"},"canonical":"https:\/\/naturcesped.com\/es\/cesped-artificial-figueres\/","og_locale":"es_ES","og_type":"article","og_title":"C\u00e9sped artificial Figueres - Naturcesped","og_description":"Cat\u00e1logo de c\u00e9sped artificial con las mejores opciones del mercado a un precio altamente competitvo. Consigue un resultado \u00fanico y disfruta de tu c\u00e9sped artificial.","og_url":"https:\/\/naturcesped.com\/es\/cesped-artificial-figueres\/","og_site_name":"NaturC\u00e9sped","article_modified_time":"2023-12-20T08:39:53+00:00","twitter_card":"summary_large_image","twitter_misc":{"Tiempo de lectura":"3 minutos"},"schema":{"@context":"https:\/\/schema.org","@graph":[{"@type":"WebPage","@id":"https:\/\/naturcesped.com\/es\/cesped-artificial-figueres\/","url":"https:\/\/naturcesped.com\/es\/cesped-artificial-figueres\/","name":"C\u00e9sped artificial Figueres - Naturcesped","isPartOf":{"@id":"https:\/\/naturcesped.com\/es\/#website"},"datePublished":"2022-10-10T11:42:06+00:00","dateModified":"2023-12-20T08:39:53+00:00","description":"Cat\u00e1logo de c\u00e9sped artificial con las mejores opciones del mercado a un precio altamente competitvo. Consigue un resultado \u00fanico y disfruta de tu c\u00e9sped artificial.","breadcrumb":{"@id":"https:\/\/naturcesped.com\/es\/cesped-artificial-figueres\/#breadcrumb"},"inLanguage":"es","potentialAction":[{"@type":"ReadAction","target":["https:\/\/naturcesped.com\/es\/cesped-artificial-figueres\/"]}]},{"@type":"BreadcrumbList","@id":"https:\/\/naturcesped.com\/es\/cesped-artificial-figueres\/#breadcrumb","itemListElement":[{"@type":"ListItem","position":1,"name":"Portada","item":"https:\/\/naturcesped.com\/es\/"},{"@type":"ListItem","position":2,"name":"C\u00e9sped artificial Figueres"}]},{"@type":"WebSite","@id":"https:\/\/naturcesped.com\/es\/#website","url":"https:\/\/naturcesped.com\/es\/","name":"NaturC\u00e9sped","description":"C\u00e9sped artificial en Girona","potentialAction":[{"@type":"SearchAction","target":{"@type":"EntryPoint","urlTemplate":"https:\/\/naturcesped.com\/es\/?s={search_term_string}"},"query-input":{"@type":"PropertyValueSpecification","valueRequired":true,"valueName":"search_term_string"}}],"inLanguage":"es"}]}},"_links":{"self":[{"href":"https:\/\/naturcesped.com\/es\/wp-json\/wp\/v2\/pages\/956","targetHints":{"allow":["GET"]}}],"collection":[{"href":"https:\/\/naturcesped.com\/es\/wp-json\/wp\/v2\/pages"}],"about":[{"href":"https:\/\/naturcesped.com\/es\/wp-json\/wp\/v2\/types\/page"}],"author":[{"embeddable":true,"href":"https:\/\/naturcesped.com\/es\/wp-json\/wp\/v2\/users\/1"}],"replies":[{"embeddable":true,"href":"https:\/\/naturcesped.com\/es\/wp-json\/wp\/v2\/comments?post=956"}],"version-history":[{"count":0,"href":"https:\/\/naturcesped.com\/es\/wp-json\/wp\/v2\/pages\/956\/revisions"}],"wp:attachment":[{"href":"https:\/\/naturcesped.com\/es\/wp-json\/wp\/v2\/media?parent=956"}],"curies":[{"name":"wp","href":"https:\/\/api.w.org\/{rel}","templated":true}]}}