{"id":954,"date":"2022-10-10T11:41:19","date_gmt":"2022-10-10T11:41:19","guid":{"rendered":"https:\/\/naturcesped.com\/?page_id=954"},"modified":"2023-12-20T08:46:09","modified_gmt":"2023-12-20T08:46:09","slug":"cesped-artificial-girona","status":"publish","type":"page","link":"https:\/\/naturcesped.com\/es\/cesped-artificial-girona\/","title":{"rendered":"C\u00e9sped artificial Girona"},"content":{"rendered":"<div class=\"wpb-content-wrapper\"><p>[vc_row gap=\u00bb35&#8243;][vc_column width=\u00bb2\/3&#8243;][vc_single_image image=\u00bb424&#8243;][vc_column_text]<\/p>\n<p style=\"text-align: justify;\">C\u00e9sped artificial duradero, resistente y un producto hecho a medida son algunas de las ventajas que podemos ofrecerte en Naturcesped. Somos especialistas en la instalaci\u00f3n de <strong>c\u00e9sped artificial <\/strong>en<strong> Girona<\/strong> y presentamos diversas opciones posibles, para que escojas la que m\u00e1s te guste o encaje m\u00e1s con tus necesidades y las de tu terreno.<\/p>\n<p style=\"text-align: justify;\">C\u00e9sped artificial de color, c\u00e9sped deportivo o c\u00e9sped para proyectos de paisajismo, son algunas de las opciones que encontrar\u00e1s en Naturcesped. C\u00e9sped de la m\u00e1s alta calidad, que transformar\u00e1 cualquier espacio exterior, ya sea un patio, un terreno, un jard\u00edn o una piscina. Desde Naturcesped, como especialistas en la instalaci\u00f3n de <strong>c\u00e9sped artificial en Girona<\/strong>, estudiamos cada necesidad para presentar proyectos a medida que se adapten a cada terreno en cuesti\u00f3n, de la forma m\u00e1s natural posible, para que los acabados sean lo m\u00e1s precisos posibles. Un producto de confianza que perdura, manteni\u00e9ndose en perfecto estado a lo largo del tiempo.<\/p>\n<p>[\/vc_column_text][vc_row_inner][vc_column_inner width=\u00bb1\/3&#8243;][\/vc_column_inner][vc_column_inner width=\u00bb1\/3&#8243;]<a\thref=\"https:\/\/naturcesped.com\/es\/contacto\/\" \n\t\t\t\tclass=\"button btn_large btn_theme_color btn_rounded btn_normal_style    \"  target='_self'><span>CONTACTA CON NOSOTROS<\/span><\/a>[\/vc_column_inner][vc_column_inner width=\u00bb1\/3&#8243;][\/vc_column_inner][\/vc_row_inner][vc_column_text]<\/p>\n<p style=\"text-align: justify;\">Nos dedicamos a la suministraci\u00f3n de c\u00e9sped artificial de la m\u00e1xima calidad y dotamos de gran realismo el espacio, gracias al aspecto, brillo, frondosidad y tacto que presenta. En Naturcesped, realizamos un control de calidad exhaustivo, que consigue que los productos puedan tener hasta 10 a\u00f1os de garant\u00eda, de modo que instalar nuestro <strong>c\u00e9sped artificial en Girona<\/strong> es una opci\u00f3n muy rentable. En nuestra empresa, damos un trato personalizado y especializado en la instalaci\u00f3n de <strong>c\u00e9sped artificial en Girona<\/strong> y somos una empresa pionera en la innovaci\u00f3n dentro de este sector, para que el cliente final disponga de un producto hecho a medida perfecto. Teniendo en cuenta el precio y la durabilidad del <strong>c\u00e9sped artificial en Girona<\/strong> de Naturcesped, se presenta como una opci\u00f3n muy rentable para todo tipo de espacios, independientemente del tama\u00f1o.<\/p>\n<p style=\"text-align: justify;\">Es una opci\u00f3n pensada para todo tipo de espacios, desde viviendas particulares a empresas o zonas ajardinadas de grandes dimensiones. El <strong>c\u00e9sped artificial en Girona<\/strong> cuenta con los mejores acabados, t\u00e1ctiles y est\u00e9ticos, para que el cliente pueda disfrutar de una opci\u00f3n artificial como si fuese c\u00e9sped natural, pero sin tener que prestar atenci\u00f3n al mantenimiento. Adem\u00e1s del c\u00e9sped artificial, desde Naturcesped tambi\u00e9n te ofrecemos otros productos de gran calidad para mejorar tu espacio exterior, como las tarimas o vallas sint\u00e9ticas, para mejorar, delimitar y embellecer cualquier espacio.<\/p>\n<p style=\"text-align: justify;\">Para saber m\u00e1s sobre nuestro <strong>c\u00e9sped artificial en Girona<\/strong>, puedes contactar con nosotros envi\u00e1ndonos un mail a <a href=\"mailto:info@giroverd.com\">info@giroverd.com<\/a> o rellenando los campos del formulario web, con tus datos de contacto y el mensaje o pregunta que quieras dejarnos. Nos pondremos en contacto contigo lo antes posible, para dar con una respuesta personalizada y adaptada a tus necesidades, gracias a la instalaci\u00f3n de <strong>c\u00e9sped artificial en Girona<\/strong> de la m\u00e1xima calidad.<\/p>\n<p>[\/vc_column_text][\/vc_column][vc_column width=\u00bb1\/3&#8243;][vc_column_text]<\/p>\n<h2 style=\"text-align: center;\">Cont\u00e1ctanos para m\u00e1s informaci\u00f3n<\/h2>\n<p>[\/vc_column_text]<div class=\"boc_divider_holder\"><div class=\"boc_divider  \"  style=\"margin-top: 20px;margin-bottom: 20px;height: 1px;background: #eeeeee;\"><\/div><\/div>\n<div class=\"wpcf7 no-js\" id=\"wpcf7-f202-o1\" lang=\"es-ES\" dir=\"ltr\" data-wpcf7-id=\"202\">\n<div class=\"screen-reader-response\"><p role=\"status\" aria-live=\"polite\" aria-atomic=\"true\"><\/p> <ul><\/ul><\/div>\n<form action=\"\/es\/wp-json\/wp\/v2\/pages\/954#wpcf7-f202-o1\" method=\"post\" class=\"wpcf7-form init\" aria-label=\"Formulario de contacto\" novalidate=\"novalidate\" data-status=\"init\">\n<fieldset class=\"hidden-fields-container\"><input type=\"hidden\" name=\"_wpcf7\" value=\"202\" \/><input type=\"hidden\" name=\"_wpcf7_version\" value=\"6.1.3\" \/><input type=\"hidden\" name=\"_wpcf7_locale\" value=\"es_ES\" \/><input type=\"hidden\" name=\"_wpcf7_unit_tag\" value=\"wpcf7-f202-o1\" \/><input type=\"hidden\" name=\"_wpcf7_container_post\" value=\"0\" \/><input type=\"hidden\" name=\"_wpcf7_posted_data_hash\" value=\"\" \/><input type=\"hidden\" name=\"_wpcf7_recaptcha_response\" value=\"\" \/>\n<\/fieldset>\n<p><label> Nombre y apellidos *<br \/>\n<span class=\"wpcf7-form-control-wrap\" data-name=\"your-name\"><input size=\"40\" maxlength=\"400\" class=\"wpcf7-form-control wpcf7-text wpcf7-validates-as-required\" aria-required=\"true\" aria-invalid=\"false\" value=\"\" type=\"text\" name=\"your-name\" \/><\/span> <\/label>\n<\/p>\n<p><label> Tel\u00e9fono *<br \/>\n<span class=\"wpcf7-form-control-wrap\" data-name=\"your-phone\"><input size=\"40\" maxlength=\"400\" class=\"wpcf7-form-control wpcf7-text wpcf7-validates-as-required\" aria-required=\"true\" aria-invalid=\"false\" value=\"\" type=\"text\" name=\"your-phone\" \/><\/span> <\/label>\n<\/p>\n<p><label> Correo electr\u00f3nico *<br \/>\n<span class=\"wpcf7-form-control-wrap\" data-name=\"your-email\"><input size=\"40\" maxlength=\"400\" class=\"wpcf7-form-control wpcf7-email wpcf7-validates-as-required wpcf7-text wpcf7-validates-as-email\" aria-required=\"true\" aria-invalid=\"false\" value=\"\" type=\"email\" name=\"your-email\" \/><\/span> <\/label>\n<\/p>\n<p><label> Municipio *<br \/>\n<span class=\"wpcf7-form-control-wrap\" data-name=\"your-town\"><input size=\"40\" maxlength=\"400\" class=\"wpcf7-form-control wpcf7-text wpcf7-validates-as-required\" aria-required=\"true\" aria-invalid=\"false\" value=\"\" type=\"text\" name=\"your-town\" \/><\/span> <\/label>\n<\/p>\n<p><label> Cantidad de m\u00b2<br \/>\n<span class=\"wpcf7-form-control-wrap\" data-name=\"your-meters\"><input size=\"40\" maxlength=\"400\" class=\"wpcf7-form-control wpcf7-text\" aria-invalid=\"false\" value=\"\" type=\"text\" name=\"your-meters\" \/><\/span> <\/label>\n<\/p>\n<p><label> Terreno actual *<br \/>\n<span class=\"wpcf7-form-control-wrap\" data-name=\"radio-509\"><span class=\"wpcf7-form-control wpcf7-radio\"><span class=\"wpcf7-list-item first\"><label><input type=\"radio\" name=\"radio-509\" value=\"Tierra\" checked=\"checked\" \/><span class=\"wpcf7-list-item-label\">Tierra<\/span><\/label><\/span><span class=\"wpcf7-list-item\"><label><input type=\"radio\" name=\"radio-509\" value=\"C\u00e9sped natural\" \/><span class=\"wpcf7-list-item-label\">C\u00e9sped natural<\/span><\/label><\/span><span class=\"wpcf7-list-item\"><label><input type=\"radio\" name=\"radio-509\" value=\"Pavimento\" \/><span class=\"wpcf7-list-item-label\">Pavimento<\/span><\/label><\/span><span class=\"wpcf7-list-item last\"><label><input type=\"radio\" name=\"radio-509\" value=\"C\u00e9sped artificial\" \/><span class=\"wpcf7-list-item-label\">C\u00e9sped artificial<\/span><\/label><\/span><\/span><\/span> <\/label>\n<\/p>\n<p><label> Mensaje *<br \/>\n<span class=\"wpcf7-form-control-wrap\" data-name=\"your-message\"><textarea cols=\"40\" rows=\"3\" maxlength=\"2000\" class=\"wpcf7-form-control wpcf7-textarea wpcf7-validates-as-required\" aria-required=\"true\" aria-invalid=\"false\" name=\"your-message\"><\/textarea><\/span> <\/label>\n<\/p>\n<p style=\"font-weight: lighter; font-size:12px;\">Informaci\u00f3n b\u00e1sica sobre el tratamiento de datos (Reglamento (UE) 2016\/679 y LO 3\/2018)<br \/>\nResponsable del tratamiento: Naturcesped C\u00e9sped Artificial, SL.\n<\/p>\n<p style=\"font-weight: lighter; font-size:12px;\">Finalidad: Ofrecer, prestar y facturar nuestros servicios y productos.\n<\/p>\n<p style=\"font-weight: lighter; font-size:12px;\">Legitimaci\u00f3n: Consentimiento del interesado.\n<\/p>\n<p style=\"font-weight: lighter; font-size:12px;\">Destinatarios: Los datos no se ceder\u00e1n a terceros, a menos que lo exija una ley o sea necesario para cumplir con la finalidad del tratamiento.\n<\/p>\n<p style=\"font-weight: lighter; font-size:12px;\">Derechos: Acceder, rectificar y suprimir datos, as\u00ed como el resto que se explican en la pol\u00edtica de protecci\u00f3n de datos.\n<\/p>\n<p style=\"font-weight: lighter; font-size:12px;\">M\u00e1s informaci\u00f3n en nuestra pol\u00edtica de protecci\u00f3n de datos.\n<\/p>\n<p><input class=\"wpcf7-form-control wpcf7-submit has-spinner\" type=\"submit\" value=\"Enviar\" \/>\n<\/p><div class=\"wpcf7-response-output\" aria-hidden=\"true\"><\/div>\n<\/form>\n<\/div>\n[\/vc_column][\/vc_row]<\/p>\n<\/div>","protected":false},"excerpt":{"rendered":"<p>[vc_row gap=\u00bb35&#8243;][vc_column width=\u00bb2\/3&#8243;][vc_single_image image=\u00bb424&#8243;][vc_column_text] C\u00e9sped artificial duradero, resistente y un producto hecho a medida son algunas de las ventajas que podemos ofrecerte en Naturcesped. Somos especialistas en la instalaci\u00f3n de c\u00e9sped artificial en Girona y presentamos diversas opciones posibles, para que escojas la que m\u00e1s te guste o encaje m\u00e1s con tus necesidades y las de tu terreno. C\u00e9sped artificial<\/p>\n<div class=\"h10\"><\/div>\n<p><a class=\"more-link1\" href=\"https:\/\/naturcesped.com\/es\/cesped-artificial-girona\/\">Read more<\/a><\/p>\n","protected":false},"author":1,"featured_media":0,"parent":0,"menu_order":0,"comment_status":"closed","ping_status":"closed","template":"","meta":{"footnotes":""},"class_list":["post-954","page","type-page","status-publish","hentry"],"yoast_head":"<!-- This site is optimized with the Yoast SEO plugin v26.3 - https:\/\/yoast.com\/wordpress\/plugins\/seo\/ -->\n<title>C\u00e9sped artificial Girona - Naturcesped<\/title>\n<meta name=\"description\" content=\"C\u00e9sped artifical de distintos estilos y caracter\u00edsticas. Descubre todos los modelos de nuestro cat\u00e1logo a un precio econ\u00f3mico y con unos resultados incre\u00edbles.\" \/>\n<meta name=\"robots\" content=\"index, follow, max-snippet:-1, max-image-preview:large, max-video-preview:-1\" \/>\n<link rel=\"canonical\" href=\"https:\/\/naturcesped.com\/es\/cesped-artificial-girona\/\" \/>\n<meta property=\"og:locale\" content=\"es_ES\" \/>\n<meta property=\"og:type\" content=\"article\" \/>\n<meta property=\"og:title\" content=\"C\u00e9sped artificial Girona - Naturcesped\" \/>\n<meta property=\"og:description\" content=\"C\u00e9sped artifical de distintos estilos y caracter\u00edsticas. Descubre todos los modelos de nuestro cat\u00e1logo a un precio econ\u00f3mico y con unos resultados incre\u00edbles.\" \/>\n<meta property=\"og:url\" content=\"https:\/\/naturcesped.com\/es\/cesped-artificial-girona\/\" \/>\n<meta property=\"og:site_name\" content=\"NaturC\u00e9sped\" \/>\n<meta property=\"article:modified_time\" content=\"2023-12-20T08:46:09+00:00\" \/>\n<meta name=\"twitter:card\" content=\"summary_large_image\" \/>\n<meta name=\"twitter:label1\" content=\"Tiempo de lectura\" \/>\n\t<meta name=\"twitter:data1\" content=\"3 minutos\" \/>\n<script type=\"application\/ld+json\" class=\"yoast-schema-graph\">{\"@context\":\"https:\/\/schema.org\",\"@graph\":[{\"@type\":\"WebPage\",\"@id\":\"https:\/\/naturcesped.com\/es\/cesped-artificial-girona\/\",\"url\":\"https:\/\/naturcesped.com\/es\/cesped-artificial-girona\/\",\"name\":\"C\u00e9sped artificial Girona - Naturcesped\",\"isPartOf\":{\"@id\":\"https:\/\/naturcesped.com\/es\/#website\"},\"datePublished\":\"2022-10-10T11:41:19+00:00\",\"dateModified\":\"2023-12-20T08:46:09+00:00\",\"description\":\"C\u00e9sped artifical de distintos estilos y caracter\u00edsticas. Descubre todos los modelos de nuestro cat\u00e1logo a un precio econ\u00f3mico y con unos resultados incre\u00edbles.\",\"breadcrumb\":{\"@id\":\"https:\/\/naturcesped.com\/es\/cesped-artificial-girona\/#breadcrumb\"},\"inLanguage\":\"es\",\"potentialAction\":[{\"@type\":\"ReadAction\",\"target\":[\"https:\/\/naturcesped.com\/es\/cesped-artificial-girona\/\"]}]},{\"@type\":\"BreadcrumbList\",\"@id\":\"https:\/\/naturcesped.com\/es\/cesped-artificial-girona\/#breadcrumb\",\"itemListElement\":[{\"@type\":\"ListItem\",\"position\":1,\"name\":\"Portada\",\"item\":\"https:\/\/naturcesped.com\/es\/\"},{\"@type\":\"ListItem\",\"position\":2,\"name\":\"C\u00e9sped artificial Girona\"}]},{\"@type\":\"WebSite\",\"@id\":\"https:\/\/naturcesped.com\/es\/#website\",\"url\":\"https:\/\/naturcesped.com\/es\/\",\"name\":\"NaturC\u00e9sped\",\"description\":\"C\u00e9sped artificial en Girona\",\"potentialAction\":[{\"@type\":\"SearchAction\",\"target\":{\"@type\":\"EntryPoint\",\"urlTemplate\":\"https:\/\/naturcesped.com\/es\/?s={search_term_string}\"},\"query-input\":{\"@type\":\"PropertyValueSpecification\",\"valueRequired\":true,\"valueName\":\"search_term_string\"}}],\"inLanguage\":\"es\"}]}<\/script>\n<!-- \/ Yoast SEO plugin. -->","yoast_head_json":{"title":"C\u00e9sped artificial Girona - Naturcesped","description":"C\u00e9sped artifical de distintos estilos y caracter\u00edsticas. Descubre todos los modelos de nuestro cat\u00e1logo a un precio econ\u00f3mico y con unos resultados incre\u00edbles.","robots":{"index":"index","follow":"follow","max-snippet":"max-snippet:-1","max-image-preview":"max-image-preview:large","max-video-preview":"max-video-preview:-1"},"canonical":"https:\/\/naturcesped.com\/es\/cesped-artificial-girona\/","og_locale":"es_ES","og_type":"article","og_title":"C\u00e9sped artificial Girona - Naturcesped","og_description":"C\u00e9sped artifical de distintos estilos y caracter\u00edsticas. Descubre todos los modelos de nuestro cat\u00e1logo a un precio econ\u00f3mico y con unos resultados incre\u00edbles.","og_url":"https:\/\/naturcesped.com\/es\/cesped-artificial-girona\/","og_site_name":"NaturC\u00e9sped","article_modified_time":"2023-12-20T08:46:09+00:00","twitter_card":"summary_large_image","twitter_misc":{"Tiempo de lectura":"3 minutos"},"schema":{"@context":"https:\/\/schema.org","@graph":[{"@type":"WebPage","@id":"https:\/\/naturcesped.com\/es\/cesped-artificial-girona\/","url":"https:\/\/naturcesped.com\/es\/cesped-artificial-girona\/","name":"C\u00e9sped artificial Girona - Naturcesped","isPartOf":{"@id":"https:\/\/naturcesped.com\/es\/#website"},"datePublished":"2022-10-10T11:41:19+00:00","dateModified":"2023-12-20T08:46:09+00:00","description":"C\u00e9sped artifical de distintos estilos y caracter\u00edsticas. Descubre todos los modelos de nuestro cat\u00e1logo a un precio econ\u00f3mico y con unos resultados incre\u00edbles.","breadcrumb":{"@id":"https:\/\/naturcesped.com\/es\/cesped-artificial-girona\/#breadcrumb"},"inLanguage":"es","potentialAction":[{"@type":"ReadAction","target":["https:\/\/naturcesped.com\/es\/cesped-artificial-girona\/"]}]},{"@type":"BreadcrumbList","@id":"https:\/\/naturcesped.com\/es\/cesped-artificial-girona\/#breadcrumb","itemListElement":[{"@type":"ListItem","position":1,"name":"Portada","item":"https:\/\/naturcesped.com\/es\/"},{"@type":"ListItem","position":2,"name":"C\u00e9sped artificial Girona"}]},{"@type":"WebSite","@id":"https:\/\/naturcesped.com\/es\/#website","url":"https:\/\/naturcesped.com\/es\/","name":"NaturC\u00e9sped","description":"C\u00e9sped artificial en Girona","potentialAction":[{"@type":"SearchAction","target":{"@type":"EntryPoint","urlTemplate":"https:\/\/naturcesped.com\/es\/?s={search_term_string}"},"query-input":{"@type":"PropertyValueSpecification","valueRequired":true,"valueName":"search_term_string"}}],"inLanguage":"es"}]}},"_links":{"self":[{"href":"https:\/\/naturcesped.com\/es\/wp-json\/wp\/v2\/pages\/954","targetHints":{"allow":["GET"]}}],"collection":[{"href":"https:\/\/naturcesped.com\/es\/wp-json\/wp\/v2\/pages"}],"about":[{"href":"https:\/\/naturcesped.com\/es\/wp-json\/wp\/v2\/types\/page"}],"author":[{"embeddable":true,"href":"https:\/\/naturcesped.com\/es\/wp-json\/wp\/v2\/users\/1"}],"replies":[{"embeddable":true,"href":"https:\/\/naturcesped.com\/es\/wp-json\/wp\/v2\/comments?post=954"}],"version-history":[{"count":0,"href":"https:\/\/naturcesped.com\/es\/wp-json\/wp\/v2\/pages\/954\/revisions"}],"wp:attachment":[{"href":"https:\/\/naturcesped.com\/es\/wp-json\/wp\/v2\/media?parent=954"}],"curies":[{"name":"wp","href":"https:\/\/api.w.org\/{rel}","templated":true}]}}