{"id":952,"date":"2022-10-10T11:40:30","date_gmt":"2022-10-10T11:40:30","guid":{"rendered":"https:\/\/naturcesped.com\/?page_id=952"},"modified":"2023-12-20T09:31:44","modified_gmt":"2023-12-20T09:31:44","slug":"cesped-artificial-sant-feliu-de-guixols","status":"publish","type":"page","link":"https:\/\/naturcesped.com\/es\/cesped-artificial-sant-feliu-de-guixols\/","title":{"rendered":"C\u00e9sped artificial Sant Feliu de Gu\u00edxols"},"content":{"rendered":"<div class=\"wpb-content-wrapper\"><p>[vc_row gap=\u00bb35&#8243;][vc_column width=\u00bb2\/3&#8243;][vc_single_image image=\u00bb424&#8243;][vc_column_text]<\/p>\n<p style=\"text-align: justify;\">Encuentra una atenci\u00f3n personalizada y especializada en Naturcesped y disfruta de un servicio hecho a medida, que te permitir\u00e1 mejorar la apariencia de tu jard\u00edn, piscina, patio o terraza con la instalaci\u00f3n de <strong>c\u00e9sped artificial en Sant Feliu de Gu\u00edxols<\/strong>.<\/p>\n<p style=\"text-align: justify;\">A diferencia de otras empresas del sector, ofrecemos 10 a\u00f1os de garant\u00eda en nuestros productos y estamos completamente especializados en la instalaci\u00f3n del <strong>c\u00e9sped artificial en Sant Feliu de Gu\u00edxols<\/strong>, presentando una gran variedad de opciones de la m\u00e1xima calidad.<\/p>\n<p>[\/vc_column_text][vc_row_inner][vc_column_inner width=\u00bb1\/3&#8243;][\/vc_column_inner][vc_column_inner width=\u00bb1\/3&#8243;]<a\thref=\"https:\/\/naturcesped.com\/es\/contacto\/\" \n\t\t\t\tclass=\"button btn_large btn_theme_color btn_rounded btn_normal_style    \"  target='_self'><span>CONTACTA CON NOSOTROS<\/span><\/a>[\/vc_column_inner][vc_column_inner width=\u00bb1\/3&#8243;][\/vc_column_inner][\/vc_row_inner][vc_column_text]<\/p>\n<p style=\"text-align: justify;\">Si lo desea, puede comprar online el producto y hacer t\u00fa mismo la instalaci\u00f3n o bien confiar en el equipo especializado en <strong>c\u00e9sped artificial en Sant Feliu de Gu\u00edxols<\/strong> de Girovert. Podemos ocuparnos de llevar a cabo una instalaci\u00f3n personalizada y profesional, para conseguir los mejores resultados en el menor tiempo posible, a fin de que el cliente disfrute de todas las ventajas de este producto des del primer d\u00eda. Como expertos en el sector, estudiaremos el tipo de terreno en cuesti\u00f3n para saber exactamente qu\u00e9 necesidades presenta y dar, as\u00ed, con la mejor soluci\u00f3n en el momento de instalar un <strong>c\u00e9sped artificial en Sant Feliu de Gu\u00edxols <\/strong>a nuestros clientes.<\/p>\n<p style=\"text-align: justify;\">El c\u00e9sped artificial puede ser instalado en todo tipo de terrenos, independientemente el tipo de material que haya, de modo que puede ser una soluci\u00f3n ideal para cualquier tipo de espacio exterior. Suministramos de forma especializada c\u00e9sped artificial de gran calidad y con un gran realismo, para que el cliente pueda disfrutar de un producto duradero que aumente el poder est\u00e9tico de su jard\u00edn, patio o terraza, sin que tenga que perder tiempo en su mantenimiento.<\/p>\n<p style=\"text-align: justify;\">El cliente puede elegir entre diversos modelos, teniendo en cuenta el color, la textura y otro tipo de factores, escogiendo la opci\u00f3n que m\u00e1s encaje con sus necesidades en la secci\u00f3n de productos que se presenta en su p\u00e1gina web. Desde Naturcesped, verificamos el resultado del trabajo con el cliente, para que todo quede se cumplan sus expectativas y presentamos un servicio profesional de instalaci\u00f3n de <strong>c\u00e9sped artificial en Sant Feliu de Gu\u00edxols<\/strong> a medida, teniendo en cuenta todas las necesidades y preferencias de cada persona, y cumpliendo con los plazos de entrega y de instalaci\u00f3n pactado.<\/p>\n<p style=\"text-align: justify;\">En Naturcesped encontrar\u00e1s el mejor <strong>c\u00e9sped artificial en Sant Feliu de Gu\u00edxols<\/strong> del mercado, desde opciones pensadas para hacer proyectos de paisajismo y hasta c\u00e9sped deportivo. Para saber m\u00e1s, pedir asesoramiento o solicitar un presupuesto, puedes ponerte en contacto con nosotros y te ayudaremos en todo lo que sea necesario. En Naturcesped, encontrar\u00e1s especializaci\u00f3n y una cuidada atenci\u00f3n al cliente, para que dispongas de un producto hecho a medida de la m\u00e1xima calidad durante el mayor tiempo posible.<\/p>\n<p style=\"text-align: justify;\">\u00a1Consulta nuestra p\u00e1gina web y descubre todo lo que podemos ofrecerte!<\/p>\n<p>[\/vc_column_text][\/vc_column][vc_column width=\u00bb1\/3&#8243;][vc_column_text]<\/p>\n<h2 style=\"text-align: center;\">Cont\u00e1ctanos para m\u00e1s informaci\u00f3n<\/h2>\n<p>[\/vc_column_text]<div class=\"boc_divider_holder\"><div class=\"boc_divider  \"  style=\"margin-top: 20px;margin-bottom: 20px;height: 1px;background: #eeeeee;\"><\/div><\/div>\n<div class=\"wpcf7 no-js\" id=\"wpcf7-f202-o1\" lang=\"es-ES\" dir=\"ltr\" data-wpcf7-id=\"202\">\n<div class=\"screen-reader-response\"><p role=\"status\" aria-live=\"polite\" aria-atomic=\"true\"><\/p> <ul><\/ul><\/div>\n<form action=\"\/es\/wp-json\/wp\/v2\/pages\/952#wpcf7-f202-o1\" method=\"post\" class=\"wpcf7-form init\" aria-label=\"Formulario de contacto\" novalidate=\"novalidate\" data-status=\"init\">\n<fieldset class=\"hidden-fields-container\"><input type=\"hidden\" name=\"_wpcf7\" value=\"202\" \/><input type=\"hidden\" name=\"_wpcf7_version\" value=\"6.1.3\" \/><input type=\"hidden\" name=\"_wpcf7_locale\" value=\"es_ES\" \/><input type=\"hidden\" name=\"_wpcf7_unit_tag\" value=\"wpcf7-f202-o1\" \/><input type=\"hidden\" name=\"_wpcf7_container_post\" value=\"0\" \/><input type=\"hidden\" name=\"_wpcf7_posted_data_hash\" value=\"\" \/><input type=\"hidden\" name=\"_wpcf7_recaptcha_response\" value=\"\" \/>\n<\/fieldset>\n<p><label> Nombre y apellidos *<br \/>\n<span class=\"wpcf7-form-control-wrap\" data-name=\"your-name\"><input size=\"40\" maxlength=\"400\" class=\"wpcf7-form-control wpcf7-text wpcf7-validates-as-required\" aria-required=\"true\" aria-invalid=\"false\" value=\"\" type=\"text\" name=\"your-name\" \/><\/span> <\/label>\n<\/p>\n<p><label> Tel\u00e9fono *<br \/>\n<span class=\"wpcf7-form-control-wrap\" data-name=\"your-phone\"><input size=\"40\" maxlength=\"400\" class=\"wpcf7-form-control wpcf7-text wpcf7-validates-as-required\" aria-required=\"true\" aria-invalid=\"false\" value=\"\" type=\"text\" name=\"your-phone\" \/><\/span> <\/label>\n<\/p>\n<p><label> Correo electr\u00f3nico *<br \/>\n<span class=\"wpcf7-form-control-wrap\" data-name=\"your-email\"><input size=\"40\" maxlength=\"400\" class=\"wpcf7-form-control wpcf7-email wpcf7-validates-as-required wpcf7-text wpcf7-validates-as-email\" aria-required=\"true\" aria-invalid=\"false\" value=\"\" type=\"email\" name=\"your-email\" \/><\/span> <\/label>\n<\/p>\n<p><label> Municipio *<br \/>\n<span class=\"wpcf7-form-control-wrap\" data-name=\"your-town\"><input size=\"40\" maxlength=\"400\" class=\"wpcf7-form-control wpcf7-text wpcf7-validates-as-required\" aria-required=\"true\" aria-invalid=\"false\" value=\"\" type=\"text\" name=\"your-town\" \/><\/span> <\/label>\n<\/p>\n<p><label> Cantidad de m\u00b2<br \/>\n<span class=\"wpcf7-form-control-wrap\" data-name=\"your-meters\"><input size=\"40\" maxlength=\"400\" class=\"wpcf7-form-control wpcf7-text\" aria-invalid=\"false\" value=\"\" type=\"text\" name=\"your-meters\" \/><\/span> <\/label>\n<\/p>\n<p><label> Terreno actual *<br \/>\n<span class=\"wpcf7-form-control-wrap\" data-name=\"radio-509\"><span class=\"wpcf7-form-control wpcf7-radio\"><span class=\"wpcf7-list-item first\"><label><input type=\"radio\" name=\"radio-509\" value=\"Tierra\" checked=\"checked\" \/><span class=\"wpcf7-list-item-label\">Tierra<\/span><\/label><\/span><span class=\"wpcf7-list-item\"><label><input type=\"radio\" name=\"radio-509\" value=\"C\u00e9sped natural\" \/><span class=\"wpcf7-list-item-label\">C\u00e9sped natural<\/span><\/label><\/span><span class=\"wpcf7-list-item\"><label><input type=\"radio\" name=\"radio-509\" value=\"Pavimento\" \/><span class=\"wpcf7-list-item-label\">Pavimento<\/span><\/label><\/span><span class=\"wpcf7-list-item last\"><label><input type=\"radio\" name=\"radio-509\" value=\"C\u00e9sped artificial\" \/><span class=\"wpcf7-list-item-label\">C\u00e9sped artificial<\/span><\/label><\/span><\/span><\/span> <\/label>\n<\/p>\n<p><label> Mensaje *<br \/>\n<span class=\"wpcf7-form-control-wrap\" data-name=\"your-message\"><textarea cols=\"40\" rows=\"3\" maxlength=\"2000\" class=\"wpcf7-form-control wpcf7-textarea wpcf7-validates-as-required\" aria-required=\"true\" aria-invalid=\"false\" name=\"your-message\"><\/textarea><\/span> <\/label>\n<\/p>\n<p style=\"font-weight: lighter; font-size:12px;\">Informaci\u00f3n b\u00e1sica sobre el tratamiento de datos (Reglamento (UE) 2016\/679 y LO 3\/2018)<br \/>\nResponsable del tratamiento: Naturcesped C\u00e9sped Artificial, SL.\n<\/p>\n<p style=\"font-weight: lighter; font-size:12px;\">Finalidad: Ofrecer, prestar y facturar nuestros servicios y productos.\n<\/p>\n<p style=\"font-weight: lighter; font-size:12px;\">Legitimaci\u00f3n: Consentimiento del interesado.\n<\/p>\n<p style=\"font-weight: lighter; font-size:12px;\">Destinatarios: Los datos no se ceder\u00e1n a terceros, a menos que lo exija una ley o sea necesario para cumplir con la finalidad del tratamiento.\n<\/p>\n<p style=\"font-weight: lighter; font-size:12px;\">Derechos: Acceder, rectificar y suprimir datos, as\u00ed como el resto que se explican en la pol\u00edtica de protecci\u00f3n de datos.\n<\/p>\n<p style=\"font-weight: lighter; font-size:12px;\">M\u00e1s informaci\u00f3n en nuestra pol\u00edtica de protecci\u00f3n de datos.\n<\/p>\n<p><input class=\"wpcf7-form-control wpcf7-submit has-spinner\" type=\"submit\" value=\"Enviar\" \/>\n<\/p><div class=\"wpcf7-response-output\" aria-hidden=\"true\"><\/div>\n<\/form>\n<\/div>\n[\/vc_column][\/vc_row]<\/p>\n<\/div>","protected":false},"excerpt":{"rendered":"<p>[vc_row gap=\u00bb35&#8243;][vc_column width=\u00bb2\/3&#8243;][vc_single_image image=\u00bb424&#8243;][vc_column_text] Encuentra una atenci\u00f3n personalizada y especializada en Naturcesped y disfruta de un servicio hecho a medida, que te permitir\u00e1 mejorar la apariencia de tu jard\u00edn, piscina, patio o terraza con la instalaci\u00f3n de c\u00e9sped artificial en Sant Feliu de Gu\u00edxols. A diferencia de otras empresas del sector, ofrecemos 10 a\u00f1os de garant\u00eda en nuestros productos y<\/p>\n<div class=\"h10\"><\/div>\n<p><a class=\"more-link1\" href=\"https:\/\/naturcesped.com\/es\/cesped-artificial-sant-feliu-de-guixols\/\">Read more<\/a><\/p>\n","protected":false},"author":1,"featured_media":0,"parent":0,"menu_order":0,"comment_status":"closed","ping_status":"closed","template":"","meta":{"footnotes":""},"class_list":["post-952","page","type-page","status-publish","hentry"],"yoast_head":"<!-- This site is optimized with the Yoast SEO plugin v26.3 - https:\/\/yoast.com\/wordpress\/plugins\/seo\/ -->\n<title>C\u00e9sped artificial Sant Feliu de Gu\u00edxols - Naturcesped<\/title>\n<meta name=\"description\" content=\"Conoce todos los modelos de c\u00e9sped artificial que ofrecemos. Alta calidad y un aspecto muy natural, diferentes tonos de verde, descubre nuestro cat\u00e1logo.\" \/>\n<meta name=\"robots\" content=\"index, follow, max-snippet:-1, max-image-preview:large, max-video-preview:-1\" \/>\n<link rel=\"canonical\" href=\"https:\/\/naturcesped.com\/es\/cesped-artificial-sant-feliu-de-guixols\/\" \/>\n<meta property=\"og:locale\" content=\"es_ES\" \/>\n<meta property=\"og:type\" content=\"article\" \/>\n<meta property=\"og:title\" content=\"C\u00e9sped artificial Sant Feliu de Gu\u00edxols - Naturcesped\" \/>\n<meta property=\"og:description\" content=\"Conoce todos los modelos de c\u00e9sped artificial que ofrecemos. Alta calidad y un aspecto muy natural, diferentes tonos de verde, descubre nuestro cat\u00e1logo.\" \/>\n<meta property=\"og:url\" content=\"https:\/\/naturcesped.com\/es\/cesped-artificial-sant-feliu-de-guixols\/\" \/>\n<meta property=\"og:site_name\" content=\"NaturC\u00e9sped\" \/>\n<meta property=\"article:modified_time\" content=\"2023-12-20T09:31:44+00:00\" \/>\n<meta name=\"twitter:card\" content=\"summary_large_image\" \/>\n<meta name=\"twitter:label1\" content=\"Tiempo de lectura\" \/>\n\t<meta name=\"twitter:data1\" content=\"3 minutos\" \/>\n<script type=\"application\/ld+json\" class=\"yoast-schema-graph\">{\"@context\":\"https:\/\/schema.org\",\"@graph\":[{\"@type\":\"WebPage\",\"@id\":\"https:\/\/naturcesped.com\/es\/cesped-artificial-sant-feliu-de-guixols\/\",\"url\":\"https:\/\/naturcesped.com\/es\/cesped-artificial-sant-feliu-de-guixols\/\",\"name\":\"C\u00e9sped artificial Sant Feliu de Gu\u00edxols - Naturcesped\",\"isPartOf\":{\"@id\":\"https:\/\/naturcesped.com\/es\/#website\"},\"datePublished\":\"2022-10-10T11:40:30+00:00\",\"dateModified\":\"2023-12-20T09:31:44+00:00\",\"description\":\"Conoce todos los modelos de c\u00e9sped artificial que ofrecemos. Alta calidad y un aspecto muy natural, diferentes tonos de verde, descubre nuestro cat\u00e1logo.\",\"breadcrumb\":{\"@id\":\"https:\/\/naturcesped.com\/es\/cesped-artificial-sant-feliu-de-guixols\/#breadcrumb\"},\"inLanguage\":\"es\",\"potentialAction\":[{\"@type\":\"ReadAction\",\"target\":[\"https:\/\/naturcesped.com\/es\/cesped-artificial-sant-feliu-de-guixols\/\"]}]},{\"@type\":\"BreadcrumbList\",\"@id\":\"https:\/\/naturcesped.com\/es\/cesped-artificial-sant-feliu-de-guixols\/#breadcrumb\",\"itemListElement\":[{\"@type\":\"ListItem\",\"position\":1,\"name\":\"Portada\",\"item\":\"https:\/\/naturcesped.com\/es\/\"},{\"@type\":\"ListItem\",\"position\":2,\"name\":\"C\u00e9sped artificial Sant Feliu de Gu\u00edxols\"}]},{\"@type\":\"WebSite\",\"@id\":\"https:\/\/naturcesped.com\/es\/#website\",\"url\":\"https:\/\/naturcesped.com\/es\/\",\"name\":\"NaturC\u00e9sped\",\"description\":\"C\u00e9sped artificial en Girona\",\"potentialAction\":[{\"@type\":\"SearchAction\",\"target\":{\"@type\":\"EntryPoint\",\"urlTemplate\":\"https:\/\/naturcesped.com\/es\/?s={search_term_string}\"},\"query-input\":{\"@type\":\"PropertyValueSpecification\",\"valueRequired\":true,\"valueName\":\"search_term_string\"}}],\"inLanguage\":\"es\"}]}<\/script>\n<!-- \/ Yoast SEO plugin. -->","yoast_head_json":{"title":"C\u00e9sped artificial Sant Feliu de Gu\u00edxols - Naturcesped","description":"Conoce todos los modelos de c\u00e9sped artificial que ofrecemos. Alta calidad y un aspecto muy natural, diferentes tonos de verde, descubre nuestro cat\u00e1logo.","robots":{"index":"index","follow":"follow","max-snippet":"max-snippet:-1","max-image-preview":"max-image-preview:large","max-video-preview":"max-video-preview:-1"},"canonical":"https:\/\/naturcesped.com\/es\/cesped-artificial-sant-feliu-de-guixols\/","og_locale":"es_ES","og_type":"article","og_title":"C\u00e9sped artificial Sant Feliu de Gu\u00edxols - Naturcesped","og_description":"Conoce todos los modelos de c\u00e9sped artificial que ofrecemos. Alta calidad y un aspecto muy natural, diferentes tonos de verde, descubre nuestro cat\u00e1logo.","og_url":"https:\/\/naturcesped.com\/es\/cesped-artificial-sant-feliu-de-guixols\/","og_site_name":"NaturC\u00e9sped","article_modified_time":"2023-12-20T09:31:44+00:00","twitter_card":"summary_large_image","twitter_misc":{"Tiempo de lectura":"3 minutos"},"schema":{"@context":"https:\/\/schema.org","@graph":[{"@type":"WebPage","@id":"https:\/\/naturcesped.com\/es\/cesped-artificial-sant-feliu-de-guixols\/","url":"https:\/\/naturcesped.com\/es\/cesped-artificial-sant-feliu-de-guixols\/","name":"C\u00e9sped artificial Sant Feliu de Gu\u00edxols - Naturcesped","isPartOf":{"@id":"https:\/\/naturcesped.com\/es\/#website"},"datePublished":"2022-10-10T11:40:30+00:00","dateModified":"2023-12-20T09:31:44+00:00","description":"Conoce todos los modelos de c\u00e9sped artificial que ofrecemos. Alta calidad y un aspecto muy natural, diferentes tonos de verde, descubre nuestro cat\u00e1logo.","breadcrumb":{"@id":"https:\/\/naturcesped.com\/es\/cesped-artificial-sant-feliu-de-guixols\/#breadcrumb"},"inLanguage":"es","potentialAction":[{"@type":"ReadAction","target":["https:\/\/naturcesped.com\/es\/cesped-artificial-sant-feliu-de-guixols\/"]}]},{"@type":"BreadcrumbList","@id":"https:\/\/naturcesped.com\/es\/cesped-artificial-sant-feliu-de-guixols\/#breadcrumb","itemListElement":[{"@type":"ListItem","position":1,"name":"Portada","item":"https:\/\/naturcesped.com\/es\/"},{"@type":"ListItem","position":2,"name":"C\u00e9sped artificial Sant Feliu de Gu\u00edxols"}]},{"@type":"WebSite","@id":"https:\/\/naturcesped.com\/es\/#website","url":"https:\/\/naturcesped.com\/es\/","name":"NaturC\u00e9sped","description":"C\u00e9sped artificial en Girona","potentialAction":[{"@type":"SearchAction","target":{"@type":"EntryPoint","urlTemplate":"https:\/\/naturcesped.com\/es\/?s={search_term_string}"},"query-input":{"@type":"PropertyValueSpecification","valueRequired":true,"valueName":"search_term_string"}}],"inLanguage":"es"}]}},"_links":{"self":[{"href":"https:\/\/naturcesped.com\/es\/wp-json\/wp\/v2\/pages\/952","targetHints":{"allow":["GET"]}}],"collection":[{"href":"https:\/\/naturcesped.com\/es\/wp-json\/wp\/v2\/pages"}],"about":[{"href":"https:\/\/naturcesped.com\/es\/wp-json\/wp\/v2\/types\/page"}],"author":[{"embeddable":true,"href":"https:\/\/naturcesped.com\/es\/wp-json\/wp\/v2\/users\/1"}],"replies":[{"embeddable":true,"href":"https:\/\/naturcesped.com\/es\/wp-json\/wp\/v2\/comments?post=952"}],"version-history":[{"count":0,"href":"https:\/\/naturcesped.com\/es\/wp-json\/wp\/v2\/pages\/952\/revisions"}],"wp:attachment":[{"href":"https:\/\/naturcesped.com\/es\/wp-json\/wp\/v2\/media?parent=952"}],"curies":[{"name":"wp","href":"https:\/\/api.w.org\/{rel}","templated":true}]}}