{"id":946,"date":"2022-10-07T08:30:36","date_gmt":"2022-10-07T08:30:36","guid":{"rendered":"https:\/\/naturcesped.com\/?page_id=946"},"modified":"2023-12-20T09:29:30","modified_gmt":"2023-12-20T09:29:30","slug":"cesped-artificial-sant-cugat","status":"publish","type":"page","link":"https:\/\/naturcesped.com\/es\/cesped-artificial-sant-cugat\/","title":{"rendered":"C\u00e9sped artificial Sant Cugat"},"content":{"rendered":"<div class=\"wpb-content-wrapper\"><p>[vc_row gap=\u00bb35&#8243;][vc_column width=\u00bb2\/3&#8243;][vc_single_image image=\u00bb424&#8243;][vc_column_text]<\/p>\n<p style=\"text-align: justify;\">En Naturcesped somos especialistas en la instalaci\u00f3n de <strong>c\u00e9sped artificial en Sant Cugat<\/strong>, tanto para particulares como para empresas. Presentamos una amplia gama de opciones, todas ellas de alta calidad y con 10 a\u00f1os de garant\u00eda, para que el cliente elija la opci\u00f3n que m\u00e1s se adapte a sus necesidades y a las del terreno en cuesti\u00f3n.<\/p>\n<p style=\"text-align: justify;\">En Naturcesped vas a disponer de un c\u00e9sped artificial con gran realismo y respetuoso con el medio ambiente, el cual podr\u00e1s comprar en nuestra tienda online e instalar t\u00fa mismo o bien disponer de nuestro servicio de instalaci\u00f3n especializado. Hacemos proyectos a medida y ponemos a tu disposici\u00f3n todo tipo de modelos de <strong>c\u00e9sped artificial en Sant Cugat<\/strong>, con una relaci\u00f3n calidad precio inmejorable.<\/p>\n<p>\u00a0[\/vc_column_text][vc_row_inner][vc_column_inner width=\u00bb1\/3&#8243;][\/vc_column_inner][vc_column_inner width=\u00bb1\/3&#8243;]<a\thref=\"https:\/\/naturcesped.com\/es\/contacto\/\" \n\t\t\t\tclass=\"button btn_large btn_theme_color btn_rounded btn_normal_style    \"  target='_self'><span>CONTACTA CON NOSOTROS<\/span><\/a>[\/vc_column_inner][vc_column_inner width=\u00bb1\/3&#8243;][\/vc_column_inner][\/vc_row_inner][vc_column_text]<\/p>\n<p style=\"text-align: justify;\">Es c\u00e9sped con tacto muy suave y agradable, convirti\u00e9ndose en una opci\u00f3n perfecta para el contacto con la piel y teniendo una gran capacidad de recuperaci\u00f3n de la pisada. Consigue unos acabados realistas, bonitos, funcionales y suaves, con la instalaci\u00f3n de nuestro <strong>c\u00e9sped artificial en Sant Cugat<\/strong> y disfruta de sus ventajas. Ahorro econ\u00f3mico, gran durabilidad, resistencia, adaptabilidad\u2026 Conseguir\u00e1s ahorrar dinero y ganar\u00e1s tiempo, porque no tendr\u00e1s que hacer pr\u00e1cticamente ning\u00fan mantenimiento.<\/p>\n<p style=\"text-align: justify;\">Desde Naturcesped, creamos proyectos a medida para cualquier espacio exterior con servicio de instalaci\u00f3n profesional. Puedes acceder a nuestra tienda online y comprar tu c\u00e9sped artificial, eligiendo entre modelos de alta calidad y, si quieres, hacer una auto instalaci\u00f3n o bien, confiar en nuestro equipo para asegurarte de que el resultado sea el mejor posible. Si quieres que nos ocupemos de la instalaci\u00f3n, podr\u00e1s tener tu c\u00e9sped disponible en un plazo de dos semanas, como m\u00e1ximo, y siempre verificamos el resultado.<\/p>\n<p style=\"text-align: justify;\">Dentro del <strong>c\u00e9sped artificial en Sant Cugat<\/strong>, en Naturcesped te ofrecemos distintas posibilidades: c\u00e9sped deportivo, c\u00e9sped de colores o un servicio especializado de paisajismo. En nuestra p\u00e1gina web descubrir\u00e1s todo lo que podemos ofrecerte y ver\u00e1s, en fotograf\u00edas, muchos de los proyectos que hemos llevado a cabo. Una galer\u00eda de fotos para que compruebes el excelente resultado que hemos obtenido al instalar el <strong>c\u00e9sped artificial en Sant Cugat<\/strong>. En Naturcesped tambi\u00e9n podemos ocuparnos de ofrecerte otro tipo de productos que combinar\u00e1n a la perfecci\u00f3n con el c\u00e9sped artificial, como la tarima o la valla sint\u00e9tica.<\/p>\n<p style=\"text-align: justify;\">Ponte en contacto con nosotros y te asesoraremos para que escojas el mejor <strong>c\u00e9sped artificial en Sant Cugat<\/strong>, el cual puede instalarse en todo tipo de zonas exteriores, desde jardines, jardines con piscina, terrazas, patios\u2026 Para pedir presupuesto, puedes hacerlo rellenando el formulario de nuestra p\u00e1gina web con tus datos de contacto y tambi\u00e9n habl\u00e1ndonos de tu terreno actual, para valorar las necesidades que presenta el terreno y estudiar la opci\u00f3n m\u00e1s adecuada, antes de proceder a la instalaci\u00f3n de <strong>c\u00e9sped artificial en Sant Cugat<\/strong>.<\/p>\n<p>[\/vc_column_text][\/vc_column][vc_column width=\u00bb1\/3&#8243;][vc_column_text]<\/p>\n<h2 style=\"text-align: center;\">Cont\u00e1ctanos para m\u00e1s informaci\u00f3n<\/h2>\n<p>[\/vc_column_text]<div class=\"boc_divider_holder\"><div class=\"boc_divider  \"  style=\"margin-top: 20px;margin-bottom: 20px;height: 1px;background: #eeeeee;\"><\/div><\/div>\n<div class=\"wpcf7 no-js\" id=\"wpcf7-f202-o1\" lang=\"es-ES\" dir=\"ltr\" data-wpcf7-id=\"202\">\n<div class=\"screen-reader-response\"><p role=\"status\" aria-live=\"polite\" aria-atomic=\"true\"><\/p> <ul><\/ul><\/div>\n<form action=\"\/es\/wp-json\/wp\/v2\/pages\/946#wpcf7-f202-o1\" method=\"post\" class=\"wpcf7-form init\" aria-label=\"Formulario de contacto\" novalidate=\"novalidate\" data-status=\"init\">\n<fieldset class=\"hidden-fields-container\"><input type=\"hidden\" name=\"_wpcf7\" value=\"202\" \/><input type=\"hidden\" name=\"_wpcf7_version\" value=\"6.1.3\" \/><input type=\"hidden\" name=\"_wpcf7_locale\" value=\"es_ES\" \/><input type=\"hidden\" name=\"_wpcf7_unit_tag\" value=\"wpcf7-f202-o1\" \/><input type=\"hidden\" name=\"_wpcf7_container_post\" value=\"0\" \/><input type=\"hidden\" name=\"_wpcf7_posted_data_hash\" value=\"\" \/><input type=\"hidden\" name=\"_wpcf7_recaptcha_response\" value=\"\" \/>\n<\/fieldset>\n<p><label> Nombre y apellidos *<br \/>\n<span class=\"wpcf7-form-control-wrap\" data-name=\"your-name\"><input size=\"40\" maxlength=\"400\" class=\"wpcf7-form-control wpcf7-text wpcf7-validates-as-required\" aria-required=\"true\" aria-invalid=\"false\" value=\"\" type=\"text\" name=\"your-name\" \/><\/span> <\/label>\n<\/p>\n<p><label> Tel\u00e9fono *<br \/>\n<span class=\"wpcf7-form-control-wrap\" data-name=\"your-phone\"><input size=\"40\" maxlength=\"400\" class=\"wpcf7-form-control wpcf7-text wpcf7-validates-as-required\" aria-required=\"true\" aria-invalid=\"false\" value=\"\" type=\"text\" name=\"your-phone\" \/><\/span> <\/label>\n<\/p>\n<p><label> Correo electr\u00f3nico *<br \/>\n<span class=\"wpcf7-form-control-wrap\" data-name=\"your-email\"><input size=\"40\" maxlength=\"400\" class=\"wpcf7-form-control wpcf7-email wpcf7-validates-as-required wpcf7-text wpcf7-validates-as-email\" aria-required=\"true\" aria-invalid=\"false\" value=\"\" type=\"email\" name=\"your-email\" \/><\/span> <\/label>\n<\/p>\n<p><label> Municipio *<br \/>\n<span class=\"wpcf7-form-control-wrap\" data-name=\"your-town\"><input size=\"40\" maxlength=\"400\" class=\"wpcf7-form-control wpcf7-text wpcf7-validates-as-required\" aria-required=\"true\" aria-invalid=\"false\" value=\"\" type=\"text\" name=\"your-town\" \/><\/span> <\/label>\n<\/p>\n<p><label> Cantidad de m\u00b2<br \/>\n<span class=\"wpcf7-form-control-wrap\" data-name=\"your-meters\"><input size=\"40\" maxlength=\"400\" class=\"wpcf7-form-control wpcf7-text\" aria-invalid=\"false\" value=\"\" type=\"text\" name=\"your-meters\" \/><\/span> <\/label>\n<\/p>\n<p><label> Terreno actual *<br \/>\n<span class=\"wpcf7-form-control-wrap\" data-name=\"radio-509\"><span class=\"wpcf7-form-control wpcf7-radio\"><span class=\"wpcf7-list-item first\"><label><input type=\"radio\" name=\"radio-509\" value=\"Tierra\" checked=\"checked\" \/><span class=\"wpcf7-list-item-label\">Tierra<\/span><\/label><\/span><span class=\"wpcf7-list-item\"><label><input type=\"radio\" name=\"radio-509\" value=\"C\u00e9sped natural\" \/><span class=\"wpcf7-list-item-label\">C\u00e9sped natural<\/span><\/label><\/span><span class=\"wpcf7-list-item\"><label><input type=\"radio\" name=\"radio-509\" value=\"Pavimento\" \/><span class=\"wpcf7-list-item-label\">Pavimento<\/span><\/label><\/span><span class=\"wpcf7-list-item last\"><label><input type=\"radio\" name=\"radio-509\" value=\"C\u00e9sped artificial\" \/><span class=\"wpcf7-list-item-label\">C\u00e9sped artificial<\/span><\/label><\/span><\/span><\/span> <\/label>\n<\/p>\n<p><label> Mensaje *<br \/>\n<span class=\"wpcf7-form-control-wrap\" data-name=\"your-message\"><textarea cols=\"40\" rows=\"3\" maxlength=\"2000\" class=\"wpcf7-form-control wpcf7-textarea wpcf7-validates-as-required\" aria-required=\"true\" aria-invalid=\"false\" name=\"your-message\"><\/textarea><\/span> <\/label>\n<\/p>\n<p style=\"font-weight: lighter; font-size:12px;\">Informaci\u00f3n b\u00e1sica sobre el tratamiento de datos (Reglamento (UE) 2016\/679 y LO 3\/2018)<br \/>\nResponsable del tratamiento: Naturcesped C\u00e9sped Artificial, SL.\n<\/p>\n<p style=\"font-weight: lighter; font-size:12px;\">Finalidad: Ofrecer, prestar y facturar nuestros servicios y productos.\n<\/p>\n<p style=\"font-weight: lighter; font-size:12px;\">Legitimaci\u00f3n: Consentimiento del interesado.\n<\/p>\n<p style=\"font-weight: lighter; font-size:12px;\">Destinatarios: Los datos no se ceder\u00e1n a terceros, a menos que lo exija una ley o sea necesario para cumplir con la finalidad del tratamiento.\n<\/p>\n<p style=\"font-weight: lighter; font-size:12px;\">Derechos: Acceder, rectificar y suprimir datos, as\u00ed como el resto que se explican en la pol\u00edtica de protecci\u00f3n de datos.\n<\/p>\n<p style=\"font-weight: lighter; font-size:12px;\">M\u00e1s informaci\u00f3n en nuestra pol\u00edtica de protecci\u00f3n de datos.\n<\/p>\n<p><input class=\"wpcf7-form-control wpcf7-submit has-spinner\" type=\"submit\" value=\"Enviar\" \/>\n<\/p><div class=\"wpcf7-response-output\" aria-hidden=\"true\"><\/div>\n<\/form>\n<\/div>\n[\/vc_column][\/vc_row]<\/p>\n<\/div>","protected":false},"excerpt":{"rendered":"<p>[vc_row gap=\u00bb35&#8243;][vc_column width=\u00bb2\/3&#8243;][vc_single_image image=\u00bb424&#8243;][vc_column_text] En Naturcesped somos especialistas en la instalaci\u00f3n de c\u00e9sped artificial en Sant Cugat, tanto para particulares como para empresas. Presentamos una amplia gama de opciones, todas ellas de alta calidad y con 10 a\u00f1os de garant\u00eda, para que el cliente elija la opci\u00f3n que m\u00e1s se adapte a sus necesidades y a las del terreno en<\/p>\n<div class=\"h10\"><\/div>\n<p><a class=\"more-link1\" href=\"https:\/\/naturcesped.com\/es\/cesped-artificial-sant-cugat\/\">Read more<\/a><\/p>\n","protected":false},"author":1,"featured_media":0,"parent":0,"menu_order":0,"comment_status":"closed","ping_status":"closed","template":"","meta":{"footnotes":""},"class_list":["post-946","page","type-page","status-publish","hentry"],"yoast_head":"<!-- This site is optimized with the Yoast SEO plugin v26.3 - https:\/\/yoast.com\/wordpress\/plugins\/seo\/ -->\n<title>C\u00e9sped artificial Sant Cugat - Naturcesped<\/title>\n<meta name=\"description\" content=\"Descubre todos los modelos de c\u00e9sped artificial que tenemos en Naturcesped, c\u00e9sped artificial de alta calidad con aspecto natural, diferentes tonalidades de verde. Descubre m\u00e1s\u2026\" \/>\n<meta name=\"robots\" content=\"index, follow, max-snippet:-1, max-image-preview:large, max-video-preview:-1\" \/>\n<link rel=\"canonical\" href=\"https:\/\/naturcesped.com\/es\/cesped-artificial-sant-cugat\/\" \/>\n<meta property=\"og:locale\" content=\"es_ES\" \/>\n<meta property=\"og:type\" content=\"article\" \/>\n<meta property=\"og:title\" content=\"C\u00e9sped artificial Sant Cugat - Naturcesped\" \/>\n<meta property=\"og:description\" content=\"Descubre todos los modelos de c\u00e9sped artificial que tenemos en Naturcesped, c\u00e9sped artificial de alta calidad con aspecto natural, diferentes tonalidades de verde. Descubre m\u00e1s\u2026\" \/>\n<meta property=\"og:url\" content=\"https:\/\/naturcesped.com\/es\/cesped-artificial-sant-cugat\/\" \/>\n<meta property=\"og:site_name\" content=\"NaturC\u00e9sped\" \/>\n<meta property=\"article:modified_time\" content=\"2023-12-20T09:29:30+00:00\" \/>\n<meta name=\"twitter:card\" content=\"summary_large_image\" \/>\n<meta name=\"twitter:label1\" content=\"Tiempo de lectura\" \/>\n\t<meta name=\"twitter:data1\" content=\"3 minutos\" \/>\n<script type=\"application\/ld+json\" class=\"yoast-schema-graph\">{\"@context\":\"https:\/\/schema.org\",\"@graph\":[{\"@type\":\"WebPage\",\"@id\":\"https:\/\/naturcesped.com\/es\/cesped-artificial-sant-cugat\/\",\"url\":\"https:\/\/naturcesped.com\/es\/cesped-artificial-sant-cugat\/\",\"name\":\"C\u00e9sped artificial Sant Cugat - Naturcesped\",\"isPartOf\":{\"@id\":\"https:\/\/naturcesped.com\/es\/#website\"},\"datePublished\":\"2022-10-07T08:30:36+00:00\",\"dateModified\":\"2023-12-20T09:29:30+00:00\",\"description\":\"Descubre todos los modelos de c\u00e9sped artificial que tenemos en Naturcesped, c\u00e9sped artificial de alta calidad con aspecto natural, diferentes tonalidades de verde. Descubre m\u00e1s\u2026\",\"breadcrumb\":{\"@id\":\"https:\/\/naturcesped.com\/es\/cesped-artificial-sant-cugat\/#breadcrumb\"},\"inLanguage\":\"es\",\"potentialAction\":[{\"@type\":\"ReadAction\",\"target\":[\"https:\/\/naturcesped.com\/es\/cesped-artificial-sant-cugat\/\"]}]},{\"@type\":\"BreadcrumbList\",\"@id\":\"https:\/\/naturcesped.com\/es\/cesped-artificial-sant-cugat\/#breadcrumb\",\"itemListElement\":[{\"@type\":\"ListItem\",\"position\":1,\"name\":\"Portada\",\"item\":\"https:\/\/naturcesped.com\/es\/\"},{\"@type\":\"ListItem\",\"position\":2,\"name\":\"C\u00e9sped artificial Sant Cugat\"}]},{\"@type\":\"WebSite\",\"@id\":\"https:\/\/naturcesped.com\/es\/#website\",\"url\":\"https:\/\/naturcesped.com\/es\/\",\"name\":\"NaturC\u00e9sped\",\"description\":\"C\u00e9sped artificial en Girona\",\"potentialAction\":[{\"@type\":\"SearchAction\",\"target\":{\"@type\":\"EntryPoint\",\"urlTemplate\":\"https:\/\/naturcesped.com\/es\/?s={search_term_string}\"},\"query-input\":{\"@type\":\"PropertyValueSpecification\",\"valueRequired\":true,\"valueName\":\"search_term_string\"}}],\"inLanguage\":\"es\"}]}<\/script>\n<!-- \/ Yoast SEO plugin. -->","yoast_head_json":{"title":"C\u00e9sped artificial Sant Cugat - Naturcesped","description":"Descubre todos los modelos de c\u00e9sped artificial que tenemos en Naturcesped, c\u00e9sped artificial de alta calidad con aspecto natural, diferentes tonalidades de verde. Descubre m\u00e1s\u2026","robots":{"index":"index","follow":"follow","max-snippet":"max-snippet:-1","max-image-preview":"max-image-preview:large","max-video-preview":"max-video-preview:-1"},"canonical":"https:\/\/naturcesped.com\/es\/cesped-artificial-sant-cugat\/","og_locale":"es_ES","og_type":"article","og_title":"C\u00e9sped artificial Sant Cugat - Naturcesped","og_description":"Descubre todos los modelos de c\u00e9sped artificial que tenemos en Naturcesped, c\u00e9sped artificial de alta calidad con aspecto natural, diferentes tonalidades de verde. Descubre m\u00e1s\u2026","og_url":"https:\/\/naturcesped.com\/es\/cesped-artificial-sant-cugat\/","og_site_name":"NaturC\u00e9sped","article_modified_time":"2023-12-20T09:29:30+00:00","twitter_card":"summary_large_image","twitter_misc":{"Tiempo de lectura":"3 minutos"},"schema":{"@context":"https:\/\/schema.org","@graph":[{"@type":"WebPage","@id":"https:\/\/naturcesped.com\/es\/cesped-artificial-sant-cugat\/","url":"https:\/\/naturcesped.com\/es\/cesped-artificial-sant-cugat\/","name":"C\u00e9sped artificial Sant Cugat - Naturcesped","isPartOf":{"@id":"https:\/\/naturcesped.com\/es\/#website"},"datePublished":"2022-10-07T08:30:36+00:00","dateModified":"2023-12-20T09:29:30+00:00","description":"Descubre todos los modelos de c\u00e9sped artificial que tenemos en Naturcesped, c\u00e9sped artificial de alta calidad con aspecto natural, diferentes tonalidades de verde. Descubre m\u00e1s\u2026","breadcrumb":{"@id":"https:\/\/naturcesped.com\/es\/cesped-artificial-sant-cugat\/#breadcrumb"},"inLanguage":"es","potentialAction":[{"@type":"ReadAction","target":["https:\/\/naturcesped.com\/es\/cesped-artificial-sant-cugat\/"]}]},{"@type":"BreadcrumbList","@id":"https:\/\/naturcesped.com\/es\/cesped-artificial-sant-cugat\/#breadcrumb","itemListElement":[{"@type":"ListItem","position":1,"name":"Portada","item":"https:\/\/naturcesped.com\/es\/"},{"@type":"ListItem","position":2,"name":"C\u00e9sped artificial Sant Cugat"}]},{"@type":"WebSite","@id":"https:\/\/naturcesped.com\/es\/#website","url":"https:\/\/naturcesped.com\/es\/","name":"NaturC\u00e9sped","description":"C\u00e9sped artificial en Girona","potentialAction":[{"@type":"SearchAction","target":{"@type":"EntryPoint","urlTemplate":"https:\/\/naturcesped.com\/es\/?s={search_term_string}"},"query-input":{"@type":"PropertyValueSpecification","valueRequired":true,"valueName":"search_term_string"}}],"inLanguage":"es"}]}},"_links":{"self":[{"href":"https:\/\/naturcesped.com\/es\/wp-json\/wp\/v2\/pages\/946","targetHints":{"allow":["GET"]}}],"collection":[{"href":"https:\/\/naturcesped.com\/es\/wp-json\/wp\/v2\/pages"}],"about":[{"href":"https:\/\/naturcesped.com\/es\/wp-json\/wp\/v2\/types\/page"}],"author":[{"embeddable":true,"href":"https:\/\/naturcesped.com\/es\/wp-json\/wp\/v2\/users\/1"}],"replies":[{"embeddable":true,"href":"https:\/\/naturcesped.com\/es\/wp-json\/wp\/v2\/comments?post=946"}],"version-history":[{"count":0,"href":"https:\/\/naturcesped.com\/es\/wp-json\/wp\/v2\/pages\/946\/revisions"}],"wp:attachment":[{"href":"https:\/\/naturcesped.com\/es\/wp-json\/wp\/v2\/media?parent=946"}],"curies":[{"name":"wp","href":"https:\/\/api.w.org\/{rel}","templated":true}]}}