{"id":944,"date":"2022-10-07T08:29:54","date_gmt":"2022-10-07T08:29:54","guid":{"rendered":"https:\/\/naturcesped.com\/?page_id=944"},"modified":"2023-12-20T08:23:24","modified_gmt":"2023-12-20T08:23:24","slug":"cesped-artificial-barcelona","status":"publish","type":"page","link":"https:\/\/naturcesped.com\/es\/cesped-artificial-barcelona\/","title":{"rendered":"C\u00e9sped artificial Barcelona"},"content":{"rendered":"<div class=\"wpb-content-wrapper\"><p>[vc_row gap=\u00bb35&#8243;][vc_column width=\u00bb2\/3&#8243;][vc_single_image image=\u00bb424&#8243;][vc_column_text]<\/p>\n<p style=\"text-align: justify;\">Descubre una de las empresas referentes en la instalaci\u00f3n de <strong>c\u00e9sped artificial en Barcelona<\/strong> con Naturcesped. Con nosotros, encontrar\u00e1s una opci\u00f3n a medida para disfrutar de todas las ventajas de un c\u00e9sped artificial de m\u00e1xima calidad.<\/p>\n<p style=\"text-align: justify;\">En nuestra tienda online podr\u00e1s elegir entre varios modelos posibles, siendo todos ellos de m\u00e1xima calidad y presentando una larga vida \u00fatil. De hecho, te ofrecemos hasta 10 a\u00f1os de garant\u00eda en cada uno de nuestros productos y podr\u00e1s elegir la opci\u00f3n que m\u00e1s se adapte a tus necesidades. Como expertos en la materia, podremos ayudarte y asesorarte para dar, siempre, con la mejor opci\u00f3n.<\/p>\n<p style=\"text-align: justify;\">Encuentra el mayor confort en la pisada, la suavidad al tacto y la sensaci\u00f3n de realismo en tu c\u00e9sped artificial con Naturcesped. Puedes escoger entre seis modelos distintos, conociendo cada una de las ventajas t\u00e9cnicas que presentan cada uno de ellos, eligiendo entre diferentes dise\u00f1os, gama de colores, formas y durezas. En Naturcesped encontrar\u00e1s un <strong>c\u00e9sped artificial en Barcelona<\/strong> de gran calidad y hacemos proyectos a medida, mejorando la est\u00e9tica de cualquier entorno exterior y aportando una mayor funcionalidad, ahorro econ\u00f3mico y ahorro de tiempo al usuario. El c\u00e9sped artificial puede instalarse f\u00e1cilmente en todo tipo de espacios exteriores, como el contorno de piscinas, jardines, terrazas, patios\u2026<\/p>\n<p>[\/vc_column_text][vc_row_inner][vc_column_inner width=\u00bb1\/3&#8243;][\/vc_column_inner][vc_column_inner width=\u00bb1\/3&#8243;]<a\thref=\"https:\/\/naturcesped.com\/es\/contacto\/\" \n\t\t\t\tclass=\"button btn_large btn_theme_color btn_rounded btn_normal_style    \"  target='_self'><span>CONTACTA CON NOSOTROS<\/span><\/a>[\/vc_column_inner][vc_column_inner width=\u00bb1\/3&#8243;][\/vc_column_inner][\/vc_row_inner][vc_column_text]<\/p>\n<p style=\"text-align: justify;\">Gracias a los acabados est\u00e9ticos y t\u00e1ctiles que presenta nuestro <strong>c\u00e9sped artificial en Barcelona<\/strong>, se consigue un mayor realismo. En Naturcesped, encontrar\u00e1s un c\u00e9sped suave al tacto, mullido y que se adapta a la perfecci\u00f3n en todo tipo de espacios. En nuestra p\u00e1gina web podr\u00e1s ver fotograf\u00edas de proyectos reales de nuestros clientes y tambi\u00e9n conocer todas las ventajas que puede aportarte la instalaci\u00f3n de <strong>c\u00e9sped artificial en Barcelona<\/strong>, ya que se trata de una opci\u00f3n duradera y sostenible. No ensucia, no necesita mantenimiento y presenta siempre un aspecto inmejorable, teniendo tu jard\u00edn completamente verde.<\/p>\n<p style=\"text-align: justify;\">En Naturcesped tambi\u00e9n encontrar\u00e1s un trato cercano y especializado, para mejorar la apariencia de tu espacio exterior, ya que tambi\u00e9n ofrecemos la instalaci\u00f3n de vallas y tarimas. Si quieres saber m\u00e1s sobre el <strong>c\u00e9sped artificial en Barcelona<\/strong>, puedes ponerte en contacto con nosotros a trav\u00e9s de nuestra p\u00e1gina web.<\/p>\n<p style=\"text-align: justify;\">Somos especialistas en la instalaci\u00f3n de c\u00e9sped artificial para empresas y para clientes particulares y, en menos de 48 horas, desde Naturcesped creamos un presupuesto personalizado y sin compromiso, acorde a tus necesidades y a las de tu terreno. Si quieres, podemos llevar a cabo una instalaci\u00f3n profesional del <strong>c\u00e9sped artificial en Barcelona<\/strong>.<\/p>\n<p style=\"text-align: justify;\">Rellena los campos del formulario web y h\u00e1blanos de tus necesidades y del tipo de terreno que tienes; si es de tierra, de c\u00e9sped natural, de c\u00e9sped artificial o es pavimento\u2026 De esta forma, crearemos una propuesta a medida con la que conseguir\u00e1s una aut\u00e9ntica transformaci\u00f3n de tu espacio exterior.<\/p>\n<p>[\/vc_column_text][\/vc_column][vc_column width=\u00bb1\/3&#8243;][vc_column_text]<\/p>\n<h2 style=\"text-align: center;\">Cont\u00e1ctanos para m\u00e1s informaci\u00f3n<\/h2>\n<p>[\/vc_column_text]<div class=\"boc_divider_holder\"><div class=\"boc_divider  \"  style=\"margin-top: 20px;margin-bottom: 20px;height: 1px;background: #eeeeee;\"><\/div><\/div>\n<div class=\"wpcf7 no-js\" id=\"wpcf7-f202-o1\" lang=\"es-ES\" dir=\"ltr\" data-wpcf7-id=\"202\">\n<div class=\"screen-reader-response\"><p role=\"status\" aria-live=\"polite\" aria-atomic=\"true\"><\/p> <ul><\/ul><\/div>\n<form action=\"\/es\/wp-json\/wp\/v2\/pages\/944#wpcf7-f202-o1\" method=\"post\" class=\"wpcf7-form init\" aria-label=\"Formulario de contacto\" novalidate=\"novalidate\" data-status=\"init\">\n<fieldset class=\"hidden-fields-container\"><input type=\"hidden\" name=\"_wpcf7\" value=\"202\" \/><input type=\"hidden\" name=\"_wpcf7_version\" value=\"6.1.3\" \/><input type=\"hidden\" name=\"_wpcf7_locale\" value=\"es_ES\" \/><input type=\"hidden\" name=\"_wpcf7_unit_tag\" value=\"wpcf7-f202-o1\" \/><input type=\"hidden\" name=\"_wpcf7_container_post\" value=\"0\" \/><input type=\"hidden\" name=\"_wpcf7_posted_data_hash\" value=\"\" \/><input type=\"hidden\" name=\"_wpcf7_recaptcha_response\" value=\"\" \/>\n<\/fieldset>\n<p><label> Nombre y apellidos *<br \/>\n<span class=\"wpcf7-form-control-wrap\" data-name=\"your-name\"><input size=\"40\" maxlength=\"400\" class=\"wpcf7-form-control wpcf7-text wpcf7-validates-as-required\" aria-required=\"true\" aria-invalid=\"false\" value=\"\" type=\"text\" name=\"your-name\" \/><\/span> <\/label>\n<\/p>\n<p><label> Tel\u00e9fono *<br \/>\n<span class=\"wpcf7-form-control-wrap\" data-name=\"your-phone\"><input size=\"40\" maxlength=\"400\" class=\"wpcf7-form-control wpcf7-text wpcf7-validates-as-required\" aria-required=\"true\" aria-invalid=\"false\" value=\"\" type=\"text\" name=\"your-phone\" \/><\/span> <\/label>\n<\/p>\n<p><label> Correo electr\u00f3nico *<br \/>\n<span class=\"wpcf7-form-control-wrap\" data-name=\"your-email\"><input size=\"40\" maxlength=\"400\" class=\"wpcf7-form-control wpcf7-email wpcf7-validates-as-required wpcf7-text wpcf7-validates-as-email\" aria-required=\"true\" aria-invalid=\"false\" value=\"\" type=\"email\" name=\"your-email\" \/><\/span> <\/label>\n<\/p>\n<p><label> Municipio *<br \/>\n<span class=\"wpcf7-form-control-wrap\" data-name=\"your-town\"><input size=\"40\" maxlength=\"400\" class=\"wpcf7-form-control wpcf7-text wpcf7-validates-as-required\" aria-required=\"true\" aria-invalid=\"false\" value=\"\" type=\"text\" name=\"your-town\" \/><\/span> <\/label>\n<\/p>\n<p><label> Cantidad de m\u00b2<br \/>\n<span class=\"wpcf7-form-control-wrap\" data-name=\"your-meters\"><input size=\"40\" maxlength=\"400\" class=\"wpcf7-form-control wpcf7-text\" aria-invalid=\"false\" value=\"\" type=\"text\" name=\"your-meters\" \/><\/span> <\/label>\n<\/p>\n<p><label> Terreno actual *<br \/>\n<span class=\"wpcf7-form-control-wrap\" data-name=\"radio-509\"><span class=\"wpcf7-form-control wpcf7-radio\"><span class=\"wpcf7-list-item first\"><label><input type=\"radio\" name=\"radio-509\" value=\"Tierra\" checked=\"checked\" \/><span class=\"wpcf7-list-item-label\">Tierra<\/span><\/label><\/span><span class=\"wpcf7-list-item\"><label><input type=\"radio\" name=\"radio-509\" value=\"C\u00e9sped natural\" \/><span class=\"wpcf7-list-item-label\">C\u00e9sped natural<\/span><\/label><\/span><span class=\"wpcf7-list-item\"><label><input type=\"radio\" name=\"radio-509\" value=\"Pavimento\" \/><span class=\"wpcf7-list-item-label\">Pavimento<\/span><\/label><\/span><span class=\"wpcf7-list-item last\"><label><input type=\"radio\" name=\"radio-509\" value=\"C\u00e9sped artificial\" \/><span class=\"wpcf7-list-item-label\">C\u00e9sped artificial<\/span><\/label><\/span><\/span><\/span> <\/label>\n<\/p>\n<p><label> Mensaje *<br \/>\n<span class=\"wpcf7-form-control-wrap\" data-name=\"your-message\"><textarea cols=\"40\" rows=\"3\" maxlength=\"2000\" class=\"wpcf7-form-control wpcf7-textarea wpcf7-validates-as-required\" aria-required=\"true\" aria-invalid=\"false\" name=\"your-message\"><\/textarea><\/span> <\/label>\n<\/p>\n<p style=\"font-weight: lighter; font-size:12px;\">Informaci\u00f3n b\u00e1sica sobre el tratamiento de datos (Reglamento (UE) 2016\/679 y LO 3\/2018)<br \/>\nResponsable del tratamiento: Naturcesped C\u00e9sped Artificial, SL.\n<\/p>\n<p style=\"font-weight: lighter; font-size:12px;\">Finalidad: Ofrecer, prestar y facturar nuestros servicios y productos.\n<\/p>\n<p style=\"font-weight: lighter; font-size:12px;\">Legitimaci\u00f3n: Consentimiento del interesado.\n<\/p>\n<p style=\"font-weight: lighter; font-size:12px;\">Destinatarios: Los datos no se ceder\u00e1n a terceros, a menos que lo exija una ley o sea necesario para cumplir con la finalidad del tratamiento.\n<\/p>\n<p style=\"font-weight: lighter; font-size:12px;\">Derechos: Acceder, rectificar y suprimir datos, as\u00ed como el resto que se explican en la pol\u00edtica de protecci\u00f3n de datos.\n<\/p>\n<p style=\"font-weight: lighter; font-size:12px;\">M\u00e1s informaci\u00f3n en nuestra pol\u00edtica de protecci\u00f3n de datos.\n<\/p>\n<p><input class=\"wpcf7-form-control wpcf7-submit has-spinner\" type=\"submit\" value=\"Enviar\" \/>\n<\/p><div class=\"wpcf7-response-output\" aria-hidden=\"true\"><\/div>\n<\/form>\n<\/div>\n[\/vc_column][\/vc_row]<\/p>\n<\/div>","protected":false},"excerpt":{"rendered":"<p>[vc_row gap=\u00bb35&#8243;][vc_column width=\u00bb2\/3&#8243;][vc_single_image image=\u00bb424&#8243;][vc_column_text] Descubre una de las empresas referentes en la instalaci\u00f3n de c\u00e9sped artificial en Barcelona con Naturcesped. Con nosotros, encontrar\u00e1s una opci\u00f3n a medida para disfrutar de todas las ventajas de un c\u00e9sped artificial de m\u00e1xima calidad. En nuestra tienda online podr\u00e1s elegir entre varios modelos posibles, siendo todos ellos de m\u00e1xima calidad y presentando una larga<\/p>\n<div class=\"h10\"><\/div>\n<p><a class=\"more-link1\" href=\"https:\/\/naturcesped.com\/es\/cesped-artificial-barcelona\/\">Read more<\/a><\/p>\n","protected":false},"author":1,"featured_media":0,"parent":0,"menu_order":0,"comment_status":"closed","ping_status":"closed","template":"","meta":{"footnotes":""},"class_list":["post-944","page","type-page","status-publish","hentry"],"yoast_head":"<!-- This site is optimized with the Yoast SEO plugin v26.3 - https:\/\/yoast.com\/wordpress\/plugins\/seo\/ -->\n<title>C\u00e9sped Artificial Barcelona - Naturcesped<\/title>\n<meta name=\"description\" content=\"Tenemos todo tipo de c\u00e9sped, contamos con un cat\u00e1logo variado, c\u00e9sped artificial de calidad a un precio inigualable. Descubre todo lo que tenemos para ti.\" \/>\n<meta name=\"robots\" content=\"index, follow, max-snippet:-1, max-image-preview:large, max-video-preview:-1\" \/>\n<link rel=\"canonical\" href=\"https:\/\/naturcesped.com\/es\/cesped-artificial-barcelona\/\" \/>\n<meta property=\"og:locale\" content=\"es_ES\" \/>\n<meta property=\"og:type\" content=\"article\" \/>\n<meta property=\"og:title\" content=\"C\u00e9sped Artificial Barcelona - Naturcesped\" \/>\n<meta property=\"og:description\" content=\"Tenemos todo tipo de c\u00e9sped, contamos con un cat\u00e1logo variado, c\u00e9sped artificial de calidad a un precio inigualable. Descubre todo lo que tenemos para ti.\" \/>\n<meta property=\"og:url\" content=\"https:\/\/naturcesped.com\/es\/cesped-artificial-barcelona\/\" \/>\n<meta property=\"og:site_name\" content=\"NaturC\u00e9sped\" \/>\n<meta property=\"article:modified_time\" content=\"2023-12-20T08:23:24+00:00\" \/>\n<meta name=\"twitter:card\" content=\"summary_large_image\" \/>\n<meta name=\"twitter:label1\" content=\"Tiempo de lectura\" \/>\n\t<meta name=\"twitter:data1\" content=\"3 minutos\" \/>\n<script type=\"application\/ld+json\" class=\"yoast-schema-graph\">{\"@context\":\"https:\/\/schema.org\",\"@graph\":[{\"@type\":\"WebPage\",\"@id\":\"https:\/\/naturcesped.com\/es\/cesped-artificial-barcelona\/\",\"url\":\"https:\/\/naturcesped.com\/es\/cesped-artificial-barcelona\/\",\"name\":\"C\u00e9sped Artificial Barcelona - Naturcesped\",\"isPartOf\":{\"@id\":\"https:\/\/naturcesped.com\/es\/#website\"},\"datePublished\":\"2022-10-07T08:29:54+00:00\",\"dateModified\":\"2023-12-20T08:23:24+00:00\",\"description\":\"Tenemos todo tipo de c\u00e9sped, contamos con un cat\u00e1logo variado, c\u00e9sped artificial de calidad a un precio inigualable. Descubre todo lo que tenemos para ti.\",\"breadcrumb\":{\"@id\":\"https:\/\/naturcesped.com\/es\/cesped-artificial-barcelona\/#breadcrumb\"},\"inLanguage\":\"es\",\"potentialAction\":[{\"@type\":\"ReadAction\",\"target\":[\"https:\/\/naturcesped.com\/es\/cesped-artificial-barcelona\/\"]}]},{\"@type\":\"BreadcrumbList\",\"@id\":\"https:\/\/naturcesped.com\/es\/cesped-artificial-barcelona\/#breadcrumb\",\"itemListElement\":[{\"@type\":\"ListItem\",\"position\":1,\"name\":\"Portada\",\"item\":\"https:\/\/naturcesped.com\/es\/\"},{\"@type\":\"ListItem\",\"position\":2,\"name\":\"C\u00e9sped artificial Barcelona\"}]},{\"@type\":\"WebSite\",\"@id\":\"https:\/\/naturcesped.com\/es\/#website\",\"url\":\"https:\/\/naturcesped.com\/es\/\",\"name\":\"NaturC\u00e9sped\",\"description\":\"C\u00e9sped artificial en Girona\",\"potentialAction\":[{\"@type\":\"SearchAction\",\"target\":{\"@type\":\"EntryPoint\",\"urlTemplate\":\"https:\/\/naturcesped.com\/es\/?s={search_term_string}\"},\"query-input\":{\"@type\":\"PropertyValueSpecification\",\"valueRequired\":true,\"valueName\":\"search_term_string\"}}],\"inLanguage\":\"es\"}]}<\/script>\n<!-- \/ Yoast SEO plugin. -->","yoast_head_json":{"title":"C\u00e9sped Artificial Barcelona - Naturcesped","description":"Tenemos todo tipo de c\u00e9sped, contamos con un cat\u00e1logo variado, c\u00e9sped artificial de calidad a un precio inigualable. Descubre todo lo que tenemos para ti.","robots":{"index":"index","follow":"follow","max-snippet":"max-snippet:-1","max-image-preview":"max-image-preview:large","max-video-preview":"max-video-preview:-1"},"canonical":"https:\/\/naturcesped.com\/es\/cesped-artificial-barcelona\/","og_locale":"es_ES","og_type":"article","og_title":"C\u00e9sped Artificial Barcelona - Naturcesped","og_description":"Tenemos todo tipo de c\u00e9sped, contamos con un cat\u00e1logo variado, c\u00e9sped artificial de calidad a un precio inigualable. Descubre todo lo que tenemos para ti.","og_url":"https:\/\/naturcesped.com\/es\/cesped-artificial-barcelona\/","og_site_name":"NaturC\u00e9sped","article_modified_time":"2023-12-20T08:23:24+00:00","twitter_card":"summary_large_image","twitter_misc":{"Tiempo de lectura":"3 minutos"},"schema":{"@context":"https:\/\/schema.org","@graph":[{"@type":"WebPage","@id":"https:\/\/naturcesped.com\/es\/cesped-artificial-barcelona\/","url":"https:\/\/naturcesped.com\/es\/cesped-artificial-barcelona\/","name":"C\u00e9sped Artificial Barcelona - Naturcesped","isPartOf":{"@id":"https:\/\/naturcesped.com\/es\/#website"},"datePublished":"2022-10-07T08:29:54+00:00","dateModified":"2023-12-20T08:23:24+00:00","description":"Tenemos todo tipo de c\u00e9sped, contamos con un cat\u00e1logo variado, c\u00e9sped artificial de calidad a un precio inigualable. Descubre todo lo que tenemos para ti.","breadcrumb":{"@id":"https:\/\/naturcesped.com\/es\/cesped-artificial-barcelona\/#breadcrumb"},"inLanguage":"es","potentialAction":[{"@type":"ReadAction","target":["https:\/\/naturcesped.com\/es\/cesped-artificial-barcelona\/"]}]},{"@type":"BreadcrumbList","@id":"https:\/\/naturcesped.com\/es\/cesped-artificial-barcelona\/#breadcrumb","itemListElement":[{"@type":"ListItem","position":1,"name":"Portada","item":"https:\/\/naturcesped.com\/es\/"},{"@type":"ListItem","position":2,"name":"C\u00e9sped artificial Barcelona"}]},{"@type":"WebSite","@id":"https:\/\/naturcesped.com\/es\/#website","url":"https:\/\/naturcesped.com\/es\/","name":"NaturC\u00e9sped","description":"C\u00e9sped artificial en Girona","potentialAction":[{"@type":"SearchAction","target":{"@type":"EntryPoint","urlTemplate":"https:\/\/naturcesped.com\/es\/?s={search_term_string}"},"query-input":{"@type":"PropertyValueSpecification","valueRequired":true,"valueName":"search_term_string"}}],"inLanguage":"es"}]}},"_links":{"self":[{"href":"https:\/\/naturcesped.com\/es\/wp-json\/wp\/v2\/pages\/944","targetHints":{"allow":["GET"]}}],"collection":[{"href":"https:\/\/naturcesped.com\/es\/wp-json\/wp\/v2\/pages"}],"about":[{"href":"https:\/\/naturcesped.com\/es\/wp-json\/wp\/v2\/types\/page"}],"author":[{"embeddable":true,"href":"https:\/\/naturcesped.com\/es\/wp-json\/wp\/v2\/users\/1"}],"replies":[{"embeddable":true,"href":"https:\/\/naturcesped.com\/es\/wp-json\/wp\/v2\/comments?post=944"}],"version-history":[{"count":0,"href":"https:\/\/naturcesped.com\/es\/wp-json\/wp\/v2\/pages\/944\/revisions"}],"wp:attachment":[{"href":"https:\/\/naturcesped.com\/es\/wp-json\/wp\/v2\/media?parent=944"}],"curies":[{"name":"wp","href":"https:\/\/api.w.org\/{rel}","templated":true}]}}