{"id":942,"date":"2022-10-07T08:29:14","date_gmt":"2022-10-07T08:29:14","guid":{"rendered":"https:\/\/naturcesped.com\/?page_id=942"},"modified":"2023-12-20T08:38:04","modified_gmt":"2023-12-20T08:38:04","slug":"cesped-artificial-castelldefels","status":"publish","type":"page","link":"https:\/\/naturcesped.com\/es\/cesped-artificial-castelldefels\/","title":{"rendered":"C\u00e9sped artificial Castelldefels"},"content":{"rendered":"<div class=\"wpb-content-wrapper\"><p>[vc_row gap=\u00bb35&#8243;][vc_column width=\u00bb2\/3&#8243;][vc_single_image image=\u00bb424&#8243;][vc_column_text]<\/p>\n<p style=\"text-align: justify;\">Si quieres disponer de un <strong>c\u00e9sped artificial <\/strong>en<strong> Castelldefels<\/strong> que se adapte a tus necesidades y que pueda mantenerse en perfecto estado durante a\u00f1os, debes apostar por opciones de m\u00e1xima calidad y que presente garant\u00edas, tal y como hacemos en Naturcesped.<\/p>\n<p style=\"text-align: justify;\">Olv\u00eddate del mantenimiento y de tener un terreno y un espacio exterior descuidado, gracias a la instalaci\u00f3n de <strong>c\u00e9sped artificial en Castelldefels<\/strong> de Naturcesped. Su jard\u00edn siempre verde y sin mantenimiento, suave, con brillo y perfecto para instalarlo en cualquier espacio. Una opci\u00f3n sencilla y eficiente que podr\u00e1s tener instalada en tu terreno, patio o jard\u00edn en poco tiempo y disfrutarla a lo largo de muchos a\u00f1os. Se trata de una opci\u00f3n muy rentable si tenemos en cuenta su durabilidad y su relaci\u00f3n calidad precio, la cual es inmejorable.<\/p>\n<p>[\/vc_column_text][vc_row_inner][vc_column_inner width=\u00bb1\/3&#8243;][\/vc_column_inner][vc_column_inner width=\u00bb1\/3&#8243;]<a\thref=\"https:\/\/naturcesped.com\/es\/contacto\/\" \n\t\t\t\tclass=\"button btn_large btn_theme_color btn_rounded btn_normal_style    \"  target='_self'><span>CONTACTA CON NOSOTROS<\/span><\/a>[\/vc_column_inner][vc_column_inner width=\u00bb1\/3&#8243;][\/vc_column_inner][\/vc_row_inner][vc_column_text]<\/p>\n<p style=\"text-align: justify;\">M\u00ednimo mantenimiento y cero complicaciones, ya que con nuestro <strong>c\u00e9sped artificial en Castelldefels<\/strong> no tienes que regar, ni cortar y siempre tendr\u00e1s un aspecto impecable. En Naturcesped nos dedicamos a la suministraci\u00f3n de <strong>c\u00e9sped artificial en Castelldefels<\/strong> de gran calidad y con 10 a\u00f1os de garant\u00eda. Ofrecemos una gama variada de c\u00e9sped artificial con acabados espectaculares, \u00a0con el m\u00e1ximo realismo y con todas las ventajas que presenta esta opci\u00f3n.<\/p>\n<p style=\"text-align: justify;\">Disfruta de los servicios especializados que ofrecemos en Naturcesped, llevando a cabo tareas de paisajismo y de instalaci\u00f3n de <strong>c\u00e9sped artificial en Castelldefels<\/strong>, el c\u00e9sped de color, el c\u00e9sped deportivo, o hasta la instalaci\u00f3n de vallas y tarimas. En Naturcesped, ofrecemos un servicio de instalaci\u00f3n especializado, para que el resultado sea lo m\u00e1s preciso y perfecto posible en cada terreno.<\/p>\n<p style=\"text-align: justify;\">Desde Naturcesped vamos a verificar el resultado de nuestro trabajo, para que el cliente pueda disponer de un <strong>c\u00e9sped artificial en Castelldefels<\/strong> perfecto para su vivienda o negocio o para un espacio comunitario, ya que es un producto que puede hacerse a medida y se adapta a todo tipo de espacios.<\/p>\n<p style=\"text-align: justify;\">Disfruta de un jard\u00edn siempre verde y sin mantenimiento con la instalaci\u00f3n de <strong>c\u00e9sped artificial en Castelldefels<\/strong> que te ofrecemos en Naturcesped. Ni se ensucia f\u00e1cilmente, ni se decolora, ni se deteriora, ni se encharca\u2026 Es una opci\u00f3n que se mantiene en perfecto estado a lo largo del tiempo y supone una soluci\u00f3n eficiente y segura y sostenible. No genera residuos y reduce el impacto ambiental, pudiendo reutilizarse, reciclarse y transformarse. Si quieres saber todas las ventajas que presenta la <strong>instalaci\u00f3n de c\u00e9sped artificial en Castelldefels<\/strong>, las podr\u00e1s saber entrando en nuestra web.<\/p>\n<p style=\"text-align: justify;\">Entra en nuestra p\u00e1gina web y encuentra opciones personalizadas para mejorar tu espacio exterior con opciones de m\u00e1xima calidad, como el <strong>c\u00e9sped artificial en Castelldefels<\/strong>. En Naturcesped encontraremos la mejor opci\u00f3n para tu espacio exterior, con la que lograr\u00e1s los mejores resultados durante muchos a\u00f1os.<\/p>\n<p>[\/vc_column_text][\/vc_column][vc_column width=\u00bb1\/3&#8243;][vc_column_text]<\/p>\n<h2 style=\"text-align: center;\">Cont\u00e1ctanos para m\u00e1s informaci\u00f3n<\/h2>\n<p>[\/vc_column_text]<div class=\"boc_divider_holder\"><div class=\"boc_divider  \"  style=\"margin-top: 20px;margin-bottom: 20px;height: 1px;background: #eeeeee;\"><\/div><\/div>\n<div class=\"wpcf7 no-js\" id=\"wpcf7-f202-o1\" lang=\"es-ES\" dir=\"ltr\" data-wpcf7-id=\"202\">\n<div class=\"screen-reader-response\"><p role=\"status\" aria-live=\"polite\" aria-atomic=\"true\"><\/p> <ul><\/ul><\/div>\n<form action=\"\/es\/wp-json\/wp\/v2\/pages\/942#wpcf7-f202-o1\" method=\"post\" class=\"wpcf7-form init\" aria-label=\"Formulario de contacto\" novalidate=\"novalidate\" data-status=\"init\">\n<fieldset class=\"hidden-fields-container\"><input type=\"hidden\" name=\"_wpcf7\" value=\"202\" \/><input type=\"hidden\" name=\"_wpcf7_version\" value=\"6.1.3\" \/><input type=\"hidden\" name=\"_wpcf7_locale\" value=\"es_ES\" \/><input type=\"hidden\" name=\"_wpcf7_unit_tag\" value=\"wpcf7-f202-o1\" \/><input type=\"hidden\" name=\"_wpcf7_container_post\" value=\"0\" \/><input type=\"hidden\" name=\"_wpcf7_posted_data_hash\" value=\"\" \/><input type=\"hidden\" name=\"_wpcf7_recaptcha_response\" value=\"\" \/>\n<\/fieldset>\n<p><label> Nombre y apellidos *<br \/>\n<span class=\"wpcf7-form-control-wrap\" data-name=\"your-name\"><input size=\"40\" maxlength=\"400\" class=\"wpcf7-form-control wpcf7-text wpcf7-validates-as-required\" aria-required=\"true\" aria-invalid=\"false\" value=\"\" type=\"text\" name=\"your-name\" \/><\/span> <\/label>\n<\/p>\n<p><label> Tel\u00e9fono *<br \/>\n<span class=\"wpcf7-form-control-wrap\" data-name=\"your-phone\"><input size=\"40\" maxlength=\"400\" class=\"wpcf7-form-control wpcf7-text wpcf7-validates-as-required\" aria-required=\"true\" aria-invalid=\"false\" value=\"\" type=\"text\" name=\"your-phone\" \/><\/span> <\/label>\n<\/p>\n<p><label> Correo electr\u00f3nico *<br \/>\n<span class=\"wpcf7-form-control-wrap\" data-name=\"your-email\"><input size=\"40\" maxlength=\"400\" class=\"wpcf7-form-control wpcf7-email wpcf7-validates-as-required wpcf7-text wpcf7-validates-as-email\" aria-required=\"true\" aria-invalid=\"false\" value=\"\" type=\"email\" name=\"your-email\" \/><\/span> <\/label>\n<\/p>\n<p><label> Municipio *<br \/>\n<span class=\"wpcf7-form-control-wrap\" data-name=\"your-town\"><input size=\"40\" maxlength=\"400\" class=\"wpcf7-form-control wpcf7-text wpcf7-validates-as-required\" aria-required=\"true\" aria-invalid=\"false\" value=\"\" type=\"text\" name=\"your-town\" \/><\/span> <\/label>\n<\/p>\n<p><label> Cantidad de m\u00b2<br \/>\n<span class=\"wpcf7-form-control-wrap\" data-name=\"your-meters\"><input size=\"40\" maxlength=\"400\" class=\"wpcf7-form-control wpcf7-text\" aria-invalid=\"false\" value=\"\" type=\"text\" name=\"your-meters\" \/><\/span> <\/label>\n<\/p>\n<p><label> Terreno actual *<br \/>\n<span class=\"wpcf7-form-control-wrap\" data-name=\"radio-509\"><span class=\"wpcf7-form-control wpcf7-radio\"><span class=\"wpcf7-list-item first\"><label><input type=\"radio\" name=\"radio-509\" value=\"Tierra\" checked=\"checked\" \/><span class=\"wpcf7-list-item-label\">Tierra<\/span><\/label><\/span><span class=\"wpcf7-list-item\"><label><input type=\"radio\" name=\"radio-509\" value=\"C\u00e9sped natural\" \/><span class=\"wpcf7-list-item-label\">C\u00e9sped natural<\/span><\/label><\/span><span class=\"wpcf7-list-item\"><label><input type=\"radio\" name=\"radio-509\" value=\"Pavimento\" \/><span class=\"wpcf7-list-item-label\">Pavimento<\/span><\/label><\/span><span class=\"wpcf7-list-item last\"><label><input type=\"radio\" name=\"radio-509\" value=\"C\u00e9sped artificial\" \/><span class=\"wpcf7-list-item-label\">C\u00e9sped artificial<\/span><\/label><\/span><\/span><\/span> <\/label>\n<\/p>\n<p><label> Mensaje *<br \/>\n<span class=\"wpcf7-form-control-wrap\" data-name=\"your-message\"><textarea cols=\"40\" rows=\"3\" maxlength=\"2000\" class=\"wpcf7-form-control wpcf7-textarea wpcf7-validates-as-required\" aria-required=\"true\" aria-invalid=\"false\" name=\"your-message\"><\/textarea><\/span> <\/label>\n<\/p>\n<p style=\"font-weight: lighter; font-size:12px;\">Informaci\u00f3n b\u00e1sica sobre el tratamiento de datos (Reglamento (UE) 2016\/679 y LO 3\/2018)<br \/>\nResponsable del tratamiento: Naturcesped C\u00e9sped Artificial, SL.\n<\/p>\n<p style=\"font-weight: lighter; font-size:12px;\">Finalidad: Ofrecer, prestar y facturar nuestros servicios y productos.\n<\/p>\n<p style=\"font-weight: lighter; font-size:12px;\">Legitimaci\u00f3n: Consentimiento del interesado.\n<\/p>\n<p style=\"font-weight: lighter; font-size:12px;\">Destinatarios: Los datos no se ceder\u00e1n a terceros, a menos que lo exija una ley o sea necesario para cumplir con la finalidad del tratamiento.\n<\/p>\n<p style=\"font-weight: lighter; font-size:12px;\">Derechos: Acceder, rectificar y suprimir datos, as\u00ed como el resto que se explican en la pol\u00edtica de protecci\u00f3n de datos.\n<\/p>\n<p style=\"font-weight: lighter; font-size:12px;\">M\u00e1s informaci\u00f3n en nuestra pol\u00edtica de protecci\u00f3n de datos.\n<\/p>\n<p><input class=\"wpcf7-form-control wpcf7-submit has-spinner\" type=\"submit\" value=\"Enviar\" \/>\n<\/p><div class=\"wpcf7-response-output\" aria-hidden=\"true\"><\/div>\n<\/form>\n<\/div>\n[\/vc_column][\/vc_row]<\/p>\n<\/div>","protected":false},"excerpt":{"rendered":"<p>[vc_row gap=\u00bb35&#8243;][vc_column width=\u00bb2\/3&#8243;][vc_single_image image=\u00bb424&#8243;][vc_column_text] Si quieres disponer de un c\u00e9sped artificial en Castelldefels que se adapte a tus necesidades y que pueda mantenerse en perfecto estado durante a\u00f1os, debes apostar por opciones de m\u00e1xima calidad y que presente garant\u00edas, tal y como hacemos en Naturcesped. Olv\u00eddate del mantenimiento y de tener un terreno y un espacio exterior descuidado, gracias a<\/p>\n<div class=\"h10\"><\/div>\n<p><a class=\"more-link1\" href=\"https:\/\/naturcesped.com\/es\/cesped-artificial-castelldefels\/\">Read more<\/a><\/p>\n","protected":false},"author":1,"featured_media":0,"parent":0,"menu_order":0,"comment_status":"closed","ping_status":"closed","template":"","meta":{"footnotes":""},"class_list":["post-942","page","type-page","status-publish","hentry"],"yoast_head":"<!-- This site is optimized with the Yoast SEO plugin v26.3 - https:\/\/yoast.com\/wordpress\/plugins\/seo\/ -->\n<title>C\u00e9sped artificial Castelldefels - Naturcesped<\/title>\n<meta name=\"description\" content=\"Conoce todas las opciones de c\u00e9sped artificial para tu jard\u00edn. C\u00e9sped artificial con la sensaci\u00f3n de tener c\u00e9sped natural. Precios competitivos y grandes resultados.\" \/>\n<meta name=\"robots\" content=\"index, follow, max-snippet:-1, max-image-preview:large, max-video-preview:-1\" \/>\n<link rel=\"canonical\" href=\"https:\/\/naturcesped.com\/es\/cesped-artificial-castelldefels\/\" \/>\n<meta property=\"og:locale\" content=\"es_ES\" \/>\n<meta property=\"og:type\" content=\"article\" \/>\n<meta property=\"og:title\" content=\"C\u00e9sped artificial Castelldefels - Naturcesped\" \/>\n<meta property=\"og:description\" content=\"Conoce todas las opciones de c\u00e9sped artificial para tu jard\u00edn. C\u00e9sped artificial con la sensaci\u00f3n de tener c\u00e9sped natural. Precios competitivos y grandes resultados.\" \/>\n<meta property=\"og:url\" content=\"https:\/\/naturcesped.com\/es\/cesped-artificial-castelldefels\/\" \/>\n<meta property=\"og:site_name\" content=\"NaturC\u00e9sped\" \/>\n<meta property=\"article:modified_time\" content=\"2023-12-20T08:38:04+00:00\" \/>\n<meta name=\"twitter:card\" content=\"summary_large_image\" \/>\n<meta name=\"twitter:label1\" content=\"Tiempo de lectura\" \/>\n\t<meta name=\"twitter:data1\" content=\"3 minutos\" \/>\n<script type=\"application\/ld+json\" class=\"yoast-schema-graph\">{\"@context\":\"https:\/\/schema.org\",\"@graph\":[{\"@type\":\"WebPage\",\"@id\":\"https:\/\/naturcesped.com\/es\/cesped-artificial-castelldefels\/\",\"url\":\"https:\/\/naturcesped.com\/es\/cesped-artificial-castelldefels\/\",\"name\":\"C\u00e9sped artificial Castelldefels - Naturcesped\",\"isPartOf\":{\"@id\":\"https:\/\/naturcesped.com\/es\/#website\"},\"datePublished\":\"2022-10-07T08:29:14+00:00\",\"dateModified\":\"2023-12-20T08:38:04+00:00\",\"description\":\"Conoce todas las opciones de c\u00e9sped artificial para tu jard\u00edn. C\u00e9sped artificial con la sensaci\u00f3n de tener c\u00e9sped natural. Precios competitivos y grandes resultados.\",\"breadcrumb\":{\"@id\":\"https:\/\/naturcesped.com\/es\/cesped-artificial-castelldefels\/#breadcrumb\"},\"inLanguage\":\"es\",\"potentialAction\":[{\"@type\":\"ReadAction\",\"target\":[\"https:\/\/naturcesped.com\/es\/cesped-artificial-castelldefels\/\"]}]},{\"@type\":\"BreadcrumbList\",\"@id\":\"https:\/\/naturcesped.com\/es\/cesped-artificial-castelldefels\/#breadcrumb\",\"itemListElement\":[{\"@type\":\"ListItem\",\"position\":1,\"name\":\"Portada\",\"item\":\"https:\/\/naturcesped.com\/es\/\"},{\"@type\":\"ListItem\",\"position\":2,\"name\":\"C\u00e9sped artificial Castelldefels\"}]},{\"@type\":\"WebSite\",\"@id\":\"https:\/\/naturcesped.com\/es\/#website\",\"url\":\"https:\/\/naturcesped.com\/es\/\",\"name\":\"NaturC\u00e9sped\",\"description\":\"C\u00e9sped artificial en Girona\",\"potentialAction\":[{\"@type\":\"SearchAction\",\"target\":{\"@type\":\"EntryPoint\",\"urlTemplate\":\"https:\/\/naturcesped.com\/es\/?s={search_term_string}\"},\"query-input\":{\"@type\":\"PropertyValueSpecification\",\"valueRequired\":true,\"valueName\":\"search_term_string\"}}],\"inLanguage\":\"es\"}]}<\/script>\n<!-- \/ Yoast SEO plugin. -->","yoast_head_json":{"title":"C\u00e9sped artificial Castelldefels - Naturcesped","description":"Conoce todas las opciones de c\u00e9sped artificial para tu jard\u00edn. C\u00e9sped artificial con la sensaci\u00f3n de tener c\u00e9sped natural. Precios competitivos y grandes resultados.","robots":{"index":"index","follow":"follow","max-snippet":"max-snippet:-1","max-image-preview":"max-image-preview:large","max-video-preview":"max-video-preview:-1"},"canonical":"https:\/\/naturcesped.com\/es\/cesped-artificial-castelldefels\/","og_locale":"es_ES","og_type":"article","og_title":"C\u00e9sped artificial Castelldefels - Naturcesped","og_description":"Conoce todas las opciones de c\u00e9sped artificial para tu jard\u00edn. C\u00e9sped artificial con la sensaci\u00f3n de tener c\u00e9sped natural. Precios competitivos y grandes resultados.","og_url":"https:\/\/naturcesped.com\/es\/cesped-artificial-castelldefels\/","og_site_name":"NaturC\u00e9sped","article_modified_time":"2023-12-20T08:38:04+00:00","twitter_card":"summary_large_image","twitter_misc":{"Tiempo de lectura":"3 minutos"},"schema":{"@context":"https:\/\/schema.org","@graph":[{"@type":"WebPage","@id":"https:\/\/naturcesped.com\/es\/cesped-artificial-castelldefels\/","url":"https:\/\/naturcesped.com\/es\/cesped-artificial-castelldefels\/","name":"C\u00e9sped artificial Castelldefels - Naturcesped","isPartOf":{"@id":"https:\/\/naturcesped.com\/es\/#website"},"datePublished":"2022-10-07T08:29:14+00:00","dateModified":"2023-12-20T08:38:04+00:00","description":"Conoce todas las opciones de c\u00e9sped artificial para tu jard\u00edn. C\u00e9sped artificial con la sensaci\u00f3n de tener c\u00e9sped natural. Precios competitivos y grandes resultados.","breadcrumb":{"@id":"https:\/\/naturcesped.com\/es\/cesped-artificial-castelldefels\/#breadcrumb"},"inLanguage":"es","potentialAction":[{"@type":"ReadAction","target":["https:\/\/naturcesped.com\/es\/cesped-artificial-castelldefels\/"]}]},{"@type":"BreadcrumbList","@id":"https:\/\/naturcesped.com\/es\/cesped-artificial-castelldefels\/#breadcrumb","itemListElement":[{"@type":"ListItem","position":1,"name":"Portada","item":"https:\/\/naturcesped.com\/es\/"},{"@type":"ListItem","position":2,"name":"C\u00e9sped artificial Castelldefels"}]},{"@type":"WebSite","@id":"https:\/\/naturcesped.com\/es\/#website","url":"https:\/\/naturcesped.com\/es\/","name":"NaturC\u00e9sped","description":"C\u00e9sped artificial en Girona","potentialAction":[{"@type":"SearchAction","target":{"@type":"EntryPoint","urlTemplate":"https:\/\/naturcesped.com\/es\/?s={search_term_string}"},"query-input":{"@type":"PropertyValueSpecification","valueRequired":true,"valueName":"search_term_string"}}],"inLanguage":"es"}]}},"_links":{"self":[{"href":"https:\/\/naturcesped.com\/es\/wp-json\/wp\/v2\/pages\/942","targetHints":{"allow":["GET"]}}],"collection":[{"href":"https:\/\/naturcesped.com\/es\/wp-json\/wp\/v2\/pages"}],"about":[{"href":"https:\/\/naturcesped.com\/es\/wp-json\/wp\/v2\/types\/page"}],"author":[{"embeddable":true,"href":"https:\/\/naturcesped.com\/es\/wp-json\/wp\/v2\/users\/1"}],"replies":[{"embeddable":true,"href":"https:\/\/naturcesped.com\/es\/wp-json\/wp\/v2\/comments?post=942"}],"version-history":[{"count":0,"href":"https:\/\/naturcesped.com\/es\/wp-json\/wp\/v2\/pages\/942\/revisions"}],"wp:attachment":[{"href":"https:\/\/naturcesped.com\/es\/wp-json\/wp\/v2\/media?parent=942"}],"curies":[{"name":"wp","href":"https:\/\/api.w.org\/{rel}","templated":true}]}}