{"id":940,"date":"2022-10-07T08:28:24","date_gmt":"2022-10-07T08:28:24","guid":{"rendered":"https:\/\/naturcesped.com\/?page_id=940"},"modified":"2023-12-20T09:43:28","modified_gmt":"2023-12-20T09:43:28","slug":"cesped-artificial-viladecans","status":"publish","type":"page","link":"https:\/\/naturcesped.com\/es\/cesped-artificial-viladecans\/","title":{"rendered":"C\u00e9sped artificial Viladecans"},"content":{"rendered":"<div class=\"wpb-content-wrapper\"><p>[vc_row gap=\u00bb35&#8243;][vc_column width=\u00bb2\/3&#8243;][vc_single_image image=\u00bb424&#8243;][vc_column_text]<\/p>\n<p style=\"text-align: justify;\">Nunca hab\u00eda sido tan sencillo disponer de un <strong>c\u00e9sped artificial en Viladecans<\/strong> de m\u00e1xima calidad como con Naturcesped. En nuestra empresa creamos propuestas a medida, para que puedas disfrutar de un espacio exterior cuidado, bonito y funcional todos los d\u00edas del a\u00f1o y durante mucho tiempo. Nuestro c\u00e9sped artificial tiene 10 a\u00f1os de garant\u00eda, no se deteriora con facilidad ni necesita mantenimiento.<\/p>\n<p style=\"text-align: justify;\">Es una opci\u00f3n que tiene hasta 10 a\u00f1os de garant\u00eda y que se presenta en diversos formatos y modelos. Presenta un aspecto muy realista y eso hace que parezca un c\u00e9sped natural, pero sin todas las complicaciones y cuidados de \u00e9ste \u00faltimo. Con la instalaci\u00f3n de un <strong>c\u00e9sped artificial en Viladecans<\/strong> de gran calidad, como el de Naturcesped, notar\u00e1s un gran ahorro de agua, lo que se traduce en un ahorro econ\u00f3mico.<\/p>\n<p>[\/vc_column_text][vc_row_inner][vc_column_inner width=\u00bb1\/3&#8243;][\/vc_column_inner][vc_column_inner width=\u00bb1\/3&#8243;]<a\thref=\"https:\/\/naturcesped.com\/es\/contacto\/\" \n\t\t\t\tclass=\"button btn_large btn_theme_color btn_rounded btn_normal_style    \"  target='_self'><span>CONTACTA CON NOSOTROS<\/span><\/a>[\/vc_column_inner][vc_column_inner width=\u00bb1\/3&#8243;][\/vc_column_inner][\/vc_row_inner][vc_column_text]<\/p>\n<p style=\"text-align: justify;\">Con Naturcesped, disfrutar\u00e1s de un jard\u00edn verde todo el a\u00f1o y sin hacer un mantenimiento, con cero complicaciones. Una opci\u00f3n segura y respetuosa con el medioambiente, que adem\u00e1s va a ser mucho m\u00e1s c\u00f3moda para ti que el cuidado que supone un c\u00e9sped natural.<\/p>\n<p style=\"text-align: justify;\">Desde Naturcesped podemos ocuparnos de hacer una instalaci\u00f3n de <strong>c\u00e9sped artificial en Viladecans<\/strong> profesional que se adapte a las necesidades, medidas y particularidades del terreno, patio o jard\u00edn. Tenemos en cuenta el terreno y las necesidades y preferencias del cliente, para dar con una soluci\u00f3n integral que se ajuste perfectamente a las exigencias que requiere cada proyecto.<\/p>\n<p style=\"text-align: justify;\">Adem\u00e1s de la instalaci\u00f3n de <strong>c\u00e9sped artificial en Viladecans<\/strong>, en Naturcesped podr\u00e1s disponer de la instalaci\u00f3n de c\u00e9sped artificial deportivo, para viviendas y negocios, c\u00e9sped de color, instalaci\u00f3n de tarimas y valla sint\u00e9tica. Te ayudaremos en todo lo que necesites, para que disfrutes m\u00e1s y mejor de tu espacio exterior, sin que tengas que complicarte y contando con todas las garant\u00edas.<\/p>\n<p style=\"text-align: justify;\">Somos una empresa dedicada a la suministraci\u00f3n de c\u00e9sped artificial y hacemos un exhaustivo control de calidad, para que el resultado de la instalaci\u00f3n de cada uno de nuestros productos presente excelentes resultados.<\/p>\n<p style=\"text-align: justify;\">Disfruta de un c\u00e9sped cuidado de m\u00e1xima calidad gracias a Naturcesped. Con la instalaci\u00f3n de <strong>c\u00e9sped artificial en Viladecans<\/strong> te olvidar\u00e1s de regar, abonar o cortar tu c\u00e9sped, porque no tendr\u00e1s que hacer nada m\u00e1s que disfrutarlo. Puedes contactar con nosotros y pedir tu presupuesto sin compromiso rellenando los campos del formulario de contacto, enviando un mail a <a href=\"mailto:info@giroverd.com\">info@giroverd.com<\/a> o llamando al 872 20 21 41 o al 641 58 30 61<\/p>\n<p style=\"text-align: justify;\">En Naturcesped puedes disponer de <strong>c\u00e9sped artificial en Viladecans<\/strong> para conseguir proyectos a medida con un servicio de instalaci\u00f3n especializado. Elige entre m\u00faltiples modelos, dise\u00f1os, colores y texturas y en nuestra tienda online y compra la opci\u00f3n que m\u00e1s te guste. Nosotros podemos asesorarte y ocuparnos de hacer la instalaci\u00f3n profesional.<\/p>\n<p>[\/vc_column_text][\/vc_column][vc_column width=\u00bb1\/3&#8243;][vc_column_text]<\/p>\n<h2 style=\"text-align: center;\">Cont\u00e1ctanos para m\u00e1s informaci\u00f3n<\/h2>\n<p>[\/vc_column_text]<div class=\"boc_divider_holder\"><div class=\"boc_divider  \"  style=\"margin-top: 20px;margin-bottom: 20px;height: 1px;background: #eeeeee;\"><\/div><\/div>\n<div class=\"wpcf7 no-js\" id=\"wpcf7-f202-o1\" lang=\"es-ES\" dir=\"ltr\" data-wpcf7-id=\"202\">\n<div class=\"screen-reader-response\"><p role=\"status\" aria-live=\"polite\" aria-atomic=\"true\"><\/p> <ul><\/ul><\/div>\n<form action=\"\/es\/wp-json\/wp\/v2\/pages\/940#wpcf7-f202-o1\" method=\"post\" class=\"wpcf7-form init\" aria-label=\"Formulario de contacto\" novalidate=\"novalidate\" data-status=\"init\">\n<fieldset class=\"hidden-fields-container\"><input type=\"hidden\" name=\"_wpcf7\" value=\"202\" \/><input type=\"hidden\" name=\"_wpcf7_version\" value=\"6.1.3\" \/><input type=\"hidden\" name=\"_wpcf7_locale\" value=\"es_ES\" \/><input type=\"hidden\" name=\"_wpcf7_unit_tag\" value=\"wpcf7-f202-o1\" \/><input type=\"hidden\" name=\"_wpcf7_container_post\" value=\"0\" \/><input type=\"hidden\" name=\"_wpcf7_posted_data_hash\" value=\"\" \/><input type=\"hidden\" name=\"_wpcf7_recaptcha_response\" value=\"\" \/>\n<\/fieldset>\n<p><label> Nombre y apellidos *<br \/>\n<span class=\"wpcf7-form-control-wrap\" data-name=\"your-name\"><input size=\"40\" maxlength=\"400\" class=\"wpcf7-form-control wpcf7-text wpcf7-validates-as-required\" aria-required=\"true\" aria-invalid=\"false\" value=\"\" type=\"text\" name=\"your-name\" \/><\/span> <\/label>\n<\/p>\n<p><label> Tel\u00e9fono *<br \/>\n<span class=\"wpcf7-form-control-wrap\" data-name=\"your-phone\"><input size=\"40\" maxlength=\"400\" class=\"wpcf7-form-control wpcf7-text wpcf7-validates-as-required\" aria-required=\"true\" aria-invalid=\"false\" value=\"\" type=\"text\" name=\"your-phone\" \/><\/span> <\/label>\n<\/p>\n<p><label> Correo electr\u00f3nico *<br \/>\n<span class=\"wpcf7-form-control-wrap\" data-name=\"your-email\"><input size=\"40\" maxlength=\"400\" class=\"wpcf7-form-control wpcf7-email wpcf7-validates-as-required wpcf7-text wpcf7-validates-as-email\" aria-required=\"true\" aria-invalid=\"false\" value=\"\" type=\"email\" name=\"your-email\" \/><\/span> <\/label>\n<\/p>\n<p><label> Municipio *<br \/>\n<span class=\"wpcf7-form-control-wrap\" data-name=\"your-town\"><input size=\"40\" maxlength=\"400\" class=\"wpcf7-form-control wpcf7-text wpcf7-validates-as-required\" aria-required=\"true\" aria-invalid=\"false\" value=\"\" type=\"text\" name=\"your-town\" \/><\/span> <\/label>\n<\/p>\n<p><label> Cantidad de m\u00b2<br \/>\n<span class=\"wpcf7-form-control-wrap\" data-name=\"your-meters\"><input size=\"40\" maxlength=\"400\" class=\"wpcf7-form-control wpcf7-text\" aria-invalid=\"false\" value=\"\" type=\"text\" name=\"your-meters\" \/><\/span> <\/label>\n<\/p>\n<p><label> Terreno actual *<br \/>\n<span class=\"wpcf7-form-control-wrap\" data-name=\"radio-509\"><span class=\"wpcf7-form-control wpcf7-radio\"><span class=\"wpcf7-list-item first\"><label><input type=\"radio\" name=\"radio-509\" value=\"Tierra\" checked=\"checked\" \/><span class=\"wpcf7-list-item-label\">Tierra<\/span><\/label><\/span><span class=\"wpcf7-list-item\"><label><input type=\"radio\" name=\"radio-509\" value=\"C\u00e9sped natural\" \/><span class=\"wpcf7-list-item-label\">C\u00e9sped natural<\/span><\/label><\/span><span class=\"wpcf7-list-item\"><label><input type=\"radio\" name=\"radio-509\" value=\"Pavimento\" \/><span class=\"wpcf7-list-item-label\">Pavimento<\/span><\/label><\/span><span class=\"wpcf7-list-item last\"><label><input type=\"radio\" name=\"radio-509\" value=\"C\u00e9sped artificial\" \/><span class=\"wpcf7-list-item-label\">C\u00e9sped artificial<\/span><\/label><\/span><\/span><\/span> <\/label>\n<\/p>\n<p><label> Mensaje *<br \/>\n<span class=\"wpcf7-form-control-wrap\" data-name=\"your-message\"><textarea cols=\"40\" rows=\"3\" maxlength=\"2000\" class=\"wpcf7-form-control wpcf7-textarea wpcf7-validates-as-required\" aria-required=\"true\" aria-invalid=\"false\" name=\"your-message\"><\/textarea><\/span> <\/label>\n<\/p>\n<p style=\"font-weight: lighter; font-size:12px;\">Informaci\u00f3n b\u00e1sica sobre el tratamiento de datos (Reglamento (UE) 2016\/679 y LO 3\/2018)<br \/>\nResponsable del tratamiento: Naturcesped C\u00e9sped Artificial, SL.\n<\/p>\n<p style=\"font-weight: lighter; font-size:12px;\">Finalidad: Ofrecer, prestar y facturar nuestros servicios y productos.\n<\/p>\n<p style=\"font-weight: lighter; font-size:12px;\">Legitimaci\u00f3n: Consentimiento del interesado.\n<\/p>\n<p style=\"font-weight: lighter; font-size:12px;\">Destinatarios: Los datos no se ceder\u00e1n a terceros, a menos que lo exija una ley o sea necesario para cumplir con la finalidad del tratamiento.\n<\/p>\n<p style=\"font-weight: lighter; font-size:12px;\">Derechos: Acceder, rectificar y suprimir datos, as\u00ed como el resto que se explican en la pol\u00edtica de protecci\u00f3n de datos.\n<\/p>\n<p style=\"font-weight: lighter; font-size:12px;\">M\u00e1s informaci\u00f3n en nuestra pol\u00edtica de protecci\u00f3n de datos.\n<\/p>\n<p><input class=\"wpcf7-form-control wpcf7-submit has-spinner\" type=\"submit\" value=\"Enviar\" \/>\n<\/p><div class=\"wpcf7-response-output\" aria-hidden=\"true\"><\/div>\n<\/form>\n<\/div>\n[\/vc_column][\/vc_row]<\/p>\n<\/div>","protected":false},"excerpt":{"rendered":"<p>[vc_row gap=\u00bb35&#8243;][vc_column width=\u00bb2\/3&#8243;][vc_single_image image=\u00bb424&#8243;][vc_column_text] Nunca hab\u00eda sido tan sencillo disponer de un c\u00e9sped artificial en Viladecans de m\u00e1xima calidad como con Naturcesped. En nuestra empresa creamos propuestas a medida, para que puedas disfrutar de un espacio exterior cuidado, bonito y funcional todos los d\u00edas del a\u00f1o y durante mucho tiempo. Nuestro c\u00e9sped artificial tiene 10 a\u00f1os de garant\u00eda, no se<\/p>\n<div class=\"h10\"><\/div>\n<p><a class=\"more-link1\" href=\"https:\/\/naturcesped.com\/es\/cesped-artificial-viladecans\/\">Read more<\/a><\/p>\n","protected":false},"author":1,"featured_media":0,"parent":0,"menu_order":0,"comment_status":"closed","ping_status":"closed","template":"","meta":{"footnotes":""},"class_list":["post-940","page","type-page","status-publish","hentry"],"yoast_head":"<!-- This site is optimized with the Yoast SEO plugin v26.3 - https:\/\/yoast.com\/wordpress\/plugins\/seo\/ -->\n<title>C\u00e9sped artificial Viladecans - Naturcesped<\/title>\n<meta name=\"description\" content=\"Descubre todas las opcioens de c\u00e9sped artifcial en Viladecans, mira nuestro cat\u00e1logo y descubre todos los modelos para seleccionar el que m\u00e1s se adapte a lo que est\u00e1s buscando.\" \/>\n<meta name=\"robots\" content=\"index, follow, max-snippet:-1, max-image-preview:large, max-video-preview:-1\" \/>\n<link rel=\"canonical\" href=\"https:\/\/naturcesped.com\/es\/cesped-artificial-viladecans\/\" \/>\n<meta property=\"og:locale\" content=\"es_ES\" \/>\n<meta property=\"og:type\" content=\"article\" \/>\n<meta property=\"og:title\" content=\"C\u00e9sped artificial Viladecans - Naturcesped\" \/>\n<meta property=\"og:description\" content=\"Descubre todas las opcioens de c\u00e9sped artifcial en Viladecans, mira nuestro cat\u00e1logo y descubre todos los modelos para seleccionar el que m\u00e1s se adapte a lo que est\u00e1s buscando.\" \/>\n<meta property=\"og:url\" content=\"https:\/\/naturcesped.com\/es\/cesped-artificial-viladecans\/\" \/>\n<meta property=\"og:site_name\" content=\"NaturC\u00e9sped\" \/>\n<meta property=\"article:modified_time\" content=\"2023-12-20T09:43:28+00:00\" \/>\n<meta name=\"twitter:card\" content=\"summary_large_image\" \/>\n<meta name=\"twitter:label1\" content=\"Tiempo de lectura\" \/>\n\t<meta name=\"twitter:data1\" content=\"3 minutos\" \/>\n<script type=\"application\/ld+json\" class=\"yoast-schema-graph\">{\"@context\":\"https:\/\/schema.org\",\"@graph\":[{\"@type\":\"WebPage\",\"@id\":\"https:\/\/naturcesped.com\/es\/cesped-artificial-viladecans\/\",\"url\":\"https:\/\/naturcesped.com\/es\/cesped-artificial-viladecans\/\",\"name\":\"C\u00e9sped artificial Viladecans - Naturcesped\",\"isPartOf\":{\"@id\":\"https:\/\/naturcesped.com\/es\/#website\"},\"datePublished\":\"2022-10-07T08:28:24+00:00\",\"dateModified\":\"2023-12-20T09:43:28+00:00\",\"description\":\"Descubre todas las opcioens de c\u00e9sped artifcial en Viladecans, mira nuestro cat\u00e1logo y descubre todos los modelos para seleccionar el que m\u00e1s se adapte a lo que est\u00e1s buscando.\",\"breadcrumb\":{\"@id\":\"https:\/\/naturcesped.com\/es\/cesped-artificial-viladecans\/#breadcrumb\"},\"inLanguage\":\"es\",\"potentialAction\":[{\"@type\":\"ReadAction\",\"target\":[\"https:\/\/naturcesped.com\/es\/cesped-artificial-viladecans\/\"]}]},{\"@type\":\"BreadcrumbList\",\"@id\":\"https:\/\/naturcesped.com\/es\/cesped-artificial-viladecans\/#breadcrumb\",\"itemListElement\":[{\"@type\":\"ListItem\",\"position\":1,\"name\":\"Portada\",\"item\":\"https:\/\/naturcesped.com\/es\/\"},{\"@type\":\"ListItem\",\"position\":2,\"name\":\"C\u00e9sped artificial Viladecans\"}]},{\"@type\":\"WebSite\",\"@id\":\"https:\/\/naturcesped.com\/es\/#website\",\"url\":\"https:\/\/naturcesped.com\/es\/\",\"name\":\"NaturC\u00e9sped\",\"description\":\"C\u00e9sped artificial en Girona\",\"potentialAction\":[{\"@type\":\"SearchAction\",\"target\":{\"@type\":\"EntryPoint\",\"urlTemplate\":\"https:\/\/naturcesped.com\/es\/?s={search_term_string}\"},\"query-input\":{\"@type\":\"PropertyValueSpecification\",\"valueRequired\":true,\"valueName\":\"search_term_string\"}}],\"inLanguage\":\"es\"}]}<\/script>\n<!-- \/ Yoast SEO plugin. -->","yoast_head_json":{"title":"C\u00e9sped artificial Viladecans - Naturcesped","description":"Descubre todas las opcioens de c\u00e9sped artifcial en Viladecans, mira nuestro cat\u00e1logo y descubre todos los modelos para seleccionar el que m\u00e1s se adapte a lo que est\u00e1s buscando.","robots":{"index":"index","follow":"follow","max-snippet":"max-snippet:-1","max-image-preview":"max-image-preview:large","max-video-preview":"max-video-preview:-1"},"canonical":"https:\/\/naturcesped.com\/es\/cesped-artificial-viladecans\/","og_locale":"es_ES","og_type":"article","og_title":"C\u00e9sped artificial Viladecans - Naturcesped","og_description":"Descubre todas las opcioens de c\u00e9sped artifcial en Viladecans, mira nuestro cat\u00e1logo y descubre todos los modelos para seleccionar el que m\u00e1s se adapte a lo que est\u00e1s buscando.","og_url":"https:\/\/naturcesped.com\/es\/cesped-artificial-viladecans\/","og_site_name":"NaturC\u00e9sped","article_modified_time":"2023-12-20T09:43:28+00:00","twitter_card":"summary_large_image","twitter_misc":{"Tiempo de lectura":"3 minutos"},"schema":{"@context":"https:\/\/schema.org","@graph":[{"@type":"WebPage","@id":"https:\/\/naturcesped.com\/es\/cesped-artificial-viladecans\/","url":"https:\/\/naturcesped.com\/es\/cesped-artificial-viladecans\/","name":"C\u00e9sped artificial Viladecans - Naturcesped","isPartOf":{"@id":"https:\/\/naturcesped.com\/es\/#website"},"datePublished":"2022-10-07T08:28:24+00:00","dateModified":"2023-12-20T09:43:28+00:00","description":"Descubre todas las opcioens de c\u00e9sped artifcial en Viladecans, mira nuestro cat\u00e1logo y descubre todos los modelos para seleccionar el que m\u00e1s se adapte a lo que est\u00e1s buscando.","breadcrumb":{"@id":"https:\/\/naturcesped.com\/es\/cesped-artificial-viladecans\/#breadcrumb"},"inLanguage":"es","potentialAction":[{"@type":"ReadAction","target":["https:\/\/naturcesped.com\/es\/cesped-artificial-viladecans\/"]}]},{"@type":"BreadcrumbList","@id":"https:\/\/naturcesped.com\/es\/cesped-artificial-viladecans\/#breadcrumb","itemListElement":[{"@type":"ListItem","position":1,"name":"Portada","item":"https:\/\/naturcesped.com\/es\/"},{"@type":"ListItem","position":2,"name":"C\u00e9sped artificial Viladecans"}]},{"@type":"WebSite","@id":"https:\/\/naturcesped.com\/es\/#website","url":"https:\/\/naturcesped.com\/es\/","name":"NaturC\u00e9sped","description":"C\u00e9sped artificial en Girona","potentialAction":[{"@type":"SearchAction","target":{"@type":"EntryPoint","urlTemplate":"https:\/\/naturcesped.com\/es\/?s={search_term_string}"},"query-input":{"@type":"PropertyValueSpecification","valueRequired":true,"valueName":"search_term_string"}}],"inLanguage":"es"}]}},"_links":{"self":[{"href":"https:\/\/naturcesped.com\/es\/wp-json\/wp\/v2\/pages\/940","targetHints":{"allow":["GET"]}}],"collection":[{"href":"https:\/\/naturcesped.com\/es\/wp-json\/wp\/v2\/pages"}],"about":[{"href":"https:\/\/naturcesped.com\/es\/wp-json\/wp\/v2\/types\/page"}],"author":[{"embeddable":true,"href":"https:\/\/naturcesped.com\/es\/wp-json\/wp\/v2\/users\/1"}],"replies":[{"embeddable":true,"href":"https:\/\/naturcesped.com\/es\/wp-json\/wp\/v2\/comments?post=940"}],"version-history":[{"count":0,"href":"https:\/\/naturcesped.com\/es\/wp-json\/wp\/v2\/pages\/940\/revisions"}],"wp:attachment":[{"href":"https:\/\/naturcesped.com\/es\/wp-json\/wp\/v2\/media?parent=940"}],"curies":[{"name":"wp","href":"https:\/\/api.w.org\/{rel}","templated":true}]}}