{"id":936,"date":"2022-10-07T07:52:42","date_gmt":"2022-10-07T07:52:42","guid":{"rendered":"https:\/\/naturcesped.com\/?page_id=936"},"modified":"2023-12-20T09:12:33","modified_gmt":"2023-12-20T09:12:33","slug":"cesped-artificial-palamos","status":"publish","type":"page","link":"https:\/\/naturcesped.com\/es\/cesped-artificial-palamos\/","title":{"rendered":"C\u00e9sped artificial Palam\u00f3s"},"content":{"rendered":"<div class=\"wpb-content-wrapper\"><p>[vc_row gap=\u00bb35&#8243;][vc_column width=\u00bb2\/3&#8243;][vc_single_image image=\u00bb424&#8243;][vc_column_text]<\/p>\n<p style=\"text-align: justify;\">En Naturcesped presentamos <a href=\"\/es\/cesped-artificial\/\"><strong>c\u00e9sped artificial en Palam\u00f3s<\/strong><\/a> de m\u00e1xima calidad, para que puedas disponer de opciones duraderas y ajustadas a tu terreno. Descubre una amplia y variada gama de c\u00e9sped artificial para instalar opciones de gran calidad y durabilidad, que se mantengan en perfecto estado a lo largo de los a\u00f1os.<\/p>\n<p style=\"text-align: justify;\">Somos especialistas en la instalaci\u00f3n de <strong>c\u00e9sped artificial en Palam\u00f3s<\/strong> para empresas y tambi\u00e9n para particulares y dise\u00f1amos opciones a medida para los clientes, teniendo en cuenta las particularidades de cada terreno.<\/p>\n<p>[\/vc_column_text][vc_row_inner][vc_column_inner width=\u00bb1\/3&#8243;][\/vc_column_inner][vc_column_inner width=\u00bb1\/3&#8243;]<a\thref=\"https:\/\/naturcesped.com\/es\/contacto\/\" \n\t\t\t\tclass=\"button btn_large btn_theme_color btn_rounded btn_normal_style    \"  target='_self'><span>CONTACTA CON NOSOTROS<\/span><\/a>[\/vc_column_inner][vc_column_inner width=\u00bb1\/3&#8243;][\/vc_column_inner][\/vc_row_inner][vc_column_text]<\/p>\n<p style=\"text-align: justify;\">Desde Naturcesped, ponemos a tu disposici\u00f3n una gran variedad de modelos, disfrutando de un tacto suave, agradable y que se adapta a la perfecci\u00f3n a tu jard\u00edn, piscina, terraza o patio. Nuestro c\u00e9sped tiene un aspecto muy realista y no necesita ning\u00fan tipo de mantenimiento.<\/p>\n<p style=\"text-align: justify;\">Cuando aceptes el presupuesto de la instalaci\u00f3n de <strong>c\u00e9sped artificial en Palam\u00f3s<\/strong>, desde Naturcesped nos pondremos a trabajar en el proyecto para empezar con la instalaci\u00f3n tan pronto como sea posible. Te aconsejamos y asesoramos y necesitamos saber sobre qu\u00e9 base se va a instalar, la cantidad de metros cuadrados de los que dispone el terreno o si va a ser una zona de mucha pisada.<\/p>\n<p style=\"text-align: justify;\">Somos especialistas en la instalaci\u00f3n de <strong>c\u00e9sped artificial en Palam\u00f3s<\/strong> de alta calidad y ofrecemos un gran control de calidad en cada uno de nuestros productos. En Naturcesped te ofrecemos <strong>c\u00e9sped artificial en Palam\u00f3s<\/strong> y tambi\u00e9n c\u00e9sped de color, c\u00e9sped deportivo o c\u00e9sped para proyectos de paisajismo, as\u00ed como vallas y tarimas, para mejorar la est\u00e9tica y la funcionalidad de todo tipo de espacios exteriores.<\/p>\n<p style=\"text-align: justify;\">Nuestra consolidaci\u00f3n en el mercado tiene su origen en 2010, creando esta marca dentro de la empresa familiar, dando un trato especializado en c\u00e9sped artificial. Actualmente, somos una empresa referente en Barcelona dentro de este sector y podemos ofrecerte soluciones a medida de gran calidad.<\/p>\n<p style=\"text-align: justify;\">El <strong>c\u00e9sped artificial en Palam\u00f3s<\/strong> es una opci\u00f3n sostenible para tu terreno, porque puede reciclarse y no genera residuos, ni se decolora, ni se ensucia, ni se encharca ni se ve deteriorado por el paso del tiempo, aun estando en la intemperie. El c\u00e9sped artificial cuenta con m\u00faltiples ventajas para el terreno, como el ahorro de agua y, en consecuencia, tambi\u00e9n hay ahorro econ\u00f3mico.<\/p>\n<p style=\"text-align: justify;\">Disfruta de un producto de gran calidad y muy rentable, mediante la instalaci\u00f3n de c\u00e9sped artificial que te ofrecemos en Naturcesped. C\u00e9sped artificial con 10 a\u00f1os de garant\u00eda, que se presenta en todo tipo de modelos, colores y texturas. Contacta con nosotros para recibir asesoramiento y encuentra la mejor opci\u00f3n para tu terreno.<\/p>\n<p style=\"text-align: justify;\">Si quieres que nos ocupemos de la instalaci\u00f3n del <strong>c\u00e9sped artificial en Palam\u00f3s<\/strong>, env\u00eda un correo electr\u00f3nico a <a href=\"mailto:info@giroverd.com\">info@giroverd.com<\/a>, llama al 618 361 459\/ 872 20 21 41 o rellena el formulario de contacto.<\/p>\n<p>[\/vc_column_text][\/vc_column][vc_column width=\u00bb1\/3&#8243;][vc_column_text]<\/p>\n<h2 style=\"text-align: center;\">Cont\u00e1ctanos para m\u00e1s informaci\u00f3n<\/h2>\n<p>[\/vc_column_text]<div class=\"boc_divider_holder\"><div class=\"boc_divider  \"  style=\"margin-top: 20px;margin-bottom: 20px;height: 1px;background: #eeeeee;\"><\/div><\/div>\n<div class=\"wpcf7 no-js\" id=\"wpcf7-f202-o1\" lang=\"es-ES\" dir=\"ltr\" data-wpcf7-id=\"202\">\n<div class=\"screen-reader-response\"><p role=\"status\" aria-live=\"polite\" aria-atomic=\"true\"><\/p> <ul><\/ul><\/div>\n<form action=\"\/es\/wp-json\/wp\/v2\/pages\/936#wpcf7-f202-o1\" method=\"post\" class=\"wpcf7-form init\" aria-label=\"Formulario de contacto\" novalidate=\"novalidate\" data-status=\"init\">\n<fieldset class=\"hidden-fields-container\"><input type=\"hidden\" name=\"_wpcf7\" value=\"202\" \/><input type=\"hidden\" name=\"_wpcf7_version\" value=\"6.1.3\" \/><input type=\"hidden\" name=\"_wpcf7_locale\" value=\"es_ES\" \/><input type=\"hidden\" name=\"_wpcf7_unit_tag\" value=\"wpcf7-f202-o1\" \/><input type=\"hidden\" name=\"_wpcf7_container_post\" value=\"0\" \/><input type=\"hidden\" name=\"_wpcf7_posted_data_hash\" value=\"\" \/><input type=\"hidden\" name=\"_wpcf7_recaptcha_response\" value=\"\" \/>\n<\/fieldset>\n<p><label> Nombre y apellidos *<br \/>\n<span class=\"wpcf7-form-control-wrap\" data-name=\"your-name\"><input size=\"40\" maxlength=\"400\" class=\"wpcf7-form-control wpcf7-text wpcf7-validates-as-required\" aria-required=\"true\" aria-invalid=\"false\" value=\"\" type=\"text\" name=\"your-name\" \/><\/span> <\/label>\n<\/p>\n<p><label> Tel\u00e9fono *<br \/>\n<span class=\"wpcf7-form-control-wrap\" data-name=\"your-phone\"><input size=\"40\" maxlength=\"400\" class=\"wpcf7-form-control wpcf7-text wpcf7-validates-as-required\" aria-required=\"true\" aria-invalid=\"false\" value=\"\" type=\"text\" name=\"your-phone\" \/><\/span> <\/label>\n<\/p>\n<p><label> Correo electr\u00f3nico *<br \/>\n<span class=\"wpcf7-form-control-wrap\" data-name=\"your-email\"><input size=\"40\" maxlength=\"400\" class=\"wpcf7-form-control wpcf7-email wpcf7-validates-as-required wpcf7-text wpcf7-validates-as-email\" aria-required=\"true\" aria-invalid=\"false\" value=\"\" type=\"email\" name=\"your-email\" \/><\/span> <\/label>\n<\/p>\n<p><label> Municipio *<br \/>\n<span class=\"wpcf7-form-control-wrap\" data-name=\"your-town\"><input size=\"40\" maxlength=\"400\" class=\"wpcf7-form-control wpcf7-text wpcf7-validates-as-required\" aria-required=\"true\" aria-invalid=\"false\" value=\"\" type=\"text\" name=\"your-town\" \/><\/span> <\/label>\n<\/p>\n<p><label> Cantidad de m\u00b2<br \/>\n<span class=\"wpcf7-form-control-wrap\" data-name=\"your-meters\"><input size=\"40\" maxlength=\"400\" class=\"wpcf7-form-control wpcf7-text\" aria-invalid=\"false\" value=\"\" type=\"text\" name=\"your-meters\" \/><\/span> <\/label>\n<\/p>\n<p><label> Terreno actual *<br \/>\n<span class=\"wpcf7-form-control-wrap\" data-name=\"radio-509\"><span class=\"wpcf7-form-control wpcf7-radio\"><span class=\"wpcf7-list-item first\"><label><input type=\"radio\" name=\"radio-509\" value=\"Tierra\" checked=\"checked\" \/><span class=\"wpcf7-list-item-label\">Tierra<\/span><\/label><\/span><span class=\"wpcf7-list-item\"><label><input type=\"radio\" name=\"radio-509\" value=\"C\u00e9sped natural\" \/><span class=\"wpcf7-list-item-label\">C\u00e9sped natural<\/span><\/label><\/span><span class=\"wpcf7-list-item\"><label><input type=\"radio\" name=\"radio-509\" value=\"Pavimento\" \/><span class=\"wpcf7-list-item-label\">Pavimento<\/span><\/label><\/span><span class=\"wpcf7-list-item last\"><label><input type=\"radio\" name=\"radio-509\" value=\"C\u00e9sped artificial\" \/><span class=\"wpcf7-list-item-label\">C\u00e9sped artificial<\/span><\/label><\/span><\/span><\/span> <\/label>\n<\/p>\n<p><label> Mensaje *<br \/>\n<span class=\"wpcf7-form-control-wrap\" data-name=\"your-message\"><textarea cols=\"40\" rows=\"3\" maxlength=\"2000\" class=\"wpcf7-form-control wpcf7-textarea wpcf7-validates-as-required\" aria-required=\"true\" aria-invalid=\"false\" name=\"your-message\"><\/textarea><\/span> <\/label>\n<\/p>\n<p style=\"font-weight: lighter; font-size:12px;\">Informaci\u00f3n b\u00e1sica sobre el tratamiento de datos (Reglamento (UE) 2016\/679 y LO 3\/2018)<br \/>\nResponsable del tratamiento: Naturcesped C\u00e9sped Artificial, SL.\n<\/p>\n<p style=\"font-weight: lighter; font-size:12px;\">Finalidad: Ofrecer, prestar y facturar nuestros servicios y productos.\n<\/p>\n<p style=\"font-weight: lighter; font-size:12px;\">Legitimaci\u00f3n: Consentimiento del interesado.\n<\/p>\n<p style=\"font-weight: lighter; font-size:12px;\">Destinatarios: Los datos no se ceder\u00e1n a terceros, a menos que lo exija una ley o sea necesario para cumplir con la finalidad del tratamiento.\n<\/p>\n<p style=\"font-weight: lighter; font-size:12px;\">Derechos: Acceder, rectificar y suprimir datos, as\u00ed como el resto que se explican en la pol\u00edtica de protecci\u00f3n de datos.\n<\/p>\n<p style=\"font-weight: lighter; font-size:12px;\">M\u00e1s informaci\u00f3n en nuestra pol\u00edtica de protecci\u00f3n de datos.\n<\/p>\n<p><input class=\"wpcf7-form-control wpcf7-submit has-spinner\" type=\"submit\" value=\"Enviar\" \/>\n<\/p><div class=\"wpcf7-response-output\" aria-hidden=\"true\"><\/div>\n<\/form>\n<\/div>\n[\/vc_column][\/vc_row]<\/p>\n<\/div>","protected":false},"excerpt":{"rendered":"<p>[vc_row gap=\u00bb35&#8243;][vc_column width=\u00bb2\/3&#8243;][vc_single_image image=\u00bb424&#8243;][vc_column_text] En Naturcesped presentamos c\u00e9sped artificial en Palam\u00f3s de m\u00e1xima calidad, para que puedas disponer de opciones duraderas y ajustadas a tu terreno. Descubre una amplia y variada gama de c\u00e9sped artificial para instalar opciones de gran calidad y durabilidad, que se mantengan en perfecto estado a lo largo de los a\u00f1os. Somos especialistas en la instalaci\u00f3n<\/p>\n<div class=\"h10\"><\/div>\n<p><a class=\"more-link1\" href=\"https:\/\/naturcesped.com\/es\/cesped-artificial-palamos\/\">Read more<\/a><\/p>\n","protected":false},"author":1,"featured_media":0,"parent":0,"menu_order":0,"comment_status":"closed","ping_status":"closed","template":"","meta":{"footnotes":""},"class_list":["post-936","page","type-page","status-publish","hentry"],"yoast_head":"<!-- This site is optimized with the Yoast SEO plugin v26.3 - https:\/\/yoast.com\/wordpress\/plugins\/seo\/ -->\n<title>C\u00e9sped artificial Palam\u00f3s - Naturcesped<\/title>\n<meta name=\"description\" content=\"Descubre todas las opciones de c\u00e9sped artificial en Palam\u00f3s, mira nuestro cat\u00e1logo y descubre todos los modelos para seleccionar el que m\u00e1s se adapte a lo que est\u00e1s buscando. C\u00e9sped con aspecto natural y de alta calidad.\" \/>\n<meta name=\"robots\" content=\"index, follow, max-snippet:-1, max-image-preview:large, max-video-preview:-1\" \/>\n<link rel=\"canonical\" href=\"https:\/\/naturcesped.com\/es\/cesped-artificial-palamos\/\" \/>\n<meta property=\"og:locale\" content=\"es_ES\" \/>\n<meta property=\"og:type\" content=\"article\" \/>\n<meta property=\"og:title\" content=\"C\u00e9sped artificial Palam\u00f3s - Naturcesped\" \/>\n<meta property=\"og:description\" content=\"Descubre todas las opciones de c\u00e9sped artificial en Palam\u00f3s, mira nuestro cat\u00e1logo y descubre todos los modelos para seleccionar el que m\u00e1s se adapte a lo que est\u00e1s buscando. C\u00e9sped con aspecto natural y de alta calidad.\" \/>\n<meta property=\"og:url\" content=\"https:\/\/naturcesped.com\/es\/cesped-artificial-palamos\/\" \/>\n<meta property=\"og:site_name\" content=\"NaturC\u00e9sped\" \/>\n<meta property=\"article:modified_time\" content=\"2023-12-20T09:12:33+00:00\" \/>\n<meta name=\"twitter:card\" content=\"summary_large_image\" \/>\n<meta name=\"twitter:label1\" content=\"Tiempo de lectura\" \/>\n\t<meta name=\"twitter:data1\" content=\"3 minutos\" \/>\n<script type=\"application\/ld+json\" class=\"yoast-schema-graph\">{\"@context\":\"https:\/\/schema.org\",\"@graph\":[{\"@type\":\"WebPage\",\"@id\":\"https:\/\/naturcesped.com\/es\/cesped-artificial-palamos\/\",\"url\":\"https:\/\/naturcesped.com\/es\/cesped-artificial-palamos\/\",\"name\":\"C\u00e9sped artificial Palam\u00f3s - Naturcesped\",\"isPartOf\":{\"@id\":\"https:\/\/naturcesped.com\/es\/#website\"},\"datePublished\":\"2022-10-07T07:52:42+00:00\",\"dateModified\":\"2023-12-20T09:12:33+00:00\",\"description\":\"Descubre todas las opciones de c\u00e9sped artificial en Palam\u00f3s, mira nuestro cat\u00e1logo y descubre todos los modelos para seleccionar el que m\u00e1s se adapte a lo que est\u00e1s buscando. C\u00e9sped con aspecto natural y de alta calidad.\",\"breadcrumb\":{\"@id\":\"https:\/\/naturcesped.com\/es\/cesped-artificial-palamos\/#breadcrumb\"},\"inLanguage\":\"es\",\"potentialAction\":[{\"@type\":\"ReadAction\",\"target\":[\"https:\/\/naturcesped.com\/es\/cesped-artificial-palamos\/\"]}]},{\"@type\":\"BreadcrumbList\",\"@id\":\"https:\/\/naturcesped.com\/es\/cesped-artificial-palamos\/#breadcrumb\",\"itemListElement\":[{\"@type\":\"ListItem\",\"position\":1,\"name\":\"Portada\",\"item\":\"https:\/\/naturcesped.com\/es\/\"},{\"@type\":\"ListItem\",\"position\":2,\"name\":\"C\u00e9sped artificial Palam\u00f3s\"}]},{\"@type\":\"WebSite\",\"@id\":\"https:\/\/naturcesped.com\/es\/#website\",\"url\":\"https:\/\/naturcesped.com\/es\/\",\"name\":\"NaturC\u00e9sped\",\"description\":\"C\u00e9sped artificial en Girona\",\"potentialAction\":[{\"@type\":\"SearchAction\",\"target\":{\"@type\":\"EntryPoint\",\"urlTemplate\":\"https:\/\/naturcesped.com\/es\/?s={search_term_string}\"},\"query-input\":{\"@type\":\"PropertyValueSpecification\",\"valueRequired\":true,\"valueName\":\"search_term_string\"}}],\"inLanguage\":\"es\"}]}<\/script>\n<!-- \/ Yoast SEO plugin. -->","yoast_head_json":{"title":"C\u00e9sped artificial Palam\u00f3s - Naturcesped","description":"Descubre todas las opciones de c\u00e9sped artificial en Palam\u00f3s, mira nuestro cat\u00e1logo y descubre todos los modelos para seleccionar el que m\u00e1s se adapte a lo que est\u00e1s buscando. C\u00e9sped con aspecto natural y de alta calidad.","robots":{"index":"index","follow":"follow","max-snippet":"max-snippet:-1","max-image-preview":"max-image-preview:large","max-video-preview":"max-video-preview:-1"},"canonical":"https:\/\/naturcesped.com\/es\/cesped-artificial-palamos\/","og_locale":"es_ES","og_type":"article","og_title":"C\u00e9sped artificial Palam\u00f3s - Naturcesped","og_description":"Descubre todas las opciones de c\u00e9sped artificial en Palam\u00f3s, mira nuestro cat\u00e1logo y descubre todos los modelos para seleccionar el que m\u00e1s se adapte a lo que est\u00e1s buscando. C\u00e9sped con aspecto natural y de alta calidad.","og_url":"https:\/\/naturcesped.com\/es\/cesped-artificial-palamos\/","og_site_name":"NaturC\u00e9sped","article_modified_time":"2023-12-20T09:12:33+00:00","twitter_card":"summary_large_image","twitter_misc":{"Tiempo de lectura":"3 minutos"},"schema":{"@context":"https:\/\/schema.org","@graph":[{"@type":"WebPage","@id":"https:\/\/naturcesped.com\/es\/cesped-artificial-palamos\/","url":"https:\/\/naturcesped.com\/es\/cesped-artificial-palamos\/","name":"C\u00e9sped artificial Palam\u00f3s - Naturcesped","isPartOf":{"@id":"https:\/\/naturcesped.com\/es\/#website"},"datePublished":"2022-10-07T07:52:42+00:00","dateModified":"2023-12-20T09:12:33+00:00","description":"Descubre todas las opciones de c\u00e9sped artificial en Palam\u00f3s, mira nuestro cat\u00e1logo y descubre todos los modelos para seleccionar el que m\u00e1s se adapte a lo que est\u00e1s buscando. C\u00e9sped con aspecto natural y de alta calidad.","breadcrumb":{"@id":"https:\/\/naturcesped.com\/es\/cesped-artificial-palamos\/#breadcrumb"},"inLanguage":"es","potentialAction":[{"@type":"ReadAction","target":["https:\/\/naturcesped.com\/es\/cesped-artificial-palamos\/"]}]},{"@type":"BreadcrumbList","@id":"https:\/\/naturcesped.com\/es\/cesped-artificial-palamos\/#breadcrumb","itemListElement":[{"@type":"ListItem","position":1,"name":"Portada","item":"https:\/\/naturcesped.com\/es\/"},{"@type":"ListItem","position":2,"name":"C\u00e9sped artificial Palam\u00f3s"}]},{"@type":"WebSite","@id":"https:\/\/naturcesped.com\/es\/#website","url":"https:\/\/naturcesped.com\/es\/","name":"NaturC\u00e9sped","description":"C\u00e9sped artificial en Girona","potentialAction":[{"@type":"SearchAction","target":{"@type":"EntryPoint","urlTemplate":"https:\/\/naturcesped.com\/es\/?s={search_term_string}"},"query-input":{"@type":"PropertyValueSpecification","valueRequired":true,"valueName":"search_term_string"}}],"inLanguage":"es"}]}},"_links":{"self":[{"href":"https:\/\/naturcesped.com\/es\/wp-json\/wp\/v2\/pages\/936","targetHints":{"allow":["GET"]}}],"collection":[{"href":"https:\/\/naturcesped.com\/es\/wp-json\/wp\/v2\/pages"}],"about":[{"href":"https:\/\/naturcesped.com\/es\/wp-json\/wp\/v2\/types\/page"}],"author":[{"embeddable":true,"href":"https:\/\/naturcesped.com\/es\/wp-json\/wp\/v2\/users\/1"}],"replies":[{"embeddable":true,"href":"https:\/\/naturcesped.com\/es\/wp-json\/wp\/v2\/comments?post=936"}],"version-history":[{"count":0,"href":"https:\/\/naturcesped.com\/es\/wp-json\/wp\/v2\/pages\/936\/revisions"}],"wp:attachment":[{"href":"https:\/\/naturcesped.com\/es\/wp-json\/wp\/v2\/media?parent=936"}],"curies":[{"name":"wp","href":"https:\/\/api.w.org\/{rel}","templated":true}]}}