{"id":482,"date":"2022-10-04T09:07:47","date_gmt":"2022-10-04T09:07:47","guid":{"rendered":"https:\/\/naturcesped.com\/?page_id=482"},"modified":"2022-10-05T09:48:15","modified_gmt":"2022-10-05T09:48:15","slug":"cesped-artificial-para-tenis-y-padel","status":"publish","type":"page","link":"https:\/\/naturcesped.com\/es\/productos\/cesped-artificial\/cesped-deportivo\/cesped-artificial-para-tenis-y-padel\/","title":{"rendered":"C\u00e9sped artificial para tenis y p\u00e1del"},"content":{"rendered":"<div class=\"wpb-content-wrapper\"><p>[vc_row][vc_column]<div class=\"boc_spacing \" style=\"height: 40px\"><\/div>[\/vc_column][\/vc_row][vc_row gap=\u00bb35&#8243;][vc_column width=\u00bb1\/3&#8243;][vc_column_text]<\/p>\n<h2>PRODUCTOS<\/h2>\n<hr \/>\n<h3><span style=\"color: #000000;\"><a style=\"color: #000000;\" href=\"\/productos\/cesped-artificial\/paisajismo\/\">Paisajismo<\/a><\/span><\/h3>\n<hr \/>\n<h3><a href=\"\/productos\/cesped-artificial\/cesped-de-color\"><span style=\"color: #000000;\">C\u00e9sped de color<\/span><\/a><\/h3>\n<hr \/>\n<h3><strong>C\u00e9sped deportivo<\/strong><\/h3>\n<hr \/>\n<h3><span style=\"color: #000000;\"><a style=\"color: #000000;\" href=\"\/productos\/tarima-y-valla-sintetica\/\">Tarima y Valla Sint\u00e9tica<\/a><\/span><\/h3>\n<hr \/>\n<p>[\/vc_column_text][\/vc_column][vc_column width=\u00bb2\/3&#8243;][vc_raw_html]JTVCYnJlYWRjcnVtYiU1RA==[\/vc_raw_html][vc_column_text]<\/p>\n<h1 style=\"font-weight: bold;\">C\u00c9SPED ARTIFICIAL PARA TENIS Y P\u00c1DEL<\/h1>\n<p>[\/vc_column_text][\/vc_column][\/vc_row][vc_row][vc_column]<div class=\"boc_spacing \" style=\"height: 40px\"><\/div>[\/vc_column][\/vc_row]<\/p>\n<\/div>","protected":false},"excerpt":{"rendered":"<p>[vc_row][vc_column][\/vc_column][\/vc_row][vc_row gap=\u00bb35&#8243;][vc_column width=\u00bb1\/3&#8243;][vc_column_text] PRODUCTOS Paisajismo C\u00e9sped de color C\u00e9sped deportivo Tarima y Valla Sint\u00e9tica [\/vc_column_text][\/vc_column][vc_column width=\u00bb2\/3&#8243;][vc_raw_html]JTVCYnJlYWRjcnVtYiU1RA==[\/vc_raw_html][vc_column_text] C\u00c9SPED ARTIFICIAL PARA TENIS Y P\u00c1DEL [\/vc_column_text][\/vc_column][\/vc_row][vc_row][vc_column][\/vc_column][\/vc_row]<\/p>\n","protected":false},"author":1,"featured_media":0,"parent":468,"menu_order":0,"comment_status":"closed","ping_status":"closed","template":"","meta":{"footnotes":""},"class_list":["post-482","page","type-page","status-publish","hentry"],"yoast_head":"<!-- This site is optimized with the Yoast SEO plugin v26.3 - https:\/\/yoast.com\/wordpress\/plugins\/seo\/ -->\n<title>C\u00e9sped artificial para tenis y p\u00e1del - Naturcesped<\/title>\n<meta name=\"description\" content=\"Descubre todas las posibilidades de c\u00e9sped artificial para campos de tenis y p\u00e1del. Ofrecemos distintos modelos de alta calidad y que presentan grandes acabados.\" \/>\n<meta name=\"robots\" content=\"index, follow, max-snippet:-1, max-image-preview:large, max-video-preview:-1\" \/>\n<link rel=\"canonical\" href=\"https:\/\/naturcesped.com\/es\/productos\/cesped-artificial\/cesped-deportivo\/cesped-artificial-para-tenis-y-padel\/\" \/>\n<meta property=\"og:locale\" content=\"es_ES\" \/>\n<meta property=\"og:type\" content=\"article\" \/>\n<meta property=\"og:title\" content=\"C\u00e9sped artificial para tenis y p\u00e1del - Naturcesped\" \/>\n<meta property=\"og:description\" content=\"Descubre todas las posibilidades de c\u00e9sped artificial para campos de tenis y p\u00e1del. Ofrecemos distintos modelos de alta calidad y que presentan grandes acabados.\" \/>\n<meta property=\"og:url\" content=\"https:\/\/naturcesped.com\/es\/productos\/cesped-artificial\/cesped-deportivo\/cesped-artificial-para-tenis-y-padel\/\" \/>\n<meta property=\"og:site_name\" content=\"NaturC\u00e9sped\" \/>\n<meta property=\"article:modified_time\" content=\"2022-10-05T09:48:15+00:00\" \/>\n<meta name=\"twitter:card\" content=\"summary_large_image\" \/>\n<script type=\"application\/ld+json\" class=\"yoast-schema-graph\">{\"@context\":\"https:\/\/schema.org\",\"@graph\":[{\"@type\":\"WebPage\",\"@id\":\"https:\/\/naturcesped.com\/es\/productos\/cesped-artificial\/cesped-deportivo\/cesped-artificial-para-tenis-y-padel\/\",\"url\":\"https:\/\/naturcesped.com\/es\/productos\/cesped-artificial\/cesped-deportivo\/cesped-artificial-para-tenis-y-padel\/\",\"name\":\"C\u00e9sped artificial para tenis y p\u00e1del - Naturcesped\",\"isPartOf\":{\"@id\":\"https:\/\/naturcesped.com\/es\/#website\"},\"datePublished\":\"2022-10-04T09:07:47+00:00\",\"dateModified\":\"2022-10-05T09:48:15+00:00\",\"description\":\"Descubre todas las posibilidades de c\u00e9sped artificial para campos de tenis y p\u00e1del. Ofrecemos distintos modelos de alta calidad y que presentan grandes acabados.\",\"breadcrumb\":{\"@id\":\"https:\/\/naturcesped.com\/es\/productos\/cesped-artificial\/cesped-deportivo\/cesped-artificial-para-tenis-y-padel\/#breadcrumb\"},\"inLanguage\":\"es\",\"potentialAction\":[{\"@type\":\"ReadAction\",\"target\":[\"https:\/\/naturcesped.com\/es\/productos\/cesped-artificial\/cesped-deportivo\/cesped-artificial-para-tenis-y-padel\/\"]}]},{\"@type\":\"BreadcrumbList\",\"@id\":\"https:\/\/naturcesped.com\/es\/productos\/cesped-artificial\/cesped-deportivo\/cesped-artificial-para-tenis-y-padel\/#breadcrumb\",\"itemListElement\":[{\"@type\":\"ListItem\",\"position\":1,\"name\":\"Portada\",\"item\":\"https:\/\/naturcesped.com\/es\/\"},{\"@type\":\"ListItem\",\"position\":2,\"name\":\"Productos\",\"item\":\"https:\/\/naturcesped.com\/es\/productos\/\"},{\"@type\":\"ListItem\",\"position\":3,\"name\":\"C\u00e9sped artificial\",\"item\":\"https:\/\/naturcesped.com\/es\/productos\/cesped-artificial\/\"},{\"@type\":\"ListItem\",\"position\":4,\"name\":\"C\u00e9sped deportivo\",\"item\":\"https:\/\/naturcesped.com\/es\/productos\/cesped-artificial\/cesped-deportivo\/\"},{\"@type\":\"ListItem\",\"position\":5,\"name\":\"C\u00e9sped artificial para tenis y p\u00e1del\"}]},{\"@type\":\"WebSite\",\"@id\":\"https:\/\/naturcesped.com\/es\/#website\",\"url\":\"https:\/\/naturcesped.com\/es\/\",\"name\":\"NaturC\u00e9sped\",\"description\":\"C\u00e9sped artificial en Girona\",\"potentialAction\":[{\"@type\":\"SearchAction\",\"target\":{\"@type\":\"EntryPoint\",\"urlTemplate\":\"https:\/\/naturcesped.com\/es\/?s={search_term_string}\"},\"query-input\":{\"@type\":\"PropertyValueSpecification\",\"valueRequired\":true,\"valueName\":\"search_term_string\"}}],\"inLanguage\":\"es\"}]}<\/script>\n<!-- \/ Yoast SEO plugin. -->","yoast_head_json":{"title":"C\u00e9sped artificial para tenis y p\u00e1del - Naturcesped","description":"Descubre todas las posibilidades de c\u00e9sped artificial para campos de tenis y p\u00e1del. Ofrecemos distintos modelos de alta calidad y que presentan grandes acabados.","robots":{"index":"index","follow":"follow","max-snippet":"max-snippet:-1","max-image-preview":"max-image-preview:large","max-video-preview":"max-video-preview:-1"},"canonical":"https:\/\/naturcesped.com\/es\/productos\/cesped-artificial\/cesped-deportivo\/cesped-artificial-para-tenis-y-padel\/","og_locale":"es_ES","og_type":"article","og_title":"C\u00e9sped artificial para tenis y p\u00e1del - Naturcesped","og_description":"Descubre todas las posibilidades de c\u00e9sped artificial para campos de tenis y p\u00e1del. Ofrecemos distintos modelos de alta calidad y que presentan grandes acabados.","og_url":"https:\/\/naturcesped.com\/es\/productos\/cesped-artificial\/cesped-deportivo\/cesped-artificial-para-tenis-y-padel\/","og_site_name":"NaturC\u00e9sped","article_modified_time":"2022-10-05T09:48:15+00:00","twitter_card":"summary_large_image","schema":{"@context":"https:\/\/schema.org","@graph":[{"@type":"WebPage","@id":"https:\/\/naturcesped.com\/es\/productos\/cesped-artificial\/cesped-deportivo\/cesped-artificial-para-tenis-y-padel\/","url":"https:\/\/naturcesped.com\/es\/productos\/cesped-artificial\/cesped-deportivo\/cesped-artificial-para-tenis-y-padel\/","name":"C\u00e9sped artificial para tenis y p\u00e1del - Naturcesped","isPartOf":{"@id":"https:\/\/naturcesped.com\/es\/#website"},"datePublished":"2022-10-04T09:07:47+00:00","dateModified":"2022-10-05T09:48:15+00:00","description":"Descubre todas las posibilidades de c\u00e9sped artificial para campos de tenis y p\u00e1del. Ofrecemos distintos modelos de alta calidad y que presentan grandes acabados.","breadcrumb":{"@id":"https:\/\/naturcesped.com\/es\/productos\/cesped-artificial\/cesped-deportivo\/cesped-artificial-para-tenis-y-padel\/#breadcrumb"},"inLanguage":"es","potentialAction":[{"@type":"ReadAction","target":["https:\/\/naturcesped.com\/es\/productos\/cesped-artificial\/cesped-deportivo\/cesped-artificial-para-tenis-y-padel\/"]}]},{"@type":"BreadcrumbList","@id":"https:\/\/naturcesped.com\/es\/productos\/cesped-artificial\/cesped-deportivo\/cesped-artificial-para-tenis-y-padel\/#breadcrumb","itemListElement":[{"@type":"ListItem","position":1,"name":"Portada","item":"https:\/\/naturcesped.com\/es\/"},{"@type":"ListItem","position":2,"name":"Productos","item":"https:\/\/naturcesped.com\/es\/productos\/"},{"@type":"ListItem","position":3,"name":"C\u00e9sped artificial","item":"https:\/\/naturcesped.com\/es\/productos\/cesped-artificial\/"},{"@type":"ListItem","position":4,"name":"C\u00e9sped deportivo","item":"https:\/\/naturcesped.com\/es\/productos\/cesped-artificial\/cesped-deportivo\/"},{"@type":"ListItem","position":5,"name":"C\u00e9sped artificial para tenis y p\u00e1del"}]},{"@type":"WebSite","@id":"https:\/\/naturcesped.com\/es\/#website","url":"https:\/\/naturcesped.com\/es\/","name":"NaturC\u00e9sped","description":"C\u00e9sped artificial en Girona","potentialAction":[{"@type":"SearchAction","target":{"@type":"EntryPoint","urlTemplate":"https:\/\/naturcesped.com\/es\/?s={search_term_string}"},"query-input":{"@type":"PropertyValueSpecification","valueRequired":true,"valueName":"search_term_string"}}],"inLanguage":"es"}]}},"_links":{"self":[{"href":"https:\/\/naturcesped.com\/es\/wp-json\/wp\/v2\/pages\/482","targetHints":{"allow":["GET"]}}],"collection":[{"href":"https:\/\/naturcesped.com\/es\/wp-json\/wp\/v2\/pages"}],"about":[{"href":"https:\/\/naturcesped.com\/es\/wp-json\/wp\/v2\/types\/page"}],"author":[{"embeddable":true,"href":"https:\/\/naturcesped.com\/es\/wp-json\/wp\/v2\/users\/1"}],"replies":[{"embeddable":true,"href":"https:\/\/naturcesped.com\/es\/wp-json\/wp\/v2\/comments?post=482"}],"version-history":[{"count":0,"href":"https:\/\/naturcesped.com\/es\/wp-json\/wp\/v2\/pages\/482\/revisions"}],"up":[{"embeddable":true,"href":"https:\/\/naturcesped.com\/es\/wp-json\/wp\/v2\/pages\/468"}],"wp:attachment":[{"href":"https:\/\/naturcesped.com\/es\/wp-json\/wp\/v2\/media?parent=482"}],"curies":[{"name":"wp","href":"https:\/\/api.w.org\/{rel}","templated":true}]}}