{"id":476,"date":"2022-10-04T09:02:14","date_gmt":"2022-10-04T09:02:14","guid":{"rendered":"https:\/\/naturcesped.com\/?page_id=476"},"modified":"2022-10-05T09:48:04","modified_gmt":"2022-10-05T09:48:04","slug":"cesped-artificial-para-futbol","status":"publish","type":"page","link":"https:\/\/naturcesped.com\/es\/productos\/cesped-artificial\/cesped-deportivo\/cesped-artificial-para-futbol\/","title":{"rendered":"C\u00e9sped artificial para f\u00fatbol"},"content":{"rendered":"<div class=\"wpb-content-wrapper\"><p>[vc_row][vc_column]<div class=\"boc_spacing \" style=\"height: 40px\"><\/div>[\/vc_column][\/vc_row][vc_row gap=\u00bb35&#8243;][vc_column width=\u00bb1\/3&#8243;][vc_column_text]<\/p>\n<h2>PRODUCTOS<\/h2>\n<hr \/>\n<h3><span style=\"color: #000000;\"><a style=\"color: #000000;\" href=\"\/productos\/cesped-artificial\/paisajismo\/\">Paisajismo<\/a><\/span><\/h3>\n<hr \/>\n<h3><a href=\"\/productos\/cesped-artificial\/cesped-de-color\"><span style=\"color: #000000;\">C\u00e9sped de color<\/span><\/a><\/h3>\n<hr \/>\n<h3><strong>C\u00e9sped deportivo<\/strong><\/h3>\n<hr \/>\n<h3><span style=\"color: #000000;\"><a style=\"color: #000000;\" href=\"\/productos\/tarima-y-valla-sintetica\/\">Tarima y Valla Sint\u00e9tica<\/a><\/span><\/h3>\n<hr \/>\n<p>[\/vc_column_text][\/vc_column][vc_column width=\u00bb2\/3&#8243;][vc_raw_html]JTVCYnJlYWRjcnVtYiU1RA==[\/vc_raw_html][vc_row_inner][vc_column_inner width=\u00bb1\/2&#8243;][vc_single_image image=\u00bb469&#8243;][\/vc_column_inner][vc_column_inner width=\u00bb1\/2&#8243;][vc_column_text]<\/p>\n<h1 style=\"font-weight: bold;\">C\u00c9SPED ARTIFICIAL PARA FUTBOL<\/h1>\n<div class=\"text mb15\">\n<h4>Descubra c\u00f3mo algunos Clubes de F\u00fatbol logran un retorno del 25% de la inversi\u00f3n con c\u00e9sped sint\u00e9tico<\/h4>\n<div class=\"gap\">\n<p>\u00a0Y transformar su campo de alta calidad, seguro para los jugadores, para todo tipo de clima, en un flujo de Ingresos durante todo el a\u00f1o.<\/p>\n<p>Si usted administra los campos de un equipo de f\u00fatbol de primer nivel, o clubes de j\u00f3venes, o de un municipio, sabe como es el <strong>c\u00e9sped natural<\/strong>:<\/p>\n<ul>\n<li style=\"list-style-type: none;\">\n<ul class=\"fa-ul\">\n<li>Son costosos y requieren mucho trabajo para mantenerlos<\/li>\n<li>Se pierde ingresos con tiempos lluviosos o heladas a causa de las cancelaciones de los entrenamientos, partidos y eventos<\/li>\n<\/ul>\n<\/li>\n<\/ul>\n<p>Y en esta econom\u00eda con presupuestos ajustados, es necesario reducir costes y maximizar los ingresos de cualquier manera posible.<\/p>\n<\/div>\n<\/div>\n<p>[\/vc_column_text][\/vc_column_inner][\/vc_row_inner][\/vc_column][\/vc_row][vc_row][vc_column]<div class=\"boc_spacing \" style=\"height: 40px\"><\/div>[\/vc_column][\/vc_row]<\/p>\n<\/div>","protected":false},"excerpt":{"rendered":"<p>[vc_row][vc_column][\/vc_column][\/vc_row][vc_row gap=\u00bb35&#8243;][vc_column width=\u00bb1\/3&#8243;][vc_column_text] PRODUCTOS Paisajismo C\u00e9sped de color C\u00e9sped deportivo Tarima y Valla Sint\u00e9tica [\/vc_column_text][\/vc_column][vc_column width=\u00bb2\/3&#8243;][vc_raw_html]JTVCYnJlYWRjcnVtYiU1RA==[\/vc_raw_html][vc_row_inner][vc_column_inner width=\u00bb1\/2&#8243;][vc_single_image image=\u00bb469&#8243;][\/vc_column_inner][vc_column_inner width=\u00bb1\/2&#8243;][vc_column_text] C\u00c9SPED ARTIFICIAL PARA FUTBOL Descubra c\u00f3mo algunos Clubes de F\u00fatbol logran un retorno del 25% de la inversi\u00f3n con c\u00e9sped sint\u00e9tico \u00a0Y transformar su campo de alta calidad, seguro para los jugadores, para todo tipo de clima, en un flujo de<\/p>\n<div class=\"h10\"><\/div>\n<p><a class=\"more-link1\" href=\"https:\/\/naturcesped.com\/es\/productos\/cesped-artificial\/cesped-deportivo\/cesped-artificial-para-futbol\/\">Read more<\/a><\/p>\n","protected":false},"author":1,"featured_media":0,"parent":468,"menu_order":0,"comment_status":"closed","ping_status":"closed","template":"","meta":{"footnotes":""},"class_list":["post-476","page","type-page","status-publish","hentry"],"yoast_head":"<!-- This site is optimized with the Yoast SEO plugin v26.3 - https:\/\/yoast.com\/wordpress\/plugins\/seo\/ -->\n<title>C\u00e9sped artificial para f\u00fatbol - Naturcesped<\/title>\n<meta name=\"description\" content=\"Disponemos de c\u00e9sped artificial de alta calidad para campos de f\u00fatbol. Descubre todas las opciones que tenemos para ti. Distintos aspectos, te asesoramos para que elijas el m\u00e1s adecuado para lo que est\u00e1s buscando.\" \/>\n<meta name=\"robots\" content=\"index, follow, max-snippet:-1, max-image-preview:large, max-video-preview:-1\" \/>\n<link rel=\"canonical\" href=\"https:\/\/naturcesped.com\/es\/productos\/cesped-artificial\/cesped-deportivo\/cesped-artificial-para-futbol\/\" \/>\n<meta property=\"og:locale\" content=\"es_ES\" \/>\n<meta property=\"og:type\" content=\"article\" \/>\n<meta property=\"og:title\" content=\"C\u00e9sped artificial para f\u00fatbol - Naturcesped\" \/>\n<meta property=\"og:description\" content=\"Disponemos de c\u00e9sped artificial de alta calidad para campos de f\u00fatbol. Descubre todas las opciones que tenemos para ti. Distintos aspectos, te asesoramos para que elijas el m\u00e1s adecuado para lo que est\u00e1s buscando.\" \/>\n<meta property=\"og:url\" content=\"https:\/\/naturcesped.com\/es\/productos\/cesped-artificial\/cesped-deportivo\/cesped-artificial-para-futbol\/\" \/>\n<meta property=\"og:site_name\" content=\"NaturC\u00e9sped\" \/>\n<meta property=\"article:modified_time\" content=\"2022-10-05T09:48:04+00:00\" \/>\n<meta name=\"twitter:card\" content=\"summary_large_image\" \/>\n<meta name=\"twitter:label1\" content=\"Tiempo de lectura\" \/>\n\t<meta name=\"twitter:data1\" content=\"1 minuto\" \/>\n<script type=\"application\/ld+json\" class=\"yoast-schema-graph\">{\"@context\":\"https:\/\/schema.org\",\"@graph\":[{\"@type\":\"WebPage\",\"@id\":\"https:\/\/naturcesped.com\/es\/productos\/cesped-artificial\/cesped-deportivo\/cesped-artificial-para-futbol\/\",\"url\":\"https:\/\/naturcesped.com\/es\/productos\/cesped-artificial\/cesped-deportivo\/cesped-artificial-para-futbol\/\",\"name\":\"C\u00e9sped artificial para f\u00fatbol - Naturcesped\",\"isPartOf\":{\"@id\":\"https:\/\/naturcesped.com\/es\/#website\"},\"datePublished\":\"2022-10-04T09:02:14+00:00\",\"dateModified\":\"2022-10-05T09:48:04+00:00\",\"description\":\"Disponemos de c\u00e9sped artificial de alta calidad para campos de f\u00fatbol. Descubre todas las opciones que tenemos para ti. Distintos aspectos, te asesoramos para que elijas el m\u00e1s adecuado para lo que est\u00e1s buscando.\",\"breadcrumb\":{\"@id\":\"https:\/\/naturcesped.com\/es\/productos\/cesped-artificial\/cesped-deportivo\/cesped-artificial-para-futbol\/#breadcrumb\"},\"inLanguage\":\"es\",\"potentialAction\":[{\"@type\":\"ReadAction\",\"target\":[\"https:\/\/naturcesped.com\/es\/productos\/cesped-artificial\/cesped-deportivo\/cesped-artificial-para-futbol\/\"]}]},{\"@type\":\"BreadcrumbList\",\"@id\":\"https:\/\/naturcesped.com\/es\/productos\/cesped-artificial\/cesped-deportivo\/cesped-artificial-para-futbol\/#breadcrumb\",\"itemListElement\":[{\"@type\":\"ListItem\",\"position\":1,\"name\":\"Portada\",\"item\":\"https:\/\/naturcesped.com\/es\/\"},{\"@type\":\"ListItem\",\"position\":2,\"name\":\"Productos\",\"item\":\"https:\/\/naturcesped.com\/es\/productos\/\"},{\"@type\":\"ListItem\",\"position\":3,\"name\":\"C\u00e9sped artificial\",\"item\":\"https:\/\/naturcesped.com\/es\/productos\/cesped-artificial\/\"},{\"@type\":\"ListItem\",\"position\":4,\"name\":\"C\u00e9sped deportivo\",\"item\":\"https:\/\/naturcesped.com\/es\/productos\/cesped-artificial\/cesped-deportivo\/\"},{\"@type\":\"ListItem\",\"position\":5,\"name\":\"C\u00e9sped artificial para f\u00fatbol\"}]},{\"@type\":\"WebSite\",\"@id\":\"https:\/\/naturcesped.com\/es\/#website\",\"url\":\"https:\/\/naturcesped.com\/es\/\",\"name\":\"NaturC\u00e9sped\",\"description\":\"C\u00e9sped artificial en Girona\",\"potentialAction\":[{\"@type\":\"SearchAction\",\"target\":{\"@type\":\"EntryPoint\",\"urlTemplate\":\"https:\/\/naturcesped.com\/es\/?s={search_term_string}\"},\"query-input\":{\"@type\":\"PropertyValueSpecification\",\"valueRequired\":true,\"valueName\":\"search_term_string\"}}],\"inLanguage\":\"es\"}]}<\/script>\n<!-- \/ Yoast SEO plugin. -->","yoast_head_json":{"title":"C\u00e9sped artificial para f\u00fatbol - Naturcesped","description":"Disponemos de c\u00e9sped artificial de alta calidad para campos de f\u00fatbol. Descubre todas las opciones que tenemos para ti. Distintos aspectos, te asesoramos para que elijas el m\u00e1s adecuado para lo que est\u00e1s buscando.","robots":{"index":"index","follow":"follow","max-snippet":"max-snippet:-1","max-image-preview":"max-image-preview:large","max-video-preview":"max-video-preview:-1"},"canonical":"https:\/\/naturcesped.com\/es\/productos\/cesped-artificial\/cesped-deportivo\/cesped-artificial-para-futbol\/","og_locale":"es_ES","og_type":"article","og_title":"C\u00e9sped artificial para f\u00fatbol - Naturcesped","og_description":"Disponemos de c\u00e9sped artificial de alta calidad para campos de f\u00fatbol. Descubre todas las opciones que tenemos para ti. Distintos aspectos, te asesoramos para que elijas el m\u00e1s adecuado para lo que est\u00e1s buscando.","og_url":"https:\/\/naturcesped.com\/es\/productos\/cesped-artificial\/cesped-deportivo\/cesped-artificial-para-futbol\/","og_site_name":"NaturC\u00e9sped","article_modified_time":"2022-10-05T09:48:04+00:00","twitter_card":"summary_large_image","twitter_misc":{"Tiempo de lectura":"1 minuto"},"schema":{"@context":"https:\/\/schema.org","@graph":[{"@type":"WebPage","@id":"https:\/\/naturcesped.com\/es\/productos\/cesped-artificial\/cesped-deportivo\/cesped-artificial-para-futbol\/","url":"https:\/\/naturcesped.com\/es\/productos\/cesped-artificial\/cesped-deportivo\/cesped-artificial-para-futbol\/","name":"C\u00e9sped artificial para f\u00fatbol - Naturcesped","isPartOf":{"@id":"https:\/\/naturcesped.com\/es\/#website"},"datePublished":"2022-10-04T09:02:14+00:00","dateModified":"2022-10-05T09:48:04+00:00","description":"Disponemos de c\u00e9sped artificial de alta calidad para campos de f\u00fatbol. Descubre todas las opciones que tenemos para ti. Distintos aspectos, te asesoramos para que elijas el m\u00e1s adecuado para lo que est\u00e1s buscando.","breadcrumb":{"@id":"https:\/\/naturcesped.com\/es\/productos\/cesped-artificial\/cesped-deportivo\/cesped-artificial-para-futbol\/#breadcrumb"},"inLanguage":"es","potentialAction":[{"@type":"ReadAction","target":["https:\/\/naturcesped.com\/es\/productos\/cesped-artificial\/cesped-deportivo\/cesped-artificial-para-futbol\/"]}]},{"@type":"BreadcrumbList","@id":"https:\/\/naturcesped.com\/es\/productos\/cesped-artificial\/cesped-deportivo\/cesped-artificial-para-futbol\/#breadcrumb","itemListElement":[{"@type":"ListItem","position":1,"name":"Portada","item":"https:\/\/naturcesped.com\/es\/"},{"@type":"ListItem","position":2,"name":"Productos","item":"https:\/\/naturcesped.com\/es\/productos\/"},{"@type":"ListItem","position":3,"name":"C\u00e9sped artificial","item":"https:\/\/naturcesped.com\/es\/productos\/cesped-artificial\/"},{"@type":"ListItem","position":4,"name":"C\u00e9sped deportivo","item":"https:\/\/naturcesped.com\/es\/productos\/cesped-artificial\/cesped-deportivo\/"},{"@type":"ListItem","position":5,"name":"C\u00e9sped artificial para f\u00fatbol"}]},{"@type":"WebSite","@id":"https:\/\/naturcesped.com\/es\/#website","url":"https:\/\/naturcesped.com\/es\/","name":"NaturC\u00e9sped","description":"C\u00e9sped artificial en Girona","potentialAction":[{"@type":"SearchAction","target":{"@type":"EntryPoint","urlTemplate":"https:\/\/naturcesped.com\/es\/?s={search_term_string}"},"query-input":{"@type":"PropertyValueSpecification","valueRequired":true,"valueName":"search_term_string"}}],"inLanguage":"es"}]}},"_links":{"self":[{"href":"https:\/\/naturcesped.com\/es\/wp-json\/wp\/v2\/pages\/476","targetHints":{"allow":["GET"]}}],"collection":[{"href":"https:\/\/naturcesped.com\/es\/wp-json\/wp\/v2\/pages"}],"about":[{"href":"https:\/\/naturcesped.com\/es\/wp-json\/wp\/v2\/types\/page"}],"author":[{"embeddable":true,"href":"https:\/\/naturcesped.com\/es\/wp-json\/wp\/v2\/users\/1"}],"replies":[{"embeddable":true,"href":"https:\/\/naturcesped.com\/es\/wp-json\/wp\/v2\/comments?post=476"}],"version-history":[{"count":0,"href":"https:\/\/naturcesped.com\/es\/wp-json\/wp\/v2\/pages\/476\/revisions"}],"up":[{"embeddable":true,"href":"https:\/\/naturcesped.com\/es\/wp-json\/wp\/v2\/pages\/468"}],"wp:attachment":[{"href":"https:\/\/naturcesped.com\/es\/wp-json\/wp\/v2\/media?parent=476"}],"curies":[{"name":"wp","href":"https:\/\/api.w.org\/{rel}","templated":true}]}}