{"id":468,"date":"2022-10-04T08:56:15","date_gmt":"2022-10-04T08:56:15","guid":{"rendered":"https:\/\/naturcesped.com\/?page_id=468"},"modified":"2022-10-05T08:20:47","modified_gmt":"2022-10-05T08:20:47","slug":"cesped-deportivo","status":"publish","type":"page","link":"https:\/\/naturcesped.com\/es\/productos\/cesped-artificial\/cesped-deportivo\/","title":{"rendered":"C\u00e9sped deportivo"},"content":{"rendered":"<div class=\"wpb-content-wrapper\"><p>[vc_row][vc_column]<div class=\"boc_spacing \" style=\"height: 40px\"><\/div>[\/vc_column][\/vc_row][vc_row gap=\u00bb35&#8243;][vc_column width=\u00bb1\/3&#8243;][vc_column_text]<\/p>\n<h2>PRODUCTOS<\/h2>\n<hr \/>\n<h3><span style=\"color: #000000;\"><a style=\"color: #000000;\" href=\"\/productos\/cesped-artificial\/paisajismo\/\">Paisajismo<\/a><\/span><\/h3>\n<hr \/>\n<h3><a href=\"\/productos\/cesped-artificial\/cesped-de-color\"><span style=\"color: #000000;\">C\u00e9sped de color<\/span><\/a><\/h3>\n<hr \/>\n<h3><strong>C\u00e9sped deportivo<\/strong><\/h3>\n<hr \/>\n<h3><span style=\"color: #000000;\"><a style=\"color: #000000;\" href=\"\/productos\/tarima-y-valla-sintetica\/\">Tarima y Valla Sint\u00e9tica<\/a><\/span><\/h3>\n<hr \/>\n<p>[\/vc_column_text][\/vc_column][vc_column width=\u00bb2\/3&#8243;][vc_raw_html]JTVCYnJlYWRjcnVtYiU1RA==[\/vc_raw_html][vc_column_text]<\/p>\n<h1 style=\"font-weight: bold;\">C\u00c9SPED DEPORTIVO<\/h1>\n<p>[\/vc_column_text][vc_row_inner][vc_column_inner width=\u00bb1\/3&#8243;]\n\t\t\t\t<a target=\"_self\" href=\"\/es\/productos\/cesped-artificial\/cesped-deportivo\/cesped-artificial-para-futbol\/\"  class=\"pic_info_link_type4\">\n\t\t\t\t  <div class=\"boc_image_box portfolio_animator_class  \">\n\t\t\t\t\t<div class=\"pic_info type4\">\n\t\t\t\t\t\t<div class=\"pic \"><div class=\"plus_overlay\"><\/div><div class=\"plus_overlay_icon\"><\/div>\n\t\t\t\t\t\t<img decoding=\"async\" width=\"600\" height=\"380\" data-src=\"https:\/\/naturcesped.com\/wp-content\/uploads\/2022\/10\/jabulanififa-600x301-6-600x380.jpg\" class=\"attachment-boc_medium size-boc_medium lazyload\" alt=\"\" src=\"data:image\/svg+xml;base64,PHN2ZyB3aWR0aD0iMSIgaGVpZ2h0PSIxIiB4bWxucz0iaHR0cDovL3d3dy53My5vcmcvMjAwMC9zdmciPjwvc3ZnPg==\" style=\"--smush-placeholder-width: 600px; --smush-placeholder-aspect-ratio: 600\/380;\" \/>\n\t\t\t\t\t\t<div class=\"img_overlay_icon\"><span class=\"portfolio_icon icon_link\"><\/span><\/div><\/div>\n\t\t\t\t\t\t<div class=\"info_overlay\">\n\t\t\t\t\t\t\t<div class=\"info_overlay_padding\">\n\t\t\t\t\t\t\t\t<div class=\"info_desc\">\n\t\t\t\t\t\t\t\t\t<span class=\"portfolio_icon icon_link\"><\/span>\t\t\t\t\n\t\t\t\t\t\t\t\t\t<h3>C\u00e9sped artificial para f\u00fatbol<\/h3>\n\t\t\t\t\t\t\t\t\t<p><\/p>\n\t\t\t\t\t\t\t\t<\/div>\n\t\t\t\t\t\t\t<\/div>\n\t\t\t\t\t\t<\/div>\n\t\t\t\t\t<\/div>\n\t\t\t\t  <\/div>\n\t\t\t\t<\/a>\n\t\t\t[\/vc_column_inner][vc_column_inner width=\u00bb1\/3&#8243;]\n\t\t\t\t<a target=\"_self\" href=\"\/es\/productos\/cesped-artificial\/cesped-deportivo\/cesped-artificial-para-rugby\/\"  class=\"pic_info_link_type4\">\n\t\t\t\t  <div class=\"boc_image_box portfolio_animator_class  \">\n\t\t\t\t\t<div class=\"pic_info type4\">\n\t\t\t\t\t\t<div class=\"pic \"><div class=\"plus_overlay\"><\/div><div class=\"plus_overlay_icon\"><\/div>\n\t\t\t\t\t\t<img decoding=\"async\" width=\"600\" height=\"380\" data-src=\"https:\/\/naturcesped.com\/wp-content\/uploads\/2022\/10\/rygby-6-600x380.jpg\" class=\"attachment-boc_medium size-boc_medium lazyload\" alt=\"\" src=\"data:image\/svg+xml;base64,PHN2ZyB3aWR0aD0iMSIgaGVpZ2h0PSIxIiB4bWxucz0iaHR0cDovL3d3dy53My5vcmcvMjAwMC9zdmciPjwvc3ZnPg==\" style=\"--smush-placeholder-width: 600px; --smush-placeholder-aspect-ratio: 600\/380;\" \/>\n\t\t\t\t\t\t<div class=\"img_overlay_icon\"><span class=\"portfolio_icon icon_link\"><\/span><\/div><\/div>\n\t\t\t\t\t\t<div class=\"info_overlay\">\n\t\t\t\t\t\t\t<div class=\"info_overlay_padding\">\n\t\t\t\t\t\t\t\t<div class=\"info_desc\">\n\t\t\t\t\t\t\t\t\t<span class=\"portfolio_icon icon_link\"><\/span>\t\t\t\t\n\t\t\t\t\t\t\t\t\t<h3>C\u00e9sped artificial para Rugby<\/h3>\n\t\t\t\t\t\t\t\t\t<p><\/p>\n\t\t\t\t\t\t\t\t<\/div>\n\t\t\t\t\t\t\t<\/div>\n\t\t\t\t\t\t<\/div>\n\t\t\t\t\t<\/div>\n\t\t\t\t  <\/div>\n\t\t\t\t<\/a>\n\t\t\t[\/vc_column_inner][vc_column_inner width=\u00bb1\/3&#8243;]\n\t\t\t\t<a target=\"_self\" href=\"\/es\/productos\/cesped-artificial\/cesped-deportivo\/cesped-artificial-para-tenis-y-padel\/\"  class=\"pic_info_link_type4\">\n\t\t\t\t  <div class=\"boc_image_box portfolio_animator_class  \">\n\t\t\t\t\t<div class=\"pic_info type4\">\n\t\t\t\t\t\t<div class=\"pic \"><div class=\"plus_overlay\"><\/div><div class=\"plus_overlay_icon\"><\/div>\n\t\t\t\t\t\t<img decoding=\"async\" width=\"600\" height=\"380\" data-src=\"https:\/\/naturcesped.com\/wp-content\/uploads\/2022\/10\/padel-6-600x380.jpg\" class=\"attachment-boc_medium size-boc_medium lazyload\" alt=\"\" src=\"data:image\/svg+xml;base64,PHN2ZyB3aWR0aD0iMSIgaGVpZ2h0PSIxIiB4bWxucz0iaHR0cDovL3d3dy53My5vcmcvMjAwMC9zdmciPjwvc3ZnPg==\" style=\"--smush-placeholder-width: 600px; --smush-placeholder-aspect-ratio: 600\/380;\" \/>\n\t\t\t\t\t\t<div class=\"img_overlay_icon\"><span class=\"portfolio_icon icon_link\"><\/span><\/div><\/div>\n\t\t\t\t\t\t<div class=\"info_overlay\">\n\t\t\t\t\t\t\t<div class=\"info_overlay_padding\">\n\t\t\t\t\t\t\t\t<div class=\"info_desc\">\n\t\t\t\t\t\t\t\t\t<span class=\"portfolio_icon icon_link\"><\/span>\t\t\t\t\n\t\t\t\t\t\t\t\t\t<h3>C\u00e9sped artificial para tenis y p\u00e1del<\/h3>\n\t\t\t\t\t\t\t\t\t<p><\/p>\n\t\t\t\t\t\t\t\t<\/div>\n\t\t\t\t\t\t\t<\/div>\n\t\t\t\t\t\t<\/div>\n\t\t\t\t\t<\/div>\n\t\t\t\t  <\/div>\n\t\t\t\t<\/a>\n\t\t\t[\/vc_column_inner][\/vc_row_inner][vc_row_inner][vc_column_inner width=\u00bb1\/3&#8243;]\n\t\t\t\t<a target=\"_self\" href=\"\/es\/productos\/cesped-artificial\/cesped-deportivo\/cesped-artificial-para-golf\/\"  class=\"pic_info_link_type4\">\n\t\t\t\t  <div class=\"boc_image_box portfolio_animator_class  \">\n\t\t\t\t\t<div class=\"pic_info type4\">\n\t\t\t\t\t\t<div class=\"pic \"><div class=\"plus_overlay\"><\/div><div class=\"plus_overlay_icon\"><\/div>\n\t\t\t\t\t\t<img decoding=\"async\" width=\"600\" height=\"380\" data-src=\"https:\/\/naturcesped.com\/wp-content\/uploads\/2022\/10\/descarga-6-600x380.jpg\" class=\"attachment-boc_medium size-boc_medium lazyload\" alt=\"\" src=\"data:image\/svg+xml;base64,PHN2ZyB3aWR0aD0iMSIgaGVpZ2h0PSIxIiB4bWxucz0iaHR0cDovL3d3dy53My5vcmcvMjAwMC9zdmciPjwvc3ZnPg==\" style=\"--smush-placeholder-width: 600px; --smush-placeholder-aspect-ratio: 600\/380;\" \/>\n\t\t\t\t\t\t<div class=\"img_overlay_icon\"><span class=\"portfolio_icon icon_link\"><\/span><\/div><\/div>\n\t\t\t\t\t\t<div class=\"info_overlay\">\n\t\t\t\t\t\t\t<div class=\"info_overlay_padding\">\n\t\t\t\t\t\t\t\t<div class=\"info_desc\">\n\t\t\t\t\t\t\t\t\t<span class=\"portfolio_icon icon_link\"><\/span>\t\t\t\t\n\t\t\t\t\t\t\t\t\t<h3>C\u00e9sped artificial para Golf<\/h3>\n\t\t\t\t\t\t\t\t\t<p><\/p>\n\t\t\t\t\t\t\t\t<\/div>\n\t\t\t\t\t\t\t<\/div>\n\t\t\t\t\t\t<\/div>\n\t\t\t\t\t<\/div>\n\t\t\t\t  <\/div>\n\t\t\t\t<\/a>\n\t\t\t[\/vc_column_inner][vc_column_inner width=\u00bb1\/3&#8243;]\n\t\t\t\t<a target=\"_self\" href=\"\/es\/productos\/cesped-artificial\/cesped-deportivo\/cesped-artificial-multideporte\/\"  class=\"pic_info_link_type4\">\n\t\t\t\t  <div class=\"boc_image_box portfolio_animator_class  \">\n\t\t\t\t\t<div class=\"pic_info type4\">\n\t\t\t\t\t\t<div class=\"pic \"><div class=\"plus_overlay\"><\/div><div class=\"plus_overlay_icon\"><\/div>\n\t\t\t\t\t\t<img decoding=\"async\" width=\"367\" height=\"276\" data-src=\"https:\/\/naturcesped.com\/wp-content\/uploads\/2022\/10\/eurocesped-multideporte-400x300-6.jpg\" class=\"attachment-boc_medium size-boc_medium lazyload\" alt=\"\" data-srcset=\"https:\/\/naturcesped.com\/wp-content\/uploads\/2022\/10\/eurocesped-multideporte-400x300-6.jpg 367w, https:\/\/naturcesped.com\/wp-content\/uploads\/2022\/10\/eurocesped-multideporte-400x300-6-300x226.jpg 300w\" data-sizes=\"(max-width: 367px) 100vw, 367px\" src=\"data:image\/svg+xml;base64,PHN2ZyB3aWR0aD0iMSIgaGVpZ2h0PSIxIiB4bWxucz0iaHR0cDovL3d3dy53My5vcmcvMjAwMC9zdmciPjwvc3ZnPg==\" style=\"--smush-placeholder-width: 367px; --smush-placeholder-aspect-ratio: 367\/276;\" \/>\n\t\t\t\t\t\t<div class=\"img_overlay_icon\"><span class=\"portfolio_icon icon_link\"><\/span><\/div><\/div>\n\t\t\t\t\t\t<div class=\"info_overlay\">\n\t\t\t\t\t\t\t<div class=\"info_overlay_padding\">\n\t\t\t\t\t\t\t\t<div class=\"info_desc\">\n\t\t\t\t\t\t\t\t\t<span class=\"portfolio_icon icon_link\"><\/span>\t\t\t\t\n\t\t\t\t\t\t\t\t\t<h3>C\u00e9sped artificial Multideporte<\/h3>\n\t\t\t\t\t\t\t\t\t<p><\/p>\n\t\t\t\t\t\t\t\t<\/div>\n\t\t\t\t\t\t\t<\/div>\n\t\t\t\t\t\t<\/div>\n\t\t\t\t\t<\/div>\n\t\t\t\t  <\/div>\n\t\t\t\t<\/a>\n\t\t\t[\/vc_column_inner][vc_column_inner width=\u00bb1\/3&#8243;][\/vc_column_inner][\/vc_row_inner][\/vc_column][\/vc_row][vc_row][vc_column]<div class=\"boc_spacing \" style=\"height: 40px\"><\/div>[\/vc_column][\/vc_row]<\/p>\n<\/div>","protected":false},"excerpt":{"rendered":"<p>[vc_row][vc_column][\/vc_column][\/vc_row][vc_row gap=\u00bb35&#8243;][vc_column width=\u00bb1\/3&#8243;][vc_column_text] PRODUCTOS Paisajismo C\u00e9sped de color C\u00e9sped deportivo Tarima y Valla Sint\u00e9tica [\/vc_column_text][\/vc_column][vc_column width=\u00bb2\/3&#8243;][vc_raw_html]JTVCYnJlYWRjcnVtYiU1RA==[\/vc_raw_html][vc_column_text] C\u00c9SPED DEPORTIVO [\/vc_column_text][vc_row_inner][vc_column_inner width=\u00bb1\/3&#8243;][\/vc_column_inner][vc_column_inner width=\u00bb1\/3&#8243;][\/vc_column_inner][vc_column_inner width=\u00bb1\/3&#8243;][\/vc_column_inner][\/vc_row_inner][vc_row_inner][vc_column_inner width=\u00bb1\/3&#8243;][\/vc_column_inner][vc_column_inner width=\u00bb1\/3&#8243;][\/vc_column_inner][vc_column_inner width=\u00bb1\/3&#8243;][\/vc_column_inner][\/vc_row_inner][\/vc_column][\/vc_row][vc_row][vc_column][\/vc_column][\/vc_row]<\/p>\n","protected":false},"author":1,"featured_media":0,"parent":110,"menu_order":0,"comment_status":"closed","ping_status":"closed","template":"","meta":{"footnotes":""},"class_list":["post-468","page","type-page","status-publish","hentry"],"yoast_head":"<!-- This site is optimized with the Yoast SEO plugin v26.3 - https:\/\/yoast.com\/wordpress\/plugins\/seo\/ -->\n<title>C\u00e9sped deportivo - Naturcesped<\/title>\n<meta name=\"description\" content=\"C\u00e9sped deportivo aplicable a cualquier entorno, campo o instalaci\u00f3n. C\u00e9sped artificial de alta calidad. Resultados inigualables.\" \/>\n<meta name=\"robots\" content=\"index, follow, max-snippet:-1, max-image-preview:large, max-video-preview:-1\" \/>\n<link rel=\"canonical\" href=\"https:\/\/naturcesped.com\/es\/productos\/cesped-artificial\/cesped-deportivo\/\" \/>\n<meta property=\"og:locale\" content=\"es_ES\" \/>\n<meta property=\"og:type\" content=\"article\" \/>\n<meta property=\"og:title\" content=\"C\u00e9sped deportivo - Naturcesped\" \/>\n<meta property=\"og:description\" content=\"C\u00e9sped deportivo aplicable a cualquier entorno, campo o instalaci\u00f3n. C\u00e9sped artificial de alta calidad. Resultados inigualables.\" \/>\n<meta property=\"og:url\" content=\"https:\/\/naturcesped.com\/es\/productos\/cesped-artificial\/cesped-deportivo\/\" \/>\n<meta property=\"og:site_name\" content=\"NaturC\u00e9sped\" \/>\n<meta property=\"article:modified_time\" content=\"2022-10-05T08:20:47+00:00\" \/>\n<meta name=\"twitter:card\" content=\"summary_large_image\" \/>\n<meta name=\"twitter:label1\" content=\"Tiempo de lectura\" \/>\n\t<meta name=\"twitter:data1\" content=\"1 minuto\" \/>\n<script type=\"application\/ld+json\" class=\"yoast-schema-graph\">{\"@context\":\"https:\/\/schema.org\",\"@graph\":[{\"@type\":\"WebPage\",\"@id\":\"https:\/\/naturcesped.com\/es\/productos\/cesped-artificial\/cesped-deportivo\/\",\"url\":\"https:\/\/naturcesped.com\/es\/productos\/cesped-artificial\/cesped-deportivo\/\",\"name\":\"C\u00e9sped deportivo - Naturcesped\",\"isPartOf\":{\"@id\":\"https:\/\/naturcesped.com\/es\/#website\"},\"datePublished\":\"2022-10-04T08:56:15+00:00\",\"dateModified\":\"2022-10-05T08:20:47+00:00\",\"description\":\"C\u00e9sped deportivo aplicable a cualquier entorno, campo o instalaci\u00f3n. C\u00e9sped artificial de alta calidad. Resultados inigualables.\",\"breadcrumb\":{\"@id\":\"https:\/\/naturcesped.com\/es\/productos\/cesped-artificial\/cesped-deportivo\/#breadcrumb\"},\"inLanguage\":\"es\",\"potentialAction\":[{\"@type\":\"ReadAction\",\"target\":[\"https:\/\/naturcesped.com\/es\/productos\/cesped-artificial\/cesped-deportivo\/\"]}]},{\"@type\":\"BreadcrumbList\",\"@id\":\"https:\/\/naturcesped.com\/es\/productos\/cesped-artificial\/cesped-deportivo\/#breadcrumb\",\"itemListElement\":[{\"@type\":\"ListItem\",\"position\":1,\"name\":\"Portada\",\"item\":\"https:\/\/naturcesped.com\/es\/\"},{\"@type\":\"ListItem\",\"position\":2,\"name\":\"Productos\",\"item\":\"https:\/\/naturcesped.com\/es\/productos\/\"},{\"@type\":\"ListItem\",\"position\":3,\"name\":\"C\u00e9sped artificial\",\"item\":\"https:\/\/naturcesped.com\/es\/productos\/cesped-artificial\/\"},{\"@type\":\"ListItem\",\"position\":4,\"name\":\"C\u00e9sped deportivo\"}]},{\"@type\":\"WebSite\",\"@id\":\"https:\/\/naturcesped.com\/es\/#website\",\"url\":\"https:\/\/naturcesped.com\/es\/\",\"name\":\"NaturC\u00e9sped\",\"description\":\"C\u00e9sped artificial en Girona\",\"potentialAction\":[{\"@type\":\"SearchAction\",\"target\":{\"@type\":\"EntryPoint\",\"urlTemplate\":\"https:\/\/naturcesped.com\/es\/?s={search_term_string}\"},\"query-input\":{\"@type\":\"PropertyValueSpecification\",\"valueRequired\":true,\"valueName\":\"search_term_string\"}}],\"inLanguage\":\"es\"}]}<\/script>\n<!-- \/ Yoast SEO plugin. -->","yoast_head_json":{"title":"C\u00e9sped deportivo - Naturcesped","description":"C\u00e9sped deportivo aplicable a cualquier entorno, campo o instalaci\u00f3n. C\u00e9sped artificial de alta calidad. Resultados inigualables.","robots":{"index":"index","follow":"follow","max-snippet":"max-snippet:-1","max-image-preview":"max-image-preview:large","max-video-preview":"max-video-preview:-1"},"canonical":"https:\/\/naturcesped.com\/es\/productos\/cesped-artificial\/cesped-deportivo\/","og_locale":"es_ES","og_type":"article","og_title":"C\u00e9sped deportivo - Naturcesped","og_description":"C\u00e9sped deportivo aplicable a cualquier entorno, campo o instalaci\u00f3n. C\u00e9sped artificial de alta calidad. Resultados inigualables.","og_url":"https:\/\/naturcesped.com\/es\/productos\/cesped-artificial\/cesped-deportivo\/","og_site_name":"NaturC\u00e9sped","article_modified_time":"2022-10-05T08:20:47+00:00","twitter_card":"summary_large_image","twitter_misc":{"Tiempo de lectura":"1 minuto"},"schema":{"@context":"https:\/\/schema.org","@graph":[{"@type":"WebPage","@id":"https:\/\/naturcesped.com\/es\/productos\/cesped-artificial\/cesped-deportivo\/","url":"https:\/\/naturcesped.com\/es\/productos\/cesped-artificial\/cesped-deportivo\/","name":"C\u00e9sped deportivo - Naturcesped","isPartOf":{"@id":"https:\/\/naturcesped.com\/es\/#website"},"datePublished":"2022-10-04T08:56:15+00:00","dateModified":"2022-10-05T08:20:47+00:00","description":"C\u00e9sped deportivo aplicable a cualquier entorno, campo o instalaci\u00f3n. C\u00e9sped artificial de alta calidad. Resultados inigualables.","breadcrumb":{"@id":"https:\/\/naturcesped.com\/es\/productos\/cesped-artificial\/cesped-deportivo\/#breadcrumb"},"inLanguage":"es","potentialAction":[{"@type":"ReadAction","target":["https:\/\/naturcesped.com\/es\/productos\/cesped-artificial\/cesped-deportivo\/"]}]},{"@type":"BreadcrumbList","@id":"https:\/\/naturcesped.com\/es\/productos\/cesped-artificial\/cesped-deportivo\/#breadcrumb","itemListElement":[{"@type":"ListItem","position":1,"name":"Portada","item":"https:\/\/naturcesped.com\/es\/"},{"@type":"ListItem","position":2,"name":"Productos","item":"https:\/\/naturcesped.com\/es\/productos\/"},{"@type":"ListItem","position":3,"name":"C\u00e9sped artificial","item":"https:\/\/naturcesped.com\/es\/productos\/cesped-artificial\/"},{"@type":"ListItem","position":4,"name":"C\u00e9sped deportivo"}]},{"@type":"WebSite","@id":"https:\/\/naturcesped.com\/es\/#website","url":"https:\/\/naturcesped.com\/es\/","name":"NaturC\u00e9sped","description":"C\u00e9sped artificial en Girona","potentialAction":[{"@type":"SearchAction","target":{"@type":"EntryPoint","urlTemplate":"https:\/\/naturcesped.com\/es\/?s={search_term_string}"},"query-input":{"@type":"PropertyValueSpecification","valueRequired":true,"valueName":"search_term_string"}}],"inLanguage":"es"}]}},"_links":{"self":[{"href":"https:\/\/naturcesped.com\/es\/wp-json\/wp\/v2\/pages\/468","targetHints":{"allow":["GET"]}}],"collection":[{"href":"https:\/\/naturcesped.com\/es\/wp-json\/wp\/v2\/pages"}],"about":[{"href":"https:\/\/naturcesped.com\/es\/wp-json\/wp\/v2\/types\/page"}],"author":[{"embeddable":true,"href":"https:\/\/naturcesped.com\/es\/wp-json\/wp\/v2\/users\/1"}],"replies":[{"embeddable":true,"href":"https:\/\/naturcesped.com\/es\/wp-json\/wp\/v2\/comments?post=468"}],"version-history":[{"count":0,"href":"https:\/\/naturcesped.com\/es\/wp-json\/wp\/v2\/pages\/468\/revisions"}],"up":[{"embeddable":true,"href":"https:\/\/naturcesped.com\/es\/wp-json\/wp\/v2\/pages\/110"}],"wp:attachment":[{"href":"https:\/\/naturcesped.com\/es\/wp-json\/wp\/v2\/media?parent=468"}],"curies":[{"name":"wp","href":"https:\/\/api.w.org\/{rel}","templated":true}]}}