{"id":453,"date":"2022-10-04T08:26:46","date_gmt":"2022-10-04T08:26:46","guid":{"rendered":"https:\/\/naturcesped.com\/?page_id=453"},"modified":"2022-10-05T09:47:49","modified_gmt":"2022-10-05T09:47:49","slug":"cesped-de-color","status":"publish","type":"page","link":"https:\/\/naturcesped.com\/es\/productos\/cesped-artificial\/cesped-de-color\/","title":{"rendered":"C\u00e9sped de color"},"content":{"rendered":"<div class=\"wpb-content-wrapper\"><p>[vc_row][vc_column]<div class=\"boc_spacing \" style=\"height: 40px\"><\/div>[\/vc_column][\/vc_row][vc_row gap=\u00bb35&#8243;][vc_column width=\u00bb1\/3&#8243;][vc_column_text]<\/p>\n<h2>PRODUCTOS<\/h2>\n<hr \/>\n<h3><span style=\"color: #000000;\"><a style=\"color: #000000;\" href=\"\/productos\/cesped-artificial\/paisajismo\/\">Paisajismo<\/a><\/span><\/h3>\n<hr \/>\n<h3><strong>C\u00e9sped de color<\/strong><\/h3>\n<hr \/>\n<h3><span style=\"color: #000000;\"><a style=\"color: #000000;\" href=\"\/es\/productos\/cesped-artificial\/cesped-deportivo\/\">C\u00e9sped deportivo<\/a><\/span><\/h3>\n<hr \/>\n<h3><span style=\"color: #000000;\"><a style=\"color: #000000;\" href=\"\/productos\/tarima-y-valla-sintetica\/\">Tarima y Valla Sint\u00e9tica<\/a><\/span><\/h3>\n<hr \/>\n<p>[\/vc_column_text][\/vc_column][vc_column width=\u00bb2\/3&#8243;][vc_raw_html]JTVCYnJlYWRjcnVtYiU1RA==[\/vc_raw_html][vc_column_text]<\/p>\n<h1 style=\"font-weight: bold;\">C\u00c9SPED DE COLOR<\/h1>\n<p>[\/vc_column_text][vc_row_inner][vc_column_inner width=\u00bb1\/2&#8243;][vc_single_image img_size=\u00bbboc_medium\u00bb onclick=\u00bblink_image\u00bb image=\u00bb460&#8243;][\/vc_column_inner][vc_column_inner width=\u00bb1\/2&#8243;][vc_single_image img_size=\u00bbboc_medium\u00bb onclick=\u00bblink_image\u00bb image=\u00bb461&#8243;][\/vc_column_inner][\/vc_row_inner][vc_column_text]Pensando en peque\u00f1as aplicaciones y en brindar nuevas alternativas para los decoradores, es una alfombra de c\u00e9sped artificial de color para peque\u00f1os usos decorativos: restaurantes, bares musicales, terrazas exteriores, balcones, piscinas, entradas de domicilios u hoteles, escaparates, etc.<\/p>\n<p>Su utilizaci\u00f3n es infinita en cualquier tipo de decoraci\u00f3n y sus resultados son sorprendentes.<\/p>\n<ul>\n<li style=\"list-style-type: none;\">\n<ul>\n<li>Tama\u00f1o: 1,40 x 2 metros<\/li>\n<\/ul>\n<\/li>\n<\/ul>\n<ul>\n<li style=\"list-style-type: none;\">\n<ul>\n<li>Colores disponibles: rojo, plata y naranja<\/li>\n<\/ul>\n<\/li>\n<\/ul>\n<ul>\n<li style=\"list-style-type: none;\">\n<ul>\n<li>Fibra: monofilamento c\u00f3ncavo con nervio central<\/li>\n<\/ul>\n<\/li>\n<\/ul>\n<ul>\n<li style=\"list-style-type: none;\">\n<ul>\n<li>12.600 puntadas\/m2<\/li>\n<\/ul>\n<\/li>\n<\/ul>\n<ul>\n<li style=\"list-style-type: none;\">\n<ul>\n<li>Altura: 35 mm<\/li>\n<\/ul>\n<\/li>\n<\/ul>\n<ul>\n<li style=\"list-style-type: none;\">\n<ul>\n<li>Estabilidad UV: superior a 6.000 horas<\/li>\n<\/ul>\n<\/li>\n<\/ul>\n<p>[\/vc_column_text][\/vc_column][\/vc_row][vc_row][vc_column]<div class=\"boc_spacing \" style=\"height: 40px\"><\/div>[\/vc_column][\/vc_row]<\/p>\n<\/div>","protected":false},"excerpt":{"rendered":"<p>[vc_row][vc_column][\/vc_column][\/vc_row][vc_row gap=\u00bb35&#8243;][vc_column width=\u00bb1\/3&#8243;][vc_column_text] PRODUCTOS Paisajismo C\u00e9sped de color C\u00e9sped deportivo Tarima y Valla Sint\u00e9tica [\/vc_column_text][\/vc_column][vc_column width=\u00bb2\/3&#8243;][vc_raw_html]JTVCYnJlYWRjcnVtYiU1RA==[\/vc_raw_html][vc_column_text] C\u00c9SPED DE COLOR [\/vc_column_text][vc_row_inner][vc_column_inner width=\u00bb1\/2&#8243;][vc_single_image img_size=\u00bbboc_medium\u00bb onclick=\u00bblink_image\u00bb image=\u00bb460&#8243;][\/vc_column_inner][vc_column_inner width=\u00bb1\/2&#8243;][vc_single_image img_size=\u00bbboc_medium\u00bb onclick=\u00bblink_image\u00bb image=\u00bb461&#8243;][\/vc_column_inner][\/vc_row_inner][vc_column_text]Pensando en peque\u00f1as aplicaciones y en brindar nuevas alternativas para los decoradores, es una alfombra de c\u00e9sped artificial de color para peque\u00f1os usos decorativos: restaurantes, bares musicales, terrazas exteriores, balcones, piscinas, entradas de<\/p>\n<div class=\"h10\"><\/div>\n<p><a class=\"more-link1\" href=\"https:\/\/naturcesped.com\/es\/productos\/cesped-artificial\/cesped-de-color\/\">Read more<\/a><\/p>\n","protected":false},"author":1,"featured_media":0,"parent":110,"menu_order":0,"comment_status":"closed","ping_status":"closed","template":"","meta":{"footnotes":""},"class_list":["post-453","page","type-page","status-publish","hentry"],"yoast_head":"<!-- This site is optimized with the Yoast SEO plugin v26.3 - https:\/\/yoast.com\/wordpress\/plugins\/seo\/ -->\n<title>C\u00e9sped de color - Naturcesped<\/title>\n<meta name=\"description\" content=\"C\u00e9sped de color adaptable a cualquier entorno para dar una mayor sensaci\u00f3n de vitalidad. C\u00e9sped artificial de color rojo, plata y naranja.\" \/>\n<meta name=\"robots\" content=\"index, follow, max-snippet:-1, max-image-preview:large, max-video-preview:-1\" \/>\n<link rel=\"canonical\" href=\"https:\/\/naturcesped.com\/es\/productos\/cesped-artificial\/cesped-de-color\/\" \/>\n<meta property=\"og:locale\" content=\"es_ES\" \/>\n<meta property=\"og:type\" content=\"article\" \/>\n<meta property=\"og:title\" content=\"C\u00e9sped de color - Naturcesped\" \/>\n<meta property=\"og:description\" content=\"C\u00e9sped de color adaptable a cualquier entorno para dar una mayor sensaci\u00f3n de vitalidad. C\u00e9sped artificial de color rojo, plata y naranja.\" \/>\n<meta property=\"og:url\" content=\"https:\/\/naturcesped.com\/es\/productos\/cesped-artificial\/cesped-de-color\/\" \/>\n<meta property=\"og:site_name\" content=\"NaturC\u00e9sped\" \/>\n<meta property=\"article:modified_time\" content=\"2022-10-05T09:47:49+00:00\" \/>\n<meta name=\"twitter:card\" content=\"summary_large_image\" \/>\n<meta name=\"twitter:label1\" content=\"Tiempo de lectura\" \/>\n\t<meta name=\"twitter:data1\" content=\"1 minuto\" \/>\n<script type=\"application\/ld+json\" class=\"yoast-schema-graph\">{\"@context\":\"https:\/\/schema.org\",\"@graph\":[{\"@type\":\"WebPage\",\"@id\":\"https:\/\/naturcesped.com\/es\/productos\/cesped-artificial\/cesped-de-color\/\",\"url\":\"https:\/\/naturcesped.com\/es\/productos\/cesped-artificial\/cesped-de-color\/\",\"name\":\"C\u00e9sped de color - Naturcesped\",\"isPartOf\":{\"@id\":\"https:\/\/naturcesped.com\/es\/#website\"},\"datePublished\":\"2022-10-04T08:26:46+00:00\",\"dateModified\":\"2022-10-05T09:47:49+00:00\",\"description\":\"C\u00e9sped de color adaptable a cualquier entorno para dar una mayor sensaci\u00f3n de vitalidad. C\u00e9sped artificial de color rojo, plata y naranja.\",\"breadcrumb\":{\"@id\":\"https:\/\/naturcesped.com\/es\/productos\/cesped-artificial\/cesped-de-color\/#breadcrumb\"},\"inLanguage\":\"es\",\"potentialAction\":[{\"@type\":\"ReadAction\",\"target\":[\"https:\/\/naturcesped.com\/es\/productos\/cesped-artificial\/cesped-de-color\/\"]}]},{\"@type\":\"BreadcrumbList\",\"@id\":\"https:\/\/naturcesped.com\/es\/productos\/cesped-artificial\/cesped-de-color\/#breadcrumb\",\"itemListElement\":[{\"@type\":\"ListItem\",\"position\":1,\"name\":\"Portada\",\"item\":\"https:\/\/naturcesped.com\/es\/\"},{\"@type\":\"ListItem\",\"position\":2,\"name\":\"Productos\",\"item\":\"https:\/\/naturcesped.com\/es\/productos\/\"},{\"@type\":\"ListItem\",\"position\":3,\"name\":\"C\u00e9sped artificial\",\"item\":\"https:\/\/naturcesped.com\/es\/productos\/cesped-artificial\/\"},{\"@type\":\"ListItem\",\"position\":4,\"name\":\"C\u00e9sped de color\"}]},{\"@type\":\"WebSite\",\"@id\":\"https:\/\/naturcesped.com\/es\/#website\",\"url\":\"https:\/\/naturcesped.com\/es\/\",\"name\":\"NaturC\u00e9sped\",\"description\":\"C\u00e9sped artificial en Girona\",\"potentialAction\":[{\"@type\":\"SearchAction\",\"target\":{\"@type\":\"EntryPoint\",\"urlTemplate\":\"https:\/\/naturcesped.com\/es\/?s={search_term_string}\"},\"query-input\":{\"@type\":\"PropertyValueSpecification\",\"valueRequired\":true,\"valueName\":\"search_term_string\"}}],\"inLanguage\":\"es\"}]}<\/script>\n<!-- \/ Yoast SEO plugin. -->","yoast_head_json":{"title":"C\u00e9sped de color - Naturcesped","description":"C\u00e9sped de color adaptable a cualquier entorno para dar una mayor sensaci\u00f3n de vitalidad. C\u00e9sped artificial de color rojo, plata y naranja.","robots":{"index":"index","follow":"follow","max-snippet":"max-snippet:-1","max-image-preview":"max-image-preview:large","max-video-preview":"max-video-preview:-1"},"canonical":"https:\/\/naturcesped.com\/es\/productos\/cesped-artificial\/cesped-de-color\/","og_locale":"es_ES","og_type":"article","og_title":"C\u00e9sped de color - Naturcesped","og_description":"C\u00e9sped de color adaptable a cualquier entorno para dar una mayor sensaci\u00f3n de vitalidad. C\u00e9sped artificial de color rojo, plata y naranja.","og_url":"https:\/\/naturcesped.com\/es\/productos\/cesped-artificial\/cesped-de-color\/","og_site_name":"NaturC\u00e9sped","article_modified_time":"2022-10-05T09:47:49+00:00","twitter_card":"summary_large_image","twitter_misc":{"Tiempo de lectura":"1 minuto"},"schema":{"@context":"https:\/\/schema.org","@graph":[{"@type":"WebPage","@id":"https:\/\/naturcesped.com\/es\/productos\/cesped-artificial\/cesped-de-color\/","url":"https:\/\/naturcesped.com\/es\/productos\/cesped-artificial\/cesped-de-color\/","name":"C\u00e9sped de color - Naturcesped","isPartOf":{"@id":"https:\/\/naturcesped.com\/es\/#website"},"datePublished":"2022-10-04T08:26:46+00:00","dateModified":"2022-10-05T09:47:49+00:00","description":"C\u00e9sped de color adaptable a cualquier entorno para dar una mayor sensaci\u00f3n de vitalidad. C\u00e9sped artificial de color rojo, plata y naranja.","breadcrumb":{"@id":"https:\/\/naturcesped.com\/es\/productos\/cesped-artificial\/cesped-de-color\/#breadcrumb"},"inLanguage":"es","potentialAction":[{"@type":"ReadAction","target":["https:\/\/naturcesped.com\/es\/productos\/cesped-artificial\/cesped-de-color\/"]}]},{"@type":"BreadcrumbList","@id":"https:\/\/naturcesped.com\/es\/productos\/cesped-artificial\/cesped-de-color\/#breadcrumb","itemListElement":[{"@type":"ListItem","position":1,"name":"Portada","item":"https:\/\/naturcesped.com\/es\/"},{"@type":"ListItem","position":2,"name":"Productos","item":"https:\/\/naturcesped.com\/es\/productos\/"},{"@type":"ListItem","position":3,"name":"C\u00e9sped artificial","item":"https:\/\/naturcesped.com\/es\/productos\/cesped-artificial\/"},{"@type":"ListItem","position":4,"name":"C\u00e9sped de color"}]},{"@type":"WebSite","@id":"https:\/\/naturcesped.com\/es\/#website","url":"https:\/\/naturcesped.com\/es\/","name":"NaturC\u00e9sped","description":"C\u00e9sped artificial en Girona","potentialAction":[{"@type":"SearchAction","target":{"@type":"EntryPoint","urlTemplate":"https:\/\/naturcesped.com\/es\/?s={search_term_string}"},"query-input":{"@type":"PropertyValueSpecification","valueRequired":true,"valueName":"search_term_string"}}],"inLanguage":"es"}]}},"_links":{"self":[{"href":"https:\/\/naturcesped.com\/es\/wp-json\/wp\/v2\/pages\/453","targetHints":{"allow":["GET"]}}],"collection":[{"href":"https:\/\/naturcesped.com\/es\/wp-json\/wp\/v2\/pages"}],"about":[{"href":"https:\/\/naturcesped.com\/es\/wp-json\/wp\/v2\/types\/page"}],"author":[{"embeddable":true,"href":"https:\/\/naturcesped.com\/es\/wp-json\/wp\/v2\/users\/1"}],"replies":[{"embeddable":true,"href":"https:\/\/naturcesped.com\/es\/wp-json\/wp\/v2\/comments?post=453"}],"version-history":[{"count":0,"href":"https:\/\/naturcesped.com\/es\/wp-json\/wp\/v2\/pages\/453\/revisions"}],"up":[{"embeddable":true,"href":"https:\/\/naturcesped.com\/es\/wp-json\/wp\/v2\/pages\/110"}],"wp:attachment":[{"href":"https:\/\/naturcesped.com\/es\/wp-json\/wp\/v2\/media?parent=453"}],"curies":[{"name":"wp","href":"https:\/\/api.w.org\/{rel}","templated":true}]}}