{"id":413,"date":"2022-10-03T11:22:14","date_gmt":"2022-10-03T11:22:14","guid":{"rendered":"https:\/\/naturcesped.com\/?page_id=413"},"modified":"2023-03-30T08:41:39","modified_gmt":"2023-03-30T08:41:39","slug":"paris-40","status":"publish","type":"page","link":"https:\/\/naturcesped.com\/es\/cesped-artificial\/paris-40\/","title":{"rendered":"PARIS 40"},"content":{"rendered":"<div class=\"wpb-content-wrapper\"><p>[vc_row][vc_column]<div class=\"boc_spacing \" style=\"height: 40px\"><\/div>[\/vc_column][\/vc_row][vc_row][vc_column][vc_raw_html]JTVCYnJlYWRjcnVtYiU1RA==[\/vc_raw_html][\/vc_column][\/vc_row][vc_row gap=\u00bb20&#8243;][vc_column width=\u00bb2\/5&#8243;][vc_single_image alignment=\u00bbcenter\u00bb image=\u00bb1224&#8243;]<div class=\"grid_holder mfp_gallery  small_spacing\" id=\"img_gallery_96a0d4a84788287c0f0ca45440047ec9\"><div class=\"col span_1_of_3 info_item isotope_element\">\n\t\t\t\t\t\t\t<div class=\"pic \">\t\t\t\n\t\t\t\t\t\t\t<a href=\"https:\/\/naturcesped.com\/wp-content\/uploads\/2023\/01\/paris-perfil.jpg\" class=\"mfp_popup_gal\" title=\"\">\n\t\t\t\t\t\t\t\t<img decoding=\"async\" data-src=\"https:\/\/naturcesped.com\/wp-content\/uploads\/2023\/01\/paris-perfil-600x380.jpg\" alt=\"\" src=\"data:image\/svg+xml;base64,PHN2ZyB3aWR0aD0iMSIgaGVpZ2h0PSIxIiB4bWxucz0iaHR0cDovL3d3dy53My5vcmcvMjAwMC9zdmciPjwvc3ZnPg==\" class=\"lazyload\" style=\"--smush-placeholder-width: 600px; --smush-placeholder-aspect-ratio: 600\/380;\" \/>\n\t\t\t\t\t\t\t\t\n\t\t\t\t\t\t\t<\/a>\t<\/div><\/div><div class=\"col span_1_of_3 info_item isotope_element\">\n\t\t\t\t\t\t\t<div class=\"pic \">\t\t\t\n\t\t\t\t\t\t\t<a href=\"https:\/\/naturcesped.com\/wp-content\/uploads\/2023\/01\/paris-lateral.jpg\" class=\"mfp_popup_gal\" title=\"\">\n\t\t\t\t\t\t\t\t<img decoding=\"async\" data-src=\"https:\/\/naturcesped.com\/wp-content\/uploads\/2023\/01\/paris-lateral-600x380.jpg\" alt=\"\" src=\"data:image\/svg+xml;base64,PHN2ZyB3aWR0aD0iMSIgaGVpZ2h0PSIxIiB4bWxucz0iaHR0cDovL3d3dy53My5vcmcvMjAwMC9zdmciPjwvc3ZnPg==\" class=\"lazyload\" style=\"--smush-placeholder-width: 600px; --smush-placeholder-aspect-ratio: 600\/380;\" \/>\n\t\t\t\t\t\t\t\t\n\t\t\t\t\t\t\t<\/a>\t<\/div><\/div><div class=\"col span_1_of_3 info_item isotope_element\">\n\t\t\t\t\t\t\t<div class=\"pic \">\t\t\t\n\t\t\t\t\t\t\t<a href=\"https:\/\/naturcesped.com\/wp-content\/uploads\/2023\/01\/paris-esquina.jpg\" class=\"mfp_popup_gal\" title=\"\">\n\t\t\t\t\t\t\t\t<img decoding=\"async\" data-src=\"https:\/\/naturcesped.com\/wp-content\/uploads\/2023\/01\/paris-esquina-600x380.jpg\" alt=\"\" src=\"data:image\/svg+xml;base64,PHN2ZyB3aWR0aD0iMSIgaGVpZ2h0PSIxIiB4bWxucz0iaHR0cDovL3d3dy53My5vcmcvMjAwMC9zdmciPjwvc3ZnPg==\" class=\"lazyload\" style=\"--smush-placeholder-width: 600px; --smush-placeholder-aspect-ratio: 600\/380;\" \/>\n\t\t\t\t\t\t\t\t\n\t\t\t\t\t\t\t<\/a>\t<\/div><\/div><\/div><div class=\"boc_spacing \" style=\"height: 30px\"><\/div>[vc_column_text]<\/p>\n<h3 style=\"font-weight: lighter;\">Informaci\u00f3n adicional<\/h3>\n<p>[\/vc_column_text]<div class=\"side_icon_box normal  \"><span class=\"icon_feat \" style=\"\"><i class=\"icon icon-file-o\" style=\"color: #333333;\"><\/i><\/span><h3><a href=\"\/wp-content\/uploads\/2022\/10\/esencia-esp.pdf\" target=\"_blank\"><\/a><\/h3><div class=\"side_icon_box_content\"><a href=\"\/wp-content\/uploads\/2023\/01\/Paris-40mm.pdf\" target=\"_blank\" rel=\"noopener\">Paris 40 (PDF)<\/a><\/div><\/div>[\/vc_column][vc_column width=\u00bb3\/5&#8243;][vc_column_text]<\/p>\n<h1 style=\"font-size: 26px; font-weight: bold;\">PARIS 40<\/h1>\n<p>PARIS es un c\u00e9sped artificial superior en ingenier\u00eda crom\u00e1tica, con un verde que resulta espectacular junto al azul de la piscina. Su recuperaci\u00f3n a la pisada es instant\u00e1nea para que saltes al lado de tu piscina.<\/p>\n<table style=\"height: 141px;\" width=\"302\">\n<tbody>\n<tr>\n<td><strong>Cobertura<\/strong><\/td>\n<td>100%<\/td>\n<\/tr>\n<tr>\n<td><strong>Suavidad al tacto<\/strong><\/td>\n<td>100%<\/td>\n<\/tr>\n<tr>\n<td><strong>Recuperaci\u00f3n de la <\/strong><strong>pisada<\/strong><\/td>\n<td>95%<\/td>\n<\/tr>\n<tr>\n<td><strong>Suavidad de la pisada<\/strong><\/td>\n<td>100%<\/td>\n<\/tr>\n<\/tbody>\n<\/table>\n<p>&nbsp;<\/p>\n<p>PARIS es superior en ingenier\u00eda crom\u00e1tica y un verde que resulta espectacular junto al azul de la piscina. Con recuperaci\u00f3n a la pisada instant\u00e1nea para que saltes al lado de tu piscina, dentro de ella y donde quieras\u2026<\/p>\n<p><strong>A DESTACAR<\/strong>:<\/p>\n<hr \/>\n<ul>\n<li style=\"list-style-type: none;\">\n<ul>\n<li><strong>PARIS<\/strong> se pisa con tranquilidad. Tiene buena recuperaci\u00f3n a la pisada gracias a su estructura con nervio central en combinaci\u00f3n con el relleno de fibras rizadas por m\u00e1s que sean de PE<\/li>\n<\/ul>\n<\/li>\n<\/ul>\n<ul>\n<li style=\"list-style-type: none;\">\n<ul>\n<li><strong>PARIS<\/strong> ofrece un agradable tacto gracias al rizado de PE.<\/li>\n<\/ul>\n<\/li>\n<\/ul>\n<ul>\n<li style=\"list-style-type: none;\">\n<ul>\n<li><strong>PARIS <\/strong>es tecnolog\u00eda punta a buen precio. De gran atractivo est\u00e9tico y muy buena funcionalidad.<\/li>\n<\/ul>\n<\/li>\n<\/ul>\n<p>[\/vc_column_text][vc_column_text]<\/p>\n<h2 style=\"font-weight: lighter;\">Solicita informaci\u00f3n y presupuesto<\/h2>\n<p>[\/vc_column_text]\n<div class=\"wpcf7 no-js\" id=\"wpcf7-f202-o1\" lang=\"es-ES\" dir=\"ltr\" data-wpcf7-id=\"202\">\n<div class=\"screen-reader-response\"><p role=\"status\" aria-live=\"polite\" aria-atomic=\"true\"><\/p> <ul><\/ul><\/div>\n<form action=\"\/es\/wp-json\/wp\/v2\/pages\/413#wpcf7-f202-o1\" method=\"post\" class=\"wpcf7-form init\" aria-label=\"Formulario de contacto\" novalidate=\"novalidate\" data-status=\"init\">\n<fieldset class=\"hidden-fields-container\"><input type=\"hidden\" name=\"_wpcf7\" value=\"202\" \/><input type=\"hidden\" name=\"_wpcf7_version\" value=\"6.1.3\" \/><input type=\"hidden\" name=\"_wpcf7_locale\" value=\"es_ES\" \/><input type=\"hidden\" name=\"_wpcf7_unit_tag\" value=\"wpcf7-f202-o1\" \/><input type=\"hidden\" name=\"_wpcf7_container_post\" value=\"0\" \/><input type=\"hidden\" name=\"_wpcf7_posted_data_hash\" value=\"\" \/><input type=\"hidden\" name=\"_wpcf7_recaptcha_response\" value=\"\" \/>\n<\/fieldset>\n<p><label> Nombre y apellidos *<br \/>\n<span class=\"wpcf7-form-control-wrap\" data-name=\"your-name\"><input size=\"40\" maxlength=\"400\" class=\"wpcf7-form-control wpcf7-text wpcf7-validates-as-required\" aria-required=\"true\" aria-invalid=\"false\" value=\"\" type=\"text\" name=\"your-name\" \/><\/span> <\/label>\n<\/p>\n<p><label> Tel\u00e9fono *<br \/>\n<span class=\"wpcf7-form-control-wrap\" data-name=\"your-phone\"><input size=\"40\" maxlength=\"400\" class=\"wpcf7-form-control wpcf7-text wpcf7-validates-as-required\" aria-required=\"true\" aria-invalid=\"false\" value=\"\" type=\"text\" name=\"your-phone\" \/><\/span> <\/label>\n<\/p>\n<p><label> Correo electr\u00f3nico *<br \/>\n<span class=\"wpcf7-form-control-wrap\" data-name=\"your-email\"><input size=\"40\" maxlength=\"400\" class=\"wpcf7-form-control wpcf7-email wpcf7-validates-as-required wpcf7-text wpcf7-validates-as-email\" aria-required=\"true\" aria-invalid=\"false\" value=\"\" type=\"email\" name=\"your-email\" \/><\/span> <\/label>\n<\/p>\n<p><label> Municipio *<br \/>\n<span class=\"wpcf7-form-control-wrap\" data-name=\"your-town\"><input size=\"40\" maxlength=\"400\" class=\"wpcf7-form-control wpcf7-text wpcf7-validates-as-required\" aria-required=\"true\" aria-invalid=\"false\" value=\"\" type=\"text\" name=\"your-town\" \/><\/span> <\/label>\n<\/p>\n<p><label> Cantidad de m\u00b2<br \/>\n<span class=\"wpcf7-form-control-wrap\" data-name=\"your-meters\"><input size=\"40\" maxlength=\"400\" class=\"wpcf7-form-control wpcf7-text\" aria-invalid=\"false\" value=\"\" type=\"text\" name=\"your-meters\" \/><\/span> <\/label>\n<\/p>\n<p><label> Terreno actual *<br \/>\n<span class=\"wpcf7-form-control-wrap\" data-name=\"radio-509\"><span class=\"wpcf7-form-control wpcf7-radio\"><span class=\"wpcf7-list-item first\"><label><input type=\"radio\" name=\"radio-509\" value=\"Tierra\" checked=\"checked\" \/><span class=\"wpcf7-list-item-label\">Tierra<\/span><\/label><\/span><span class=\"wpcf7-list-item\"><label><input type=\"radio\" name=\"radio-509\" value=\"C\u00e9sped natural\" \/><span class=\"wpcf7-list-item-label\">C\u00e9sped natural<\/span><\/label><\/span><span class=\"wpcf7-list-item\"><label><input type=\"radio\" name=\"radio-509\" value=\"Pavimento\" \/><span class=\"wpcf7-list-item-label\">Pavimento<\/span><\/label><\/span><span class=\"wpcf7-list-item last\"><label><input type=\"radio\" name=\"radio-509\" value=\"C\u00e9sped artificial\" \/><span class=\"wpcf7-list-item-label\">C\u00e9sped artificial<\/span><\/label><\/span><\/span><\/span> <\/label>\n<\/p>\n<p><label> Mensaje *<br \/>\n<span class=\"wpcf7-form-control-wrap\" data-name=\"your-message\"><textarea cols=\"40\" rows=\"3\" maxlength=\"2000\" class=\"wpcf7-form-control wpcf7-textarea wpcf7-validates-as-required\" aria-required=\"true\" aria-invalid=\"false\" name=\"your-message\"><\/textarea><\/span> <\/label>\n<\/p>\n<p style=\"font-weight: lighter; font-size:12px;\">Informaci\u00f3n b\u00e1sica sobre el tratamiento de datos (Reglamento (UE) 2016\/679 y LO 3\/2018)<br \/>\nResponsable del tratamiento: Naturcesped C\u00e9sped Artificial, SL.\n<\/p>\n<p style=\"font-weight: lighter; font-size:12px;\">Finalidad: Ofrecer, prestar y facturar nuestros servicios y productos.\n<\/p>\n<p style=\"font-weight: lighter; font-size:12px;\">Legitimaci\u00f3n: Consentimiento del interesado.\n<\/p>\n<p style=\"font-weight: lighter; font-size:12px;\">Destinatarios: Los datos no se ceder\u00e1n a terceros, a menos que lo exija una ley o sea necesario para cumplir con la finalidad del tratamiento.\n<\/p>\n<p style=\"font-weight: lighter; font-size:12px;\">Derechos: Acceder, rectificar y suprimir datos, as\u00ed como el resto que se explican en la pol\u00edtica de protecci\u00f3n de datos.\n<\/p>\n<p style=\"font-weight: lighter; font-size:12px;\">M\u00e1s informaci\u00f3n en nuestra pol\u00edtica de protecci\u00f3n de datos.\n<\/p>\n<p><input class=\"wpcf7-form-control wpcf7-submit has-spinner\" type=\"submit\" value=\"Enviar\" \/>\n<\/p><div class=\"wpcf7-response-output\" aria-hidden=\"true\"><\/div>\n<\/form>\n<\/div>\n[\/vc_column][\/vc_row][vc_row][vc_column]<div class=\"boc_spacing \" style=\"height: 40px\"><\/div>[\/vc_column][\/vc_row]<\/p>\n<\/div>","protected":false},"excerpt":{"rendered":"<p>[vc_row][vc_column][\/vc_column][\/vc_row][vc_row][vc_column][vc_raw_html]JTVCYnJlYWRjcnVtYiU1RA==[\/vc_raw_html][\/vc_column][\/vc_row][vc_row gap=\u00bb20&#8243;][vc_column width=\u00bb2\/5&#8243;][vc_single_image alignment=\u00bbcenter\u00bb image=\u00bb1224&#8243;][vc_column_text] Informaci\u00f3n adicional [\/vc_column_text][\/vc_column][vc_column width=\u00bb3\/5&#8243;][vc_column_text] PARIS 40 PARIS es un c\u00e9sped artificial superior en ingenier\u00eda crom\u00e1tica, con un verde que resulta espectacular junto al azul de la piscina. Su recuperaci\u00f3n a la pisada es instant\u00e1nea para que saltes al lado de tu piscina. Cobertura 100% Suavidad al tacto 100% Recuperaci\u00f3n de la pisada 95% Suavidad de<\/p>\n<div class=\"h10\"><\/div>\n<p><a class=\"more-link1\" href=\"https:\/\/naturcesped.com\/es\/cesped-artificial\/paris-40\/\">Read more<\/a><\/p>\n","protected":false},"author":1,"featured_media":0,"parent":108,"menu_order":0,"comment_status":"closed","ping_status":"closed","template":"","meta":{"footnotes":""},"class_list":["post-413","page","type-page","status-publish","hentry"],"yoast_head":"<!-- This site is optimized with the Yoast SEO plugin v26.3 - https:\/\/yoast.com\/wordpress\/plugins\/seo\/ -->\n<title>PARIS 40, C\u00e9sped Artificial - Naturcesped<\/title>\n<meta name=\"description\" content=\"C\u00e9sped artificial superior en ingenier\u00eda crom\u00e1tica, disponemos de c\u00e9sped de alta calidad y con grandes prestaciones. Conoce nuestro cat\u00e1logo completo.\" \/>\n<meta name=\"robots\" content=\"index, follow, max-snippet:-1, max-image-preview:large, max-video-preview:-1\" \/>\n<link rel=\"canonical\" href=\"https:\/\/naturcesped.com\/es\/cesped-artificial\/paris-40\/\" \/>\n<meta property=\"og:locale\" content=\"es_ES\" \/>\n<meta property=\"og:type\" content=\"article\" \/>\n<meta property=\"og:title\" content=\"PARIS 40, C\u00e9sped Artificial - Naturcesped\" \/>\n<meta property=\"og:description\" content=\"C\u00e9sped artificial superior en ingenier\u00eda crom\u00e1tica, disponemos de c\u00e9sped de alta calidad y con grandes prestaciones. Conoce nuestro cat\u00e1logo completo.\" \/>\n<meta property=\"og:url\" content=\"https:\/\/naturcesped.com\/es\/cesped-artificial\/paris-40\/\" \/>\n<meta property=\"og:site_name\" content=\"NaturC\u00e9sped\" \/>\n<meta property=\"article:modified_time\" content=\"2023-03-30T08:41:39+00:00\" \/>\n<meta name=\"twitter:card\" content=\"summary_large_image\" \/>\n<meta name=\"twitter:label1\" content=\"Tiempo de lectura\" \/>\n\t<meta name=\"twitter:data1\" content=\"2 minutos\" \/>\n<script type=\"application\/ld+json\" class=\"yoast-schema-graph\">{\"@context\":\"https:\/\/schema.org\",\"@graph\":[{\"@type\":\"WebPage\",\"@id\":\"https:\/\/naturcesped.com\/es\/cesped-artificial\/paris-40\/\",\"url\":\"https:\/\/naturcesped.com\/es\/cesped-artificial\/paris-40\/\",\"name\":\"PARIS 40, C\u00e9sped Artificial - Naturcesped\",\"isPartOf\":{\"@id\":\"https:\/\/naturcesped.com\/es\/#website\"},\"datePublished\":\"2022-10-03T11:22:14+00:00\",\"dateModified\":\"2023-03-30T08:41:39+00:00\",\"description\":\"C\u00e9sped artificial superior en ingenier\u00eda crom\u00e1tica, disponemos de c\u00e9sped de alta calidad y con grandes prestaciones. Conoce nuestro cat\u00e1logo completo.\",\"breadcrumb\":{\"@id\":\"https:\/\/naturcesped.com\/es\/cesped-artificial\/paris-40\/#breadcrumb\"},\"inLanguage\":\"es\",\"potentialAction\":[{\"@type\":\"ReadAction\",\"target\":[\"https:\/\/naturcesped.com\/es\/cesped-artificial\/paris-40\/\"]}]},{\"@type\":\"BreadcrumbList\",\"@id\":\"https:\/\/naturcesped.com\/es\/cesped-artificial\/paris-40\/#breadcrumb\",\"itemListElement\":[{\"@type\":\"ListItem\",\"position\":1,\"name\":\"Portada\",\"item\":\"https:\/\/naturcesped.com\/es\/\"},{\"@type\":\"ListItem\",\"position\":2,\"name\":\"C\u00e9sped artificial\",\"item\":\"https:\/\/naturcesped.com\/es\/cesped-artificial\/\"},{\"@type\":\"ListItem\",\"position\":3,\"name\":\"PARIS 40\"}]},{\"@type\":\"WebSite\",\"@id\":\"https:\/\/naturcesped.com\/es\/#website\",\"url\":\"https:\/\/naturcesped.com\/es\/\",\"name\":\"NaturC\u00e9sped\",\"description\":\"C\u00e9sped artificial en Girona\",\"potentialAction\":[{\"@type\":\"SearchAction\",\"target\":{\"@type\":\"EntryPoint\",\"urlTemplate\":\"https:\/\/naturcesped.com\/es\/?s={search_term_string}\"},\"query-input\":{\"@type\":\"PropertyValueSpecification\",\"valueRequired\":true,\"valueName\":\"search_term_string\"}}],\"inLanguage\":\"es\"}]}<\/script>\n<!-- \/ Yoast SEO plugin. -->","yoast_head_json":{"title":"PARIS 40, C\u00e9sped Artificial - Naturcesped","description":"C\u00e9sped artificial superior en ingenier\u00eda crom\u00e1tica, disponemos de c\u00e9sped de alta calidad y con grandes prestaciones. Conoce nuestro cat\u00e1logo completo.","robots":{"index":"index","follow":"follow","max-snippet":"max-snippet:-1","max-image-preview":"max-image-preview:large","max-video-preview":"max-video-preview:-1"},"canonical":"https:\/\/naturcesped.com\/es\/cesped-artificial\/paris-40\/","og_locale":"es_ES","og_type":"article","og_title":"PARIS 40, C\u00e9sped Artificial - Naturcesped","og_description":"C\u00e9sped artificial superior en ingenier\u00eda crom\u00e1tica, disponemos de c\u00e9sped de alta calidad y con grandes prestaciones. Conoce nuestro cat\u00e1logo completo.","og_url":"https:\/\/naturcesped.com\/es\/cesped-artificial\/paris-40\/","og_site_name":"NaturC\u00e9sped","article_modified_time":"2023-03-30T08:41:39+00:00","twitter_card":"summary_large_image","twitter_misc":{"Tiempo de lectura":"2 minutos"},"schema":{"@context":"https:\/\/schema.org","@graph":[{"@type":"WebPage","@id":"https:\/\/naturcesped.com\/es\/cesped-artificial\/paris-40\/","url":"https:\/\/naturcesped.com\/es\/cesped-artificial\/paris-40\/","name":"PARIS 40, C\u00e9sped Artificial - Naturcesped","isPartOf":{"@id":"https:\/\/naturcesped.com\/es\/#website"},"datePublished":"2022-10-03T11:22:14+00:00","dateModified":"2023-03-30T08:41:39+00:00","description":"C\u00e9sped artificial superior en ingenier\u00eda crom\u00e1tica, disponemos de c\u00e9sped de alta calidad y con grandes prestaciones. Conoce nuestro cat\u00e1logo completo.","breadcrumb":{"@id":"https:\/\/naturcesped.com\/es\/cesped-artificial\/paris-40\/#breadcrumb"},"inLanguage":"es","potentialAction":[{"@type":"ReadAction","target":["https:\/\/naturcesped.com\/es\/cesped-artificial\/paris-40\/"]}]},{"@type":"BreadcrumbList","@id":"https:\/\/naturcesped.com\/es\/cesped-artificial\/paris-40\/#breadcrumb","itemListElement":[{"@type":"ListItem","position":1,"name":"Portada","item":"https:\/\/naturcesped.com\/es\/"},{"@type":"ListItem","position":2,"name":"C\u00e9sped artificial","item":"https:\/\/naturcesped.com\/es\/cesped-artificial\/"},{"@type":"ListItem","position":3,"name":"PARIS 40"}]},{"@type":"WebSite","@id":"https:\/\/naturcesped.com\/es\/#website","url":"https:\/\/naturcesped.com\/es\/","name":"NaturC\u00e9sped","description":"C\u00e9sped artificial en Girona","potentialAction":[{"@type":"SearchAction","target":{"@type":"EntryPoint","urlTemplate":"https:\/\/naturcesped.com\/es\/?s={search_term_string}"},"query-input":{"@type":"PropertyValueSpecification","valueRequired":true,"valueName":"search_term_string"}}],"inLanguage":"es"}]}},"_links":{"self":[{"href":"https:\/\/naturcesped.com\/es\/wp-json\/wp\/v2\/pages\/413","targetHints":{"allow":["GET"]}}],"collection":[{"href":"https:\/\/naturcesped.com\/es\/wp-json\/wp\/v2\/pages"}],"about":[{"href":"https:\/\/naturcesped.com\/es\/wp-json\/wp\/v2\/types\/page"}],"author":[{"embeddable":true,"href":"https:\/\/naturcesped.com\/es\/wp-json\/wp\/v2\/users\/1"}],"replies":[{"embeddable":true,"href":"https:\/\/naturcesped.com\/es\/wp-json\/wp\/v2\/comments?post=413"}],"version-history":[{"count":0,"href":"https:\/\/naturcesped.com\/es\/wp-json\/wp\/v2\/pages\/413\/revisions"}],"up":[{"embeddable":true,"href":"https:\/\/naturcesped.com\/es\/wp-json\/wp\/v2\/pages\/108"}],"wp:attachment":[{"href":"https:\/\/naturcesped.com\/es\/wp-json\/wp\/v2\/media?parent=413"}],"curies":[{"name":"wp","href":"https:\/\/api.w.org\/{rel}","templated":true}]}}