{"id":3267,"date":"2026-04-16T10:17:14","date_gmt":"2026-04-16T08:17:14","guid":{"rendered":"https:\/\/naturcesped.com\/?page_id=3267"},"modified":"2026-04-21T10:20:56","modified_gmt":"2026-04-21T08:20:56","slug":"cesped-sintetico-decorativo-en-sant-cugat","status":"publish","type":"page","link":"https:\/\/naturcesped.com\/es\/cesped-sintetico-decorativo-en-sant-cugat\/","title":{"rendered":"C\u00e9sped sint\u00e9tico decorativo en Sant Cugat"},"content":{"rendered":"<div class=\"wpb-content-wrapper\"><p>[vc_row gap=\u00bb35&#8243;][vc_column width=\u00bb3\/5&#8243;][vc_single_image css=\u00bb\u00bb image=\u00bb3276&#8243;][vc_column_text css=\u00bb\u00bb]<\/p>\n<section class=\"text-token-text-primary w-full focus:outline-none [--shadow-height:45px] has-data-writing-block:pointer-events-none has-data-writing-block:-mt-(--shadow-height) has-data-writing-block:pt-(--shadow-height) [&amp;:has([data-writing-block])&gt;*]:pointer-events-auto scroll-mt-(--header-height)\" dir=\"auto\" data-turn-id=\"89273704-2f74-4eed-a5f8-9be0ba0bff02\" data-testid=\"conversation-turn-13\" data-scroll-anchor=\"false\" data-turn=\"user\"><\/section>\n<section class=\"text-token-text-primary w-full focus:outline-none [--shadow-height:45px] has-data-writing-block:pointer-events-none has-data-writing-block:-mt-(--shadow-height) has-data-writing-block:pt-(--shadow-height) [&amp;:has([data-writing-block])&gt;*]:pointer-events-auto scroll-mt-[calc(var(--header-height)+min(200px,max(70px,20svh)))]\" dir=\"auto\" data-turn-id=\"request-WEB:c69abd95-6aa1-4e96-88a9-68ef013df4f0-6\" data-testid=\"conversation-turn-14\" data-scroll-anchor=\"false\" data-turn=\"assistant\">\n<div class=\"text-base my-auto mx-auto [--thread-content-margin:var(--thread-content-margin-xs,calc(var(--spacing)*4))] @w-sm\/main:[--thread-content-margin:var(--thread-content-margin-sm,calc(var(--spacing)*6))] @w-lg\/main:[--thread-content-margin:var(--thread-content-margin-lg,calc(var(--spacing)*16))] px-(--thread-content-margin)\">\n<div class=\"[--thread-content-max-width:40rem] @w-lg\/main:[--thread-content-max-width:48rem] mx-auto max-w-(--thread-content-max-width) flex-1 group\/turn-messages focus-visible:outline-hidden relative flex w-full min-w-0 flex-col agent-turn\">\n<div class=\"flex max-w-full flex-col gap-4 grow\">\n<div class=\"min-h-8 text-message relative flex w-full flex-col items-end gap-2 text-start break-words whitespace-normal outline-none keyboard-focused:focus-ring [.text-message+&amp;]:mt-1\" dir=\"auto\" data-message-author-role=\"assistant\" data-message-id=\"4946bb44-c322-449c-aba8-caad5d51b153\" data-message-model-slug=\"gpt-5-3\">\n<div class=\"flex w-full flex-col gap-1 empty:hidden\">\n<div class=\"markdown prose dark:prose-invert w-full wrap-break-word dark markdown-new-styling\">\n<h2 data-section-id=\"icssds\" data-start=\"900\" data-end=\"972\"><strong>C\u00e9sped sint\u00e9tico decorativo en Sant Cugat: dise\u00f1o y est\u00e9tica exterior<\/strong><\/h2>\n<p data-start=\"974\" data-end=\"1941\">El uso del <strong data-start=\"985\" data-end=\"1030\">c\u00e9sped sint\u00e9tico decorativo en Sant Cugat<\/strong> se ha consolidado como una soluci\u00f3n est\u00e9tica de alto nivel para quienes buscan mejorar la apariencia de sus espacios exteriores sin complicaciones. Su versatilidad permite integrarlo en proyectos de dise\u00f1o paisaj\u00edstico contempor\u00e1neo, combin\u00e1ndolo con madera, piedra o elementos arquitect\u00f3nicos modernos.<\/p>\n<p data-start=\"974\" data-end=\"1941\">Este tipo de superficie ofrece un acabado uniforme y verde durante todo el a\u00f1o, eliminando los problemas asociados al c\u00e9sped natural como el amarilleamiento o las zonas secas. Adem\u00e1s, su amplia gama de tonalidades y alturas de fibra permite adaptar cada instalaci\u00f3n al estilo del proyecto, logrando resultados completamente personalizados.<\/p>\n<p data-start=\"974\" data-end=\"1941\">En entornos residenciales, aporta valor visual y funcional, creando espacios m\u00e1s acogedores y atractivos tanto para el uso diario como para el ocio. NaturC\u00e9sped trabaja con materiales de alta calidad que garantizan un aspecto natural y duradero en cualquier entorno.<\/p>\n<\/div>\n<\/div>\n<\/div>\n<\/div>\n<\/div>\n<\/div>\n<\/section>\n<p>[\/vc_column_text][vc_row_inner][vc_column_inner width=\u00bb1\/3&#8243;][\/vc_column_inner][vc_column_inner width=\u00bb1\/3&#8243;]<a\thref=\"https:\/\/naturcesped.com\/es\/contacto\/\" \n\t\t\t\tclass=\"button btn_large btn_theme_color btn_rounded btn_normal_style    \"  target='_self'><span>CONTACTA CON NOSOTROS<\/span><\/a>[\/vc_column_inner][vc_column_inner width=\u00bb1\/3&#8243;][\/vc_column_inner][\/vc_row_inner][vc_column_text css=\u00bb\u00bb]<\/p>\n<h2 data-section-id=\"ov8w34\" data-start=\"1948\" data-end=\"2021\"><strong>C\u00e9sped sint\u00e9tico decorativo en Sant Cugat: instalaci\u00f3n y mantenimiento<\/strong><\/h2>\n<p data-start=\"2023\" data-end=\"2962\" data-is-last-node=\"\" data-is-only-node=\"\">La instalaci\u00f3n del <strong data-start=\"2042\" data-end=\"2087\">c\u00e9sped sint\u00e9tico decorativo en Sant Cugat<\/strong> requiere un proceso t\u00e9cnico preciso que garantiza su durabilidad y rendimiento a largo plazo. En NaturC\u00e9sped realizamos un estudio previo del terreno para asegurar una base adecuada, optimizando el drenaje y la nivelaci\u00f3n del suelo.<\/p>\n<p data-start=\"2023\" data-end=\"2962\" data-is-last-node=\"\" data-is-only-node=\"\">Posteriormente, se instala el material con sistemas de fijaci\u00f3n profesionales que evitan desplazamientos y aseguran un acabado perfecto. Una de sus principales ventajas es el bajo mantenimiento, ya que no requiere riego, siega ni tratamientos qu\u00edmicos. Esto supone un importante ahorro econ\u00f3mico y de tiempo para los usuarios, adem\u00e1s de contribuir a la sostenibilidad del entorno. Asimismo, su limpieza es sencilla y r\u00e1pida, manteniendo siempre una apariencia impecable.<\/p>\n<p data-start=\"2023\" data-end=\"2962\" data-is-last-node=\"\" data-is-only-node=\"\">El <strong data-start=\"2795\" data-end=\"2840\">c\u00e9sped sint\u00e9tico decorativo en Sant Cugat<\/strong> es, por tanto, una soluci\u00f3n eficiente para quienes buscan est\u00e9tica, funcionalidad y comodidad en sus espacios exteriores.<\/p>\n<p>[\/vc_column_text][\/vc_column][vc_column width=\u00bb2\/5&#8243;][vc_column_text]<\/p>\n<h3 style=\"text-align: center;\">Contacta con nosotros para m\u00e1s informaci\u00f3n<\/h3>\n<hr \/>\n<p>[\/vc_column_text]\n<div class=\"wpcf7 no-js\" id=\"wpcf7-f202-o1\" lang=\"es-ES\" dir=\"ltr\" data-wpcf7-id=\"202\">\n<div class=\"screen-reader-response\"><p role=\"status\" aria-live=\"polite\" aria-atomic=\"true\"><\/p> <ul><\/ul><\/div>\n<form action=\"\/es\/wp-json\/wp\/v2\/pages\/3267#wpcf7-f202-o1\" method=\"post\" class=\"wpcf7-form init\" aria-label=\"Formulario de contacto\" novalidate=\"novalidate\" data-status=\"init\">\n<fieldset class=\"hidden-fields-container\"><input type=\"hidden\" name=\"_wpcf7\" value=\"202\" \/><input type=\"hidden\" name=\"_wpcf7_version\" value=\"6.1.3\" \/><input type=\"hidden\" name=\"_wpcf7_locale\" value=\"es_ES\" \/><input type=\"hidden\" name=\"_wpcf7_unit_tag\" value=\"wpcf7-f202-o1\" \/><input type=\"hidden\" name=\"_wpcf7_container_post\" value=\"0\" \/><input type=\"hidden\" name=\"_wpcf7_posted_data_hash\" value=\"\" \/><input type=\"hidden\" name=\"_wpcf7_recaptcha_response\" value=\"\" \/>\n<\/fieldset>\n<p><label> Nombre y apellidos *<br \/>\n<span class=\"wpcf7-form-control-wrap\" data-name=\"your-name\"><input size=\"40\" maxlength=\"400\" class=\"wpcf7-form-control wpcf7-text wpcf7-validates-as-required\" aria-required=\"true\" aria-invalid=\"false\" value=\"\" type=\"text\" name=\"your-name\" \/><\/span> <\/label>\n<\/p>\n<p><label> Tel\u00e9fono *<br \/>\n<span class=\"wpcf7-form-control-wrap\" data-name=\"your-phone\"><input size=\"40\" maxlength=\"400\" class=\"wpcf7-form-control wpcf7-text wpcf7-validates-as-required\" aria-required=\"true\" aria-invalid=\"false\" value=\"\" type=\"text\" name=\"your-phone\" \/><\/span> <\/label>\n<\/p>\n<p><label> Correo electr\u00f3nico *<br \/>\n<span class=\"wpcf7-form-control-wrap\" data-name=\"your-email\"><input size=\"40\" maxlength=\"400\" class=\"wpcf7-form-control wpcf7-email wpcf7-validates-as-required wpcf7-text wpcf7-validates-as-email\" aria-required=\"true\" aria-invalid=\"false\" value=\"\" type=\"email\" name=\"your-email\" \/><\/span> <\/label>\n<\/p>\n<p><label> Municipio *<br \/>\n<span class=\"wpcf7-form-control-wrap\" data-name=\"your-town\"><input size=\"40\" maxlength=\"400\" class=\"wpcf7-form-control wpcf7-text wpcf7-validates-as-required\" aria-required=\"true\" aria-invalid=\"false\" value=\"\" type=\"text\" name=\"your-town\" \/><\/span> <\/label>\n<\/p>\n<p><label> Cantidad de m\u00b2<br \/>\n<span class=\"wpcf7-form-control-wrap\" data-name=\"your-meters\"><input size=\"40\" maxlength=\"400\" class=\"wpcf7-form-control wpcf7-text\" aria-invalid=\"false\" value=\"\" type=\"text\" name=\"your-meters\" \/><\/span> <\/label>\n<\/p>\n<p><label> Terreno actual *<br \/>\n<span class=\"wpcf7-form-control-wrap\" data-name=\"radio-509\"><span class=\"wpcf7-form-control wpcf7-radio\"><span class=\"wpcf7-list-item first\"><label><input type=\"radio\" name=\"radio-509\" value=\"Tierra\" checked=\"checked\" \/><span class=\"wpcf7-list-item-label\">Tierra<\/span><\/label><\/span><span class=\"wpcf7-list-item\"><label><input type=\"radio\" name=\"radio-509\" value=\"C\u00e9sped natural\" \/><span class=\"wpcf7-list-item-label\">C\u00e9sped natural<\/span><\/label><\/span><span class=\"wpcf7-list-item\"><label><input type=\"radio\" name=\"radio-509\" value=\"Pavimento\" \/><span class=\"wpcf7-list-item-label\">Pavimento<\/span><\/label><\/span><span class=\"wpcf7-list-item last\"><label><input type=\"radio\" name=\"radio-509\" value=\"C\u00e9sped artificial\" \/><span class=\"wpcf7-list-item-label\">C\u00e9sped artificial<\/span><\/label><\/span><\/span><\/span> <\/label>\n<\/p>\n<p><label> Mensaje *<br \/>\n<span class=\"wpcf7-form-control-wrap\" data-name=\"your-message\"><textarea cols=\"40\" rows=\"3\" maxlength=\"2000\" class=\"wpcf7-form-control wpcf7-textarea wpcf7-validates-as-required\" aria-required=\"true\" aria-invalid=\"false\" name=\"your-message\"><\/textarea><\/span> <\/label>\n<\/p>\n<p style=\"font-weight: lighter; font-size:12px;\">Informaci\u00f3n b\u00e1sica sobre el tratamiento de datos (Reglamento (UE) 2016\/679 y LO 3\/2018)<br \/>\nResponsable del tratamiento: Naturcesped C\u00e9sped Artificial, SL.\n<\/p>\n<p style=\"font-weight: lighter; font-size:12px;\">Finalidad: Ofrecer, prestar y facturar nuestros servicios y productos.\n<\/p>\n<p style=\"font-weight: lighter; font-size:12px;\">Legitimaci\u00f3n: Consentimiento del interesado.\n<\/p>\n<p style=\"font-weight: lighter; font-size:12px;\">Destinatarios: Los datos no se ceder\u00e1n a terceros, a menos que lo exija una ley o sea necesario para cumplir con la finalidad del tratamiento.\n<\/p>\n<p style=\"font-weight: lighter; font-size:12px;\">Derechos: Acceder, rectificar y suprimir datos, as\u00ed como el resto que se explican en la pol\u00edtica de protecci\u00f3n de datos.\n<\/p>\n<p style=\"font-weight: lighter; font-size:12px;\">M\u00e1s informaci\u00f3n en nuestra pol\u00edtica de protecci\u00f3n de datos.\n<\/p>\n<p><input class=\"wpcf7-form-control wpcf7-submit has-spinner\" type=\"submit\" value=\"Enviar\" \/>\n<\/p><div class=\"wpcf7-response-output\" aria-hidden=\"true\"><\/div>\n<\/form>\n<\/div>\n[\/vc_column][\/vc_row]<\/p>\n<\/div>","protected":false},"excerpt":{"rendered":"<p>[vc_row gap=\u00bb35&#8243;][vc_column width=\u00bb3\/5&#8243;][vc_single_image css=\u00bb\u00bb image=\u00bb3276&#8243;][vc_column_text css=\u00bb\u00bb] C\u00e9sped sint\u00e9tico decorativo en Sant Cugat: dise\u00f1o y est\u00e9tica exterior El uso del c\u00e9sped sint\u00e9tico decorativo en Sant Cugat se ha consolidado como una soluci\u00f3n est\u00e9tica de alto nivel para quienes buscan mejorar la apariencia de sus espacios exteriores sin complicaciones. Su versatilidad permite integrarlo en proyectos de dise\u00f1o paisaj\u00edstico contempor\u00e1neo, combin\u00e1ndolo con madera,<\/p>\n<div class=\"h10\"><\/div>\n<p><a class=\"more-link1\" href=\"https:\/\/naturcesped.com\/es\/cesped-sintetico-decorativo-en-sant-cugat\/\">Read more<\/a><\/p>\n","protected":false},"author":1,"featured_media":0,"parent":0,"menu_order":0,"comment_status":"closed","ping_status":"closed","template":"","meta":{"footnotes":""},"class_list":["post-3267","page","type-page","status-publish","hentry"],"yoast_head":"<!-- This site is optimized with the Yoast SEO plugin v26.3 - https:\/\/yoast.com\/wordpress\/plugins\/seo\/ -->\n<title>C\u00e9sped sint\u00e9tico decorativo en Sant Cugat - NaturC\u00e9sped<\/title>\n<meta name=\"description\" content=\"Descubre c\u00e9sped sint\u00e9tico decorativo en Sant Cugat con NaturC\u00e9sped. Soluci\u00f3n est\u00e9tica y resistente sin preocuparte para jardines y terrazas.\" \/>\n<meta name=\"robots\" content=\"index, follow, max-snippet:-1, max-image-preview:large, max-video-preview:-1\" \/>\n<link rel=\"canonical\" href=\"https:\/\/naturcesped.com\/es\/cesped-sintetico-decorativo-en-sant-cugat\/\" \/>\n<meta property=\"og:locale\" content=\"es_ES\" \/>\n<meta property=\"og:type\" content=\"article\" \/>\n<meta property=\"og:title\" content=\"C\u00e9sped sint\u00e9tico decorativo en Sant Cugat - NaturC\u00e9sped\" \/>\n<meta property=\"og:description\" content=\"Descubre c\u00e9sped sint\u00e9tico decorativo en Sant Cugat con NaturC\u00e9sped. Soluci\u00f3n est\u00e9tica y resistente sin preocuparte para jardines y terrazas.\" \/>\n<meta property=\"og:url\" content=\"https:\/\/naturcesped.com\/es\/cesped-sintetico-decorativo-en-sant-cugat\/\" \/>\n<meta property=\"og:site_name\" content=\"NaturC\u00e9sped\" \/>\n<meta property=\"article:modified_time\" content=\"2026-04-21T08:20:56+00:00\" \/>\n<meta name=\"twitter:card\" content=\"summary_large_image\" \/>\n<meta name=\"twitter:label1\" content=\"Tiempo de lectura\" \/>\n\t<meta name=\"twitter:data1\" content=\"2 minutos\" \/>\n<script type=\"application\/ld+json\" class=\"yoast-schema-graph\">{\"@context\":\"https:\/\/schema.org\",\"@graph\":[{\"@type\":\"WebPage\",\"@id\":\"https:\/\/naturcesped.com\/es\/cesped-sintetico-decorativo-en-sant-cugat\/\",\"url\":\"https:\/\/naturcesped.com\/es\/cesped-sintetico-decorativo-en-sant-cugat\/\",\"name\":\"C\u00e9sped sint\u00e9tico decorativo en Sant Cugat - NaturC\u00e9sped\",\"isPartOf\":{\"@id\":\"https:\/\/naturcesped.com\/es\/#website\"},\"datePublished\":\"2026-04-16T08:17:14+00:00\",\"dateModified\":\"2026-04-21T08:20:56+00:00\",\"description\":\"Descubre c\u00e9sped sint\u00e9tico decorativo en Sant Cugat con NaturC\u00e9sped. Soluci\u00f3n est\u00e9tica y resistente sin preocuparte para jardines y terrazas.\",\"breadcrumb\":{\"@id\":\"https:\/\/naturcesped.com\/es\/cesped-sintetico-decorativo-en-sant-cugat\/#breadcrumb\"},\"inLanguage\":\"es\",\"potentialAction\":[{\"@type\":\"ReadAction\",\"target\":[\"https:\/\/naturcesped.com\/es\/cesped-sintetico-decorativo-en-sant-cugat\/\"]}]},{\"@type\":\"BreadcrumbList\",\"@id\":\"https:\/\/naturcesped.com\/es\/cesped-sintetico-decorativo-en-sant-cugat\/#breadcrumb\",\"itemListElement\":[{\"@type\":\"ListItem\",\"position\":1,\"name\":\"Portada\",\"item\":\"https:\/\/naturcesped.com\/es\/\"},{\"@type\":\"ListItem\",\"position\":2,\"name\":\"C\u00e9sped sint\u00e9tico decorativo en Sant Cugat\"}]},{\"@type\":\"WebSite\",\"@id\":\"https:\/\/naturcesped.com\/es\/#website\",\"url\":\"https:\/\/naturcesped.com\/es\/\",\"name\":\"NaturC\u00e9sped\",\"description\":\"C\u00e9sped artificial en Girona\",\"potentialAction\":[{\"@type\":\"SearchAction\",\"target\":{\"@type\":\"EntryPoint\",\"urlTemplate\":\"https:\/\/naturcesped.com\/es\/?s={search_term_string}\"},\"query-input\":{\"@type\":\"PropertyValueSpecification\",\"valueRequired\":true,\"valueName\":\"search_term_string\"}}],\"inLanguage\":\"es\"}]}<\/script>\n<!-- \/ Yoast SEO plugin. -->","yoast_head_json":{"title":"C\u00e9sped sint\u00e9tico decorativo en Sant Cugat - NaturC\u00e9sped","description":"Descubre c\u00e9sped sint\u00e9tico decorativo en Sant Cugat con NaturC\u00e9sped. Soluci\u00f3n est\u00e9tica y resistente sin preocuparte para jardines y terrazas.","robots":{"index":"index","follow":"follow","max-snippet":"max-snippet:-1","max-image-preview":"max-image-preview:large","max-video-preview":"max-video-preview:-1"},"canonical":"https:\/\/naturcesped.com\/es\/cesped-sintetico-decorativo-en-sant-cugat\/","og_locale":"es_ES","og_type":"article","og_title":"C\u00e9sped sint\u00e9tico decorativo en Sant Cugat - NaturC\u00e9sped","og_description":"Descubre c\u00e9sped sint\u00e9tico decorativo en Sant Cugat con NaturC\u00e9sped. Soluci\u00f3n est\u00e9tica y resistente sin preocuparte para jardines y terrazas.","og_url":"https:\/\/naturcesped.com\/es\/cesped-sintetico-decorativo-en-sant-cugat\/","og_site_name":"NaturC\u00e9sped","article_modified_time":"2026-04-21T08:20:56+00:00","twitter_card":"summary_large_image","twitter_misc":{"Tiempo de lectura":"2 minutos"},"schema":{"@context":"https:\/\/schema.org","@graph":[{"@type":"WebPage","@id":"https:\/\/naturcesped.com\/es\/cesped-sintetico-decorativo-en-sant-cugat\/","url":"https:\/\/naturcesped.com\/es\/cesped-sintetico-decorativo-en-sant-cugat\/","name":"C\u00e9sped sint\u00e9tico decorativo en Sant Cugat - NaturC\u00e9sped","isPartOf":{"@id":"https:\/\/naturcesped.com\/es\/#website"},"datePublished":"2026-04-16T08:17:14+00:00","dateModified":"2026-04-21T08:20:56+00:00","description":"Descubre c\u00e9sped sint\u00e9tico decorativo en Sant Cugat con NaturC\u00e9sped. Soluci\u00f3n est\u00e9tica y resistente sin preocuparte para jardines y terrazas.","breadcrumb":{"@id":"https:\/\/naturcesped.com\/es\/cesped-sintetico-decorativo-en-sant-cugat\/#breadcrumb"},"inLanguage":"es","potentialAction":[{"@type":"ReadAction","target":["https:\/\/naturcesped.com\/es\/cesped-sintetico-decorativo-en-sant-cugat\/"]}]},{"@type":"BreadcrumbList","@id":"https:\/\/naturcesped.com\/es\/cesped-sintetico-decorativo-en-sant-cugat\/#breadcrumb","itemListElement":[{"@type":"ListItem","position":1,"name":"Portada","item":"https:\/\/naturcesped.com\/es\/"},{"@type":"ListItem","position":2,"name":"C\u00e9sped sint\u00e9tico decorativo en Sant Cugat"}]},{"@type":"WebSite","@id":"https:\/\/naturcesped.com\/es\/#website","url":"https:\/\/naturcesped.com\/es\/","name":"NaturC\u00e9sped","description":"C\u00e9sped artificial en Girona","potentialAction":[{"@type":"SearchAction","target":{"@type":"EntryPoint","urlTemplate":"https:\/\/naturcesped.com\/es\/?s={search_term_string}"},"query-input":{"@type":"PropertyValueSpecification","valueRequired":true,"valueName":"search_term_string"}}],"inLanguage":"es"}]}},"_links":{"self":[{"href":"https:\/\/naturcesped.com\/es\/wp-json\/wp\/v2\/pages\/3267","targetHints":{"allow":["GET"]}}],"collection":[{"href":"https:\/\/naturcesped.com\/es\/wp-json\/wp\/v2\/pages"}],"about":[{"href":"https:\/\/naturcesped.com\/es\/wp-json\/wp\/v2\/types\/page"}],"author":[{"embeddable":true,"href":"https:\/\/naturcesped.com\/es\/wp-json\/wp\/v2\/users\/1"}],"replies":[{"embeddable":true,"href":"https:\/\/naturcesped.com\/es\/wp-json\/wp\/v2\/comments?post=3267"}],"version-history":[{"count":1,"href":"https:\/\/naturcesped.com\/es\/wp-json\/wp\/v2\/pages\/3267\/revisions"}],"predecessor-version":[{"id":3278,"href":"https:\/\/naturcesped.com\/es\/wp-json\/wp\/v2\/pages\/3267\/revisions\/3278"}],"wp:attachment":[{"href":"https:\/\/naturcesped.com\/es\/wp-json\/wp\/v2\/media?parent=3267"}],"curies":[{"name":"wp","href":"https:\/\/api.w.org\/{rel}","templated":true}]}}