{"id":3229,"date":"2026-03-10T11:26:00","date_gmt":"2026-03-10T10:26:00","guid":{"rendered":"https:\/\/naturcesped.com\/?page_id=3229"},"modified":"2026-04-10T11:32:35","modified_gmt":"2026-04-10T09:32:35","slug":"cesped-artificial-para-terrazas-y-patios-en-lloret-de-mar","status":"publish","type":"page","link":"https:\/\/naturcesped.com\/es\/cesped-artificial-para-terrazas-y-patios-en-lloret-de-mar\/","title":{"rendered":"C\u00e9sped artificial para terrazas y patios en Lloret de mar"},"content":{"rendered":"<div class=\"wpb-content-wrapper\"><p>[vc_row gap=\u00bb35&#8243;][vc_column width=\u00bb3\/5&#8243;][vc_single_image css=\u00bb\u00bb image=\u00bb3239&#8243;][vc_column_text css=\u00bb\u00bb]<\/p>\n<section class=\"text-token-text-primary w-full focus:outline-none [--shadow-height:45px] has-data-writing-block:pointer-events-none has-data-writing-block:-mt-(--shadow-height) has-data-writing-block:pt-(--shadow-height) [&amp;:has([data-writing-block])&gt;*]:pointer-events-auto scroll-mt-(--header-height)\" dir=\"auto\" data-turn-id=\"89273704-2f74-4eed-a5f8-9be0ba0bff02\" data-testid=\"conversation-turn-13\" data-scroll-anchor=\"false\" data-turn=\"user\"><\/section>\n<section class=\"text-token-text-primary w-full focus:outline-none [--shadow-height:45px] has-data-writing-block:pointer-events-none has-data-writing-block:-mt-(--shadow-height) has-data-writing-block:pt-(--shadow-height) [&amp;:has([data-writing-block])&gt;*]:pointer-events-auto scroll-mt-[calc(var(--header-height)+min(200px,max(70px,20svh)))]\" dir=\"auto\" data-turn-id=\"request-WEB:c69abd95-6aa1-4e96-88a9-68ef013df4f0-6\" data-testid=\"conversation-turn-14\" data-scroll-anchor=\"false\" data-turn=\"assistant\">\n<div class=\"text-base my-auto mx-auto [--thread-content-margin:var(--thread-content-margin-xs,calc(var(--spacing)*4))] @w-sm\/main:[--thread-content-margin:var(--thread-content-margin-sm,calc(var(--spacing)*6))] @w-lg\/main:[--thread-content-margin:var(--thread-content-margin-lg,calc(var(--spacing)*16))] px-(--thread-content-margin)\">\n<div class=\"[--thread-content-max-width:40rem] @w-lg\/main:[--thread-content-max-width:48rem] mx-auto max-w-(--thread-content-max-width) flex-1 group\/turn-messages focus-visible:outline-hidden relative flex w-full min-w-0 flex-col agent-turn\">\n<div class=\"flex max-w-full flex-col gap-4 grow\">\n<div class=\"min-h-8 text-message relative flex w-full flex-col items-end gap-2 text-start break-words whitespace-normal outline-none keyboard-focused:focus-ring [.text-message+&amp;]:mt-1\" dir=\"auto\" data-message-author-role=\"assistant\" data-message-id=\"4946bb44-c322-449c-aba8-caad5d51b153\" data-message-model-slug=\"gpt-5-3\">\n<div class=\"flex w-full flex-col gap-1 empty:hidden\">\n<div class=\"markdown prose dark:prose-invert w-full wrap-break-word dark markdown-new-styling\">\n<h2 data-section-id=\"1cznkjm\" data-start=\"0\" data-end=\"99\">C\u00e9sped artificial para terrazas y patios en Lloret de Mar: dise\u00f1o, confort y bajo mantenimiento<\/h2>\n<p data-start=\"205\" data-end=\"578\">El dise\u00f1o de espacios exteriores ha evolucionado notablemente en los \u00faltimos a\u00f1os, especialmente en viviendas que buscan optimizar terrazas y patios sin renunciar a la est\u00e9tica. En este contexto, el <strong data-start=\"404\" data-end=\"465\">c\u00e9sped artificial para terrazas y patios en Lloret de Mar<\/strong> se ha convertido en una alternativa cada vez m\u00e1s popular por su versatilidad, durabilidad y f\u00e1cil mantenimiento.<\/p>\n<p data-start=\"580\" data-end=\"883\">Este tipo de soluci\u00f3n permite transformar cualquier superficie en un entorno verde, agradable y funcional durante todo el a\u00f1o. A diferencia del c\u00e9sped natural, no requiere riego, fertilizantes ni cortes constantes, lo que lo convierte en una opci\u00f3n eficiente tanto a nivel econ\u00f3mico como medioambiental.<\/p>\n<p data-start=\"885\" data-end=\"1234\">Adem\u00e1s, su dise\u00f1o actual ofrece un acabado muy realista, con diferentes texturas y tonalidades que se adaptan a cualquier estilo decorativo. Ya sea en una terraza urbana o en un patio privado, el <strong data-start=\"1081\" data-end=\"1142\">c\u00e9sped artificial para terrazas y patios en Lloret de Mar<\/strong> aporta una sensaci\u00f3n de confort inmediato, mejorando la habitabilidad del espacio exterior.<\/p>\n<p data-start=\"1236\" data-end=\"1483\">Otro de sus grandes beneficios es la resistencia al uso intensivo, lo que lo hace ideal para hogares con ni\u00f1os o mascotas. Su sistema de drenaje facilita la evacuaci\u00f3n del agua, evitando charcos y asegurando una superficie siempre limpia y segura.<\/p>\n<\/div>\n<\/div>\n<\/div>\n<\/div>\n<\/div>\n<\/div>\n<\/section>\n<p>[\/vc_column_text][vc_row_inner][vc_column_inner width=\u00bb1\/3&#8243;][\/vc_column_inner][vc_column_inner width=\u00bb1\/3&#8243;]<a\thref=\"https:\/\/naturcesped.com\/es\/contacto\/\" \n\t\t\t\tclass=\"button btn_large btn_theme_color btn_rounded btn_normal_style    \"  target='_self'><span>CONTACTA CON NOSOTROS<\/span><\/a>[\/vc_column_inner][vc_column_inner width=\u00bb1\/3&#8243;][\/vc_column_inner][\/vc_row_inner][vc_column_text css=\u00bb\u00bb]<\/p>\n<h2 data-section-id=\"1vne7fr\" data-start=\"1490\" data-end=\"1591\">Instalaci\u00f3n profesional y ventajas del c\u00e9sped artificial para terrazas y patios en Lloret de Mar<\/h2>\n<p data-start=\"1593\" data-end=\"1852\">La correcta instalaci\u00f3n es clave para garantizar la durabilidad y el rendimiento del sistema. Por ello, confiar en especialistas en <strong data-start=\"1725\" data-end=\"1786\">c\u00e9sped artificial para terrazas y patios en Lloret de Mar<\/strong> asegura un resultado \u00f3ptimo y adaptado a cada tipo de superficie.<\/p>\n<p data-start=\"1854\" data-end=\"2111\">El proceso comienza con la preparaci\u00f3n del terreno, nivelaci\u00f3n y colocaci\u00f3n de una base adecuada que favorezca el drenaje. Posteriormente, se instala el c\u00e9sped fij\u00e1ndolo correctamente para evitar desplazamientos y asegurar una apariencia uniforme y natural.<\/p>\n<p data-start=\"2113\" data-end=\"2338\">Entre sus principales ventajas destaca su bajo mantenimiento, ya que no requiere cuidados constantes. Esto permite disfrutar de un espacio siempre verde sin esfuerzo, reduciendo adem\u00e1s el consumo de agua y productos qu\u00edmicos.<\/p>\n<p data-start=\"2340\" data-end=\"2627\">Tambi\u00e9n es importante destacar su larga vida \u00fatil, ya que los materiales utilizados est\u00e1n dise\u00f1ados para resistir la exposici\u00f3n solar, la humedad y el uso continuado. Esto convierte al <strong data-start=\"2525\" data-end=\"2586\">c\u00e9sped artificial para terrazas y patios en Lloret de Mar<\/strong> en una inversi\u00f3n rentable a largo plazo.<\/p>\n<p data-start=\"2629\" data-end=\"2846\" data-is-last-node=\"\" data-is-only-node=\"\">En definitiva, esta soluci\u00f3n ofrece una combinaci\u00f3n perfecta entre est\u00e9tica, funcionalidad y sostenibilidad, ideal para quienes desean mejorar sus espacios exteriores sin complicaciones y con resultados profesionales.<\/p>\n<p>[\/vc_column_text][\/vc_column][vc_column width=\u00bb2\/5&#8243;][vc_column_text]<\/p>\n<h3 style=\"text-align: center;\">Contacta con nosotros para m\u00e1s informaci\u00f3n<\/h3>\n<hr \/>\n<p>[\/vc_column_text]\n<div class=\"wpcf7 no-js\" id=\"wpcf7-f202-o1\" lang=\"es-ES\" dir=\"ltr\" data-wpcf7-id=\"202\">\n<div class=\"screen-reader-response\"><p role=\"status\" aria-live=\"polite\" aria-atomic=\"true\"><\/p> <ul><\/ul><\/div>\n<form action=\"\/es\/wp-json\/wp\/v2\/pages\/3229#wpcf7-f202-o1\" method=\"post\" class=\"wpcf7-form init\" aria-label=\"Formulario de contacto\" novalidate=\"novalidate\" data-status=\"init\">\n<fieldset class=\"hidden-fields-container\"><input type=\"hidden\" name=\"_wpcf7\" value=\"202\" \/><input type=\"hidden\" name=\"_wpcf7_version\" value=\"6.1.3\" \/><input type=\"hidden\" name=\"_wpcf7_locale\" value=\"es_ES\" \/><input type=\"hidden\" name=\"_wpcf7_unit_tag\" value=\"wpcf7-f202-o1\" \/><input type=\"hidden\" name=\"_wpcf7_container_post\" value=\"0\" \/><input type=\"hidden\" name=\"_wpcf7_posted_data_hash\" value=\"\" \/><input type=\"hidden\" name=\"_wpcf7_recaptcha_response\" value=\"\" \/>\n<\/fieldset>\n<p><label> Nombre y apellidos *<br \/>\n<span class=\"wpcf7-form-control-wrap\" data-name=\"your-name\"><input size=\"40\" maxlength=\"400\" class=\"wpcf7-form-control wpcf7-text wpcf7-validates-as-required\" aria-required=\"true\" aria-invalid=\"false\" value=\"\" type=\"text\" name=\"your-name\" \/><\/span> <\/label>\n<\/p>\n<p><label> Tel\u00e9fono *<br \/>\n<span class=\"wpcf7-form-control-wrap\" data-name=\"your-phone\"><input size=\"40\" maxlength=\"400\" class=\"wpcf7-form-control wpcf7-text wpcf7-validates-as-required\" aria-required=\"true\" aria-invalid=\"false\" value=\"\" type=\"text\" name=\"your-phone\" \/><\/span> <\/label>\n<\/p>\n<p><label> Correo electr\u00f3nico *<br \/>\n<span class=\"wpcf7-form-control-wrap\" data-name=\"your-email\"><input size=\"40\" maxlength=\"400\" class=\"wpcf7-form-control wpcf7-email wpcf7-validates-as-required wpcf7-text wpcf7-validates-as-email\" aria-required=\"true\" aria-invalid=\"false\" value=\"\" type=\"email\" name=\"your-email\" \/><\/span> <\/label>\n<\/p>\n<p><label> Municipio *<br \/>\n<span class=\"wpcf7-form-control-wrap\" data-name=\"your-town\"><input size=\"40\" maxlength=\"400\" class=\"wpcf7-form-control wpcf7-text wpcf7-validates-as-required\" aria-required=\"true\" aria-invalid=\"false\" value=\"\" type=\"text\" name=\"your-town\" \/><\/span> <\/label>\n<\/p>\n<p><label> Cantidad de m\u00b2<br \/>\n<span class=\"wpcf7-form-control-wrap\" data-name=\"your-meters\"><input size=\"40\" maxlength=\"400\" class=\"wpcf7-form-control wpcf7-text\" aria-invalid=\"false\" value=\"\" type=\"text\" name=\"your-meters\" \/><\/span> <\/label>\n<\/p>\n<p><label> Terreno actual *<br \/>\n<span class=\"wpcf7-form-control-wrap\" data-name=\"radio-509\"><span class=\"wpcf7-form-control wpcf7-radio\"><span class=\"wpcf7-list-item first\"><label><input type=\"radio\" name=\"radio-509\" value=\"Tierra\" checked=\"checked\" \/><span class=\"wpcf7-list-item-label\">Tierra<\/span><\/label><\/span><span class=\"wpcf7-list-item\"><label><input type=\"radio\" name=\"radio-509\" value=\"C\u00e9sped natural\" \/><span class=\"wpcf7-list-item-label\">C\u00e9sped natural<\/span><\/label><\/span><span class=\"wpcf7-list-item\"><label><input type=\"radio\" name=\"radio-509\" value=\"Pavimento\" \/><span class=\"wpcf7-list-item-label\">Pavimento<\/span><\/label><\/span><span class=\"wpcf7-list-item last\"><label><input type=\"radio\" name=\"radio-509\" value=\"C\u00e9sped artificial\" \/><span class=\"wpcf7-list-item-label\">C\u00e9sped artificial<\/span><\/label><\/span><\/span><\/span> <\/label>\n<\/p>\n<p><label> Mensaje *<br \/>\n<span class=\"wpcf7-form-control-wrap\" data-name=\"your-message\"><textarea cols=\"40\" rows=\"3\" maxlength=\"2000\" class=\"wpcf7-form-control wpcf7-textarea wpcf7-validates-as-required\" aria-required=\"true\" aria-invalid=\"false\" name=\"your-message\"><\/textarea><\/span> <\/label>\n<\/p>\n<p style=\"font-weight: lighter; font-size:12px;\">Informaci\u00f3n b\u00e1sica sobre el tratamiento de datos (Reglamento (UE) 2016\/679 y LO 3\/2018)<br \/>\nResponsable del tratamiento: Naturcesped C\u00e9sped Artificial, SL.\n<\/p>\n<p style=\"font-weight: lighter; font-size:12px;\">Finalidad: Ofrecer, prestar y facturar nuestros servicios y productos.\n<\/p>\n<p style=\"font-weight: lighter; font-size:12px;\">Legitimaci\u00f3n: Consentimiento del interesado.\n<\/p>\n<p style=\"font-weight: lighter; font-size:12px;\">Destinatarios: Los datos no se ceder\u00e1n a terceros, a menos que lo exija una ley o sea necesario para cumplir con la finalidad del tratamiento.\n<\/p>\n<p style=\"font-weight: lighter; font-size:12px;\">Derechos: Acceder, rectificar y suprimir datos, as\u00ed como el resto que se explican en la pol\u00edtica de protecci\u00f3n de datos.\n<\/p>\n<p style=\"font-weight: lighter; font-size:12px;\">M\u00e1s informaci\u00f3n en nuestra pol\u00edtica de protecci\u00f3n de datos.\n<\/p>\n<p><input class=\"wpcf7-form-control wpcf7-submit has-spinner\" type=\"submit\" value=\"Enviar\" \/>\n<\/p><div class=\"wpcf7-response-output\" aria-hidden=\"true\"><\/div>\n<\/form>\n<\/div>\n[\/vc_column][\/vc_row]<\/p>\n<\/div>","protected":false},"excerpt":{"rendered":"<p>[vc_row gap=\u00bb35&#8243;][vc_column width=\u00bb3\/5&#8243;][vc_single_image css=\u00bb\u00bb image=\u00bb3239&#8243;][vc_column_text css=\u00bb\u00bb] C\u00e9sped artificial para terrazas y patios en Lloret de Mar: dise\u00f1o, confort y bajo mantenimiento El dise\u00f1o de espacios exteriores ha evolucionado notablemente en los \u00faltimos a\u00f1os, especialmente en viviendas que buscan optimizar terrazas y patios sin renunciar a la est\u00e9tica. En este contexto, el c\u00e9sped artificial para terrazas y patios en Lloret de<\/p>\n<div class=\"h10\"><\/div>\n<p><a class=\"more-link1\" href=\"https:\/\/naturcesped.com\/es\/cesped-artificial-para-terrazas-y-patios-en-lloret-de-mar\/\">Read more<\/a><\/p>\n","protected":false},"author":1,"featured_media":0,"parent":0,"menu_order":0,"comment_status":"closed","ping_status":"closed","template":"","meta":{"footnotes":""},"class_list":["post-3229","page","type-page","status-publish","hentry"],"yoast_head":"<!-- This site is optimized with the Yoast SEO plugin v26.3 - https:\/\/yoast.com\/wordpress\/plugins\/seo\/ -->\n<title>C\u00e9sped artificial para terrazas y patios en Lloret de mar - NaturC\u00e9sped<\/title>\n<meta name=\"description\" content=\"Instala c\u00e9sped artificial para terrazas y patios en Lloret de Mar. Soluci\u00f3n est\u00e9tica, resistente y de bajo mantenimiento para tu hogar.\" \/>\n<meta name=\"robots\" content=\"index, follow, max-snippet:-1, max-image-preview:large, max-video-preview:-1\" \/>\n<link rel=\"canonical\" href=\"https:\/\/naturcesped.com\/es\/cesped-artificial-para-terrazas-y-patios-en-lloret-de-mar\/\" \/>\n<meta property=\"og:locale\" content=\"es_ES\" \/>\n<meta property=\"og:type\" content=\"article\" \/>\n<meta property=\"og:title\" content=\"C\u00e9sped artificial para terrazas y patios en Lloret de mar - NaturC\u00e9sped\" \/>\n<meta property=\"og:description\" content=\"Instala c\u00e9sped artificial para terrazas y patios en Lloret de Mar. Soluci\u00f3n est\u00e9tica, resistente y de bajo mantenimiento para tu hogar.\" \/>\n<meta property=\"og:url\" content=\"https:\/\/naturcesped.com\/es\/cesped-artificial-para-terrazas-y-patios-en-lloret-de-mar\/\" \/>\n<meta property=\"og:site_name\" content=\"NaturC\u00e9sped\" \/>\n<meta property=\"article:modified_time\" content=\"2026-04-10T09:32:35+00:00\" \/>\n<meta name=\"twitter:card\" content=\"summary_large_image\" \/>\n<meta name=\"twitter:label1\" content=\"Tiempo de lectura\" \/>\n\t<meta name=\"twitter:data1\" content=\"3 minutos\" \/>\n<script type=\"application\/ld+json\" class=\"yoast-schema-graph\">{\"@context\":\"https:\/\/schema.org\",\"@graph\":[{\"@type\":\"WebPage\",\"@id\":\"https:\/\/naturcesped.com\/es\/cesped-artificial-para-terrazas-y-patios-en-lloret-de-mar\/\",\"url\":\"https:\/\/naturcesped.com\/es\/cesped-artificial-para-terrazas-y-patios-en-lloret-de-mar\/\",\"name\":\"C\u00e9sped artificial para terrazas y patios en Lloret de mar - NaturC\u00e9sped\",\"isPartOf\":{\"@id\":\"https:\/\/naturcesped.com\/es\/#website\"},\"datePublished\":\"2026-03-10T10:26:00+00:00\",\"dateModified\":\"2026-04-10T09:32:35+00:00\",\"description\":\"Instala c\u00e9sped artificial para terrazas y patios en Lloret de Mar. Soluci\u00f3n est\u00e9tica, resistente y de bajo mantenimiento para tu hogar.\",\"breadcrumb\":{\"@id\":\"https:\/\/naturcesped.com\/es\/cesped-artificial-para-terrazas-y-patios-en-lloret-de-mar\/#breadcrumb\"},\"inLanguage\":\"es\",\"potentialAction\":[{\"@type\":\"ReadAction\",\"target\":[\"https:\/\/naturcesped.com\/es\/cesped-artificial-para-terrazas-y-patios-en-lloret-de-mar\/\"]}]},{\"@type\":\"BreadcrumbList\",\"@id\":\"https:\/\/naturcesped.com\/es\/cesped-artificial-para-terrazas-y-patios-en-lloret-de-mar\/#breadcrumb\",\"itemListElement\":[{\"@type\":\"ListItem\",\"position\":1,\"name\":\"Portada\",\"item\":\"https:\/\/naturcesped.com\/es\/\"},{\"@type\":\"ListItem\",\"position\":2,\"name\":\"C\u00e9sped artificial para terrazas y patios en Lloret de mar\"}]},{\"@type\":\"WebSite\",\"@id\":\"https:\/\/naturcesped.com\/es\/#website\",\"url\":\"https:\/\/naturcesped.com\/es\/\",\"name\":\"NaturC\u00e9sped\",\"description\":\"C\u00e9sped artificial en Girona\",\"potentialAction\":[{\"@type\":\"SearchAction\",\"target\":{\"@type\":\"EntryPoint\",\"urlTemplate\":\"https:\/\/naturcesped.com\/es\/?s={search_term_string}\"},\"query-input\":{\"@type\":\"PropertyValueSpecification\",\"valueRequired\":true,\"valueName\":\"search_term_string\"}}],\"inLanguage\":\"es\"}]}<\/script>\n<!-- \/ Yoast SEO plugin. -->","yoast_head_json":{"title":"C\u00e9sped artificial para terrazas y patios en Lloret de mar - NaturC\u00e9sped","description":"Instala c\u00e9sped artificial para terrazas y patios en Lloret de Mar. Soluci\u00f3n est\u00e9tica, resistente y de bajo mantenimiento para tu hogar.","robots":{"index":"index","follow":"follow","max-snippet":"max-snippet:-1","max-image-preview":"max-image-preview:large","max-video-preview":"max-video-preview:-1"},"canonical":"https:\/\/naturcesped.com\/es\/cesped-artificial-para-terrazas-y-patios-en-lloret-de-mar\/","og_locale":"es_ES","og_type":"article","og_title":"C\u00e9sped artificial para terrazas y patios en Lloret de mar - NaturC\u00e9sped","og_description":"Instala c\u00e9sped artificial para terrazas y patios en Lloret de Mar. Soluci\u00f3n est\u00e9tica, resistente y de bajo mantenimiento para tu hogar.","og_url":"https:\/\/naturcesped.com\/es\/cesped-artificial-para-terrazas-y-patios-en-lloret-de-mar\/","og_site_name":"NaturC\u00e9sped","article_modified_time":"2026-04-10T09:32:35+00:00","twitter_card":"summary_large_image","twitter_misc":{"Tiempo de lectura":"3 minutos"},"schema":{"@context":"https:\/\/schema.org","@graph":[{"@type":"WebPage","@id":"https:\/\/naturcesped.com\/es\/cesped-artificial-para-terrazas-y-patios-en-lloret-de-mar\/","url":"https:\/\/naturcesped.com\/es\/cesped-artificial-para-terrazas-y-patios-en-lloret-de-mar\/","name":"C\u00e9sped artificial para terrazas y patios en Lloret de mar - NaturC\u00e9sped","isPartOf":{"@id":"https:\/\/naturcesped.com\/es\/#website"},"datePublished":"2026-03-10T10:26:00+00:00","dateModified":"2026-04-10T09:32:35+00:00","description":"Instala c\u00e9sped artificial para terrazas y patios en Lloret de Mar. Soluci\u00f3n est\u00e9tica, resistente y de bajo mantenimiento para tu hogar.","breadcrumb":{"@id":"https:\/\/naturcesped.com\/es\/cesped-artificial-para-terrazas-y-patios-en-lloret-de-mar\/#breadcrumb"},"inLanguage":"es","potentialAction":[{"@type":"ReadAction","target":["https:\/\/naturcesped.com\/es\/cesped-artificial-para-terrazas-y-patios-en-lloret-de-mar\/"]}]},{"@type":"BreadcrumbList","@id":"https:\/\/naturcesped.com\/es\/cesped-artificial-para-terrazas-y-patios-en-lloret-de-mar\/#breadcrumb","itemListElement":[{"@type":"ListItem","position":1,"name":"Portada","item":"https:\/\/naturcesped.com\/es\/"},{"@type":"ListItem","position":2,"name":"C\u00e9sped artificial para terrazas y patios en Lloret de mar"}]},{"@type":"WebSite","@id":"https:\/\/naturcesped.com\/es\/#website","url":"https:\/\/naturcesped.com\/es\/","name":"NaturC\u00e9sped","description":"C\u00e9sped artificial en Girona","potentialAction":[{"@type":"SearchAction","target":{"@type":"EntryPoint","urlTemplate":"https:\/\/naturcesped.com\/es\/?s={search_term_string}"},"query-input":{"@type":"PropertyValueSpecification","valueRequired":true,"valueName":"search_term_string"}}],"inLanguage":"es"}]}},"_links":{"self":[{"href":"https:\/\/naturcesped.com\/es\/wp-json\/wp\/v2\/pages\/3229","targetHints":{"allow":["GET"]}}],"collection":[{"href":"https:\/\/naturcesped.com\/es\/wp-json\/wp\/v2\/pages"}],"about":[{"href":"https:\/\/naturcesped.com\/es\/wp-json\/wp\/v2\/types\/page"}],"author":[{"embeddable":true,"href":"https:\/\/naturcesped.com\/es\/wp-json\/wp\/v2\/users\/1"}],"replies":[{"embeddable":true,"href":"https:\/\/naturcesped.com\/es\/wp-json\/wp\/v2\/comments?post=3229"}],"version-history":[{"count":3,"href":"https:\/\/naturcesped.com\/es\/wp-json\/wp\/v2\/pages\/3229\/revisions"}],"predecessor-version":[{"id":3242,"href":"https:\/\/naturcesped.com\/es\/wp-json\/wp\/v2\/pages\/3229\/revisions\/3242"}],"wp:attachment":[{"href":"https:\/\/naturcesped.com\/es\/wp-json\/wp\/v2\/media?parent=3229"}],"curies":[{"name":"wp","href":"https:\/\/api.w.org\/{rel}","templated":true}]}}