{"id":3216,"date":"2026-03-10T11:18:08","date_gmt":"2026-03-10T10:18:08","guid":{"rendered":"https:\/\/naturcesped.com\/?page_id=3216"},"modified":"2026-04-10T11:27:57","modified_gmt":"2026-04-10T09:27:57","slug":"cesped-artificial-para-mascotas-en-lloret-de-mar","status":"publish","type":"page","link":"https:\/\/naturcesped.com\/es\/cesped-artificial-para-mascotas-en-lloret-de-mar\/","title":{"rendered":"C\u00e9sped artificial para mascotas en Lloret de Mar"},"content":{"rendered":"<div class=\"wpb-content-wrapper\"><p>[vc_row gap=\u00bb35&#8243;][vc_column width=\u00bb3\/5&#8243;][vc_single_image css=\u00bb\u00bb image=\u00bb3225&#8243;][vc_column_text css=\u00bb\u00bb]<\/p>\n<section class=\"text-token-text-primary w-full focus:outline-none [--shadow-height:45px] has-data-writing-block:pointer-events-none has-data-writing-block:-mt-(--shadow-height) has-data-writing-block:pt-(--shadow-height) [&amp;:has([data-writing-block])&gt;*]:pointer-events-auto scroll-mt-(--header-height)\" dir=\"auto\" data-turn-id=\"89273704-2f74-4eed-a5f8-9be0ba0bff02\" data-testid=\"conversation-turn-13\" data-scroll-anchor=\"false\" data-turn=\"user\"><\/section>\n<section class=\"text-token-text-primary w-full focus:outline-none [--shadow-height:45px] has-data-writing-block:pointer-events-none has-data-writing-block:-mt-(--shadow-height) has-data-writing-block:pt-(--shadow-height) [&amp;:has([data-writing-block])&gt;*]:pointer-events-auto scroll-mt-[calc(var(--header-height)+min(200px,max(70px,20svh)))]\" dir=\"auto\" data-turn-id=\"request-WEB:c69abd95-6aa1-4e96-88a9-68ef013df4f0-6\" data-testid=\"conversation-turn-14\" data-scroll-anchor=\"false\" data-turn=\"assistant\">\n<div class=\"text-base my-auto mx-auto [--thread-content-margin:var(--thread-content-margin-xs,calc(var(--spacing)*4))] @w-sm\/main:[--thread-content-margin:var(--thread-content-margin-sm,calc(var(--spacing)*6))] @w-lg\/main:[--thread-content-margin:var(--thread-content-margin-lg,calc(var(--spacing)*16))] px-(--thread-content-margin)\">\n<div class=\"[--thread-content-max-width:40rem] @w-lg\/main:[--thread-content-max-width:48rem] mx-auto max-w-(--thread-content-max-width) flex-1 group\/turn-messages focus-visible:outline-hidden relative flex w-full min-w-0 flex-col agent-turn\">\n<div class=\"flex max-w-full flex-col gap-4 grow\">\n<div class=\"min-h-8 text-message relative flex w-full flex-col items-end gap-2 text-start break-words whitespace-normal outline-none keyboard-focused:focus-ring [.text-message+&amp;]:mt-1\" dir=\"auto\" data-message-author-role=\"assistant\" data-message-id=\"4946bb44-c322-449c-aba8-caad5d51b153\" data-message-model-slug=\"gpt-5-3\">\n<div class=\"flex w-full flex-col gap-1 empty:hidden\">\n<div class=\"markdown prose dark:prose-invert w-full wrap-break-word dark markdown-new-styling\">\n<h2 data-section-id=\"17jbf8b\" data-start=\"0\" data-end=\"91\">C\u00e9sped artificial para mascotas en Lloret de Mar: comodidad y durabilidad para tu hogar<\/h2>\n<p data-start=\"176\" data-end=\"535\">El cuidado de los espacios exteriores es fundamental cuando convives con animales. Elegir un sistema adecuado no solo mejora la est\u00e9tica, sino que tambi\u00e9n garantiza higiene, resistencia y confort. En este sentido, el <strong data-start=\"393\" data-end=\"445\">c\u00e9sped artificial para mascotas en Lloret de Mar<\/strong> se ha convertido en la opci\u00f3n ideal para quienes buscan una soluci\u00f3n pr\u00e1ctica y duradera.<\/p>\n<p data-start=\"537\" data-end=\"830\">A diferencia del c\u00e9sped natural, este tipo de superficie est\u00e1 dise\u00f1ado espec\u00edficamente para soportar el uso constante de mascotas, evitando el desgaste, los malos olores y el barro. Adem\u00e1s, su mantenimiento es m\u00ednimo, lo que permite disfrutar de un espacio limpio y seguro durante todo el a\u00f1o.<\/p>\n<p data-start=\"832\" data-end=\"1024\">Empresas especializadas como <strong>Naturc\u00e9sped<\/strong> ofrecen soluciones adaptadas a cada necesidad, combinando materiales de alta calidad con instalaciones profesionales que garantizan resultados \u00f3ptimos.<\/p>\n<\/div>\n<\/div>\n<\/div>\n<\/div>\n<\/div>\n<\/div>\n<\/section>\n<p>[\/vc_column_text][vc_row_inner][vc_column_inner width=\u00bb1\/3&#8243;][\/vc_column_inner][vc_column_inner width=\u00bb1\/3&#8243;]<a\thref=\"https:\/\/naturcesped.com\/es\/contacto\/\" \n\t\t\t\tclass=\"button btn_large btn_theme_color btn_rounded btn_normal_style    \"  target='_self'><span>CONTACTA CON NOSOTROS<\/span><\/a>[\/vc_column_inner][vc_column_inner width=\u00bb1\/3&#8243;][\/vc_column_inner][\/vc_row_inner][vc_column_text css=\u00bb\u00bb]<\/p>\n<h2 data-section-id=\"2evyg6\" data-start=\"2065\" data-end=\"2145\">Instalaci\u00f3n profesional de c\u00e9sped artificial para mascotas en Lloret de Mar<\/h2>\n<p data-start=\"2147\" data-end=\"2465\">Contar con especialistas en la instalaci\u00f3n de <strong data-start=\"2193\" data-end=\"2245\">c\u00e9sped artificial para mascotas en Lloret de Mar<\/strong> es clave para asegurar un resultado duradero y funcional. Un proceso profesional incluye la preparaci\u00f3n del terreno, la correcta nivelaci\u00f3n y la colocaci\u00f3n de una base adecuada que garantice el drenaje y la estabilidad.<\/p>\n<p data-start=\"2467\" data-end=\"2719\">Adem\u00e1s, se utilizan t\u00e9cnicas espec\u00edficas para fijar el c\u00e9sped y evitar desplazamientos, incluso en zonas de uso intensivo. Este tipo de instalaci\u00f3n asegura que el sistema mantenga sus propiedades a lo largo del tiempo, incluso en condiciones exigentes.<\/p>\n<p data-start=\"2721\" data-end=\"2973\">Optar por profesionales tambi\u00e9n permite elegir el tipo de c\u00e9sped m\u00e1s adecuado seg\u00fan el espacio, el n\u00famero de mascotas y el uso previsto. De esta forma, se consigue una soluci\u00f3n totalmente personalizada que responde a las necesidades reales del cliente.<\/p>\n<p data-start=\"2975\" data-end=\"3246\" data-is-last-node=\"\" data-is-only-node=\"\">En definitiva, el <strong data-start=\"2993\" data-end=\"3045\">c\u00e9sped artificial para mascotas en Lloret de Mar<\/strong> es una inversi\u00f3n inteligente para quienes buscan comodidad, higiene y durabilidad en sus espacios exteriores, garantizando un entorno seguro y agradable tanto para las personas como para sus animales.<\/p>\n<p>[\/vc_column_text][\/vc_column][vc_column width=\u00bb2\/5&#8243;][vc_column_text]<\/p>\n<h3 style=\"text-align: center;\">Contacta con nosotros para m\u00e1s informaci\u00f3n<\/h3>\n<hr \/>\n<p>[\/vc_column_text]\n<div class=\"wpcf7 no-js\" id=\"wpcf7-f202-o1\" lang=\"es-ES\" dir=\"ltr\" data-wpcf7-id=\"202\">\n<div class=\"screen-reader-response\"><p role=\"status\" aria-live=\"polite\" aria-atomic=\"true\"><\/p> <ul><\/ul><\/div>\n<form action=\"\/es\/wp-json\/wp\/v2\/pages\/3216#wpcf7-f202-o1\" method=\"post\" class=\"wpcf7-form init\" aria-label=\"Formulario de contacto\" novalidate=\"novalidate\" data-status=\"init\">\n<fieldset class=\"hidden-fields-container\"><input type=\"hidden\" name=\"_wpcf7\" value=\"202\" \/><input type=\"hidden\" name=\"_wpcf7_version\" value=\"6.1.3\" \/><input type=\"hidden\" name=\"_wpcf7_locale\" value=\"es_ES\" \/><input type=\"hidden\" name=\"_wpcf7_unit_tag\" value=\"wpcf7-f202-o1\" \/><input type=\"hidden\" name=\"_wpcf7_container_post\" value=\"0\" \/><input type=\"hidden\" name=\"_wpcf7_posted_data_hash\" value=\"\" \/><input type=\"hidden\" name=\"_wpcf7_recaptcha_response\" value=\"\" \/>\n<\/fieldset>\n<p><label> Nombre y apellidos *<br \/>\n<span class=\"wpcf7-form-control-wrap\" data-name=\"your-name\"><input size=\"40\" maxlength=\"400\" class=\"wpcf7-form-control wpcf7-text wpcf7-validates-as-required\" aria-required=\"true\" aria-invalid=\"false\" value=\"\" type=\"text\" name=\"your-name\" \/><\/span> <\/label>\n<\/p>\n<p><label> Tel\u00e9fono *<br \/>\n<span class=\"wpcf7-form-control-wrap\" data-name=\"your-phone\"><input size=\"40\" maxlength=\"400\" class=\"wpcf7-form-control wpcf7-text wpcf7-validates-as-required\" aria-required=\"true\" aria-invalid=\"false\" value=\"\" type=\"text\" name=\"your-phone\" \/><\/span> <\/label>\n<\/p>\n<p><label> Correo electr\u00f3nico *<br \/>\n<span class=\"wpcf7-form-control-wrap\" data-name=\"your-email\"><input size=\"40\" maxlength=\"400\" class=\"wpcf7-form-control wpcf7-email wpcf7-validates-as-required wpcf7-text wpcf7-validates-as-email\" aria-required=\"true\" aria-invalid=\"false\" value=\"\" type=\"email\" name=\"your-email\" \/><\/span> <\/label>\n<\/p>\n<p><label> Municipio *<br \/>\n<span class=\"wpcf7-form-control-wrap\" data-name=\"your-town\"><input size=\"40\" maxlength=\"400\" class=\"wpcf7-form-control wpcf7-text wpcf7-validates-as-required\" aria-required=\"true\" aria-invalid=\"false\" value=\"\" type=\"text\" name=\"your-town\" \/><\/span> <\/label>\n<\/p>\n<p><label> Cantidad de m\u00b2<br \/>\n<span class=\"wpcf7-form-control-wrap\" data-name=\"your-meters\"><input size=\"40\" maxlength=\"400\" class=\"wpcf7-form-control wpcf7-text\" aria-invalid=\"false\" value=\"\" type=\"text\" name=\"your-meters\" \/><\/span> <\/label>\n<\/p>\n<p><label> Terreno actual *<br \/>\n<span class=\"wpcf7-form-control-wrap\" data-name=\"radio-509\"><span class=\"wpcf7-form-control wpcf7-radio\"><span class=\"wpcf7-list-item first\"><label><input type=\"radio\" name=\"radio-509\" value=\"Tierra\" checked=\"checked\" \/><span class=\"wpcf7-list-item-label\">Tierra<\/span><\/label><\/span><span class=\"wpcf7-list-item\"><label><input type=\"radio\" name=\"radio-509\" value=\"C\u00e9sped natural\" \/><span class=\"wpcf7-list-item-label\">C\u00e9sped natural<\/span><\/label><\/span><span class=\"wpcf7-list-item\"><label><input type=\"radio\" name=\"radio-509\" value=\"Pavimento\" \/><span class=\"wpcf7-list-item-label\">Pavimento<\/span><\/label><\/span><span class=\"wpcf7-list-item last\"><label><input type=\"radio\" name=\"radio-509\" value=\"C\u00e9sped artificial\" \/><span class=\"wpcf7-list-item-label\">C\u00e9sped artificial<\/span><\/label><\/span><\/span><\/span> <\/label>\n<\/p>\n<p><label> Mensaje *<br \/>\n<span class=\"wpcf7-form-control-wrap\" data-name=\"your-message\"><textarea cols=\"40\" rows=\"3\" maxlength=\"2000\" class=\"wpcf7-form-control wpcf7-textarea wpcf7-validates-as-required\" aria-required=\"true\" aria-invalid=\"false\" name=\"your-message\"><\/textarea><\/span> <\/label>\n<\/p>\n<p style=\"font-weight: lighter; font-size:12px;\">Informaci\u00f3n b\u00e1sica sobre el tratamiento de datos (Reglamento (UE) 2016\/679 y LO 3\/2018)<br \/>\nResponsable del tratamiento: Naturcesped C\u00e9sped Artificial, SL.\n<\/p>\n<p style=\"font-weight: lighter; font-size:12px;\">Finalidad: Ofrecer, prestar y facturar nuestros servicios y productos.\n<\/p>\n<p style=\"font-weight: lighter; font-size:12px;\">Legitimaci\u00f3n: Consentimiento del interesado.\n<\/p>\n<p style=\"font-weight: lighter; font-size:12px;\">Destinatarios: Los datos no se ceder\u00e1n a terceros, a menos que lo exija una ley o sea necesario para cumplir con la finalidad del tratamiento.\n<\/p>\n<p style=\"font-weight: lighter; font-size:12px;\">Derechos: Acceder, rectificar y suprimir datos, as\u00ed como el resto que se explican en la pol\u00edtica de protecci\u00f3n de datos.\n<\/p>\n<p style=\"font-weight: lighter; font-size:12px;\">M\u00e1s informaci\u00f3n en nuestra pol\u00edtica de protecci\u00f3n de datos.\n<\/p>\n<p><input class=\"wpcf7-form-control wpcf7-submit has-spinner\" type=\"submit\" value=\"Enviar\" \/>\n<\/p><div class=\"wpcf7-response-output\" aria-hidden=\"true\"><\/div>\n<\/form>\n<\/div>\n[\/vc_column][\/vc_row]<\/p>\n<\/div>","protected":false},"excerpt":{"rendered":"<p>[vc_row gap=\u00bb35&#8243;][vc_column width=\u00bb3\/5&#8243;][vc_single_image css=\u00bb\u00bb image=\u00bb3225&#8243;][vc_column_text css=\u00bb\u00bb] C\u00e9sped artificial para mascotas en Lloret de Mar: comodidad y durabilidad para tu hogar El cuidado de los espacios exteriores es fundamental cuando convives con animales. Elegir un sistema adecuado no solo mejora la est\u00e9tica, sino que tambi\u00e9n garantiza higiene, resistencia y confort. En este sentido, el c\u00e9sped artificial para mascotas en Lloret de<\/p>\n<div class=\"h10\"><\/div>\n<p><a class=\"more-link1\" href=\"https:\/\/naturcesped.com\/es\/cesped-artificial-para-mascotas-en-lloret-de-mar\/\">Read more<\/a><\/p>\n","protected":false},"author":1,"featured_media":0,"parent":0,"menu_order":0,"comment_status":"closed","ping_status":"closed","template":"","meta":{"footnotes":""},"class_list":["post-3216","page","type-page","status-publish","hentry"],"yoast_head":"<!-- This site is optimized with the Yoast SEO plugin v26.3 - https:\/\/yoast.com\/wordpress\/plugins\/seo\/ -->\n<title>C\u00e9sped artificial para mascotas en Lloret de Mar - NaturC\u00e9sped<\/title>\n<meta name=\"description\" content=\"Instala c\u00e9sped artificial para mascotas en Lloret de Mar. Soluci\u00f3n resistente, higi\u00e9nica y de bajo mantenimiento para jardines y terrazas.\" \/>\n<meta name=\"robots\" content=\"index, follow, max-snippet:-1, max-image-preview:large, max-video-preview:-1\" \/>\n<link rel=\"canonical\" href=\"https:\/\/naturcesped.com\/es\/cesped-artificial-para-mascotas-en-lloret-de-mar\/\" \/>\n<meta property=\"og:locale\" content=\"es_ES\" \/>\n<meta property=\"og:type\" content=\"article\" \/>\n<meta property=\"og:title\" content=\"C\u00e9sped artificial para mascotas en Lloret de Mar - NaturC\u00e9sped\" \/>\n<meta property=\"og:description\" content=\"Instala c\u00e9sped artificial para mascotas en Lloret de Mar. Soluci\u00f3n resistente, higi\u00e9nica y de bajo mantenimiento para jardines y terrazas.\" \/>\n<meta property=\"og:url\" content=\"https:\/\/naturcesped.com\/es\/cesped-artificial-para-mascotas-en-lloret-de-mar\/\" \/>\n<meta property=\"og:site_name\" content=\"NaturC\u00e9sped\" \/>\n<meta property=\"article:modified_time\" content=\"2026-04-10T09:27:57+00:00\" \/>\n<meta name=\"twitter:card\" content=\"summary_large_image\" \/>\n<meta name=\"twitter:label1\" content=\"Tiempo de lectura\" \/>\n\t<meta name=\"twitter:data1\" content=\"2 minutos\" \/>\n<script type=\"application\/ld+json\" class=\"yoast-schema-graph\">{\"@context\":\"https:\/\/schema.org\",\"@graph\":[{\"@type\":\"WebPage\",\"@id\":\"https:\/\/naturcesped.com\/es\/cesped-artificial-para-mascotas-en-lloret-de-mar\/\",\"url\":\"https:\/\/naturcesped.com\/es\/cesped-artificial-para-mascotas-en-lloret-de-mar\/\",\"name\":\"C\u00e9sped artificial para mascotas en Lloret de Mar - NaturC\u00e9sped\",\"isPartOf\":{\"@id\":\"https:\/\/naturcesped.com\/es\/#website\"},\"datePublished\":\"2026-03-10T10:18:08+00:00\",\"dateModified\":\"2026-04-10T09:27:57+00:00\",\"description\":\"Instala c\u00e9sped artificial para mascotas en Lloret de Mar. Soluci\u00f3n resistente, higi\u00e9nica y de bajo mantenimiento para jardines y terrazas.\",\"breadcrumb\":{\"@id\":\"https:\/\/naturcesped.com\/es\/cesped-artificial-para-mascotas-en-lloret-de-mar\/#breadcrumb\"},\"inLanguage\":\"es\",\"potentialAction\":[{\"@type\":\"ReadAction\",\"target\":[\"https:\/\/naturcesped.com\/es\/cesped-artificial-para-mascotas-en-lloret-de-mar\/\"]}]},{\"@type\":\"BreadcrumbList\",\"@id\":\"https:\/\/naturcesped.com\/es\/cesped-artificial-para-mascotas-en-lloret-de-mar\/#breadcrumb\",\"itemListElement\":[{\"@type\":\"ListItem\",\"position\":1,\"name\":\"Portada\",\"item\":\"https:\/\/naturcesped.com\/es\/\"},{\"@type\":\"ListItem\",\"position\":2,\"name\":\"C\u00e9sped artificial para mascotas en Lloret de Mar\"}]},{\"@type\":\"WebSite\",\"@id\":\"https:\/\/naturcesped.com\/es\/#website\",\"url\":\"https:\/\/naturcesped.com\/es\/\",\"name\":\"NaturC\u00e9sped\",\"description\":\"C\u00e9sped artificial en Girona\",\"potentialAction\":[{\"@type\":\"SearchAction\",\"target\":{\"@type\":\"EntryPoint\",\"urlTemplate\":\"https:\/\/naturcesped.com\/es\/?s={search_term_string}\"},\"query-input\":{\"@type\":\"PropertyValueSpecification\",\"valueRequired\":true,\"valueName\":\"search_term_string\"}}],\"inLanguage\":\"es\"}]}<\/script>\n<!-- \/ Yoast SEO plugin. -->","yoast_head_json":{"title":"C\u00e9sped artificial para mascotas en Lloret de Mar - NaturC\u00e9sped","description":"Instala c\u00e9sped artificial para mascotas en Lloret de Mar. Soluci\u00f3n resistente, higi\u00e9nica y de bajo mantenimiento para jardines y terrazas.","robots":{"index":"index","follow":"follow","max-snippet":"max-snippet:-1","max-image-preview":"max-image-preview:large","max-video-preview":"max-video-preview:-1"},"canonical":"https:\/\/naturcesped.com\/es\/cesped-artificial-para-mascotas-en-lloret-de-mar\/","og_locale":"es_ES","og_type":"article","og_title":"C\u00e9sped artificial para mascotas en Lloret de Mar - NaturC\u00e9sped","og_description":"Instala c\u00e9sped artificial para mascotas en Lloret de Mar. Soluci\u00f3n resistente, higi\u00e9nica y de bajo mantenimiento para jardines y terrazas.","og_url":"https:\/\/naturcesped.com\/es\/cesped-artificial-para-mascotas-en-lloret-de-mar\/","og_site_name":"NaturC\u00e9sped","article_modified_time":"2026-04-10T09:27:57+00:00","twitter_card":"summary_large_image","twitter_misc":{"Tiempo de lectura":"2 minutos"},"schema":{"@context":"https:\/\/schema.org","@graph":[{"@type":"WebPage","@id":"https:\/\/naturcesped.com\/es\/cesped-artificial-para-mascotas-en-lloret-de-mar\/","url":"https:\/\/naturcesped.com\/es\/cesped-artificial-para-mascotas-en-lloret-de-mar\/","name":"C\u00e9sped artificial para mascotas en Lloret de Mar - NaturC\u00e9sped","isPartOf":{"@id":"https:\/\/naturcesped.com\/es\/#website"},"datePublished":"2026-03-10T10:18:08+00:00","dateModified":"2026-04-10T09:27:57+00:00","description":"Instala c\u00e9sped artificial para mascotas en Lloret de Mar. Soluci\u00f3n resistente, higi\u00e9nica y de bajo mantenimiento para jardines y terrazas.","breadcrumb":{"@id":"https:\/\/naturcesped.com\/es\/cesped-artificial-para-mascotas-en-lloret-de-mar\/#breadcrumb"},"inLanguage":"es","potentialAction":[{"@type":"ReadAction","target":["https:\/\/naturcesped.com\/es\/cesped-artificial-para-mascotas-en-lloret-de-mar\/"]}]},{"@type":"BreadcrumbList","@id":"https:\/\/naturcesped.com\/es\/cesped-artificial-para-mascotas-en-lloret-de-mar\/#breadcrumb","itemListElement":[{"@type":"ListItem","position":1,"name":"Portada","item":"https:\/\/naturcesped.com\/es\/"},{"@type":"ListItem","position":2,"name":"C\u00e9sped artificial para mascotas en Lloret de Mar"}]},{"@type":"WebSite","@id":"https:\/\/naturcesped.com\/es\/#website","url":"https:\/\/naturcesped.com\/es\/","name":"NaturC\u00e9sped","description":"C\u00e9sped artificial en Girona","potentialAction":[{"@type":"SearchAction","target":{"@type":"EntryPoint","urlTemplate":"https:\/\/naturcesped.com\/es\/?s={search_term_string}"},"query-input":{"@type":"PropertyValueSpecification","valueRequired":true,"valueName":"search_term_string"}}],"inLanguage":"es"}]}},"_links":{"self":[{"href":"https:\/\/naturcesped.com\/es\/wp-json\/wp\/v2\/pages\/3216","targetHints":{"allow":["GET"]}}],"collection":[{"href":"https:\/\/naturcesped.com\/es\/wp-json\/wp\/v2\/pages"}],"about":[{"href":"https:\/\/naturcesped.com\/es\/wp-json\/wp\/v2\/types\/page"}],"author":[{"embeddable":true,"href":"https:\/\/naturcesped.com\/es\/wp-json\/wp\/v2\/users\/1"}],"replies":[{"embeddable":true,"href":"https:\/\/naturcesped.com\/es\/wp-json\/wp\/v2\/comments?post=3216"}],"version-history":[{"count":1,"href":"https:\/\/naturcesped.com\/es\/wp-json\/wp\/v2\/pages\/3216\/revisions"}],"predecessor-version":[{"id":3227,"href":"https:\/\/naturcesped.com\/es\/wp-json\/wp\/v2\/pages\/3216\/revisions\/3227"}],"wp:attachment":[{"href":"https:\/\/naturcesped.com\/es\/wp-json\/wp\/v2\/media?parent=3216"}],"curies":[{"name":"wp","href":"https:\/\/api.w.org\/{rel}","templated":true}]}}