{"id":3107,"date":"2025-12-02T14:24:05","date_gmt":"2025-12-02T13:24:05","guid":{"rendered":"https:\/\/naturcesped.com\/?page_id=3107"},"modified":"2025-12-02T14:24:22","modified_gmt":"2025-12-02T13:24:22","slug":"mantenimiento-de-cesped-artificial-en-palafrugell","status":"publish","type":"page","link":"https:\/\/naturcesped.com\/es\/mantenimiento-de-cesped-artificial-en-palafrugell\/","title":{"rendered":"Mantenimiento de c\u00e9sped artificial en Palafrugell"},"content":{"rendered":"<div class=\"wpb-content-wrapper\"><p>[vc_row gap=\u00bb35&#8243;][vc_column width=\u00bb3\/5&#8243;][vc_single_image css=\u00bb\u00bb image=\u00bb3095&#8243;][vc_column_text css=\u00bb\u00bb]<\/p>\n<h2>Servicios profesionales de mantenimiento de c\u00e9sped artificial en Palafrugell para jardines, terrazas y comunidades<\/h2>\n<p style=\"text-align: justify;\" data-start=\"479\" data-end=\"1073\">En <strong>NaturC\u00e9sped<\/strong> ofrecemos un servicio especializado de <strong data-start=\"533\" data-end=\"586\">mantenimiento de c\u00e9sped artificial en Palafrugell<\/strong>, pensado para conservar tu superficie siempre verde, limpia y en perfecto estado durante todo el a\u00f1o. Aunque el c\u00e9sped artificial requiere menos cuidados que el natural, es fundamental realizar peque\u00f1as tareas peri\u00f3dicas para mantener su color, suavidad y durabilidad. Con nuestros productos de alta calidad y la experiencia de m\u00e1s de una d\u00e9cada en el sector, garantizamos resultados impecables tanto en espacios privados como en \u00e1reas comunitarias, terrazas, patios o zonas de piscina.<\/p>\n<p style=\"text-align: justify;\" data-start=\"1075\" data-end=\"1493\">Nuestro enfoque combina eficiencia, tecnolog\u00eda y un conocimiento profundo del comportamiento del c\u00e9sped artificial ante el sol, la humedad y el uso continuado. Gracias a ello, podemos ofrecer un mantenimiento adaptado a cada superficie que asegura una mayor vida \u00fatil y un aspecto natural en cualquier \u00e9poca del a\u00f1o. Si buscas un servicio profesional, fiable y especializado, <strong>NaturC\u00e9sped<\/strong> es tu mejor opci\u00f3n en la zona.<\/p>\n<p>[\/vc_column_text][vc_row_inner][vc_column_inner width=\u00bb1\/3&#8243;][\/vc_column_inner][vc_column_inner width=\u00bb1\/3&#8243;]<a\thref=\"https:\/\/naturcesped.com\/es\/contacto\/\" \n\t\t\t\tclass=\"button btn_large btn_theme_color btn_rounded btn_normal_style    \"  target='_self'><span>CONTACTA CON NOSOTROS<\/span><\/a>[\/vc_column_inner][vc_column_inner width=\u00bb1\/3&#8243;][\/vc_column_inner][\/vc_row_inner][vc_column_text css=\u00bb\u00bb]<\/p>\n<h2 data-start=\"1500\" data-end=\"1626\">Mantenimiento de c\u00e9sped artificial en Palafrugell: limpieza, cepillado y cuidado profesional para un resultado duradero<\/h2>\n<p style=\"text-align: justify;\" data-start=\"1628\" data-end=\"2136\">El <strong data-start=\"1631\" data-end=\"1684\">mantenimiento de c\u00e9sped artificial en Palafrugell<\/strong> es esencial para conservar el c\u00e9sped en perfecto estado y evitar problemas como el aplastamiento de fibras, la acumulaci\u00f3n de polvo o la p\u00e9rdida de color. En <strong>NaturC\u00e9sped<\/strong> realizamos una limpieza completa de la superficie para eliminar hojas, restos org\u00e1nicos y suciedad del d\u00eda a d\u00eda. Este proceso ayuda a mantener el brillo natural del c\u00e9sped y evita la aparici\u00f3n de olores o manchas, especialmente en zonas muy expuestas al uso o pr\u00f3ximas a piscinas.<\/p>\n<p style=\"text-align: justify;\" data-start=\"2138\" data-end=\"2579\">Adem\u00e1s, llevamos a cabo un cepillado profesional que levanta las fibras y devuelve al c\u00e9sped su forma original. Esta t\u00e9cnica es clave para mantener un aspecto mullido y uniforme, y permite que la superficie se mantenga c\u00f3moda y atractiva durante m\u00e1s tiempo. Cuando es necesario, tambi\u00e9n redistribuimos o reponemos la arena de s\u00edlice, un elemento fundamental para mejorar la estabilidad, la recuperaci\u00f3n de la fibra y la capacidad de drenaje.<\/p>\n<p style=\"text-align: justify;\" data-start=\"2581\" data-end=\"3140\">Este tipo de <strong data-start=\"2594\" data-end=\"2647\">mantenimiento de c\u00e9sped artificial en Palafrugell<\/strong> est\u00e1 pensado tanto para hogares particulares como para comunidades de vecinos, jardines de uso frecuente o zonas donde el c\u00e9sped debe soportar un tr\u00e1nsito elevado. Nuestros t\u00e9cnicos valoran cada espacio de forma individual para ofrecer un plan de mantenimiento adaptado a las necesidades reales de cada superficie. Con nuestros servicios, tu c\u00e9sped artificial conservar\u00e1 su color, textura y funcionalidad a\u00f1o tras a\u00f1o, sin esfuerzo y con la tranquilidad de contar con un equipo especializado.<\/p>\n<p style=\"text-align: justify;\" data-start=\"3142\" data-end=\"3508\">Te ayudamos a disfrutar de un espacio exterior impecable, sencillo de mantener y preparado para resistir el uso diario y las condiciones clim\u00e1ticas de la zona. Si quieres prolongar la vida \u00fatil de tu instalaci\u00f3n y garantizar un cuidado profesional, solicita ahora tu presupuesto de <strong data-start=\"3439\" data-end=\"3492\">mantenimiento de c\u00e9sped artificial en Palafrugell<\/strong> sin compromiso.<\/p>\n<p>[\/vc_column_text][\/vc_column][vc_column width=\u00bb2\/5&#8243;][vc_column_text]<\/p>\n<h3 style=\"text-align: center;\">Contacta con nosotros para m\u00e1s informaci\u00f3n<\/h3>\n<hr \/>\n<p>[\/vc_column_text]\n<div class=\"wpcf7 no-js\" id=\"wpcf7-f202-o1\" lang=\"es-ES\" dir=\"ltr\" data-wpcf7-id=\"202\">\n<div class=\"screen-reader-response\"><p role=\"status\" aria-live=\"polite\" aria-atomic=\"true\"><\/p> <ul><\/ul><\/div>\n<form action=\"\/es\/wp-json\/wp\/v2\/pages\/3107#wpcf7-f202-o1\" method=\"post\" class=\"wpcf7-form init\" aria-label=\"Formulario de contacto\" novalidate=\"novalidate\" data-status=\"init\">\n<fieldset class=\"hidden-fields-container\"><input type=\"hidden\" name=\"_wpcf7\" value=\"202\" \/><input type=\"hidden\" name=\"_wpcf7_version\" value=\"6.1.3\" \/><input type=\"hidden\" name=\"_wpcf7_locale\" value=\"es_ES\" \/><input type=\"hidden\" name=\"_wpcf7_unit_tag\" value=\"wpcf7-f202-o1\" \/><input type=\"hidden\" name=\"_wpcf7_container_post\" value=\"0\" \/><input type=\"hidden\" name=\"_wpcf7_posted_data_hash\" value=\"\" \/><input type=\"hidden\" name=\"_wpcf7_recaptcha_response\" value=\"\" \/>\n<\/fieldset>\n<p><label> Nombre y apellidos *<br \/>\n<span class=\"wpcf7-form-control-wrap\" data-name=\"your-name\"><input size=\"40\" maxlength=\"400\" class=\"wpcf7-form-control wpcf7-text wpcf7-validates-as-required\" aria-required=\"true\" aria-invalid=\"false\" value=\"\" type=\"text\" name=\"your-name\" \/><\/span> <\/label>\n<\/p>\n<p><label> Tel\u00e9fono *<br \/>\n<span class=\"wpcf7-form-control-wrap\" data-name=\"your-phone\"><input size=\"40\" maxlength=\"400\" class=\"wpcf7-form-control wpcf7-text wpcf7-validates-as-required\" aria-required=\"true\" aria-invalid=\"false\" value=\"\" type=\"text\" name=\"your-phone\" \/><\/span> <\/label>\n<\/p>\n<p><label> Correo electr\u00f3nico *<br \/>\n<span class=\"wpcf7-form-control-wrap\" data-name=\"your-email\"><input size=\"40\" maxlength=\"400\" class=\"wpcf7-form-control wpcf7-email wpcf7-validates-as-required wpcf7-text wpcf7-validates-as-email\" aria-required=\"true\" aria-invalid=\"false\" value=\"\" type=\"email\" name=\"your-email\" \/><\/span> <\/label>\n<\/p>\n<p><label> Municipio *<br \/>\n<span class=\"wpcf7-form-control-wrap\" data-name=\"your-town\"><input size=\"40\" maxlength=\"400\" class=\"wpcf7-form-control wpcf7-text wpcf7-validates-as-required\" aria-required=\"true\" aria-invalid=\"false\" value=\"\" type=\"text\" name=\"your-town\" \/><\/span> <\/label>\n<\/p>\n<p><label> Cantidad de m\u00b2<br \/>\n<span class=\"wpcf7-form-control-wrap\" data-name=\"your-meters\"><input size=\"40\" maxlength=\"400\" class=\"wpcf7-form-control wpcf7-text\" aria-invalid=\"false\" value=\"\" type=\"text\" name=\"your-meters\" \/><\/span> <\/label>\n<\/p>\n<p><label> Terreno actual *<br \/>\n<span class=\"wpcf7-form-control-wrap\" data-name=\"radio-509\"><span class=\"wpcf7-form-control wpcf7-radio\"><span class=\"wpcf7-list-item first\"><label><input type=\"radio\" name=\"radio-509\" value=\"Tierra\" checked=\"checked\" \/><span class=\"wpcf7-list-item-label\">Tierra<\/span><\/label><\/span><span class=\"wpcf7-list-item\"><label><input type=\"radio\" name=\"radio-509\" value=\"C\u00e9sped natural\" \/><span class=\"wpcf7-list-item-label\">C\u00e9sped natural<\/span><\/label><\/span><span class=\"wpcf7-list-item\"><label><input type=\"radio\" name=\"radio-509\" value=\"Pavimento\" \/><span class=\"wpcf7-list-item-label\">Pavimento<\/span><\/label><\/span><span class=\"wpcf7-list-item last\"><label><input type=\"radio\" name=\"radio-509\" value=\"C\u00e9sped artificial\" \/><span class=\"wpcf7-list-item-label\">C\u00e9sped artificial<\/span><\/label><\/span><\/span><\/span> <\/label>\n<\/p>\n<p><label> Mensaje *<br \/>\n<span class=\"wpcf7-form-control-wrap\" data-name=\"your-message\"><textarea cols=\"40\" rows=\"3\" maxlength=\"2000\" class=\"wpcf7-form-control wpcf7-textarea wpcf7-validates-as-required\" aria-required=\"true\" aria-invalid=\"false\" name=\"your-message\"><\/textarea><\/span> <\/label>\n<\/p>\n<p style=\"font-weight: lighter; font-size:12px;\">Informaci\u00f3n b\u00e1sica sobre el tratamiento de datos (Reglamento (UE) 2016\/679 y LO 3\/2018)<br \/>\nResponsable del tratamiento: Naturcesped C\u00e9sped Artificial, SL.\n<\/p>\n<p style=\"font-weight: lighter; font-size:12px;\">Finalidad: Ofrecer, prestar y facturar nuestros servicios y productos.\n<\/p>\n<p style=\"font-weight: lighter; font-size:12px;\">Legitimaci\u00f3n: Consentimiento del interesado.\n<\/p>\n<p style=\"font-weight: lighter; font-size:12px;\">Destinatarios: Los datos no se ceder\u00e1n a terceros, a menos que lo exija una ley o sea necesario para cumplir con la finalidad del tratamiento.\n<\/p>\n<p style=\"font-weight: lighter; font-size:12px;\">Derechos: Acceder, rectificar y suprimir datos, as\u00ed como el resto que se explican en la pol\u00edtica de protecci\u00f3n de datos.\n<\/p>\n<p style=\"font-weight: lighter; font-size:12px;\">M\u00e1s informaci\u00f3n en nuestra pol\u00edtica de protecci\u00f3n de datos.\n<\/p>\n<p><input class=\"wpcf7-form-control wpcf7-submit has-spinner\" type=\"submit\" value=\"Enviar\" \/>\n<\/p><div class=\"wpcf7-response-output\" aria-hidden=\"true\"><\/div>\n<\/form>\n<\/div>\n[\/vc_column][\/vc_row]<\/p>\n<\/div>","protected":false},"excerpt":{"rendered":"<p>[vc_row gap=\u00bb35&#8243;][vc_column width=\u00bb3\/5&#8243;][vc_single_image css=\u00bb\u00bb image=\u00bb3095&#8243;][vc_column_text css=\u00bb\u00bb] Servicios profesionales de mantenimiento de c\u00e9sped artificial en Palafrugell para jardines, terrazas y comunidades En NaturC\u00e9sped ofrecemos un servicio especializado de mantenimiento de c\u00e9sped artificial en Palafrugell, pensado para conservar tu superficie siempre verde, limpia y en perfecto estado durante todo el a\u00f1o. Aunque el c\u00e9sped artificial requiere menos cuidados que el natural, es<\/p>\n<div class=\"h10\"><\/div>\n<p><a class=\"more-link1\" href=\"https:\/\/naturcesped.com\/es\/mantenimiento-de-cesped-artificial-en-palafrugell\/\">Read more<\/a><\/p>\n","protected":false},"author":1,"featured_media":0,"parent":0,"menu_order":0,"comment_status":"closed","ping_status":"closed","template":"","meta":{"footnotes":""},"class_list":["post-3107","page","type-page","status-publish","hentry"],"yoast_head":"<!-- This site is optimized with the Yoast SEO plugin v26.3 - https:\/\/yoast.com\/wordpress\/plugins\/seo\/ -->\n<title>Mantenimiento de c\u00e9sped artificial en Palafrugell - NaturC\u00e9sped<\/title>\n<meta name=\"description\" content=\"Servicio profesional de mantenimiento de c\u00e9sped artificial en Palafrugell. Limpieza, cepillado y cuidado experto para un c\u00e9sped perfecto.\" \/>\n<meta name=\"robots\" content=\"index, follow, max-snippet:-1, max-image-preview:large, max-video-preview:-1\" \/>\n<link rel=\"canonical\" href=\"https:\/\/naturcesped.com\/es\/mantenimiento-de-cesped-artificial-en-palafrugell\/\" \/>\n<meta property=\"og:locale\" content=\"es_ES\" \/>\n<meta property=\"og:type\" content=\"article\" \/>\n<meta property=\"og:title\" content=\"Mantenimiento de c\u00e9sped artificial en Palafrugell - NaturC\u00e9sped\" \/>\n<meta property=\"og:description\" content=\"Servicio profesional de mantenimiento de c\u00e9sped artificial en Palafrugell. Limpieza, cepillado y cuidado experto para un c\u00e9sped perfecto.\" \/>\n<meta property=\"og:url\" content=\"https:\/\/naturcesped.com\/es\/mantenimiento-de-cesped-artificial-en-palafrugell\/\" \/>\n<meta property=\"og:site_name\" content=\"NaturC\u00e9sped\" \/>\n<meta property=\"article:modified_time\" content=\"2025-12-02T13:24:22+00:00\" \/>\n<meta name=\"twitter:card\" content=\"summary_large_image\" \/>\n<meta name=\"twitter:label1\" content=\"Tiempo de lectura\" \/>\n\t<meta name=\"twitter:data1\" content=\"3 minutos\" \/>\n<script type=\"application\/ld+json\" class=\"yoast-schema-graph\">{\"@context\":\"https:\/\/schema.org\",\"@graph\":[{\"@type\":\"WebPage\",\"@id\":\"https:\/\/naturcesped.com\/es\/mantenimiento-de-cesped-artificial-en-palafrugell\/\",\"url\":\"https:\/\/naturcesped.com\/es\/mantenimiento-de-cesped-artificial-en-palafrugell\/\",\"name\":\"Mantenimiento de c\u00e9sped artificial en Palafrugell - NaturC\u00e9sped\",\"isPartOf\":{\"@id\":\"https:\/\/naturcesped.com\/es\/#website\"},\"datePublished\":\"2025-12-02T13:24:05+00:00\",\"dateModified\":\"2025-12-02T13:24:22+00:00\",\"description\":\"Servicio profesional de mantenimiento de c\u00e9sped artificial en Palafrugell. Limpieza, cepillado y cuidado experto para un c\u00e9sped perfecto.\",\"breadcrumb\":{\"@id\":\"https:\/\/naturcesped.com\/es\/mantenimiento-de-cesped-artificial-en-palafrugell\/#breadcrumb\"},\"inLanguage\":\"es\",\"potentialAction\":[{\"@type\":\"ReadAction\",\"target\":[\"https:\/\/naturcesped.com\/es\/mantenimiento-de-cesped-artificial-en-palafrugell\/\"]}]},{\"@type\":\"BreadcrumbList\",\"@id\":\"https:\/\/naturcesped.com\/es\/mantenimiento-de-cesped-artificial-en-palafrugell\/#breadcrumb\",\"itemListElement\":[{\"@type\":\"ListItem\",\"position\":1,\"name\":\"Portada\",\"item\":\"https:\/\/naturcesped.com\/es\/\"},{\"@type\":\"ListItem\",\"position\":2,\"name\":\"Mantenimiento de c\u00e9sped artificial en Palafrugell\"}]},{\"@type\":\"WebSite\",\"@id\":\"https:\/\/naturcesped.com\/es\/#website\",\"url\":\"https:\/\/naturcesped.com\/es\/\",\"name\":\"NaturC\u00e9sped\",\"description\":\"C\u00e9sped artificial en Girona\",\"potentialAction\":[{\"@type\":\"SearchAction\",\"target\":{\"@type\":\"EntryPoint\",\"urlTemplate\":\"https:\/\/naturcesped.com\/es\/?s={search_term_string}\"},\"query-input\":{\"@type\":\"PropertyValueSpecification\",\"valueRequired\":true,\"valueName\":\"search_term_string\"}}],\"inLanguage\":\"es\"}]}<\/script>\n<!-- \/ Yoast SEO plugin. -->","yoast_head_json":{"title":"Mantenimiento de c\u00e9sped artificial en Palafrugell - NaturC\u00e9sped","description":"Servicio profesional de mantenimiento de c\u00e9sped artificial en Palafrugell. Limpieza, cepillado y cuidado experto para un c\u00e9sped perfecto.","robots":{"index":"index","follow":"follow","max-snippet":"max-snippet:-1","max-image-preview":"max-image-preview:large","max-video-preview":"max-video-preview:-1"},"canonical":"https:\/\/naturcesped.com\/es\/mantenimiento-de-cesped-artificial-en-palafrugell\/","og_locale":"es_ES","og_type":"article","og_title":"Mantenimiento de c\u00e9sped artificial en Palafrugell - NaturC\u00e9sped","og_description":"Servicio profesional de mantenimiento de c\u00e9sped artificial en Palafrugell. Limpieza, cepillado y cuidado experto para un c\u00e9sped perfecto.","og_url":"https:\/\/naturcesped.com\/es\/mantenimiento-de-cesped-artificial-en-palafrugell\/","og_site_name":"NaturC\u00e9sped","article_modified_time":"2025-12-02T13:24:22+00:00","twitter_card":"summary_large_image","twitter_misc":{"Tiempo de lectura":"3 minutos"},"schema":{"@context":"https:\/\/schema.org","@graph":[{"@type":"WebPage","@id":"https:\/\/naturcesped.com\/es\/mantenimiento-de-cesped-artificial-en-palafrugell\/","url":"https:\/\/naturcesped.com\/es\/mantenimiento-de-cesped-artificial-en-palafrugell\/","name":"Mantenimiento de c\u00e9sped artificial en Palafrugell - NaturC\u00e9sped","isPartOf":{"@id":"https:\/\/naturcesped.com\/es\/#website"},"datePublished":"2025-12-02T13:24:05+00:00","dateModified":"2025-12-02T13:24:22+00:00","description":"Servicio profesional de mantenimiento de c\u00e9sped artificial en Palafrugell. Limpieza, cepillado y cuidado experto para un c\u00e9sped perfecto.","breadcrumb":{"@id":"https:\/\/naturcesped.com\/es\/mantenimiento-de-cesped-artificial-en-palafrugell\/#breadcrumb"},"inLanguage":"es","potentialAction":[{"@type":"ReadAction","target":["https:\/\/naturcesped.com\/es\/mantenimiento-de-cesped-artificial-en-palafrugell\/"]}]},{"@type":"BreadcrumbList","@id":"https:\/\/naturcesped.com\/es\/mantenimiento-de-cesped-artificial-en-palafrugell\/#breadcrumb","itemListElement":[{"@type":"ListItem","position":1,"name":"Portada","item":"https:\/\/naturcesped.com\/es\/"},{"@type":"ListItem","position":2,"name":"Mantenimiento de c\u00e9sped artificial en Palafrugell"}]},{"@type":"WebSite","@id":"https:\/\/naturcesped.com\/es\/#website","url":"https:\/\/naturcesped.com\/es\/","name":"NaturC\u00e9sped","description":"C\u00e9sped artificial en Girona","potentialAction":[{"@type":"SearchAction","target":{"@type":"EntryPoint","urlTemplate":"https:\/\/naturcesped.com\/es\/?s={search_term_string}"},"query-input":{"@type":"PropertyValueSpecification","valueRequired":true,"valueName":"search_term_string"}}],"inLanguage":"es"}]}},"_links":{"self":[{"href":"https:\/\/naturcesped.com\/es\/wp-json\/wp\/v2\/pages\/3107","targetHints":{"allow":["GET"]}}],"collection":[{"href":"https:\/\/naturcesped.com\/es\/wp-json\/wp\/v2\/pages"}],"about":[{"href":"https:\/\/naturcesped.com\/es\/wp-json\/wp\/v2\/types\/page"}],"author":[{"embeddable":true,"href":"https:\/\/naturcesped.com\/es\/wp-json\/wp\/v2\/users\/1"}],"replies":[{"embeddable":true,"href":"https:\/\/naturcesped.com\/es\/wp-json\/wp\/v2\/comments?post=3107"}],"version-history":[{"count":3,"href":"https:\/\/naturcesped.com\/es\/wp-json\/wp\/v2\/pages\/3107\/revisions"}],"predecessor-version":[{"id":3110,"href":"https:\/\/naturcesped.com\/es\/wp-json\/wp\/v2\/pages\/3107\/revisions\/3110"}],"wp:attachment":[{"href":"https:\/\/naturcesped.com\/es\/wp-json\/wp\/v2\/media?parent=3107"}],"curies":[{"name":"wp","href":"https:\/\/api.w.org\/{rel}","templated":true}]}}