{"id":3050,"date":"2025-11-04T13:36:32","date_gmt":"2025-11-04T12:36:32","guid":{"rendered":"https:\/\/naturcesped.com\/?page_id=3050"},"modified":"2025-11-04T13:36:32","modified_gmt":"2025-11-04T12:36:32","slug":"mantenimiento-de-cesped-artificial-en-girona","status":"publish","type":"page","link":"https:\/\/naturcesped.com\/es\/mantenimiento-de-cesped-artificial-en-girona\/","title":{"rendered":"Mantenimiento de c\u00e9sped artificial en Girona"},"content":{"rendered":"<div class=\"wpb-content-wrapper\"><p>[vc_row gap=\u00bb35&#8243;][vc_column width=\u00bb3\/5&#8243;][vc_single_image css=\u00bb\u00bb image=\u00bb2988&#8243;][vc_column_text css=\u00bb\u00bb]<\/p>\n<h2 data-start=\"287\" data-end=\"360\">Claves para un correcto mantenimiento de c\u00e9sped artificial en Girona<\/h2>\n<p style=\"text-align: justify;\" data-start=\"362\" data-end=\"760\">En <strong>NaturC\u00e9sped<\/strong> somos especialistas en instalaci\u00f3n y <strong data-start=\"414\" data-end=\"462\">mantenimiento de c\u00e9sped artificial en Girona<\/strong>, ofreciendo soluciones que garantizan la m\u00e1xima durabilidad y el mejor aspecto para tu jard\u00edn o zona exterior. Aunque el c\u00e9sped artificial requiere mucho menos cuidado que el natural, es importante seguir unas pautas b\u00e1sicas para conservar su color, suavidad y estructura con el paso del tiempo.<\/p>\n<p style=\"text-align: justify;\" data-start=\"762\" data-end=\"1235\">El clima, el uso y la ubicaci\u00f3n influyen directamente en el estado del c\u00e9sped, por lo que un mantenimiento adecuado es esencial para asegurar que se mantenga como el primer d\u00eda. En NaturC\u00e9sped recomendamos limpiezas peri\u00f3dicas, cepillado de las fibras y peque\u00f1as revisiones para eliminar restos org\u00e1nicos o suciedad acumulada. Gracias a nuestros materiales de alta calidad y al asesoramiento profesional, cada instalaci\u00f3n conserva su belleza y funcionalidad durante a\u00f1os.<\/p>\n<p style=\"text-align: justify;\" data-start=\"1237\" data-end=\"1654\">Adem\u00e1s, los productos que utilizamos para el <strong data-start=\"1282\" data-end=\"1330\">mantenimiento de c\u00e9sped artificial en Girona<\/strong> son totalmente respetuosos con el medio ambiente. Esto permite mantener el espacio limpio, seguro y libre de productos qu\u00edmicos agresivos, ideal para familias con ni\u00f1os y mascotas. Nuestro objetivo es ofrecer un servicio completo que combine est\u00e9tica, sostenibilidad y confort, adaptado a las necesidades de cada cliente.<\/p>\n<p>[\/vc_column_text][vc_row_inner][vc_column_inner width=\u00bb1\/3&#8243;][\/vc_column_inner][vc_column_inner width=\u00bb1\/3&#8243;]<a\thref=\"https:\/\/naturcesped.com\/es\/contacto\/\" \n\t\t\t\tclass=\"button btn_large btn_theme_color btn_rounded btn_normal_style    \"  target='_self'><span>CONTACTA CON NOSOTROS<\/span><\/a>[\/vc_column_inner][vc_column_inner width=\u00bb1\/3&#8243;][\/vc_column_inner][\/vc_row_inner][vc_column_text css=\u00bb\u00bb]<\/p>\n<h2 data-start=\"1661\" data-end=\"1734\">Servicio profesional de mantenimiento de c\u00e9sped artificial en Girona<\/h2>\n<p style=\"text-align: justify;\" data-start=\"1736\" data-end=\"2139\">Contar con un equipo experto en el <strong data-start=\"1771\" data-end=\"1819\">mantenimiento de c\u00e9sped artificial en Girona<\/strong> es la mejor garant\u00eda para prolongar la vida \u00fatil del producto. En <strong>NaturC\u00e9sped<\/strong> realizamos revisiones peri\u00f3dicas que incluyen la limpieza profunda del terreno, la recuperaci\u00f3n del nivel de arena de s\u00edlice si es necesario, y el cepillado profesional que ayuda a mantener las fibras erguidas y el c\u00e9sped siempre perfecto.<\/p>\n<p style=\"text-align: justify;\" data-start=\"2141\" data-end=\"2526\">Este tipo de mantenimiento tambi\u00e9n previene la acumulaci\u00f3n de polvo, hojas secas o residuos, manteniendo el drenaje en \u00f3ptimas condiciones. De esta forma, se evitan olores, manchas o el desgaste prematuro de las fibras. Adem\u00e1s, ofrecemos planes personalizados seg\u00fan la superficie, el tipo de uso y el entorno, para que cada cliente disfrute de un servicio adaptado a sus necesidades.<\/p>\n<p style=\"text-align: justify;\" data-start=\"2528\" data-end=\"2837\">Con m\u00e1s de 10 a\u00f1os de experiencia en instalaci\u00f3n y <strong data-start=\"2579\" data-end=\"2627\">mantenimiento de c\u00e9sped artificial en Girona<\/strong>, en <strong>NaturC\u00e9sped<\/strong> garantizamos resultados duraderos y un aspecto natural en cualquier \u00e9poca del a\u00f1o. Si quieres conservar tu c\u00e9sped siempre verde, limpio y en perfecto estado, conf\u00eda en nuestros profesionales.<\/p>\n<p style=\"text-align: justify;\" data-start=\"2839\" data-end=\"3026\">Solicita tu presupuesto sin compromiso y descubre c\u00f3mo un buen <strong data-start=\"2902\" data-end=\"2950\">mantenimiento de c\u00e9sped artificial en Girona<\/strong> puede hacer que tu espacio exterior luzca como nuevo durante muchos a\u00f1os.<\/p>\n<p>[\/vc_column_text][\/vc_column][vc_column width=\u00bb2\/5&#8243;][vc_column_text]<\/p>\n<h3 style=\"text-align: center;\">Contacta con nosotros para m\u00e1s informaci\u00f3n<\/h3>\n<hr \/>\n<p>[\/vc_column_text]\n<div class=\"wpcf7 no-js\" id=\"wpcf7-f202-o1\" lang=\"es-ES\" dir=\"ltr\" data-wpcf7-id=\"202\">\n<div class=\"screen-reader-response\"><p role=\"status\" aria-live=\"polite\" aria-atomic=\"true\"><\/p> <ul><\/ul><\/div>\n<form action=\"\/es\/wp-json\/wp\/v2\/pages\/3050#wpcf7-f202-o1\" method=\"post\" class=\"wpcf7-form init\" aria-label=\"Formulario de contacto\" novalidate=\"novalidate\" data-status=\"init\">\n<fieldset class=\"hidden-fields-container\"><input type=\"hidden\" name=\"_wpcf7\" value=\"202\" \/><input type=\"hidden\" name=\"_wpcf7_version\" value=\"6.1.3\" \/><input type=\"hidden\" name=\"_wpcf7_locale\" value=\"es_ES\" \/><input type=\"hidden\" name=\"_wpcf7_unit_tag\" value=\"wpcf7-f202-o1\" \/><input type=\"hidden\" name=\"_wpcf7_container_post\" value=\"0\" \/><input type=\"hidden\" name=\"_wpcf7_posted_data_hash\" value=\"\" \/><input type=\"hidden\" name=\"_wpcf7_recaptcha_response\" value=\"\" \/>\n<\/fieldset>\n<p><label> Nombre y apellidos *<br \/>\n<span class=\"wpcf7-form-control-wrap\" data-name=\"your-name\"><input size=\"40\" maxlength=\"400\" class=\"wpcf7-form-control wpcf7-text wpcf7-validates-as-required\" aria-required=\"true\" aria-invalid=\"false\" value=\"\" type=\"text\" name=\"your-name\" \/><\/span> <\/label>\n<\/p>\n<p><label> Tel\u00e9fono *<br \/>\n<span class=\"wpcf7-form-control-wrap\" data-name=\"your-phone\"><input size=\"40\" maxlength=\"400\" class=\"wpcf7-form-control wpcf7-text wpcf7-validates-as-required\" aria-required=\"true\" aria-invalid=\"false\" value=\"\" type=\"text\" name=\"your-phone\" \/><\/span> <\/label>\n<\/p>\n<p><label> Correo electr\u00f3nico *<br \/>\n<span class=\"wpcf7-form-control-wrap\" data-name=\"your-email\"><input size=\"40\" maxlength=\"400\" class=\"wpcf7-form-control wpcf7-email wpcf7-validates-as-required wpcf7-text wpcf7-validates-as-email\" aria-required=\"true\" aria-invalid=\"false\" value=\"\" type=\"email\" name=\"your-email\" \/><\/span> <\/label>\n<\/p>\n<p><label> Municipio *<br \/>\n<span class=\"wpcf7-form-control-wrap\" data-name=\"your-town\"><input size=\"40\" maxlength=\"400\" class=\"wpcf7-form-control wpcf7-text wpcf7-validates-as-required\" aria-required=\"true\" aria-invalid=\"false\" value=\"\" type=\"text\" name=\"your-town\" \/><\/span> <\/label>\n<\/p>\n<p><label> Cantidad de m\u00b2<br \/>\n<span class=\"wpcf7-form-control-wrap\" data-name=\"your-meters\"><input size=\"40\" maxlength=\"400\" class=\"wpcf7-form-control wpcf7-text\" aria-invalid=\"false\" value=\"\" type=\"text\" name=\"your-meters\" \/><\/span> <\/label>\n<\/p>\n<p><label> Terreno actual *<br \/>\n<span class=\"wpcf7-form-control-wrap\" data-name=\"radio-509\"><span class=\"wpcf7-form-control wpcf7-radio\"><span class=\"wpcf7-list-item first\"><label><input type=\"radio\" name=\"radio-509\" value=\"Tierra\" checked=\"checked\" \/><span class=\"wpcf7-list-item-label\">Tierra<\/span><\/label><\/span><span class=\"wpcf7-list-item\"><label><input type=\"radio\" name=\"radio-509\" value=\"C\u00e9sped natural\" \/><span class=\"wpcf7-list-item-label\">C\u00e9sped natural<\/span><\/label><\/span><span class=\"wpcf7-list-item\"><label><input type=\"radio\" name=\"radio-509\" value=\"Pavimento\" \/><span class=\"wpcf7-list-item-label\">Pavimento<\/span><\/label><\/span><span class=\"wpcf7-list-item last\"><label><input type=\"radio\" name=\"radio-509\" value=\"C\u00e9sped artificial\" \/><span class=\"wpcf7-list-item-label\">C\u00e9sped artificial<\/span><\/label><\/span><\/span><\/span> <\/label>\n<\/p>\n<p><label> Mensaje *<br \/>\n<span class=\"wpcf7-form-control-wrap\" data-name=\"your-message\"><textarea cols=\"40\" rows=\"3\" maxlength=\"2000\" class=\"wpcf7-form-control wpcf7-textarea wpcf7-validates-as-required\" aria-required=\"true\" aria-invalid=\"false\" name=\"your-message\"><\/textarea><\/span> <\/label>\n<\/p>\n<p style=\"font-weight: lighter; font-size:12px;\">Informaci\u00f3n b\u00e1sica sobre el tratamiento de datos (Reglamento (UE) 2016\/679 y LO 3\/2018)<br \/>\nResponsable del tratamiento: Naturcesped C\u00e9sped Artificial, SL.\n<\/p>\n<p style=\"font-weight: lighter; font-size:12px;\">Finalidad: Ofrecer, prestar y facturar nuestros servicios y productos.\n<\/p>\n<p style=\"font-weight: lighter; font-size:12px;\">Legitimaci\u00f3n: Consentimiento del interesado.\n<\/p>\n<p style=\"font-weight: lighter; font-size:12px;\">Destinatarios: Los datos no se ceder\u00e1n a terceros, a menos que lo exija una ley o sea necesario para cumplir con la finalidad del tratamiento.\n<\/p>\n<p style=\"font-weight: lighter; font-size:12px;\">Derechos: Acceder, rectificar y suprimir datos, as\u00ed como el resto que se explican en la pol\u00edtica de protecci\u00f3n de datos.\n<\/p>\n<p style=\"font-weight: lighter; font-size:12px;\">M\u00e1s informaci\u00f3n en nuestra pol\u00edtica de protecci\u00f3n de datos.\n<\/p>\n<p><input class=\"wpcf7-form-control wpcf7-submit has-spinner\" type=\"submit\" value=\"Enviar\" \/>\n<\/p><div class=\"wpcf7-response-output\" aria-hidden=\"true\"><\/div>\n<\/form>\n<\/div>\n[\/vc_column][\/vc_row]<\/p>\n<\/div>","protected":false},"excerpt":{"rendered":"<p>[vc_row gap=\u00bb35&#8243;][vc_column width=\u00bb3\/5&#8243;][vc_single_image css=\u00bb\u00bb image=\u00bb2988&#8243;][vc_column_text css=\u00bb\u00bb] Claves para un correcto mantenimiento de c\u00e9sped artificial en Girona En NaturC\u00e9sped somos especialistas en instalaci\u00f3n y mantenimiento de c\u00e9sped artificial en Girona, ofreciendo soluciones que garantizan la m\u00e1xima durabilidad y el mejor aspecto para tu jard\u00edn o zona exterior. Aunque el c\u00e9sped artificial requiere mucho menos cuidado que el natural, es importante seguir<\/p>\n<div class=\"h10\"><\/div>\n<p><a class=\"more-link1\" href=\"https:\/\/naturcesped.com\/es\/mantenimiento-de-cesped-artificial-en-girona\/\">Read more<\/a><\/p>\n","protected":false},"author":1,"featured_media":0,"parent":0,"menu_order":0,"comment_status":"closed","ping_status":"closed","template":"","meta":{"footnotes":""},"class_list":["post-3050","page","type-page","status-publish","hentry"],"yoast_head":"<!-- This site is optimized with the Yoast SEO plugin v26.3 - https:\/\/yoast.com\/wordpress\/plugins\/seo\/ -->\n<title>Mantenimiento de c\u00e9sped artificial en Girona - NaturC\u00e9sped<\/title>\n<meta name=\"description\" content=\"Expertos en mantenimiento de c\u00e9sped artificial en Girona. Conserva tu jard\u00edn impecable con limpieza, cepillado y cuidado profesional.\" \/>\n<meta name=\"robots\" content=\"index, follow, max-snippet:-1, max-image-preview:large, max-video-preview:-1\" \/>\n<link rel=\"canonical\" href=\"https:\/\/naturcesped.com\/es\/mantenimiento-de-cesped-artificial-en-girona\/\" \/>\n<meta property=\"og:locale\" content=\"es_ES\" \/>\n<meta property=\"og:type\" content=\"article\" \/>\n<meta property=\"og:title\" content=\"Mantenimiento de c\u00e9sped artificial en Girona - NaturC\u00e9sped\" \/>\n<meta property=\"og:description\" content=\"Expertos en mantenimiento de c\u00e9sped artificial en Girona. Conserva tu jard\u00edn impecable con limpieza, cepillado y cuidado profesional.\" \/>\n<meta property=\"og:url\" content=\"https:\/\/naturcesped.com\/es\/mantenimiento-de-cesped-artificial-en-girona\/\" \/>\n<meta property=\"og:site_name\" content=\"NaturC\u00e9sped\" \/>\n<meta name=\"twitter:card\" content=\"summary_large_image\" \/>\n<meta name=\"twitter:label1\" content=\"Tiempo de lectura\" \/>\n\t<meta name=\"twitter:data1\" content=\"3 minutos\" \/>\n<script type=\"application\/ld+json\" class=\"yoast-schema-graph\">{\"@context\":\"https:\/\/schema.org\",\"@graph\":[{\"@type\":\"WebPage\",\"@id\":\"https:\/\/naturcesped.com\/es\/mantenimiento-de-cesped-artificial-en-girona\/\",\"url\":\"https:\/\/naturcesped.com\/es\/mantenimiento-de-cesped-artificial-en-girona\/\",\"name\":\"Mantenimiento de c\u00e9sped artificial en Girona - NaturC\u00e9sped\",\"isPartOf\":{\"@id\":\"https:\/\/naturcesped.com\/es\/#website\"},\"datePublished\":\"2025-11-04T12:36:32+00:00\",\"description\":\"Expertos en mantenimiento de c\u00e9sped artificial en Girona. Conserva tu jard\u00edn impecable con limpieza, cepillado y cuidado profesional.\",\"breadcrumb\":{\"@id\":\"https:\/\/naturcesped.com\/es\/mantenimiento-de-cesped-artificial-en-girona\/#breadcrumb\"},\"inLanguage\":\"es\",\"potentialAction\":[{\"@type\":\"ReadAction\",\"target\":[\"https:\/\/naturcesped.com\/es\/mantenimiento-de-cesped-artificial-en-girona\/\"]}]},{\"@type\":\"BreadcrumbList\",\"@id\":\"https:\/\/naturcesped.com\/es\/mantenimiento-de-cesped-artificial-en-girona\/#breadcrumb\",\"itemListElement\":[{\"@type\":\"ListItem\",\"position\":1,\"name\":\"Portada\",\"item\":\"https:\/\/naturcesped.com\/es\/\"},{\"@type\":\"ListItem\",\"position\":2,\"name\":\"Mantenimiento de c\u00e9sped artificial en Girona\"}]},{\"@type\":\"WebSite\",\"@id\":\"https:\/\/naturcesped.com\/es\/#website\",\"url\":\"https:\/\/naturcesped.com\/es\/\",\"name\":\"NaturC\u00e9sped\",\"description\":\"C\u00e9sped artificial en Girona\",\"potentialAction\":[{\"@type\":\"SearchAction\",\"target\":{\"@type\":\"EntryPoint\",\"urlTemplate\":\"https:\/\/naturcesped.com\/es\/?s={search_term_string}\"},\"query-input\":{\"@type\":\"PropertyValueSpecification\",\"valueRequired\":true,\"valueName\":\"search_term_string\"}}],\"inLanguage\":\"es\"}]}<\/script>\n<!-- \/ Yoast SEO plugin. -->","yoast_head_json":{"title":"Mantenimiento de c\u00e9sped artificial en Girona - NaturC\u00e9sped","description":"Expertos en mantenimiento de c\u00e9sped artificial en Girona. Conserva tu jard\u00edn impecable con limpieza, cepillado y cuidado profesional.","robots":{"index":"index","follow":"follow","max-snippet":"max-snippet:-1","max-image-preview":"max-image-preview:large","max-video-preview":"max-video-preview:-1"},"canonical":"https:\/\/naturcesped.com\/es\/mantenimiento-de-cesped-artificial-en-girona\/","og_locale":"es_ES","og_type":"article","og_title":"Mantenimiento de c\u00e9sped artificial en Girona - NaturC\u00e9sped","og_description":"Expertos en mantenimiento de c\u00e9sped artificial en Girona. Conserva tu jard\u00edn impecable con limpieza, cepillado y cuidado profesional.","og_url":"https:\/\/naturcesped.com\/es\/mantenimiento-de-cesped-artificial-en-girona\/","og_site_name":"NaturC\u00e9sped","twitter_card":"summary_large_image","twitter_misc":{"Tiempo de lectura":"3 minutos"},"schema":{"@context":"https:\/\/schema.org","@graph":[{"@type":"WebPage","@id":"https:\/\/naturcesped.com\/es\/mantenimiento-de-cesped-artificial-en-girona\/","url":"https:\/\/naturcesped.com\/es\/mantenimiento-de-cesped-artificial-en-girona\/","name":"Mantenimiento de c\u00e9sped artificial en Girona - NaturC\u00e9sped","isPartOf":{"@id":"https:\/\/naturcesped.com\/es\/#website"},"datePublished":"2025-11-04T12:36:32+00:00","description":"Expertos en mantenimiento de c\u00e9sped artificial en Girona. Conserva tu jard\u00edn impecable con limpieza, cepillado y cuidado profesional.","breadcrumb":{"@id":"https:\/\/naturcesped.com\/es\/mantenimiento-de-cesped-artificial-en-girona\/#breadcrumb"},"inLanguage":"es","potentialAction":[{"@type":"ReadAction","target":["https:\/\/naturcesped.com\/es\/mantenimiento-de-cesped-artificial-en-girona\/"]}]},{"@type":"BreadcrumbList","@id":"https:\/\/naturcesped.com\/es\/mantenimiento-de-cesped-artificial-en-girona\/#breadcrumb","itemListElement":[{"@type":"ListItem","position":1,"name":"Portada","item":"https:\/\/naturcesped.com\/es\/"},{"@type":"ListItem","position":2,"name":"Mantenimiento de c\u00e9sped artificial en Girona"}]},{"@type":"WebSite","@id":"https:\/\/naturcesped.com\/es\/#website","url":"https:\/\/naturcesped.com\/es\/","name":"NaturC\u00e9sped","description":"C\u00e9sped artificial en Girona","potentialAction":[{"@type":"SearchAction","target":{"@type":"EntryPoint","urlTemplate":"https:\/\/naturcesped.com\/es\/?s={search_term_string}"},"query-input":{"@type":"PropertyValueSpecification","valueRequired":true,"valueName":"search_term_string"}}],"inLanguage":"es"}]}},"_links":{"self":[{"href":"https:\/\/naturcesped.com\/es\/wp-json\/wp\/v2\/pages\/3050","targetHints":{"allow":["GET"]}}],"collection":[{"href":"https:\/\/naturcesped.com\/es\/wp-json\/wp\/v2\/pages"}],"about":[{"href":"https:\/\/naturcesped.com\/es\/wp-json\/wp\/v2\/types\/page"}],"author":[{"embeddable":true,"href":"https:\/\/naturcesped.com\/es\/wp-json\/wp\/v2\/users\/1"}],"replies":[{"embeddable":true,"href":"https:\/\/naturcesped.com\/es\/wp-json\/wp\/v2\/comments?post=3050"}],"version-history":[{"count":1,"href":"https:\/\/naturcesped.com\/es\/wp-json\/wp\/v2\/pages\/3050\/revisions"}],"predecessor-version":[{"id":3051,"href":"https:\/\/naturcesped.com\/es\/wp-json\/wp\/v2\/pages\/3050\/revisions\/3051"}],"wp:attachment":[{"href":"https:\/\/naturcesped.com\/es\/wp-json\/wp\/v2\/media?parent=3050"}],"curies":[{"name":"wp","href":"https:\/\/api.w.org\/{rel}","templated":true}]}}