{"id":268,"date":"2022-10-03T08:44:33","date_gmt":"2022-10-03T08:44:33","guid":{"rendered":"https:\/\/naturcesped.com\/?page_id=268"},"modified":"2022-10-05T09:48:37","modified_gmt":"2022-10-05T09:48:37","slug":"valla-sintetica","status":"publish","type":"page","link":"https:\/\/naturcesped.com\/es\/productos\/tarima-y-valla-sintetica\/valla-sintetica\/","title":{"rendered":"Valla Sint\u00e9tica"},"content":{"rendered":"<div class=\"wpb-content-wrapper\"><p>[vc_row][vc_column]<div class=\"boc_spacing \" style=\"height: 40px\"><\/div>[\/vc_column][\/vc_row][vc_row][vc_column][vc_column_text]<\/p>\n<h1 style=\"font-weight: bold;\">VALLA SINT\u00c9TICA<\/h1>\n<p>[\/vc_column_text][\/vc_column][\/vc_row][vc_row][vc_column width=\u00bb2\/3&#8243;][vc_single_image image=\u00bb272&#8243;][\/vc_column][vc_column width=\u00bb1\/3&#8243;][vc_column_text]Crear zonas personales en jardines, terrazas y piscinas, es muy f\u00e1cil con el sistema de Supradeck Ocultaci\u00f3n. Los cerramientos Supradeck Ocultaci\u00f3n son est\u00e9ticamente llamativos, gozan del acabado natural de la madera tradicional pero no requieren mantenimiento, adem\u00e1s resisten a las inclemencias del clima, ofreciendo un acabado de primera calidad.[\/vc_column_text][\/vc_column][\/vc_row][vc_row][vc_column][vc_column_text]<\/p>\n<p>Fabricamos el sistema de sujeci\u00f3n (postes) a medida. Se pueden instalar de dos formas distintas: con los postes vistos o los postes escondidos. Recomendamos usar el sistema de poste visto, de este modo las dos caras del cerramiento ser\u00e1n igual de bonitas. Con el sistema de poste escondido una de las dos caras quedara completamente recubierta de tarima. Consulte con nosotros qu\u00e9 sistema es mejor para usted.<\/p>\n<p>Los postes est\u00e1n fabricados con acero galvanizado, pintados con pintura anticorrosi\u00f3n y secados al horno. El sistema de fijaci\u00f3n facilita much\u00edsimo su instalaci\u00f3n y da un excelente resultado adapt\u00e1ndose al resto de la decoraci\u00f3n exterior. Nuestros cerramientos est\u00e1n garantizados contra vientos de hasta 100 km\/h. y la pintura lacada de los postes dispone de una garant\u00eda de 10 a\u00f1os.<\/p>\n<p>Disponibles en varios colores, no dude en consultar con nosotros.<br \/>\n[\/vc_column_text][\/vc_column][\/vc_row][vc_row][vc_column]<div class=\"boc_divider_holder\"><div class=\"boc_divider  \"  style=\"margin-top: 20px;margin-bottom: 20px;width: 80%;margin-left: auto; margin-right: auto;height: 1px;background: #2d2d2d;\"><\/div><\/div><div class=\"boc_spacing \" style=\"height: 10px\"><\/div><div class=\"side_icon_box normal  \"><span class=\"icon_feat \" style=\"\"><i class=\"icon icon-file-o\" style=\"color: #333333;\"><\/i><\/span><h3><a href=\"\/wp-content\/uploads\/2022\/10\/ficha-tecnica-supradeck-ocultacion-1706282.pdf\" target=\"_blank\"><\/a><\/h3><div class=\"side_icon_box_content\"><a href=\"\/wp-content\/uploads\/2022\/10\/ficha-tecnica-supradeck-ocultacion-1706282.pdf\" target=\"_blank\" rel=\"noopener\">Ficha T\u00e9cnica Supradeck Ocultaci\u00f3n<\/a><\/div><\/div>[vc_single_image alignment=\u00bbcenter\u00bb image=\u00bb273&#8243;]<div class=\"boc_spacing \" style=\"height: 10px\"><\/div><div class=\"boc_divider_holder\"><div class=\"boc_divider  \"  style=\"margin-top: 20px;margin-bottom: 20px;width: 80%;margin-left: auto; margin-right: auto;height: 1px;background: #2d2d2d;\"><\/div><\/div><div class=\"boc_spacing \" style=\"height: 10px\"><\/div>[vc_row_inner css=\u00bb.vc_custom_1664786369391{margin-right: 20% !important;margin-left: 20% !important;}\u00bb][vc_column_inner][vc_column_text]<\/p>\n<h2>Solicita informaci\u00f3n y presupuesto<\/h2>\n<p>[\/vc_column_text]\n<div class=\"wpcf7 no-js\" id=\"wpcf7-f202-o1\" lang=\"es-ES\" dir=\"ltr\" data-wpcf7-id=\"202\">\n<div class=\"screen-reader-response\"><p role=\"status\" aria-live=\"polite\" aria-atomic=\"true\"><\/p> <ul><\/ul><\/div>\n<form action=\"\/es\/wp-json\/wp\/v2\/pages\/268#wpcf7-f202-o1\" method=\"post\" class=\"wpcf7-form init\" aria-label=\"Formulario de contacto\" novalidate=\"novalidate\" data-status=\"init\">\n<fieldset class=\"hidden-fields-container\"><input type=\"hidden\" name=\"_wpcf7\" value=\"202\" \/><input type=\"hidden\" name=\"_wpcf7_version\" value=\"6.1.3\" \/><input type=\"hidden\" name=\"_wpcf7_locale\" value=\"es_ES\" \/><input type=\"hidden\" name=\"_wpcf7_unit_tag\" value=\"wpcf7-f202-o1\" \/><input type=\"hidden\" name=\"_wpcf7_container_post\" value=\"0\" \/><input type=\"hidden\" name=\"_wpcf7_posted_data_hash\" value=\"\" \/><input type=\"hidden\" name=\"_wpcf7_recaptcha_response\" value=\"\" \/>\n<\/fieldset>\n<p><label> Nombre y apellidos *<br \/>\n<span class=\"wpcf7-form-control-wrap\" data-name=\"your-name\"><input size=\"40\" maxlength=\"400\" class=\"wpcf7-form-control wpcf7-text wpcf7-validates-as-required\" aria-required=\"true\" aria-invalid=\"false\" value=\"\" type=\"text\" name=\"your-name\" \/><\/span> <\/label>\n<\/p>\n<p><label> Tel\u00e9fono *<br \/>\n<span class=\"wpcf7-form-control-wrap\" data-name=\"your-phone\"><input size=\"40\" maxlength=\"400\" class=\"wpcf7-form-control wpcf7-text wpcf7-validates-as-required\" aria-required=\"true\" aria-invalid=\"false\" value=\"\" type=\"text\" name=\"your-phone\" \/><\/span> <\/label>\n<\/p>\n<p><label> Correo electr\u00f3nico *<br \/>\n<span class=\"wpcf7-form-control-wrap\" data-name=\"your-email\"><input size=\"40\" maxlength=\"400\" class=\"wpcf7-form-control wpcf7-email wpcf7-validates-as-required wpcf7-text wpcf7-validates-as-email\" aria-required=\"true\" aria-invalid=\"false\" value=\"\" type=\"email\" name=\"your-email\" \/><\/span> <\/label>\n<\/p>\n<p><label> Municipio *<br \/>\n<span class=\"wpcf7-form-control-wrap\" data-name=\"your-town\"><input size=\"40\" maxlength=\"400\" class=\"wpcf7-form-control wpcf7-text wpcf7-validates-as-required\" aria-required=\"true\" aria-invalid=\"false\" value=\"\" type=\"text\" name=\"your-town\" \/><\/span> <\/label>\n<\/p>\n<p><label> Cantidad de m\u00b2<br \/>\n<span class=\"wpcf7-form-control-wrap\" data-name=\"your-meters\"><input size=\"40\" maxlength=\"400\" class=\"wpcf7-form-control wpcf7-text\" aria-invalid=\"false\" value=\"\" type=\"text\" name=\"your-meters\" \/><\/span> <\/label>\n<\/p>\n<p><label> Terreno actual *<br \/>\n<span class=\"wpcf7-form-control-wrap\" data-name=\"radio-509\"><span class=\"wpcf7-form-control wpcf7-radio\"><span class=\"wpcf7-list-item first\"><label><input type=\"radio\" name=\"radio-509\" value=\"Tierra\" checked=\"checked\" \/><span class=\"wpcf7-list-item-label\">Tierra<\/span><\/label><\/span><span class=\"wpcf7-list-item\"><label><input type=\"radio\" name=\"radio-509\" value=\"C\u00e9sped natural\" \/><span class=\"wpcf7-list-item-label\">C\u00e9sped natural<\/span><\/label><\/span><span class=\"wpcf7-list-item\"><label><input type=\"radio\" name=\"radio-509\" value=\"Pavimento\" \/><span class=\"wpcf7-list-item-label\">Pavimento<\/span><\/label><\/span><span class=\"wpcf7-list-item last\"><label><input type=\"radio\" name=\"radio-509\" value=\"C\u00e9sped artificial\" \/><span class=\"wpcf7-list-item-label\">C\u00e9sped artificial<\/span><\/label><\/span><\/span><\/span> <\/label>\n<\/p>\n<p><label> Mensaje *<br \/>\n<span class=\"wpcf7-form-control-wrap\" data-name=\"your-message\"><textarea cols=\"40\" rows=\"3\" maxlength=\"2000\" class=\"wpcf7-form-control wpcf7-textarea wpcf7-validates-as-required\" aria-required=\"true\" aria-invalid=\"false\" name=\"your-message\"><\/textarea><\/span> <\/label>\n<\/p>\n<p style=\"font-weight: lighter; font-size:12px;\">Informaci\u00f3n b\u00e1sica sobre el tratamiento de datos (Reglamento (UE) 2016\/679 y LO 3\/2018)<br \/>\nResponsable del tratamiento: Naturcesped C\u00e9sped Artificial, SL.\n<\/p>\n<p style=\"font-weight: lighter; font-size:12px;\">Finalidad: Ofrecer, prestar y facturar nuestros servicios y productos.\n<\/p>\n<p style=\"font-weight: lighter; font-size:12px;\">Legitimaci\u00f3n: Consentimiento del interesado.\n<\/p>\n<p style=\"font-weight: lighter; font-size:12px;\">Destinatarios: Los datos no se ceder\u00e1n a terceros, a menos que lo exija una ley o sea necesario para cumplir con la finalidad del tratamiento.\n<\/p>\n<p style=\"font-weight: lighter; font-size:12px;\">Derechos: Acceder, rectificar y suprimir datos, as\u00ed como el resto que se explican en la pol\u00edtica de protecci\u00f3n de datos.\n<\/p>\n<p style=\"font-weight: lighter; font-size:12px;\">M\u00e1s informaci\u00f3n en nuestra pol\u00edtica de protecci\u00f3n de datos.\n<\/p>\n<p><input class=\"wpcf7-form-control wpcf7-submit has-spinner\" type=\"submit\" value=\"Enviar\" \/>\n<\/p><div class=\"wpcf7-response-output\" aria-hidden=\"true\"><\/div>\n<\/form>\n<\/div>\n[\/vc_column_inner][\/vc_row_inner][\/vc_column][\/vc_row]<\/p>\n<\/div>","protected":false},"excerpt":{"rendered":"<p>[vc_row][vc_column][\/vc_column][\/vc_row][vc_row][vc_column][vc_column_text] VALLA SINT\u00c9TICA [\/vc_column_text][\/vc_column][\/vc_row][vc_row][vc_column width=\u00bb2\/3&#8243;][vc_single_image image=\u00bb272&#8243;][\/vc_column][vc_column width=\u00bb1\/3&#8243;][vc_column_text]Crear zonas personales en jardines, terrazas y piscinas, es muy f\u00e1cil con el sistema de Supradeck Ocultaci\u00f3n. Los cerramientos Supradeck Ocultaci\u00f3n son est\u00e9ticamente llamativos, gozan del acabado natural de la madera tradicional pero no requieren mantenimiento, adem\u00e1s resisten a las inclemencias del clima, ofreciendo un acabado de primera calidad.[\/vc_column_text][\/vc_column][\/vc_row][vc_row][vc_column][vc_column_text] Fabricamos el sistema de sujeci\u00f3n<\/p>\n<div class=\"h10\"><\/div>\n<p><a class=\"more-link1\" href=\"https:\/\/naturcesped.com\/es\/productos\/tarima-y-valla-sintetica\/valla-sintetica\/\">Read more<\/a><\/p>\n","protected":false},"author":1,"featured_media":0,"parent":227,"menu_order":0,"comment_status":"closed","ping_status":"closed","template":"","meta":{"footnotes":""},"class_list":["post-268","page","type-page","status-publish","hentry"],"yoast_head":"<!-- This site is optimized with the Yoast SEO plugin v26.3 - https:\/\/yoast.com\/wordpress\/plugins\/seo\/ -->\n<title>Valla Sint\u00e9tica - Naturcesped<\/title>\n<meta name=\"description\" content=\"Valla sint\u00e9tica de calidad adaptada a todo tipo de jardines y zonas exteriores. Hecha con materiales de calidad que presentan resultados incre\u00edbles.\" \/>\n<meta name=\"robots\" content=\"index, follow, max-snippet:-1, max-image-preview:large, max-video-preview:-1\" \/>\n<link rel=\"canonical\" href=\"https:\/\/naturcesped.com\/es\/productos\/tarima-y-valla-sintetica\/valla-sintetica\/\" \/>\n<meta property=\"og:locale\" content=\"es_ES\" \/>\n<meta property=\"og:type\" content=\"article\" \/>\n<meta property=\"og:title\" content=\"Valla Sint\u00e9tica - Naturcesped\" \/>\n<meta property=\"og:description\" content=\"Valla sint\u00e9tica de calidad adaptada a todo tipo de jardines y zonas exteriores. Hecha con materiales de calidad que presentan resultados incre\u00edbles.\" \/>\n<meta property=\"og:url\" content=\"https:\/\/naturcesped.com\/es\/productos\/tarima-y-valla-sintetica\/valla-sintetica\/\" \/>\n<meta property=\"og:site_name\" content=\"NaturC\u00e9sped\" \/>\n<meta property=\"article:modified_time\" content=\"2022-10-05T09:48:37+00:00\" \/>\n<meta name=\"twitter:card\" content=\"summary_large_image\" \/>\n<meta name=\"twitter:label1\" content=\"Tiempo de lectura\" \/>\n\t<meta name=\"twitter:data1\" content=\"2 minutos\" \/>\n<script type=\"application\/ld+json\" class=\"yoast-schema-graph\">{\"@context\":\"https:\/\/schema.org\",\"@graph\":[{\"@type\":\"WebPage\",\"@id\":\"https:\/\/naturcesped.com\/es\/productos\/tarima-y-valla-sintetica\/valla-sintetica\/\",\"url\":\"https:\/\/naturcesped.com\/es\/productos\/tarima-y-valla-sintetica\/valla-sintetica\/\",\"name\":\"Valla Sint\u00e9tica - Naturcesped\",\"isPartOf\":{\"@id\":\"https:\/\/naturcesped.com\/es\/#website\"},\"datePublished\":\"2022-10-03T08:44:33+00:00\",\"dateModified\":\"2022-10-05T09:48:37+00:00\",\"description\":\"Valla sint\u00e9tica de calidad adaptada a todo tipo de jardines y zonas exteriores. Hecha con materiales de calidad que presentan resultados incre\u00edbles.\",\"breadcrumb\":{\"@id\":\"https:\/\/naturcesped.com\/es\/productos\/tarima-y-valla-sintetica\/valla-sintetica\/#breadcrumb\"},\"inLanguage\":\"es\",\"potentialAction\":[{\"@type\":\"ReadAction\",\"target\":[\"https:\/\/naturcesped.com\/es\/productos\/tarima-y-valla-sintetica\/valla-sintetica\/\"]}]},{\"@type\":\"BreadcrumbList\",\"@id\":\"https:\/\/naturcesped.com\/es\/productos\/tarima-y-valla-sintetica\/valla-sintetica\/#breadcrumb\",\"itemListElement\":[{\"@type\":\"ListItem\",\"position\":1,\"name\":\"Portada\",\"item\":\"https:\/\/naturcesped.com\/es\/\"},{\"@type\":\"ListItem\",\"position\":2,\"name\":\"Productos\",\"item\":\"https:\/\/naturcesped.com\/es\/productos\/\"},{\"@type\":\"ListItem\",\"position\":3,\"name\":\"Tarima y Valla Sint\u00e9tica\",\"item\":\"https:\/\/naturcesped.com\/es\/productos\/tarima-y-valla-sintetica\/\"},{\"@type\":\"ListItem\",\"position\":4,\"name\":\"Valla Sint\u00e9tica\"}]},{\"@type\":\"WebSite\",\"@id\":\"https:\/\/naturcesped.com\/es\/#website\",\"url\":\"https:\/\/naturcesped.com\/es\/\",\"name\":\"NaturC\u00e9sped\",\"description\":\"C\u00e9sped artificial en Girona\",\"potentialAction\":[{\"@type\":\"SearchAction\",\"target\":{\"@type\":\"EntryPoint\",\"urlTemplate\":\"https:\/\/naturcesped.com\/es\/?s={search_term_string}\"},\"query-input\":{\"@type\":\"PropertyValueSpecification\",\"valueRequired\":true,\"valueName\":\"search_term_string\"}}],\"inLanguage\":\"es\"}]}<\/script>\n<!-- \/ Yoast SEO plugin. -->","yoast_head_json":{"title":"Valla Sint\u00e9tica - Naturcesped","description":"Valla sint\u00e9tica de calidad adaptada a todo tipo de jardines y zonas exteriores. Hecha con materiales de calidad que presentan resultados incre\u00edbles.","robots":{"index":"index","follow":"follow","max-snippet":"max-snippet:-1","max-image-preview":"max-image-preview:large","max-video-preview":"max-video-preview:-1"},"canonical":"https:\/\/naturcesped.com\/es\/productos\/tarima-y-valla-sintetica\/valla-sintetica\/","og_locale":"es_ES","og_type":"article","og_title":"Valla Sint\u00e9tica - Naturcesped","og_description":"Valla sint\u00e9tica de calidad adaptada a todo tipo de jardines y zonas exteriores. Hecha con materiales de calidad que presentan resultados incre\u00edbles.","og_url":"https:\/\/naturcesped.com\/es\/productos\/tarima-y-valla-sintetica\/valla-sintetica\/","og_site_name":"NaturC\u00e9sped","article_modified_time":"2022-10-05T09:48:37+00:00","twitter_card":"summary_large_image","twitter_misc":{"Tiempo de lectura":"2 minutos"},"schema":{"@context":"https:\/\/schema.org","@graph":[{"@type":"WebPage","@id":"https:\/\/naturcesped.com\/es\/productos\/tarima-y-valla-sintetica\/valla-sintetica\/","url":"https:\/\/naturcesped.com\/es\/productos\/tarima-y-valla-sintetica\/valla-sintetica\/","name":"Valla Sint\u00e9tica - Naturcesped","isPartOf":{"@id":"https:\/\/naturcesped.com\/es\/#website"},"datePublished":"2022-10-03T08:44:33+00:00","dateModified":"2022-10-05T09:48:37+00:00","description":"Valla sint\u00e9tica de calidad adaptada a todo tipo de jardines y zonas exteriores. Hecha con materiales de calidad que presentan resultados incre\u00edbles.","breadcrumb":{"@id":"https:\/\/naturcesped.com\/es\/productos\/tarima-y-valla-sintetica\/valla-sintetica\/#breadcrumb"},"inLanguage":"es","potentialAction":[{"@type":"ReadAction","target":["https:\/\/naturcesped.com\/es\/productos\/tarima-y-valla-sintetica\/valla-sintetica\/"]}]},{"@type":"BreadcrumbList","@id":"https:\/\/naturcesped.com\/es\/productos\/tarima-y-valla-sintetica\/valla-sintetica\/#breadcrumb","itemListElement":[{"@type":"ListItem","position":1,"name":"Portada","item":"https:\/\/naturcesped.com\/es\/"},{"@type":"ListItem","position":2,"name":"Productos","item":"https:\/\/naturcesped.com\/es\/productos\/"},{"@type":"ListItem","position":3,"name":"Tarima y Valla Sint\u00e9tica","item":"https:\/\/naturcesped.com\/es\/productos\/tarima-y-valla-sintetica\/"},{"@type":"ListItem","position":4,"name":"Valla Sint\u00e9tica"}]},{"@type":"WebSite","@id":"https:\/\/naturcesped.com\/es\/#website","url":"https:\/\/naturcesped.com\/es\/","name":"NaturC\u00e9sped","description":"C\u00e9sped artificial en Girona","potentialAction":[{"@type":"SearchAction","target":{"@type":"EntryPoint","urlTemplate":"https:\/\/naturcesped.com\/es\/?s={search_term_string}"},"query-input":{"@type":"PropertyValueSpecification","valueRequired":true,"valueName":"search_term_string"}}],"inLanguage":"es"}]}},"_links":{"self":[{"href":"https:\/\/naturcesped.com\/es\/wp-json\/wp\/v2\/pages\/268","targetHints":{"allow":["GET"]}}],"collection":[{"href":"https:\/\/naturcesped.com\/es\/wp-json\/wp\/v2\/pages"}],"about":[{"href":"https:\/\/naturcesped.com\/es\/wp-json\/wp\/v2\/types\/page"}],"author":[{"embeddable":true,"href":"https:\/\/naturcesped.com\/es\/wp-json\/wp\/v2\/users\/1"}],"replies":[{"embeddable":true,"href":"https:\/\/naturcesped.com\/es\/wp-json\/wp\/v2\/comments?post=268"}],"version-history":[{"count":0,"href":"https:\/\/naturcesped.com\/es\/wp-json\/wp\/v2\/pages\/268\/revisions"}],"up":[{"embeddable":true,"href":"https:\/\/naturcesped.com\/es\/wp-json\/wp\/v2\/pages\/227"}],"wp:attachment":[{"href":"https:\/\/naturcesped.com\/es\/wp-json\/wp\/v2\/media?parent=268"}],"curies":[{"name":"wp","href":"https:\/\/api.w.org\/{rel}","templated":true}]}}