{"id":234,"date":"2022-10-03T08:24:45","date_gmt":"2022-10-03T08:24:45","guid":{"rendered":"https:\/\/naturcesped.com\/?page_id=234"},"modified":"2022-10-05T09:48:33","modified_gmt":"2022-10-05T09:48:33","slug":"tarima-sintetica","status":"publish","type":"page","link":"https:\/\/naturcesped.com\/es\/productos\/tarima-y-valla-sintetica\/tarima-sintetica\/","title":{"rendered":"Tarima Sint\u00e9tica"},"content":{"rendered":"<div class=\"wpb-content-wrapper\"><p>[vc_row][vc_column]<div class=\"boc_spacing \" style=\"height: 40px\"><\/div>[\/vc_column][\/vc_row][vc_row][vc_column][vc_raw_html]JTVCYnJlYWRjcnVtYiU1RA==[\/vc_raw_html][vc_column_text]<\/p>\n<h1 style=\"font-weight: bold;\">TARIMA SINT\u00c9TICA<\/h1>\n<p>[\/vc_column_text][\/vc_column][\/vc_row][vc_row][vc_column width=\u00bb2\/3&#8243;][vc_single_image image=\u00bb235&#8243;][\/vc_column][vc_column width=\u00bb1\/3&#8243;][vc_column_text]La tarima sint\u00e9tica para exteriores Supradeck Capsule\u00ae es una tarima de 2\u00aa generaci\u00f3n: encapsulada, que combina la dureza del HDPE con las fibras de madera preseleccionadas.<br \/>\nEl Encapsulado consiste en cubrir al 100% la tabla, con una penetraci\u00f3n extremadamente baja de cualquier producto, protegi\u00e9ndola as\u00ed de manchas, decoloraci\u00f3n, humedad, etc.[\/vc_column_text][\/vc_column][\/vc_row][vc_row][vc_column]<div class=\"boc_divider_holder\"><div class=\"boc_divider  \"  style=\"margin-top: 20px;margin-bottom: 20px;width: 80%;margin-left: auto; margin-right: auto;height: 1px;background: #2d2d2d;\"><\/div><\/div><div class=\"boc_spacing \" style=\"height: 10px\"><\/div><div class=\"side_icon_box normal  \"><span class=\"icon_feat \" style=\"\"><i class=\"icon icon-file-o\" style=\"color: #333333;\"><\/i><\/span><h3><a href=\"\/wp-content\/uploads\/2022\/10\/certificado-antideslizante-tarima-supradeck-1705599.pdf\" target=\"_blank\"><\/a><\/h3><div class=\"side_icon_box_content\"><a href=\"\/wp-content\/uploads\/2022\/10\/certificado-antideslizante-tarima-supradeck-1705599.pdf\" target=\"_blank\" rel=\"noopener\">Certificado antideslizante tarima supradeck (PDF)<\/a><\/div><\/div><div class=\"side_icon_box normal  \"><span class=\"icon_feat \" style=\"\"><i class=\"icon icon-file-o\" style=\"color: #333333;\"><\/i><\/span><h3><a href=\"\/wp-content\/uploads\/2022\/10\/garanti-a-supradeck-capsule-1705600.pdf\" target=\"_blank\"><\/a><\/h3><div class=\"side_icon_box_content\"><a href=\"\/wp-content\/uploads\/2022\/10\/garanti-a-supradeck-capsule-1705600.pdf\" target=\"_blank\" rel=\"noopener\">Garant\u00eda Supradeck Capsule (PDF)<\/a><\/div><\/div><div class=\"side_icon_box normal  \"><span class=\"icon_feat \" style=\"\"><i class=\"icon icon-file-o\" style=\"color: #333333;\"><\/i><\/span><h3><a href=\"\/wp-content\/uploads\/2022\/10\/test-de-calidad-y-resistencia-supradeck-capsule-1705603.pdf\" target=\"_blank\"><\/a><\/h3><div class=\"side_icon_box_content\"><a href=\"\/wp-content\/uploads\/2022\/10\/test-de-calidad-y-resistencia-supradeck-capsule-1705603.pdf\" target=\"_blank\" rel=\"noopener\">Test de Calidad y resistencia Supradeck Capsule (PDF)<\/a><\/div><\/div><div class=\"side_icon_box normal  \"><span class=\"icon_feat \" style=\"\"><i class=\"icon icon-file-o\" style=\"color: #333333;\"><\/i><\/span><h3><a href=\"\/wp-content\/uploads\/2022\/10\/guia-de-mantenimiento-y-limpieza-1705604.pdf\" target=\"_blank\"><\/a><\/h3><div class=\"side_icon_box_content\"><a href=\"\/wp-content\/uploads\/2022\/10\/guia-de-mantenimiento-y-limpieza-1705604.pdf\" target=\"_blank\" rel=\"noopener\">Gu\u00eda de mantenimiento y limpieza (PDF)<\/a><\/div><\/div><div class=\"side_icon_box normal  \"><span class=\"icon_feat \" style=\"\"><i class=\"icon icon-file-o\" style=\"color: #333333;\"><\/i><\/span><h3><a href=\"\/wp-content\/uploads\/2022\/10\/supradeck-ficha-tecnica-2021-01-1705605.pdf\" target=\"_blank\"><\/a><\/h3><div class=\"side_icon_box_content\"><a href=\"\/wp-content\/uploads\/2022\/10\/supradeck-ficha-tecnica-2021-01-1705605.pdf\" target=\"_blank\" rel=\"noopener\">Supradeck Ficha t\u00e9cnica 2021_01 (PDF)<\/a><\/div><\/div><div class=\"side_icon_box normal  \"><span class=\"icon_feat \" style=\"\"><i class=\"icon icon-file-o\" style=\"color: #333333;\"><\/i><\/span><h3><a href=\"\/wp-content\/uploads\/2022\/10\/certificacion-supradeck-capsule-1705608.pdf\" target=\"_blank\"><\/a><\/h3><div class=\"side_icon_box_content\"><a href=\"\/wp-content\/uploads\/2022\/10\/certificacion-supradeck-capsule-1705608.pdf\" target=\"_blank\" rel=\"noopener\">Certificaci\u00f3n Supradeck Capsule (PDF)<\/a><\/div><\/div><div class=\"boc_spacing \" style=\"height: 10px\"><\/div><div class=\"boc_divider_holder\"><div class=\"boc_divider  \"  style=\"margin-top: 20px;margin-bottom: 20px;width: 80%;margin-left: auto; margin-right: auto;height: 1px;background: #2d2d2d;\"><\/div><\/div><div class=\"grid_holder mfp_gallery  small_spacing\" id=\"img_gallery_1e177403ff49fc8bd5409cdaae44dbfa\"><div class=\"col span_1_of_4 info_item isotope_element\">\n\t\t\t\t\t\t\t<div class=\"pic \">\t\t\t\n\t\t\t\t\t\t\t<a href=\"https:\/\/naturcesped.com\/wp-content\/uploads\/2022\/10\/Antike.jpg\" class=\"mfp_popup_gal\" title=\"Antike\">\n\t\t\t\t\t\t\t\t<img decoding=\"async\" data-src=\"https:\/\/naturcesped.com\/wp-content\/uploads\/2022\/10\/Antike.jpg\" alt=\"\" src=\"data:image\/svg+xml;base64,PHN2ZyB3aWR0aD0iMSIgaGVpZ2h0PSIxIiB4bWxucz0iaHR0cDovL3d3dy53My5vcmcvMjAwMC9zdmciPjwvc3ZnPg==\" class=\"lazyload\" style=\"--smush-placeholder-width: 1600px; --smush-placeholder-aspect-ratio: 1600\/1200;\" \/>\n\t\t\t\t\t\t\t\t\n\t\t\t\t\t\t\t<\/a>\t<\/div><\/div><div class=\"col span_1_of_4 info_item isotope_element\">\n\t\t\t\t\t\t\t<div class=\"pic \">\t\t\t\n\t\t\t\t\t\t\t<a href=\"https:\/\/naturcesped.com\/wp-content\/uploads\/2022\/10\/Black.jpg\" class=\"mfp_popup_gal\" title=\"Black\">\n\t\t\t\t\t\t\t\t<img decoding=\"async\" data-src=\"https:\/\/naturcesped.com\/wp-content\/uploads\/2022\/10\/Black.jpg\" alt=\"\" src=\"data:image\/svg+xml;base64,PHN2ZyB3aWR0aD0iMSIgaGVpZ2h0PSIxIiB4bWxucz0iaHR0cDovL3d3dy53My5vcmcvMjAwMC9zdmciPjwvc3ZnPg==\" class=\"lazyload\" style=\"--smush-placeholder-width: 1600px; --smush-placeholder-aspect-ratio: 1600\/1200;\" \/>\n\t\t\t\t\t\t\t\t\n\t\t\t\t\t\t\t<\/a>\t<\/div><\/div><div class=\"col span_1_of_4 info_item isotope_element\">\n\t\t\t\t\t\t\t<div class=\"pic \">\t\t\t\n\t\t\t\t\t\t\t<a href=\"https:\/\/naturcesped.com\/wp-content\/uploads\/2022\/10\/Dark-Grey.jpg\" class=\"mfp_popup_gal\" title=\"Dark Grey\">\n\t\t\t\t\t\t\t\t<img decoding=\"async\" data-src=\"https:\/\/naturcesped.com\/wp-content\/uploads\/2022\/10\/Dark-Grey.jpg\" alt=\"\" src=\"data:image\/svg+xml;base64,PHN2ZyB3aWR0aD0iMSIgaGVpZ2h0PSIxIiB4bWxucz0iaHR0cDovL3d3dy53My5vcmcvMjAwMC9zdmciPjwvc3ZnPg==\" class=\"lazyload\" style=\"--smush-placeholder-width: 1600px; --smush-placeholder-aspect-ratio: 1600\/1200;\" \/>\n\t\t\t\t\t\t\t\t\n\t\t\t\t\t\t\t<\/a>\t<\/div><\/div><div class=\"col span_1_of_4 info_item isotope_element\">\n\t\t\t\t\t\t\t<div class=\"pic \">\t\t\t\n\t\t\t\t\t\t\t<a href=\"https:\/\/naturcesped.com\/wp-content\/uploads\/2022\/10\/Glory-Nevado.jpg\" class=\"mfp_popup_gal\" title=\"Glory Nevado\">\n\t\t\t\t\t\t\t\t<img decoding=\"async\" data-src=\"https:\/\/naturcesped.com\/wp-content\/uploads\/2022\/10\/Glory-Nevado.jpg\" alt=\"\" src=\"data:image\/svg+xml;base64,PHN2ZyB3aWR0aD0iMSIgaGVpZ2h0PSIxIiB4bWxucz0iaHR0cDovL3d3dy53My5vcmcvMjAwMC9zdmciPjwvc3ZnPg==\" class=\"lazyload\" style=\"--smush-placeholder-width: 1600px; --smush-placeholder-aspect-ratio: 1600\/1200;\" \/>\n\t\t\t\t\t\t\t\t\n\t\t\t\t\t\t\t<\/a>\t<\/div><\/div><div class=\"col span_1_of_4 info_item isotope_element\">\n\t\t\t\t\t\t\t<div class=\"pic \">\t\t\t\n\t\t\t\t\t\t\t<a href=\"https:\/\/naturcesped.com\/wp-content\/uploads\/2022\/10\/Glory-Antike.jpg\" class=\"mfp_popup_gal\" title=\"Glory Antike\">\n\t\t\t\t\t\t\t\t<img decoding=\"async\" data-src=\"https:\/\/naturcesped.com\/wp-content\/uploads\/2022\/10\/Glory-Antike.jpg\" alt=\"\" src=\"data:image\/svg+xml;base64,PHN2ZyB3aWR0aD0iMSIgaGVpZ2h0PSIxIiB4bWxucz0iaHR0cDovL3d3dy53My5vcmcvMjAwMC9zdmciPjwvc3ZnPg==\" class=\"lazyload\" style=\"--smush-placeholder-width: 1600px; --smush-placeholder-aspect-ratio: 1600\/1200;\" \/>\n\t\t\t\t\t\t\t\t\n\t\t\t\t\t\t\t<\/a>\t<\/div><\/div><div class=\"col span_1_of_4 info_item isotope_element\">\n\t\t\t\t\t\t\t<div class=\"pic \">\t\t\t\n\t\t\t\t\t\t\t<a href=\"https:\/\/naturcesped.com\/wp-content\/uploads\/2022\/10\/Ipe.jpg\" class=\"mfp_popup_gal\" title=\"Ipe\">\n\t\t\t\t\t\t\t\t<img decoding=\"async\" data-src=\"https:\/\/naturcesped.com\/wp-content\/uploads\/2022\/10\/Ipe.jpg\" alt=\"\" src=\"data:image\/svg+xml;base64,PHN2ZyB3aWR0aD0iMSIgaGVpZ2h0PSIxIiB4bWxucz0iaHR0cDovL3d3dy53My5vcmcvMjAwMC9zdmciPjwvc3ZnPg==\" class=\"lazyload\" style=\"--smush-placeholder-width: 1600px; --smush-placeholder-aspect-ratio: 1600\/1200;\" \/>\n\t\t\t\t\t\t\t\t\n\t\t\t\t\t\t\t<\/a>\t<\/div><\/div><div class=\"col span_1_of_4 info_item isotope_element\">\n\t\t\t\t\t\t\t<div class=\"pic \">\t\t\t\n\t\t\t\t\t\t\t<a href=\"https:\/\/naturcesped.com\/wp-content\/uploads\/2022\/10\/Light-Grey.jpg\" class=\"mfp_popup_gal\" title=\"Light Grey\">\n\t\t\t\t\t\t\t\t<img decoding=\"async\" data-src=\"https:\/\/naturcesped.com\/wp-content\/uploads\/2022\/10\/Light-Grey.jpg\" alt=\"\" src=\"data:image\/svg+xml;base64,PHN2ZyB3aWR0aD0iMSIgaGVpZ2h0PSIxIiB4bWxucz0iaHR0cDovL3d3dy53My5vcmcvMjAwMC9zdmciPjwvc3ZnPg==\" class=\"lazyload\" style=\"--smush-placeholder-width: 1600px; --smush-placeholder-aspect-ratio: 1600\/1200;\" \/>\n\t\t\t\t\t\t\t\t\n\t\t\t\t\t\t\t<\/a>\t<\/div><\/div><div class=\"col span_1_of_4 info_item isotope_element\">\n\t\t\t\t\t\t\t<div class=\"pic \">\t\t\t\n\t\t\t\t\t\t\t<a href=\"https:\/\/naturcesped.com\/wp-content\/uploads\/2022\/10\/Mahogany.jpg\" class=\"mfp_popup_gal\" title=\"Mahogany\">\n\t\t\t\t\t\t\t\t<img decoding=\"async\" data-src=\"https:\/\/naturcesped.com\/wp-content\/uploads\/2022\/10\/Mahogany.jpg\" alt=\"\" src=\"data:image\/svg+xml;base64,PHN2ZyB3aWR0aD0iMSIgaGVpZ2h0PSIxIiB4bWxucz0iaHR0cDovL3d3dy53My5vcmcvMjAwMC9zdmciPjwvc3ZnPg==\" class=\"lazyload\" style=\"--smush-placeholder-width: 1600px; --smush-placeholder-aspect-ratio: 1600\/1200;\" \/>\n\t\t\t\t\t\t\t\t\n\t\t\t\t\t\t\t<\/a>\t<\/div><\/div><div class=\"col span_1_of_4 info_item isotope_element\">\n\t\t\t\t\t\t\t<div class=\"pic \">\t\t\t\n\t\t\t\t\t\t\t<a href=\"https:\/\/naturcesped.com\/wp-content\/uploads\/2022\/10\/Nevado.jpg\" class=\"mfp_popup_gal\" title=\"Nevado\">\n\t\t\t\t\t\t\t\t<img decoding=\"async\" data-src=\"https:\/\/naturcesped.com\/wp-content\/uploads\/2022\/10\/Nevado.jpg\" alt=\"\" src=\"data:image\/svg+xml;base64,PHN2ZyB3aWR0aD0iMSIgaGVpZ2h0PSIxIiB4bWxucz0iaHR0cDovL3d3dy53My5vcmcvMjAwMC9zdmciPjwvc3ZnPg==\" class=\"lazyload\" style=\"--smush-placeholder-width: 1600px; --smush-placeholder-aspect-ratio: 1600\/1200;\" \/>\n\t\t\t\t\t\t\t\t\n\t\t\t\t\t\t\t<\/a>\t<\/div><\/div><div class=\"col span_1_of_4 info_item isotope_element\">\n\t\t\t\t\t\t\t<div class=\"pic \">\t\t\t\n\t\t\t\t\t\t\t<a href=\"https:\/\/naturcesped.com\/wp-content\/uploads\/2022\/10\/Teak.jpg\" class=\"mfp_popup_gal\" title=\"Teak\">\n\t\t\t\t\t\t\t\t<img decoding=\"async\" data-src=\"https:\/\/naturcesped.com\/wp-content\/uploads\/2022\/10\/Teak.jpg\" alt=\"\" src=\"data:image\/svg+xml;base64,PHN2ZyB3aWR0aD0iMSIgaGVpZ2h0PSIxIiB4bWxucz0iaHR0cDovL3d3dy53My5vcmcvMjAwMC9zdmciPjwvc3ZnPg==\" class=\"lazyload\" style=\"--smush-placeholder-width: 1600px; --smush-placeholder-aspect-ratio: 1600\/1200;\" \/>\n\t\t\t\t\t\t\t\t\n\t\t\t\t\t\t\t<\/a>\t<\/div><\/div><div class=\"col span_1_of_4 info_item isotope_element\">\n\t\t\t\t\t\t\t<div class=\"pic \">\t\t\t\n\t\t\t\t\t\t\t<a href=\"https:\/\/naturcesped.com\/wp-content\/uploads\/2022\/10\/White.jpg\" class=\"mfp_popup_gal\" title=\"White\">\n\t\t\t\t\t\t\t\t<img decoding=\"async\" data-src=\"https:\/\/naturcesped.com\/wp-content\/uploads\/2022\/10\/White.jpg\" alt=\"\" src=\"data:image\/svg+xml;base64,PHN2ZyB3aWR0aD0iMSIgaGVpZ2h0PSIxIiB4bWxucz0iaHR0cDovL3d3dy53My5vcmcvMjAwMC9zdmciPjwvc3ZnPg==\" class=\"lazyload\" style=\"--smush-placeholder-width: 1600px; --smush-placeholder-aspect-ratio: 1600\/1200;\" \/>\n\t\t\t\t\t\t\t\t\n\t\t\t\t\t\t\t<\/a>\t<\/div><\/div><\/div><div class=\"boc_divider_holder\"><div class=\"boc_divider  \"  style=\"margin-top: 20px;margin-bottom: 20px;width: 80%;margin-left: auto; margin-right: auto;height: 1px;background: #2d2d2d;\"><\/div><\/div><div class=\"boc_spacing \" style=\"height: 10px\"><\/div>[vc_row_inner css=\u00bb.vc_custom_1664786369391{margin-right: 20% !important;margin-left: 20% !important;}\u00bb][vc_column_inner][vc_column_text]<\/p>\n<h2>Solicita informaci\u00f3n y presupuesto<\/h2>\n<p>[\/vc_column_text]\n<div class=\"wpcf7 no-js\" id=\"wpcf7-f202-o1\" lang=\"es-ES\" dir=\"ltr\" data-wpcf7-id=\"202\">\n<div class=\"screen-reader-response\"><p role=\"status\" aria-live=\"polite\" aria-atomic=\"true\"><\/p> <ul><\/ul><\/div>\n<form action=\"\/es\/wp-json\/wp\/v2\/pages\/234#wpcf7-f202-o1\" method=\"post\" class=\"wpcf7-form init\" aria-label=\"Formulario de contacto\" novalidate=\"novalidate\" data-status=\"init\">\n<fieldset class=\"hidden-fields-container\"><input type=\"hidden\" name=\"_wpcf7\" value=\"202\" \/><input type=\"hidden\" name=\"_wpcf7_version\" value=\"6.1.3\" \/><input type=\"hidden\" name=\"_wpcf7_locale\" value=\"es_ES\" \/><input type=\"hidden\" name=\"_wpcf7_unit_tag\" value=\"wpcf7-f202-o1\" \/><input type=\"hidden\" name=\"_wpcf7_container_post\" value=\"0\" \/><input type=\"hidden\" name=\"_wpcf7_posted_data_hash\" value=\"\" \/><input type=\"hidden\" name=\"_wpcf7_recaptcha_response\" value=\"\" \/>\n<\/fieldset>\n<p><label> Nombre y apellidos *<br \/>\n<span class=\"wpcf7-form-control-wrap\" data-name=\"your-name\"><input size=\"40\" maxlength=\"400\" class=\"wpcf7-form-control wpcf7-text wpcf7-validates-as-required\" aria-required=\"true\" aria-invalid=\"false\" value=\"\" type=\"text\" name=\"your-name\" \/><\/span> <\/label>\n<\/p>\n<p><label> Tel\u00e9fono *<br \/>\n<span class=\"wpcf7-form-control-wrap\" data-name=\"your-phone\"><input size=\"40\" maxlength=\"400\" class=\"wpcf7-form-control wpcf7-text wpcf7-validates-as-required\" aria-required=\"true\" aria-invalid=\"false\" value=\"\" type=\"text\" name=\"your-phone\" \/><\/span> <\/label>\n<\/p>\n<p><label> Correo electr\u00f3nico *<br \/>\n<span class=\"wpcf7-form-control-wrap\" data-name=\"your-email\"><input size=\"40\" maxlength=\"400\" class=\"wpcf7-form-control wpcf7-email wpcf7-validates-as-required wpcf7-text wpcf7-validates-as-email\" aria-required=\"true\" aria-invalid=\"false\" value=\"\" type=\"email\" name=\"your-email\" \/><\/span> <\/label>\n<\/p>\n<p><label> Municipio *<br \/>\n<span class=\"wpcf7-form-control-wrap\" data-name=\"your-town\"><input size=\"40\" maxlength=\"400\" class=\"wpcf7-form-control wpcf7-text wpcf7-validates-as-required\" aria-required=\"true\" aria-invalid=\"false\" value=\"\" type=\"text\" name=\"your-town\" \/><\/span> <\/label>\n<\/p>\n<p><label> Cantidad de m\u00b2<br \/>\n<span class=\"wpcf7-form-control-wrap\" data-name=\"your-meters\"><input size=\"40\" maxlength=\"400\" class=\"wpcf7-form-control wpcf7-text\" aria-invalid=\"false\" value=\"\" type=\"text\" name=\"your-meters\" \/><\/span> <\/label>\n<\/p>\n<p><label> Terreno actual *<br \/>\n<span class=\"wpcf7-form-control-wrap\" data-name=\"radio-509\"><span class=\"wpcf7-form-control wpcf7-radio\"><span class=\"wpcf7-list-item first\"><label><input type=\"radio\" name=\"radio-509\" value=\"Tierra\" checked=\"checked\" \/><span class=\"wpcf7-list-item-label\">Tierra<\/span><\/label><\/span><span class=\"wpcf7-list-item\"><label><input type=\"radio\" name=\"radio-509\" value=\"C\u00e9sped natural\" \/><span class=\"wpcf7-list-item-label\">C\u00e9sped natural<\/span><\/label><\/span><span class=\"wpcf7-list-item\"><label><input type=\"radio\" name=\"radio-509\" value=\"Pavimento\" \/><span class=\"wpcf7-list-item-label\">Pavimento<\/span><\/label><\/span><span class=\"wpcf7-list-item last\"><label><input type=\"radio\" name=\"radio-509\" value=\"C\u00e9sped artificial\" \/><span class=\"wpcf7-list-item-label\">C\u00e9sped artificial<\/span><\/label><\/span><\/span><\/span> <\/label>\n<\/p>\n<p><label> Mensaje *<br \/>\n<span class=\"wpcf7-form-control-wrap\" data-name=\"your-message\"><textarea cols=\"40\" rows=\"3\" maxlength=\"2000\" class=\"wpcf7-form-control wpcf7-textarea wpcf7-validates-as-required\" aria-required=\"true\" aria-invalid=\"false\" name=\"your-message\"><\/textarea><\/span> <\/label>\n<\/p>\n<p style=\"font-weight: lighter; font-size:12px;\">Informaci\u00f3n b\u00e1sica sobre el tratamiento de datos (Reglamento (UE) 2016\/679 y LO 3\/2018)<br \/>\nResponsable del tratamiento: Naturcesped C\u00e9sped Artificial, SL.\n<\/p>\n<p style=\"font-weight: lighter; font-size:12px;\">Finalidad: Ofrecer, prestar y facturar nuestros servicios y productos.\n<\/p>\n<p style=\"font-weight: lighter; font-size:12px;\">Legitimaci\u00f3n: Consentimiento del interesado.\n<\/p>\n<p style=\"font-weight: lighter; font-size:12px;\">Destinatarios: Los datos no se ceder\u00e1n a terceros, a menos que lo exija una ley o sea necesario para cumplir con la finalidad del tratamiento.\n<\/p>\n<p style=\"font-weight: lighter; font-size:12px;\">Derechos: Acceder, rectificar y suprimir datos, as\u00ed como el resto que se explican en la pol\u00edtica de protecci\u00f3n de datos.\n<\/p>\n<p style=\"font-weight: lighter; font-size:12px;\">M\u00e1s informaci\u00f3n en nuestra pol\u00edtica de protecci\u00f3n de datos.\n<\/p>\n<p><input class=\"wpcf7-form-control wpcf7-submit has-spinner\" type=\"submit\" value=\"Enviar\" \/>\n<\/p><div class=\"wpcf7-response-output\" aria-hidden=\"true\"><\/div>\n<\/form>\n<\/div>\n[\/vc_column_inner][\/vc_row_inner][\/vc_column][\/vc_row]<\/p>\n<\/div>","protected":false},"excerpt":{"rendered":"<p>[vc_row][vc_column][\/vc_column][\/vc_row][vc_row][vc_column][vc_raw_html]JTVCYnJlYWRjcnVtYiU1RA==[\/vc_raw_html][vc_column_text] TARIMA SINT\u00c9TICA [\/vc_column_text][\/vc_column][\/vc_row][vc_row][vc_column width=\u00bb2\/3&#8243;][vc_single_image image=\u00bb235&#8243;][\/vc_column][vc_column width=\u00bb1\/3&#8243;][vc_column_text]La tarima sint\u00e9tica para exteriores Supradeck Capsule\u00ae es una tarima de 2\u00aa generaci\u00f3n: encapsulada, que combina la dureza del HDPE con las fibras de madera preseleccionadas. El Encapsulado consiste en cubrir al 100% la tabla, con una penetraci\u00f3n extremadamente baja de cualquier producto, protegi\u00e9ndola as\u00ed de manchas, decoloraci\u00f3n, humedad, etc.[\/vc_column_text][\/vc_column][\/vc_row][vc_row][vc_column][vc_row_inner css=\u00bb.vc_custom_1664786369391{margin-right: 20% !important;margin-left: 20%<\/p>\n<div class=\"h10\"><\/div>\n<p><a class=\"more-link1\" href=\"https:\/\/naturcesped.com\/es\/productos\/tarima-y-valla-sintetica\/tarima-sintetica\/\">Read more<\/a><\/p>\n","protected":false},"author":1,"featured_media":0,"parent":227,"menu_order":0,"comment_status":"closed","ping_status":"closed","template":"","meta":{"footnotes":""},"class_list":["post-234","page","type-page","status-publish","hentry"],"yoast_head":"<!-- This site is optimized with the Yoast SEO plugin v26.3 - https:\/\/yoast.com\/wordpress\/plugins\/seo\/ -->\n<title>Tarima Sint\u00e9tica - Naturcesped<\/title>\n<meta name=\"description\" content=\"Tarima sint\u00e9tica de calidad con acabados impecables, con certificados antideslizantes. Apariencia y uso inigualable. Consulta todos los modelos.\" \/>\n<meta name=\"robots\" content=\"index, follow, max-snippet:-1, max-image-preview:large, max-video-preview:-1\" \/>\n<link rel=\"canonical\" href=\"https:\/\/naturcesped.com\/es\/productos\/tarima-y-valla-sintetica\/tarima-sintetica\/\" \/>\n<meta property=\"og:locale\" content=\"es_ES\" \/>\n<meta property=\"og:type\" content=\"article\" \/>\n<meta property=\"og:title\" content=\"Tarima Sint\u00e9tica - Naturcesped\" \/>\n<meta property=\"og:description\" content=\"Tarima sint\u00e9tica de calidad con acabados impecables, con certificados antideslizantes. Apariencia y uso inigualable. Consulta todos los modelos.\" \/>\n<meta property=\"og:url\" content=\"https:\/\/naturcesped.com\/es\/productos\/tarima-y-valla-sintetica\/tarima-sintetica\/\" \/>\n<meta property=\"og:site_name\" content=\"NaturC\u00e9sped\" \/>\n<meta property=\"article:modified_time\" content=\"2022-10-05T09:48:33+00:00\" \/>\n<meta name=\"twitter:card\" content=\"summary_large_image\" \/>\n<meta name=\"twitter:label1\" content=\"Tiempo de lectura\" \/>\n\t<meta name=\"twitter:data1\" content=\"2 minutos\" \/>\n<script type=\"application\/ld+json\" class=\"yoast-schema-graph\">{\"@context\":\"https:\/\/schema.org\",\"@graph\":[{\"@type\":\"WebPage\",\"@id\":\"https:\/\/naturcesped.com\/es\/productos\/tarima-y-valla-sintetica\/tarima-sintetica\/\",\"url\":\"https:\/\/naturcesped.com\/es\/productos\/tarima-y-valla-sintetica\/tarima-sintetica\/\",\"name\":\"Tarima Sint\u00e9tica - Naturcesped\",\"isPartOf\":{\"@id\":\"https:\/\/naturcesped.com\/es\/#website\"},\"datePublished\":\"2022-10-03T08:24:45+00:00\",\"dateModified\":\"2022-10-05T09:48:33+00:00\",\"description\":\"Tarima sint\u00e9tica de calidad con acabados impecables, con certificados antideslizantes. Apariencia y uso inigualable. Consulta todos los modelos.\",\"breadcrumb\":{\"@id\":\"https:\/\/naturcesped.com\/es\/productos\/tarima-y-valla-sintetica\/tarima-sintetica\/#breadcrumb\"},\"inLanguage\":\"es\",\"potentialAction\":[{\"@type\":\"ReadAction\",\"target\":[\"https:\/\/naturcesped.com\/es\/productos\/tarima-y-valla-sintetica\/tarima-sintetica\/\"]}]},{\"@type\":\"BreadcrumbList\",\"@id\":\"https:\/\/naturcesped.com\/es\/productos\/tarima-y-valla-sintetica\/tarima-sintetica\/#breadcrumb\",\"itemListElement\":[{\"@type\":\"ListItem\",\"position\":1,\"name\":\"Portada\",\"item\":\"https:\/\/naturcesped.com\/es\/\"},{\"@type\":\"ListItem\",\"position\":2,\"name\":\"Productos\",\"item\":\"https:\/\/naturcesped.com\/es\/productos\/\"},{\"@type\":\"ListItem\",\"position\":3,\"name\":\"Tarima y Valla Sint\u00e9tica\",\"item\":\"https:\/\/naturcesped.com\/es\/productos\/tarima-y-valla-sintetica\/\"},{\"@type\":\"ListItem\",\"position\":4,\"name\":\"Tarima Sint\u00e9tica\"}]},{\"@type\":\"WebSite\",\"@id\":\"https:\/\/naturcesped.com\/es\/#website\",\"url\":\"https:\/\/naturcesped.com\/es\/\",\"name\":\"NaturC\u00e9sped\",\"description\":\"C\u00e9sped artificial en Girona\",\"potentialAction\":[{\"@type\":\"SearchAction\",\"target\":{\"@type\":\"EntryPoint\",\"urlTemplate\":\"https:\/\/naturcesped.com\/es\/?s={search_term_string}\"},\"query-input\":{\"@type\":\"PropertyValueSpecification\",\"valueRequired\":true,\"valueName\":\"search_term_string\"}}],\"inLanguage\":\"es\"}]}<\/script>\n<!-- \/ Yoast SEO plugin. -->","yoast_head_json":{"title":"Tarima Sint\u00e9tica - Naturcesped","description":"Tarima sint\u00e9tica de calidad con acabados impecables, con certificados antideslizantes. Apariencia y uso inigualable. Consulta todos los modelos.","robots":{"index":"index","follow":"follow","max-snippet":"max-snippet:-1","max-image-preview":"max-image-preview:large","max-video-preview":"max-video-preview:-1"},"canonical":"https:\/\/naturcesped.com\/es\/productos\/tarima-y-valla-sintetica\/tarima-sintetica\/","og_locale":"es_ES","og_type":"article","og_title":"Tarima Sint\u00e9tica - Naturcesped","og_description":"Tarima sint\u00e9tica de calidad con acabados impecables, con certificados antideslizantes. Apariencia y uso inigualable. Consulta todos los modelos.","og_url":"https:\/\/naturcesped.com\/es\/productos\/tarima-y-valla-sintetica\/tarima-sintetica\/","og_site_name":"NaturC\u00e9sped","article_modified_time":"2022-10-05T09:48:33+00:00","twitter_card":"summary_large_image","twitter_misc":{"Tiempo de lectura":"2 minutos"},"schema":{"@context":"https:\/\/schema.org","@graph":[{"@type":"WebPage","@id":"https:\/\/naturcesped.com\/es\/productos\/tarima-y-valla-sintetica\/tarima-sintetica\/","url":"https:\/\/naturcesped.com\/es\/productos\/tarima-y-valla-sintetica\/tarima-sintetica\/","name":"Tarima Sint\u00e9tica - Naturcesped","isPartOf":{"@id":"https:\/\/naturcesped.com\/es\/#website"},"datePublished":"2022-10-03T08:24:45+00:00","dateModified":"2022-10-05T09:48:33+00:00","description":"Tarima sint\u00e9tica de calidad con acabados impecables, con certificados antideslizantes. Apariencia y uso inigualable. Consulta todos los modelos.","breadcrumb":{"@id":"https:\/\/naturcesped.com\/es\/productos\/tarima-y-valla-sintetica\/tarima-sintetica\/#breadcrumb"},"inLanguage":"es","potentialAction":[{"@type":"ReadAction","target":["https:\/\/naturcesped.com\/es\/productos\/tarima-y-valla-sintetica\/tarima-sintetica\/"]}]},{"@type":"BreadcrumbList","@id":"https:\/\/naturcesped.com\/es\/productos\/tarima-y-valla-sintetica\/tarima-sintetica\/#breadcrumb","itemListElement":[{"@type":"ListItem","position":1,"name":"Portada","item":"https:\/\/naturcesped.com\/es\/"},{"@type":"ListItem","position":2,"name":"Productos","item":"https:\/\/naturcesped.com\/es\/productos\/"},{"@type":"ListItem","position":3,"name":"Tarima y Valla Sint\u00e9tica","item":"https:\/\/naturcesped.com\/es\/productos\/tarima-y-valla-sintetica\/"},{"@type":"ListItem","position":4,"name":"Tarima Sint\u00e9tica"}]},{"@type":"WebSite","@id":"https:\/\/naturcesped.com\/es\/#website","url":"https:\/\/naturcesped.com\/es\/","name":"NaturC\u00e9sped","description":"C\u00e9sped artificial en Girona","potentialAction":[{"@type":"SearchAction","target":{"@type":"EntryPoint","urlTemplate":"https:\/\/naturcesped.com\/es\/?s={search_term_string}"},"query-input":{"@type":"PropertyValueSpecification","valueRequired":true,"valueName":"search_term_string"}}],"inLanguage":"es"}]}},"_links":{"self":[{"href":"https:\/\/naturcesped.com\/es\/wp-json\/wp\/v2\/pages\/234","targetHints":{"allow":["GET"]}}],"collection":[{"href":"https:\/\/naturcesped.com\/es\/wp-json\/wp\/v2\/pages"}],"about":[{"href":"https:\/\/naturcesped.com\/es\/wp-json\/wp\/v2\/types\/page"}],"author":[{"embeddable":true,"href":"https:\/\/naturcesped.com\/es\/wp-json\/wp\/v2\/users\/1"}],"replies":[{"embeddable":true,"href":"https:\/\/naturcesped.com\/es\/wp-json\/wp\/v2\/comments?post=234"}],"version-history":[{"count":0,"href":"https:\/\/naturcesped.com\/es\/wp-json\/wp\/v2\/pages\/234\/revisions"}],"up":[{"embeddable":true,"href":"https:\/\/naturcesped.com\/es\/wp-json\/wp\/v2\/pages\/227"}],"wp:attachment":[{"href":"https:\/\/naturcesped.com\/es\/wp-json\/wp\/v2\/media?parent=234"}],"curies":[{"name":"wp","href":"https:\/\/api.w.org\/{rel}","templated":true}]}}