{"id":227,"date":"2022-10-03T08:16:34","date_gmt":"2022-10-03T08:16:34","guid":{"rendered":"https:\/\/naturcesped.com\/?page_id=227"},"modified":"2022-10-05T09:48:28","modified_gmt":"2022-10-05T09:48:28","slug":"tarima-y-valla-sintetica","status":"publish","type":"page","link":"https:\/\/naturcesped.com\/es\/productos\/tarima-y-valla-sintetica\/","title":{"rendered":"Tarima y Valla Sint\u00e9tica"},"content":{"rendered":"<div class=\"wpb-content-wrapper\"><p>[vc_row][vc_column]<div class=\"boc_spacing \" style=\"height: 40px\"><\/div>[\/vc_column][\/vc_row][vc_row gap=\u00bb35&#8243;][vc_column width=\u00bb1\/3&#8243;][vc_column_text]<\/p>\n<h2>INSTALACI\u00d3N<\/h2>\n<hr \/>\n<h3><span style=\"color: #000000;\"><a style=\"color: #000000;\" href=\"\/productos\/cesped-artificial\">C\u00e9sped Artificial<\/a><\/span><\/h3>\n<hr \/>\n<h3><strong>Tarima y Valla Sint\u00e9tica<\/strong><\/h3>\n<hr \/>\n<h3><span style=\"color: #000000;\"><a style=\"color: #000000;\" href=\"\/productos\/tarima-y-valla-sintetica\/tarima-sintetica\">Tarima Sint\u00e9tica<\/a><\/span><\/h3>\n<hr \/>\n<h3><span style=\"color: #000000;\"><a style=\"color: #000000;\" href=\"\/productos\/tarima-y-valla-sintetica\/valla-sintetica\">Valla Sint\u00e9tica<\/a><\/span><\/h3>\n<hr \/>\n<p>[\/vc_column_text][\/vc_column][vc_column width=\u00bb2\/3&#8243;][vc_raw_html]JTVCYnJlYWRjcnVtYiU1RA==[\/vc_raw_html][vc_column_text]<\/p>\n<h1 style=\"font-weight: bold;\">TARIMA Y VALLA SINT\u00c9TICA<\/h1>\n<p>[\/vc_column_text][vc_row_inner][vc_column_inner width=\u00bb1\/2&#8243;]\n\t\t\t\t<a target=\"_self\" href=\"\/productos\/tarima-y-valla-sintetica\/tarima-sintetica\"  class=\"pic_info_link_type4\">\n\t\t\t\t  <div class=\"boc_image_box portfolio_animator_class  \">\n\t\t\t\t\t<div class=\"pic_info type4\">\n\t\t\t\t\t\t<div class=\"pic \"><div class=\"plus_overlay\"><\/div><div class=\"plus_overlay_icon\"><\/div>\n\t\t\t\t\t\t<img decoding=\"async\" width=\"320\" height=\"240\" data-src=\"https:\/\/naturcesped.com\/wp-content\/uploads\/2022\/10\/tarimas-sinteticas.jpg\" class=\"attachment-boc_medium size-boc_medium lazyload\" alt=\"\" data-srcset=\"https:\/\/naturcesped.com\/wp-content\/uploads\/2022\/10\/tarimas-sinteticas.jpg 320w, https:\/\/naturcesped.com\/wp-content\/uploads\/2022\/10\/tarimas-sinteticas-300x225.jpg 300w\" data-sizes=\"(max-width: 320px) 100vw, 320px\" src=\"data:image\/svg+xml;base64,PHN2ZyB3aWR0aD0iMSIgaGVpZ2h0PSIxIiB4bWxucz0iaHR0cDovL3d3dy53My5vcmcvMjAwMC9zdmciPjwvc3ZnPg==\" style=\"--smush-placeholder-width: 320px; --smush-placeholder-aspect-ratio: 320\/240;\" \/>\n\t\t\t\t\t\t<div class=\"img_overlay_icon\"><span class=\"portfolio_icon icon_link\"><\/span><\/div><\/div>\n\t\t\t\t\t\t<div class=\"info_overlay\">\n\t\t\t\t\t\t\t<div class=\"info_overlay_padding\">\n\t\t\t\t\t\t\t\t<div class=\"info_desc\">\n\t\t\t\t\t\t\t\t\t<span class=\"portfolio_icon icon_link\"><\/span>\t\t\t\t\n\t\t\t\t\t\t\t\t\t<h3>Tarima Sint\u00e9tica<\/h3>\n\t\t\t\t\t\t\t\t\t<p><\/p>\n\t\t\t\t\t\t\t\t<\/div>\n\t\t\t\t\t\t\t<\/div>\n\t\t\t\t\t\t<\/div>\n\t\t\t\t\t<\/div>\n\t\t\t\t  <\/div>\n\t\t\t\t<\/a>\n\t\t\t[\/vc_column_inner][vc_column_inner width=\u00bb1\/2&#8243;]\n\t\t\t\t<a target=\"_self\" href=\"\/productos\/tarima-y-valla-sintetica\/valla-sintetica\"  class=\"pic_info_link_type4\">\n\t\t\t\t  <div class=\"boc_image_box portfolio_animator_class  \">\n\t\t\t\t\t<div class=\"pic_info type4\">\n\t\t\t\t\t\t<div class=\"pic \"><div class=\"plus_overlay\"><\/div><div class=\"plus_overlay_icon\"><\/div>\n\t\t\t\t\t\t<img decoding=\"async\" width=\"320\" height=\"240\" data-src=\"https:\/\/naturcesped.com\/wp-content\/uploads\/2022\/10\/vallas-sinteticas-1.jpg\" class=\"attachment-boc_medium size-boc_medium lazyload\" alt=\"\" data-srcset=\"https:\/\/naturcesped.com\/wp-content\/uploads\/2022\/10\/vallas-sinteticas-1.jpg 320w, https:\/\/naturcesped.com\/wp-content\/uploads\/2022\/10\/vallas-sinteticas-1-300x225.jpg 300w\" data-sizes=\"(max-width: 320px) 100vw, 320px\" src=\"data:image\/svg+xml;base64,PHN2ZyB3aWR0aD0iMSIgaGVpZ2h0PSIxIiB4bWxucz0iaHR0cDovL3d3dy53My5vcmcvMjAwMC9zdmciPjwvc3ZnPg==\" style=\"--smush-placeholder-width: 320px; --smush-placeholder-aspect-ratio: 320\/240;\" \/>\n\t\t\t\t\t\t<div class=\"img_overlay_icon\"><span class=\"portfolio_icon icon_link\"><\/span><\/div><\/div>\n\t\t\t\t\t\t<div class=\"info_overlay\">\n\t\t\t\t\t\t\t<div class=\"info_overlay_padding\">\n\t\t\t\t\t\t\t\t<div class=\"info_desc\">\n\t\t\t\t\t\t\t\t\t<span class=\"portfolio_icon icon_link\"><\/span>\t\t\t\t\n\t\t\t\t\t\t\t\t\t<h3>Valla Sint\u00e9tica<\/h3>\n\t\t\t\t\t\t\t\t\t<p><\/p>\n\t\t\t\t\t\t\t\t<\/div>\n\t\t\t\t\t\t\t<\/div>\n\t\t\t\t\t\t<\/div>\n\t\t\t\t\t<\/div>\n\t\t\t\t  <\/div>\n\t\t\t\t<\/a>\n\t\t\t[\/vc_column_inner][\/vc_row_inner][\/vc_column][\/vc_row][vc_row][vc_column]<div class=\"boc_spacing \" style=\"height: 40px\"><\/div>[\/vc_column][\/vc_row]<\/p>\n<\/div>","protected":false},"excerpt":{"rendered":"<p>[vc_row][vc_column][\/vc_column][\/vc_row][vc_row gap=\u00bb35&#8243;][vc_column width=\u00bb1\/3&#8243;][vc_column_text] INSTALACI\u00d3N C\u00e9sped Artificial Tarima y Valla Sint\u00e9tica Tarima Sint\u00e9tica Valla Sint\u00e9tica [\/vc_column_text][\/vc_column][vc_column width=\u00bb2\/3&#8243;][vc_raw_html]JTVCYnJlYWRjcnVtYiU1RA==[\/vc_raw_html][vc_column_text] TARIMA Y VALLA SINT\u00c9TICA [\/vc_column_text][vc_row_inner][vc_column_inner width=\u00bb1\/2&#8243;][\/vc_column_inner][vc_column_inner width=\u00bb1\/2&#8243;][\/vc_column_inner][\/vc_row_inner][\/vc_column][\/vc_row][vc_row][vc_column][\/vc_column][\/vc_row]<\/p>\n","protected":false},"author":1,"featured_media":0,"parent":220,"menu_order":0,"comment_status":"closed","ping_status":"closed","template":"","meta":{"footnotes":""},"class_list":["post-227","page","type-page","status-publish","hentry"],"yoast_head":"<!-- This site is optimized with the Yoast SEO plugin v26.3 - https:\/\/yoast.com\/wordpress\/plugins\/seo\/ -->\n<title>Tarima y Valla Sint\u00e9tica - Naturcesped<\/title>\n<meta name=\"description\" content=\"Instalaci\u00f3n de tarimas y vallas de madera sint\u00e9tica de calidad para poner en patios y jardines. Consulta los modelos disponibles.\" \/>\n<meta name=\"robots\" content=\"index, follow, max-snippet:-1, max-image-preview:large, max-video-preview:-1\" \/>\n<link rel=\"canonical\" href=\"https:\/\/naturcesped.com\/es\/productos\/tarima-y-valla-sintetica\/\" \/>\n<meta property=\"og:locale\" content=\"es_ES\" \/>\n<meta property=\"og:type\" content=\"article\" \/>\n<meta property=\"og:title\" content=\"Tarima y Valla Sint\u00e9tica - Naturcesped\" \/>\n<meta property=\"og:description\" content=\"Instalaci\u00f3n de tarimas y vallas de madera sint\u00e9tica de calidad para poner en patios y jardines. Consulta los modelos disponibles.\" \/>\n<meta property=\"og:url\" content=\"https:\/\/naturcesped.com\/es\/productos\/tarima-y-valla-sintetica\/\" \/>\n<meta property=\"og:site_name\" content=\"NaturC\u00e9sped\" \/>\n<meta property=\"article:modified_time\" content=\"2022-10-05T09:48:28+00:00\" \/>\n<meta name=\"twitter:card\" content=\"summary_large_image\" \/>\n<meta name=\"twitter:label1\" content=\"Tiempo de lectura\" \/>\n\t<meta name=\"twitter:data1\" content=\"1 minuto\" \/>\n<script type=\"application\/ld+json\" class=\"yoast-schema-graph\">{\"@context\":\"https:\/\/schema.org\",\"@graph\":[{\"@type\":\"WebPage\",\"@id\":\"https:\/\/naturcesped.com\/es\/productos\/tarima-y-valla-sintetica\/\",\"url\":\"https:\/\/naturcesped.com\/es\/productos\/tarima-y-valla-sintetica\/\",\"name\":\"Tarima y Valla Sint\u00e9tica - Naturcesped\",\"isPartOf\":{\"@id\":\"https:\/\/naturcesped.com\/es\/#website\"},\"datePublished\":\"2022-10-03T08:16:34+00:00\",\"dateModified\":\"2022-10-05T09:48:28+00:00\",\"description\":\"Instalaci\u00f3n de tarimas y vallas de madera sint\u00e9tica de calidad para poner en patios y jardines. Consulta los modelos disponibles.\",\"breadcrumb\":{\"@id\":\"https:\/\/naturcesped.com\/es\/productos\/tarima-y-valla-sintetica\/#breadcrumb\"},\"inLanguage\":\"es\",\"potentialAction\":[{\"@type\":\"ReadAction\",\"target\":[\"https:\/\/naturcesped.com\/es\/productos\/tarima-y-valla-sintetica\/\"]}]},{\"@type\":\"BreadcrumbList\",\"@id\":\"https:\/\/naturcesped.com\/es\/productos\/tarima-y-valla-sintetica\/#breadcrumb\",\"itemListElement\":[{\"@type\":\"ListItem\",\"position\":1,\"name\":\"Portada\",\"item\":\"https:\/\/naturcesped.com\/es\/\"},{\"@type\":\"ListItem\",\"position\":2,\"name\":\"Productos\",\"item\":\"https:\/\/naturcesped.com\/es\/productos\/\"},{\"@type\":\"ListItem\",\"position\":3,\"name\":\"Tarima y Valla Sint\u00e9tica\"}]},{\"@type\":\"WebSite\",\"@id\":\"https:\/\/naturcesped.com\/es\/#website\",\"url\":\"https:\/\/naturcesped.com\/es\/\",\"name\":\"NaturC\u00e9sped\",\"description\":\"C\u00e9sped artificial en Girona\",\"potentialAction\":[{\"@type\":\"SearchAction\",\"target\":{\"@type\":\"EntryPoint\",\"urlTemplate\":\"https:\/\/naturcesped.com\/es\/?s={search_term_string}\"},\"query-input\":{\"@type\":\"PropertyValueSpecification\",\"valueRequired\":true,\"valueName\":\"search_term_string\"}}],\"inLanguage\":\"es\"}]}<\/script>\n<!-- \/ Yoast SEO plugin. -->","yoast_head_json":{"title":"Tarima y Valla Sint\u00e9tica - Naturcesped","description":"Instalaci\u00f3n de tarimas y vallas de madera sint\u00e9tica de calidad para poner en patios y jardines. Consulta los modelos disponibles.","robots":{"index":"index","follow":"follow","max-snippet":"max-snippet:-1","max-image-preview":"max-image-preview:large","max-video-preview":"max-video-preview:-1"},"canonical":"https:\/\/naturcesped.com\/es\/productos\/tarima-y-valla-sintetica\/","og_locale":"es_ES","og_type":"article","og_title":"Tarima y Valla Sint\u00e9tica - Naturcesped","og_description":"Instalaci\u00f3n de tarimas y vallas de madera sint\u00e9tica de calidad para poner en patios y jardines. Consulta los modelos disponibles.","og_url":"https:\/\/naturcesped.com\/es\/productos\/tarima-y-valla-sintetica\/","og_site_name":"NaturC\u00e9sped","article_modified_time":"2022-10-05T09:48:28+00:00","twitter_card":"summary_large_image","twitter_misc":{"Tiempo de lectura":"1 minuto"},"schema":{"@context":"https:\/\/schema.org","@graph":[{"@type":"WebPage","@id":"https:\/\/naturcesped.com\/es\/productos\/tarima-y-valla-sintetica\/","url":"https:\/\/naturcesped.com\/es\/productos\/tarima-y-valla-sintetica\/","name":"Tarima y Valla Sint\u00e9tica - Naturcesped","isPartOf":{"@id":"https:\/\/naturcesped.com\/es\/#website"},"datePublished":"2022-10-03T08:16:34+00:00","dateModified":"2022-10-05T09:48:28+00:00","description":"Instalaci\u00f3n de tarimas y vallas de madera sint\u00e9tica de calidad para poner en patios y jardines. Consulta los modelos disponibles.","breadcrumb":{"@id":"https:\/\/naturcesped.com\/es\/productos\/tarima-y-valla-sintetica\/#breadcrumb"},"inLanguage":"es","potentialAction":[{"@type":"ReadAction","target":["https:\/\/naturcesped.com\/es\/productos\/tarima-y-valla-sintetica\/"]}]},{"@type":"BreadcrumbList","@id":"https:\/\/naturcesped.com\/es\/productos\/tarima-y-valla-sintetica\/#breadcrumb","itemListElement":[{"@type":"ListItem","position":1,"name":"Portada","item":"https:\/\/naturcesped.com\/es\/"},{"@type":"ListItem","position":2,"name":"Productos","item":"https:\/\/naturcesped.com\/es\/productos\/"},{"@type":"ListItem","position":3,"name":"Tarima y Valla Sint\u00e9tica"}]},{"@type":"WebSite","@id":"https:\/\/naturcesped.com\/es\/#website","url":"https:\/\/naturcesped.com\/es\/","name":"NaturC\u00e9sped","description":"C\u00e9sped artificial en Girona","potentialAction":[{"@type":"SearchAction","target":{"@type":"EntryPoint","urlTemplate":"https:\/\/naturcesped.com\/es\/?s={search_term_string}"},"query-input":{"@type":"PropertyValueSpecification","valueRequired":true,"valueName":"search_term_string"}}],"inLanguage":"es"}]}},"_links":{"self":[{"href":"https:\/\/naturcesped.com\/es\/wp-json\/wp\/v2\/pages\/227","targetHints":{"allow":["GET"]}}],"collection":[{"href":"https:\/\/naturcesped.com\/es\/wp-json\/wp\/v2\/pages"}],"about":[{"href":"https:\/\/naturcesped.com\/es\/wp-json\/wp\/v2\/types\/page"}],"author":[{"embeddable":true,"href":"https:\/\/naturcesped.com\/es\/wp-json\/wp\/v2\/users\/1"}],"replies":[{"embeddable":true,"href":"https:\/\/naturcesped.com\/es\/wp-json\/wp\/v2\/comments?post=227"}],"version-history":[{"count":0,"href":"https:\/\/naturcesped.com\/es\/wp-json\/wp\/v2\/pages\/227\/revisions"}],"up":[{"embeddable":true,"href":"https:\/\/naturcesped.com\/es\/wp-json\/wp\/v2\/pages\/220"}],"wp:attachment":[{"href":"https:\/\/naturcesped.com\/es\/wp-json\/wp\/v2\/media?parent=227"}],"curies":[{"name":"wp","href":"https:\/\/api.w.org\/{rel}","templated":true}]}}