{"id":1853,"date":"2023-11-23T08:55:37","date_gmt":"2023-11-23T08:55:37","guid":{"rendered":"https:\/\/naturcesped.com\/?page_id=1853"},"modified":"2023-12-20T09:54:31","modified_gmt":"2023-12-20T09:54:31","slug":"comparar-cesped-artificial-vialblareix","status":"publish","type":"page","link":"https:\/\/naturcesped.com\/es\/comparar-cesped-artificial-vialblareix\/","title":{"rendered":"Comparar c\u00e9sped artificial Vialblareix"},"content":{"rendered":"<div class=\"wpb-content-wrapper\"><p>[vc_row gap=\u00bb35&#8243;][vc_column width=\u00bb3\/5&#8243;][vc_single_image image=\u00bb965&#8243;][vc_column_text]<\/p>\n<p style=\"text-align: justify;\">Cuando se invent\u00f3 el c\u00e9sped artificial en la d\u00e9cada de 1960, solo exist\u00eda una oferta muy reducida. Desde entonces, han surgido cientos de tipos diferentes de c\u00e9sped artificial; de hecho, tantos que comprar c\u00e9sped artificial para su hogar o negocio en Vialblareix puede ser una tarea complicada. Con todos los diferentes estilos, calidades y precios, es posible que se pregunte c\u00f3mo <strong>comparar c\u00e9sped artificial en Vialblareix<\/strong> para su espacio.<\/p>\n<p style=\"text-align: justify;\">Si bien elegir el c\u00e9sped artificial adecuado puede parecer como atravesar un territorio inexplorado, el proceso de selecci\u00f3n no es imposible, especialmente si est\u00e1 acompa\u00f1ado por los mejores expertos en el sector.<\/p>\n<p style=\"text-align: justify;\">Todo lo que tienes que hacer es determinar sus necesidades y objetivos, investigar para comparar las caracter\u00edsticas de diferentes productos y ser disciplinado con su presupuesto.<\/p>\n<p>[\/vc_column_text][vc_row_inner][vc_column_inner width=\u00bb1\/3&#8243;][\/vc_column_inner][vc_column_inner width=\u00bb1\/3&#8243;]<a\thref=\"https:\/\/naturcesped.com\/es\/contacto\/\" \n\t\t\t\tclass=\"button btn_large btn_theme_color btn_rounded btn_normal_style    \"  target='_self'><span>CONTACTA CON NOSOTROS<\/span><\/a>[\/vc_column_inner][vc_column_inner width=\u00bb1\/3&#8243;][\/vc_column_inner][\/vc_row_inner][vc_column_text]<\/p>\n<p style=\"text-align: justify;\">Vale la pena mencionar que obtener asesoramiento de especialistas en el campo puede ser de gran ayuda para garantizarle un proyecto de c\u00e9sped exitoso. Nuestro equipo tomar\u00e1 como prioridad el conocer sus requerimientos y necesidades para asegurar que la selecci\u00f3n cumple con sus expectativas.<\/p>\n<p style=\"text-align: justify;\">Tenga en cuenta que lo primero que debe hacer al <strong>comparar c\u00e9sped artificial en Vialblareix <\/strong>es reducir sus opciones seg\u00fan el lugar donde instalar\u00e1 el c\u00e9sped. Por ejemplo, las \u00e1reas de mucho tr\u00e1fico peatonal necesitan un c\u00e9sped que pueda soportar todos los pisotones.<\/p>\n<p style=\"text-align: justify;\">Adem\u00e1s, recuerde que no todos los tonos de verde encajar\u00e1n bien con su entorno natural. Quiere que su c\u00e9sped luzca lo m\u00e1s aut\u00e9ntico posible, as\u00ed que elija una combinaci\u00f3n de colores que refleje la flora local.<\/p>\n<p style=\"text-align: justify;\">Al <strong>comparar c\u00e9sped artificial en Vialblareix <\/strong>es fundamental tener en cuenta los usos que se dar\u00e1 al espacio. Hay muchos tipos diferentes de c\u00e9sped artificial y todos ellos tienen diferentes fortalezas y debilidades.\u00a0 Por ejemplo, algunos se fabrican para ser resistentes, lo que generalmente significa usar una fibra pl\u00e1stica hecha de nailon (poliamida).<\/p>\n<p style=\"text-align: justify;\">Sin embargo, la desventaja aqu\u00ed es que el nailon no es tan suave como el polipropileno o el polietileno, los otros dos tipos de fibra artificial utilizados en la fabricaci\u00f3n de c\u00e9sped artificial. El nailon tambi\u00e9n es m\u00e1s caro. Por lo tanto, si su c\u00e9sped artificial tendr\u00e1 poco tr\u00e1fico peatonal, no ser\u00eda necesario elegir un c\u00e9sped hecho de fibras de nailon.<\/p>\n<p style=\"text-align: justify;\"><strong>C<\/strong><strong>omparar c\u00e9sped artificial en Vialblareix <\/strong>no tiene por qu\u00e9 ser dif\u00edcil pero, especialmente si cuenta con los mejores en el sector, que se preocupar\u00e1n por sus necesidades para garantizar un c\u00e9sped artificial de alto rendimiento que dure mucho tiempo.<\/p>\n<p style=\"text-align: justify;\">No dude en comunicarse con nosotros y recibir la atenci\u00f3n personalizada que se merece. Nuestros a\u00f1os de experiencia nos permiten encontrar soluciones a la medida de cada espacio, siempre pensando en las necesidades de nuestros clientes. \u00a1Lo estaremos esperando para crear el espacio de sus sue\u00f1os!<\/p>\n<p>[\/vc_column_text][\/vc_column][vc_column width=\u00bb2\/5&#8243;][vc_column_text]<\/p>\n<h3 style=\"text-align: center;\">Contacta con nosotros para m\u00e1s informaci\u00f3n<\/h3>\n<hr \/>\n<p>[\/vc_column_text]\n<div class=\"wpcf7 no-js\" id=\"wpcf7-f202-o1\" lang=\"es-ES\" dir=\"ltr\" data-wpcf7-id=\"202\">\n<div class=\"screen-reader-response\"><p role=\"status\" aria-live=\"polite\" aria-atomic=\"true\"><\/p> <ul><\/ul><\/div>\n<form action=\"\/es\/wp-json\/wp\/v2\/pages\/1853#wpcf7-f202-o1\" method=\"post\" class=\"wpcf7-form init\" aria-label=\"Formulario de contacto\" novalidate=\"novalidate\" data-status=\"init\">\n<fieldset class=\"hidden-fields-container\"><input type=\"hidden\" name=\"_wpcf7\" value=\"202\" \/><input type=\"hidden\" name=\"_wpcf7_version\" value=\"6.1.3\" \/><input type=\"hidden\" name=\"_wpcf7_locale\" value=\"es_ES\" \/><input type=\"hidden\" name=\"_wpcf7_unit_tag\" value=\"wpcf7-f202-o1\" \/><input type=\"hidden\" name=\"_wpcf7_container_post\" value=\"0\" \/><input type=\"hidden\" name=\"_wpcf7_posted_data_hash\" value=\"\" \/><input type=\"hidden\" name=\"_wpcf7_recaptcha_response\" value=\"\" \/>\n<\/fieldset>\n<p><label> Nombre y apellidos *<br \/>\n<span class=\"wpcf7-form-control-wrap\" data-name=\"your-name\"><input size=\"40\" maxlength=\"400\" class=\"wpcf7-form-control wpcf7-text wpcf7-validates-as-required\" aria-required=\"true\" aria-invalid=\"false\" value=\"\" type=\"text\" name=\"your-name\" \/><\/span> <\/label>\n<\/p>\n<p><label> Tel\u00e9fono *<br \/>\n<span class=\"wpcf7-form-control-wrap\" data-name=\"your-phone\"><input size=\"40\" maxlength=\"400\" class=\"wpcf7-form-control wpcf7-text wpcf7-validates-as-required\" aria-required=\"true\" aria-invalid=\"false\" value=\"\" type=\"text\" name=\"your-phone\" \/><\/span> <\/label>\n<\/p>\n<p><label> Correo electr\u00f3nico *<br \/>\n<span class=\"wpcf7-form-control-wrap\" data-name=\"your-email\"><input size=\"40\" maxlength=\"400\" class=\"wpcf7-form-control wpcf7-email wpcf7-validates-as-required wpcf7-text wpcf7-validates-as-email\" aria-required=\"true\" aria-invalid=\"false\" value=\"\" type=\"email\" name=\"your-email\" \/><\/span> <\/label>\n<\/p>\n<p><label> Municipio *<br \/>\n<span class=\"wpcf7-form-control-wrap\" data-name=\"your-town\"><input size=\"40\" maxlength=\"400\" class=\"wpcf7-form-control wpcf7-text wpcf7-validates-as-required\" aria-required=\"true\" aria-invalid=\"false\" value=\"\" type=\"text\" name=\"your-town\" \/><\/span> <\/label>\n<\/p>\n<p><label> Cantidad de m\u00b2<br \/>\n<span class=\"wpcf7-form-control-wrap\" data-name=\"your-meters\"><input size=\"40\" maxlength=\"400\" class=\"wpcf7-form-control wpcf7-text\" aria-invalid=\"false\" value=\"\" type=\"text\" name=\"your-meters\" \/><\/span> <\/label>\n<\/p>\n<p><label> Terreno actual *<br \/>\n<span class=\"wpcf7-form-control-wrap\" data-name=\"radio-509\"><span class=\"wpcf7-form-control wpcf7-radio\"><span class=\"wpcf7-list-item first\"><label><input type=\"radio\" name=\"radio-509\" value=\"Tierra\" checked=\"checked\" \/><span class=\"wpcf7-list-item-label\">Tierra<\/span><\/label><\/span><span class=\"wpcf7-list-item\"><label><input type=\"radio\" name=\"radio-509\" value=\"C\u00e9sped natural\" \/><span class=\"wpcf7-list-item-label\">C\u00e9sped natural<\/span><\/label><\/span><span class=\"wpcf7-list-item\"><label><input type=\"radio\" name=\"radio-509\" value=\"Pavimento\" \/><span class=\"wpcf7-list-item-label\">Pavimento<\/span><\/label><\/span><span class=\"wpcf7-list-item last\"><label><input type=\"radio\" name=\"radio-509\" value=\"C\u00e9sped artificial\" \/><span class=\"wpcf7-list-item-label\">C\u00e9sped artificial<\/span><\/label><\/span><\/span><\/span> <\/label>\n<\/p>\n<p><label> Mensaje *<br \/>\n<span class=\"wpcf7-form-control-wrap\" data-name=\"your-message\"><textarea cols=\"40\" rows=\"3\" maxlength=\"2000\" class=\"wpcf7-form-control wpcf7-textarea wpcf7-validates-as-required\" aria-required=\"true\" aria-invalid=\"false\" name=\"your-message\"><\/textarea><\/span> <\/label>\n<\/p>\n<p style=\"font-weight: lighter; font-size:12px;\">Informaci\u00f3n b\u00e1sica sobre el tratamiento de datos (Reglamento (UE) 2016\/679 y LO 3\/2018)<br \/>\nResponsable del tratamiento: Naturcesped C\u00e9sped Artificial, SL.\n<\/p>\n<p style=\"font-weight: lighter; font-size:12px;\">Finalidad: Ofrecer, prestar y facturar nuestros servicios y productos.\n<\/p>\n<p style=\"font-weight: lighter; font-size:12px;\">Legitimaci\u00f3n: Consentimiento del interesado.\n<\/p>\n<p style=\"font-weight: lighter; font-size:12px;\">Destinatarios: Los datos no se ceder\u00e1n a terceros, a menos que lo exija una ley o sea necesario para cumplir con la finalidad del tratamiento.\n<\/p>\n<p style=\"font-weight: lighter; font-size:12px;\">Derechos: Acceder, rectificar y suprimir datos, as\u00ed como el resto que se explican en la pol\u00edtica de protecci\u00f3n de datos.\n<\/p>\n<p style=\"font-weight: lighter; font-size:12px;\">M\u00e1s informaci\u00f3n en nuestra pol\u00edtica de protecci\u00f3n de datos.\n<\/p>\n<p><input class=\"wpcf7-form-control wpcf7-submit has-spinner\" type=\"submit\" value=\"Enviar\" \/>\n<\/p><div class=\"wpcf7-response-output\" aria-hidden=\"true\"><\/div>\n<\/form>\n<\/div>\n[\/vc_column][\/vc_row]<\/p>\n<\/div>","protected":false},"excerpt":{"rendered":"<p>[vc_row gap=\u00bb35&#8243;][vc_column width=\u00bb3\/5&#8243;][vc_single_image image=\u00bb965&#8243;][vc_column_text] Cuando se invent\u00f3 el c\u00e9sped artificial en la d\u00e9cada de 1960, solo exist\u00eda una oferta muy reducida. Desde entonces, han surgido cientos de tipos diferentes de c\u00e9sped artificial; de hecho, tantos que comprar c\u00e9sped artificial para su hogar o negocio en Vialblareix puede ser una tarea complicada. Con todos los diferentes estilos, calidades y precios, es<\/p>\n<div class=\"h10\"><\/div>\n<p><a class=\"more-link1\" href=\"https:\/\/naturcesped.com\/es\/comparar-cesped-artificial-vialblareix\/\">Read more<\/a><\/p>\n","protected":false},"author":1,"featured_media":0,"parent":0,"menu_order":0,"comment_status":"closed","ping_status":"closed","template":"","meta":{"footnotes":""},"class_list":["post-1853","page","type-page","status-publish","hentry"],"yoast_head":"<!-- This site is optimized with the Yoast SEO plugin v26.3 - https:\/\/yoast.com\/wordpress\/plugins\/seo\/ -->\n<title>Comparar c\u00e9sped artificial Vialblareix - NaturC\u00e9sped<\/title>\n<meta name=\"robots\" content=\"index, follow, max-snippet:-1, max-image-preview:large, max-video-preview:-1\" \/>\n<link rel=\"canonical\" href=\"https:\/\/naturcesped.com\/es\/comparar-cesped-artificial-vialblareix\/\" \/>\n<meta property=\"og:locale\" content=\"es_ES\" \/>\n<meta property=\"og:type\" content=\"article\" \/>\n<meta property=\"og:title\" content=\"Comparar c\u00e9sped artificial Vialblareix - NaturC\u00e9sped\" \/>\n<meta property=\"og:description\" content=\"[vc_row gap=\u00bb35&#8243;][vc_column width=\u00bb3\/5&#8243;][vc_single_image image=\u00bb965&#8243;][vc_column_text] Cuando se invent\u00f3 el c\u00e9sped artificial en la d\u00e9cada de 1960, solo exist\u00eda una oferta muy reducida. Desde entonces, han surgido cientos de tipos diferentes de c\u00e9sped artificial; de hecho, tantos que comprar c\u00e9sped artificial para su hogar o negocio en Vialblareix puede ser una tarea complicada. Con todos los diferentes estilos, calidades y precios, esRead more\" \/>\n<meta property=\"og:url\" content=\"https:\/\/naturcesped.com\/es\/comparar-cesped-artificial-vialblareix\/\" \/>\n<meta property=\"og:site_name\" content=\"NaturC\u00e9sped\" \/>\n<meta property=\"article:modified_time\" content=\"2023-12-20T09:54:31+00:00\" \/>\n<meta name=\"twitter:card\" content=\"summary_large_image\" \/>\n<meta name=\"twitter:label1\" content=\"Tiempo de lectura\" \/>\n\t<meta name=\"twitter:data1\" content=\"3 minutos\" \/>\n<script type=\"application\/ld+json\" class=\"yoast-schema-graph\">{\"@context\":\"https:\/\/schema.org\",\"@graph\":[{\"@type\":\"WebPage\",\"@id\":\"https:\/\/naturcesped.com\/es\/comparar-cesped-artificial-vialblareix\/\",\"url\":\"https:\/\/naturcesped.com\/es\/comparar-cesped-artificial-vialblareix\/\",\"name\":\"Comparar c\u00e9sped artificial Vialblareix - NaturC\u00e9sped\",\"isPartOf\":{\"@id\":\"https:\/\/naturcesped.com\/es\/#website\"},\"datePublished\":\"2023-11-23T08:55:37+00:00\",\"dateModified\":\"2023-12-20T09:54:31+00:00\",\"breadcrumb\":{\"@id\":\"https:\/\/naturcesped.com\/es\/comparar-cesped-artificial-vialblareix\/#breadcrumb\"},\"inLanguage\":\"es\",\"potentialAction\":[{\"@type\":\"ReadAction\",\"target\":[\"https:\/\/naturcesped.com\/es\/comparar-cesped-artificial-vialblareix\/\"]}]},{\"@type\":\"BreadcrumbList\",\"@id\":\"https:\/\/naturcesped.com\/es\/comparar-cesped-artificial-vialblareix\/#breadcrumb\",\"itemListElement\":[{\"@type\":\"ListItem\",\"position\":1,\"name\":\"Portada\",\"item\":\"https:\/\/naturcesped.com\/es\/\"},{\"@type\":\"ListItem\",\"position\":2,\"name\":\"Comparar c\u00e9sped artificial Vialblareix\"}]},{\"@type\":\"WebSite\",\"@id\":\"https:\/\/naturcesped.com\/es\/#website\",\"url\":\"https:\/\/naturcesped.com\/es\/\",\"name\":\"NaturC\u00e9sped\",\"description\":\"C\u00e9sped artificial en Girona\",\"potentialAction\":[{\"@type\":\"SearchAction\",\"target\":{\"@type\":\"EntryPoint\",\"urlTemplate\":\"https:\/\/naturcesped.com\/es\/?s={search_term_string}\"},\"query-input\":{\"@type\":\"PropertyValueSpecification\",\"valueRequired\":true,\"valueName\":\"search_term_string\"}}],\"inLanguage\":\"es\"}]}<\/script>\n<!-- \/ Yoast SEO plugin. -->","yoast_head_json":{"title":"Comparar c\u00e9sped artificial Vialblareix - NaturC\u00e9sped","robots":{"index":"index","follow":"follow","max-snippet":"max-snippet:-1","max-image-preview":"max-image-preview:large","max-video-preview":"max-video-preview:-1"},"canonical":"https:\/\/naturcesped.com\/es\/comparar-cesped-artificial-vialblareix\/","og_locale":"es_ES","og_type":"article","og_title":"Comparar c\u00e9sped artificial Vialblareix - NaturC\u00e9sped","og_description":"[vc_row gap=\u00bb35&#8243;][vc_column width=\u00bb3\/5&#8243;][vc_single_image image=\u00bb965&#8243;][vc_column_text] Cuando se invent\u00f3 el c\u00e9sped artificial en la d\u00e9cada de 1960, solo exist\u00eda una oferta muy reducida. Desde entonces, han surgido cientos de tipos diferentes de c\u00e9sped artificial; de hecho, tantos que comprar c\u00e9sped artificial para su hogar o negocio en Vialblareix puede ser una tarea complicada. Con todos los diferentes estilos, calidades y precios, esRead more","og_url":"https:\/\/naturcesped.com\/es\/comparar-cesped-artificial-vialblareix\/","og_site_name":"NaturC\u00e9sped","article_modified_time":"2023-12-20T09:54:31+00:00","twitter_card":"summary_large_image","twitter_misc":{"Tiempo de lectura":"3 minutos"},"schema":{"@context":"https:\/\/schema.org","@graph":[{"@type":"WebPage","@id":"https:\/\/naturcesped.com\/es\/comparar-cesped-artificial-vialblareix\/","url":"https:\/\/naturcesped.com\/es\/comparar-cesped-artificial-vialblareix\/","name":"Comparar c\u00e9sped artificial Vialblareix - NaturC\u00e9sped","isPartOf":{"@id":"https:\/\/naturcesped.com\/es\/#website"},"datePublished":"2023-11-23T08:55:37+00:00","dateModified":"2023-12-20T09:54:31+00:00","breadcrumb":{"@id":"https:\/\/naturcesped.com\/es\/comparar-cesped-artificial-vialblareix\/#breadcrumb"},"inLanguage":"es","potentialAction":[{"@type":"ReadAction","target":["https:\/\/naturcesped.com\/es\/comparar-cesped-artificial-vialblareix\/"]}]},{"@type":"BreadcrumbList","@id":"https:\/\/naturcesped.com\/es\/comparar-cesped-artificial-vialblareix\/#breadcrumb","itemListElement":[{"@type":"ListItem","position":1,"name":"Portada","item":"https:\/\/naturcesped.com\/es\/"},{"@type":"ListItem","position":2,"name":"Comparar c\u00e9sped artificial Vialblareix"}]},{"@type":"WebSite","@id":"https:\/\/naturcesped.com\/es\/#website","url":"https:\/\/naturcesped.com\/es\/","name":"NaturC\u00e9sped","description":"C\u00e9sped artificial en Girona","potentialAction":[{"@type":"SearchAction","target":{"@type":"EntryPoint","urlTemplate":"https:\/\/naturcesped.com\/es\/?s={search_term_string}"},"query-input":{"@type":"PropertyValueSpecification","valueRequired":true,"valueName":"search_term_string"}}],"inLanguage":"es"}]}},"_links":{"self":[{"href":"https:\/\/naturcesped.com\/es\/wp-json\/wp\/v2\/pages\/1853","targetHints":{"allow":["GET"]}}],"collection":[{"href":"https:\/\/naturcesped.com\/es\/wp-json\/wp\/v2\/pages"}],"about":[{"href":"https:\/\/naturcesped.com\/es\/wp-json\/wp\/v2\/types\/page"}],"author":[{"embeddable":true,"href":"https:\/\/naturcesped.com\/es\/wp-json\/wp\/v2\/users\/1"}],"replies":[{"embeddable":true,"href":"https:\/\/naturcesped.com\/es\/wp-json\/wp\/v2\/comments?post=1853"}],"version-history":[{"count":0,"href":"https:\/\/naturcesped.com\/es\/wp-json\/wp\/v2\/pages\/1853\/revisions"}],"wp:attachment":[{"href":"https:\/\/naturcesped.com\/es\/wp-json\/wp\/v2\/media?parent=1853"}],"curies":[{"name":"wp","href":"https:\/\/api.w.org\/{rel}","templated":true}]}}