{"id":1851,"date":"2023-11-23T07:39:48","date_gmt":"2023-11-23T07:39:48","guid":{"rendered":"https:\/\/naturcesped.com\/?page_id=1851"},"modified":"2023-12-20T09:51:14","modified_gmt":"2023-12-20T09:51:14","slug":"comparar-cesped-artificial-girona","status":"publish","type":"page","link":"https:\/\/naturcesped.com\/es\/comparar-cesped-artificial-girona\/","title":{"rendered":"Comparar c\u00e9sped artificial Girona"},"content":{"rendered":"<div class=\"wpb-content-wrapper\"><p>[vc_row gap=\u00bb35&#8243;][vc_column width=\u00bb3\/5&#8243;][vc_single_image image=\u00bb965&#8243;][vc_column_text]<\/p>\n<p style=\"text-align: justify;\">La instalaci\u00f3n de c\u00e9sped artificial en su espacio en Girona es la opci\u00f3n ideal si espera que sus \u00e1reas al \u00e1rea libre se mantengan en el mejor estado durante todas las \u00e9pocas del a\u00f1o sin dedicar demasiado tiempo o dinero. Sin embargo, antes de realizar la instalaci\u00f3n del c\u00e9sped artificial, debe seleccionar el ideal. Por esto, puede encontrarse en la tarea de <strong>comparar c\u00e9sped artificial en Girona<\/strong>.<\/p>\n<p style=\"text-align: justify;\">Un proyecto de c\u00e9sped artificial exitoso no sucede por arte de magia. Requiere una inversi\u00f3n de tiempo, dinero e investigaci\u00f3n al principio, de mano de verdaderos expertos. Parte de esa investigaci\u00f3n es aprender a <strong>comparar c\u00e9sped artificial en Girona<\/strong> y seleccionar el adecuado para sus necesidades espec\u00edficas.<\/p>\n<p>[\/vc_column_text][vc_row_inner][vc_column_inner width=\u00bb1\/3&#8243;][\/vc_column_inner][vc_column_inner width=\u00bb1\/3&#8243;]<a\thref=\"https:\/\/naturcesped.com\/es\/contacto\/\" \n\t\t\t\tclass=\"button btn_large btn_theme_color btn_rounded btn_normal_style    \"  target='_self'><span>CONTACTA CON NOSOTROS<\/span><\/a>[\/vc_column_inner][vc_column_inner width=\u00bb1\/3&#8243;][\/vc_column_inner][\/vc_row_inner][vc_column_text]<\/p>\n<p style=\"text-align: justify;\">Al <strong>comparar c\u00e9sped artificial en Girona <\/strong>debe primero hacerse una pregunta importante: \u00bfPor qu\u00e9 necesito c\u00e9sped artificial? Al igual que un buen par de zapatos, no existe una soluci\u00f3n \u00fanica para el c\u00e9sped artificial. No usar\u00edas chanclas en una caminata nevada, \u00bfverdad? De manera similar, un c\u00e9sped artificial hecho para un \u00e1rea de juegos podr\u00eda no ser la mejor opci\u00f3n para su patio delantero o \u00e1rea para mascotas.<\/p>\n<p style=\"text-align: justify;\">T\u00f3mese unos minutos para considerar su prop\u00f3sito y necesidades. Al <strong>comparar c\u00e9sped artificial en Girona <\/strong>debe tener en cuenta en que zona se realizar\u00e1 la instalaci\u00f3n, cu\u00e1nto tr\u00e1fico peatonal se espera en el \u00e1rea, las actividades que se realizar\u00e1n en el c\u00e9sped, las condiciones clim\u00e1ticas, el tama\u00f1o del \u00e1rea que desea cubrir y su presupuesto.<\/p>\n<p style=\"text-align: justify;\">Conocer toda esta informaci\u00f3n le ayudar\u00e1 a considerar todos los escenarios de uso posibles, lo que nos lleva a determinar que modelo ser\u00e1 el ideal. Tenga en cuenta que confiar en verdaderos profesionales asegurar\u00e1 una mejor selecci\u00f3n e instalaci\u00f3n. La elecci\u00f3n de un c\u00e9sped que absorba los impactos para, por ejemplo, un parque infantil requiere ligeras variaciones en la construcci\u00f3n respecto de una superficie puramente decorativa. El peso, por ejemplo, ser\u00eda mayor para reducir la probabilidad de lesiones. Lo mismo ocurre con la altura y la suavidad: no querr\u00e1s que tus hijos tengan un viaje lleno de baches, \u00bfverdad? Conf\u00eda en los profesionales de Naturcesped quienes le ayudar\u00e1n a crear un espacio hermoso y seguro.<\/p>\n<p style=\"text-align: justify;\">Una vez que domines toda la informaci\u00f3n es hora de confiar en los expertos quienes lo ayudar\u00e1n a comparar y analizar diferentes ofertas de c\u00e9sped seg\u00fan el color de la paja, la forma de la hoja, la altura del pelo, la densidad, la capacidad de drenaje y las propiedades antimicrobianas que puedan tener.<\/p>\n<p style=\"text-align: justify;\">Conf\u00ede en nuestro equipo de profesionales que le ayudar\u00e1n a tomar la mejor decisi\u00f3n, adecuada a su presupuesto y que tendr\u00e1 una larga vida \u00fatil. Nuestros a\u00f1os en el sector certifican nuestra capacidad de crear proyectos que satisfacen a nuestros clientes. \u00a1Lo esperamos!<\/p>\n<p>[\/vc_column_text][\/vc_column][vc_column width=\u00bb2\/5&#8243;][vc_column_text]<\/p>\n<h3 style=\"text-align: center;\">Contacta con nosotros para m\u00e1s informaci\u00f3n<\/h3>\n<hr \/>\n<p>[\/vc_column_text]\n<div class=\"wpcf7 no-js\" id=\"wpcf7-f202-o1\" lang=\"es-ES\" dir=\"ltr\" data-wpcf7-id=\"202\">\n<div class=\"screen-reader-response\"><p role=\"status\" aria-live=\"polite\" aria-atomic=\"true\"><\/p> <ul><\/ul><\/div>\n<form action=\"\/es\/wp-json\/wp\/v2\/pages\/1851#wpcf7-f202-o1\" method=\"post\" class=\"wpcf7-form init\" aria-label=\"Formulario de contacto\" novalidate=\"novalidate\" data-status=\"init\">\n<fieldset class=\"hidden-fields-container\"><input type=\"hidden\" name=\"_wpcf7\" value=\"202\" \/><input type=\"hidden\" name=\"_wpcf7_version\" value=\"6.1.3\" \/><input type=\"hidden\" name=\"_wpcf7_locale\" value=\"es_ES\" \/><input type=\"hidden\" name=\"_wpcf7_unit_tag\" value=\"wpcf7-f202-o1\" \/><input type=\"hidden\" name=\"_wpcf7_container_post\" value=\"0\" \/><input type=\"hidden\" name=\"_wpcf7_posted_data_hash\" value=\"\" \/><input type=\"hidden\" name=\"_wpcf7_recaptcha_response\" value=\"\" \/>\n<\/fieldset>\n<p><label> Nombre y apellidos *<br \/>\n<span class=\"wpcf7-form-control-wrap\" data-name=\"your-name\"><input size=\"40\" maxlength=\"400\" class=\"wpcf7-form-control wpcf7-text wpcf7-validates-as-required\" aria-required=\"true\" aria-invalid=\"false\" value=\"\" type=\"text\" name=\"your-name\" \/><\/span> <\/label>\n<\/p>\n<p><label> Tel\u00e9fono *<br \/>\n<span class=\"wpcf7-form-control-wrap\" data-name=\"your-phone\"><input size=\"40\" maxlength=\"400\" class=\"wpcf7-form-control wpcf7-text wpcf7-validates-as-required\" aria-required=\"true\" aria-invalid=\"false\" value=\"\" type=\"text\" name=\"your-phone\" \/><\/span> <\/label>\n<\/p>\n<p><label> Correo electr\u00f3nico *<br \/>\n<span class=\"wpcf7-form-control-wrap\" data-name=\"your-email\"><input size=\"40\" maxlength=\"400\" class=\"wpcf7-form-control wpcf7-email wpcf7-validates-as-required wpcf7-text wpcf7-validates-as-email\" aria-required=\"true\" aria-invalid=\"false\" value=\"\" type=\"email\" name=\"your-email\" \/><\/span> <\/label>\n<\/p>\n<p><label> Municipio *<br \/>\n<span class=\"wpcf7-form-control-wrap\" data-name=\"your-town\"><input size=\"40\" maxlength=\"400\" class=\"wpcf7-form-control wpcf7-text wpcf7-validates-as-required\" aria-required=\"true\" aria-invalid=\"false\" value=\"\" type=\"text\" name=\"your-town\" \/><\/span> <\/label>\n<\/p>\n<p><label> Cantidad de m\u00b2<br \/>\n<span class=\"wpcf7-form-control-wrap\" data-name=\"your-meters\"><input size=\"40\" maxlength=\"400\" class=\"wpcf7-form-control wpcf7-text\" aria-invalid=\"false\" value=\"\" type=\"text\" name=\"your-meters\" \/><\/span> <\/label>\n<\/p>\n<p><label> Terreno actual *<br \/>\n<span class=\"wpcf7-form-control-wrap\" data-name=\"radio-509\"><span class=\"wpcf7-form-control wpcf7-radio\"><span class=\"wpcf7-list-item first\"><label><input type=\"radio\" name=\"radio-509\" value=\"Tierra\" checked=\"checked\" \/><span class=\"wpcf7-list-item-label\">Tierra<\/span><\/label><\/span><span class=\"wpcf7-list-item\"><label><input type=\"radio\" name=\"radio-509\" value=\"C\u00e9sped natural\" \/><span class=\"wpcf7-list-item-label\">C\u00e9sped natural<\/span><\/label><\/span><span class=\"wpcf7-list-item\"><label><input type=\"radio\" name=\"radio-509\" value=\"Pavimento\" \/><span class=\"wpcf7-list-item-label\">Pavimento<\/span><\/label><\/span><span class=\"wpcf7-list-item last\"><label><input type=\"radio\" name=\"radio-509\" value=\"C\u00e9sped artificial\" \/><span class=\"wpcf7-list-item-label\">C\u00e9sped artificial<\/span><\/label><\/span><\/span><\/span> <\/label>\n<\/p>\n<p><label> Mensaje *<br \/>\n<span class=\"wpcf7-form-control-wrap\" data-name=\"your-message\"><textarea cols=\"40\" rows=\"3\" maxlength=\"2000\" class=\"wpcf7-form-control wpcf7-textarea wpcf7-validates-as-required\" aria-required=\"true\" aria-invalid=\"false\" name=\"your-message\"><\/textarea><\/span> <\/label>\n<\/p>\n<p style=\"font-weight: lighter; font-size:12px;\">Informaci\u00f3n b\u00e1sica sobre el tratamiento de datos (Reglamento (UE) 2016\/679 y LO 3\/2018)<br \/>\nResponsable del tratamiento: Naturcesped C\u00e9sped Artificial, SL.\n<\/p>\n<p style=\"font-weight: lighter; font-size:12px;\">Finalidad: Ofrecer, prestar y facturar nuestros servicios y productos.\n<\/p>\n<p style=\"font-weight: lighter; font-size:12px;\">Legitimaci\u00f3n: Consentimiento del interesado.\n<\/p>\n<p style=\"font-weight: lighter; font-size:12px;\">Destinatarios: Los datos no se ceder\u00e1n a terceros, a menos que lo exija una ley o sea necesario para cumplir con la finalidad del tratamiento.\n<\/p>\n<p style=\"font-weight: lighter; font-size:12px;\">Derechos: Acceder, rectificar y suprimir datos, as\u00ed como el resto que se explican en la pol\u00edtica de protecci\u00f3n de datos.\n<\/p>\n<p style=\"font-weight: lighter; font-size:12px;\">M\u00e1s informaci\u00f3n en nuestra pol\u00edtica de protecci\u00f3n de datos.\n<\/p>\n<p><input class=\"wpcf7-form-control wpcf7-submit has-spinner\" type=\"submit\" value=\"Enviar\" \/>\n<\/p><div class=\"wpcf7-response-output\" aria-hidden=\"true\"><\/div>\n<\/form>\n<\/div>\n[\/vc_column][\/vc_row]<\/p>\n<\/div>","protected":false},"excerpt":{"rendered":"<p>[vc_row gap=\u00bb35&#8243;][vc_column width=\u00bb3\/5&#8243;][vc_single_image image=\u00bb965&#8243;][vc_column_text] La instalaci\u00f3n de c\u00e9sped artificial en su espacio en Girona es la opci\u00f3n ideal si espera que sus \u00e1reas al \u00e1rea libre se mantengan en el mejor estado durante todas las \u00e9pocas del a\u00f1o sin dedicar demasiado tiempo o dinero. Sin embargo, antes de realizar la instalaci\u00f3n del c\u00e9sped artificial, debe seleccionar el ideal. Por esto,<\/p>\n<div class=\"h10\"><\/div>\n<p><a class=\"more-link1\" href=\"https:\/\/naturcesped.com\/es\/comparar-cesped-artificial-girona\/\">Read more<\/a><\/p>\n","protected":false},"author":1,"featured_media":0,"parent":0,"menu_order":0,"comment_status":"closed","ping_status":"closed","template":"","meta":{"footnotes":""},"class_list":["post-1851","page","type-page","status-publish","hentry"],"yoast_head":"<!-- This site is optimized with the Yoast SEO plugin v26.3 - https:\/\/yoast.com\/wordpress\/plugins\/seo\/ -->\n<title>Comparar c\u00e9sped artificial Girona - NaturC\u00e9sped<\/title>\n<meta name=\"robots\" content=\"index, follow, max-snippet:-1, max-image-preview:large, max-video-preview:-1\" \/>\n<link rel=\"canonical\" href=\"https:\/\/naturcesped.com\/es\/comparar-cesped-artificial-girona\/\" \/>\n<meta property=\"og:locale\" content=\"es_ES\" \/>\n<meta property=\"og:type\" content=\"article\" \/>\n<meta property=\"og:title\" content=\"Comparar c\u00e9sped artificial Girona - NaturC\u00e9sped\" \/>\n<meta property=\"og:description\" content=\"[vc_row gap=\u00bb35&#8243;][vc_column width=\u00bb3\/5&#8243;][vc_single_image image=\u00bb965&#8243;][vc_column_text] La instalaci\u00f3n de c\u00e9sped artificial en su espacio en Girona es la opci\u00f3n ideal si espera que sus \u00e1reas al \u00e1rea libre se mantengan en el mejor estado durante todas las \u00e9pocas del a\u00f1o sin dedicar demasiado tiempo o dinero. Sin embargo, antes de realizar la instalaci\u00f3n del c\u00e9sped artificial, debe seleccionar el ideal. Por esto,Read more\" \/>\n<meta property=\"og:url\" content=\"https:\/\/naturcesped.com\/es\/comparar-cesped-artificial-girona\/\" \/>\n<meta property=\"og:site_name\" content=\"NaturC\u00e9sped\" \/>\n<meta property=\"article:modified_time\" content=\"2023-12-20T09:51:14+00:00\" \/>\n<meta name=\"twitter:card\" content=\"summary_large_image\" \/>\n<meta name=\"twitter:label1\" content=\"Tiempo de lectura\" \/>\n\t<meta name=\"twitter:data1\" content=\"3 minutos\" \/>\n<script type=\"application\/ld+json\" class=\"yoast-schema-graph\">{\"@context\":\"https:\/\/schema.org\",\"@graph\":[{\"@type\":\"WebPage\",\"@id\":\"https:\/\/naturcesped.com\/es\/comparar-cesped-artificial-girona\/\",\"url\":\"https:\/\/naturcesped.com\/es\/comparar-cesped-artificial-girona\/\",\"name\":\"Comparar c\u00e9sped artificial Girona - NaturC\u00e9sped\",\"isPartOf\":{\"@id\":\"https:\/\/naturcesped.com\/es\/#website\"},\"datePublished\":\"2023-11-23T07:39:48+00:00\",\"dateModified\":\"2023-12-20T09:51:14+00:00\",\"breadcrumb\":{\"@id\":\"https:\/\/naturcesped.com\/es\/comparar-cesped-artificial-girona\/#breadcrumb\"},\"inLanguage\":\"es\",\"potentialAction\":[{\"@type\":\"ReadAction\",\"target\":[\"https:\/\/naturcesped.com\/es\/comparar-cesped-artificial-girona\/\"]}]},{\"@type\":\"BreadcrumbList\",\"@id\":\"https:\/\/naturcesped.com\/es\/comparar-cesped-artificial-girona\/#breadcrumb\",\"itemListElement\":[{\"@type\":\"ListItem\",\"position\":1,\"name\":\"Portada\",\"item\":\"https:\/\/naturcesped.com\/es\/\"},{\"@type\":\"ListItem\",\"position\":2,\"name\":\"Comparar c\u00e9sped artificial Girona\"}]},{\"@type\":\"WebSite\",\"@id\":\"https:\/\/naturcesped.com\/es\/#website\",\"url\":\"https:\/\/naturcesped.com\/es\/\",\"name\":\"NaturC\u00e9sped\",\"description\":\"C\u00e9sped artificial en Girona\",\"potentialAction\":[{\"@type\":\"SearchAction\",\"target\":{\"@type\":\"EntryPoint\",\"urlTemplate\":\"https:\/\/naturcesped.com\/es\/?s={search_term_string}\"},\"query-input\":{\"@type\":\"PropertyValueSpecification\",\"valueRequired\":true,\"valueName\":\"search_term_string\"}}],\"inLanguage\":\"es\"}]}<\/script>\n<!-- \/ Yoast SEO plugin. -->","yoast_head_json":{"title":"Comparar c\u00e9sped artificial Girona - NaturC\u00e9sped","robots":{"index":"index","follow":"follow","max-snippet":"max-snippet:-1","max-image-preview":"max-image-preview:large","max-video-preview":"max-video-preview:-1"},"canonical":"https:\/\/naturcesped.com\/es\/comparar-cesped-artificial-girona\/","og_locale":"es_ES","og_type":"article","og_title":"Comparar c\u00e9sped artificial Girona - NaturC\u00e9sped","og_description":"[vc_row gap=\u00bb35&#8243;][vc_column width=\u00bb3\/5&#8243;][vc_single_image image=\u00bb965&#8243;][vc_column_text] La instalaci\u00f3n de c\u00e9sped artificial en su espacio en Girona es la opci\u00f3n ideal si espera que sus \u00e1reas al \u00e1rea libre se mantengan en el mejor estado durante todas las \u00e9pocas del a\u00f1o sin dedicar demasiado tiempo o dinero. Sin embargo, antes de realizar la instalaci\u00f3n del c\u00e9sped artificial, debe seleccionar el ideal. Por esto,Read more","og_url":"https:\/\/naturcesped.com\/es\/comparar-cesped-artificial-girona\/","og_site_name":"NaturC\u00e9sped","article_modified_time":"2023-12-20T09:51:14+00:00","twitter_card":"summary_large_image","twitter_misc":{"Tiempo de lectura":"3 minutos"},"schema":{"@context":"https:\/\/schema.org","@graph":[{"@type":"WebPage","@id":"https:\/\/naturcesped.com\/es\/comparar-cesped-artificial-girona\/","url":"https:\/\/naturcesped.com\/es\/comparar-cesped-artificial-girona\/","name":"Comparar c\u00e9sped artificial Girona - NaturC\u00e9sped","isPartOf":{"@id":"https:\/\/naturcesped.com\/es\/#website"},"datePublished":"2023-11-23T07:39:48+00:00","dateModified":"2023-12-20T09:51:14+00:00","breadcrumb":{"@id":"https:\/\/naturcesped.com\/es\/comparar-cesped-artificial-girona\/#breadcrumb"},"inLanguage":"es","potentialAction":[{"@type":"ReadAction","target":["https:\/\/naturcesped.com\/es\/comparar-cesped-artificial-girona\/"]}]},{"@type":"BreadcrumbList","@id":"https:\/\/naturcesped.com\/es\/comparar-cesped-artificial-girona\/#breadcrumb","itemListElement":[{"@type":"ListItem","position":1,"name":"Portada","item":"https:\/\/naturcesped.com\/es\/"},{"@type":"ListItem","position":2,"name":"Comparar c\u00e9sped artificial Girona"}]},{"@type":"WebSite","@id":"https:\/\/naturcesped.com\/es\/#website","url":"https:\/\/naturcesped.com\/es\/","name":"NaturC\u00e9sped","description":"C\u00e9sped artificial en Girona","potentialAction":[{"@type":"SearchAction","target":{"@type":"EntryPoint","urlTemplate":"https:\/\/naturcesped.com\/es\/?s={search_term_string}"},"query-input":{"@type":"PropertyValueSpecification","valueRequired":true,"valueName":"search_term_string"}}],"inLanguage":"es"}]}},"_links":{"self":[{"href":"https:\/\/naturcesped.com\/es\/wp-json\/wp\/v2\/pages\/1851","targetHints":{"allow":["GET"]}}],"collection":[{"href":"https:\/\/naturcesped.com\/es\/wp-json\/wp\/v2\/pages"}],"about":[{"href":"https:\/\/naturcesped.com\/es\/wp-json\/wp\/v2\/types\/page"}],"author":[{"embeddable":true,"href":"https:\/\/naturcesped.com\/es\/wp-json\/wp\/v2\/users\/1"}],"replies":[{"embeddable":true,"href":"https:\/\/naturcesped.com\/es\/wp-json\/wp\/v2\/comments?post=1851"}],"version-history":[{"count":0,"href":"https:\/\/naturcesped.com\/es\/wp-json\/wp\/v2\/pages\/1851\/revisions"}],"wp:attachment":[{"href":"https:\/\/naturcesped.com\/es\/wp-json\/wp\/v2\/media?parent=1851"}],"curies":[{"name":"wp","href":"https:\/\/api.w.org\/{rel}","templated":true}]}}