{"id":1841,"date":"2023-11-09T10:03:10","date_gmt":"2023-11-09T10:03:10","guid":{"rendered":"https:\/\/naturcesped.com\/?page_id=1841"},"modified":"2023-12-20T09:57:51","modified_gmt":"2023-12-20T09:57:51","slug":"comprar-cesped-artificial","status":"publish","type":"page","link":"https:\/\/naturcesped.com\/es\/comprar-cesped-artificial\/","title":{"rendered":"Comprar c\u00e9sped artificial"},"content":{"rendered":"<div class=\"wpb-content-wrapper\"><p>[vc_row gap=\u00bb35&#8243;][vc_column width=\u00bb3\/5&#8243;][vc_single_image image=\u00bb965&#8243;][vc_column_text]<\/p>\n<p style=\"text-align: justify;\">Los jardines dan un toque embellecedor a una propiedad en Vilablareix. Ya sea una zona residencial o un complejo comercial, los paisajes siempre han sido el centro de atracci\u00f3n. Un adecuado dise\u00f1o paisaj\u00edstico ha ganado importancia en los \u00faltimos a\u00f1os.<\/p>\n<p style=\"text-align: justify;\">Los jardines son esenciales para el medio ambiente, ya que utilizan menos recursos, respaldan el ciclo de vida, florecen la flora y la fauna y ofrecen resultados de inversi\u00f3n a largo plazo. Con la poblaci\u00f3n mundial multiplic\u00e1ndose a un ritmo constante y nuestros recursos tambi\u00e9n agot\u00e1ndose al mismo tiempo, agregar un jard\u00edn bien pensado es una contribuci\u00f3n muy importante a la Madre Naturaleza y a este planeta, adem\u00e1s de brindar un hermoso espacio para disfrutar. De aqu\u00ed la importancia del <strong>dise\u00f1o de jardines en Vilablareix. <\/strong><\/p>\n<p>[\/vc_column_text][vc_row_inner][vc_column_inner width=\u00bb1\/3&#8243;][\/vc_column_inner][vc_column_inner width=\u00bb1\/3&#8243;]<a\thref=\"https:\/\/naturcesped.com\/es\/contacto\/\" \n\t\t\t\tclass=\"button btn_large btn_theme_color btn_rounded btn_normal_style    \"  target='_self'><span>CONTACTA CON NOSOTROS<\/span><\/a>[\/vc_column_inner][vc_column_inner width=\u00bb1\/3&#8243;][\/vc_column_inner][\/vc_row_inner][vc_column_text]<\/p>\n<p style=\"text-align: justify;\">La ventaja m\u00e1s importante del <strong>dise\u00f1o de jardines en Vilablareix<\/strong> es la preservaci\u00f3n de la naturaleza. La arquitectura urbana est\u00e1 llena de tarimas de madera y suelos de hormig\u00f3n. La gente ha empezado a reconocer la importancia de las plantas y los \u00e1rboles en sus vidas. El <strong>dise\u00f1o de jardines en Vilablareix<\/strong> ofrece soluciones a diversos problemas ambientales y protege los recursos naturales y la ecolog\u00eda.<\/p>\n<p style=\"text-align: justify;\">El <strong>dise\u00f1o de jardines en Vilablareix<\/strong> ayuda a reducir los contaminantes en el medio ambiente. El <strong>dise\u00f1o de jardines en Vilablareix<\/strong> ayuda a la purificaci\u00f3n del aire en las zonas cercanas. Ayudan a purificar la calidad del aire tanto exterior como interior.<\/p>\n<p style=\"text-align: justify;\">Las plantas son una parte vital de nuestro ciclo de vida biol\u00f3gico. El <strong>dise\u00f1o de jardines en Vilablareix<\/strong> permite que diferentes especies de plantas florezcan en su h\u00e1bitat natural, libres de plagas. Se les proporciona una cantidad adecuada de agua, buena calidad de suelo y luz solar para crecer y nutrirse. Tambi\u00e9n ayuda a proteger especies de plantas en peligro de extinci\u00f3n que tienen propiedades medicinales.<\/p>\n<p style=\"text-align: justify;\">Encontramos consuelo en la sombra de un \u00e1rbol durante los veranos abrasadores. Esto muestra la importancia de las plantas y los \u00e1rboles en nuestras vidas. El <strong>dise\u00f1o de jardines en Vilablareix<\/strong> ofrece el concepto espacios que permiten a las personas relajarse de su agitado estilo de vida urbano. Esta es, nuevamente, una excelente idea para promover la vegetaci\u00f3n en las ciudades concretas.<\/p>\n<p style=\"text-align: justify;\">A esto se suma que el <strong>dise\u00f1o de jardines en Vilablareix<\/strong> ayuda a crear un excelente espacio de recreaci\u00f3n al aire libre. Esto impulsar\u00e1 el bienestar f\u00edsico. Los ni\u00f1os pueden disfrutar jugando y aprender sobre la conservaci\u00f3n del medio ambiente.<\/p>\n<p style=\"text-align: justify;\">Sentarse durante alg\u00fan tiempo en la naturaleza puede tener un impacto positivo en una persona y su estado de \u00e1nimo. Este ejercicio mejora la productividad de los trabajadores al aumentar sus niveles de confianza y concentraci\u00f3n. En otras palabras, m\u00e1s espacios verdes indican una mejor salud psicol\u00f3gica.<\/p>\n<p style=\"text-align: justify;\">Consulte con nosotros para el <strong>dise\u00f1o de jardines en Vilablareix. <\/strong>Somos los mejores del sector por nuestra amplia experiencia y cuidado al detalle.<\/p>\n<p>[\/vc_column_text][\/vc_column][vc_column width=\u00bb2\/5&#8243;][vc_column_text]<\/p>\n<h3 style=\"text-align: center;\">Contacta con nosotros para m\u00e1s informaci\u00f3n<\/h3>\n<hr \/>\n<p>[\/vc_column_text]\n<div class=\"wpcf7 no-js\" id=\"wpcf7-f202-o1\" lang=\"es-ES\" dir=\"ltr\" data-wpcf7-id=\"202\">\n<div class=\"screen-reader-response\"><p role=\"status\" aria-live=\"polite\" aria-atomic=\"true\"><\/p> <ul><\/ul><\/div>\n<form action=\"\/es\/wp-json\/wp\/v2\/pages\/1841#wpcf7-f202-o1\" method=\"post\" class=\"wpcf7-form init\" aria-label=\"Formulario de contacto\" novalidate=\"novalidate\" data-status=\"init\">\n<fieldset class=\"hidden-fields-container\"><input type=\"hidden\" name=\"_wpcf7\" value=\"202\" \/><input type=\"hidden\" name=\"_wpcf7_version\" value=\"6.1.3\" \/><input type=\"hidden\" name=\"_wpcf7_locale\" value=\"es_ES\" \/><input type=\"hidden\" name=\"_wpcf7_unit_tag\" value=\"wpcf7-f202-o1\" \/><input type=\"hidden\" name=\"_wpcf7_container_post\" value=\"0\" \/><input type=\"hidden\" name=\"_wpcf7_posted_data_hash\" value=\"\" \/><input type=\"hidden\" name=\"_wpcf7_recaptcha_response\" value=\"\" \/>\n<\/fieldset>\n<p><label> Nombre y apellidos *<br \/>\n<span class=\"wpcf7-form-control-wrap\" data-name=\"your-name\"><input size=\"40\" maxlength=\"400\" class=\"wpcf7-form-control wpcf7-text wpcf7-validates-as-required\" aria-required=\"true\" aria-invalid=\"false\" value=\"\" type=\"text\" name=\"your-name\" \/><\/span> <\/label>\n<\/p>\n<p><label> Tel\u00e9fono *<br \/>\n<span class=\"wpcf7-form-control-wrap\" data-name=\"your-phone\"><input size=\"40\" maxlength=\"400\" class=\"wpcf7-form-control wpcf7-text wpcf7-validates-as-required\" aria-required=\"true\" aria-invalid=\"false\" value=\"\" type=\"text\" name=\"your-phone\" \/><\/span> <\/label>\n<\/p>\n<p><label> Correo electr\u00f3nico *<br \/>\n<span class=\"wpcf7-form-control-wrap\" data-name=\"your-email\"><input size=\"40\" maxlength=\"400\" class=\"wpcf7-form-control wpcf7-email wpcf7-validates-as-required wpcf7-text wpcf7-validates-as-email\" aria-required=\"true\" aria-invalid=\"false\" value=\"\" type=\"email\" name=\"your-email\" \/><\/span> <\/label>\n<\/p>\n<p><label> Municipio *<br \/>\n<span class=\"wpcf7-form-control-wrap\" data-name=\"your-town\"><input size=\"40\" maxlength=\"400\" class=\"wpcf7-form-control wpcf7-text wpcf7-validates-as-required\" aria-required=\"true\" aria-invalid=\"false\" value=\"\" type=\"text\" name=\"your-town\" \/><\/span> <\/label>\n<\/p>\n<p><label> Cantidad de m\u00b2<br \/>\n<span class=\"wpcf7-form-control-wrap\" data-name=\"your-meters\"><input size=\"40\" maxlength=\"400\" class=\"wpcf7-form-control wpcf7-text\" aria-invalid=\"false\" value=\"\" type=\"text\" name=\"your-meters\" \/><\/span> <\/label>\n<\/p>\n<p><label> Terreno actual *<br \/>\n<span class=\"wpcf7-form-control-wrap\" data-name=\"radio-509\"><span class=\"wpcf7-form-control wpcf7-radio\"><span class=\"wpcf7-list-item first\"><label><input type=\"radio\" name=\"radio-509\" value=\"Tierra\" checked=\"checked\" \/><span class=\"wpcf7-list-item-label\">Tierra<\/span><\/label><\/span><span class=\"wpcf7-list-item\"><label><input type=\"radio\" name=\"radio-509\" value=\"C\u00e9sped natural\" \/><span class=\"wpcf7-list-item-label\">C\u00e9sped natural<\/span><\/label><\/span><span class=\"wpcf7-list-item\"><label><input type=\"radio\" name=\"radio-509\" value=\"Pavimento\" \/><span class=\"wpcf7-list-item-label\">Pavimento<\/span><\/label><\/span><span class=\"wpcf7-list-item last\"><label><input type=\"radio\" name=\"radio-509\" value=\"C\u00e9sped artificial\" \/><span class=\"wpcf7-list-item-label\">C\u00e9sped artificial<\/span><\/label><\/span><\/span><\/span> <\/label>\n<\/p>\n<p><label> Mensaje *<br \/>\n<span class=\"wpcf7-form-control-wrap\" data-name=\"your-message\"><textarea cols=\"40\" rows=\"3\" maxlength=\"2000\" class=\"wpcf7-form-control wpcf7-textarea wpcf7-validates-as-required\" aria-required=\"true\" aria-invalid=\"false\" name=\"your-message\"><\/textarea><\/span> <\/label>\n<\/p>\n<p style=\"font-weight: lighter; font-size:12px;\">Informaci\u00f3n b\u00e1sica sobre el tratamiento de datos (Reglamento (UE) 2016\/679 y LO 3\/2018)<br \/>\nResponsable del tratamiento: Naturcesped C\u00e9sped Artificial, SL.\n<\/p>\n<p style=\"font-weight: lighter; font-size:12px;\">Finalidad: Ofrecer, prestar y facturar nuestros servicios y productos.\n<\/p>\n<p style=\"font-weight: lighter; font-size:12px;\">Legitimaci\u00f3n: Consentimiento del interesado.\n<\/p>\n<p style=\"font-weight: lighter; font-size:12px;\">Destinatarios: Los datos no se ceder\u00e1n a terceros, a menos que lo exija una ley o sea necesario para cumplir con la finalidad del tratamiento.\n<\/p>\n<p style=\"font-weight: lighter; font-size:12px;\">Derechos: Acceder, rectificar y suprimir datos, as\u00ed como el resto que se explican en la pol\u00edtica de protecci\u00f3n de datos.\n<\/p>\n<p style=\"font-weight: lighter; font-size:12px;\">M\u00e1s informaci\u00f3n en nuestra pol\u00edtica de protecci\u00f3n de datos.\n<\/p>\n<p><input class=\"wpcf7-form-control wpcf7-submit has-spinner\" type=\"submit\" value=\"Enviar\" \/>\n<\/p><div class=\"wpcf7-response-output\" aria-hidden=\"true\"><\/div>\n<\/form>\n<\/div>\n[\/vc_column][\/vc_row]<\/p>\n<\/div>","protected":false},"excerpt":{"rendered":"<p>[vc_row gap=\u00bb35&#8243;][vc_column width=\u00bb3\/5&#8243;][vc_single_image image=\u00bb965&#8243;][vc_column_text] Los jardines dan un toque embellecedor a una propiedad en Vilablareix. Ya sea una zona residencial o un complejo comercial, los paisajes siempre han sido el centro de atracci\u00f3n. Un adecuado dise\u00f1o paisaj\u00edstico ha ganado importancia en los \u00faltimos a\u00f1os. Los jardines son esenciales para el medio ambiente, ya que utilizan menos recursos, respaldan el ciclo<\/p>\n<div class=\"h10\"><\/div>\n<p><a class=\"more-link1\" href=\"https:\/\/naturcesped.com\/es\/comprar-cesped-artificial\/\">Read more<\/a><\/p>\n","protected":false},"author":1,"featured_media":0,"parent":0,"menu_order":0,"comment_status":"closed","ping_status":"closed","template":"","meta":{"footnotes":""},"class_list":["post-1841","page","type-page","status-publish","hentry"],"yoast_head":"<!-- This site is optimized with the Yoast SEO plugin v26.3 - https:\/\/yoast.com\/wordpress\/plugins\/seo\/ -->\n<title>Comprar c\u00e9sped artificial - NaturC\u00e9sped<\/title>\n<meta name=\"robots\" content=\"index, follow, max-snippet:-1, max-image-preview:large, max-video-preview:-1\" \/>\n<link rel=\"canonical\" href=\"https:\/\/naturcesped.com\/es\/comprar-cesped-artificial\/\" \/>\n<meta property=\"og:locale\" content=\"es_ES\" \/>\n<meta property=\"og:type\" content=\"article\" \/>\n<meta property=\"og:title\" content=\"Comprar c\u00e9sped artificial - NaturC\u00e9sped\" \/>\n<meta property=\"og:description\" content=\"[vc_row gap=\u00bb35&#8243;][vc_column width=\u00bb3\/5&#8243;][vc_single_image image=\u00bb965&#8243;][vc_column_text] Los jardines dan un toque embellecedor a una propiedad en Vilablareix. Ya sea una zona residencial o un complejo comercial, los paisajes siempre han sido el centro de atracci\u00f3n. Un adecuado dise\u00f1o paisaj\u00edstico ha ganado importancia en los \u00faltimos a\u00f1os. Los jardines son esenciales para el medio ambiente, ya que utilizan menos recursos, respaldan el cicloRead more\" \/>\n<meta property=\"og:url\" content=\"https:\/\/naturcesped.com\/es\/comprar-cesped-artificial\/\" \/>\n<meta property=\"og:site_name\" content=\"NaturC\u00e9sped\" \/>\n<meta property=\"article:modified_time\" content=\"2023-12-20T09:57:51+00:00\" \/>\n<meta name=\"twitter:card\" content=\"summary_large_image\" \/>\n<meta name=\"twitter:label1\" content=\"Tiempo de lectura\" \/>\n\t<meta name=\"twitter:data1\" content=\"3 minutos\" \/>\n<script type=\"application\/ld+json\" class=\"yoast-schema-graph\">{\"@context\":\"https:\/\/schema.org\",\"@graph\":[{\"@type\":\"WebPage\",\"@id\":\"https:\/\/naturcesped.com\/es\/comprar-cesped-artificial\/\",\"url\":\"https:\/\/naturcesped.com\/es\/comprar-cesped-artificial\/\",\"name\":\"Comprar c\u00e9sped artificial - NaturC\u00e9sped\",\"isPartOf\":{\"@id\":\"https:\/\/naturcesped.com\/es\/#website\"},\"datePublished\":\"2023-11-09T10:03:10+00:00\",\"dateModified\":\"2023-12-20T09:57:51+00:00\",\"breadcrumb\":{\"@id\":\"https:\/\/naturcesped.com\/es\/comprar-cesped-artificial\/#breadcrumb\"},\"inLanguage\":\"es\",\"potentialAction\":[{\"@type\":\"ReadAction\",\"target\":[\"https:\/\/naturcesped.com\/es\/comprar-cesped-artificial\/\"]}]},{\"@type\":\"BreadcrumbList\",\"@id\":\"https:\/\/naturcesped.com\/es\/comprar-cesped-artificial\/#breadcrumb\",\"itemListElement\":[{\"@type\":\"ListItem\",\"position\":1,\"name\":\"Portada\",\"item\":\"https:\/\/naturcesped.com\/es\/\"},{\"@type\":\"ListItem\",\"position\":2,\"name\":\"Comprar c\u00e9sped artificial\"}]},{\"@type\":\"WebSite\",\"@id\":\"https:\/\/naturcesped.com\/es\/#website\",\"url\":\"https:\/\/naturcesped.com\/es\/\",\"name\":\"NaturC\u00e9sped\",\"description\":\"C\u00e9sped artificial en Girona\",\"potentialAction\":[{\"@type\":\"SearchAction\",\"target\":{\"@type\":\"EntryPoint\",\"urlTemplate\":\"https:\/\/naturcesped.com\/es\/?s={search_term_string}\"},\"query-input\":{\"@type\":\"PropertyValueSpecification\",\"valueRequired\":true,\"valueName\":\"search_term_string\"}}],\"inLanguage\":\"es\"}]}<\/script>\n<!-- \/ Yoast SEO plugin. -->","yoast_head_json":{"title":"Comprar c\u00e9sped artificial - NaturC\u00e9sped","robots":{"index":"index","follow":"follow","max-snippet":"max-snippet:-1","max-image-preview":"max-image-preview:large","max-video-preview":"max-video-preview:-1"},"canonical":"https:\/\/naturcesped.com\/es\/comprar-cesped-artificial\/","og_locale":"es_ES","og_type":"article","og_title":"Comprar c\u00e9sped artificial - NaturC\u00e9sped","og_description":"[vc_row gap=\u00bb35&#8243;][vc_column width=\u00bb3\/5&#8243;][vc_single_image image=\u00bb965&#8243;][vc_column_text] Los jardines dan un toque embellecedor a una propiedad en Vilablareix. Ya sea una zona residencial o un complejo comercial, los paisajes siempre han sido el centro de atracci\u00f3n. Un adecuado dise\u00f1o paisaj\u00edstico ha ganado importancia en los \u00faltimos a\u00f1os. Los jardines son esenciales para el medio ambiente, ya que utilizan menos recursos, respaldan el cicloRead more","og_url":"https:\/\/naturcesped.com\/es\/comprar-cesped-artificial\/","og_site_name":"NaturC\u00e9sped","article_modified_time":"2023-12-20T09:57:51+00:00","twitter_card":"summary_large_image","twitter_misc":{"Tiempo de lectura":"3 minutos"},"schema":{"@context":"https:\/\/schema.org","@graph":[{"@type":"WebPage","@id":"https:\/\/naturcesped.com\/es\/comprar-cesped-artificial\/","url":"https:\/\/naturcesped.com\/es\/comprar-cesped-artificial\/","name":"Comprar c\u00e9sped artificial - NaturC\u00e9sped","isPartOf":{"@id":"https:\/\/naturcesped.com\/es\/#website"},"datePublished":"2023-11-09T10:03:10+00:00","dateModified":"2023-12-20T09:57:51+00:00","breadcrumb":{"@id":"https:\/\/naturcesped.com\/es\/comprar-cesped-artificial\/#breadcrumb"},"inLanguage":"es","potentialAction":[{"@type":"ReadAction","target":["https:\/\/naturcesped.com\/es\/comprar-cesped-artificial\/"]}]},{"@type":"BreadcrumbList","@id":"https:\/\/naturcesped.com\/es\/comprar-cesped-artificial\/#breadcrumb","itemListElement":[{"@type":"ListItem","position":1,"name":"Portada","item":"https:\/\/naturcesped.com\/es\/"},{"@type":"ListItem","position":2,"name":"Comprar c\u00e9sped artificial"}]},{"@type":"WebSite","@id":"https:\/\/naturcesped.com\/es\/#website","url":"https:\/\/naturcesped.com\/es\/","name":"NaturC\u00e9sped","description":"C\u00e9sped artificial en Girona","potentialAction":[{"@type":"SearchAction","target":{"@type":"EntryPoint","urlTemplate":"https:\/\/naturcesped.com\/es\/?s={search_term_string}"},"query-input":{"@type":"PropertyValueSpecification","valueRequired":true,"valueName":"search_term_string"}}],"inLanguage":"es"}]}},"_links":{"self":[{"href":"https:\/\/naturcesped.com\/es\/wp-json\/wp\/v2\/pages\/1841","targetHints":{"allow":["GET"]}}],"collection":[{"href":"https:\/\/naturcesped.com\/es\/wp-json\/wp\/v2\/pages"}],"about":[{"href":"https:\/\/naturcesped.com\/es\/wp-json\/wp\/v2\/types\/page"}],"author":[{"embeddable":true,"href":"https:\/\/naturcesped.com\/es\/wp-json\/wp\/v2\/users\/1"}],"replies":[{"embeddable":true,"href":"https:\/\/naturcesped.com\/es\/wp-json\/wp\/v2\/comments?post=1841"}],"version-history":[{"count":0,"href":"https:\/\/naturcesped.com\/es\/wp-json\/wp\/v2\/pages\/1841\/revisions"}],"wp:attachment":[{"href":"https:\/\/naturcesped.com\/es\/wp-json\/wp\/v2\/media?parent=1841"}],"curies":[{"name":"wp","href":"https:\/\/api.w.org\/{rel}","templated":true}]}}