{"id":1820,"date":"2023-11-07T08:13:52","date_gmt":"2023-11-07T08:13:52","guid":{"rendered":"https:\/\/naturcesped.com\/?page_id=1820"},"modified":"2023-12-20T11:40:33","modified_gmt":"2023-12-20T11:40:33","slug":"diseno-jardines-masnou","status":"publish","type":"page","link":"https:\/\/naturcesped.com\/es\/diseno-jardines-masnou\/","title":{"rendered":"Dise\u00f1o jardines Masnou"},"content":{"rendered":"<div class=\"wpb-content-wrapper\"><p>[vc_row gap=\u00bb35&#8243;][vc_column width=\u00bb3\/5&#8243;][vc_single_image image=\u00bb965&#8243;][vc_column_text]<\/p>\n<p style=\"text-align: justify;\">Su propiedad fuera de las paredes de su casa en Masnou son tan parte de su hogar como la estructura misma, por lo que tiene sentido tratarla con tanto respeto como el interior. El jard\u00edn realmente podr\u00eda ser un espacio habitable pensado espec\u00edficamente que se integre directamente con el resto de la casa. Es por esto que es necesario contar con profesionales para el <strong>dise\u00f1o de jardines en Masnou. <\/strong><\/p>\n<p style=\"text-align: justify;\">Como m\u00ednimo, es probable que puedas ver el paisaje desde el interior a trav\u00e9s de las ventanas. Tambi\u00e9n lo notar\u00e1s cuando salgas y regreses a casa. Mejorar estas vistas le har\u00e1 sentirse mejor con el entorno de su hogar. No son menos importantes que la decoraci\u00f3n y el mobiliario del interior. Tambi\u00e9n querr\u00e1s un motivo para salir a la calle y aprovechar un buen d\u00eda. No ser\u00e1 tan probable que lo atraigan afuera si no hay un lugar obvio y atractivo para sentarse. El <strong>dise\u00f1o de jardines en Masnou<\/strong> te ayudar\u00e1 a construir un paisaje agradable a la vista y en el que estar y disfrutar con sus seres queridos.<\/p>\n<p>[\/vc_column_text][vc_row_inner][vc_column_inner width=\u00bb1\/3&#8243;][\/vc_column_inner][vc_column_inner width=\u00bb1\/3&#8243;]<a\thref=\"https:\/\/naturcesped.com\/es\/contacto\/\" \n\t\t\t\tclass=\"button btn_large btn_theme_color btn_rounded btn_normal_style    \"  target='_self'><span>CONTACTA CON NOSOTROS<\/span><\/a>[\/vc_column_inner][vc_column_inner width=\u00bb1\/3&#8243;][\/vc_column_inner][\/vc_row_inner][vc_column_text]<\/p>\n<p style=\"text-align: justify;\">Adem\u00e1s de verse bonito, su jard\u00edn debe tener un prop\u00f3sito e integrarse con el resto de la casa. Tambi\u00e9n necesitar\u00e1 rutas de acceso convenientes. Si las cosas simplemente se \u201cdejan caer\u201d en el jard\u00edn sin una ubicaci\u00f3n cuidadosa, terminar\u00e1 con espacio desperdiciado e ineficiencias que pueden hacerle perder el tiempo.<\/p>\n<p style=\"text-align: justify;\">El <strong>dise\u00f1o de jardines en Masnou<\/strong> le permitir\u00e1 la creaci\u00f3n de diferentes zonas que pueden satisfacer espec\u00edficamente sus diferentes necesidades. Un estimulante espacio ajardinado para el juego de los ni\u00f1os, una zona productiva bien organizada para el cultivo de hortalizas o un lugar c\u00f3modo para leer pueden ser espacios ajardinados bien diferenciados.<\/p>\n<p style=\"text-align: justify;\">Tener espacio alrededor de su casa le permite brindar caracter\u00edsticas que lo ayudar\u00e1n a protegerse de elementos naturales destructivos. Al pensar en la orientaci\u00f3n de su hogar, puede dise\u00f1ar estructuras y plantas de jard\u00edn que brindar\u00e1n estrat\u00e9gicamente sombra y refugio que har\u00e1n la vida m\u00e1s c\u00f3moda y reducir\u00e1n las facturas de combustible.<\/p>\n<p style=\"text-align: justify;\">La mera presencia de muchas plantas verdes reduce la cantidad de radiaci\u00f3n de calor en comparaci\u00f3n con las superficies duras de los materiales de construcci\u00f3n. Cultivar alimentos o fomentar la vida silvestre no s\u00f3lo es gratificante porque contribuye a tener un impacto ambiental m\u00e1s suave. Ante esto, el <strong>dise\u00f1o de jardines en Masnou<\/strong> le permite crear un espacio sostenible que requiere poco mantenimiento. Tenga en cuenta que un jard\u00edn bien dise\u00f1ado funciona bien y exige menos tiempo y recursos.<\/p>\n<p style=\"text-align: justify;\">A esto se suma que un jard\u00edn bien dise\u00f1ado y presentado aumenta el valor de su hogar. Esto no s\u00f3lo en t\u00e9rminos monetarios, sino que se ha demostrado que los lugares verdes ayudan a la salud y el bienestar de las personas. Ya sea que est\u00e9 esperando vender o est\u00e9 estableciendo una casa familiar a largo plazo, invertir en el <strong>dise\u00f1o de jardines en Masnou<\/strong> seguramente ser\u00e1 gratificante para su estilo de vida y su bolsillo. \u00a1Cuente con nosotros!<\/p>\n<p>[\/vc_column_text][\/vc_column][vc_column width=\u00bb2\/5&#8243;][vc_column_text]<\/p>\n<h3 style=\"text-align: center;\">Contacta con nosotros para m\u00e1s informaci\u00f3n<\/h3>\n<hr \/>\n<p>[\/vc_column_text]\n<div class=\"wpcf7 no-js\" id=\"wpcf7-f202-o1\" lang=\"es-ES\" dir=\"ltr\" data-wpcf7-id=\"202\">\n<div class=\"screen-reader-response\"><p role=\"status\" aria-live=\"polite\" aria-atomic=\"true\"><\/p> <ul><\/ul><\/div>\n<form action=\"\/es\/wp-json\/wp\/v2\/pages\/1820#wpcf7-f202-o1\" method=\"post\" class=\"wpcf7-form init\" aria-label=\"Formulario de contacto\" novalidate=\"novalidate\" data-status=\"init\">\n<fieldset class=\"hidden-fields-container\"><input type=\"hidden\" name=\"_wpcf7\" value=\"202\" \/><input type=\"hidden\" name=\"_wpcf7_version\" value=\"6.1.3\" \/><input type=\"hidden\" name=\"_wpcf7_locale\" value=\"es_ES\" \/><input type=\"hidden\" name=\"_wpcf7_unit_tag\" value=\"wpcf7-f202-o1\" \/><input type=\"hidden\" name=\"_wpcf7_container_post\" value=\"0\" \/><input type=\"hidden\" name=\"_wpcf7_posted_data_hash\" value=\"\" \/><input type=\"hidden\" name=\"_wpcf7_recaptcha_response\" value=\"\" \/>\n<\/fieldset>\n<p><label> Nombre y apellidos *<br \/>\n<span class=\"wpcf7-form-control-wrap\" data-name=\"your-name\"><input size=\"40\" maxlength=\"400\" class=\"wpcf7-form-control wpcf7-text wpcf7-validates-as-required\" aria-required=\"true\" aria-invalid=\"false\" value=\"\" type=\"text\" name=\"your-name\" \/><\/span> <\/label>\n<\/p>\n<p><label> Tel\u00e9fono *<br \/>\n<span class=\"wpcf7-form-control-wrap\" data-name=\"your-phone\"><input size=\"40\" maxlength=\"400\" class=\"wpcf7-form-control wpcf7-text wpcf7-validates-as-required\" aria-required=\"true\" aria-invalid=\"false\" value=\"\" type=\"text\" name=\"your-phone\" \/><\/span> <\/label>\n<\/p>\n<p><label> Correo electr\u00f3nico *<br \/>\n<span class=\"wpcf7-form-control-wrap\" data-name=\"your-email\"><input size=\"40\" maxlength=\"400\" class=\"wpcf7-form-control wpcf7-email wpcf7-validates-as-required wpcf7-text wpcf7-validates-as-email\" aria-required=\"true\" aria-invalid=\"false\" value=\"\" type=\"email\" name=\"your-email\" \/><\/span> <\/label>\n<\/p>\n<p><label> Municipio *<br \/>\n<span class=\"wpcf7-form-control-wrap\" data-name=\"your-town\"><input size=\"40\" maxlength=\"400\" class=\"wpcf7-form-control wpcf7-text wpcf7-validates-as-required\" aria-required=\"true\" aria-invalid=\"false\" value=\"\" type=\"text\" name=\"your-town\" \/><\/span> <\/label>\n<\/p>\n<p><label> Cantidad de m\u00b2<br \/>\n<span class=\"wpcf7-form-control-wrap\" data-name=\"your-meters\"><input size=\"40\" maxlength=\"400\" class=\"wpcf7-form-control wpcf7-text\" aria-invalid=\"false\" value=\"\" type=\"text\" name=\"your-meters\" \/><\/span> <\/label>\n<\/p>\n<p><label> Terreno actual *<br \/>\n<span class=\"wpcf7-form-control-wrap\" data-name=\"radio-509\"><span class=\"wpcf7-form-control wpcf7-radio\"><span class=\"wpcf7-list-item first\"><label><input type=\"radio\" name=\"radio-509\" value=\"Tierra\" checked=\"checked\" \/><span class=\"wpcf7-list-item-label\">Tierra<\/span><\/label><\/span><span class=\"wpcf7-list-item\"><label><input type=\"radio\" name=\"radio-509\" value=\"C\u00e9sped natural\" \/><span class=\"wpcf7-list-item-label\">C\u00e9sped natural<\/span><\/label><\/span><span class=\"wpcf7-list-item\"><label><input type=\"radio\" name=\"radio-509\" value=\"Pavimento\" \/><span class=\"wpcf7-list-item-label\">Pavimento<\/span><\/label><\/span><span class=\"wpcf7-list-item last\"><label><input type=\"radio\" name=\"radio-509\" value=\"C\u00e9sped artificial\" \/><span class=\"wpcf7-list-item-label\">C\u00e9sped artificial<\/span><\/label><\/span><\/span><\/span> <\/label>\n<\/p>\n<p><label> Mensaje *<br \/>\n<span class=\"wpcf7-form-control-wrap\" data-name=\"your-message\"><textarea cols=\"40\" rows=\"3\" maxlength=\"2000\" class=\"wpcf7-form-control wpcf7-textarea wpcf7-validates-as-required\" aria-required=\"true\" aria-invalid=\"false\" name=\"your-message\"><\/textarea><\/span> <\/label>\n<\/p>\n<p style=\"font-weight: lighter; font-size:12px;\">Informaci\u00f3n b\u00e1sica sobre el tratamiento de datos (Reglamento (UE) 2016\/679 y LO 3\/2018)<br \/>\nResponsable del tratamiento: Naturcesped C\u00e9sped Artificial, SL.\n<\/p>\n<p style=\"font-weight: lighter; font-size:12px;\">Finalidad: Ofrecer, prestar y facturar nuestros servicios y productos.\n<\/p>\n<p style=\"font-weight: lighter; font-size:12px;\">Legitimaci\u00f3n: Consentimiento del interesado.\n<\/p>\n<p style=\"font-weight: lighter; font-size:12px;\">Destinatarios: Los datos no se ceder\u00e1n a terceros, a menos que lo exija una ley o sea necesario para cumplir con la finalidad del tratamiento.\n<\/p>\n<p style=\"font-weight: lighter; font-size:12px;\">Derechos: Acceder, rectificar y suprimir datos, as\u00ed como el resto que se explican en la pol\u00edtica de protecci\u00f3n de datos.\n<\/p>\n<p style=\"font-weight: lighter; font-size:12px;\">M\u00e1s informaci\u00f3n en nuestra pol\u00edtica de protecci\u00f3n de datos.\n<\/p>\n<p><input class=\"wpcf7-form-control wpcf7-submit has-spinner\" type=\"submit\" value=\"Enviar\" \/>\n<\/p><div class=\"wpcf7-response-output\" aria-hidden=\"true\"><\/div>\n<\/form>\n<\/div>\n[\/vc_column][\/vc_row]<\/p>\n<\/div>","protected":false},"excerpt":{"rendered":"<p>[vc_row gap=\u00bb35&#8243;][vc_column width=\u00bb3\/5&#8243;][vc_single_image image=\u00bb965&#8243;][vc_column_text] Su propiedad fuera de las paredes de su casa en Masnou son tan parte de su hogar como la estructura misma, por lo que tiene sentido tratarla con tanto respeto como el interior. El jard\u00edn realmente podr\u00eda ser un espacio habitable pensado espec\u00edficamente que se integre directamente con el resto de la casa. Es por esto<\/p>\n<div class=\"h10\"><\/div>\n<p><a class=\"more-link1\" href=\"https:\/\/naturcesped.com\/es\/diseno-jardines-masnou\/\">Read more<\/a><\/p>\n","protected":false},"author":1,"featured_media":0,"parent":0,"menu_order":0,"comment_status":"closed","ping_status":"closed","template":"","meta":{"footnotes":""},"class_list":["post-1820","page","type-page","status-publish","hentry"],"yoast_head":"<!-- This site is optimized with the Yoast SEO plugin v26.3 - https:\/\/yoast.com\/wordpress\/plugins\/seo\/ -->\n<title>Dise\u00f1o jardines Masnou - NaturC\u00e9sped<\/title>\n<meta name=\"robots\" content=\"index, follow, max-snippet:-1, max-image-preview:large, max-video-preview:-1\" \/>\n<link rel=\"canonical\" href=\"https:\/\/naturcesped.com\/es\/diseno-jardines-masnou\/\" \/>\n<meta property=\"og:locale\" content=\"es_ES\" \/>\n<meta property=\"og:type\" content=\"article\" \/>\n<meta property=\"og:title\" content=\"Dise\u00f1o jardines Masnou - NaturC\u00e9sped\" \/>\n<meta property=\"og:description\" content=\"[vc_row gap=\u00bb35&#8243;][vc_column width=\u00bb3\/5&#8243;][vc_single_image image=\u00bb965&#8243;][vc_column_text] Su propiedad fuera de las paredes de su casa en Masnou son tan parte de su hogar como la estructura misma, por lo que tiene sentido tratarla con tanto respeto como el interior. El jard\u00edn realmente podr\u00eda ser un espacio habitable pensado espec\u00edficamente que se integre directamente con el resto de la casa. Es por estoRead more\" \/>\n<meta property=\"og:url\" content=\"https:\/\/naturcesped.com\/es\/diseno-jardines-masnou\/\" \/>\n<meta property=\"og:site_name\" content=\"NaturC\u00e9sped\" \/>\n<meta property=\"article:modified_time\" content=\"2023-12-20T11:40:33+00:00\" \/>\n<meta name=\"twitter:card\" content=\"summary_large_image\" \/>\n<meta name=\"twitter:label1\" content=\"Tiempo de lectura\" \/>\n\t<meta name=\"twitter:data1\" content=\"3 minutos\" \/>\n<script type=\"application\/ld+json\" class=\"yoast-schema-graph\">{\"@context\":\"https:\/\/schema.org\",\"@graph\":[{\"@type\":\"WebPage\",\"@id\":\"https:\/\/naturcesped.com\/es\/diseno-jardines-masnou\/\",\"url\":\"https:\/\/naturcesped.com\/es\/diseno-jardines-masnou\/\",\"name\":\"Dise\u00f1o jardines Masnou - NaturC\u00e9sped\",\"isPartOf\":{\"@id\":\"https:\/\/naturcesped.com\/es\/#website\"},\"datePublished\":\"2023-11-07T08:13:52+00:00\",\"dateModified\":\"2023-12-20T11:40:33+00:00\",\"breadcrumb\":{\"@id\":\"https:\/\/naturcesped.com\/es\/diseno-jardines-masnou\/#breadcrumb\"},\"inLanguage\":\"es\",\"potentialAction\":[{\"@type\":\"ReadAction\",\"target\":[\"https:\/\/naturcesped.com\/es\/diseno-jardines-masnou\/\"]}]},{\"@type\":\"BreadcrumbList\",\"@id\":\"https:\/\/naturcesped.com\/es\/diseno-jardines-masnou\/#breadcrumb\",\"itemListElement\":[{\"@type\":\"ListItem\",\"position\":1,\"name\":\"Portada\",\"item\":\"https:\/\/naturcesped.com\/es\/\"},{\"@type\":\"ListItem\",\"position\":2,\"name\":\"Dise\u00f1o jardines Masnou\"}]},{\"@type\":\"WebSite\",\"@id\":\"https:\/\/naturcesped.com\/es\/#website\",\"url\":\"https:\/\/naturcesped.com\/es\/\",\"name\":\"NaturC\u00e9sped\",\"description\":\"C\u00e9sped artificial en Girona\",\"potentialAction\":[{\"@type\":\"SearchAction\",\"target\":{\"@type\":\"EntryPoint\",\"urlTemplate\":\"https:\/\/naturcesped.com\/es\/?s={search_term_string}\"},\"query-input\":{\"@type\":\"PropertyValueSpecification\",\"valueRequired\":true,\"valueName\":\"search_term_string\"}}],\"inLanguage\":\"es\"}]}<\/script>\n<!-- \/ Yoast SEO plugin. -->","yoast_head_json":{"title":"Dise\u00f1o jardines Masnou - NaturC\u00e9sped","robots":{"index":"index","follow":"follow","max-snippet":"max-snippet:-1","max-image-preview":"max-image-preview:large","max-video-preview":"max-video-preview:-1"},"canonical":"https:\/\/naturcesped.com\/es\/diseno-jardines-masnou\/","og_locale":"es_ES","og_type":"article","og_title":"Dise\u00f1o jardines Masnou - NaturC\u00e9sped","og_description":"[vc_row gap=\u00bb35&#8243;][vc_column width=\u00bb3\/5&#8243;][vc_single_image image=\u00bb965&#8243;][vc_column_text] Su propiedad fuera de las paredes de su casa en Masnou son tan parte de su hogar como la estructura misma, por lo que tiene sentido tratarla con tanto respeto como el interior. El jard\u00edn realmente podr\u00eda ser un espacio habitable pensado espec\u00edficamente que se integre directamente con el resto de la casa. Es por estoRead more","og_url":"https:\/\/naturcesped.com\/es\/diseno-jardines-masnou\/","og_site_name":"NaturC\u00e9sped","article_modified_time":"2023-12-20T11:40:33+00:00","twitter_card":"summary_large_image","twitter_misc":{"Tiempo de lectura":"3 minutos"},"schema":{"@context":"https:\/\/schema.org","@graph":[{"@type":"WebPage","@id":"https:\/\/naturcesped.com\/es\/diseno-jardines-masnou\/","url":"https:\/\/naturcesped.com\/es\/diseno-jardines-masnou\/","name":"Dise\u00f1o jardines Masnou - NaturC\u00e9sped","isPartOf":{"@id":"https:\/\/naturcesped.com\/es\/#website"},"datePublished":"2023-11-07T08:13:52+00:00","dateModified":"2023-12-20T11:40:33+00:00","breadcrumb":{"@id":"https:\/\/naturcesped.com\/es\/diseno-jardines-masnou\/#breadcrumb"},"inLanguage":"es","potentialAction":[{"@type":"ReadAction","target":["https:\/\/naturcesped.com\/es\/diseno-jardines-masnou\/"]}]},{"@type":"BreadcrumbList","@id":"https:\/\/naturcesped.com\/es\/diseno-jardines-masnou\/#breadcrumb","itemListElement":[{"@type":"ListItem","position":1,"name":"Portada","item":"https:\/\/naturcesped.com\/es\/"},{"@type":"ListItem","position":2,"name":"Dise\u00f1o jardines Masnou"}]},{"@type":"WebSite","@id":"https:\/\/naturcesped.com\/es\/#website","url":"https:\/\/naturcesped.com\/es\/","name":"NaturC\u00e9sped","description":"C\u00e9sped artificial en Girona","potentialAction":[{"@type":"SearchAction","target":{"@type":"EntryPoint","urlTemplate":"https:\/\/naturcesped.com\/es\/?s={search_term_string}"},"query-input":{"@type":"PropertyValueSpecification","valueRequired":true,"valueName":"search_term_string"}}],"inLanguage":"es"}]}},"_links":{"self":[{"href":"https:\/\/naturcesped.com\/es\/wp-json\/wp\/v2\/pages\/1820","targetHints":{"allow":["GET"]}}],"collection":[{"href":"https:\/\/naturcesped.com\/es\/wp-json\/wp\/v2\/pages"}],"about":[{"href":"https:\/\/naturcesped.com\/es\/wp-json\/wp\/v2\/types\/page"}],"author":[{"embeddable":true,"href":"https:\/\/naturcesped.com\/es\/wp-json\/wp\/v2\/users\/1"}],"replies":[{"embeddable":true,"href":"https:\/\/naturcesped.com\/es\/wp-json\/wp\/v2\/comments?post=1820"}],"version-history":[{"count":0,"href":"https:\/\/naturcesped.com\/es\/wp-json\/wp\/v2\/pages\/1820\/revisions"}],"wp:attachment":[{"href":"https:\/\/naturcesped.com\/es\/wp-json\/wp\/v2\/media?parent=1820"}],"curies":[{"name":"wp","href":"https:\/\/api.w.org\/{rel}","templated":true}]}}