{"id":1819,"date":"2023-11-07T08:13:01","date_gmt":"2023-11-07T08:13:01","guid":{"rendered":"https:\/\/naturcesped.com\/?page_id=1819"},"modified":"2023-12-20T11:58:53","modified_gmt":"2023-12-20T11:58:53","slug":"diseno-jardines-sabadell","status":"publish","type":"page","link":"https:\/\/naturcesped.com\/es\/diseno-jardines-sabadell\/","title":{"rendered":"Dise\u00f1o jardines Sabadell"},"content":{"rendered":"<div class=\"wpb-content-wrapper\"><p>[vc_row gap=\u00bb35&#8243;][vc_column width=\u00bb3\/5&#8243;][vc_single_image image=\u00bb965&#8243;][vc_column_text]<\/p>\n<p style=\"text-align: justify;\">Las \u201chabitaciones\u201d hermosas no surgen por casualidad, necesitan una cuidadosa reflexi\u00f3n y planificaci\u00f3n: deben dise\u00f1arse. Tu jard\u00edn es posiblemente tu \u201chabitaci\u00f3n\u201d m\u00e1s grande y merece la misma atenci\u00f3n, dise\u00f1o y presupuesto que cualquier otro.<\/p>\n<p style=\"text-align: justify;\">Un proyecto de <strong>dise\u00f1o de jardines en Sabadell<\/strong> exitoso se beneficia de un dise\u00f1ador de jardines profesional, lo que le brinda acceso a asesoramiento experto y amplio conocimiento sobre c\u00f3mo maximizar el potencial de su jard\u00edn, lo que da como resultado un espacio que se adapta a sus aspiraciones.<\/p>\n<p style=\"text-align: justify;\">Existe una idea err\u00f3nea p\u00fablica sobre el dise\u00f1o de jardines de que se trata simplemente de jardiner\u00eda, pero no lo es. Se trata de dise\u00f1o; la manipulaci\u00f3n y organizaci\u00f3n del espacio tridimensional. Y un profesional en el <strong>dise\u00f1o de jardines en Sabadell<\/strong> est\u00e1 capacitado tanto en las artes est\u00e9ticas como en las disciplinas t\u00e9cnicas del dise\u00f1o.<\/p>\n<p>[\/vc_column_text][vc_row_inner][vc_column_inner width=\u00bb1\/3&#8243;][\/vc_column_inner][vc_column_inner width=\u00bb1\/3&#8243;]<a\thref=\"https:\/\/naturcesped.com\/es\/contacto\/\" \n\t\t\t\tclass=\"button btn_large btn_theme_color btn_rounded btn_normal_style    \"  target='_self'><span>CONTACTA CON NOSOTROS<\/span><\/a>[\/vc_column_inner][vc_column_inner width=\u00bb1\/3&#8243;][\/vc_column_inner][\/vc_row_inner][vc_column_text]<\/p>\n<p style=\"text-align: justify;\">Los profesionales del <strong>dise\u00f1o de jardines en Sabadell<\/strong> tienen experiencia en combinar la necesidad de dise\u00f1o con las aspiraciones del cliente, interpretando la forma en que el cliente querr\u00e1 usar el jard\u00edn y desarrollando ideas y pensamientos creativos en un plan de dise\u00f1o alcanzable para crear un espacio hermoso, funcional y bien dise\u00f1ado.<\/p>\n<p style=\"text-align: justify;\">Un dise\u00f1ador de jardines aportar\u00e1 una nueva perspectiva a su jard\u00edn ayud\u00e1ndolo con todo, desde planificar todo el sitio o resolver problemas de privacidad, hasta elegir las plantas m\u00e1s apropiadas, todo mientras lo ayuda a evitar errores costosos.<\/p>\n<p style=\"text-align: justify;\">Adem\u00e1s de elaborar planos, saber qu\u00e9 plantas funcionan y d\u00f3nde y c\u00f3mo ubicar patios, caminos, cercas y macizos de flores, el papel de profesional del <strong>dise\u00f1o de jardines en Sabadell<\/strong> tambi\u00e9n es gastar su presupuesto sabiamente. Un dise\u00f1ador de jardines experimentado analizar\u00e1 tanto el espacio como el encargo e identificar\u00e1 soluciones rentables.<\/p>\n<p style=\"text-align: justify;\">El profesional del <strong>dise\u00f1o de jardines en Sabadell<\/strong> inspeccionar\u00e1 el jard\u00edn y tomar\u00e1n decisiones y juicios seguros sobre el potencial del jard\u00edn. Podr\u00e1n analizar el suelo y su aspecto para poder tomar decisiones informadas sobre los materiales de construcci\u00f3n y las mejores plantas. Le ofrecer\u00e1n asesoramiento sobre la mejor manera de avanzar en su proyecto, se responsabilizar\u00e1n de todo el trabajo de dise\u00f1o, las especificaciones y brindar\u00e1n direcci\u00f3n y supervisi\u00f3n durante la construcci\u00f3n del jard\u00edn.<\/p>\n<p style=\"text-align: justify;\">Crear un jard\u00edn bien dise\u00f1ado es una inversi\u00f3n financiera que agregar\u00e1 valor a su propiedad, por lo que contratar a un profesional del <strong>dise\u00f1o de jardines en Sabadell<\/strong> para crear su jard\u00edn ser\u00e1 dinero bien gastado.<\/p>\n<p style=\"text-align: justify;\">Cuente con nosotros para crear un oasis en sus espacios ideal, que podr\u00e1 disfrutar durante todo el a\u00f1o. Nos encargamos de planificar el espacio de sus sue\u00f1os, siempre manteniendo los precios m\u00e1s competitivos de la industria.<\/p>\n<p style=\"text-align: justify;\">Comun\u00edquese con nosotros hoy mismo y empiece a disfrutar de los espacios que se merece con sus seres queridos. \u00a1Lo esperamos!<\/p>\n<p>[\/vc_column_text][\/vc_column][vc_column width=\u00bb2\/5&#8243;][vc_column_text]<\/p>\n<h3 style=\"text-align: center;\">Contacta con nosotros para m\u00e1s informaci\u00f3n<\/h3>\n<hr \/>\n<p>[\/vc_column_text]\n<div class=\"wpcf7 no-js\" id=\"wpcf7-f202-o1\" lang=\"es-ES\" dir=\"ltr\" data-wpcf7-id=\"202\">\n<div class=\"screen-reader-response\"><p role=\"status\" aria-live=\"polite\" aria-atomic=\"true\"><\/p> <ul><\/ul><\/div>\n<form action=\"\/es\/wp-json\/wp\/v2\/pages\/1819#wpcf7-f202-o1\" method=\"post\" class=\"wpcf7-form init\" aria-label=\"Formulario de contacto\" novalidate=\"novalidate\" data-status=\"init\">\n<fieldset class=\"hidden-fields-container\"><input type=\"hidden\" name=\"_wpcf7\" value=\"202\" \/><input type=\"hidden\" name=\"_wpcf7_version\" value=\"6.1.3\" \/><input type=\"hidden\" name=\"_wpcf7_locale\" value=\"es_ES\" \/><input type=\"hidden\" name=\"_wpcf7_unit_tag\" value=\"wpcf7-f202-o1\" \/><input type=\"hidden\" name=\"_wpcf7_container_post\" value=\"0\" \/><input type=\"hidden\" name=\"_wpcf7_posted_data_hash\" value=\"\" \/><input type=\"hidden\" name=\"_wpcf7_recaptcha_response\" value=\"\" \/>\n<\/fieldset>\n<p><label> Nombre y apellidos *<br \/>\n<span class=\"wpcf7-form-control-wrap\" data-name=\"your-name\"><input size=\"40\" maxlength=\"400\" class=\"wpcf7-form-control wpcf7-text wpcf7-validates-as-required\" aria-required=\"true\" aria-invalid=\"false\" value=\"\" type=\"text\" name=\"your-name\" \/><\/span> <\/label>\n<\/p>\n<p><label> Tel\u00e9fono *<br \/>\n<span class=\"wpcf7-form-control-wrap\" data-name=\"your-phone\"><input size=\"40\" maxlength=\"400\" class=\"wpcf7-form-control wpcf7-text wpcf7-validates-as-required\" aria-required=\"true\" aria-invalid=\"false\" value=\"\" type=\"text\" name=\"your-phone\" \/><\/span> <\/label>\n<\/p>\n<p><label> Correo electr\u00f3nico *<br \/>\n<span class=\"wpcf7-form-control-wrap\" data-name=\"your-email\"><input size=\"40\" maxlength=\"400\" class=\"wpcf7-form-control wpcf7-email wpcf7-validates-as-required wpcf7-text wpcf7-validates-as-email\" aria-required=\"true\" aria-invalid=\"false\" value=\"\" type=\"email\" name=\"your-email\" \/><\/span> <\/label>\n<\/p>\n<p><label> Municipio *<br \/>\n<span class=\"wpcf7-form-control-wrap\" data-name=\"your-town\"><input size=\"40\" maxlength=\"400\" class=\"wpcf7-form-control wpcf7-text wpcf7-validates-as-required\" aria-required=\"true\" aria-invalid=\"false\" value=\"\" type=\"text\" name=\"your-town\" \/><\/span> <\/label>\n<\/p>\n<p><label> Cantidad de m\u00b2<br \/>\n<span class=\"wpcf7-form-control-wrap\" data-name=\"your-meters\"><input size=\"40\" maxlength=\"400\" class=\"wpcf7-form-control wpcf7-text\" aria-invalid=\"false\" value=\"\" type=\"text\" name=\"your-meters\" \/><\/span> <\/label>\n<\/p>\n<p><label> Terreno actual *<br \/>\n<span class=\"wpcf7-form-control-wrap\" data-name=\"radio-509\"><span class=\"wpcf7-form-control wpcf7-radio\"><span class=\"wpcf7-list-item first\"><label><input type=\"radio\" name=\"radio-509\" value=\"Tierra\" checked=\"checked\" \/><span class=\"wpcf7-list-item-label\">Tierra<\/span><\/label><\/span><span class=\"wpcf7-list-item\"><label><input type=\"radio\" name=\"radio-509\" value=\"C\u00e9sped natural\" \/><span class=\"wpcf7-list-item-label\">C\u00e9sped natural<\/span><\/label><\/span><span class=\"wpcf7-list-item\"><label><input type=\"radio\" name=\"radio-509\" value=\"Pavimento\" \/><span class=\"wpcf7-list-item-label\">Pavimento<\/span><\/label><\/span><span class=\"wpcf7-list-item last\"><label><input type=\"radio\" name=\"radio-509\" value=\"C\u00e9sped artificial\" \/><span class=\"wpcf7-list-item-label\">C\u00e9sped artificial<\/span><\/label><\/span><\/span><\/span> <\/label>\n<\/p>\n<p><label> Mensaje *<br \/>\n<span class=\"wpcf7-form-control-wrap\" data-name=\"your-message\"><textarea cols=\"40\" rows=\"3\" maxlength=\"2000\" class=\"wpcf7-form-control wpcf7-textarea wpcf7-validates-as-required\" aria-required=\"true\" aria-invalid=\"false\" name=\"your-message\"><\/textarea><\/span> <\/label>\n<\/p>\n<p style=\"font-weight: lighter; font-size:12px;\">Informaci\u00f3n b\u00e1sica sobre el tratamiento de datos (Reglamento (UE) 2016\/679 y LO 3\/2018)<br \/>\nResponsable del tratamiento: Naturcesped C\u00e9sped Artificial, SL.\n<\/p>\n<p style=\"font-weight: lighter; font-size:12px;\">Finalidad: Ofrecer, prestar y facturar nuestros servicios y productos.\n<\/p>\n<p style=\"font-weight: lighter; font-size:12px;\">Legitimaci\u00f3n: Consentimiento del interesado.\n<\/p>\n<p style=\"font-weight: lighter; font-size:12px;\">Destinatarios: Los datos no se ceder\u00e1n a terceros, a menos que lo exija una ley o sea necesario para cumplir con la finalidad del tratamiento.\n<\/p>\n<p style=\"font-weight: lighter; font-size:12px;\">Derechos: Acceder, rectificar y suprimir datos, as\u00ed como el resto que se explican en la pol\u00edtica de protecci\u00f3n de datos.\n<\/p>\n<p style=\"font-weight: lighter; font-size:12px;\">M\u00e1s informaci\u00f3n en nuestra pol\u00edtica de protecci\u00f3n de datos.\n<\/p>\n<p><input class=\"wpcf7-form-control wpcf7-submit has-spinner\" type=\"submit\" value=\"Enviar\" \/>\n<\/p><div class=\"wpcf7-response-output\" aria-hidden=\"true\"><\/div>\n<\/form>\n<\/div>\n[\/vc_column][\/vc_row]<\/p>\n<\/div>","protected":false},"excerpt":{"rendered":"<p>[vc_row gap=\u00bb35&#8243;][vc_column width=\u00bb3\/5&#8243;][vc_single_image image=\u00bb965&#8243;][vc_column_text] Las \u201chabitaciones\u201d hermosas no surgen por casualidad, necesitan una cuidadosa reflexi\u00f3n y planificaci\u00f3n: deben dise\u00f1arse. Tu jard\u00edn es posiblemente tu \u201chabitaci\u00f3n\u201d m\u00e1s grande y merece la misma atenci\u00f3n, dise\u00f1o y presupuesto que cualquier otro. Un proyecto de dise\u00f1o de jardines en Sabadell exitoso se beneficia de un dise\u00f1ador de jardines profesional, lo que le brinda acceso<\/p>\n<div class=\"h10\"><\/div>\n<p><a class=\"more-link1\" href=\"https:\/\/naturcesped.com\/es\/diseno-jardines-sabadell\/\">Read more<\/a><\/p>\n","protected":false},"author":1,"featured_media":0,"parent":0,"menu_order":0,"comment_status":"closed","ping_status":"closed","template":"","meta":{"footnotes":""},"class_list":["post-1819","page","type-page","status-publish","hentry"],"yoast_head":"<!-- This site is optimized with the Yoast SEO plugin v26.3 - https:\/\/yoast.com\/wordpress\/plugins\/seo\/ -->\n<title>Dise\u00f1o jardines Sabadell - NaturC\u00e9sped<\/title>\n<meta name=\"robots\" content=\"index, follow, max-snippet:-1, max-image-preview:large, max-video-preview:-1\" \/>\n<link rel=\"canonical\" href=\"https:\/\/naturcesped.com\/es\/diseno-jardines-sabadell\/\" \/>\n<meta property=\"og:locale\" content=\"es_ES\" \/>\n<meta property=\"og:type\" content=\"article\" \/>\n<meta property=\"og:title\" content=\"Dise\u00f1o jardines Sabadell - NaturC\u00e9sped\" \/>\n<meta property=\"og:description\" content=\"[vc_row gap=\u00bb35&#8243;][vc_column width=\u00bb3\/5&#8243;][vc_single_image image=\u00bb965&#8243;][vc_column_text] Las \u201chabitaciones\u201d hermosas no surgen por casualidad, necesitan una cuidadosa reflexi\u00f3n y planificaci\u00f3n: deben dise\u00f1arse. Tu jard\u00edn es posiblemente tu \u201chabitaci\u00f3n\u201d m\u00e1s grande y merece la misma atenci\u00f3n, dise\u00f1o y presupuesto que cualquier otro. Un proyecto de dise\u00f1o de jardines en Sabadell exitoso se beneficia de un dise\u00f1ador de jardines profesional, lo que le brinda accesoRead more\" \/>\n<meta property=\"og:url\" content=\"https:\/\/naturcesped.com\/es\/diseno-jardines-sabadell\/\" \/>\n<meta property=\"og:site_name\" content=\"NaturC\u00e9sped\" \/>\n<meta property=\"article:modified_time\" content=\"2023-12-20T11:58:53+00:00\" \/>\n<meta name=\"twitter:card\" content=\"summary_large_image\" \/>\n<meta name=\"twitter:label1\" content=\"Tiempo de lectura\" \/>\n\t<meta name=\"twitter:data1\" content=\"3 minutos\" \/>\n<script type=\"application\/ld+json\" class=\"yoast-schema-graph\">{\"@context\":\"https:\/\/schema.org\",\"@graph\":[{\"@type\":\"WebPage\",\"@id\":\"https:\/\/naturcesped.com\/es\/diseno-jardines-sabadell\/\",\"url\":\"https:\/\/naturcesped.com\/es\/diseno-jardines-sabadell\/\",\"name\":\"Dise\u00f1o jardines Sabadell - NaturC\u00e9sped\",\"isPartOf\":{\"@id\":\"https:\/\/naturcesped.com\/es\/#website\"},\"datePublished\":\"2023-11-07T08:13:01+00:00\",\"dateModified\":\"2023-12-20T11:58:53+00:00\",\"breadcrumb\":{\"@id\":\"https:\/\/naturcesped.com\/es\/diseno-jardines-sabadell\/#breadcrumb\"},\"inLanguage\":\"es\",\"potentialAction\":[{\"@type\":\"ReadAction\",\"target\":[\"https:\/\/naturcesped.com\/es\/diseno-jardines-sabadell\/\"]}]},{\"@type\":\"BreadcrumbList\",\"@id\":\"https:\/\/naturcesped.com\/es\/diseno-jardines-sabadell\/#breadcrumb\",\"itemListElement\":[{\"@type\":\"ListItem\",\"position\":1,\"name\":\"Portada\",\"item\":\"https:\/\/naturcesped.com\/es\/\"},{\"@type\":\"ListItem\",\"position\":2,\"name\":\"Dise\u00f1o jardines Sabadell\"}]},{\"@type\":\"WebSite\",\"@id\":\"https:\/\/naturcesped.com\/es\/#website\",\"url\":\"https:\/\/naturcesped.com\/es\/\",\"name\":\"NaturC\u00e9sped\",\"description\":\"C\u00e9sped artificial en Girona\",\"potentialAction\":[{\"@type\":\"SearchAction\",\"target\":{\"@type\":\"EntryPoint\",\"urlTemplate\":\"https:\/\/naturcesped.com\/es\/?s={search_term_string}\"},\"query-input\":{\"@type\":\"PropertyValueSpecification\",\"valueRequired\":true,\"valueName\":\"search_term_string\"}}],\"inLanguage\":\"es\"}]}<\/script>\n<!-- \/ Yoast SEO plugin. -->","yoast_head_json":{"title":"Dise\u00f1o jardines Sabadell - NaturC\u00e9sped","robots":{"index":"index","follow":"follow","max-snippet":"max-snippet:-1","max-image-preview":"max-image-preview:large","max-video-preview":"max-video-preview:-1"},"canonical":"https:\/\/naturcesped.com\/es\/diseno-jardines-sabadell\/","og_locale":"es_ES","og_type":"article","og_title":"Dise\u00f1o jardines Sabadell - NaturC\u00e9sped","og_description":"[vc_row gap=\u00bb35&#8243;][vc_column width=\u00bb3\/5&#8243;][vc_single_image image=\u00bb965&#8243;][vc_column_text] Las \u201chabitaciones\u201d hermosas no surgen por casualidad, necesitan una cuidadosa reflexi\u00f3n y planificaci\u00f3n: deben dise\u00f1arse. Tu jard\u00edn es posiblemente tu \u201chabitaci\u00f3n\u201d m\u00e1s grande y merece la misma atenci\u00f3n, dise\u00f1o y presupuesto que cualquier otro. Un proyecto de dise\u00f1o de jardines en Sabadell exitoso se beneficia de un dise\u00f1ador de jardines profesional, lo que le brinda accesoRead more","og_url":"https:\/\/naturcesped.com\/es\/diseno-jardines-sabadell\/","og_site_name":"NaturC\u00e9sped","article_modified_time":"2023-12-20T11:58:53+00:00","twitter_card":"summary_large_image","twitter_misc":{"Tiempo de lectura":"3 minutos"},"schema":{"@context":"https:\/\/schema.org","@graph":[{"@type":"WebPage","@id":"https:\/\/naturcesped.com\/es\/diseno-jardines-sabadell\/","url":"https:\/\/naturcesped.com\/es\/diseno-jardines-sabadell\/","name":"Dise\u00f1o jardines Sabadell - NaturC\u00e9sped","isPartOf":{"@id":"https:\/\/naturcesped.com\/es\/#website"},"datePublished":"2023-11-07T08:13:01+00:00","dateModified":"2023-12-20T11:58:53+00:00","breadcrumb":{"@id":"https:\/\/naturcesped.com\/es\/diseno-jardines-sabadell\/#breadcrumb"},"inLanguage":"es","potentialAction":[{"@type":"ReadAction","target":["https:\/\/naturcesped.com\/es\/diseno-jardines-sabadell\/"]}]},{"@type":"BreadcrumbList","@id":"https:\/\/naturcesped.com\/es\/diseno-jardines-sabadell\/#breadcrumb","itemListElement":[{"@type":"ListItem","position":1,"name":"Portada","item":"https:\/\/naturcesped.com\/es\/"},{"@type":"ListItem","position":2,"name":"Dise\u00f1o jardines Sabadell"}]},{"@type":"WebSite","@id":"https:\/\/naturcesped.com\/es\/#website","url":"https:\/\/naturcesped.com\/es\/","name":"NaturC\u00e9sped","description":"C\u00e9sped artificial en Girona","potentialAction":[{"@type":"SearchAction","target":{"@type":"EntryPoint","urlTemplate":"https:\/\/naturcesped.com\/es\/?s={search_term_string}"},"query-input":{"@type":"PropertyValueSpecification","valueRequired":true,"valueName":"search_term_string"}}],"inLanguage":"es"}]}},"_links":{"self":[{"href":"https:\/\/naturcesped.com\/es\/wp-json\/wp\/v2\/pages\/1819","targetHints":{"allow":["GET"]}}],"collection":[{"href":"https:\/\/naturcesped.com\/es\/wp-json\/wp\/v2\/pages"}],"about":[{"href":"https:\/\/naturcesped.com\/es\/wp-json\/wp\/v2\/types\/page"}],"author":[{"embeddable":true,"href":"https:\/\/naturcesped.com\/es\/wp-json\/wp\/v2\/users\/1"}],"replies":[{"embeddable":true,"href":"https:\/\/naturcesped.com\/es\/wp-json\/wp\/v2\/comments?post=1819"}],"version-history":[{"count":0,"href":"https:\/\/naturcesped.com\/es\/wp-json\/wp\/v2\/pages\/1819\/revisions"}],"wp:attachment":[{"href":"https:\/\/naturcesped.com\/es\/wp-json\/wp\/v2\/media?parent=1819"}],"curies":[{"name":"wp","href":"https:\/\/api.w.org\/{rel}","templated":true}]}}