{"id":1804,"date":"2023-10-27T10:30:18","date_gmt":"2023-10-27T10:30:18","guid":{"rendered":"https:\/\/naturcesped.com\/?page_id=1804"},"modified":"2023-12-27T09:41:07","modified_gmt":"2023-12-27T09:41:07","slug":"presupuesto-instalacion-cesped-artificial","status":"publish","type":"page","link":"https:\/\/naturcesped.com\/es\/presupuesto-instalacion-cesped-artificial\/","title":{"rendered":"Presupuesto instalacion cesped artificial"},"content":{"rendered":"<div class=\"wpb-content-wrapper\"><p>[vc_row gap=\u00bb35&#8243;][vc_column width=\u00bb3\/5&#8243;][vc_single_image image=\u00bb965&#8243;][vc_column_text]<\/p>\n<p style=\"text-align: justify;\">\u00a1Descubre la soluci\u00f3n perfecta para tu jard\u00edn con Naturcesped!<\/p>\n<p style=\"text-align: justify;\">En Naturcesped somos especialistas en la instalaci\u00f3n de c\u00e9sped artificial de alta calidad para empresas y particulares. Si est\u00e1s buscando una alternativa sostenible y de bajo mantenimiento para tu espacio exterior, est\u00e1s en el sitio adecuado. Nuestro compromiso con la calidad y el medio ambiente, nos ha convertido en l\u00edderes en el mercado. \u00bfEst\u00e1s listo para dar vida a tu jard\u00edn? Solicita su <strong>presupuesto de instalaci\u00f3n de c\u00e9sped artificial <\/strong>hoy mismo.<\/p>\n<p>[\/vc_column_text][vc_row_inner][vc_column_inner width=\u00bb1\/3&#8243;][\/vc_column_inner][vc_column_inner width=\u00bb1\/3&#8243;]<a\thref=\"https:\/\/naturcesped.com\/es\/contacto\/\" \n\t\t\t\tclass=\"button btn_large btn_theme_color btn_rounded btn_normal_style    \"  target='_self'><span>CONTACTA CON NOSOTROS<\/span><\/a>[\/vc_column_inner][vc_column_inner width=\u00bb1\/3&#8243;][\/vc_column_inner][\/vc_row_inner][vc_column_text]<\/p>\n<p style=\"text-align: justify;\">\u00bfPor qu\u00e9 elegir Naturcesped para la instalaci\u00f3n de c\u00e9sped artificial?<\/p>\n<p style=\"text-align: justify;\">Nuestros productos cuentan con 10 a\u00f1os de garant\u00eda, lo que garantiza su durabilidad y resistencia. Adem\u00e1s ofrecemos una amplia gama de modelos de c\u00e9sped artificial que se ajustan a tus necesidades, con una relaci\u00f3n calidad-precio inmejorable. Cada uno de nuestros modelos de c\u00e9sped artificial tiene un tacto suave y agradable, perfecto para el contacto con la piel, y una asombrosa capacidad de recuperaci\u00f3n despu\u00e9s de ser pisado.<\/p>\n<p style=\"text-align: justify;\">\u00bfTe preocupa el mantenimiento constante de tu jard\u00edn? Con nuestro c\u00e9sped artificial, puedes olvidarte de las tareas pesadas de abonar y cortar el c\u00e9sped, as\u00ed como de los regad\u00edos constantes. La instalaci\u00f3n de c\u00e9sped artificial es la soluci\u00f3n perfecta para aquellos que buscan un ahorro econ\u00f3mico a largo plazo y m\u00e1s tiempo libre para disfrutar.<\/p>\n<p style=\"text-align: justify;\">El c\u00e9sped artificial no s\u00f3lo es una soluci\u00f3n pr\u00e1ctica, sino que tambi\u00e9n va a transformar completamente la est\u00e9tica de tu jard\u00edn. Lograr\u00e1s una apariencia fresca y natural durante todo el a\u00f1o, sin importar las condiciones clim\u00e1ticas. Adem\u00e1s contribuir\u00e1s al cuidado del medio ambiente al reducir el consumo de agua y productos qu\u00edmicos.<\/p>\n<p style=\"text-align: justify;\">\u00bfC\u00f3mo solicitar tu<strong> presupuesto de instalaci\u00f3n de c\u00e9sped artificial<\/strong>?<\/p>\n<p style=\"text-align: justify;\">En Naturcesped, facilitamos el proceso para ti. S\u00f3lo tienes que ponerte en contacto con nosotros y uno de nuestros expertos te asesorar\u00e1 en la elecci\u00f3n del modelo de c\u00e9sped artificial que mejor se adapte a tu espacio y necesidades. Estamos comprometidos en proporcionarte un <strong>presupuesto de instalaci\u00f3n de c\u00e9sped artificial <\/strong>transparente y competitivo.<\/p>\n<p style=\"text-align: justify;\">No esperes m\u00e1s para transformar tu jard\u00edn y gozar de la belleza y la practicidad del c\u00e9sped artificial. Contacta con Naturcesped y solicita tu <strong>presupuesto de instalaci\u00f3n de c\u00e9sped artificial<\/strong>. \u00a1Te aseguramos una soluci\u00f3n de calidad y un servicio excepcional!<\/p>\n<p>[\/vc_column_text][\/vc_column][vc_column width=\u00bb2\/5&#8243;][vc_column_text]<\/p>\n<h3 style=\"text-align: center;\">Contacta con nosotros para m\u00e1s informaci\u00f3n<\/h3>\n<hr \/>\n<p>[\/vc_column_text]\n<div class=\"wpcf7 no-js\" id=\"wpcf7-f202-o1\" lang=\"es-ES\" dir=\"ltr\" data-wpcf7-id=\"202\">\n<div class=\"screen-reader-response\"><p role=\"status\" aria-live=\"polite\" aria-atomic=\"true\"><\/p> <ul><\/ul><\/div>\n<form action=\"\/es\/wp-json\/wp\/v2\/pages\/1804#wpcf7-f202-o1\" method=\"post\" class=\"wpcf7-form init\" aria-label=\"Formulario de contacto\" novalidate=\"novalidate\" data-status=\"init\">\n<fieldset class=\"hidden-fields-container\"><input type=\"hidden\" name=\"_wpcf7\" value=\"202\" \/><input type=\"hidden\" name=\"_wpcf7_version\" value=\"6.1.3\" \/><input type=\"hidden\" name=\"_wpcf7_locale\" value=\"es_ES\" \/><input type=\"hidden\" name=\"_wpcf7_unit_tag\" value=\"wpcf7-f202-o1\" \/><input type=\"hidden\" name=\"_wpcf7_container_post\" value=\"0\" \/><input type=\"hidden\" name=\"_wpcf7_posted_data_hash\" value=\"\" \/><input type=\"hidden\" name=\"_wpcf7_recaptcha_response\" value=\"\" \/>\n<\/fieldset>\n<p><label> Nombre y apellidos *<br \/>\n<span class=\"wpcf7-form-control-wrap\" data-name=\"your-name\"><input size=\"40\" maxlength=\"400\" class=\"wpcf7-form-control wpcf7-text wpcf7-validates-as-required\" aria-required=\"true\" aria-invalid=\"false\" value=\"\" type=\"text\" name=\"your-name\" \/><\/span> <\/label>\n<\/p>\n<p><label> Tel\u00e9fono *<br \/>\n<span class=\"wpcf7-form-control-wrap\" data-name=\"your-phone\"><input size=\"40\" maxlength=\"400\" class=\"wpcf7-form-control wpcf7-text wpcf7-validates-as-required\" aria-required=\"true\" aria-invalid=\"false\" value=\"\" type=\"text\" name=\"your-phone\" \/><\/span> <\/label>\n<\/p>\n<p><label> Correo electr\u00f3nico *<br \/>\n<span class=\"wpcf7-form-control-wrap\" data-name=\"your-email\"><input size=\"40\" maxlength=\"400\" class=\"wpcf7-form-control wpcf7-email wpcf7-validates-as-required wpcf7-text wpcf7-validates-as-email\" aria-required=\"true\" aria-invalid=\"false\" value=\"\" type=\"email\" name=\"your-email\" \/><\/span> <\/label>\n<\/p>\n<p><label> Municipio *<br \/>\n<span class=\"wpcf7-form-control-wrap\" data-name=\"your-town\"><input size=\"40\" maxlength=\"400\" class=\"wpcf7-form-control wpcf7-text wpcf7-validates-as-required\" aria-required=\"true\" aria-invalid=\"false\" value=\"\" type=\"text\" name=\"your-town\" \/><\/span> <\/label>\n<\/p>\n<p><label> Cantidad de m\u00b2<br \/>\n<span class=\"wpcf7-form-control-wrap\" data-name=\"your-meters\"><input size=\"40\" maxlength=\"400\" class=\"wpcf7-form-control wpcf7-text\" aria-invalid=\"false\" value=\"\" type=\"text\" name=\"your-meters\" \/><\/span> <\/label>\n<\/p>\n<p><label> Terreno actual *<br \/>\n<span class=\"wpcf7-form-control-wrap\" data-name=\"radio-509\"><span class=\"wpcf7-form-control wpcf7-radio\"><span class=\"wpcf7-list-item first\"><label><input type=\"radio\" name=\"radio-509\" value=\"Tierra\" checked=\"checked\" \/><span class=\"wpcf7-list-item-label\">Tierra<\/span><\/label><\/span><span class=\"wpcf7-list-item\"><label><input type=\"radio\" name=\"radio-509\" value=\"C\u00e9sped natural\" \/><span class=\"wpcf7-list-item-label\">C\u00e9sped natural<\/span><\/label><\/span><span class=\"wpcf7-list-item\"><label><input type=\"radio\" name=\"radio-509\" value=\"Pavimento\" \/><span class=\"wpcf7-list-item-label\">Pavimento<\/span><\/label><\/span><span class=\"wpcf7-list-item last\"><label><input type=\"radio\" name=\"radio-509\" value=\"C\u00e9sped artificial\" \/><span class=\"wpcf7-list-item-label\">C\u00e9sped artificial<\/span><\/label><\/span><\/span><\/span> <\/label>\n<\/p>\n<p><label> Mensaje *<br \/>\n<span class=\"wpcf7-form-control-wrap\" data-name=\"your-message\"><textarea cols=\"40\" rows=\"3\" maxlength=\"2000\" class=\"wpcf7-form-control wpcf7-textarea wpcf7-validates-as-required\" aria-required=\"true\" aria-invalid=\"false\" name=\"your-message\"><\/textarea><\/span> <\/label>\n<\/p>\n<p style=\"font-weight: lighter; font-size:12px;\">Informaci\u00f3n b\u00e1sica sobre el tratamiento de datos (Reglamento (UE) 2016\/679 y LO 3\/2018)<br \/>\nResponsable del tratamiento: Naturcesped C\u00e9sped Artificial, SL.\n<\/p>\n<p style=\"font-weight: lighter; font-size:12px;\">Finalidad: Ofrecer, prestar y facturar nuestros servicios y productos.\n<\/p>\n<p style=\"font-weight: lighter; font-size:12px;\">Legitimaci\u00f3n: Consentimiento del interesado.\n<\/p>\n<p style=\"font-weight: lighter; font-size:12px;\">Destinatarios: Los datos no se ceder\u00e1n a terceros, a menos que lo exija una ley o sea necesario para cumplir con la finalidad del tratamiento.\n<\/p>\n<p style=\"font-weight: lighter; font-size:12px;\">Derechos: Acceder, rectificar y suprimir datos, as\u00ed como el resto que se explican en la pol\u00edtica de protecci\u00f3n de datos.\n<\/p>\n<p style=\"font-weight: lighter; font-size:12px;\">M\u00e1s informaci\u00f3n en nuestra pol\u00edtica de protecci\u00f3n de datos.\n<\/p>\n<p><input class=\"wpcf7-form-control wpcf7-submit has-spinner\" type=\"submit\" value=\"Enviar\" \/>\n<\/p><div class=\"wpcf7-response-output\" aria-hidden=\"true\"><\/div>\n<\/form>\n<\/div>\n[\/vc_column][\/vc_row]<\/p>\n<\/div>","protected":false},"excerpt":{"rendered":"<p>[vc_row gap=\u00bb35&#8243;][vc_column width=\u00bb3\/5&#8243;][vc_single_image image=\u00bb965&#8243;][vc_column_text] \u00a1Descubre la soluci\u00f3n perfecta para tu jard\u00edn con Naturcesped! En Naturcesped somos especialistas en la instalaci\u00f3n de c\u00e9sped artificial de alta calidad para empresas y particulares. Si est\u00e1s buscando una alternativa sostenible y de bajo mantenimiento para tu espacio exterior, est\u00e1s en el sitio adecuado. Nuestro compromiso con la calidad y el medio ambiente, nos ha<\/p>\n<div class=\"h10\"><\/div>\n<p><a class=\"more-link1\" href=\"https:\/\/naturcesped.com\/es\/presupuesto-instalacion-cesped-artificial\/\">Read more<\/a><\/p>\n","protected":false},"author":1,"featured_media":0,"parent":0,"menu_order":0,"comment_status":"closed","ping_status":"closed","template":"","meta":{"footnotes":""},"class_list":["post-1804","page","type-page","status-publish","hentry"],"yoast_head":"<!-- This site is optimized with the Yoast SEO plugin v26.3 - https:\/\/yoast.com\/wordpress\/plugins\/seo\/ -->\n<title>Presupuesto instalacion cesped artificial - NaturC\u00e9sped<\/title>\n<meta name=\"robots\" content=\"index, follow, max-snippet:-1, max-image-preview:large, max-video-preview:-1\" \/>\n<link rel=\"canonical\" href=\"https:\/\/naturcesped.com\/es\/presupuesto-instalacion-cesped-artificial\/\" \/>\n<meta property=\"og:locale\" content=\"es_ES\" \/>\n<meta property=\"og:type\" content=\"article\" \/>\n<meta property=\"og:title\" content=\"Presupuesto instalacion cesped artificial - NaturC\u00e9sped\" \/>\n<meta property=\"og:description\" content=\"[vc_row gap=\u00bb35&#8243;][vc_column width=\u00bb3\/5&#8243;][vc_single_image image=\u00bb965&#8243;][vc_column_text] \u00a1Descubre la soluci\u00f3n perfecta para tu jard\u00edn con Naturcesped! En Naturcesped somos especialistas en la instalaci\u00f3n de c\u00e9sped artificial de alta calidad para empresas y particulares. Si est\u00e1s buscando una alternativa sostenible y de bajo mantenimiento para tu espacio exterior, est\u00e1s en el sitio adecuado. Nuestro compromiso con la calidad y el medio ambiente, nos haRead more\" \/>\n<meta property=\"og:url\" content=\"https:\/\/naturcesped.com\/es\/presupuesto-instalacion-cesped-artificial\/\" \/>\n<meta property=\"og:site_name\" content=\"NaturC\u00e9sped\" \/>\n<meta property=\"article:modified_time\" content=\"2023-12-27T09:41:07+00:00\" \/>\n<meta name=\"twitter:card\" content=\"summary_large_image\" \/>\n<meta name=\"twitter:label1\" content=\"Tiempo de lectura\" \/>\n\t<meta name=\"twitter:data1\" content=\"3 minutos\" \/>\n<script type=\"application\/ld+json\" class=\"yoast-schema-graph\">{\"@context\":\"https:\/\/schema.org\",\"@graph\":[{\"@type\":\"WebPage\",\"@id\":\"https:\/\/naturcesped.com\/es\/presupuesto-instalacion-cesped-artificial\/\",\"url\":\"https:\/\/naturcesped.com\/es\/presupuesto-instalacion-cesped-artificial\/\",\"name\":\"Presupuesto instalacion cesped artificial - NaturC\u00e9sped\",\"isPartOf\":{\"@id\":\"https:\/\/naturcesped.com\/es\/#website\"},\"datePublished\":\"2023-10-27T10:30:18+00:00\",\"dateModified\":\"2023-12-27T09:41:07+00:00\",\"breadcrumb\":{\"@id\":\"https:\/\/naturcesped.com\/es\/presupuesto-instalacion-cesped-artificial\/#breadcrumb\"},\"inLanguage\":\"es\",\"potentialAction\":[{\"@type\":\"ReadAction\",\"target\":[\"https:\/\/naturcesped.com\/es\/presupuesto-instalacion-cesped-artificial\/\"]}]},{\"@type\":\"BreadcrumbList\",\"@id\":\"https:\/\/naturcesped.com\/es\/presupuesto-instalacion-cesped-artificial\/#breadcrumb\",\"itemListElement\":[{\"@type\":\"ListItem\",\"position\":1,\"name\":\"Portada\",\"item\":\"https:\/\/naturcesped.com\/es\/\"},{\"@type\":\"ListItem\",\"position\":2,\"name\":\"Presupuesto instalacion cesped artificial\"}]},{\"@type\":\"WebSite\",\"@id\":\"https:\/\/naturcesped.com\/es\/#website\",\"url\":\"https:\/\/naturcesped.com\/es\/\",\"name\":\"NaturC\u00e9sped\",\"description\":\"C\u00e9sped artificial en Girona\",\"potentialAction\":[{\"@type\":\"SearchAction\",\"target\":{\"@type\":\"EntryPoint\",\"urlTemplate\":\"https:\/\/naturcesped.com\/es\/?s={search_term_string}\"},\"query-input\":{\"@type\":\"PropertyValueSpecification\",\"valueRequired\":true,\"valueName\":\"search_term_string\"}}],\"inLanguage\":\"es\"}]}<\/script>\n<!-- \/ Yoast SEO plugin. -->","yoast_head_json":{"title":"Presupuesto instalacion cesped artificial - NaturC\u00e9sped","robots":{"index":"index","follow":"follow","max-snippet":"max-snippet:-1","max-image-preview":"max-image-preview:large","max-video-preview":"max-video-preview:-1"},"canonical":"https:\/\/naturcesped.com\/es\/presupuesto-instalacion-cesped-artificial\/","og_locale":"es_ES","og_type":"article","og_title":"Presupuesto instalacion cesped artificial - NaturC\u00e9sped","og_description":"[vc_row gap=\u00bb35&#8243;][vc_column width=\u00bb3\/5&#8243;][vc_single_image image=\u00bb965&#8243;][vc_column_text] \u00a1Descubre la soluci\u00f3n perfecta para tu jard\u00edn con Naturcesped! En Naturcesped somos especialistas en la instalaci\u00f3n de c\u00e9sped artificial de alta calidad para empresas y particulares. Si est\u00e1s buscando una alternativa sostenible y de bajo mantenimiento para tu espacio exterior, est\u00e1s en el sitio adecuado. Nuestro compromiso con la calidad y el medio ambiente, nos haRead more","og_url":"https:\/\/naturcesped.com\/es\/presupuesto-instalacion-cesped-artificial\/","og_site_name":"NaturC\u00e9sped","article_modified_time":"2023-12-27T09:41:07+00:00","twitter_card":"summary_large_image","twitter_misc":{"Tiempo de lectura":"3 minutos"},"schema":{"@context":"https:\/\/schema.org","@graph":[{"@type":"WebPage","@id":"https:\/\/naturcesped.com\/es\/presupuesto-instalacion-cesped-artificial\/","url":"https:\/\/naturcesped.com\/es\/presupuesto-instalacion-cesped-artificial\/","name":"Presupuesto instalacion cesped artificial - NaturC\u00e9sped","isPartOf":{"@id":"https:\/\/naturcesped.com\/es\/#website"},"datePublished":"2023-10-27T10:30:18+00:00","dateModified":"2023-12-27T09:41:07+00:00","breadcrumb":{"@id":"https:\/\/naturcesped.com\/es\/presupuesto-instalacion-cesped-artificial\/#breadcrumb"},"inLanguage":"es","potentialAction":[{"@type":"ReadAction","target":["https:\/\/naturcesped.com\/es\/presupuesto-instalacion-cesped-artificial\/"]}]},{"@type":"BreadcrumbList","@id":"https:\/\/naturcesped.com\/es\/presupuesto-instalacion-cesped-artificial\/#breadcrumb","itemListElement":[{"@type":"ListItem","position":1,"name":"Portada","item":"https:\/\/naturcesped.com\/es\/"},{"@type":"ListItem","position":2,"name":"Presupuesto instalacion cesped artificial"}]},{"@type":"WebSite","@id":"https:\/\/naturcesped.com\/es\/#website","url":"https:\/\/naturcesped.com\/es\/","name":"NaturC\u00e9sped","description":"C\u00e9sped artificial en Girona","potentialAction":[{"@type":"SearchAction","target":{"@type":"EntryPoint","urlTemplate":"https:\/\/naturcesped.com\/es\/?s={search_term_string}"},"query-input":{"@type":"PropertyValueSpecification","valueRequired":true,"valueName":"search_term_string"}}],"inLanguage":"es"}]}},"_links":{"self":[{"href":"https:\/\/naturcesped.com\/es\/wp-json\/wp\/v2\/pages\/1804","targetHints":{"allow":["GET"]}}],"collection":[{"href":"https:\/\/naturcesped.com\/es\/wp-json\/wp\/v2\/pages"}],"about":[{"href":"https:\/\/naturcesped.com\/es\/wp-json\/wp\/v2\/types\/page"}],"author":[{"embeddable":true,"href":"https:\/\/naturcesped.com\/es\/wp-json\/wp\/v2\/users\/1"}],"replies":[{"embeddable":true,"href":"https:\/\/naturcesped.com\/es\/wp-json\/wp\/v2\/comments?post=1804"}],"version-history":[{"count":0,"href":"https:\/\/naturcesped.com\/es\/wp-json\/wp\/v2\/pages\/1804\/revisions"}],"wp:attachment":[{"href":"https:\/\/naturcesped.com\/es\/wp-json\/wp\/v2\/media?parent=1804"}],"curies":[{"name":"wp","href":"https:\/\/api.w.org\/{rel}","templated":true}]}}