{"id":1786,"date":"2023-09-25T07:10:10","date_gmt":"2023-09-25T07:10:10","guid":{"rendered":"https:\/\/naturcesped.com\/?page_id=1786"},"modified":"2023-12-27T09:31:56","modified_gmt":"2023-12-27T09:31:56","slug":"instalacion-cesped-artificial-vilademuls","status":"publish","type":"page","link":"https:\/\/naturcesped.com\/es\/instalacion-cesped-artificial-vilademuls\/","title":{"rendered":"Instalaci\u00f3n c\u00e9sped artificial Vilademuls"},"content":{"rendered":"<div class=\"wpb-content-wrapper\"><p>[vc_row gap=\u00bb35&#8243;][vc_column width=\u00bb3\/5&#8243;][vc_single_image image=\u00bb965&#8243;][vc_column_text]<\/p>\n<p style=\"text-align: justify;\">\u00bfEst\u00e1s buscando la soluci\u00f3n perfecta para transformar tu jard\u00edn en Vilademuls? \u00a1No busques m\u00e1s! En Naturcesped, somos expertos en la <strong>instalaci\u00f3n de c\u00e9sped artificial en Vilademuls<\/strong> y estamos aqu\u00ed para convertir tu \u00e1rea exterior en un para\u00edso de belleza y comodidad. Nuestra experiencia y pasi\u00f3n por la jardiner\u00eda hacen que seamos la elecci\u00f3n n\u00famero uno en Vilademuls para todos tus proyectos de c\u00e9sped artificial.<\/p>\n<p style=\"text-align: justify;\">Vilademuls, con su hermoso entorno natural, es el lugar perfecto para disfrutar del aire libre. Sin embargo, mantener un c\u00e9sped natural puede ser un desaf\u00edo en t\u00e9rminos de tiempo, recursos y costos. Es aqu\u00ed donde entra en juego la instalaci\u00f3n de c\u00e9sped artificial. En Naturcesped, te ofrecemos la soluci\u00f3n ideal para disfrutar de un c\u00e9sped siempre verde y exuberante, sin la molestia de mantenerlo.<\/p>\n<p>[\/vc_column_text][vc_row_inner][vc_column_inner width=\u00bb1\/3&#8243;][\/vc_column_inner][vc_column_inner width=\u00bb1\/3&#8243;]<a\thref=\"https:\/\/naturcesped.com\/es\/contacto\/\" \n\t\t\t\tclass=\"button btn_large btn_theme_color btn_rounded btn_normal_style    \"  target='_self'><span>CONTACTA CON NOSOTROS<\/span><\/a>[\/vc_column_inner][vc_column_inner width=\u00bb1\/3&#8243;][\/vc_column_inner][\/vc_row_inner][vc_column_text]<\/p>\n<p style=\"text-align: justify;\">Nuestro c\u00e9sped artificial es la respuesta perfecta para tu jard\u00edn en Vilademuls. Con \u00e9l, disfrutar\u00e1s de un c\u00e9sped siempre verde y exuberante sin necesidad de horas de trabajo agotadoras. Imagina la libertad de no preocuparte por el riego, la poda o el uso de productos qu\u00edmicos da\u00f1inos. Con Naturcesped, tu jard\u00edn se ver\u00e1 espectacular durante todo el a\u00f1o, independientemente de las condiciones clim\u00e1ticas.<\/p>\n<p style=\"text-align: justify;\">En Naturcesped, hemos perfeccionado nuestro proceso de <strong>instalaci\u00f3n de c\u00e9sped artificial en Vilademuls<\/strong> para que sea sencillo y eficiente, garantizando que tu proyecto sea un \u00e9xito desde el principio hasta el final. Todo comienza con una consulta en persona en Vilademuls, donde nuestros expertos se re\u00fanen contigo para comprender a fondo tus necesidades y preferencias, lo que nos permite dise\u00f1ar un plan que se adapte a tu espacio y estilo de vida.<\/p>\n<p style=\"text-align: justify;\">Despu\u00e9s, te asistimos en la selecci\u00f3n del c\u00e9sped artificial perfecto para tu jard\u00edn en Vilademuls, ofreciendo una amplia gama de opciones en t\u00e9rminos de textura, color y grosor. Luego, nuestro equipo se encarga de preparar el terreno en tu jard\u00edn en Vilademuls, creando una base s\u00f3lida y adecuada para garantizar la estabilidad a largo plazo de tu c\u00e9sped artificial.<\/p>\n<p style=\"text-align: justify;\">La instalaci\u00f3n en s\u00ed se lleva a cabo meticulosamente por nuestros expertos altamente capacitados, y en la etapa final, agregamos los toques finales para asegurarnos de que tu c\u00e9sped artificial en Vilademuls luzca impecable. En resumen, nuestro proceso est\u00e1 dise\u00f1ado para hacer que la instalaci\u00f3n de c\u00e9sped artificial sea un proceso sin complicaciones, donde tu satisfacci\u00f3n es nuestra principal prioridad. Conf\u00eda en Naturcesped para transformar tu espacio exterior en un rinc\u00f3n de belleza y comodidad que disfrutar\u00e1s durante a\u00f1os.<\/p>\n<p style=\"text-align: justify;\">La <strong>instalaci\u00f3n de c\u00e9sped artificial en Vilademuls<\/strong> es la clave para transformar tu espacio exterior en un aut\u00e9ntico oasis de tranquilidad y belleza. En Naturcesped, entendemos lo importante que es para ti contar con un jard\u00edn que sea tanto un lugar de relajaci\u00f3n como un espacio para crear recuerdos duraderos. Por eso, hemos perfeccionado la <strong>instalaci\u00f3n de c\u00e9sped artificial en Vilademuls<\/strong> a lo largo de los a\u00f1os, convirti\u00e9ndonos en l\u00edderes indiscutibles en la industria.<\/p>\n<p style=\"text-align: justify;\">\u00bfListo para transformar tu espacio exterior en Vilademuls con la instalaci\u00f3n de c\u00e9sped artificial? \u00a1Conf\u00eda en Naturcesped para brindarte un jard\u00edn perfecto que disfrutar\u00e1s durante todo el a\u00f1o! Cont\u00e1ctanos hoy mismo para obtener m\u00e1s informaci\u00f3n y un presupuesto gratuito. La instalaci\u00f3n de c\u00e9sped artificial en Vilademuls nunca ha sido tan f\u00e1cil y conveniente. \u00a1Naturcesped &#8211; Tu Socio en la Instalaci\u00f3n de C\u00e9sped Artificial en Vilademuls!<\/p>\n<p>[\/vc_column_text][\/vc_column][vc_column width=\u00bb2\/5&#8243;][vc_column_text]<\/p>\n<h3 style=\"text-align: center;\">Contacta con nosotros para m\u00e1s informaci\u00f3n<\/h3>\n<hr \/>\n<p>[\/vc_column_text]\n<div class=\"wpcf7 no-js\" id=\"wpcf7-f202-o1\" lang=\"es-ES\" dir=\"ltr\" data-wpcf7-id=\"202\">\n<div class=\"screen-reader-response\"><p role=\"status\" aria-live=\"polite\" aria-atomic=\"true\"><\/p> <ul><\/ul><\/div>\n<form action=\"\/es\/wp-json\/wp\/v2\/pages\/1786#wpcf7-f202-o1\" method=\"post\" class=\"wpcf7-form init\" aria-label=\"Formulario de contacto\" novalidate=\"novalidate\" data-status=\"init\">\n<fieldset class=\"hidden-fields-container\"><input type=\"hidden\" name=\"_wpcf7\" value=\"202\" \/><input type=\"hidden\" name=\"_wpcf7_version\" value=\"6.1.3\" \/><input type=\"hidden\" name=\"_wpcf7_locale\" value=\"es_ES\" \/><input type=\"hidden\" name=\"_wpcf7_unit_tag\" value=\"wpcf7-f202-o1\" \/><input type=\"hidden\" name=\"_wpcf7_container_post\" value=\"0\" \/><input type=\"hidden\" name=\"_wpcf7_posted_data_hash\" value=\"\" \/><input type=\"hidden\" name=\"_wpcf7_recaptcha_response\" value=\"\" \/>\n<\/fieldset>\n<p><label> Nombre y apellidos *<br \/>\n<span class=\"wpcf7-form-control-wrap\" data-name=\"your-name\"><input size=\"40\" maxlength=\"400\" class=\"wpcf7-form-control wpcf7-text wpcf7-validates-as-required\" aria-required=\"true\" aria-invalid=\"false\" value=\"\" type=\"text\" name=\"your-name\" \/><\/span> <\/label>\n<\/p>\n<p><label> Tel\u00e9fono *<br \/>\n<span class=\"wpcf7-form-control-wrap\" data-name=\"your-phone\"><input size=\"40\" maxlength=\"400\" class=\"wpcf7-form-control wpcf7-text wpcf7-validates-as-required\" aria-required=\"true\" aria-invalid=\"false\" value=\"\" type=\"text\" name=\"your-phone\" \/><\/span> <\/label>\n<\/p>\n<p><label> Correo electr\u00f3nico *<br \/>\n<span class=\"wpcf7-form-control-wrap\" data-name=\"your-email\"><input size=\"40\" maxlength=\"400\" class=\"wpcf7-form-control wpcf7-email wpcf7-validates-as-required wpcf7-text wpcf7-validates-as-email\" aria-required=\"true\" aria-invalid=\"false\" value=\"\" type=\"email\" name=\"your-email\" \/><\/span> <\/label>\n<\/p>\n<p><label> Municipio *<br \/>\n<span class=\"wpcf7-form-control-wrap\" data-name=\"your-town\"><input size=\"40\" maxlength=\"400\" class=\"wpcf7-form-control wpcf7-text wpcf7-validates-as-required\" aria-required=\"true\" aria-invalid=\"false\" value=\"\" type=\"text\" name=\"your-town\" \/><\/span> <\/label>\n<\/p>\n<p><label> Cantidad de m\u00b2<br \/>\n<span class=\"wpcf7-form-control-wrap\" data-name=\"your-meters\"><input size=\"40\" maxlength=\"400\" class=\"wpcf7-form-control wpcf7-text\" aria-invalid=\"false\" value=\"\" type=\"text\" name=\"your-meters\" \/><\/span> <\/label>\n<\/p>\n<p><label> Terreno actual *<br \/>\n<span class=\"wpcf7-form-control-wrap\" data-name=\"radio-509\"><span class=\"wpcf7-form-control wpcf7-radio\"><span class=\"wpcf7-list-item first\"><label><input type=\"radio\" name=\"radio-509\" value=\"Tierra\" checked=\"checked\" \/><span class=\"wpcf7-list-item-label\">Tierra<\/span><\/label><\/span><span class=\"wpcf7-list-item\"><label><input type=\"radio\" name=\"radio-509\" value=\"C\u00e9sped natural\" \/><span class=\"wpcf7-list-item-label\">C\u00e9sped natural<\/span><\/label><\/span><span class=\"wpcf7-list-item\"><label><input type=\"radio\" name=\"radio-509\" value=\"Pavimento\" \/><span class=\"wpcf7-list-item-label\">Pavimento<\/span><\/label><\/span><span class=\"wpcf7-list-item last\"><label><input type=\"radio\" name=\"radio-509\" value=\"C\u00e9sped artificial\" \/><span class=\"wpcf7-list-item-label\">C\u00e9sped artificial<\/span><\/label><\/span><\/span><\/span> <\/label>\n<\/p>\n<p><label> Mensaje *<br \/>\n<span class=\"wpcf7-form-control-wrap\" data-name=\"your-message\"><textarea cols=\"40\" rows=\"3\" maxlength=\"2000\" class=\"wpcf7-form-control wpcf7-textarea wpcf7-validates-as-required\" aria-required=\"true\" aria-invalid=\"false\" name=\"your-message\"><\/textarea><\/span> <\/label>\n<\/p>\n<p style=\"font-weight: lighter; font-size:12px;\">Informaci\u00f3n b\u00e1sica sobre el tratamiento de datos (Reglamento (UE) 2016\/679 y LO 3\/2018)<br \/>\nResponsable del tratamiento: Naturcesped C\u00e9sped Artificial, SL.\n<\/p>\n<p style=\"font-weight: lighter; font-size:12px;\">Finalidad: Ofrecer, prestar y facturar nuestros servicios y productos.\n<\/p>\n<p style=\"font-weight: lighter; font-size:12px;\">Legitimaci\u00f3n: Consentimiento del interesado.\n<\/p>\n<p style=\"font-weight: lighter; font-size:12px;\">Destinatarios: Los datos no se ceder\u00e1n a terceros, a menos que lo exija una ley o sea necesario para cumplir con la finalidad del tratamiento.\n<\/p>\n<p style=\"font-weight: lighter; font-size:12px;\">Derechos: Acceder, rectificar y suprimir datos, as\u00ed como el resto que se explican en la pol\u00edtica de protecci\u00f3n de datos.\n<\/p>\n<p style=\"font-weight: lighter; font-size:12px;\">M\u00e1s informaci\u00f3n en nuestra pol\u00edtica de protecci\u00f3n de datos.\n<\/p>\n<p><input class=\"wpcf7-form-control wpcf7-submit has-spinner\" type=\"submit\" value=\"Enviar\" \/>\n<\/p><div class=\"wpcf7-response-output\" aria-hidden=\"true\"><\/div>\n<\/form>\n<\/div>\n[\/vc_column][\/vc_row]<\/p>\n<\/div>","protected":false},"excerpt":{"rendered":"<p>[vc_row gap=\u00bb35&#8243;][vc_column width=\u00bb3\/5&#8243;][vc_single_image image=\u00bb965&#8243;][vc_column_text] \u00bfEst\u00e1s buscando la soluci\u00f3n perfecta para transformar tu jard\u00edn en Vilademuls? \u00a1No busques m\u00e1s! En Naturcesped, somos expertos en la instalaci\u00f3n de c\u00e9sped artificial en Vilademuls y estamos aqu\u00ed para convertir tu \u00e1rea exterior en un para\u00edso de belleza y comodidad. Nuestra experiencia y pasi\u00f3n por la jardiner\u00eda hacen que seamos la elecci\u00f3n n\u00famero uno en<\/p>\n<div class=\"h10\"><\/div>\n<p><a class=\"more-link1\" href=\"https:\/\/naturcesped.com\/es\/instalacion-cesped-artificial-vilademuls\/\">Read more<\/a><\/p>\n","protected":false},"author":1,"featured_media":0,"parent":0,"menu_order":0,"comment_status":"closed","ping_status":"closed","template":"","meta":{"footnotes":""},"class_list":["post-1786","page","type-page","status-publish","hentry"],"yoast_head":"<!-- This site is optimized with the Yoast SEO plugin v26.3 - https:\/\/yoast.com\/wordpress\/plugins\/seo\/ -->\n<title>Instalaci\u00f3n c\u00e9sped artificial Vilademuls - NaturC\u00e9sped<\/title>\n<meta name=\"robots\" content=\"index, follow, max-snippet:-1, max-image-preview:large, max-video-preview:-1\" \/>\n<link rel=\"canonical\" href=\"https:\/\/naturcesped.com\/es\/instalacion-cesped-artificial-vilademuls\/\" \/>\n<meta property=\"og:locale\" content=\"es_ES\" \/>\n<meta property=\"og:type\" content=\"article\" \/>\n<meta property=\"og:title\" content=\"Instalaci\u00f3n c\u00e9sped artificial Vilademuls - NaturC\u00e9sped\" \/>\n<meta property=\"og:description\" content=\"[vc_row gap=\u00bb35&#8243;][vc_column width=\u00bb3\/5&#8243;][vc_single_image image=\u00bb965&#8243;][vc_column_text] \u00bfEst\u00e1s buscando la soluci\u00f3n perfecta para transformar tu jard\u00edn en Vilademuls? \u00a1No busques m\u00e1s! En Naturcesped, somos expertos en la instalaci\u00f3n de c\u00e9sped artificial en Vilademuls y estamos aqu\u00ed para convertir tu \u00e1rea exterior en un para\u00edso de belleza y comodidad. Nuestra experiencia y pasi\u00f3n por la jardiner\u00eda hacen que seamos la elecci\u00f3n n\u00famero uno enRead more\" \/>\n<meta property=\"og:url\" content=\"https:\/\/naturcesped.com\/es\/instalacion-cesped-artificial-vilademuls\/\" \/>\n<meta property=\"og:site_name\" content=\"NaturC\u00e9sped\" \/>\n<meta property=\"article:modified_time\" content=\"2023-12-27T09:31:56+00:00\" \/>\n<meta name=\"twitter:card\" content=\"summary_large_image\" \/>\n<meta name=\"twitter:label1\" content=\"Tiempo de lectura\" \/>\n\t<meta name=\"twitter:data1\" content=\"4 minutos\" \/>\n<script type=\"application\/ld+json\" class=\"yoast-schema-graph\">{\"@context\":\"https:\/\/schema.org\",\"@graph\":[{\"@type\":\"WebPage\",\"@id\":\"https:\/\/naturcesped.com\/es\/instalacion-cesped-artificial-vilademuls\/\",\"url\":\"https:\/\/naturcesped.com\/es\/instalacion-cesped-artificial-vilademuls\/\",\"name\":\"Instalaci\u00f3n c\u00e9sped artificial Vilademuls - NaturC\u00e9sped\",\"isPartOf\":{\"@id\":\"https:\/\/naturcesped.com\/es\/#website\"},\"datePublished\":\"2023-09-25T07:10:10+00:00\",\"dateModified\":\"2023-12-27T09:31:56+00:00\",\"breadcrumb\":{\"@id\":\"https:\/\/naturcesped.com\/es\/instalacion-cesped-artificial-vilademuls\/#breadcrumb\"},\"inLanguage\":\"es\",\"potentialAction\":[{\"@type\":\"ReadAction\",\"target\":[\"https:\/\/naturcesped.com\/es\/instalacion-cesped-artificial-vilademuls\/\"]}]},{\"@type\":\"BreadcrumbList\",\"@id\":\"https:\/\/naturcesped.com\/es\/instalacion-cesped-artificial-vilademuls\/#breadcrumb\",\"itemListElement\":[{\"@type\":\"ListItem\",\"position\":1,\"name\":\"Portada\",\"item\":\"https:\/\/naturcesped.com\/es\/\"},{\"@type\":\"ListItem\",\"position\":2,\"name\":\"Instalaci\u00f3n c\u00e9sped artificial Vilademuls\"}]},{\"@type\":\"WebSite\",\"@id\":\"https:\/\/naturcesped.com\/es\/#website\",\"url\":\"https:\/\/naturcesped.com\/es\/\",\"name\":\"NaturC\u00e9sped\",\"description\":\"C\u00e9sped artificial en Girona\",\"potentialAction\":[{\"@type\":\"SearchAction\",\"target\":{\"@type\":\"EntryPoint\",\"urlTemplate\":\"https:\/\/naturcesped.com\/es\/?s={search_term_string}\"},\"query-input\":{\"@type\":\"PropertyValueSpecification\",\"valueRequired\":true,\"valueName\":\"search_term_string\"}}],\"inLanguage\":\"es\"}]}<\/script>\n<!-- \/ Yoast SEO plugin. -->","yoast_head_json":{"title":"Instalaci\u00f3n c\u00e9sped artificial Vilademuls - NaturC\u00e9sped","robots":{"index":"index","follow":"follow","max-snippet":"max-snippet:-1","max-image-preview":"max-image-preview:large","max-video-preview":"max-video-preview:-1"},"canonical":"https:\/\/naturcesped.com\/es\/instalacion-cesped-artificial-vilademuls\/","og_locale":"es_ES","og_type":"article","og_title":"Instalaci\u00f3n c\u00e9sped artificial Vilademuls - NaturC\u00e9sped","og_description":"[vc_row gap=\u00bb35&#8243;][vc_column width=\u00bb3\/5&#8243;][vc_single_image image=\u00bb965&#8243;][vc_column_text] \u00bfEst\u00e1s buscando la soluci\u00f3n perfecta para transformar tu jard\u00edn en Vilademuls? \u00a1No busques m\u00e1s! En Naturcesped, somos expertos en la instalaci\u00f3n de c\u00e9sped artificial en Vilademuls y estamos aqu\u00ed para convertir tu \u00e1rea exterior en un para\u00edso de belleza y comodidad. Nuestra experiencia y pasi\u00f3n por la jardiner\u00eda hacen que seamos la elecci\u00f3n n\u00famero uno enRead more","og_url":"https:\/\/naturcesped.com\/es\/instalacion-cesped-artificial-vilademuls\/","og_site_name":"NaturC\u00e9sped","article_modified_time":"2023-12-27T09:31:56+00:00","twitter_card":"summary_large_image","twitter_misc":{"Tiempo de lectura":"4 minutos"},"schema":{"@context":"https:\/\/schema.org","@graph":[{"@type":"WebPage","@id":"https:\/\/naturcesped.com\/es\/instalacion-cesped-artificial-vilademuls\/","url":"https:\/\/naturcesped.com\/es\/instalacion-cesped-artificial-vilademuls\/","name":"Instalaci\u00f3n c\u00e9sped artificial Vilademuls - NaturC\u00e9sped","isPartOf":{"@id":"https:\/\/naturcesped.com\/es\/#website"},"datePublished":"2023-09-25T07:10:10+00:00","dateModified":"2023-12-27T09:31:56+00:00","breadcrumb":{"@id":"https:\/\/naturcesped.com\/es\/instalacion-cesped-artificial-vilademuls\/#breadcrumb"},"inLanguage":"es","potentialAction":[{"@type":"ReadAction","target":["https:\/\/naturcesped.com\/es\/instalacion-cesped-artificial-vilademuls\/"]}]},{"@type":"BreadcrumbList","@id":"https:\/\/naturcesped.com\/es\/instalacion-cesped-artificial-vilademuls\/#breadcrumb","itemListElement":[{"@type":"ListItem","position":1,"name":"Portada","item":"https:\/\/naturcesped.com\/es\/"},{"@type":"ListItem","position":2,"name":"Instalaci\u00f3n c\u00e9sped artificial Vilademuls"}]},{"@type":"WebSite","@id":"https:\/\/naturcesped.com\/es\/#website","url":"https:\/\/naturcesped.com\/es\/","name":"NaturC\u00e9sped","description":"C\u00e9sped artificial en Girona","potentialAction":[{"@type":"SearchAction","target":{"@type":"EntryPoint","urlTemplate":"https:\/\/naturcesped.com\/es\/?s={search_term_string}"},"query-input":{"@type":"PropertyValueSpecification","valueRequired":true,"valueName":"search_term_string"}}],"inLanguage":"es"}]}},"_links":{"self":[{"href":"https:\/\/naturcesped.com\/es\/wp-json\/wp\/v2\/pages\/1786","targetHints":{"allow":["GET"]}}],"collection":[{"href":"https:\/\/naturcesped.com\/es\/wp-json\/wp\/v2\/pages"}],"about":[{"href":"https:\/\/naturcesped.com\/es\/wp-json\/wp\/v2\/types\/page"}],"author":[{"embeddable":true,"href":"https:\/\/naturcesped.com\/es\/wp-json\/wp\/v2\/users\/1"}],"replies":[{"embeddable":true,"href":"https:\/\/naturcesped.com\/es\/wp-json\/wp\/v2\/comments?post=1786"}],"version-history":[{"count":0,"href":"https:\/\/naturcesped.com\/es\/wp-json\/wp\/v2\/pages\/1786\/revisions"}],"wp:attachment":[{"href":"https:\/\/naturcesped.com\/es\/wp-json\/wp\/v2\/media?parent=1786"}],"curies":[{"name":"wp","href":"https:\/\/api.w.org\/{rel}","templated":true}]}}