{"id":1743,"date":"2023-09-01T08:20:28","date_gmt":"2023-09-01T08:20:28","guid":{"rendered":"https:\/\/naturcesped.com\/?page_id=1743"},"modified":"2023-12-27T09:08:04","modified_gmt":"2023-12-27T09:08:04","slug":"instalacion-cesped-artificial-lestartit","status":"publish","type":"page","link":"https:\/\/naturcesped.com\/es\/instalacion-cesped-artificial-lestartit\/","title":{"rendered":"Instalaci\u00f3n c\u00e9sped artificial L\u2019Estartit"},"content":{"rendered":"<div class=\"wpb-content-wrapper\"><p>[vc_row gap=\u00bb35&#8243;][vc_column width=\u00bb2\/3&#8243;][vc_single_image image=\u00bb424&#8243;][vc_column_text]<\/p>\n<p style=\"text-align: justify;\">\u00bfEst\u00e1s buscando una soluci\u00f3n duradera y de bajo mantenimiento para tu jard\u00edn o espacio exterior en Estartit? En Naturcesped, somos expertos en la <strong>instalaci\u00f3n de c\u00e9sped artificial en Estartit<\/strong> y sus alrededores. Nuestra dedicaci\u00f3n a la calidad y la satisfacci\u00f3n del cliente nos ha convertido en l\u00edderes en el sector.<\/p>\n<p style=\"text-align: justify;\">El c\u00e9sped artificial no solo es una opci\u00f3n est\u00e9ticamente atractiva para tu hogar en Estartit, sino que tambi\u00e9n ofrece innumerables beneficios que transformar\u00e1n por completo tu espacio exterior. Imagina tener un c\u00e9sped siempre verde y exuberante, independientemente de la estaci\u00f3n del a\u00f1o o las condiciones clim\u00e1ticas. Con la instalaci\u00f3n de c\u00e9sped artificial, esto se convierte en una realidad.<\/p>\n<p>[\/vc_column_text][vc_row_inner][vc_column_inner width=\u00bb1\/3&#8243;][\/vc_column_inner][vc_column_inner width=\u00bb1\/3&#8243;]<a\thref=\"https:\/\/naturcesped.com\/es\/contacto\/\" \n\t\t\t\tclass=\"button btn_large btn_theme_color btn_rounded btn_normal_style    \"  target='_self'><span>CONTACTA CON NOSOTROS<\/span><\/a>[\/vc_column_inner][vc_column_inner width=\u00bb1\/3&#8243;][\/vc_column_inner][\/vc_row_inner][vc_column_text]<\/p>\n<p style=\"text-align: justify;\">Uno de los principales problemas con el c\u00e9sped natural en Estartit es la necesidad de riego constante para mantenerlo saludable y verde. El clima mediterr\u00e1neo puede ser caluroso y seco en verano, lo que conlleva un consumo significativo de agua para mantener el c\u00e9sped natural en buen estado. Adem\u00e1s, el corte regular y el control de plagas pueden convertirse en tareas tediosas y costosas. Sin embargo, con nuestro c\u00e9sped artificial de alta calidad, todos estos problemas se desvanecen.<\/p>\n<p style=\"text-align: justify;\">En Naturcesped, entendemos que cada proyecto es \u00fanico, al igual que las necesidades de cada cliente. Por eso, ofrecemos servicios de <strong>instalaci\u00f3n de c\u00e9sped artificial en Estartit<\/strong> totalmente personalizados. Ya sea que tengas un jard\u00edn residencial, un espacio comercial o una zona p\u00fablica que requiera transformaci\u00f3n, estamos aqu\u00ed para ayudarte. Nuestro equipo de expertos en c\u00e9sped artificial se encargar\u00e1 de evaluar tu situaci\u00f3n espec\u00edfica y dise\u00f1ar una soluci\u00f3n a medida que se adapte perfectamente a tus requerimientos y deseos.<\/p>\n<p style=\"text-align: justify;\">Cuando eliges trabajar con nosotros, puedes tener la confianza de que estamos respaldados por a\u00f1os de experiencia en la <strong>instalaci\u00f3n de c\u00e9sped artificial en Estartit<\/strong> y sus alrededores. Hemos completado con \u00e9xito proyectos de todos los tama\u00f1os y en diversos entornos.<\/p>\n<p style=\"text-align: justify;\">Ventajas de Nuestra <strong>Instalaci\u00f3n de C\u00e9sped Artificial en Estartit<\/strong><\/p>\n<ul style=\"text-align: justify;\">\n<li>Expertise Local: Conocemos las condiciones clim\u00e1ticas y el terreno de Estartit, lo que nos permite instalar c\u00e9sped artificial de manera efectiva y duradera.<\/li>\n<li>Productos de Alta Calidad: Trabajamos con los mejores proveedores de c\u00e9sped artificial, garantizando un producto de calidad superior.<\/li>\n<li>Ahorro a Largo Plazo: La instalaci\u00f3n de c\u00e9sped artificial reduce significativamente los costos de mantenimiento a lo largo del tiempo, lo que te ahorra dinero.<\/li>\n<li>Compromiso Ambiental: El c\u00e9sped artificial es una opci\u00f3n ecol\u00f3gica, ya que reduce el consumo de agua y elimina la necesidad de productos qu\u00edmicos.<\/li>\n<\/ul>\n<p style=\"text-align: justify;\">Contacta con Nosotros<\/p>\n<p style=\"text-align: justify;\">No dejes que la falta de tiempo o la preocupaci\u00f3n por el mantenimiento del c\u00e9sped te impidan disfrutar de un espacio exterior hermoso en Estartit. Cont\u00e1ctanos hoy mismo para obtener una consulta gratuita y descubre c\u00f3mo la instalaci\u00f3n de c\u00e9sped artificial puede transformar tu hogar o negocio.<\/p>\n<p style=\"text-align: justify;\">Conf\u00eda en Naturcesped para la instalaci\u00f3n de c\u00e9sped artificial en Estartit y obt\u00e9n resultados excepcionales que perdurar\u00e1n durante a\u00f1os. Estamos aqu\u00ed para convertir tu visi\u00f3n en realidad. \u00a1D\u00e9janos hacer que tu espacio exterior sea incre\u00edble!<\/p>\n<p>[\/vc_column_text][\/vc_column][vc_column width=\u00bb1\/3&#8243;][vc_column_text]<\/p>\n<h2 style=\"text-align: center;\">Cont\u00e1ctanos para m\u00e1s informaci\u00f3n<\/h2>\n<p>[\/vc_column_text]<div class=\"boc_divider_holder\"><div class=\"boc_divider  \"  style=\"margin-top: 20px;margin-bottom: 20px;height: 1px;background: #eeeeee;\"><\/div><\/div>\n<div class=\"wpcf7 no-js\" id=\"wpcf7-f202-o1\" lang=\"es-ES\" dir=\"ltr\" data-wpcf7-id=\"202\">\n<div class=\"screen-reader-response\"><p role=\"status\" aria-live=\"polite\" aria-atomic=\"true\"><\/p> <ul><\/ul><\/div>\n<form action=\"\/es\/wp-json\/wp\/v2\/pages\/1743#wpcf7-f202-o1\" method=\"post\" class=\"wpcf7-form init\" aria-label=\"Formulario de contacto\" novalidate=\"novalidate\" data-status=\"init\">\n<fieldset class=\"hidden-fields-container\"><input type=\"hidden\" name=\"_wpcf7\" value=\"202\" \/><input type=\"hidden\" name=\"_wpcf7_version\" value=\"6.1.3\" \/><input type=\"hidden\" name=\"_wpcf7_locale\" value=\"es_ES\" \/><input type=\"hidden\" name=\"_wpcf7_unit_tag\" value=\"wpcf7-f202-o1\" \/><input type=\"hidden\" name=\"_wpcf7_container_post\" value=\"0\" \/><input type=\"hidden\" name=\"_wpcf7_posted_data_hash\" value=\"\" \/><input type=\"hidden\" name=\"_wpcf7_recaptcha_response\" value=\"\" \/>\n<\/fieldset>\n<p><label> Nombre y apellidos *<br \/>\n<span class=\"wpcf7-form-control-wrap\" data-name=\"your-name\"><input size=\"40\" maxlength=\"400\" class=\"wpcf7-form-control wpcf7-text wpcf7-validates-as-required\" aria-required=\"true\" aria-invalid=\"false\" value=\"\" type=\"text\" name=\"your-name\" \/><\/span> <\/label>\n<\/p>\n<p><label> Tel\u00e9fono *<br \/>\n<span class=\"wpcf7-form-control-wrap\" data-name=\"your-phone\"><input size=\"40\" maxlength=\"400\" class=\"wpcf7-form-control wpcf7-text wpcf7-validates-as-required\" aria-required=\"true\" aria-invalid=\"false\" value=\"\" type=\"text\" name=\"your-phone\" \/><\/span> <\/label>\n<\/p>\n<p><label> Correo electr\u00f3nico *<br \/>\n<span class=\"wpcf7-form-control-wrap\" data-name=\"your-email\"><input size=\"40\" maxlength=\"400\" class=\"wpcf7-form-control wpcf7-email wpcf7-validates-as-required wpcf7-text wpcf7-validates-as-email\" aria-required=\"true\" aria-invalid=\"false\" value=\"\" type=\"email\" name=\"your-email\" \/><\/span> <\/label>\n<\/p>\n<p><label> Municipio *<br \/>\n<span class=\"wpcf7-form-control-wrap\" data-name=\"your-town\"><input size=\"40\" maxlength=\"400\" class=\"wpcf7-form-control wpcf7-text wpcf7-validates-as-required\" aria-required=\"true\" aria-invalid=\"false\" value=\"\" type=\"text\" name=\"your-town\" \/><\/span> <\/label>\n<\/p>\n<p><label> Cantidad de m\u00b2<br \/>\n<span class=\"wpcf7-form-control-wrap\" data-name=\"your-meters\"><input size=\"40\" maxlength=\"400\" class=\"wpcf7-form-control wpcf7-text\" aria-invalid=\"false\" value=\"\" type=\"text\" name=\"your-meters\" \/><\/span> <\/label>\n<\/p>\n<p><label> Terreno actual *<br \/>\n<span class=\"wpcf7-form-control-wrap\" data-name=\"radio-509\"><span class=\"wpcf7-form-control wpcf7-radio\"><span class=\"wpcf7-list-item first\"><label><input type=\"radio\" name=\"radio-509\" value=\"Tierra\" checked=\"checked\" \/><span class=\"wpcf7-list-item-label\">Tierra<\/span><\/label><\/span><span class=\"wpcf7-list-item\"><label><input type=\"radio\" name=\"radio-509\" value=\"C\u00e9sped natural\" \/><span class=\"wpcf7-list-item-label\">C\u00e9sped natural<\/span><\/label><\/span><span class=\"wpcf7-list-item\"><label><input type=\"radio\" name=\"radio-509\" value=\"Pavimento\" \/><span class=\"wpcf7-list-item-label\">Pavimento<\/span><\/label><\/span><span class=\"wpcf7-list-item last\"><label><input type=\"radio\" name=\"radio-509\" value=\"C\u00e9sped artificial\" \/><span class=\"wpcf7-list-item-label\">C\u00e9sped artificial<\/span><\/label><\/span><\/span><\/span> <\/label>\n<\/p>\n<p><label> Mensaje *<br \/>\n<span class=\"wpcf7-form-control-wrap\" data-name=\"your-message\"><textarea cols=\"40\" rows=\"3\" maxlength=\"2000\" class=\"wpcf7-form-control wpcf7-textarea wpcf7-validates-as-required\" aria-required=\"true\" aria-invalid=\"false\" name=\"your-message\"><\/textarea><\/span> <\/label>\n<\/p>\n<p style=\"font-weight: lighter; font-size:12px;\">Informaci\u00f3n b\u00e1sica sobre el tratamiento de datos (Reglamento (UE) 2016\/679 y LO 3\/2018)<br \/>\nResponsable del tratamiento: Naturcesped C\u00e9sped Artificial, SL.\n<\/p>\n<p style=\"font-weight: lighter; font-size:12px;\">Finalidad: Ofrecer, prestar y facturar nuestros servicios y productos.\n<\/p>\n<p style=\"font-weight: lighter; font-size:12px;\">Legitimaci\u00f3n: Consentimiento del interesado.\n<\/p>\n<p style=\"font-weight: lighter; font-size:12px;\">Destinatarios: Los datos no se ceder\u00e1n a terceros, a menos que lo exija una ley o sea necesario para cumplir con la finalidad del tratamiento.\n<\/p>\n<p style=\"font-weight: lighter; font-size:12px;\">Derechos: Acceder, rectificar y suprimir datos, as\u00ed como el resto que se explican en la pol\u00edtica de protecci\u00f3n de datos.\n<\/p>\n<p style=\"font-weight: lighter; font-size:12px;\">M\u00e1s informaci\u00f3n en nuestra pol\u00edtica de protecci\u00f3n de datos.\n<\/p>\n<p><input class=\"wpcf7-form-control wpcf7-submit has-spinner\" type=\"submit\" value=\"Enviar\" \/>\n<\/p><div class=\"wpcf7-response-output\" aria-hidden=\"true\"><\/div>\n<\/form>\n<\/div>\n[\/vc_column][\/vc_row]<\/p>\n<\/div>","protected":false},"excerpt":{"rendered":"<p>[vc_row gap=\u00bb35&#8243;][vc_column width=\u00bb2\/3&#8243;][vc_single_image image=\u00bb424&#8243;][vc_column_text] \u00bfEst\u00e1s buscando una soluci\u00f3n duradera y de bajo mantenimiento para tu jard\u00edn o espacio exterior en Estartit? En Naturcesped, somos expertos en la instalaci\u00f3n de c\u00e9sped artificial en Estartit y sus alrededores. Nuestra dedicaci\u00f3n a la calidad y la satisfacci\u00f3n del cliente nos ha convertido en l\u00edderes en el sector. El c\u00e9sped artificial no solo es<\/p>\n<div class=\"h10\"><\/div>\n<p><a class=\"more-link1\" href=\"https:\/\/naturcesped.com\/es\/instalacion-cesped-artificial-lestartit\/\">Read more<\/a><\/p>\n","protected":false},"author":1,"featured_media":0,"parent":0,"menu_order":0,"comment_status":"closed","ping_status":"closed","template":"","meta":{"footnotes":""},"class_list":["post-1743","page","type-page","status-publish","hentry"],"yoast_head":"<!-- This site is optimized with the Yoast SEO plugin v26.3 - https:\/\/yoast.com\/wordpress\/plugins\/seo\/ -->\n<title>Instalaci\u00f3n c\u00e9sped artificial L\u2019Estartit - NaturC\u00e9sped<\/title>\n<meta name=\"robots\" content=\"index, follow, max-snippet:-1, max-image-preview:large, max-video-preview:-1\" \/>\n<link rel=\"canonical\" href=\"https:\/\/naturcesped.com\/es\/instalacion-cesped-artificial-lestartit\/\" \/>\n<meta property=\"og:locale\" content=\"es_ES\" \/>\n<meta property=\"og:type\" content=\"article\" \/>\n<meta property=\"og:title\" content=\"Instalaci\u00f3n c\u00e9sped artificial L\u2019Estartit - NaturC\u00e9sped\" \/>\n<meta property=\"og:description\" content=\"[vc_row gap=\u00bb35&#8243;][vc_column width=\u00bb2\/3&#8243;][vc_single_image image=\u00bb424&#8243;][vc_column_text] \u00bfEst\u00e1s buscando una soluci\u00f3n duradera y de bajo mantenimiento para tu jard\u00edn o espacio exterior en Estartit? En Naturcesped, somos expertos en la instalaci\u00f3n de c\u00e9sped artificial en Estartit y sus alrededores. Nuestra dedicaci\u00f3n a la calidad y la satisfacci\u00f3n del cliente nos ha convertido en l\u00edderes en el sector. El c\u00e9sped artificial no solo esRead more\" \/>\n<meta property=\"og:url\" content=\"https:\/\/naturcesped.com\/es\/instalacion-cesped-artificial-lestartit\/\" \/>\n<meta property=\"og:site_name\" content=\"NaturC\u00e9sped\" \/>\n<meta property=\"article:modified_time\" content=\"2023-12-27T09:08:04+00:00\" \/>\n<meta name=\"twitter:card\" content=\"summary_large_image\" \/>\n<meta name=\"twitter:label1\" content=\"Tiempo de lectura\" \/>\n\t<meta name=\"twitter:data1\" content=\"3 minutos\" \/>\n<script type=\"application\/ld+json\" class=\"yoast-schema-graph\">{\"@context\":\"https:\/\/schema.org\",\"@graph\":[{\"@type\":\"WebPage\",\"@id\":\"https:\/\/naturcesped.com\/es\/instalacion-cesped-artificial-lestartit\/\",\"url\":\"https:\/\/naturcesped.com\/es\/instalacion-cesped-artificial-lestartit\/\",\"name\":\"Instalaci\u00f3n c\u00e9sped artificial L\u2019Estartit - NaturC\u00e9sped\",\"isPartOf\":{\"@id\":\"https:\/\/naturcesped.com\/es\/#website\"},\"datePublished\":\"2023-09-01T08:20:28+00:00\",\"dateModified\":\"2023-12-27T09:08:04+00:00\",\"breadcrumb\":{\"@id\":\"https:\/\/naturcesped.com\/es\/instalacion-cesped-artificial-lestartit\/#breadcrumb\"},\"inLanguage\":\"es\",\"potentialAction\":[{\"@type\":\"ReadAction\",\"target\":[\"https:\/\/naturcesped.com\/es\/instalacion-cesped-artificial-lestartit\/\"]}]},{\"@type\":\"BreadcrumbList\",\"@id\":\"https:\/\/naturcesped.com\/es\/instalacion-cesped-artificial-lestartit\/#breadcrumb\",\"itemListElement\":[{\"@type\":\"ListItem\",\"position\":1,\"name\":\"Portada\",\"item\":\"https:\/\/naturcesped.com\/es\/\"},{\"@type\":\"ListItem\",\"position\":2,\"name\":\"Instalaci\u00f3n c\u00e9sped artificial L\u2019Estartit\"}]},{\"@type\":\"WebSite\",\"@id\":\"https:\/\/naturcesped.com\/es\/#website\",\"url\":\"https:\/\/naturcesped.com\/es\/\",\"name\":\"NaturC\u00e9sped\",\"description\":\"C\u00e9sped artificial en Girona\",\"potentialAction\":[{\"@type\":\"SearchAction\",\"target\":{\"@type\":\"EntryPoint\",\"urlTemplate\":\"https:\/\/naturcesped.com\/es\/?s={search_term_string}\"},\"query-input\":{\"@type\":\"PropertyValueSpecification\",\"valueRequired\":true,\"valueName\":\"search_term_string\"}}],\"inLanguage\":\"es\"}]}<\/script>\n<!-- \/ Yoast SEO plugin. -->","yoast_head_json":{"title":"Instalaci\u00f3n c\u00e9sped artificial L\u2019Estartit - NaturC\u00e9sped","robots":{"index":"index","follow":"follow","max-snippet":"max-snippet:-1","max-image-preview":"max-image-preview:large","max-video-preview":"max-video-preview:-1"},"canonical":"https:\/\/naturcesped.com\/es\/instalacion-cesped-artificial-lestartit\/","og_locale":"es_ES","og_type":"article","og_title":"Instalaci\u00f3n c\u00e9sped artificial L\u2019Estartit - NaturC\u00e9sped","og_description":"[vc_row gap=\u00bb35&#8243;][vc_column width=\u00bb2\/3&#8243;][vc_single_image image=\u00bb424&#8243;][vc_column_text] \u00bfEst\u00e1s buscando una soluci\u00f3n duradera y de bajo mantenimiento para tu jard\u00edn o espacio exterior en Estartit? En Naturcesped, somos expertos en la instalaci\u00f3n de c\u00e9sped artificial en Estartit y sus alrededores. Nuestra dedicaci\u00f3n a la calidad y la satisfacci\u00f3n del cliente nos ha convertido en l\u00edderes en el sector. El c\u00e9sped artificial no solo esRead more","og_url":"https:\/\/naturcesped.com\/es\/instalacion-cesped-artificial-lestartit\/","og_site_name":"NaturC\u00e9sped","article_modified_time":"2023-12-27T09:08:04+00:00","twitter_card":"summary_large_image","twitter_misc":{"Tiempo de lectura":"3 minutos"},"schema":{"@context":"https:\/\/schema.org","@graph":[{"@type":"WebPage","@id":"https:\/\/naturcesped.com\/es\/instalacion-cesped-artificial-lestartit\/","url":"https:\/\/naturcesped.com\/es\/instalacion-cesped-artificial-lestartit\/","name":"Instalaci\u00f3n c\u00e9sped artificial L\u2019Estartit - NaturC\u00e9sped","isPartOf":{"@id":"https:\/\/naturcesped.com\/es\/#website"},"datePublished":"2023-09-01T08:20:28+00:00","dateModified":"2023-12-27T09:08:04+00:00","breadcrumb":{"@id":"https:\/\/naturcesped.com\/es\/instalacion-cesped-artificial-lestartit\/#breadcrumb"},"inLanguage":"es","potentialAction":[{"@type":"ReadAction","target":["https:\/\/naturcesped.com\/es\/instalacion-cesped-artificial-lestartit\/"]}]},{"@type":"BreadcrumbList","@id":"https:\/\/naturcesped.com\/es\/instalacion-cesped-artificial-lestartit\/#breadcrumb","itemListElement":[{"@type":"ListItem","position":1,"name":"Portada","item":"https:\/\/naturcesped.com\/es\/"},{"@type":"ListItem","position":2,"name":"Instalaci\u00f3n c\u00e9sped artificial L\u2019Estartit"}]},{"@type":"WebSite","@id":"https:\/\/naturcesped.com\/es\/#website","url":"https:\/\/naturcesped.com\/es\/","name":"NaturC\u00e9sped","description":"C\u00e9sped artificial en Girona","potentialAction":[{"@type":"SearchAction","target":{"@type":"EntryPoint","urlTemplate":"https:\/\/naturcesped.com\/es\/?s={search_term_string}"},"query-input":{"@type":"PropertyValueSpecification","valueRequired":true,"valueName":"search_term_string"}}],"inLanguage":"es"}]}},"_links":{"self":[{"href":"https:\/\/naturcesped.com\/es\/wp-json\/wp\/v2\/pages\/1743","targetHints":{"allow":["GET"]}}],"collection":[{"href":"https:\/\/naturcesped.com\/es\/wp-json\/wp\/v2\/pages"}],"about":[{"href":"https:\/\/naturcesped.com\/es\/wp-json\/wp\/v2\/types\/page"}],"author":[{"embeddable":true,"href":"https:\/\/naturcesped.com\/es\/wp-json\/wp\/v2\/users\/1"}],"replies":[{"embeddable":true,"href":"https:\/\/naturcesped.com\/es\/wp-json\/wp\/v2\/comments?post=1743"}],"version-history":[{"count":0,"href":"https:\/\/naturcesped.com\/es\/wp-json\/wp\/v2\/pages\/1743\/revisions"}],"wp:attachment":[{"href":"https:\/\/naturcesped.com\/es\/wp-json\/wp\/v2\/media?parent=1743"}],"curies":[{"name":"wp","href":"https:\/\/api.w.org\/{rel}","templated":true}]}}