{"id":1724,"date":"2023-08-22T09:42:18","date_gmt":"2023-08-22T09:42:18","guid":{"rendered":"https:\/\/naturcesped.com\/?page_id=1724"},"modified":"2023-12-27T09:02:12","modified_gmt":"2023-12-27T09:02:12","slug":"instalacion-cesped-artificial-lescala","status":"publish","type":"page","link":"https:\/\/naturcesped.com\/es\/instalacion-cesped-artificial-lescala\/","title":{"rendered":"Instalaci\u00f3n c\u00e9sped artificial L\u2019Escala"},"content":{"rendered":"<div class=\"wpb-content-wrapper\"><p>[vc_row gap=\u00bb35&#8243;][vc_column width=\u00bb2\/3&#8243;][vc_single_image image=\u00bb424&#8243;][vc_column_text]<\/p>\n<p style=\"text-align: justify;\">El c\u00e9sped artificial es extremadamente popular en estos d\u00edas y la tendencia contin\u00faa. Cada vez son m\u00e1s los propietarios que optan por la <strong>instalaci\u00f3n de c\u00e9sped artificial en L\u2019Escala<\/strong>.<\/p>\n<p style=\"text-align: justify;\">En comparaci\u00f3n con el c\u00e9sped normal, el c\u00e9sped artificial requiere naturalmente poco mantenimiento, lo cual es una raz\u00f3n l\u00f3gica para optar por la <strong>instalaci\u00f3n de c\u00e9sped artificial en L\u2019Escala<\/strong>. Adem\u00e1s, por supuesto es una inversi\u00f3n muy limpia, ya que dura mucho tiempo.<\/p>\n<p style=\"text-align: justify;\">Puede que no encaje inmediatamente, pero la <strong>instalaci\u00f3n de c\u00e9sped artificial en L\u2019Escala<\/strong> es muy respetuosa con el medio ambiente. En comparaci\u00f3n con los pastos regulares, el pasto artificial no necesita ser fertilizado con control qu\u00edmico de malezas. Un segundo beneficio ambiental es la conservaci\u00f3n del agua. Obviamente, dejar de encender ese aspersor medio d\u00eda es un gran beneficio para nuestro medio ambiente. Adem\u00e1s, el c\u00e9sped artificial dura a\u00f1os, por lo que tambi\u00e9n es muy duradero. Se puede utilizar una y otra vez para todo tipo de prop\u00f3sitos.<\/p>\n<p>[\/vc_column_text][vc_row_inner][vc_column_inner width=\u00bb1\/3&#8243;][\/vc_column_inner][vc_column_inner width=\u00bb1\/3&#8243;]<a\thref=\"https:\/\/naturcesped.com\/es\/contacto\/\" \n\t\t\t\tclass=\"button btn_large btn_theme_color btn_rounded btn_normal_style    \"  target='_self'><span>CONTACTA CON NOSOTROS<\/span><\/a>[\/vc_column_inner][vc_column_inner width=\u00bb1\/3&#8243;][\/vc_column_inner][\/vc_row_inner][vc_column_text]<\/p>\n<p style=\"text-align: justify;\">Un aspecto muy positivo de la <strong>instalaci\u00f3n de c\u00e9sped artificial en L\u2019Escala<\/strong> es que se puede reciclar. Incluso cuando ha cumplido con su deber durante a\u00f1os, sigue siendo reutilizable. Esto evita la sobreproducci\u00f3n y hace que el pl\u00e1stico se pueda volver a utilizar para nuevos prop\u00f3sitos.<\/p>\n<p style=\"text-align: justify;\">Podemos entender una visi\u00f3n algo esc\u00e9ptica del c\u00e9sped artificial. No siempre ha sido una obra maestra bonita antes. Afortunadamente, el c\u00e9sped artificial actual es muy bonito y tiene un acabado impecable. Eso, por supuesto, es una gran ventaja. Los materiales utilizados hoy en d\u00eda tienen un aspecto sofisticado, lo que por supuesto hace que la compra sea a\u00fan m\u00e1s atractiva.<\/p>\n<p style=\"text-align: justify;\">La alfombra de c\u00e9sped artificial est\u00e1 hecha de materiales resistentes y duraderos. Gracias al desarrollo a lo largo de los a\u00f1os, el pl\u00e1stico actual es mucho mejor para el medio ambiente y se puede reciclar, como se mencion\u00f3 anteriormente. Como resultado, consiste solo en buena calidad, resistente y durar\u00e1 a\u00f1os.<\/p>\n<p style=\"text-align: justify;\">Una de las ventajas de la <strong>instalaci\u00f3n de c\u00e9sped artificial en L\u2019Escala<\/strong> es que nunca tendr\u00e1s que volver a cortar. Puede ser una gran tarea mantener grandes \u00e1reas y luego el c\u00e9sped tambi\u00e9n debe mantenerse saludable. Muy poca agua normalmente causa manchas marrones secas y demasiada agua tambi\u00e9n es mala para el c\u00e9sped. Con la <strong>instalaci\u00f3n de c\u00e9sped artificial en L\u2019Escala<\/strong> te ahorras muchos problemas.<\/p>\n<p style=\"text-align: justify;\">Hay varias ventajas de la <strong>instalaci\u00f3n de c\u00e9sped artificial en L\u2019Escala<\/strong>, pero a\u00fan as\u00ed es muy agradable que pueda soportar todas las condiciones clim\u00e1ticas. Cuando hay inundaciones o rachas de viento extremas, el c\u00e9sped artificial se quedar\u00e1 como est\u00e1. Debido a los materiales resistentes que se utilizan hoy en d\u00eda, ya no tiene que preocuparse por el desgaste o el viento.<\/p>\n<p style=\"text-align: justify;\">\u00bfQuiere agendar la <strong>instalaci\u00f3n de c\u00e9sped artificial en L\u2019Escala?<\/strong> P\u00f3ngase en contacto con nosotros. Simplemente solicite su cotizaci\u00f3n o toda la informaci\u00f3n que necesite. \u00a1Estamos para ayudarlo!<\/p>\n<p>[\/vc_column_text][\/vc_column][vc_column width=\u00bb1\/3&#8243;][vc_column_text]<\/p>\n<h2 style=\"text-align: center;\">Cont\u00e1ctanos para m\u00e1s informaci\u00f3n<\/h2>\n<p>[\/vc_column_text]<div class=\"boc_divider_holder\"><div class=\"boc_divider  \"  style=\"margin-top: 20px;margin-bottom: 20px;height: 1px;background: #eeeeee;\"><\/div><\/div>\n<div class=\"wpcf7 no-js\" id=\"wpcf7-f202-o1\" lang=\"es-ES\" dir=\"ltr\" data-wpcf7-id=\"202\">\n<div class=\"screen-reader-response\"><p role=\"status\" aria-live=\"polite\" aria-atomic=\"true\"><\/p> <ul><\/ul><\/div>\n<form action=\"\/es\/wp-json\/wp\/v2\/pages\/1724#wpcf7-f202-o1\" method=\"post\" class=\"wpcf7-form init\" aria-label=\"Formulario de contacto\" novalidate=\"novalidate\" data-status=\"init\">\n<fieldset class=\"hidden-fields-container\"><input type=\"hidden\" name=\"_wpcf7\" value=\"202\" \/><input type=\"hidden\" name=\"_wpcf7_version\" value=\"6.1.3\" \/><input type=\"hidden\" name=\"_wpcf7_locale\" value=\"es_ES\" \/><input type=\"hidden\" name=\"_wpcf7_unit_tag\" value=\"wpcf7-f202-o1\" \/><input type=\"hidden\" name=\"_wpcf7_container_post\" value=\"0\" \/><input type=\"hidden\" name=\"_wpcf7_posted_data_hash\" value=\"\" \/><input type=\"hidden\" name=\"_wpcf7_recaptcha_response\" value=\"\" \/>\n<\/fieldset>\n<p><label> Nombre y apellidos *<br \/>\n<span class=\"wpcf7-form-control-wrap\" data-name=\"your-name\"><input size=\"40\" maxlength=\"400\" class=\"wpcf7-form-control wpcf7-text wpcf7-validates-as-required\" aria-required=\"true\" aria-invalid=\"false\" value=\"\" type=\"text\" name=\"your-name\" \/><\/span> <\/label>\n<\/p>\n<p><label> Tel\u00e9fono *<br \/>\n<span class=\"wpcf7-form-control-wrap\" data-name=\"your-phone\"><input size=\"40\" maxlength=\"400\" class=\"wpcf7-form-control wpcf7-text wpcf7-validates-as-required\" aria-required=\"true\" aria-invalid=\"false\" value=\"\" type=\"text\" name=\"your-phone\" \/><\/span> <\/label>\n<\/p>\n<p><label> Correo electr\u00f3nico *<br \/>\n<span class=\"wpcf7-form-control-wrap\" data-name=\"your-email\"><input size=\"40\" maxlength=\"400\" class=\"wpcf7-form-control wpcf7-email wpcf7-validates-as-required wpcf7-text wpcf7-validates-as-email\" aria-required=\"true\" aria-invalid=\"false\" value=\"\" type=\"email\" name=\"your-email\" \/><\/span> <\/label>\n<\/p>\n<p><label> Municipio *<br \/>\n<span class=\"wpcf7-form-control-wrap\" data-name=\"your-town\"><input size=\"40\" maxlength=\"400\" class=\"wpcf7-form-control wpcf7-text wpcf7-validates-as-required\" aria-required=\"true\" aria-invalid=\"false\" value=\"\" type=\"text\" name=\"your-town\" \/><\/span> <\/label>\n<\/p>\n<p><label> Cantidad de m\u00b2<br \/>\n<span class=\"wpcf7-form-control-wrap\" data-name=\"your-meters\"><input size=\"40\" maxlength=\"400\" class=\"wpcf7-form-control wpcf7-text\" aria-invalid=\"false\" value=\"\" type=\"text\" name=\"your-meters\" \/><\/span> <\/label>\n<\/p>\n<p><label> Terreno actual *<br \/>\n<span class=\"wpcf7-form-control-wrap\" data-name=\"radio-509\"><span class=\"wpcf7-form-control wpcf7-radio\"><span class=\"wpcf7-list-item first\"><label><input type=\"radio\" name=\"radio-509\" value=\"Tierra\" checked=\"checked\" \/><span class=\"wpcf7-list-item-label\">Tierra<\/span><\/label><\/span><span class=\"wpcf7-list-item\"><label><input type=\"radio\" name=\"radio-509\" value=\"C\u00e9sped natural\" \/><span class=\"wpcf7-list-item-label\">C\u00e9sped natural<\/span><\/label><\/span><span class=\"wpcf7-list-item\"><label><input type=\"radio\" name=\"radio-509\" value=\"Pavimento\" \/><span class=\"wpcf7-list-item-label\">Pavimento<\/span><\/label><\/span><span class=\"wpcf7-list-item last\"><label><input type=\"radio\" name=\"radio-509\" value=\"C\u00e9sped artificial\" \/><span class=\"wpcf7-list-item-label\">C\u00e9sped artificial<\/span><\/label><\/span><\/span><\/span> <\/label>\n<\/p>\n<p><label> Mensaje *<br \/>\n<span class=\"wpcf7-form-control-wrap\" data-name=\"your-message\"><textarea cols=\"40\" rows=\"3\" maxlength=\"2000\" class=\"wpcf7-form-control wpcf7-textarea wpcf7-validates-as-required\" aria-required=\"true\" aria-invalid=\"false\" name=\"your-message\"><\/textarea><\/span> <\/label>\n<\/p>\n<p style=\"font-weight: lighter; font-size:12px;\">Informaci\u00f3n b\u00e1sica sobre el tratamiento de datos (Reglamento (UE) 2016\/679 y LO 3\/2018)<br \/>\nResponsable del tratamiento: Naturcesped C\u00e9sped Artificial, SL.\n<\/p>\n<p style=\"font-weight: lighter; font-size:12px;\">Finalidad: Ofrecer, prestar y facturar nuestros servicios y productos.\n<\/p>\n<p style=\"font-weight: lighter; font-size:12px;\">Legitimaci\u00f3n: Consentimiento del interesado.\n<\/p>\n<p style=\"font-weight: lighter; font-size:12px;\">Destinatarios: Los datos no se ceder\u00e1n a terceros, a menos que lo exija una ley o sea necesario para cumplir con la finalidad del tratamiento.\n<\/p>\n<p style=\"font-weight: lighter; font-size:12px;\">Derechos: Acceder, rectificar y suprimir datos, as\u00ed como el resto que se explican en la pol\u00edtica de protecci\u00f3n de datos.\n<\/p>\n<p style=\"font-weight: lighter; font-size:12px;\">M\u00e1s informaci\u00f3n en nuestra pol\u00edtica de protecci\u00f3n de datos.\n<\/p>\n<p><input class=\"wpcf7-form-control wpcf7-submit has-spinner\" type=\"submit\" value=\"Enviar\" \/>\n<\/p><div class=\"wpcf7-response-output\" aria-hidden=\"true\"><\/div>\n<\/form>\n<\/div>\n[\/vc_column][\/vc_row]<\/p>\n<\/div>","protected":false},"excerpt":{"rendered":"<p>[vc_row gap=\u00bb35&#8243;][vc_column width=\u00bb2\/3&#8243;][vc_single_image image=\u00bb424&#8243;][vc_column_text] El c\u00e9sped artificial es extremadamente popular en estos d\u00edas y la tendencia contin\u00faa. Cada vez son m\u00e1s los propietarios que optan por la instalaci\u00f3n de c\u00e9sped artificial en L\u2019Escala. En comparaci\u00f3n con el c\u00e9sped normal, el c\u00e9sped artificial requiere naturalmente poco mantenimiento, lo cual es una raz\u00f3n l\u00f3gica para optar por la instalaci\u00f3n de c\u00e9sped artificial<\/p>\n<div class=\"h10\"><\/div>\n<p><a class=\"more-link1\" href=\"https:\/\/naturcesped.com\/es\/instalacion-cesped-artificial-lescala\/\">Read more<\/a><\/p>\n","protected":false},"author":1,"featured_media":0,"parent":0,"menu_order":0,"comment_status":"closed","ping_status":"closed","template":"","meta":{"footnotes":""},"class_list":["post-1724","page","type-page","status-publish","hentry"],"yoast_head":"<!-- This site is optimized with the Yoast SEO plugin v26.3 - https:\/\/yoast.com\/wordpress\/plugins\/seo\/ -->\n<title>Instalaci\u00f3n c\u00e9sped artificial L\u2019Escala - NaturC\u00e9sped<\/title>\n<meta name=\"robots\" content=\"index, follow, max-snippet:-1, max-image-preview:large, max-video-preview:-1\" \/>\n<link rel=\"canonical\" href=\"https:\/\/naturcesped.com\/es\/instalacion-cesped-artificial-lescala\/\" \/>\n<meta property=\"og:locale\" content=\"es_ES\" \/>\n<meta property=\"og:type\" content=\"article\" \/>\n<meta property=\"og:title\" content=\"Instalaci\u00f3n c\u00e9sped artificial L\u2019Escala - NaturC\u00e9sped\" \/>\n<meta property=\"og:description\" content=\"[vc_row gap=\u00bb35&#8243;][vc_column width=\u00bb2\/3&#8243;][vc_single_image image=\u00bb424&#8243;][vc_column_text] El c\u00e9sped artificial es extremadamente popular en estos d\u00edas y la tendencia contin\u00faa. Cada vez son m\u00e1s los propietarios que optan por la instalaci\u00f3n de c\u00e9sped artificial en L\u2019Escala. En comparaci\u00f3n con el c\u00e9sped normal, el c\u00e9sped artificial requiere naturalmente poco mantenimiento, lo cual es una raz\u00f3n l\u00f3gica para optar por la instalaci\u00f3n de c\u00e9sped artificialRead more\" \/>\n<meta property=\"og:url\" content=\"https:\/\/naturcesped.com\/es\/instalacion-cesped-artificial-lescala\/\" \/>\n<meta property=\"og:site_name\" content=\"NaturC\u00e9sped\" \/>\n<meta property=\"article:modified_time\" content=\"2023-12-27T09:02:12+00:00\" \/>\n<meta name=\"twitter:card\" content=\"summary_large_image\" \/>\n<meta name=\"twitter:label1\" content=\"Tiempo de lectura\" \/>\n\t<meta name=\"twitter:data1\" content=\"3 minutos\" \/>\n<script type=\"application\/ld+json\" class=\"yoast-schema-graph\">{\"@context\":\"https:\/\/schema.org\",\"@graph\":[{\"@type\":\"WebPage\",\"@id\":\"https:\/\/naturcesped.com\/es\/instalacion-cesped-artificial-lescala\/\",\"url\":\"https:\/\/naturcesped.com\/es\/instalacion-cesped-artificial-lescala\/\",\"name\":\"Instalaci\u00f3n c\u00e9sped artificial L\u2019Escala - NaturC\u00e9sped\",\"isPartOf\":{\"@id\":\"https:\/\/naturcesped.com\/es\/#website\"},\"datePublished\":\"2023-08-22T09:42:18+00:00\",\"dateModified\":\"2023-12-27T09:02:12+00:00\",\"breadcrumb\":{\"@id\":\"https:\/\/naturcesped.com\/es\/instalacion-cesped-artificial-lescala\/#breadcrumb\"},\"inLanguage\":\"es\",\"potentialAction\":[{\"@type\":\"ReadAction\",\"target\":[\"https:\/\/naturcesped.com\/es\/instalacion-cesped-artificial-lescala\/\"]}]},{\"@type\":\"BreadcrumbList\",\"@id\":\"https:\/\/naturcesped.com\/es\/instalacion-cesped-artificial-lescala\/#breadcrumb\",\"itemListElement\":[{\"@type\":\"ListItem\",\"position\":1,\"name\":\"Portada\",\"item\":\"https:\/\/naturcesped.com\/es\/\"},{\"@type\":\"ListItem\",\"position\":2,\"name\":\"Instalaci\u00f3n c\u00e9sped artificial L\u2019Escala\"}]},{\"@type\":\"WebSite\",\"@id\":\"https:\/\/naturcesped.com\/es\/#website\",\"url\":\"https:\/\/naturcesped.com\/es\/\",\"name\":\"NaturC\u00e9sped\",\"description\":\"C\u00e9sped artificial en Girona\",\"potentialAction\":[{\"@type\":\"SearchAction\",\"target\":{\"@type\":\"EntryPoint\",\"urlTemplate\":\"https:\/\/naturcesped.com\/es\/?s={search_term_string}\"},\"query-input\":{\"@type\":\"PropertyValueSpecification\",\"valueRequired\":true,\"valueName\":\"search_term_string\"}}],\"inLanguage\":\"es\"}]}<\/script>\n<!-- \/ Yoast SEO plugin. -->","yoast_head_json":{"title":"Instalaci\u00f3n c\u00e9sped artificial L\u2019Escala - NaturC\u00e9sped","robots":{"index":"index","follow":"follow","max-snippet":"max-snippet:-1","max-image-preview":"max-image-preview:large","max-video-preview":"max-video-preview:-1"},"canonical":"https:\/\/naturcesped.com\/es\/instalacion-cesped-artificial-lescala\/","og_locale":"es_ES","og_type":"article","og_title":"Instalaci\u00f3n c\u00e9sped artificial L\u2019Escala - NaturC\u00e9sped","og_description":"[vc_row gap=\u00bb35&#8243;][vc_column width=\u00bb2\/3&#8243;][vc_single_image image=\u00bb424&#8243;][vc_column_text] El c\u00e9sped artificial es extremadamente popular en estos d\u00edas y la tendencia contin\u00faa. Cada vez son m\u00e1s los propietarios que optan por la instalaci\u00f3n de c\u00e9sped artificial en L\u2019Escala. En comparaci\u00f3n con el c\u00e9sped normal, el c\u00e9sped artificial requiere naturalmente poco mantenimiento, lo cual es una raz\u00f3n l\u00f3gica para optar por la instalaci\u00f3n de c\u00e9sped artificialRead more","og_url":"https:\/\/naturcesped.com\/es\/instalacion-cesped-artificial-lescala\/","og_site_name":"NaturC\u00e9sped","article_modified_time":"2023-12-27T09:02:12+00:00","twitter_card":"summary_large_image","twitter_misc":{"Tiempo de lectura":"3 minutos"},"schema":{"@context":"https:\/\/schema.org","@graph":[{"@type":"WebPage","@id":"https:\/\/naturcesped.com\/es\/instalacion-cesped-artificial-lescala\/","url":"https:\/\/naturcesped.com\/es\/instalacion-cesped-artificial-lescala\/","name":"Instalaci\u00f3n c\u00e9sped artificial L\u2019Escala - NaturC\u00e9sped","isPartOf":{"@id":"https:\/\/naturcesped.com\/es\/#website"},"datePublished":"2023-08-22T09:42:18+00:00","dateModified":"2023-12-27T09:02:12+00:00","breadcrumb":{"@id":"https:\/\/naturcesped.com\/es\/instalacion-cesped-artificial-lescala\/#breadcrumb"},"inLanguage":"es","potentialAction":[{"@type":"ReadAction","target":["https:\/\/naturcesped.com\/es\/instalacion-cesped-artificial-lescala\/"]}]},{"@type":"BreadcrumbList","@id":"https:\/\/naturcesped.com\/es\/instalacion-cesped-artificial-lescala\/#breadcrumb","itemListElement":[{"@type":"ListItem","position":1,"name":"Portada","item":"https:\/\/naturcesped.com\/es\/"},{"@type":"ListItem","position":2,"name":"Instalaci\u00f3n c\u00e9sped artificial L\u2019Escala"}]},{"@type":"WebSite","@id":"https:\/\/naturcesped.com\/es\/#website","url":"https:\/\/naturcesped.com\/es\/","name":"NaturC\u00e9sped","description":"C\u00e9sped artificial en Girona","potentialAction":[{"@type":"SearchAction","target":{"@type":"EntryPoint","urlTemplate":"https:\/\/naturcesped.com\/es\/?s={search_term_string}"},"query-input":{"@type":"PropertyValueSpecification","valueRequired":true,"valueName":"search_term_string"}}],"inLanguage":"es"}]}},"_links":{"self":[{"href":"https:\/\/naturcesped.com\/es\/wp-json\/wp\/v2\/pages\/1724","targetHints":{"allow":["GET"]}}],"collection":[{"href":"https:\/\/naturcesped.com\/es\/wp-json\/wp\/v2\/pages"}],"about":[{"href":"https:\/\/naturcesped.com\/es\/wp-json\/wp\/v2\/types\/page"}],"author":[{"embeddable":true,"href":"https:\/\/naturcesped.com\/es\/wp-json\/wp\/v2\/users\/1"}],"replies":[{"embeddable":true,"href":"https:\/\/naturcesped.com\/es\/wp-json\/wp\/v2\/comments?post=1724"}],"version-history":[{"count":0,"href":"https:\/\/naturcesped.com\/es\/wp-json\/wp\/v2\/pages\/1724\/revisions"}],"wp:attachment":[{"href":"https:\/\/naturcesped.com\/es\/wp-json\/wp\/v2\/media?parent=1724"}],"curies":[{"name":"wp","href":"https:\/\/api.w.org\/{rel}","templated":true}]}}