{"id":1717,"date":"2023-08-22T09:38:50","date_gmt":"2023-08-22T09:38:50","guid":{"rendered":"https:\/\/naturcesped.com\/?page_id=1717"},"modified":"2023-12-27T08:57:06","modified_gmt":"2023-12-27T08:57:06","slug":"instalacion-cesped-artificial-girona","status":"publish","type":"page","link":"https:\/\/naturcesped.com\/es\/instalacion-cesped-artificial-girona\/","title":{"rendered":"Instalaci\u00f3n c\u00e9sped artificial Girona"},"content":{"rendered":"<div class=\"wpb-content-wrapper\"><p>[vc_row gap=\u00bb35&#8243;][vc_column width=\u00bb2\/3&#8243;][vc_single_image image=\u00bb424&#8243;][vc_column_text]<\/p>\n<p style=\"text-align: justify;\">Los propietarios en Girona buscan las opciones que le permitan que su propiedad luzca hermosa durante todo el a\u00f1o, con el m\u00ednimo gasto de dinero y tiempo para su mantenimiento. Ante esto, una excelente opci\u00f3n es la <strong>instalaci\u00f3n del c\u00e9sped artificial en Girona<\/strong>.<\/p>\n<p style=\"text-align: justify;\">Uno de los mayores beneficios de la <strong>instalaci\u00f3n del c\u00e9sped artificial en Girona<\/strong> es que no es v\u00edctima de condiciones clim\u00e1ticas extremas, a diferencia de su contraparte natural. Cuando se trata de c\u00e9sped real, demasiado sol puede secarlo, mientras que demasiada lluvia puede ahogarlo. Dado que el c\u00e9sped natural es un ser vivo, es muy sensible a su entorno. Sin embargo, esto no se aplica al c\u00e9sped sint\u00e9tico, ya que est\u00e1 fabricado con sustancias artificiales que no se ven afectadas por factores ambientales y tiene una esperanza de vida de hasta 15 a\u00f1os.<\/p>\n<p>[\/vc_column_text][vc_row_inner][vc_column_inner width=\u00bb1\/3&#8243;][\/vc_column_inner][vc_column_inner width=\u00bb1\/3&#8243;]<a\thref=\"https:\/\/naturcesped.com\/es\/contacto\/\" \n\t\t\t\tclass=\"button btn_large btn_theme_color btn_rounded btn_normal_style    \"  target='_self'><span>CONTACTA CON NOSOTROS<\/span><\/a>[\/vc_column_inner][vc_column_inner width=\u00bb1\/3&#8243;][\/vc_column_inner][\/vc_row_inner][vc_column_text]<\/p>\n<p style=\"text-align: justify;\">El c\u00e9sped natural es extremadamente sensible a las condiciones ambientales, lo que puede provocar parches y decoloraci\u00f3n.\u00a0Por ello, la <strong>instalaci\u00f3n del c\u00e9sped artificial en Girona<\/strong> es la soluci\u00f3n perfecta. No solo no se ve afectado por las condiciones ambientales, sino que no permite que crezcan malas hierbas ni que se extienda el lodo. En \u00faltima instancia, la <strong>instalaci\u00f3n del c\u00e9sped artificial en Girona<\/strong> permite un acabado limpio y uniforme.<\/p>\n<p style=\"text-align: justify;\">Con la <strong>instalaci\u00f3n del c\u00e9sped artificial en Girona<\/strong> casi no se requiere mantenimiento, aparte del barrido y enjuague ocasionales para mantener a raya las hojas y los desechos. Esto difiere mucho de la hierba real que requiere corte, resiembra y riego constantes.<\/p>\n<p style=\"text-align: justify;\">Crear el ambiente ideal para el crecimiento del c\u00e9sped es casi imposible, especialmente cuando se trata de condiciones clim\u00e1ticas que no puedes controlar. Ya sea que demasiada luz solar y poca agua est\u00e9n secando su c\u00e9sped, o que no haya suficiente luz solar y demasiada agua est\u00e9n ahogando su c\u00e9sped, cultivar un c\u00e9sped verde es una batalla constante. Afortunadamente, con la <strong>instalaci\u00f3n del c\u00e9sped artificial en Girona<\/strong> podr\u00e1 mantener su espacio verde todo el a\u00f1o.<\/p>\n<p style=\"text-align: justify;\">Los ni\u00f1os y las mascotas son famosos por su naturaleza ruda y revoltosa que a menudo puede provocar lesiones y desorden. No se puede negar que el pasto es la alternativa m\u00e1s segura al concreto para los jardines creados para jugar, pero \u00bfqu\u00e9 pasa con el desorden?\u00a0La <strong>instalaci\u00f3n del c\u00e9sped artificial en Girona<\/strong> permite seguridad en su espacio, al tiempo que elimina el desorden creado por las manchas de barro y c\u00e9sped.<\/p>\n<p style=\"text-align: justify;\">Ante todos estos beneficios, no dude en comunicarse hoy mismo con nosotros para agendar la <strong>instalaci\u00f3n del c\u00e9sped artificial en Girona. <\/strong>Disfrutar\u00e1 de un espacio hermoso y f\u00e1cil de mantener, lo que le permitir\u00e1 tener m\u00e1s tiempo para disfrutar en familia, gastando menos dinero. \u00a1Construya el jard\u00edn de sus sue\u00f1os!<\/p>\n<p>[\/vc_column_text][\/vc_column][vc_column width=\u00bb1\/3&#8243;][vc_column_text]<\/p>\n<h2 style=\"text-align: center;\">Cont\u00e1ctanos para m\u00e1s informaci\u00f3n<\/h2>\n<p>[\/vc_column_text]<div class=\"boc_divider_holder\"><div class=\"boc_divider  \"  style=\"margin-top: 20px;margin-bottom: 20px;height: 1px;background: #eeeeee;\"><\/div><\/div>\n<div class=\"wpcf7 no-js\" id=\"wpcf7-f202-o1\" lang=\"es-ES\" dir=\"ltr\" data-wpcf7-id=\"202\">\n<div class=\"screen-reader-response\"><p role=\"status\" aria-live=\"polite\" aria-atomic=\"true\"><\/p> <ul><\/ul><\/div>\n<form action=\"\/es\/wp-json\/wp\/v2\/pages\/1717#wpcf7-f202-o1\" method=\"post\" class=\"wpcf7-form init\" aria-label=\"Formulario de contacto\" novalidate=\"novalidate\" data-status=\"init\">\n<fieldset class=\"hidden-fields-container\"><input type=\"hidden\" name=\"_wpcf7\" value=\"202\" \/><input type=\"hidden\" name=\"_wpcf7_version\" value=\"6.1.3\" \/><input type=\"hidden\" name=\"_wpcf7_locale\" value=\"es_ES\" \/><input type=\"hidden\" name=\"_wpcf7_unit_tag\" value=\"wpcf7-f202-o1\" \/><input type=\"hidden\" name=\"_wpcf7_container_post\" value=\"0\" \/><input type=\"hidden\" name=\"_wpcf7_posted_data_hash\" value=\"\" \/><input type=\"hidden\" name=\"_wpcf7_recaptcha_response\" value=\"\" \/>\n<\/fieldset>\n<p><label> Nombre y apellidos *<br \/>\n<span class=\"wpcf7-form-control-wrap\" data-name=\"your-name\"><input size=\"40\" maxlength=\"400\" class=\"wpcf7-form-control wpcf7-text wpcf7-validates-as-required\" aria-required=\"true\" aria-invalid=\"false\" value=\"\" type=\"text\" name=\"your-name\" \/><\/span> <\/label>\n<\/p>\n<p><label> Tel\u00e9fono *<br \/>\n<span class=\"wpcf7-form-control-wrap\" data-name=\"your-phone\"><input size=\"40\" maxlength=\"400\" class=\"wpcf7-form-control wpcf7-text wpcf7-validates-as-required\" aria-required=\"true\" aria-invalid=\"false\" value=\"\" type=\"text\" name=\"your-phone\" \/><\/span> <\/label>\n<\/p>\n<p><label> Correo electr\u00f3nico *<br \/>\n<span class=\"wpcf7-form-control-wrap\" data-name=\"your-email\"><input size=\"40\" maxlength=\"400\" class=\"wpcf7-form-control wpcf7-email wpcf7-validates-as-required wpcf7-text wpcf7-validates-as-email\" aria-required=\"true\" aria-invalid=\"false\" value=\"\" type=\"email\" name=\"your-email\" \/><\/span> <\/label>\n<\/p>\n<p><label> Municipio *<br \/>\n<span class=\"wpcf7-form-control-wrap\" data-name=\"your-town\"><input size=\"40\" maxlength=\"400\" class=\"wpcf7-form-control wpcf7-text wpcf7-validates-as-required\" aria-required=\"true\" aria-invalid=\"false\" value=\"\" type=\"text\" name=\"your-town\" \/><\/span> <\/label>\n<\/p>\n<p><label> Cantidad de m\u00b2<br \/>\n<span class=\"wpcf7-form-control-wrap\" data-name=\"your-meters\"><input size=\"40\" maxlength=\"400\" class=\"wpcf7-form-control wpcf7-text\" aria-invalid=\"false\" value=\"\" type=\"text\" name=\"your-meters\" \/><\/span> <\/label>\n<\/p>\n<p><label> Terreno actual *<br \/>\n<span class=\"wpcf7-form-control-wrap\" data-name=\"radio-509\"><span class=\"wpcf7-form-control wpcf7-radio\"><span class=\"wpcf7-list-item first\"><label><input type=\"radio\" name=\"radio-509\" value=\"Tierra\" checked=\"checked\" \/><span class=\"wpcf7-list-item-label\">Tierra<\/span><\/label><\/span><span class=\"wpcf7-list-item\"><label><input type=\"radio\" name=\"radio-509\" value=\"C\u00e9sped natural\" \/><span class=\"wpcf7-list-item-label\">C\u00e9sped natural<\/span><\/label><\/span><span class=\"wpcf7-list-item\"><label><input type=\"radio\" name=\"radio-509\" value=\"Pavimento\" \/><span class=\"wpcf7-list-item-label\">Pavimento<\/span><\/label><\/span><span class=\"wpcf7-list-item last\"><label><input type=\"radio\" name=\"radio-509\" value=\"C\u00e9sped artificial\" \/><span class=\"wpcf7-list-item-label\">C\u00e9sped artificial<\/span><\/label><\/span><\/span><\/span> <\/label>\n<\/p>\n<p><label> Mensaje *<br \/>\n<span class=\"wpcf7-form-control-wrap\" data-name=\"your-message\"><textarea cols=\"40\" rows=\"3\" maxlength=\"2000\" class=\"wpcf7-form-control wpcf7-textarea wpcf7-validates-as-required\" aria-required=\"true\" aria-invalid=\"false\" name=\"your-message\"><\/textarea><\/span> <\/label>\n<\/p>\n<p style=\"font-weight: lighter; font-size:12px;\">Informaci\u00f3n b\u00e1sica sobre el tratamiento de datos (Reglamento (UE) 2016\/679 y LO 3\/2018)<br \/>\nResponsable del tratamiento: Naturcesped C\u00e9sped Artificial, SL.\n<\/p>\n<p style=\"font-weight: lighter; font-size:12px;\">Finalidad: Ofrecer, prestar y facturar nuestros servicios y productos.\n<\/p>\n<p style=\"font-weight: lighter; font-size:12px;\">Legitimaci\u00f3n: Consentimiento del interesado.\n<\/p>\n<p style=\"font-weight: lighter; font-size:12px;\">Destinatarios: Los datos no se ceder\u00e1n a terceros, a menos que lo exija una ley o sea necesario para cumplir con la finalidad del tratamiento.\n<\/p>\n<p style=\"font-weight: lighter; font-size:12px;\">Derechos: Acceder, rectificar y suprimir datos, as\u00ed como el resto que se explican en la pol\u00edtica de protecci\u00f3n de datos.\n<\/p>\n<p style=\"font-weight: lighter; font-size:12px;\">M\u00e1s informaci\u00f3n en nuestra pol\u00edtica de protecci\u00f3n de datos.\n<\/p>\n<p><input class=\"wpcf7-form-control wpcf7-submit has-spinner\" type=\"submit\" value=\"Enviar\" \/>\n<\/p><div class=\"wpcf7-response-output\" aria-hidden=\"true\"><\/div>\n<\/form>\n<\/div>\n[\/vc_column][\/vc_row]<\/p>\n<\/div>","protected":false},"excerpt":{"rendered":"<p>[vc_row gap=\u00bb35&#8243;][vc_column width=\u00bb2\/3&#8243;][vc_single_image image=\u00bb424&#8243;][vc_column_text] Los propietarios en Girona buscan las opciones que le permitan que su propiedad luzca hermosa durante todo el a\u00f1o, con el m\u00ednimo gasto de dinero y tiempo para su mantenimiento. Ante esto, una excelente opci\u00f3n es la instalaci\u00f3n del c\u00e9sped artificial en Girona. Uno de los mayores beneficios de la instalaci\u00f3n del c\u00e9sped artificial en Girona<\/p>\n<div class=\"h10\"><\/div>\n<p><a class=\"more-link1\" href=\"https:\/\/naturcesped.com\/es\/instalacion-cesped-artificial-girona\/\">Read more<\/a><\/p>\n","protected":false},"author":1,"featured_media":0,"parent":0,"menu_order":0,"comment_status":"closed","ping_status":"closed","template":"","meta":{"footnotes":""},"class_list":["post-1717","page","type-page","status-publish","hentry"],"yoast_head":"<!-- This site is optimized with the Yoast SEO plugin v26.3 - https:\/\/yoast.com\/wordpress\/plugins\/seo\/ -->\n<title>Instalaci\u00f3n c\u00e9sped artificial Girona - NaturC\u00e9sped<\/title>\n<meta name=\"robots\" content=\"index, follow, max-snippet:-1, max-image-preview:large, max-video-preview:-1\" \/>\n<link rel=\"canonical\" href=\"https:\/\/naturcesped.com\/es\/instalacion-cesped-artificial-girona\/\" \/>\n<meta property=\"og:locale\" content=\"es_ES\" \/>\n<meta property=\"og:type\" content=\"article\" \/>\n<meta property=\"og:title\" content=\"Instalaci\u00f3n c\u00e9sped artificial Girona - NaturC\u00e9sped\" \/>\n<meta property=\"og:description\" content=\"[vc_row gap=\u00bb35&#8243;][vc_column width=\u00bb2\/3&#8243;][vc_single_image image=\u00bb424&#8243;][vc_column_text] Los propietarios en Girona buscan las opciones que le permitan que su propiedad luzca hermosa durante todo el a\u00f1o, con el m\u00ednimo gasto de dinero y tiempo para su mantenimiento. Ante esto, una excelente opci\u00f3n es la instalaci\u00f3n del c\u00e9sped artificial en Girona. Uno de los mayores beneficios de la instalaci\u00f3n del c\u00e9sped artificial en GironaRead more\" \/>\n<meta property=\"og:url\" content=\"https:\/\/naturcesped.com\/es\/instalacion-cesped-artificial-girona\/\" \/>\n<meta property=\"og:site_name\" content=\"NaturC\u00e9sped\" \/>\n<meta property=\"article:modified_time\" content=\"2023-12-27T08:57:06+00:00\" \/>\n<meta name=\"twitter:card\" content=\"summary_large_image\" \/>\n<meta name=\"twitter:label1\" content=\"Tiempo de lectura\" \/>\n\t<meta name=\"twitter:data1\" content=\"3 minutos\" \/>\n<script type=\"application\/ld+json\" class=\"yoast-schema-graph\">{\"@context\":\"https:\/\/schema.org\",\"@graph\":[{\"@type\":\"WebPage\",\"@id\":\"https:\/\/naturcesped.com\/es\/instalacion-cesped-artificial-girona\/\",\"url\":\"https:\/\/naturcesped.com\/es\/instalacion-cesped-artificial-girona\/\",\"name\":\"Instalaci\u00f3n c\u00e9sped artificial Girona - NaturC\u00e9sped\",\"isPartOf\":{\"@id\":\"https:\/\/naturcesped.com\/es\/#website\"},\"datePublished\":\"2023-08-22T09:38:50+00:00\",\"dateModified\":\"2023-12-27T08:57:06+00:00\",\"breadcrumb\":{\"@id\":\"https:\/\/naturcesped.com\/es\/instalacion-cesped-artificial-girona\/#breadcrumb\"},\"inLanguage\":\"es\",\"potentialAction\":[{\"@type\":\"ReadAction\",\"target\":[\"https:\/\/naturcesped.com\/es\/instalacion-cesped-artificial-girona\/\"]}]},{\"@type\":\"BreadcrumbList\",\"@id\":\"https:\/\/naturcesped.com\/es\/instalacion-cesped-artificial-girona\/#breadcrumb\",\"itemListElement\":[{\"@type\":\"ListItem\",\"position\":1,\"name\":\"Portada\",\"item\":\"https:\/\/naturcesped.com\/es\/\"},{\"@type\":\"ListItem\",\"position\":2,\"name\":\"Instalaci\u00f3n c\u00e9sped artificial Girona\"}]},{\"@type\":\"WebSite\",\"@id\":\"https:\/\/naturcesped.com\/es\/#website\",\"url\":\"https:\/\/naturcesped.com\/es\/\",\"name\":\"NaturC\u00e9sped\",\"description\":\"C\u00e9sped artificial en Girona\",\"potentialAction\":[{\"@type\":\"SearchAction\",\"target\":{\"@type\":\"EntryPoint\",\"urlTemplate\":\"https:\/\/naturcesped.com\/es\/?s={search_term_string}\"},\"query-input\":{\"@type\":\"PropertyValueSpecification\",\"valueRequired\":true,\"valueName\":\"search_term_string\"}}],\"inLanguage\":\"es\"}]}<\/script>\n<!-- \/ Yoast SEO plugin. -->","yoast_head_json":{"title":"Instalaci\u00f3n c\u00e9sped artificial Girona - NaturC\u00e9sped","robots":{"index":"index","follow":"follow","max-snippet":"max-snippet:-1","max-image-preview":"max-image-preview:large","max-video-preview":"max-video-preview:-1"},"canonical":"https:\/\/naturcesped.com\/es\/instalacion-cesped-artificial-girona\/","og_locale":"es_ES","og_type":"article","og_title":"Instalaci\u00f3n c\u00e9sped artificial Girona - NaturC\u00e9sped","og_description":"[vc_row gap=\u00bb35&#8243;][vc_column width=\u00bb2\/3&#8243;][vc_single_image image=\u00bb424&#8243;][vc_column_text] Los propietarios en Girona buscan las opciones que le permitan que su propiedad luzca hermosa durante todo el a\u00f1o, con el m\u00ednimo gasto de dinero y tiempo para su mantenimiento. Ante esto, una excelente opci\u00f3n es la instalaci\u00f3n del c\u00e9sped artificial en Girona. Uno de los mayores beneficios de la instalaci\u00f3n del c\u00e9sped artificial en GironaRead more","og_url":"https:\/\/naturcesped.com\/es\/instalacion-cesped-artificial-girona\/","og_site_name":"NaturC\u00e9sped","article_modified_time":"2023-12-27T08:57:06+00:00","twitter_card":"summary_large_image","twitter_misc":{"Tiempo de lectura":"3 minutos"},"schema":{"@context":"https:\/\/schema.org","@graph":[{"@type":"WebPage","@id":"https:\/\/naturcesped.com\/es\/instalacion-cesped-artificial-girona\/","url":"https:\/\/naturcesped.com\/es\/instalacion-cesped-artificial-girona\/","name":"Instalaci\u00f3n c\u00e9sped artificial Girona - NaturC\u00e9sped","isPartOf":{"@id":"https:\/\/naturcesped.com\/es\/#website"},"datePublished":"2023-08-22T09:38:50+00:00","dateModified":"2023-12-27T08:57:06+00:00","breadcrumb":{"@id":"https:\/\/naturcesped.com\/es\/instalacion-cesped-artificial-girona\/#breadcrumb"},"inLanguage":"es","potentialAction":[{"@type":"ReadAction","target":["https:\/\/naturcesped.com\/es\/instalacion-cesped-artificial-girona\/"]}]},{"@type":"BreadcrumbList","@id":"https:\/\/naturcesped.com\/es\/instalacion-cesped-artificial-girona\/#breadcrumb","itemListElement":[{"@type":"ListItem","position":1,"name":"Portada","item":"https:\/\/naturcesped.com\/es\/"},{"@type":"ListItem","position":2,"name":"Instalaci\u00f3n c\u00e9sped artificial Girona"}]},{"@type":"WebSite","@id":"https:\/\/naturcesped.com\/es\/#website","url":"https:\/\/naturcesped.com\/es\/","name":"NaturC\u00e9sped","description":"C\u00e9sped artificial en Girona","potentialAction":[{"@type":"SearchAction","target":{"@type":"EntryPoint","urlTemplate":"https:\/\/naturcesped.com\/es\/?s={search_term_string}"},"query-input":{"@type":"PropertyValueSpecification","valueRequired":true,"valueName":"search_term_string"}}],"inLanguage":"es"}]}},"_links":{"self":[{"href":"https:\/\/naturcesped.com\/es\/wp-json\/wp\/v2\/pages\/1717","targetHints":{"allow":["GET"]}}],"collection":[{"href":"https:\/\/naturcesped.com\/es\/wp-json\/wp\/v2\/pages"}],"about":[{"href":"https:\/\/naturcesped.com\/es\/wp-json\/wp\/v2\/types\/page"}],"author":[{"embeddable":true,"href":"https:\/\/naturcesped.com\/es\/wp-json\/wp\/v2\/users\/1"}],"replies":[{"embeddable":true,"href":"https:\/\/naturcesped.com\/es\/wp-json\/wp\/v2\/comments?post=1717"}],"version-history":[{"count":0,"href":"https:\/\/naturcesped.com\/es\/wp-json\/wp\/v2\/pages\/1717\/revisions"}],"wp:attachment":[{"href":"https:\/\/naturcesped.com\/es\/wp-json\/wp\/v2\/media?parent=1717"}],"curies":[{"name":"wp","href":"https:\/\/api.w.org\/{rel}","templated":true}]}}