{"id":1713,"date":"2023-08-17T08:14:42","date_gmt":"2023-08-17T08:14:42","guid":{"rendered":"https:\/\/naturcesped.com\/?page_id=1713"},"modified":"2023-12-27T09:24:35","modified_gmt":"2023-12-27T09:24:35","slug":"instalacion-cesped-artificial-pals","status":"publish","type":"page","link":"https:\/\/naturcesped.com\/es\/instalacion-cesped-artificial-pals\/","title":{"rendered":"Instalaci\u00f3n c\u00e9sped artificial Pals"},"content":{"rendered":"<div class=\"wpb-content-wrapper\"><p>[vc_row gap=\u00bb35&#8243;][vc_column width=\u00bb2\/3&#8243;][vc_single_image image=\u00bb424&#8243;][vc_column_text]Como propietario en Pals desea que sus espacios exteriores se mantengan en el mejor estado durante todo el a\u00f1o. Ante esto, la elecci\u00f3n de la <strong>instalaci\u00f3n de c\u00e9sped artificial en Pals<\/strong> antes de la opci\u00f3n natural permite numerosos beneficios.<\/p>\n<p>Adem\u00e1s de eliminar la necesidad de regar su c\u00e9sped, la <strong>instalaci\u00f3n de c\u00e9sped artificial en Pals<\/strong> tambi\u00e9n elimina la necesidad de un mantenimiento del c\u00e9sped que requiere mucho tiempo. Entonces, en lugar de pasar el fin de semana cortando, fertilizando y regando su jard\u00edn, puede volver a disfrutarlo con sus amigos y familiares.<\/p>\n<p>Uno de los puntos de dolor m\u00e1s populares que alivia la <strong>instalaci\u00f3n de c\u00e9sped artificial en Pals<\/strong> es la atenci\u00f3n constante que requiere el c\u00e9sped natural.[\/vc_column_text][vc_row_inner][vc_column_inner width=\u00bb1\/3&#8243;][\/vc_column_inner][vc_column_inner width=\u00bb1\/3&#8243;]<a\thref=\"https:\/\/naturcesped.com\/es\/contacto\/\" \n\t\t\t\tclass=\"button btn_large btn_theme_color btn_rounded btn_normal_style    \"  target='_self'><span>CONTACTA CON NOSOTROS<\/span><\/a>[\/vc_column_inner][vc_column_inner width=\u00bb1\/3&#8243;][\/vc_column_inner][\/vc_row_inner][vc_column_text]Un c\u00e9sped natural es susceptible a enfermedades, como la Rhizoctonia, que requerir\u00e1n tiempo, dinero y atenci\u00f3n de su parte en un esfuerzo por combatirlo y mantener la salud y la apariencia de su c\u00e9sped. Esta enfermedad en particular es solo uno de los muchos tipos de hongos que su c\u00e9sped puede encontrar seg\u00fan el clima y c\u00f3mo mantiene su c\u00e9sped.<\/p>\n<p>El mantenimiento del c\u00e9sped no es tan simple como parece. El c\u00e9sped artificial no es susceptible a estas enfermedades, lo que garantiza que su c\u00e9sped se ver\u00e1 genial con un mantenimiento m\u00ednimo.<\/p>\n<p>Asimismo, el c\u00e9sped natural proporciona a las malas hierbas la tierra necesaria para crecer, el c\u00e9sped artificial no. El c\u00e9sped natural atrae larvas y otros insectos que prosperan en el suelo natural. Los insectos atraen a otros insectos y, en algunos casos, a plagas m\u00e1s grandes, como mapaches, tuzas y serpientes.<\/p>\n<p>La <strong>instalaci\u00f3n de c\u00e9sped artificial en Pals <\/strong>no implica esta base natural necesaria para que prosperen las malas hierbas o las plagas, por lo que es un problema menos que tiene en sus manos. Tambi\u00e9n, debido a que el c\u00e9sped artificial no requiere agua, no debe preocuparse por la generaci\u00f3n de lodo.<\/p>\n<p>Cuando reemplaza su c\u00e9sped y opta por la <strong>instalaci\u00f3n de c\u00e9sped artificial en Pals<\/strong>, tiene una cubierta de jard\u00edn de hoja perenne. Esto significa que permanecer\u00e1 exuberante y verde con un mantenimiento m\u00ednimo. Esto significa que ya no tendr\u00e1 que gastar dinero en costosos fertilizantes a\u00f1o tras a\u00f1o. Ese dinero ahorrado se sumar\u00e1, y podr\u00e1s destinarlo a otro fin.<\/p>\n<p>Si est\u00e1 cansado del tiempo que dedica a mantener su c\u00e9sped, es posible que la <strong>instalaci\u00f3n de c\u00e9sped artificial en Pals<\/strong> lo alivie del tiempo y la atenci\u00f3n.<\/p>\n<p>No lo piense m\u00e1s y agende una cita con nosotros. La <strong>instalaci\u00f3n de c\u00e9sped artificial en Pals <\/strong>le permitir\u00e1 disfrutar de hermosos paisajes con poco esfuerzo. \u00a1Cuente con el mejor equipo de profesionales que lo acompa\u00f1en y realice una inversi\u00f3n de calidad para su futuro![\/vc_column_text][\/vc_column][vc_column width=\u00bb1\/3&#8243;][vc_column_text]<\/p>\n<h2 style=\"text-align: center;\">Cont\u00e1ctanos para m\u00e1s informaci\u00f3n<\/h2>\n<p>[\/vc_column_text]<div class=\"boc_divider_holder\"><div class=\"boc_divider  \"  style=\"margin-top: 20px;margin-bottom: 20px;height: 1px;background: #eeeeee;\"><\/div><\/div>\n<div class=\"wpcf7 no-js\" id=\"wpcf7-f202-o1\" lang=\"es-ES\" dir=\"ltr\" data-wpcf7-id=\"202\">\n<div class=\"screen-reader-response\"><p role=\"status\" aria-live=\"polite\" aria-atomic=\"true\"><\/p> <ul><\/ul><\/div>\n<form action=\"\/es\/wp-json\/wp\/v2\/pages\/1713#wpcf7-f202-o1\" method=\"post\" class=\"wpcf7-form init\" aria-label=\"Formulario de contacto\" novalidate=\"novalidate\" data-status=\"init\">\n<fieldset class=\"hidden-fields-container\"><input type=\"hidden\" name=\"_wpcf7\" value=\"202\" \/><input type=\"hidden\" name=\"_wpcf7_version\" value=\"6.1.3\" \/><input type=\"hidden\" name=\"_wpcf7_locale\" value=\"es_ES\" \/><input type=\"hidden\" name=\"_wpcf7_unit_tag\" value=\"wpcf7-f202-o1\" \/><input type=\"hidden\" name=\"_wpcf7_container_post\" value=\"0\" \/><input type=\"hidden\" name=\"_wpcf7_posted_data_hash\" value=\"\" \/><input type=\"hidden\" name=\"_wpcf7_recaptcha_response\" value=\"\" \/>\n<\/fieldset>\n<p><label> Nombre y apellidos *<br \/>\n<span class=\"wpcf7-form-control-wrap\" data-name=\"your-name\"><input size=\"40\" maxlength=\"400\" class=\"wpcf7-form-control wpcf7-text wpcf7-validates-as-required\" aria-required=\"true\" aria-invalid=\"false\" value=\"\" type=\"text\" name=\"your-name\" \/><\/span> <\/label>\n<\/p>\n<p><label> Tel\u00e9fono *<br \/>\n<span class=\"wpcf7-form-control-wrap\" data-name=\"your-phone\"><input size=\"40\" maxlength=\"400\" class=\"wpcf7-form-control wpcf7-text wpcf7-validates-as-required\" aria-required=\"true\" aria-invalid=\"false\" value=\"\" type=\"text\" name=\"your-phone\" \/><\/span> <\/label>\n<\/p>\n<p><label> Correo electr\u00f3nico *<br \/>\n<span class=\"wpcf7-form-control-wrap\" data-name=\"your-email\"><input size=\"40\" maxlength=\"400\" class=\"wpcf7-form-control wpcf7-email wpcf7-validates-as-required wpcf7-text wpcf7-validates-as-email\" aria-required=\"true\" aria-invalid=\"false\" value=\"\" type=\"email\" name=\"your-email\" \/><\/span> <\/label>\n<\/p>\n<p><label> Municipio *<br \/>\n<span class=\"wpcf7-form-control-wrap\" data-name=\"your-town\"><input size=\"40\" maxlength=\"400\" class=\"wpcf7-form-control wpcf7-text wpcf7-validates-as-required\" aria-required=\"true\" aria-invalid=\"false\" value=\"\" type=\"text\" name=\"your-town\" \/><\/span> <\/label>\n<\/p>\n<p><label> Cantidad de m\u00b2<br \/>\n<span class=\"wpcf7-form-control-wrap\" data-name=\"your-meters\"><input size=\"40\" maxlength=\"400\" class=\"wpcf7-form-control wpcf7-text\" aria-invalid=\"false\" value=\"\" type=\"text\" name=\"your-meters\" \/><\/span> <\/label>\n<\/p>\n<p><label> Terreno actual *<br \/>\n<span class=\"wpcf7-form-control-wrap\" data-name=\"radio-509\"><span class=\"wpcf7-form-control wpcf7-radio\"><span class=\"wpcf7-list-item first\"><label><input type=\"radio\" name=\"radio-509\" value=\"Tierra\" checked=\"checked\" \/><span class=\"wpcf7-list-item-label\">Tierra<\/span><\/label><\/span><span class=\"wpcf7-list-item\"><label><input type=\"radio\" name=\"radio-509\" value=\"C\u00e9sped natural\" \/><span class=\"wpcf7-list-item-label\">C\u00e9sped natural<\/span><\/label><\/span><span class=\"wpcf7-list-item\"><label><input type=\"radio\" name=\"radio-509\" value=\"Pavimento\" \/><span class=\"wpcf7-list-item-label\">Pavimento<\/span><\/label><\/span><span class=\"wpcf7-list-item last\"><label><input type=\"radio\" name=\"radio-509\" value=\"C\u00e9sped artificial\" \/><span class=\"wpcf7-list-item-label\">C\u00e9sped artificial<\/span><\/label><\/span><\/span><\/span> <\/label>\n<\/p>\n<p><label> Mensaje *<br \/>\n<span class=\"wpcf7-form-control-wrap\" data-name=\"your-message\"><textarea cols=\"40\" rows=\"3\" maxlength=\"2000\" class=\"wpcf7-form-control wpcf7-textarea wpcf7-validates-as-required\" aria-required=\"true\" aria-invalid=\"false\" name=\"your-message\"><\/textarea><\/span> <\/label>\n<\/p>\n<p style=\"font-weight: lighter; font-size:12px;\">Informaci\u00f3n b\u00e1sica sobre el tratamiento de datos (Reglamento (UE) 2016\/679 y LO 3\/2018)<br \/>\nResponsable del tratamiento: Naturcesped C\u00e9sped Artificial, SL.\n<\/p>\n<p style=\"font-weight: lighter; font-size:12px;\">Finalidad: Ofrecer, prestar y facturar nuestros servicios y productos.\n<\/p>\n<p style=\"font-weight: lighter; font-size:12px;\">Legitimaci\u00f3n: Consentimiento del interesado.\n<\/p>\n<p style=\"font-weight: lighter; font-size:12px;\">Destinatarios: Los datos no se ceder\u00e1n a terceros, a menos que lo exija una ley o sea necesario para cumplir con la finalidad del tratamiento.\n<\/p>\n<p style=\"font-weight: lighter; font-size:12px;\">Derechos: Acceder, rectificar y suprimir datos, as\u00ed como el resto que se explican en la pol\u00edtica de protecci\u00f3n de datos.\n<\/p>\n<p style=\"font-weight: lighter; font-size:12px;\">M\u00e1s informaci\u00f3n en nuestra pol\u00edtica de protecci\u00f3n de datos.\n<\/p>\n<p><input class=\"wpcf7-form-control wpcf7-submit has-spinner\" type=\"submit\" value=\"Enviar\" \/>\n<\/p><div class=\"wpcf7-response-output\" aria-hidden=\"true\"><\/div>\n<\/form>\n<\/div>\n[\/vc_column][\/vc_row]<\/p>\n<\/div>","protected":false},"excerpt":{"rendered":"<p>[vc_row gap=\u00bb35&#8243;][vc_column width=\u00bb2\/3&#8243;][vc_single_image image=\u00bb424&#8243;][vc_column_text]Como propietario en Pals desea que sus espacios exteriores se mantengan en el mejor estado durante todo el a\u00f1o. Ante esto, la elecci\u00f3n de la instalaci\u00f3n de c\u00e9sped artificial en Pals antes de la opci\u00f3n natural permite numerosos beneficios. Adem\u00e1s de eliminar la necesidad de regar su c\u00e9sped, la instalaci\u00f3n de c\u00e9sped artificial en Pals tambi\u00e9n elimina<\/p>\n<div class=\"h10\"><\/div>\n<p><a class=\"more-link1\" href=\"https:\/\/naturcesped.com\/es\/instalacion-cesped-artificial-pals\/\">Read more<\/a><\/p>\n","protected":false},"author":1,"featured_media":0,"parent":0,"menu_order":0,"comment_status":"closed","ping_status":"closed","template":"","meta":{"footnotes":""},"class_list":["post-1713","page","type-page","status-publish","hentry"],"yoast_head":"<!-- This site is optimized with the Yoast SEO plugin v26.3 - https:\/\/yoast.com\/wordpress\/plugins\/seo\/ -->\n<title>Instalaci\u00f3n c\u00e9sped artificial Pals - NaturC\u00e9sped<\/title>\n<meta name=\"robots\" content=\"index, follow, max-snippet:-1, max-image-preview:large, max-video-preview:-1\" \/>\n<link rel=\"canonical\" href=\"https:\/\/naturcesped.com\/es\/instalacion-cesped-artificial-pals\/\" \/>\n<meta property=\"og:locale\" content=\"es_ES\" \/>\n<meta property=\"og:type\" content=\"article\" \/>\n<meta property=\"og:title\" content=\"Instalaci\u00f3n c\u00e9sped artificial Pals - NaturC\u00e9sped\" \/>\n<meta property=\"og:description\" content=\"[vc_row gap=\u00bb35&#8243;][vc_column width=\u00bb2\/3&#8243;][vc_single_image image=\u00bb424&#8243;][vc_column_text]Como propietario en Pals desea que sus espacios exteriores se mantengan en el mejor estado durante todo el a\u00f1o. Ante esto, la elecci\u00f3n de la instalaci\u00f3n de c\u00e9sped artificial en Pals antes de la opci\u00f3n natural permite numerosos beneficios. Adem\u00e1s de eliminar la necesidad de regar su c\u00e9sped, la instalaci\u00f3n de c\u00e9sped artificial en Pals tambi\u00e9n eliminaRead more\" \/>\n<meta property=\"og:url\" content=\"https:\/\/naturcesped.com\/es\/instalacion-cesped-artificial-pals\/\" \/>\n<meta property=\"og:site_name\" content=\"NaturC\u00e9sped\" \/>\n<meta property=\"article:modified_time\" content=\"2023-12-27T09:24:35+00:00\" \/>\n<meta name=\"twitter:card\" content=\"summary_large_image\" \/>\n<meta name=\"twitter:label1\" content=\"Tiempo de lectura\" \/>\n\t<meta name=\"twitter:data1\" content=\"3 minutos\" \/>\n<script type=\"application\/ld+json\" class=\"yoast-schema-graph\">{\"@context\":\"https:\/\/schema.org\",\"@graph\":[{\"@type\":\"WebPage\",\"@id\":\"https:\/\/naturcesped.com\/es\/instalacion-cesped-artificial-pals\/\",\"url\":\"https:\/\/naturcesped.com\/es\/instalacion-cesped-artificial-pals\/\",\"name\":\"Instalaci\u00f3n c\u00e9sped artificial Pals - NaturC\u00e9sped\",\"isPartOf\":{\"@id\":\"https:\/\/naturcesped.com\/es\/#website\"},\"datePublished\":\"2023-08-17T08:14:42+00:00\",\"dateModified\":\"2023-12-27T09:24:35+00:00\",\"breadcrumb\":{\"@id\":\"https:\/\/naturcesped.com\/es\/instalacion-cesped-artificial-pals\/#breadcrumb\"},\"inLanguage\":\"es\",\"potentialAction\":[{\"@type\":\"ReadAction\",\"target\":[\"https:\/\/naturcesped.com\/es\/instalacion-cesped-artificial-pals\/\"]}]},{\"@type\":\"BreadcrumbList\",\"@id\":\"https:\/\/naturcesped.com\/es\/instalacion-cesped-artificial-pals\/#breadcrumb\",\"itemListElement\":[{\"@type\":\"ListItem\",\"position\":1,\"name\":\"Portada\",\"item\":\"https:\/\/naturcesped.com\/es\/\"},{\"@type\":\"ListItem\",\"position\":2,\"name\":\"Instalaci\u00f3n c\u00e9sped artificial Pals\"}]},{\"@type\":\"WebSite\",\"@id\":\"https:\/\/naturcesped.com\/es\/#website\",\"url\":\"https:\/\/naturcesped.com\/es\/\",\"name\":\"NaturC\u00e9sped\",\"description\":\"C\u00e9sped artificial en Girona\",\"potentialAction\":[{\"@type\":\"SearchAction\",\"target\":{\"@type\":\"EntryPoint\",\"urlTemplate\":\"https:\/\/naturcesped.com\/es\/?s={search_term_string}\"},\"query-input\":{\"@type\":\"PropertyValueSpecification\",\"valueRequired\":true,\"valueName\":\"search_term_string\"}}],\"inLanguage\":\"es\"}]}<\/script>\n<!-- \/ Yoast SEO plugin. -->","yoast_head_json":{"title":"Instalaci\u00f3n c\u00e9sped artificial Pals - NaturC\u00e9sped","robots":{"index":"index","follow":"follow","max-snippet":"max-snippet:-1","max-image-preview":"max-image-preview:large","max-video-preview":"max-video-preview:-1"},"canonical":"https:\/\/naturcesped.com\/es\/instalacion-cesped-artificial-pals\/","og_locale":"es_ES","og_type":"article","og_title":"Instalaci\u00f3n c\u00e9sped artificial Pals - NaturC\u00e9sped","og_description":"[vc_row gap=\u00bb35&#8243;][vc_column width=\u00bb2\/3&#8243;][vc_single_image image=\u00bb424&#8243;][vc_column_text]Como propietario en Pals desea que sus espacios exteriores se mantengan en el mejor estado durante todo el a\u00f1o. Ante esto, la elecci\u00f3n de la instalaci\u00f3n de c\u00e9sped artificial en Pals antes de la opci\u00f3n natural permite numerosos beneficios. Adem\u00e1s de eliminar la necesidad de regar su c\u00e9sped, la instalaci\u00f3n de c\u00e9sped artificial en Pals tambi\u00e9n eliminaRead more","og_url":"https:\/\/naturcesped.com\/es\/instalacion-cesped-artificial-pals\/","og_site_name":"NaturC\u00e9sped","article_modified_time":"2023-12-27T09:24:35+00:00","twitter_card":"summary_large_image","twitter_misc":{"Tiempo de lectura":"3 minutos"},"schema":{"@context":"https:\/\/schema.org","@graph":[{"@type":"WebPage","@id":"https:\/\/naturcesped.com\/es\/instalacion-cesped-artificial-pals\/","url":"https:\/\/naturcesped.com\/es\/instalacion-cesped-artificial-pals\/","name":"Instalaci\u00f3n c\u00e9sped artificial Pals - NaturC\u00e9sped","isPartOf":{"@id":"https:\/\/naturcesped.com\/es\/#website"},"datePublished":"2023-08-17T08:14:42+00:00","dateModified":"2023-12-27T09:24:35+00:00","breadcrumb":{"@id":"https:\/\/naturcesped.com\/es\/instalacion-cesped-artificial-pals\/#breadcrumb"},"inLanguage":"es","potentialAction":[{"@type":"ReadAction","target":["https:\/\/naturcesped.com\/es\/instalacion-cesped-artificial-pals\/"]}]},{"@type":"BreadcrumbList","@id":"https:\/\/naturcesped.com\/es\/instalacion-cesped-artificial-pals\/#breadcrumb","itemListElement":[{"@type":"ListItem","position":1,"name":"Portada","item":"https:\/\/naturcesped.com\/es\/"},{"@type":"ListItem","position":2,"name":"Instalaci\u00f3n c\u00e9sped artificial Pals"}]},{"@type":"WebSite","@id":"https:\/\/naturcesped.com\/es\/#website","url":"https:\/\/naturcesped.com\/es\/","name":"NaturC\u00e9sped","description":"C\u00e9sped artificial en Girona","potentialAction":[{"@type":"SearchAction","target":{"@type":"EntryPoint","urlTemplate":"https:\/\/naturcesped.com\/es\/?s={search_term_string}"},"query-input":{"@type":"PropertyValueSpecification","valueRequired":true,"valueName":"search_term_string"}}],"inLanguage":"es"}]}},"_links":{"self":[{"href":"https:\/\/naturcesped.com\/es\/wp-json\/wp\/v2\/pages\/1713","targetHints":{"allow":["GET"]}}],"collection":[{"href":"https:\/\/naturcesped.com\/es\/wp-json\/wp\/v2\/pages"}],"about":[{"href":"https:\/\/naturcesped.com\/es\/wp-json\/wp\/v2\/types\/page"}],"author":[{"embeddable":true,"href":"https:\/\/naturcesped.com\/es\/wp-json\/wp\/v2\/users\/1"}],"replies":[{"embeddable":true,"href":"https:\/\/naturcesped.com\/es\/wp-json\/wp\/v2\/comments?post=1713"}],"version-history":[{"count":0,"href":"https:\/\/naturcesped.com\/es\/wp-json\/wp\/v2\/pages\/1713\/revisions"}],"wp:attachment":[{"href":"https:\/\/naturcesped.com\/es\/wp-json\/wp\/v2\/media?parent=1713"}],"curies":[{"name":"wp","href":"https:\/\/api.w.org\/{rel}","templated":true}]}}