{"id":1650,"date":"2023-06-29T09:26:05","date_gmt":"2023-06-29T09:26:05","guid":{"rendered":"https:\/\/naturcesped.com\/?page_id=1650"},"modified":"2023-12-27T08:37:33","modified_gmt":"2023-12-27T08:37:33","slug":"disenos-jardines-sant-cugat","status":"publish","type":"page","link":"https:\/\/naturcesped.com\/es\/disenos-jardines-sant-cugat\/","title":{"rendered":"Dise\u00f1os jardines Sant Cugat"},"content":{"rendered":"<div class=\"wpb-content-wrapper\"><p>[vc_row gap=\u00bb35&#8243;][vc_column width=\u00bb2\/3&#8243;][vc_single_image image=\u00bb424&#8243;][vc_column_text]<\/p>\n<p style=\"text-align: justify;\">Con el tiempo, todos entendemos la importancia de crear un espacio ideal y c\u00f3modo para vivir. Si a esto se suma el placer de tener un espacio al aire libre, la planificaci\u00f3n es fundamental para mejorar nuestra calidad de vida. Ante esto, el <strong>dise\u00f1o de jardines en Sant Cugat <\/strong>es una inversi\u00f3n inteligente.<\/p>\n<p style=\"text-align: justify;\">Muchos expertos en salud creen que los beneficios de la naturaleza pueden reducir la presi\u00f3n arterial, estimular la funci\u00f3n inmunol\u00f3gica y reducir el estr\u00e9s. Estar en comuni\u00f3n con la naturaleza es una experiencia plena de mente y cuerpo que es buena para el bienestar y el alma, por lo que un buen <strong>dise\u00f1o de jardines en Sant Cugat <\/strong>mejorar\u00e1 su salud y la de sus seres queridos.<\/p>\n<p>[\/vc_column_text][vc_row_inner][vc_column_inner width=\u00bb1\/3&#8243;][\/vc_column_inner][vc_column_inner width=\u00bb1\/3&#8243;]<a\thref=\"https:\/\/naturcesped.com\/es\/contacto\/\" \n\t\t\t\tclass=\"button btn_large btn_theme_color btn_rounded btn_normal_style    \"  target='_self'><span>CONTACTA CON NOSOTROS<\/span><\/a>[\/vc_column_inner][vc_column_inner width=\u00bb1\/3&#8243;][\/vc_column_inner][\/vc_row_inner][vc_column_text]<\/p>\n<p style=\"text-align: justify;\">\u00bfAlguna vez has plantado algo y simplemente no funcion\u00f3? Debe tener el conocimiento para saber qu\u00e9 plantar, d\u00f3nde, en qu\u00e9 \u00e9poca del a\u00f1o, las condiciones del suelo, cu\u00e1nto regar y m\u00e1s. Esta es otra gran raz\u00f3n para contar con el conocimiento de un experto en <strong>dise\u00f1o de jardines en Sant Cugat.<\/strong><\/p>\n<p style=\"text-align: justify;\">Todos sabemos que los costos pueden salirse de control al iniciar un proyecto de vivienda. Un gran redise\u00f1o de jard\u00edn no es diferente. Sin embargo, contratar a un profesional en el <strong>dise\u00f1o de jardines en Sant Cugat<\/strong> puede ayudar a mantener los costos al m\u00ednimo. Saber en la etapa de dise\u00f1o cu\u00e1les ser\u00e1n los costos le permite ver el proyecto como un todo y trabajar con el presupuesto que tiene. En lugar de subestimar los costos y terminar con un gran gasto sin tener en cuenta ciertas cosas. Un dise\u00f1ador de jardines sabr\u00e1 todos los costos involucrados, asegur\u00e1ndose de que no se quede con una sorpresa inesperada.<\/p>\n<p style=\"text-align: justify;\">Un profesional del <strong>dise\u00f1o de jardines en Sant Cugat<\/strong> podr\u00e1 ahorrarle tiempo y dinero al obtener todo lo que necesita para hacer realidad su proyecto de redise\u00f1o de jardines. Hacer esto usted mismo es una tarea enorme. Las plantas, los materiales de construcci\u00f3n, incluso los juegos de sal\u00f3n se pueden obtener de una sola vez con la ayuda de un dise\u00f1ador de jardines experto.<\/p>\n<p style=\"text-align: justify;\">Contratar a un profesional del <strong>dise\u00f1o de jardines en Sant Cugat<\/strong> significa que puede disfrutar de los beneficios de tener un espacio al aire libre impresionante, lo que aumenta la inversi\u00f3n a largo plazo de su hogar.<\/p>\n<p style=\"text-align: justify;\">Con un experto en el <strong>dise\u00f1o de jardines en Sant Cugat<\/strong> puede ayudarlo a ver su visi\u00f3n, que puede cambiar, agregar o quitar. En Naturcesped tenemos el equipo y el conocimiento para hacer realidad incluso los jardines m\u00e1s m\u00e1gicos. \u00a1No lo piense m\u00e1s y cuente con nosotros para la creaci\u00f3n de su espacio ideal! \u00a1Lo estaremos esperando para hacer sus sue\u00f1os realidad!<\/p>\n<p>[\/vc_column_text][\/vc_column][vc_column width=\u00bb1\/3&#8243;][vc_column_text]<\/p>\n<h2 style=\"text-align: center;\">Cont\u00e1ctanos para m\u00e1s informaci\u00f3n<\/h2>\n<p>[\/vc_column_text]<div class=\"boc_divider_holder\"><div class=\"boc_divider  \"  style=\"margin-top: 20px;margin-bottom: 20px;height: 1px;background: #eeeeee;\"><\/div><\/div>\n<div class=\"wpcf7 no-js\" id=\"wpcf7-f202-o1\" lang=\"es-ES\" dir=\"ltr\" data-wpcf7-id=\"202\">\n<div class=\"screen-reader-response\"><p role=\"status\" aria-live=\"polite\" aria-atomic=\"true\"><\/p> <ul><\/ul><\/div>\n<form action=\"\/es\/wp-json\/wp\/v2\/pages\/1650#wpcf7-f202-o1\" method=\"post\" class=\"wpcf7-form init\" aria-label=\"Formulario de contacto\" novalidate=\"novalidate\" data-status=\"init\">\n<fieldset class=\"hidden-fields-container\"><input type=\"hidden\" name=\"_wpcf7\" value=\"202\" \/><input type=\"hidden\" name=\"_wpcf7_version\" value=\"6.1.3\" \/><input type=\"hidden\" name=\"_wpcf7_locale\" value=\"es_ES\" \/><input type=\"hidden\" name=\"_wpcf7_unit_tag\" value=\"wpcf7-f202-o1\" \/><input type=\"hidden\" name=\"_wpcf7_container_post\" value=\"0\" \/><input type=\"hidden\" name=\"_wpcf7_posted_data_hash\" value=\"\" \/><input type=\"hidden\" name=\"_wpcf7_recaptcha_response\" value=\"\" \/>\n<\/fieldset>\n<p><label> Nombre y apellidos *<br \/>\n<span class=\"wpcf7-form-control-wrap\" data-name=\"your-name\"><input size=\"40\" maxlength=\"400\" class=\"wpcf7-form-control wpcf7-text wpcf7-validates-as-required\" aria-required=\"true\" aria-invalid=\"false\" value=\"\" type=\"text\" name=\"your-name\" \/><\/span> <\/label>\n<\/p>\n<p><label> Tel\u00e9fono *<br \/>\n<span class=\"wpcf7-form-control-wrap\" data-name=\"your-phone\"><input size=\"40\" maxlength=\"400\" class=\"wpcf7-form-control wpcf7-text wpcf7-validates-as-required\" aria-required=\"true\" aria-invalid=\"false\" value=\"\" type=\"text\" name=\"your-phone\" \/><\/span> <\/label>\n<\/p>\n<p><label> Correo electr\u00f3nico *<br \/>\n<span class=\"wpcf7-form-control-wrap\" data-name=\"your-email\"><input size=\"40\" maxlength=\"400\" class=\"wpcf7-form-control wpcf7-email wpcf7-validates-as-required wpcf7-text wpcf7-validates-as-email\" aria-required=\"true\" aria-invalid=\"false\" value=\"\" type=\"email\" name=\"your-email\" \/><\/span> <\/label>\n<\/p>\n<p><label> Municipio *<br \/>\n<span class=\"wpcf7-form-control-wrap\" data-name=\"your-town\"><input size=\"40\" maxlength=\"400\" class=\"wpcf7-form-control wpcf7-text wpcf7-validates-as-required\" aria-required=\"true\" aria-invalid=\"false\" value=\"\" type=\"text\" name=\"your-town\" \/><\/span> <\/label>\n<\/p>\n<p><label> Cantidad de m\u00b2<br \/>\n<span class=\"wpcf7-form-control-wrap\" data-name=\"your-meters\"><input size=\"40\" maxlength=\"400\" class=\"wpcf7-form-control wpcf7-text\" aria-invalid=\"false\" value=\"\" type=\"text\" name=\"your-meters\" \/><\/span> <\/label>\n<\/p>\n<p><label> Terreno actual *<br \/>\n<span class=\"wpcf7-form-control-wrap\" data-name=\"radio-509\"><span class=\"wpcf7-form-control wpcf7-radio\"><span class=\"wpcf7-list-item first\"><label><input type=\"radio\" name=\"radio-509\" value=\"Tierra\" checked=\"checked\" \/><span class=\"wpcf7-list-item-label\">Tierra<\/span><\/label><\/span><span class=\"wpcf7-list-item\"><label><input type=\"radio\" name=\"radio-509\" value=\"C\u00e9sped natural\" \/><span class=\"wpcf7-list-item-label\">C\u00e9sped natural<\/span><\/label><\/span><span class=\"wpcf7-list-item\"><label><input type=\"radio\" name=\"radio-509\" value=\"Pavimento\" \/><span class=\"wpcf7-list-item-label\">Pavimento<\/span><\/label><\/span><span class=\"wpcf7-list-item last\"><label><input type=\"radio\" name=\"radio-509\" value=\"C\u00e9sped artificial\" \/><span class=\"wpcf7-list-item-label\">C\u00e9sped artificial<\/span><\/label><\/span><\/span><\/span> <\/label>\n<\/p>\n<p><label> Mensaje *<br \/>\n<span class=\"wpcf7-form-control-wrap\" data-name=\"your-message\"><textarea cols=\"40\" rows=\"3\" maxlength=\"2000\" class=\"wpcf7-form-control wpcf7-textarea wpcf7-validates-as-required\" aria-required=\"true\" aria-invalid=\"false\" name=\"your-message\"><\/textarea><\/span> <\/label>\n<\/p>\n<p style=\"font-weight: lighter; font-size:12px;\">Informaci\u00f3n b\u00e1sica sobre el tratamiento de datos (Reglamento (UE) 2016\/679 y LO 3\/2018)<br \/>\nResponsable del tratamiento: Naturcesped C\u00e9sped Artificial, SL.\n<\/p>\n<p style=\"font-weight: lighter; font-size:12px;\">Finalidad: Ofrecer, prestar y facturar nuestros servicios y productos.\n<\/p>\n<p style=\"font-weight: lighter; font-size:12px;\">Legitimaci\u00f3n: Consentimiento del interesado.\n<\/p>\n<p style=\"font-weight: lighter; font-size:12px;\">Destinatarios: Los datos no se ceder\u00e1n a terceros, a menos que lo exija una ley o sea necesario para cumplir con la finalidad del tratamiento.\n<\/p>\n<p style=\"font-weight: lighter; font-size:12px;\">Derechos: Acceder, rectificar y suprimir datos, as\u00ed como el resto que se explican en la pol\u00edtica de protecci\u00f3n de datos.\n<\/p>\n<p style=\"font-weight: lighter; font-size:12px;\">M\u00e1s informaci\u00f3n en nuestra pol\u00edtica de protecci\u00f3n de datos.\n<\/p>\n<p><input class=\"wpcf7-form-control wpcf7-submit has-spinner\" type=\"submit\" value=\"Enviar\" \/>\n<\/p><div class=\"wpcf7-response-output\" aria-hidden=\"true\"><\/div>\n<\/form>\n<\/div>\n[\/vc_column][\/vc_row]<\/p>\n<\/div>","protected":false},"excerpt":{"rendered":"<p>[vc_row gap=\u00bb35&#8243;][vc_column width=\u00bb2\/3&#8243;][vc_single_image image=\u00bb424&#8243;][vc_column_text] Con el tiempo, todos entendemos la importancia de crear un espacio ideal y c\u00f3modo para vivir. Si a esto se suma el placer de tener un espacio al aire libre, la planificaci\u00f3n es fundamental para mejorar nuestra calidad de vida. Ante esto, el dise\u00f1o de jardines en Sant Cugat es una inversi\u00f3n inteligente. Muchos expertos en<\/p>\n<div class=\"h10\"><\/div>\n<p><a class=\"more-link1\" href=\"https:\/\/naturcesped.com\/es\/disenos-jardines-sant-cugat\/\">Read more<\/a><\/p>\n","protected":false},"author":1,"featured_media":0,"parent":0,"menu_order":0,"comment_status":"closed","ping_status":"closed","template":"","meta":{"footnotes":""},"class_list":["post-1650","page","type-page","status-publish","hentry"],"yoast_head":"<!-- This site is optimized with the Yoast SEO plugin v26.3 - https:\/\/yoast.com\/wordpress\/plugins\/seo\/ -->\n<title>Dise\u00f1os jardines Sant Cugat - NaturC\u00e9sped<\/title>\n<meta name=\"robots\" content=\"index, follow, max-snippet:-1, max-image-preview:large, max-video-preview:-1\" \/>\n<link rel=\"canonical\" href=\"https:\/\/naturcesped.com\/es\/disenos-jardines-sant-cugat\/\" \/>\n<meta property=\"og:locale\" content=\"es_ES\" \/>\n<meta property=\"og:type\" content=\"article\" \/>\n<meta property=\"og:title\" content=\"Dise\u00f1os jardines Sant Cugat - NaturC\u00e9sped\" \/>\n<meta property=\"og:description\" content=\"[vc_row gap=\u00bb35&#8243;][vc_column width=\u00bb2\/3&#8243;][vc_single_image image=\u00bb424&#8243;][vc_column_text] Con el tiempo, todos entendemos la importancia de crear un espacio ideal y c\u00f3modo para vivir. Si a esto se suma el placer de tener un espacio al aire libre, la planificaci\u00f3n es fundamental para mejorar nuestra calidad de vida. Ante esto, el dise\u00f1o de jardines en Sant Cugat es una inversi\u00f3n inteligente. Muchos expertos enRead more\" \/>\n<meta property=\"og:url\" content=\"https:\/\/naturcesped.com\/es\/disenos-jardines-sant-cugat\/\" \/>\n<meta property=\"og:site_name\" content=\"NaturC\u00e9sped\" \/>\n<meta property=\"article:modified_time\" content=\"2023-12-27T08:37:33+00:00\" \/>\n<meta name=\"twitter:card\" content=\"summary_large_image\" \/>\n<meta name=\"twitter:label1\" content=\"Tiempo de lectura\" \/>\n\t<meta name=\"twitter:data1\" content=\"3 minutos\" \/>\n<script type=\"application\/ld+json\" class=\"yoast-schema-graph\">{\"@context\":\"https:\/\/schema.org\",\"@graph\":[{\"@type\":\"WebPage\",\"@id\":\"https:\/\/naturcesped.com\/es\/disenos-jardines-sant-cugat\/\",\"url\":\"https:\/\/naturcesped.com\/es\/disenos-jardines-sant-cugat\/\",\"name\":\"Dise\u00f1os jardines Sant Cugat - NaturC\u00e9sped\",\"isPartOf\":{\"@id\":\"https:\/\/naturcesped.com\/es\/#website\"},\"datePublished\":\"2023-06-29T09:26:05+00:00\",\"dateModified\":\"2023-12-27T08:37:33+00:00\",\"breadcrumb\":{\"@id\":\"https:\/\/naturcesped.com\/es\/disenos-jardines-sant-cugat\/#breadcrumb\"},\"inLanguage\":\"es\",\"potentialAction\":[{\"@type\":\"ReadAction\",\"target\":[\"https:\/\/naturcesped.com\/es\/disenos-jardines-sant-cugat\/\"]}]},{\"@type\":\"BreadcrumbList\",\"@id\":\"https:\/\/naturcesped.com\/es\/disenos-jardines-sant-cugat\/#breadcrumb\",\"itemListElement\":[{\"@type\":\"ListItem\",\"position\":1,\"name\":\"Portada\",\"item\":\"https:\/\/naturcesped.com\/es\/\"},{\"@type\":\"ListItem\",\"position\":2,\"name\":\"Dise\u00f1os jardines Sant Cugat\"}]},{\"@type\":\"WebSite\",\"@id\":\"https:\/\/naturcesped.com\/es\/#website\",\"url\":\"https:\/\/naturcesped.com\/es\/\",\"name\":\"NaturC\u00e9sped\",\"description\":\"C\u00e9sped artificial en Girona\",\"potentialAction\":[{\"@type\":\"SearchAction\",\"target\":{\"@type\":\"EntryPoint\",\"urlTemplate\":\"https:\/\/naturcesped.com\/es\/?s={search_term_string}\"},\"query-input\":{\"@type\":\"PropertyValueSpecification\",\"valueRequired\":true,\"valueName\":\"search_term_string\"}}],\"inLanguage\":\"es\"}]}<\/script>\n<!-- \/ Yoast SEO plugin. -->","yoast_head_json":{"title":"Dise\u00f1os jardines Sant Cugat - NaturC\u00e9sped","robots":{"index":"index","follow":"follow","max-snippet":"max-snippet:-1","max-image-preview":"max-image-preview:large","max-video-preview":"max-video-preview:-1"},"canonical":"https:\/\/naturcesped.com\/es\/disenos-jardines-sant-cugat\/","og_locale":"es_ES","og_type":"article","og_title":"Dise\u00f1os jardines Sant Cugat - NaturC\u00e9sped","og_description":"[vc_row gap=\u00bb35&#8243;][vc_column width=\u00bb2\/3&#8243;][vc_single_image image=\u00bb424&#8243;][vc_column_text] Con el tiempo, todos entendemos la importancia de crear un espacio ideal y c\u00f3modo para vivir. Si a esto se suma el placer de tener un espacio al aire libre, la planificaci\u00f3n es fundamental para mejorar nuestra calidad de vida. Ante esto, el dise\u00f1o de jardines en Sant Cugat es una inversi\u00f3n inteligente. Muchos expertos enRead more","og_url":"https:\/\/naturcesped.com\/es\/disenos-jardines-sant-cugat\/","og_site_name":"NaturC\u00e9sped","article_modified_time":"2023-12-27T08:37:33+00:00","twitter_card":"summary_large_image","twitter_misc":{"Tiempo de lectura":"3 minutos"},"schema":{"@context":"https:\/\/schema.org","@graph":[{"@type":"WebPage","@id":"https:\/\/naturcesped.com\/es\/disenos-jardines-sant-cugat\/","url":"https:\/\/naturcesped.com\/es\/disenos-jardines-sant-cugat\/","name":"Dise\u00f1os jardines Sant Cugat - NaturC\u00e9sped","isPartOf":{"@id":"https:\/\/naturcesped.com\/es\/#website"},"datePublished":"2023-06-29T09:26:05+00:00","dateModified":"2023-12-27T08:37:33+00:00","breadcrumb":{"@id":"https:\/\/naturcesped.com\/es\/disenos-jardines-sant-cugat\/#breadcrumb"},"inLanguage":"es","potentialAction":[{"@type":"ReadAction","target":["https:\/\/naturcesped.com\/es\/disenos-jardines-sant-cugat\/"]}]},{"@type":"BreadcrumbList","@id":"https:\/\/naturcesped.com\/es\/disenos-jardines-sant-cugat\/#breadcrumb","itemListElement":[{"@type":"ListItem","position":1,"name":"Portada","item":"https:\/\/naturcesped.com\/es\/"},{"@type":"ListItem","position":2,"name":"Dise\u00f1os jardines Sant Cugat"}]},{"@type":"WebSite","@id":"https:\/\/naturcesped.com\/es\/#website","url":"https:\/\/naturcesped.com\/es\/","name":"NaturC\u00e9sped","description":"C\u00e9sped artificial en Girona","potentialAction":[{"@type":"SearchAction","target":{"@type":"EntryPoint","urlTemplate":"https:\/\/naturcesped.com\/es\/?s={search_term_string}"},"query-input":{"@type":"PropertyValueSpecification","valueRequired":true,"valueName":"search_term_string"}}],"inLanguage":"es"}]}},"_links":{"self":[{"href":"https:\/\/naturcesped.com\/es\/wp-json\/wp\/v2\/pages\/1650","targetHints":{"allow":["GET"]}}],"collection":[{"href":"https:\/\/naturcesped.com\/es\/wp-json\/wp\/v2\/pages"}],"about":[{"href":"https:\/\/naturcesped.com\/es\/wp-json\/wp\/v2\/types\/page"}],"author":[{"embeddable":true,"href":"https:\/\/naturcesped.com\/es\/wp-json\/wp\/v2\/users\/1"}],"replies":[{"embeddable":true,"href":"https:\/\/naturcesped.com\/es\/wp-json\/wp\/v2\/comments?post=1650"}],"version-history":[{"count":0,"href":"https:\/\/naturcesped.com\/es\/wp-json\/wp\/v2\/pages\/1650\/revisions"}],"wp:attachment":[{"href":"https:\/\/naturcesped.com\/es\/wp-json\/wp\/v2\/media?parent=1650"}],"curies":[{"name":"wp","href":"https:\/\/api.w.org\/{rel}","templated":true}]}}