{"id":1648,"date":"2023-06-27T12:27:35","date_gmt":"2023-06-27T12:27:35","guid":{"rendered":"https:\/\/naturcesped.com\/?page_id=1648"},"modified":"2023-12-20T10:40:54","modified_gmt":"2023-12-20T10:40:54","slug":"diseno-jardines-peralada","status":"publish","type":"page","link":"https:\/\/naturcesped.com\/es\/diseno-jardines\/diseno-jardines-peralada\/","title":{"rendered":"Dise\u00f1o jardines peralada"},"content":{"rendered":"<div class=\"wpb-content-wrapper\"><p>[vc_row gap=\u00bb35&#8243;][vc_column width=\u00bb3\/5&#8243;][vc_single_image image=\u00bb965&#8243;][vc_column_text]El cuidar todos los aspectos de su propiedad en Peralada es fundamental y esto incluye los espacios exteriores. Ante esto, el <strong>dise\u00f1o de jardines en Peralada<\/strong> se convierte en una opci\u00f3n cada d\u00eda m\u00e1s popular.<\/p>\n<p>En Naturcesped, entendemos que no todos tienen el tiempo, los recursos o la experiencia para el <strong>dise\u00f1o de jardines en Peralada<\/strong> desde cero. Dise\u00f1ar y construir un jard\u00edn puede ser una tarea desalentadora que requiere una comprensi\u00f3n profunda de c\u00f3mo obtener lo mejor de su sitio. Como dise\u00f1adores y constructores de paisajes profesionales, aportamos una gran cantidad de conocimientos y experiencia que pueden ahorrarle tiempo, dinero y dolores de cabeza.[\/vc_column_text][vc_row_inner][vc_column_inner width=\u00bb1\/3&#8243;][\/vc_column_inner][vc_column_inner width=\u00bb1\/3&#8243;]<a\thref=\"https:\/\/naturcesped.com\/es\/contacto\/\" \n\t\t\t\tclass=\"button btn_large btn_theme_color btn_rounded btn_normal_style    \"  target='_self'><span>CONTACTA CON NOSOTROS<\/span><\/a>[\/vc_column_inner][vc_column_inner width=\u00bb1\/3&#8243;][\/vc_column_inner][\/vc_row_inner][vc_column_text]Cuando se trata de crear el espacio al aire libre perfecto, es f\u00e1cil dejarse atrapar por la emoci\u00f3n de seleccionar plantas, elegir materiales de construcci\u00f3n y so\u00f1ar despierto con el producto terminado. Sin embargo, hay un paso importante que a menudo se pasa por alto&#8230; el proceso del <strong>dise\u00f1o de jardines en Peralada. <\/strong><\/p>\n<p>Como profesionales, el \u00e9xito de cualquier proyecto proviene de la estrecha colaboraci\u00f3n con nuestros clientes. Al comprender verdaderamente su visi\u00f3n, podemos incorporar sus necesidades y deseos en el <strong>dise\u00f1o de jardines en Peralada<\/strong> a medida.<\/p>\n<p>Este proceso asegura que el producto final satisfaga las necesidades y deseos del cliente. Comenzamos cada proyecto inspeccionando y evaluando cuidadosamente una propiedad y su entorno natural. Nuestro objetivo es comprender c\u00f3mo un cliente planea usar el jard\u00edn y qu\u00e9 caracter\u00edsticas espera incluir para un <strong>dise\u00f1o de jardines en Peralada <\/strong>eficiente.<\/p>\n<p>Una de las mayores ventajas de trabajar con un experto para el <strong>dise\u00f1o de jardines en Peralada<\/strong> es su gran experiencia y conocimiento de las tendencias y tecnolog\u00edas modernas. Esto les permite crear dise\u00f1os que no solo son visualmente impresionantes, sino tambi\u00e9n funcionales y de bajo mantenimiento.<\/p>\n<p>En Naturcesped, creemos que un gran <strong>dise\u00f1o de jardines en Peralada<\/strong> debe ser simple, funcional y elegante. Si simplificamos las cosas y nos centramos en unos pocos elementos clave, podemos crear un espacio exterior atractivo que fluya a la perfecci\u00f3n. Nos preocupamos mucho por combinar materiales, formas y texturas cl\u00e1sicos y modernos que sean a la vez hermosos y duraderos. Nuestro objetivo es crear un jard\u00edn que no solo se vea bien, sino que tambi\u00e9n satisfaga sus necesidades y supere sus expectativas.<\/p>\n<p>Contratar a un profesional para el <strong>dise\u00f1o de jardines en Peralada<\/strong> puede ahorrarles tiempo, dinero y dolores de cabeza a los propietarios. Con experiencia, le quitar\u00e1n la carga de los hombros y se encargar\u00e1n de todo el proceso para preparar la construcci\u00f3n del proyecto.<\/p>\n<p>No dude en contactarnos para iniciar comenzar a crear un oasis en su propiedad. \u00a1Empieza a vivir la vida que te mereces y crea hermosos recuerdos en tu jard\u00edn![\/vc_column_text][\/vc_column][vc_column width=\u00bb2\/5&#8243;][vc_column_text]<\/p>\n<h3 style=\"text-align: center;\">Contacta con nosotros para m\u00e1s informaci\u00f3n<\/h3>\n<hr \/>\n<p>[\/vc_column_text]\n<div class=\"wpcf7 no-js\" id=\"wpcf7-f202-o1\" lang=\"es-ES\" dir=\"ltr\" data-wpcf7-id=\"202\">\n<div class=\"screen-reader-response\"><p role=\"status\" aria-live=\"polite\" aria-atomic=\"true\"><\/p> <ul><\/ul><\/div>\n<form action=\"\/es\/wp-json\/wp\/v2\/pages\/1648#wpcf7-f202-o1\" method=\"post\" class=\"wpcf7-form init\" aria-label=\"Formulario de contacto\" novalidate=\"novalidate\" data-status=\"init\">\n<fieldset class=\"hidden-fields-container\"><input type=\"hidden\" name=\"_wpcf7\" value=\"202\" \/><input type=\"hidden\" name=\"_wpcf7_version\" value=\"6.1.3\" \/><input type=\"hidden\" name=\"_wpcf7_locale\" value=\"es_ES\" \/><input type=\"hidden\" name=\"_wpcf7_unit_tag\" value=\"wpcf7-f202-o1\" \/><input type=\"hidden\" name=\"_wpcf7_container_post\" value=\"0\" \/><input type=\"hidden\" name=\"_wpcf7_posted_data_hash\" value=\"\" \/><input type=\"hidden\" name=\"_wpcf7_recaptcha_response\" value=\"\" \/>\n<\/fieldset>\n<p><label> Nombre y apellidos *<br \/>\n<span class=\"wpcf7-form-control-wrap\" data-name=\"your-name\"><input size=\"40\" maxlength=\"400\" class=\"wpcf7-form-control wpcf7-text wpcf7-validates-as-required\" aria-required=\"true\" aria-invalid=\"false\" value=\"\" type=\"text\" name=\"your-name\" \/><\/span> <\/label>\n<\/p>\n<p><label> Tel\u00e9fono *<br \/>\n<span class=\"wpcf7-form-control-wrap\" data-name=\"your-phone\"><input size=\"40\" maxlength=\"400\" class=\"wpcf7-form-control wpcf7-text wpcf7-validates-as-required\" aria-required=\"true\" aria-invalid=\"false\" value=\"\" type=\"text\" name=\"your-phone\" \/><\/span> <\/label>\n<\/p>\n<p><label> Correo electr\u00f3nico *<br \/>\n<span class=\"wpcf7-form-control-wrap\" data-name=\"your-email\"><input size=\"40\" maxlength=\"400\" class=\"wpcf7-form-control wpcf7-email wpcf7-validates-as-required wpcf7-text wpcf7-validates-as-email\" aria-required=\"true\" aria-invalid=\"false\" value=\"\" type=\"email\" name=\"your-email\" \/><\/span> <\/label>\n<\/p>\n<p><label> Municipio *<br \/>\n<span class=\"wpcf7-form-control-wrap\" data-name=\"your-town\"><input size=\"40\" maxlength=\"400\" class=\"wpcf7-form-control wpcf7-text wpcf7-validates-as-required\" aria-required=\"true\" aria-invalid=\"false\" value=\"\" type=\"text\" name=\"your-town\" \/><\/span> <\/label>\n<\/p>\n<p><label> Cantidad de m\u00b2<br \/>\n<span class=\"wpcf7-form-control-wrap\" data-name=\"your-meters\"><input size=\"40\" maxlength=\"400\" class=\"wpcf7-form-control wpcf7-text\" aria-invalid=\"false\" value=\"\" type=\"text\" name=\"your-meters\" \/><\/span> <\/label>\n<\/p>\n<p><label> Terreno actual *<br \/>\n<span class=\"wpcf7-form-control-wrap\" data-name=\"radio-509\"><span class=\"wpcf7-form-control wpcf7-radio\"><span class=\"wpcf7-list-item first\"><label><input type=\"radio\" name=\"radio-509\" value=\"Tierra\" checked=\"checked\" \/><span class=\"wpcf7-list-item-label\">Tierra<\/span><\/label><\/span><span class=\"wpcf7-list-item\"><label><input type=\"radio\" name=\"radio-509\" value=\"C\u00e9sped natural\" \/><span class=\"wpcf7-list-item-label\">C\u00e9sped natural<\/span><\/label><\/span><span class=\"wpcf7-list-item\"><label><input type=\"radio\" name=\"radio-509\" value=\"Pavimento\" \/><span class=\"wpcf7-list-item-label\">Pavimento<\/span><\/label><\/span><span class=\"wpcf7-list-item last\"><label><input type=\"radio\" name=\"radio-509\" value=\"C\u00e9sped artificial\" \/><span class=\"wpcf7-list-item-label\">C\u00e9sped artificial<\/span><\/label><\/span><\/span><\/span> <\/label>\n<\/p>\n<p><label> Mensaje *<br \/>\n<span class=\"wpcf7-form-control-wrap\" data-name=\"your-message\"><textarea cols=\"40\" rows=\"3\" maxlength=\"2000\" class=\"wpcf7-form-control wpcf7-textarea wpcf7-validates-as-required\" aria-required=\"true\" aria-invalid=\"false\" name=\"your-message\"><\/textarea><\/span> <\/label>\n<\/p>\n<p style=\"font-weight: lighter; font-size:12px;\">Informaci\u00f3n b\u00e1sica sobre el tratamiento de datos (Reglamento (UE) 2016\/679 y LO 3\/2018)<br \/>\nResponsable del tratamiento: Naturcesped C\u00e9sped Artificial, SL.\n<\/p>\n<p style=\"font-weight: lighter; font-size:12px;\">Finalidad: Ofrecer, prestar y facturar nuestros servicios y productos.\n<\/p>\n<p style=\"font-weight: lighter; font-size:12px;\">Legitimaci\u00f3n: Consentimiento del interesado.\n<\/p>\n<p style=\"font-weight: lighter; font-size:12px;\">Destinatarios: Los datos no se ceder\u00e1n a terceros, a menos que lo exija una ley o sea necesario para cumplir con la finalidad del tratamiento.\n<\/p>\n<p style=\"font-weight: lighter; font-size:12px;\">Derechos: Acceder, rectificar y suprimir datos, as\u00ed como el resto que se explican en la pol\u00edtica de protecci\u00f3n de datos.\n<\/p>\n<p style=\"font-weight: lighter; font-size:12px;\">M\u00e1s informaci\u00f3n en nuestra pol\u00edtica de protecci\u00f3n de datos.\n<\/p>\n<p><input class=\"wpcf7-form-control wpcf7-submit has-spinner\" type=\"submit\" value=\"Enviar\" \/>\n<\/p><div class=\"wpcf7-response-output\" aria-hidden=\"true\"><\/div>\n<\/form>\n<\/div>\n[\/vc_column][\/vc_row]<\/p>\n<\/div>","protected":false},"excerpt":{"rendered":"<p>[vc_row gap=\u00bb35&#8243;][vc_column width=\u00bb3\/5&#8243;][vc_single_image image=\u00bb965&#8243;][vc_column_text]El cuidar todos los aspectos de su propiedad en Peralada es fundamental y esto incluye los espacios exteriores. Ante esto, el dise\u00f1o de jardines en Peralada se convierte en una opci\u00f3n cada d\u00eda m\u00e1s popular. En Naturcesped, entendemos que no todos tienen el tiempo, los recursos o la experiencia para el dise\u00f1o de jardines en Peralada desde<\/p>\n<div class=\"h10\"><\/div>\n<p><a class=\"more-link1\" href=\"https:\/\/naturcesped.com\/es\/diseno-jardines\/diseno-jardines-peralada\/\">Read more<\/a><\/p>\n","protected":false},"author":1,"featured_media":0,"parent":1568,"menu_order":0,"comment_status":"closed","ping_status":"closed","template":"","meta":{"footnotes":""},"class_list":["post-1648","page","type-page","status-publish","hentry"],"yoast_head":"<!-- This site is optimized with the Yoast SEO plugin v26.3 - https:\/\/yoast.com\/wordpress\/plugins\/seo\/ -->\n<title>Dise\u00f1o jardines peralada - NaturC\u00e9sped<\/title>\n<meta name=\"robots\" content=\"index, follow, max-snippet:-1, max-image-preview:large, max-video-preview:-1\" \/>\n<link rel=\"canonical\" href=\"https:\/\/naturcesped.com\/es\/diseno-jardines\/diseno-jardines-peralada\/\" \/>\n<meta property=\"og:locale\" content=\"es_ES\" \/>\n<meta property=\"og:type\" content=\"article\" \/>\n<meta property=\"og:title\" content=\"Dise\u00f1o jardines peralada - NaturC\u00e9sped\" \/>\n<meta property=\"og:description\" content=\"[vc_row gap=\u00bb35&#8243;][vc_column width=\u00bb3\/5&#8243;][vc_single_image image=\u00bb965&#8243;][vc_column_text]El cuidar todos los aspectos de su propiedad en Peralada es fundamental y esto incluye los espacios exteriores. Ante esto, el dise\u00f1o de jardines en Peralada se convierte en una opci\u00f3n cada d\u00eda m\u00e1s popular. En Naturcesped, entendemos que no todos tienen el tiempo, los recursos o la experiencia para el dise\u00f1o de jardines en Peralada desdeRead more\" \/>\n<meta property=\"og:url\" content=\"https:\/\/naturcesped.com\/es\/diseno-jardines\/diseno-jardines-peralada\/\" \/>\n<meta property=\"og:site_name\" content=\"NaturC\u00e9sped\" \/>\n<meta property=\"article:modified_time\" content=\"2023-12-20T10:40:54+00:00\" \/>\n<meta name=\"twitter:card\" content=\"summary_large_image\" \/>\n<meta name=\"twitter:label1\" content=\"Tiempo de lectura\" \/>\n\t<meta name=\"twitter:data1\" content=\"3 minutos\" \/>\n<script type=\"application\/ld+json\" class=\"yoast-schema-graph\">{\"@context\":\"https:\/\/schema.org\",\"@graph\":[{\"@type\":\"WebPage\",\"@id\":\"https:\/\/naturcesped.com\/es\/diseno-jardines\/diseno-jardines-peralada\/\",\"url\":\"https:\/\/naturcesped.com\/es\/diseno-jardines\/diseno-jardines-peralada\/\",\"name\":\"Dise\u00f1o jardines peralada - NaturC\u00e9sped\",\"isPartOf\":{\"@id\":\"https:\/\/naturcesped.com\/es\/#website\"},\"datePublished\":\"2023-06-27T12:27:35+00:00\",\"dateModified\":\"2023-12-20T10:40:54+00:00\",\"breadcrumb\":{\"@id\":\"https:\/\/naturcesped.com\/es\/diseno-jardines\/diseno-jardines-peralada\/#breadcrumb\"},\"inLanguage\":\"es\",\"potentialAction\":[{\"@type\":\"ReadAction\",\"target\":[\"https:\/\/naturcesped.com\/es\/diseno-jardines\/diseno-jardines-peralada\/\"]}]},{\"@type\":\"BreadcrumbList\",\"@id\":\"https:\/\/naturcesped.com\/es\/diseno-jardines\/diseno-jardines-peralada\/#breadcrumb\",\"itemListElement\":[{\"@type\":\"ListItem\",\"position\":1,\"name\":\"Portada\",\"item\":\"https:\/\/naturcesped.com\/es\/\"},{\"@type\":\"ListItem\",\"position\":2,\"name\":\"Dise\u00f1o jardines\",\"item\":\"https:\/\/naturcesped.com\/es\/diseno-jardines\/\"},{\"@type\":\"ListItem\",\"position\":3,\"name\":\"Dise\u00f1o jardines peralada\"}]},{\"@type\":\"WebSite\",\"@id\":\"https:\/\/naturcesped.com\/es\/#website\",\"url\":\"https:\/\/naturcesped.com\/es\/\",\"name\":\"NaturC\u00e9sped\",\"description\":\"C\u00e9sped artificial en Girona\",\"potentialAction\":[{\"@type\":\"SearchAction\",\"target\":{\"@type\":\"EntryPoint\",\"urlTemplate\":\"https:\/\/naturcesped.com\/es\/?s={search_term_string}\"},\"query-input\":{\"@type\":\"PropertyValueSpecification\",\"valueRequired\":true,\"valueName\":\"search_term_string\"}}],\"inLanguage\":\"es\"}]}<\/script>\n<!-- \/ Yoast SEO plugin. -->","yoast_head_json":{"title":"Dise\u00f1o jardines peralada - NaturC\u00e9sped","robots":{"index":"index","follow":"follow","max-snippet":"max-snippet:-1","max-image-preview":"max-image-preview:large","max-video-preview":"max-video-preview:-1"},"canonical":"https:\/\/naturcesped.com\/es\/diseno-jardines\/diseno-jardines-peralada\/","og_locale":"es_ES","og_type":"article","og_title":"Dise\u00f1o jardines peralada - NaturC\u00e9sped","og_description":"[vc_row gap=\u00bb35&#8243;][vc_column width=\u00bb3\/5&#8243;][vc_single_image image=\u00bb965&#8243;][vc_column_text]El cuidar todos los aspectos de su propiedad en Peralada es fundamental y esto incluye los espacios exteriores. Ante esto, el dise\u00f1o de jardines en Peralada se convierte en una opci\u00f3n cada d\u00eda m\u00e1s popular. En Naturcesped, entendemos que no todos tienen el tiempo, los recursos o la experiencia para el dise\u00f1o de jardines en Peralada desdeRead more","og_url":"https:\/\/naturcesped.com\/es\/diseno-jardines\/diseno-jardines-peralada\/","og_site_name":"NaturC\u00e9sped","article_modified_time":"2023-12-20T10:40:54+00:00","twitter_card":"summary_large_image","twitter_misc":{"Tiempo de lectura":"3 minutos"},"schema":{"@context":"https:\/\/schema.org","@graph":[{"@type":"WebPage","@id":"https:\/\/naturcesped.com\/es\/diseno-jardines\/diseno-jardines-peralada\/","url":"https:\/\/naturcesped.com\/es\/diseno-jardines\/diseno-jardines-peralada\/","name":"Dise\u00f1o jardines peralada - NaturC\u00e9sped","isPartOf":{"@id":"https:\/\/naturcesped.com\/es\/#website"},"datePublished":"2023-06-27T12:27:35+00:00","dateModified":"2023-12-20T10:40:54+00:00","breadcrumb":{"@id":"https:\/\/naturcesped.com\/es\/diseno-jardines\/diseno-jardines-peralada\/#breadcrumb"},"inLanguage":"es","potentialAction":[{"@type":"ReadAction","target":["https:\/\/naturcesped.com\/es\/diseno-jardines\/diseno-jardines-peralada\/"]}]},{"@type":"BreadcrumbList","@id":"https:\/\/naturcesped.com\/es\/diseno-jardines\/diseno-jardines-peralada\/#breadcrumb","itemListElement":[{"@type":"ListItem","position":1,"name":"Portada","item":"https:\/\/naturcesped.com\/es\/"},{"@type":"ListItem","position":2,"name":"Dise\u00f1o jardines","item":"https:\/\/naturcesped.com\/es\/diseno-jardines\/"},{"@type":"ListItem","position":3,"name":"Dise\u00f1o jardines peralada"}]},{"@type":"WebSite","@id":"https:\/\/naturcesped.com\/es\/#website","url":"https:\/\/naturcesped.com\/es\/","name":"NaturC\u00e9sped","description":"C\u00e9sped artificial en Girona","potentialAction":[{"@type":"SearchAction","target":{"@type":"EntryPoint","urlTemplate":"https:\/\/naturcesped.com\/es\/?s={search_term_string}"},"query-input":{"@type":"PropertyValueSpecification","valueRequired":true,"valueName":"search_term_string"}}],"inLanguage":"es"}]}},"_links":{"self":[{"href":"https:\/\/naturcesped.com\/es\/wp-json\/wp\/v2\/pages\/1648","targetHints":{"allow":["GET"]}}],"collection":[{"href":"https:\/\/naturcesped.com\/es\/wp-json\/wp\/v2\/pages"}],"about":[{"href":"https:\/\/naturcesped.com\/es\/wp-json\/wp\/v2\/types\/page"}],"author":[{"embeddable":true,"href":"https:\/\/naturcesped.com\/es\/wp-json\/wp\/v2\/users\/1"}],"replies":[{"embeddable":true,"href":"https:\/\/naturcesped.com\/es\/wp-json\/wp\/v2\/comments?post=1648"}],"version-history":[{"count":0,"href":"https:\/\/naturcesped.com\/es\/wp-json\/wp\/v2\/pages\/1648\/revisions"}],"up":[{"embeddable":true,"href":"https:\/\/naturcesped.com\/es\/wp-json\/wp\/v2\/pages\/1568"}],"wp:attachment":[{"href":"https:\/\/naturcesped.com\/es\/wp-json\/wp\/v2\/media?parent=1648"}],"curies":[{"name":"wp","href":"https:\/\/api.w.org\/{rel}","templated":true}]}}