{"id":1646,"date":"2023-06-23T07:58:16","date_gmt":"2023-06-23T07:58:16","guid":{"rendered":"https:\/\/naturcesped.com\/?page_id=1646"},"modified":"2023-12-27T08:11:22","modified_gmt":"2023-12-27T08:11:22","slug":"diseno-jardines-sant-feliu-de-guixols","status":"publish","type":"page","link":"https:\/\/naturcesped.com\/es\/diseno-jardines-sant-feliu-de-guixols\/","title":{"rendered":"Dise\u00f1o jardines Sant Feliu de Gu\u00edxols"},"content":{"rendered":"<div class=\"wpb-content-wrapper\"><p>[vc_row gap=\u00bb35&#8243;][vc_column width=\u00bb3\/5&#8243;][vc_single_image image=\u00bb965&#8243;][vc_column_text]<\/p>\n<p style=\"text-align: justify;\">El <strong>dise\u00f1o de jardines en Sant Feliu de Gu\u00edxols <\/strong>aporta valor a cualquier propiedad. Adem\u00e1s de darle a su propiedad un aspecto m\u00e1s refrescante, el <strong>dise\u00f1o de jardines en Sant Feliu de Gu\u00edxols<\/strong> tambi\u00e9n le permite maximizar el uso de los espacios de su jard\u00edn. Va m\u00e1s all\u00e1 de crear un escenario visual.<\/p>\n<p style=\"text-align: justify;\">Dado que salir de vacaciones puede no ser siempre factible dado su horario, volver a casa a un paisaje relajante le ofrecer\u00e1 un retiro temporal que usted y sus seres queridos pueden aprovechar durante los fines de semana o d\u00edas festivos, menos los gastos de viaje.<\/p>\n<p style=\"text-align: justify;\">Adem\u00e1s, el <strong>dise\u00f1o de jardines en Sant Feliu de Gu\u00edxols<\/strong> es respetuoso con el espacio. Un buen <strong>dise\u00f1o de jardines en Sant Feliu de Gu\u00edxols<\/strong> considera a los habitantes existentes en su jard\u00edn, ya sean insectos o p\u00e1jaros naturales. Tu nuevo paisaje deber\u00eda proteger a estas criaturas y no obligarlas a alejarse.<\/p>\n<p>[\/vc_column_text][vc_row_inner][vc_column_inner width=\u00bb1\/3&#8243;][\/vc_column_inner][vc_column_inner width=\u00bb1\/3&#8243;]<a\thref=\"https:\/\/naturcesped.com\/es\/contacto\/\" \n\t\t\t\tclass=\"button btn_large btn_theme_color btn_rounded btn_normal_style    \"  target='_self'><span>CONTACTA CON NOSOTROS<\/span><\/a>[\/vc_column_inner][vc_column_inner width=\u00bb1\/3&#8243;][\/vc_column_inner][\/vc_row_inner][vc_column_text]<\/p>\n<p style=\"text-align: justify;\">El <strong>dise\u00f1o de jardines en Sant Feliu de Gu\u00edxols <\/strong>lo ayudar\u00e1 a mejorar su calidad de vida. Pase m\u00e1s tiempo al aire libre relaj\u00e1ndose en el hermoso tel\u00f3n de fondo, haciendo compa\u00f1\u00eda a su lectura favorita o dando la bienvenida a los invitados para una reuni\u00f3n espont\u00e1nea.<\/p>\n<p style=\"text-align: justify;\">Con el <strong>dise\u00f1o de jardines en Sant Feliu de Gu\u00edxols<\/strong> crea un equilibrio con el paisaje natural y los elementos de dise\u00f1o creados por el hombre, como instalaciones de agua o materiales de pavimentaci\u00f3n. Resalte la belleza natural de su jard\u00edn seleccionando cuidadosamente las caracter\u00edsticas exteriores para instalar.<\/p>\n<p style=\"text-align: justify;\">Al contar con expertos en las tareas de <strong>dise\u00f1o de jardines en Sant Feliu de Gu\u00edxols, <\/strong>podr\u00e1 convertir espacios en desuso en \u00e1reas funcionales. Un patio lateral que no se ha utilizado durante muchos a\u00f1os, o ese patio trasero que ha sido el hogar de muebles viejos o una pila de ramitas puede renovarse y convertirse en un oasis con el <strong>dise\u00f1o de jardines en Sant Feliu de Gu\u00edxols<\/strong>.<\/p>\n<p style=\"text-align: justify;\">Ponga orden en su jard\u00edn estableciendo \u00e1reas en su jard\u00edn para actividades espec\u00edficas, desde cocinar hasta hacer ejercicio. Lleve las celebraciones al aire libre y disfrute m\u00e1s de lo que su hogar tiene para ofrecer del d\u00eda a la noche.<\/p>\n<p style=\"text-align: justify;\">Un nuevo <strong>dise\u00f1o de jardines en Sant Feliu de Gu\u00edxols<\/strong> lo alienta a relajarse m\u00e1s al aire libre mientras dedica menos tiempo al mantenimiento.<\/p>\n<p style=\"text-align: justify;\">Si quiere empezar a disfrutar de un espacio de ensue\u00f1o con el <strong>dise\u00f1o de jardines en Sant Feliu de Gu\u00edxols, <\/strong>no dude en contactar con nosotros. Tenemos la experiencia necesaria y nos dedicamos de forma personalizada a cada proyecto. \u00a1Lo estaremos esperando para hacer sus sue\u00f1os realidad en su propio espacio! \u00a1Cuente con los mejores profesionales en el sector!<\/p>\n<p>[\/vc_column_text][\/vc_column][vc_column width=\u00bb2\/5&#8243;][vc_column_text]<\/p>\n<h3 style=\"text-align: center;\">Contacta con nosotros para m\u00e1s informaci\u00f3n<\/h3>\n<hr \/>\n<p>[\/vc_column_text]\n<div class=\"wpcf7 no-js\" id=\"wpcf7-f202-o1\" lang=\"es-ES\" dir=\"ltr\" data-wpcf7-id=\"202\">\n<div class=\"screen-reader-response\"><p role=\"status\" aria-live=\"polite\" aria-atomic=\"true\"><\/p> <ul><\/ul><\/div>\n<form action=\"\/es\/wp-json\/wp\/v2\/pages\/1646#wpcf7-f202-o1\" method=\"post\" class=\"wpcf7-form init\" aria-label=\"Formulario de contacto\" novalidate=\"novalidate\" data-status=\"init\">\n<fieldset class=\"hidden-fields-container\"><input type=\"hidden\" name=\"_wpcf7\" value=\"202\" \/><input type=\"hidden\" name=\"_wpcf7_version\" value=\"6.1.3\" \/><input type=\"hidden\" name=\"_wpcf7_locale\" value=\"es_ES\" \/><input type=\"hidden\" name=\"_wpcf7_unit_tag\" value=\"wpcf7-f202-o1\" \/><input type=\"hidden\" name=\"_wpcf7_container_post\" value=\"0\" \/><input type=\"hidden\" name=\"_wpcf7_posted_data_hash\" value=\"\" \/><input type=\"hidden\" name=\"_wpcf7_recaptcha_response\" value=\"\" \/>\n<\/fieldset>\n<p><label> Nombre y apellidos *<br \/>\n<span class=\"wpcf7-form-control-wrap\" data-name=\"your-name\"><input size=\"40\" maxlength=\"400\" class=\"wpcf7-form-control wpcf7-text wpcf7-validates-as-required\" aria-required=\"true\" aria-invalid=\"false\" value=\"\" type=\"text\" name=\"your-name\" \/><\/span> <\/label>\n<\/p>\n<p><label> Tel\u00e9fono *<br \/>\n<span class=\"wpcf7-form-control-wrap\" data-name=\"your-phone\"><input size=\"40\" maxlength=\"400\" class=\"wpcf7-form-control wpcf7-text wpcf7-validates-as-required\" aria-required=\"true\" aria-invalid=\"false\" value=\"\" type=\"text\" name=\"your-phone\" \/><\/span> <\/label>\n<\/p>\n<p><label> Correo electr\u00f3nico *<br \/>\n<span class=\"wpcf7-form-control-wrap\" data-name=\"your-email\"><input size=\"40\" maxlength=\"400\" class=\"wpcf7-form-control wpcf7-email wpcf7-validates-as-required wpcf7-text wpcf7-validates-as-email\" aria-required=\"true\" aria-invalid=\"false\" value=\"\" type=\"email\" name=\"your-email\" \/><\/span> <\/label>\n<\/p>\n<p><label> Municipio *<br \/>\n<span class=\"wpcf7-form-control-wrap\" data-name=\"your-town\"><input size=\"40\" maxlength=\"400\" class=\"wpcf7-form-control wpcf7-text wpcf7-validates-as-required\" aria-required=\"true\" aria-invalid=\"false\" value=\"\" type=\"text\" name=\"your-town\" \/><\/span> <\/label>\n<\/p>\n<p><label> Cantidad de m\u00b2<br \/>\n<span class=\"wpcf7-form-control-wrap\" data-name=\"your-meters\"><input size=\"40\" maxlength=\"400\" class=\"wpcf7-form-control wpcf7-text\" aria-invalid=\"false\" value=\"\" type=\"text\" name=\"your-meters\" \/><\/span> <\/label>\n<\/p>\n<p><label> Terreno actual *<br \/>\n<span class=\"wpcf7-form-control-wrap\" data-name=\"radio-509\"><span class=\"wpcf7-form-control wpcf7-radio\"><span class=\"wpcf7-list-item first\"><label><input type=\"radio\" name=\"radio-509\" value=\"Tierra\" checked=\"checked\" \/><span class=\"wpcf7-list-item-label\">Tierra<\/span><\/label><\/span><span class=\"wpcf7-list-item\"><label><input type=\"radio\" name=\"radio-509\" value=\"C\u00e9sped natural\" \/><span class=\"wpcf7-list-item-label\">C\u00e9sped natural<\/span><\/label><\/span><span class=\"wpcf7-list-item\"><label><input type=\"radio\" name=\"radio-509\" value=\"Pavimento\" \/><span class=\"wpcf7-list-item-label\">Pavimento<\/span><\/label><\/span><span class=\"wpcf7-list-item last\"><label><input type=\"radio\" name=\"radio-509\" value=\"C\u00e9sped artificial\" \/><span class=\"wpcf7-list-item-label\">C\u00e9sped artificial<\/span><\/label><\/span><\/span><\/span> <\/label>\n<\/p>\n<p><label> Mensaje *<br \/>\n<span class=\"wpcf7-form-control-wrap\" data-name=\"your-message\"><textarea cols=\"40\" rows=\"3\" maxlength=\"2000\" class=\"wpcf7-form-control wpcf7-textarea wpcf7-validates-as-required\" aria-required=\"true\" aria-invalid=\"false\" name=\"your-message\"><\/textarea><\/span> <\/label>\n<\/p>\n<p style=\"font-weight: lighter; font-size:12px;\">Informaci\u00f3n b\u00e1sica sobre el tratamiento de datos (Reglamento (UE) 2016\/679 y LO 3\/2018)<br \/>\nResponsable del tratamiento: Naturcesped C\u00e9sped Artificial, SL.\n<\/p>\n<p style=\"font-weight: lighter; font-size:12px;\">Finalidad: Ofrecer, prestar y facturar nuestros servicios y productos.\n<\/p>\n<p style=\"font-weight: lighter; font-size:12px;\">Legitimaci\u00f3n: Consentimiento del interesado.\n<\/p>\n<p style=\"font-weight: lighter; font-size:12px;\">Destinatarios: Los datos no se ceder\u00e1n a terceros, a menos que lo exija una ley o sea necesario para cumplir con la finalidad del tratamiento.\n<\/p>\n<p style=\"font-weight: lighter; font-size:12px;\">Derechos: Acceder, rectificar y suprimir datos, as\u00ed como el resto que se explican en la pol\u00edtica de protecci\u00f3n de datos.\n<\/p>\n<p style=\"font-weight: lighter; font-size:12px;\">M\u00e1s informaci\u00f3n en nuestra pol\u00edtica de protecci\u00f3n de datos.\n<\/p>\n<p><input class=\"wpcf7-form-control wpcf7-submit has-spinner\" type=\"submit\" value=\"Enviar\" \/>\n<\/p><div class=\"wpcf7-response-output\" aria-hidden=\"true\"><\/div>\n<\/form>\n<\/div>\n[\/vc_column][\/vc_row]<\/p>\n<\/div>","protected":false},"excerpt":{"rendered":"<p>[vc_row gap=\u00bb35&#8243;][vc_column width=\u00bb3\/5&#8243;][vc_single_image image=\u00bb965&#8243;][vc_column_text] El dise\u00f1o de jardines en Sant Feliu de Gu\u00edxols aporta valor a cualquier propiedad. Adem\u00e1s de darle a su propiedad un aspecto m\u00e1s refrescante, el dise\u00f1o de jardines en Sant Feliu de Gu\u00edxols tambi\u00e9n le permite maximizar el uso de los espacios de su jard\u00edn. Va m\u00e1s all\u00e1 de crear un escenario visual. Dado que salir<\/p>\n<div class=\"h10\"><\/div>\n<p><a class=\"more-link1\" href=\"https:\/\/naturcesped.com\/es\/diseno-jardines-sant-feliu-de-guixols\/\">Read more<\/a><\/p>\n","protected":false},"author":1,"featured_media":0,"parent":0,"menu_order":0,"comment_status":"closed","ping_status":"closed","template":"","meta":{"footnotes":""},"class_list":["post-1646","page","type-page","status-publish","hentry"],"yoast_head":"<!-- This site is optimized with the Yoast SEO plugin v26.3 - https:\/\/yoast.com\/wordpress\/plugins\/seo\/ -->\n<title>Dise\u00f1o jardines Sant Feliu de Gu\u00edxols - NaturC\u00e9sped<\/title>\n<meta name=\"robots\" content=\"index, follow, max-snippet:-1, max-image-preview:large, max-video-preview:-1\" \/>\n<link rel=\"canonical\" href=\"https:\/\/naturcesped.com\/es\/diseno-jardines-sant-feliu-de-guixols\/\" \/>\n<meta property=\"og:locale\" content=\"es_ES\" \/>\n<meta property=\"og:type\" content=\"article\" \/>\n<meta property=\"og:title\" content=\"Dise\u00f1o jardines Sant Feliu de Gu\u00edxols - NaturC\u00e9sped\" \/>\n<meta property=\"og:description\" content=\"[vc_row gap=\u00bb35&#8243;][vc_column width=\u00bb3\/5&#8243;][vc_single_image image=\u00bb965&#8243;][vc_column_text] El dise\u00f1o de jardines en Sant Feliu de Gu\u00edxols aporta valor a cualquier propiedad. Adem\u00e1s de darle a su propiedad un aspecto m\u00e1s refrescante, el dise\u00f1o de jardines en Sant Feliu de Gu\u00edxols tambi\u00e9n le permite maximizar el uso de los espacios de su jard\u00edn. Va m\u00e1s all\u00e1 de crear un escenario visual. Dado que salirRead more\" \/>\n<meta property=\"og:url\" content=\"https:\/\/naturcesped.com\/es\/diseno-jardines-sant-feliu-de-guixols\/\" \/>\n<meta property=\"og:site_name\" content=\"NaturC\u00e9sped\" \/>\n<meta property=\"article:modified_time\" content=\"2023-12-27T08:11:22+00:00\" \/>\n<meta name=\"twitter:card\" content=\"summary_large_image\" \/>\n<meta name=\"twitter:label1\" content=\"Tiempo de lectura\" \/>\n\t<meta name=\"twitter:data1\" content=\"3 minutos\" \/>\n<script type=\"application\/ld+json\" class=\"yoast-schema-graph\">{\"@context\":\"https:\/\/schema.org\",\"@graph\":[{\"@type\":\"WebPage\",\"@id\":\"https:\/\/naturcesped.com\/es\/diseno-jardines-sant-feliu-de-guixols\/\",\"url\":\"https:\/\/naturcesped.com\/es\/diseno-jardines-sant-feliu-de-guixols\/\",\"name\":\"Dise\u00f1o jardines Sant Feliu de Gu\u00edxols - NaturC\u00e9sped\",\"isPartOf\":{\"@id\":\"https:\/\/naturcesped.com\/es\/#website\"},\"datePublished\":\"2023-06-23T07:58:16+00:00\",\"dateModified\":\"2023-12-27T08:11:22+00:00\",\"breadcrumb\":{\"@id\":\"https:\/\/naturcesped.com\/es\/diseno-jardines-sant-feliu-de-guixols\/#breadcrumb\"},\"inLanguage\":\"es\",\"potentialAction\":[{\"@type\":\"ReadAction\",\"target\":[\"https:\/\/naturcesped.com\/es\/diseno-jardines-sant-feliu-de-guixols\/\"]}]},{\"@type\":\"BreadcrumbList\",\"@id\":\"https:\/\/naturcesped.com\/es\/diseno-jardines-sant-feliu-de-guixols\/#breadcrumb\",\"itemListElement\":[{\"@type\":\"ListItem\",\"position\":1,\"name\":\"Portada\",\"item\":\"https:\/\/naturcesped.com\/es\/\"},{\"@type\":\"ListItem\",\"position\":2,\"name\":\"Dise\u00f1o jardines Sant Feliu de Gu\u00edxols\"}]},{\"@type\":\"WebSite\",\"@id\":\"https:\/\/naturcesped.com\/es\/#website\",\"url\":\"https:\/\/naturcesped.com\/es\/\",\"name\":\"NaturC\u00e9sped\",\"description\":\"C\u00e9sped artificial en Girona\",\"potentialAction\":[{\"@type\":\"SearchAction\",\"target\":{\"@type\":\"EntryPoint\",\"urlTemplate\":\"https:\/\/naturcesped.com\/es\/?s={search_term_string}\"},\"query-input\":{\"@type\":\"PropertyValueSpecification\",\"valueRequired\":true,\"valueName\":\"search_term_string\"}}],\"inLanguage\":\"es\"}]}<\/script>\n<!-- \/ Yoast SEO plugin. -->","yoast_head_json":{"title":"Dise\u00f1o jardines Sant Feliu de Gu\u00edxols - NaturC\u00e9sped","robots":{"index":"index","follow":"follow","max-snippet":"max-snippet:-1","max-image-preview":"max-image-preview:large","max-video-preview":"max-video-preview:-1"},"canonical":"https:\/\/naturcesped.com\/es\/diseno-jardines-sant-feliu-de-guixols\/","og_locale":"es_ES","og_type":"article","og_title":"Dise\u00f1o jardines Sant Feliu de Gu\u00edxols - NaturC\u00e9sped","og_description":"[vc_row gap=\u00bb35&#8243;][vc_column width=\u00bb3\/5&#8243;][vc_single_image image=\u00bb965&#8243;][vc_column_text] El dise\u00f1o de jardines en Sant Feliu de Gu\u00edxols aporta valor a cualquier propiedad. Adem\u00e1s de darle a su propiedad un aspecto m\u00e1s refrescante, el dise\u00f1o de jardines en Sant Feliu de Gu\u00edxols tambi\u00e9n le permite maximizar el uso de los espacios de su jard\u00edn. Va m\u00e1s all\u00e1 de crear un escenario visual. Dado que salirRead more","og_url":"https:\/\/naturcesped.com\/es\/diseno-jardines-sant-feliu-de-guixols\/","og_site_name":"NaturC\u00e9sped","article_modified_time":"2023-12-27T08:11:22+00:00","twitter_card":"summary_large_image","twitter_misc":{"Tiempo de lectura":"3 minutos"},"schema":{"@context":"https:\/\/schema.org","@graph":[{"@type":"WebPage","@id":"https:\/\/naturcesped.com\/es\/diseno-jardines-sant-feliu-de-guixols\/","url":"https:\/\/naturcesped.com\/es\/diseno-jardines-sant-feliu-de-guixols\/","name":"Dise\u00f1o jardines Sant Feliu de Gu\u00edxols - NaturC\u00e9sped","isPartOf":{"@id":"https:\/\/naturcesped.com\/es\/#website"},"datePublished":"2023-06-23T07:58:16+00:00","dateModified":"2023-12-27T08:11:22+00:00","breadcrumb":{"@id":"https:\/\/naturcesped.com\/es\/diseno-jardines-sant-feliu-de-guixols\/#breadcrumb"},"inLanguage":"es","potentialAction":[{"@type":"ReadAction","target":["https:\/\/naturcesped.com\/es\/diseno-jardines-sant-feliu-de-guixols\/"]}]},{"@type":"BreadcrumbList","@id":"https:\/\/naturcesped.com\/es\/diseno-jardines-sant-feliu-de-guixols\/#breadcrumb","itemListElement":[{"@type":"ListItem","position":1,"name":"Portada","item":"https:\/\/naturcesped.com\/es\/"},{"@type":"ListItem","position":2,"name":"Dise\u00f1o jardines Sant Feliu de Gu\u00edxols"}]},{"@type":"WebSite","@id":"https:\/\/naturcesped.com\/es\/#website","url":"https:\/\/naturcesped.com\/es\/","name":"NaturC\u00e9sped","description":"C\u00e9sped artificial en Girona","potentialAction":[{"@type":"SearchAction","target":{"@type":"EntryPoint","urlTemplate":"https:\/\/naturcesped.com\/es\/?s={search_term_string}"},"query-input":{"@type":"PropertyValueSpecification","valueRequired":true,"valueName":"search_term_string"}}],"inLanguage":"es"}]}},"_links":{"self":[{"href":"https:\/\/naturcesped.com\/es\/wp-json\/wp\/v2\/pages\/1646","targetHints":{"allow":["GET"]}}],"collection":[{"href":"https:\/\/naturcesped.com\/es\/wp-json\/wp\/v2\/pages"}],"about":[{"href":"https:\/\/naturcesped.com\/es\/wp-json\/wp\/v2\/types\/page"}],"author":[{"embeddable":true,"href":"https:\/\/naturcesped.com\/es\/wp-json\/wp\/v2\/users\/1"}],"replies":[{"embeddable":true,"href":"https:\/\/naturcesped.com\/es\/wp-json\/wp\/v2\/comments?post=1646"}],"version-history":[{"count":0,"href":"https:\/\/naturcesped.com\/es\/wp-json\/wp\/v2\/pages\/1646\/revisions"}],"wp:attachment":[{"href":"https:\/\/naturcesped.com\/es\/wp-json\/wp\/v2\/media?parent=1646"}],"curies":[{"name":"wp","href":"https:\/\/api.w.org\/{rel}","templated":true}]}}