{"id":1644,"date":"2023-06-23T07:52:37","date_gmt":"2023-06-23T07:52:37","guid":{"rendered":"https:\/\/naturcesped.com\/?page_id=1644"},"modified":"2023-12-27T08:29:02","modified_gmt":"2023-12-27T08:29:02","slug":"diseno-jardines-viladecans","status":"publish","type":"page","link":"https:\/\/naturcesped.com\/es\/diseno-jardines-viladecans\/","title":{"rendered":"Dise\u00f1o jardines Viladecans"},"content":{"rendered":"<div class=\"wpb-content-wrapper\"><p>[vc_row gap=\u00bb35&#8243;][vc_column width=\u00bb3\/5&#8243;][vc_single_image image=\u00bb965&#8243;][vc_column_text]<\/p>\n<p style=\"text-align: justify;\">El <strong>dise\u00f1o de jardines en Viladecans<\/strong> es una inversi\u00f3n valiosa para sus espacios. Con el <strong>dise\u00f1o de jardines en Viladecans<\/strong>, los profesionales te ayudar\u00e1n a idear un concepto de dise\u00f1o s\u00f3lido, teniendo en cuenta el estilo y los requisitos funcionales del proyecto.<\/p>\n<p style=\"text-align: justify;\">Desde la parcela m\u00e1s peque\u00f1a hasta la finca m\u00e1s grande, los jardines han ayudado a las personas a sentirse mejor durante cientos de a\u00f1os. Son un lugar para cultivar alimentos frescos y saludables, respirar aire fresco y absorber un poco de vitamina D.<\/p>\n<p style=\"text-align: justify;\">A esto se suma que es un hecho bien documentado que un jard\u00edn paisaj\u00edstico puede tener un efecto beneficioso en el valor de su hogar. Al un lugar seguro para que jueguen los ni\u00f1os, una vista atractiva desde la ventana y la noci\u00f3n de un jard\u00edn de bajo mantenimiento, es m\u00e1s probable que acelere la venta de su propiedad y aumente el precio.<\/p>\n<p>[\/vc_column_text][vc_row_inner][vc_column_inner width=\u00bb1\/3&#8243;][\/vc_column_inner][vc_column_inner width=\u00bb1\/3&#8243;]<a\thref=\"https:\/\/naturcesped.com\/es\/contacto\/\" \n\t\t\t\tclass=\"button btn_large btn_theme_color btn_rounded btn_normal_style    \"  target='_self'><span>CONTACTA CON NOSOTROS<\/span><\/a>[\/vc_column_inner][vc_column_inner width=\u00bb1\/3&#8243;][\/vc_column_inner][\/vc_row_inner][vc_column_text]<\/p>\n<p style=\"text-align: justify;\">Podemos usar una combinaci\u00f3n de im\u00e1genes inspiradoras, bocetos, dibujos de computadora y muestras para transmitir sus ideas. Puede usar esta informaci\u00f3n para refinar su visi\u00f3n y crear un espacio al aire libre coherente y con estilo.<\/p>\n<p style=\"text-align: justify;\">Con los expertos en el <strong>dise\u00f1o de jardines en Viladecans<\/strong> tiene el beneficio de la experiencia. Por esto, podr\u00e1 recurrir a una amplia gama de recursos y seleccionar materiales y acabados espec\u00edficos.\u00a0Como resultado, esto nos permite crear caracter\u00edsticas y acabados de jard\u00edn personalizados para usted. Podemos elegir plantas que probablemente prosperar\u00e1n en su jard\u00edn y se ver\u00e1n fabulosas durante mucho tiempo.<\/p>\n<p style=\"text-align: justify;\">Los profesionales en el <strong>dise\u00f1o de jardines en Viladecans <\/strong>se asegurar\u00e1n de crear un plan global coherente para tu jard\u00edn adaptado a tus necesidades. Los dise\u00f1adores de jardines tienen en cuenta las hermosas vistas, la privacidad de los vecinos, las molestias a la vista, el clima, las proporciones y la accesibilidad, siempre utilizando los mejores materiales.<\/p>\n<p style=\"text-align: justify;\">A esto se suma que se considera que el <strong>dise\u00f1o de jardines en Viladecans<\/strong> aumenta significativamente el valor de su propiedad. Un dise\u00f1ador de jardines puede supervisar cada paso del proyecto, desde el concepto hasta la plantaci\u00f3n. Esto hace que la creaci\u00f3n de su nuevo jard\u00edn sea lo m\u00e1s sencilla posible. Tambi\u00e9n incluye la elaboraci\u00f3n de presupuestos, la planificaci\u00f3n de aplicaciones y la finalizaci\u00f3n del proyecto de forma eficiente. Como resultado tendr\u00e1 un <strong>dise\u00f1o de jardines en Viladecans <\/strong>con la m\u00e1xima calidad que siempre ha esperado.<\/p>\n<p style=\"text-align: justify;\">Si est\u00e1 listo para iniciar el <strong>dise\u00f1o de jardines en Viladecans, <\/strong>no dude en contactar con nosotros. Nuestros profesionales se tomar\u00e1n el tiempo necesario para crear un espacio de ensue\u00f1o adaptado a sus necesidades y el espacio. Es el momento ideal para crear el espacio de sus sue\u00f1os en el que pueda experimentar hermosos momentos con sus seres queridos.<\/p>\n<p>[\/vc_column_text][\/vc_column][vc_column width=\u00bb2\/5&#8243;][vc_column_text]<\/p>\n<h3 style=\"text-align: center;\">Contacta con nosotros para m\u00e1s informaci\u00f3n<\/h3>\n<hr \/>\n<p>[\/vc_column_text]\n<div class=\"wpcf7 no-js\" id=\"wpcf7-f202-o1\" lang=\"es-ES\" dir=\"ltr\" data-wpcf7-id=\"202\">\n<div class=\"screen-reader-response\"><p role=\"status\" aria-live=\"polite\" aria-atomic=\"true\"><\/p> <ul><\/ul><\/div>\n<form action=\"\/es\/wp-json\/wp\/v2\/pages\/1644#wpcf7-f202-o1\" method=\"post\" class=\"wpcf7-form init\" aria-label=\"Formulario de contacto\" novalidate=\"novalidate\" data-status=\"init\">\n<fieldset class=\"hidden-fields-container\"><input type=\"hidden\" name=\"_wpcf7\" value=\"202\" \/><input type=\"hidden\" name=\"_wpcf7_version\" value=\"6.1.3\" \/><input type=\"hidden\" name=\"_wpcf7_locale\" value=\"es_ES\" \/><input type=\"hidden\" name=\"_wpcf7_unit_tag\" value=\"wpcf7-f202-o1\" \/><input type=\"hidden\" name=\"_wpcf7_container_post\" value=\"0\" \/><input type=\"hidden\" name=\"_wpcf7_posted_data_hash\" value=\"\" \/><input type=\"hidden\" name=\"_wpcf7_recaptcha_response\" value=\"\" \/>\n<\/fieldset>\n<p><label> Nombre y apellidos *<br \/>\n<span class=\"wpcf7-form-control-wrap\" data-name=\"your-name\"><input size=\"40\" maxlength=\"400\" class=\"wpcf7-form-control wpcf7-text wpcf7-validates-as-required\" aria-required=\"true\" aria-invalid=\"false\" value=\"\" type=\"text\" name=\"your-name\" \/><\/span> <\/label>\n<\/p>\n<p><label> Tel\u00e9fono *<br \/>\n<span class=\"wpcf7-form-control-wrap\" data-name=\"your-phone\"><input size=\"40\" maxlength=\"400\" class=\"wpcf7-form-control wpcf7-text wpcf7-validates-as-required\" aria-required=\"true\" aria-invalid=\"false\" value=\"\" type=\"text\" name=\"your-phone\" \/><\/span> <\/label>\n<\/p>\n<p><label> Correo electr\u00f3nico *<br \/>\n<span class=\"wpcf7-form-control-wrap\" data-name=\"your-email\"><input size=\"40\" maxlength=\"400\" class=\"wpcf7-form-control wpcf7-email wpcf7-validates-as-required wpcf7-text wpcf7-validates-as-email\" aria-required=\"true\" aria-invalid=\"false\" value=\"\" type=\"email\" name=\"your-email\" \/><\/span> <\/label>\n<\/p>\n<p><label> Municipio *<br \/>\n<span class=\"wpcf7-form-control-wrap\" data-name=\"your-town\"><input size=\"40\" maxlength=\"400\" class=\"wpcf7-form-control wpcf7-text wpcf7-validates-as-required\" aria-required=\"true\" aria-invalid=\"false\" value=\"\" type=\"text\" name=\"your-town\" \/><\/span> <\/label>\n<\/p>\n<p><label> Cantidad de m\u00b2<br \/>\n<span class=\"wpcf7-form-control-wrap\" data-name=\"your-meters\"><input size=\"40\" maxlength=\"400\" class=\"wpcf7-form-control wpcf7-text\" aria-invalid=\"false\" value=\"\" type=\"text\" name=\"your-meters\" \/><\/span> <\/label>\n<\/p>\n<p><label> Terreno actual *<br \/>\n<span class=\"wpcf7-form-control-wrap\" data-name=\"radio-509\"><span class=\"wpcf7-form-control wpcf7-radio\"><span class=\"wpcf7-list-item first\"><label><input type=\"radio\" name=\"radio-509\" value=\"Tierra\" checked=\"checked\" \/><span class=\"wpcf7-list-item-label\">Tierra<\/span><\/label><\/span><span class=\"wpcf7-list-item\"><label><input type=\"radio\" name=\"radio-509\" value=\"C\u00e9sped natural\" \/><span class=\"wpcf7-list-item-label\">C\u00e9sped natural<\/span><\/label><\/span><span class=\"wpcf7-list-item\"><label><input type=\"radio\" name=\"radio-509\" value=\"Pavimento\" \/><span class=\"wpcf7-list-item-label\">Pavimento<\/span><\/label><\/span><span class=\"wpcf7-list-item last\"><label><input type=\"radio\" name=\"radio-509\" value=\"C\u00e9sped artificial\" \/><span class=\"wpcf7-list-item-label\">C\u00e9sped artificial<\/span><\/label><\/span><\/span><\/span> <\/label>\n<\/p>\n<p><label> Mensaje *<br \/>\n<span class=\"wpcf7-form-control-wrap\" data-name=\"your-message\"><textarea cols=\"40\" rows=\"3\" maxlength=\"2000\" class=\"wpcf7-form-control wpcf7-textarea wpcf7-validates-as-required\" aria-required=\"true\" aria-invalid=\"false\" name=\"your-message\"><\/textarea><\/span> <\/label>\n<\/p>\n<p style=\"font-weight: lighter; font-size:12px;\">Informaci\u00f3n b\u00e1sica sobre el tratamiento de datos (Reglamento (UE) 2016\/679 y LO 3\/2018)<br \/>\nResponsable del tratamiento: Naturcesped C\u00e9sped Artificial, SL.\n<\/p>\n<p style=\"font-weight: lighter; font-size:12px;\">Finalidad: Ofrecer, prestar y facturar nuestros servicios y productos.\n<\/p>\n<p style=\"font-weight: lighter; font-size:12px;\">Legitimaci\u00f3n: Consentimiento del interesado.\n<\/p>\n<p style=\"font-weight: lighter; font-size:12px;\">Destinatarios: Los datos no se ceder\u00e1n a terceros, a menos que lo exija una ley o sea necesario para cumplir con la finalidad del tratamiento.\n<\/p>\n<p style=\"font-weight: lighter; font-size:12px;\">Derechos: Acceder, rectificar y suprimir datos, as\u00ed como el resto que se explican en la pol\u00edtica de protecci\u00f3n de datos.\n<\/p>\n<p style=\"font-weight: lighter; font-size:12px;\">M\u00e1s informaci\u00f3n en nuestra pol\u00edtica de protecci\u00f3n de datos.\n<\/p>\n<p><input class=\"wpcf7-form-control wpcf7-submit has-spinner\" type=\"submit\" value=\"Enviar\" \/>\n<\/p><div class=\"wpcf7-response-output\" aria-hidden=\"true\"><\/div>\n<\/form>\n<\/div>\n[\/vc_column][\/vc_row]<\/p>\n<\/div>","protected":false},"excerpt":{"rendered":"<p>[vc_row gap=\u00bb35&#8243;][vc_column width=\u00bb3\/5&#8243;][vc_single_image image=\u00bb965&#8243;][vc_column_text] El dise\u00f1o de jardines en Viladecans es una inversi\u00f3n valiosa para sus espacios. Con el dise\u00f1o de jardines en Viladecans, los profesionales te ayudar\u00e1n a idear un concepto de dise\u00f1o s\u00f3lido, teniendo en cuenta el estilo y los requisitos funcionales del proyecto. Desde la parcela m\u00e1s peque\u00f1a hasta la finca m\u00e1s grande, los jardines han ayudado<\/p>\n<div class=\"h10\"><\/div>\n<p><a class=\"more-link1\" href=\"https:\/\/naturcesped.com\/es\/diseno-jardines-viladecans\/\">Read more<\/a><\/p>\n","protected":false},"author":1,"featured_media":0,"parent":0,"menu_order":0,"comment_status":"closed","ping_status":"closed","template":"","meta":{"footnotes":""},"class_list":["post-1644","page","type-page","status-publish","hentry"],"yoast_head":"<!-- This site is optimized with the Yoast SEO plugin v26.3 - https:\/\/yoast.com\/wordpress\/plugins\/seo\/ -->\n<title>Dise\u00f1o jardines Viladecans - NaturC\u00e9sped<\/title>\n<meta name=\"robots\" content=\"index, follow, max-snippet:-1, max-image-preview:large, max-video-preview:-1\" \/>\n<link rel=\"canonical\" href=\"https:\/\/naturcesped.com\/es\/diseno-jardines-viladecans\/\" \/>\n<meta property=\"og:locale\" content=\"es_ES\" \/>\n<meta property=\"og:type\" content=\"article\" \/>\n<meta property=\"og:title\" content=\"Dise\u00f1o jardines Viladecans - NaturC\u00e9sped\" \/>\n<meta property=\"og:description\" content=\"[vc_row gap=\u00bb35&#8243;][vc_column width=\u00bb3\/5&#8243;][vc_single_image image=\u00bb965&#8243;][vc_column_text] El dise\u00f1o de jardines en Viladecans es una inversi\u00f3n valiosa para sus espacios. Con el dise\u00f1o de jardines en Viladecans, los profesionales te ayudar\u00e1n a idear un concepto de dise\u00f1o s\u00f3lido, teniendo en cuenta el estilo y los requisitos funcionales del proyecto. Desde la parcela m\u00e1s peque\u00f1a hasta la finca m\u00e1s grande, los jardines han ayudadoRead more\" \/>\n<meta property=\"og:url\" content=\"https:\/\/naturcesped.com\/es\/diseno-jardines-viladecans\/\" \/>\n<meta property=\"og:site_name\" content=\"NaturC\u00e9sped\" \/>\n<meta property=\"article:modified_time\" content=\"2023-12-27T08:29:02+00:00\" \/>\n<meta name=\"twitter:card\" content=\"summary_large_image\" \/>\n<meta name=\"twitter:label1\" content=\"Tiempo de lectura\" \/>\n\t<meta name=\"twitter:data1\" content=\"3 minutos\" \/>\n<script type=\"application\/ld+json\" class=\"yoast-schema-graph\">{\"@context\":\"https:\/\/schema.org\",\"@graph\":[{\"@type\":\"WebPage\",\"@id\":\"https:\/\/naturcesped.com\/es\/diseno-jardines-viladecans\/\",\"url\":\"https:\/\/naturcesped.com\/es\/diseno-jardines-viladecans\/\",\"name\":\"Dise\u00f1o jardines Viladecans - NaturC\u00e9sped\",\"isPartOf\":{\"@id\":\"https:\/\/naturcesped.com\/es\/#website\"},\"datePublished\":\"2023-06-23T07:52:37+00:00\",\"dateModified\":\"2023-12-27T08:29:02+00:00\",\"breadcrumb\":{\"@id\":\"https:\/\/naturcesped.com\/es\/diseno-jardines-viladecans\/#breadcrumb\"},\"inLanguage\":\"es\",\"potentialAction\":[{\"@type\":\"ReadAction\",\"target\":[\"https:\/\/naturcesped.com\/es\/diseno-jardines-viladecans\/\"]}]},{\"@type\":\"BreadcrumbList\",\"@id\":\"https:\/\/naturcesped.com\/es\/diseno-jardines-viladecans\/#breadcrumb\",\"itemListElement\":[{\"@type\":\"ListItem\",\"position\":1,\"name\":\"Portada\",\"item\":\"https:\/\/naturcesped.com\/es\/\"},{\"@type\":\"ListItem\",\"position\":2,\"name\":\"Dise\u00f1o jardines Viladecans\"}]},{\"@type\":\"WebSite\",\"@id\":\"https:\/\/naturcesped.com\/es\/#website\",\"url\":\"https:\/\/naturcesped.com\/es\/\",\"name\":\"NaturC\u00e9sped\",\"description\":\"C\u00e9sped artificial en Girona\",\"potentialAction\":[{\"@type\":\"SearchAction\",\"target\":{\"@type\":\"EntryPoint\",\"urlTemplate\":\"https:\/\/naturcesped.com\/es\/?s={search_term_string}\"},\"query-input\":{\"@type\":\"PropertyValueSpecification\",\"valueRequired\":true,\"valueName\":\"search_term_string\"}}],\"inLanguage\":\"es\"}]}<\/script>\n<!-- \/ Yoast SEO plugin. -->","yoast_head_json":{"title":"Dise\u00f1o jardines Viladecans - NaturC\u00e9sped","robots":{"index":"index","follow":"follow","max-snippet":"max-snippet:-1","max-image-preview":"max-image-preview:large","max-video-preview":"max-video-preview:-1"},"canonical":"https:\/\/naturcesped.com\/es\/diseno-jardines-viladecans\/","og_locale":"es_ES","og_type":"article","og_title":"Dise\u00f1o jardines Viladecans - NaturC\u00e9sped","og_description":"[vc_row gap=\u00bb35&#8243;][vc_column width=\u00bb3\/5&#8243;][vc_single_image image=\u00bb965&#8243;][vc_column_text] El dise\u00f1o de jardines en Viladecans es una inversi\u00f3n valiosa para sus espacios. Con el dise\u00f1o de jardines en Viladecans, los profesionales te ayudar\u00e1n a idear un concepto de dise\u00f1o s\u00f3lido, teniendo en cuenta el estilo y los requisitos funcionales del proyecto. Desde la parcela m\u00e1s peque\u00f1a hasta la finca m\u00e1s grande, los jardines han ayudadoRead more","og_url":"https:\/\/naturcesped.com\/es\/diseno-jardines-viladecans\/","og_site_name":"NaturC\u00e9sped","article_modified_time":"2023-12-27T08:29:02+00:00","twitter_card":"summary_large_image","twitter_misc":{"Tiempo de lectura":"3 minutos"},"schema":{"@context":"https:\/\/schema.org","@graph":[{"@type":"WebPage","@id":"https:\/\/naturcesped.com\/es\/diseno-jardines-viladecans\/","url":"https:\/\/naturcesped.com\/es\/diseno-jardines-viladecans\/","name":"Dise\u00f1o jardines Viladecans - NaturC\u00e9sped","isPartOf":{"@id":"https:\/\/naturcesped.com\/es\/#website"},"datePublished":"2023-06-23T07:52:37+00:00","dateModified":"2023-12-27T08:29:02+00:00","breadcrumb":{"@id":"https:\/\/naturcesped.com\/es\/diseno-jardines-viladecans\/#breadcrumb"},"inLanguage":"es","potentialAction":[{"@type":"ReadAction","target":["https:\/\/naturcesped.com\/es\/diseno-jardines-viladecans\/"]}]},{"@type":"BreadcrumbList","@id":"https:\/\/naturcesped.com\/es\/diseno-jardines-viladecans\/#breadcrumb","itemListElement":[{"@type":"ListItem","position":1,"name":"Portada","item":"https:\/\/naturcesped.com\/es\/"},{"@type":"ListItem","position":2,"name":"Dise\u00f1o jardines Viladecans"}]},{"@type":"WebSite","@id":"https:\/\/naturcesped.com\/es\/#website","url":"https:\/\/naturcesped.com\/es\/","name":"NaturC\u00e9sped","description":"C\u00e9sped artificial en Girona","potentialAction":[{"@type":"SearchAction","target":{"@type":"EntryPoint","urlTemplate":"https:\/\/naturcesped.com\/es\/?s={search_term_string}"},"query-input":{"@type":"PropertyValueSpecification","valueRequired":true,"valueName":"search_term_string"}}],"inLanguage":"es"}]}},"_links":{"self":[{"href":"https:\/\/naturcesped.com\/es\/wp-json\/wp\/v2\/pages\/1644","targetHints":{"allow":["GET"]}}],"collection":[{"href":"https:\/\/naturcesped.com\/es\/wp-json\/wp\/v2\/pages"}],"about":[{"href":"https:\/\/naturcesped.com\/es\/wp-json\/wp\/v2\/types\/page"}],"author":[{"embeddable":true,"href":"https:\/\/naturcesped.com\/es\/wp-json\/wp\/v2\/users\/1"}],"replies":[{"embeddable":true,"href":"https:\/\/naturcesped.com\/es\/wp-json\/wp\/v2\/comments?post=1644"}],"version-history":[{"count":0,"href":"https:\/\/naturcesped.com\/es\/wp-json\/wp\/v2\/pages\/1644\/revisions"}],"wp:attachment":[{"href":"https:\/\/naturcesped.com\/es\/wp-json\/wp\/v2\/media?parent=1644"}],"curies":[{"name":"wp","href":"https:\/\/api.w.org\/{rel}","templated":true}]}}