{"id":1572,"date":"2023-04-19T08:53:11","date_gmt":"2023-04-19T08:53:11","guid":{"rendered":"https:\/\/naturcesped.com\/?page_id=1572"},"modified":"2023-12-20T10:51:10","modified_gmt":"2023-12-20T10:51:10","slug":"diseno-jardines-bisbal-demporda","status":"publish","type":"page","link":"https:\/\/naturcesped.com\/es\/diseno-jardines-bisbal-demporda\/","title":{"rendered":"Dise\u00f1o jardines Bisbal d&#8217;Empord\u00e0"},"content":{"rendered":"<div class=\"wpb-content-wrapper\"><p>[vc_row gap=\u00bb35&#8243;][vc_column width=\u00bb2\/3&#8243;][vc_single_image image=\u00bb424&#8243;][vc_column_text]<\/p>\n<p style=\"text-align: justify;\">El <strong>dise\u00f1o de jardines en Bisbal d&#8217;Empord\u00e0 <\/strong>es una forma de llevar su espacio al siguiente nivel. Tenga en cuenta que cuando tiene un espacio al aire libre, peque\u00f1o o grande, pero mal mantenido, pierde un activo innegable de su hogar.<\/p>\n<p style=\"text-align: justify;\">Explotar todo el potencial de los espacios verdes le reportar\u00e1 un mont\u00f3n de innegables ventajas. En Naturcesped creamos hermosos paisajes que realzar\u00e1n todos sus espacios al aire libre de acuerdo con sus gustos, su terreno y su presupuesto.<\/p>\n<p>[\/vc_column_text][vc_row_inner][vc_column_inner width=\u00bb1\/3&#8243;][\/vc_column_inner][vc_column_inner width=\u00bb1\/3&#8243;]<a\thref=\"https:\/\/naturcesped.com\/es\/contacto\/\" \n\t\t\t\tclass=\"button btn_large btn_theme_color btn_rounded btn_normal_style    \"  target='_self'><span>CONTACTA CON NOSOTROS<\/span><\/a>[\/vc_column_inner][vc_column_inner width=\u00bb1\/3&#8243;][\/vc_column_inner][\/vc_row_inner][vc_column_text]<\/p>\n<p style=\"text-align: justify;\">Destaca el espacio y los bienes de tu terreno con el <strong>dise\u00f1o de jardines en Bisbal d&#8217;Empord\u00e0<\/strong>. Con un <strong>dise\u00f1o de jardines en Bisbal d&#8217;Empord\u00e0<\/strong>, su terreno se resaltar\u00e1 y estar\u00e1 en armon\u00eda con la est\u00e9tica exterior de su casa. Un profesional ser\u00e1 capaz de realzar la est\u00e9tica de su terreno con creaciones armoniosas, originales y \u00fanicas, siempre respetando sus gustos, sus preferencias personales y las especificidades de su terreno, por lo que la creatividad de los profesionales de Naturcesped es un activo real para su proyecto de <strong>dise\u00f1o de jardines en Bisbal d&#8217;Empord\u00e0<\/strong>.<\/p>\n<p style=\"text-align: justify;\">Si desea exhibir su casa o est\u00e1 planeando una posible venta en los pr\u00f3ximos a\u00f1os, el jard\u00edn juega un papel crucial en la venta. Si tiene un terreno frente a su casa, esta ser\u00e1 la primera impresi\u00f3n que le dar\u00e1 a sus compradores. Adem\u00e1s, un jard\u00edn debe ser un activo real para la venta o alquiler de su propiedad. Un jard\u00edn mal mantenido no atraer\u00e1 a los compradores. Por el contrario, el <strong>dise\u00f1o de jardines en Bisbal d&#8217;Empord\u00e0 <\/strong>solo puede impresionar y seducir. Al crear un jard\u00edn de la A a la Z con un profesional, se beneficia de un placer visual gracias al <strong>dise\u00f1o de jardines en Bisbal d&#8217;Empord\u00e0<\/strong>.<\/p>\n<p style=\"text-align: justify;\">A esto se suma que puede aprovechar la experiencia de los profesionales del <strong>dise\u00f1o de jardines en Bisbal d&#8217;Empord\u00e0 <\/strong>para crear hermosas armon\u00edas. Un paisajista es creativo, apasionado y experimentado. Estas hermosas cualidades le permiten beneficiarse de recomendaciones \u00fanicas y \u00fatiles para el dise\u00f1o de su jard\u00edn. De hecho, los profesionales de Naturcesped pueden ofrecerle soluciones est\u00e9ticas y pr\u00e1cticas adaptadas a las especificidades de su terreno, incluyendo el drenaje, exposici\u00f3n al sol, etc. Desde la creaci\u00f3n del jard\u00edn hasta el dise\u00f1o de planos y la plantaci\u00f3n de plantas, el paisajista lleva a cabo todo su proyecto creando los mejores arreglos posibles. Adem\u00e1s, el profesional de Naturcesped cuenta con equipos de alto rendimiento y una experiencia reconocida para los resultados m\u00e1s sorprendentes.<\/p>\n<p style=\"text-align: justify;\">El <strong>dise\u00f1o de jardines en Bisbal d&#8217;Empord\u00e0 <\/strong>es ante todo una oportunidad para hacerte feliz. Si te gusta disfrutar del buen tiempo en casa, crear un jard\u00edn a tu imagen que represente un remanso de paz en plena naturaleza es la soluci\u00f3n para ti. En Naturcesped creamos espacios al aire libre donde la estructura, las plantas, las texturas y los elementos decorativos se seleccionan cuidadosamente para obtener un resultado \u00fanico y original.<\/p>\n<p>[\/vc_column_text][\/vc_column][vc_column width=\u00bb1\/3&#8243;][vc_column_text]<\/p>\n<h2 style=\"text-align: center;\">Cont\u00e1ctanos para m\u00e1s informaci\u00f3n<\/h2>\n<p>[\/vc_column_text]<div class=\"boc_divider_holder\"><div class=\"boc_divider  \"  style=\"margin-top: 20px;margin-bottom: 20px;height: 1px;background: #eeeeee;\"><\/div><\/div>\n<div class=\"wpcf7 no-js\" id=\"wpcf7-f202-o1\" lang=\"es-ES\" dir=\"ltr\" data-wpcf7-id=\"202\">\n<div class=\"screen-reader-response\"><p role=\"status\" aria-live=\"polite\" aria-atomic=\"true\"><\/p> <ul><\/ul><\/div>\n<form action=\"\/es\/wp-json\/wp\/v2\/pages\/1572#wpcf7-f202-o1\" method=\"post\" class=\"wpcf7-form init\" aria-label=\"Formulario de contacto\" novalidate=\"novalidate\" data-status=\"init\">\n<fieldset class=\"hidden-fields-container\"><input type=\"hidden\" name=\"_wpcf7\" value=\"202\" \/><input type=\"hidden\" name=\"_wpcf7_version\" value=\"6.1.3\" \/><input type=\"hidden\" name=\"_wpcf7_locale\" value=\"es_ES\" \/><input type=\"hidden\" name=\"_wpcf7_unit_tag\" value=\"wpcf7-f202-o1\" \/><input type=\"hidden\" name=\"_wpcf7_container_post\" value=\"0\" \/><input type=\"hidden\" name=\"_wpcf7_posted_data_hash\" value=\"\" \/><input type=\"hidden\" name=\"_wpcf7_recaptcha_response\" value=\"\" \/>\n<\/fieldset>\n<p><label> Nombre y apellidos *<br \/>\n<span class=\"wpcf7-form-control-wrap\" data-name=\"your-name\"><input size=\"40\" maxlength=\"400\" class=\"wpcf7-form-control wpcf7-text wpcf7-validates-as-required\" aria-required=\"true\" aria-invalid=\"false\" value=\"\" type=\"text\" name=\"your-name\" \/><\/span> <\/label>\n<\/p>\n<p><label> Tel\u00e9fono *<br \/>\n<span class=\"wpcf7-form-control-wrap\" data-name=\"your-phone\"><input size=\"40\" maxlength=\"400\" class=\"wpcf7-form-control wpcf7-text wpcf7-validates-as-required\" aria-required=\"true\" aria-invalid=\"false\" value=\"\" type=\"text\" name=\"your-phone\" \/><\/span> <\/label>\n<\/p>\n<p><label> Correo electr\u00f3nico *<br \/>\n<span class=\"wpcf7-form-control-wrap\" data-name=\"your-email\"><input size=\"40\" maxlength=\"400\" class=\"wpcf7-form-control wpcf7-email wpcf7-validates-as-required wpcf7-text wpcf7-validates-as-email\" aria-required=\"true\" aria-invalid=\"false\" value=\"\" type=\"email\" name=\"your-email\" \/><\/span> <\/label>\n<\/p>\n<p><label> Municipio *<br \/>\n<span class=\"wpcf7-form-control-wrap\" data-name=\"your-town\"><input size=\"40\" maxlength=\"400\" class=\"wpcf7-form-control wpcf7-text wpcf7-validates-as-required\" aria-required=\"true\" aria-invalid=\"false\" value=\"\" type=\"text\" name=\"your-town\" \/><\/span> <\/label>\n<\/p>\n<p><label> Cantidad de m\u00b2<br \/>\n<span class=\"wpcf7-form-control-wrap\" data-name=\"your-meters\"><input size=\"40\" maxlength=\"400\" class=\"wpcf7-form-control wpcf7-text\" aria-invalid=\"false\" value=\"\" type=\"text\" name=\"your-meters\" \/><\/span> <\/label>\n<\/p>\n<p><label> Terreno actual *<br \/>\n<span class=\"wpcf7-form-control-wrap\" data-name=\"radio-509\"><span class=\"wpcf7-form-control wpcf7-radio\"><span class=\"wpcf7-list-item first\"><label><input type=\"radio\" name=\"radio-509\" value=\"Tierra\" checked=\"checked\" \/><span class=\"wpcf7-list-item-label\">Tierra<\/span><\/label><\/span><span class=\"wpcf7-list-item\"><label><input type=\"radio\" name=\"radio-509\" value=\"C\u00e9sped natural\" \/><span class=\"wpcf7-list-item-label\">C\u00e9sped natural<\/span><\/label><\/span><span class=\"wpcf7-list-item\"><label><input type=\"radio\" name=\"radio-509\" value=\"Pavimento\" \/><span class=\"wpcf7-list-item-label\">Pavimento<\/span><\/label><\/span><span class=\"wpcf7-list-item last\"><label><input type=\"radio\" name=\"radio-509\" value=\"C\u00e9sped artificial\" \/><span class=\"wpcf7-list-item-label\">C\u00e9sped artificial<\/span><\/label><\/span><\/span><\/span> <\/label>\n<\/p>\n<p><label> Mensaje *<br \/>\n<span class=\"wpcf7-form-control-wrap\" data-name=\"your-message\"><textarea cols=\"40\" rows=\"3\" maxlength=\"2000\" class=\"wpcf7-form-control wpcf7-textarea wpcf7-validates-as-required\" aria-required=\"true\" aria-invalid=\"false\" name=\"your-message\"><\/textarea><\/span> <\/label>\n<\/p>\n<p style=\"font-weight: lighter; font-size:12px;\">Informaci\u00f3n b\u00e1sica sobre el tratamiento de datos (Reglamento (UE) 2016\/679 y LO 3\/2018)<br \/>\nResponsable del tratamiento: Naturcesped C\u00e9sped Artificial, SL.\n<\/p>\n<p style=\"font-weight: lighter; font-size:12px;\">Finalidad: Ofrecer, prestar y facturar nuestros servicios y productos.\n<\/p>\n<p style=\"font-weight: lighter; font-size:12px;\">Legitimaci\u00f3n: Consentimiento del interesado.\n<\/p>\n<p style=\"font-weight: lighter; font-size:12px;\">Destinatarios: Los datos no se ceder\u00e1n a terceros, a menos que lo exija una ley o sea necesario para cumplir con la finalidad del tratamiento.\n<\/p>\n<p style=\"font-weight: lighter; font-size:12px;\">Derechos: Acceder, rectificar y suprimir datos, as\u00ed como el resto que se explican en la pol\u00edtica de protecci\u00f3n de datos.\n<\/p>\n<p style=\"font-weight: lighter; font-size:12px;\">M\u00e1s informaci\u00f3n en nuestra pol\u00edtica de protecci\u00f3n de datos.\n<\/p>\n<p><input class=\"wpcf7-form-control wpcf7-submit has-spinner\" type=\"submit\" value=\"Enviar\" \/>\n<\/p><div class=\"wpcf7-response-output\" aria-hidden=\"true\"><\/div>\n<\/form>\n<\/div>\n[\/vc_column][\/vc_row]<\/p>\n<\/div>","protected":false},"excerpt":{"rendered":"<p>[vc_row gap=\u00bb35&#8243;][vc_column width=\u00bb2\/3&#8243;][vc_single_image image=\u00bb424&#8243;][vc_column_text] El dise\u00f1o de jardines en Bisbal d&#8217;Empord\u00e0 es una forma de llevar su espacio al siguiente nivel. Tenga en cuenta que cuando tiene un espacio al aire libre, peque\u00f1o o grande, pero mal mantenido, pierde un activo innegable de su hogar. Explotar todo el potencial de los espacios verdes le reportar\u00e1 un mont\u00f3n de innegables ventajas.<\/p>\n<div class=\"h10\"><\/div>\n<p><a class=\"more-link1\" href=\"https:\/\/naturcesped.com\/es\/diseno-jardines-bisbal-demporda\/\">Read more<\/a><\/p>\n","protected":false},"author":1,"featured_media":0,"parent":0,"menu_order":0,"comment_status":"closed","ping_status":"closed","template":"","meta":{"footnotes":""},"class_list":["post-1572","page","type-page","status-publish","hentry"],"yoast_head":"<!-- This site is optimized with the Yoast SEO plugin v26.3 - https:\/\/yoast.com\/wordpress\/plugins\/seo\/ -->\n<title>Dise\u00f1o jardines Bisbal d&#039;Empord\u00e0 - NaturC\u00e9sped<\/title>\n<meta name=\"robots\" content=\"index, follow, max-snippet:-1, max-image-preview:large, max-video-preview:-1\" \/>\n<link rel=\"canonical\" href=\"https:\/\/naturcesped.com\/es\/diseno-jardines-bisbal-demporda\/\" \/>\n<meta property=\"og:locale\" content=\"es_ES\" \/>\n<meta property=\"og:type\" content=\"article\" \/>\n<meta property=\"og:title\" content=\"Dise\u00f1o jardines Bisbal d&#039;Empord\u00e0 - NaturC\u00e9sped\" \/>\n<meta property=\"og:description\" content=\"[vc_row gap=\u00bb35&#8243;][vc_column width=\u00bb2\/3&#8243;][vc_single_image image=\u00bb424&#8243;][vc_column_text] El dise\u00f1o de jardines en Bisbal d&#8217;Empord\u00e0 es una forma de llevar su espacio al siguiente nivel. Tenga en cuenta que cuando tiene un espacio al aire libre, peque\u00f1o o grande, pero mal mantenido, pierde un activo innegable de su hogar. Explotar todo el potencial de los espacios verdes le reportar\u00e1 un mont\u00f3n de innegables ventajas.Read more\" \/>\n<meta property=\"og:url\" content=\"https:\/\/naturcesped.com\/es\/diseno-jardines-bisbal-demporda\/\" \/>\n<meta property=\"og:site_name\" content=\"NaturC\u00e9sped\" \/>\n<meta property=\"article:modified_time\" content=\"2023-12-20T10:51:10+00:00\" \/>\n<meta name=\"twitter:card\" content=\"summary_large_image\" \/>\n<meta name=\"twitter:label1\" content=\"Tiempo de lectura\" \/>\n\t<meta name=\"twitter:data1\" content=\"3 minutos\" \/>\n<script type=\"application\/ld+json\" class=\"yoast-schema-graph\">{\"@context\":\"https:\/\/schema.org\",\"@graph\":[{\"@type\":\"WebPage\",\"@id\":\"https:\/\/naturcesped.com\/es\/diseno-jardines-bisbal-demporda\/\",\"url\":\"https:\/\/naturcesped.com\/es\/diseno-jardines-bisbal-demporda\/\",\"name\":\"Dise\u00f1o jardines Bisbal d'Empord\u00e0 - NaturC\u00e9sped\",\"isPartOf\":{\"@id\":\"https:\/\/naturcesped.com\/es\/#website\"},\"datePublished\":\"2023-04-19T08:53:11+00:00\",\"dateModified\":\"2023-12-20T10:51:10+00:00\",\"breadcrumb\":{\"@id\":\"https:\/\/naturcesped.com\/es\/diseno-jardines-bisbal-demporda\/#breadcrumb\"},\"inLanguage\":\"es\",\"potentialAction\":[{\"@type\":\"ReadAction\",\"target\":[\"https:\/\/naturcesped.com\/es\/diseno-jardines-bisbal-demporda\/\"]}]},{\"@type\":\"BreadcrumbList\",\"@id\":\"https:\/\/naturcesped.com\/es\/diseno-jardines-bisbal-demporda\/#breadcrumb\",\"itemListElement\":[{\"@type\":\"ListItem\",\"position\":1,\"name\":\"Portada\",\"item\":\"https:\/\/naturcesped.com\/es\/\"},{\"@type\":\"ListItem\",\"position\":2,\"name\":\"Dise\u00f1o jardines Bisbal d&#8217;Empord\u00e0\"}]},{\"@type\":\"WebSite\",\"@id\":\"https:\/\/naturcesped.com\/es\/#website\",\"url\":\"https:\/\/naturcesped.com\/es\/\",\"name\":\"NaturC\u00e9sped\",\"description\":\"C\u00e9sped artificial en Girona\",\"potentialAction\":[{\"@type\":\"SearchAction\",\"target\":{\"@type\":\"EntryPoint\",\"urlTemplate\":\"https:\/\/naturcesped.com\/es\/?s={search_term_string}\"},\"query-input\":{\"@type\":\"PropertyValueSpecification\",\"valueRequired\":true,\"valueName\":\"search_term_string\"}}],\"inLanguage\":\"es\"}]}<\/script>\n<!-- \/ Yoast SEO plugin. -->","yoast_head_json":{"title":"Dise\u00f1o jardines Bisbal d'Empord\u00e0 - NaturC\u00e9sped","robots":{"index":"index","follow":"follow","max-snippet":"max-snippet:-1","max-image-preview":"max-image-preview:large","max-video-preview":"max-video-preview:-1"},"canonical":"https:\/\/naturcesped.com\/es\/diseno-jardines-bisbal-demporda\/","og_locale":"es_ES","og_type":"article","og_title":"Dise\u00f1o jardines Bisbal d'Empord\u00e0 - NaturC\u00e9sped","og_description":"[vc_row gap=\u00bb35&#8243;][vc_column width=\u00bb2\/3&#8243;][vc_single_image image=\u00bb424&#8243;][vc_column_text] El dise\u00f1o de jardines en Bisbal d&#8217;Empord\u00e0 es una forma de llevar su espacio al siguiente nivel. Tenga en cuenta que cuando tiene un espacio al aire libre, peque\u00f1o o grande, pero mal mantenido, pierde un activo innegable de su hogar. Explotar todo el potencial de los espacios verdes le reportar\u00e1 un mont\u00f3n de innegables ventajas.Read more","og_url":"https:\/\/naturcesped.com\/es\/diseno-jardines-bisbal-demporda\/","og_site_name":"NaturC\u00e9sped","article_modified_time":"2023-12-20T10:51:10+00:00","twitter_card":"summary_large_image","twitter_misc":{"Tiempo de lectura":"3 minutos"},"schema":{"@context":"https:\/\/schema.org","@graph":[{"@type":"WebPage","@id":"https:\/\/naturcesped.com\/es\/diseno-jardines-bisbal-demporda\/","url":"https:\/\/naturcesped.com\/es\/diseno-jardines-bisbal-demporda\/","name":"Dise\u00f1o jardines Bisbal d'Empord\u00e0 - NaturC\u00e9sped","isPartOf":{"@id":"https:\/\/naturcesped.com\/es\/#website"},"datePublished":"2023-04-19T08:53:11+00:00","dateModified":"2023-12-20T10:51:10+00:00","breadcrumb":{"@id":"https:\/\/naturcesped.com\/es\/diseno-jardines-bisbal-demporda\/#breadcrumb"},"inLanguage":"es","potentialAction":[{"@type":"ReadAction","target":["https:\/\/naturcesped.com\/es\/diseno-jardines-bisbal-demporda\/"]}]},{"@type":"BreadcrumbList","@id":"https:\/\/naturcesped.com\/es\/diseno-jardines-bisbal-demporda\/#breadcrumb","itemListElement":[{"@type":"ListItem","position":1,"name":"Portada","item":"https:\/\/naturcesped.com\/es\/"},{"@type":"ListItem","position":2,"name":"Dise\u00f1o jardines Bisbal d&#8217;Empord\u00e0"}]},{"@type":"WebSite","@id":"https:\/\/naturcesped.com\/es\/#website","url":"https:\/\/naturcesped.com\/es\/","name":"NaturC\u00e9sped","description":"C\u00e9sped artificial en Girona","potentialAction":[{"@type":"SearchAction","target":{"@type":"EntryPoint","urlTemplate":"https:\/\/naturcesped.com\/es\/?s={search_term_string}"},"query-input":{"@type":"PropertyValueSpecification","valueRequired":true,"valueName":"search_term_string"}}],"inLanguage":"es"}]}},"_links":{"self":[{"href":"https:\/\/naturcesped.com\/es\/wp-json\/wp\/v2\/pages\/1572","targetHints":{"allow":["GET"]}}],"collection":[{"href":"https:\/\/naturcesped.com\/es\/wp-json\/wp\/v2\/pages"}],"about":[{"href":"https:\/\/naturcesped.com\/es\/wp-json\/wp\/v2\/types\/page"}],"author":[{"embeddable":true,"href":"https:\/\/naturcesped.com\/es\/wp-json\/wp\/v2\/users\/1"}],"replies":[{"embeddable":true,"href":"https:\/\/naturcesped.com\/es\/wp-json\/wp\/v2\/comments?post=1572"}],"version-history":[{"count":0,"href":"https:\/\/naturcesped.com\/es\/wp-json\/wp\/v2\/pages\/1572\/revisions"}],"wp:attachment":[{"href":"https:\/\/naturcesped.com\/es\/wp-json\/wp\/v2\/media?parent=1572"}],"curies":[{"name":"wp","href":"https:\/\/api.w.org\/{rel}","templated":true}]}}