{"id":1540,"date":"2023-04-11T06:07:27","date_gmt":"2023-04-11T06:07:27","guid":{"rendered":"https:\/\/naturcesped.com\/?page_id=1540"},"modified":"2023-12-20T11:08:11","modified_gmt":"2023-12-20T11:08:11","slug":"diseno-jardines-castellefels","status":"publish","type":"page","link":"https:\/\/naturcesped.com\/es\/diseno-jardines-castellefels\/","title":{"rendered":"Dise\u00f1o jardines Castellefels"},"content":{"rendered":"<div class=\"wpb-content-wrapper\"><p>[vc_row gap=\u00bb35&#8243;][vc_column width=\u00bb2\/3&#8243;][vc_single_image image=\u00bb424&#8243;][vc_column_text]<\/p>\n<p style=\"text-align: justify;\">Puede ser tentador renovar su jard\u00edn en Castelldefels usted mismo sin la ayuda de un profesional, pero esto puede terminar siendo m\u00e1s problem\u00e1tico de lo que vale. Un paisajista calificado puede crear el jard\u00edn de sus sue\u00f1os y asegurarse de que se ajuste a su presupuesto. Por esto, es ideal llamar a expertos para el <strong>dise\u00f1o de jardines en Castelldefels<\/strong>.<\/p>\n<p style=\"text-align: justify;\">Al contratar a un dise\u00f1ador de jardines calificado y de buena reputaci\u00f3n, est\u00e1 pagando por su experiencia, conocimientos e ideas. Escuchar\u00e1n cu\u00e1l es su visi\u00f3n para su jard\u00edn y dise\u00f1ar\u00e1n dise\u00f1os que satisfagan completamente sus necesidades. Desde el estilo de jard\u00edn que le gustar\u00eda hasta el <strong>dise\u00f1o de jardines en Castelldefels<\/strong> que se adapte a su estilo de vida, el experto lo escuchar\u00e1, aconsejar\u00e1 y trabajar\u00e1 con usted para transformar su espacio al aire libre en una extensi\u00f3n funcional y est\u00e9ticamente agradable de su hogar.<\/p>\n<p>[\/vc_column_text][vc_row_inner][vc_column_inner width=\u00bb1\/3&#8243;][\/vc_column_inner][vc_column_inner width=\u00bb1\/3&#8243;]<a\thref=\"https:\/\/naturcesped.com\/es\/contacto\/\" \n\t\t\t\tclass=\"button btn_large btn_theme_color btn_rounded btn_normal_style    \"  target='_self'><span>CONTACTA CON NOSOTROS<\/span><\/a>[\/vc_column_inner][vc_column_inner width=\u00bb1\/3&#8243;][\/vc_column_inner][\/vc_row_inner][vc_column_text]<\/p>\n<p style=\"text-align: justify;\">Saber cu\u00e1l es la mejor manera de trabajar con el tipo de suelo de su jard\u00edn es importante a la hora del <strong>dise\u00f1o de jardines en Castelldefels<\/strong> y decidir qu\u00e9 plantas usar. Un dise\u00f1ador de jardines est\u00e1 equipado con este conocimiento y tambi\u00e9n puede proporcionar soluciones de drenaje y riego si es necesario. Su experiencia en horticultura es invaluable al crear planes de <strong>dise\u00f1o de jardines en Castelldefels<\/strong> que complementan el resto de su espacio al aire libre y garantizar que su jard\u00edn est\u00e9 colorido durante todo el a\u00f1o.<\/p>\n<p style=\"text-align: justify;\">Hay muchas revistas de jardiner\u00eda que ofrecen inspiraci\u00f3n para el dise\u00f1o, pero muchas de las ideas en las p\u00e1ginas no ser\u00edan adecuadas para su espacio exterior \u00fanico. Aqu\u00ed es donde el <strong>dise\u00f1o de jardines en Castelldefels<\/strong> es m\u00e1s \u00fatil. Despu\u00e9s de una inspecci\u00f3n del sitio de su jard\u00edn, estar\u00e1n llenos de ideas sobre c\u00f3mo aprovechar al m\u00e1ximo su espacio, qu\u00e9 caracter\u00edsticas proporcionar\u00e1n puntos focales y c\u00f3mo convertirlo en un espacio funcional para usted y su familia. Ya sea que tenga un tema en particular en mente, le gustar\u00eda instalar un comedor o una cocina al aire libre, desea que su jard\u00edn est\u00e9 \u00aba la moda\u00bb o necesita un jard\u00edn que sea apto tanto para mascotas como para familias, son creativos por naturaleza y pensar\u00e1n de los mejores planes para el <strong>dise\u00f1o de jardines en Castelldefels.<\/strong><\/p>\n<p style=\"text-align: justify;\">Al hacer bricolaje en el jard\u00edn, es f\u00e1cil dejarse llevar y perder la noci\u00f3n de cu\u00e1nto est\u00e1 gastando. Un experto para el <strong>dise\u00f1o de jardines en Castelldefels<\/strong> trabajar\u00e1 dentro de su rango de presupuesto y le proporcionar\u00e1 plantas y materiales adecuados, as\u00ed como tambi\u00e9n le proporcionar\u00e1 una estimaci\u00f3n de los costos de mano de obra.<\/p>\n<p style=\"text-align: justify;\">Si quiere contar con los mejores profesionales para el <strong>dise\u00f1o de jardines en Castelldefels, <\/strong>no dude en comunicarse con nosotros.<\/p>\n<p>[\/vc_column_text][\/vc_column][vc_column width=\u00bb1\/3&#8243;][vc_column_text]<\/p>\n<h2 style=\"text-align: center;\">Cont\u00e1ctanos para m\u00e1s informaci\u00f3n<\/h2>\n<p>[\/vc_column_text]<div class=\"boc_divider_holder\"><div class=\"boc_divider  \"  style=\"margin-top: 20px;margin-bottom: 20px;height: 1px;background: #eeeeee;\"><\/div><\/div>\n<div class=\"wpcf7 no-js\" id=\"wpcf7-f202-o1\" lang=\"es-ES\" dir=\"ltr\" data-wpcf7-id=\"202\">\n<div class=\"screen-reader-response\"><p role=\"status\" aria-live=\"polite\" aria-atomic=\"true\"><\/p> <ul><\/ul><\/div>\n<form action=\"\/es\/wp-json\/wp\/v2\/pages\/1540#wpcf7-f202-o1\" method=\"post\" class=\"wpcf7-form init\" aria-label=\"Formulario de contacto\" novalidate=\"novalidate\" data-status=\"init\">\n<fieldset class=\"hidden-fields-container\"><input type=\"hidden\" name=\"_wpcf7\" value=\"202\" \/><input type=\"hidden\" name=\"_wpcf7_version\" value=\"6.1.3\" \/><input type=\"hidden\" name=\"_wpcf7_locale\" value=\"es_ES\" \/><input type=\"hidden\" name=\"_wpcf7_unit_tag\" value=\"wpcf7-f202-o1\" \/><input type=\"hidden\" name=\"_wpcf7_container_post\" value=\"0\" \/><input type=\"hidden\" name=\"_wpcf7_posted_data_hash\" value=\"\" \/><input type=\"hidden\" name=\"_wpcf7_recaptcha_response\" value=\"\" \/>\n<\/fieldset>\n<p><label> Nombre y apellidos *<br \/>\n<span class=\"wpcf7-form-control-wrap\" data-name=\"your-name\"><input size=\"40\" maxlength=\"400\" class=\"wpcf7-form-control wpcf7-text wpcf7-validates-as-required\" aria-required=\"true\" aria-invalid=\"false\" value=\"\" type=\"text\" name=\"your-name\" \/><\/span> <\/label>\n<\/p>\n<p><label> Tel\u00e9fono *<br \/>\n<span class=\"wpcf7-form-control-wrap\" data-name=\"your-phone\"><input size=\"40\" maxlength=\"400\" class=\"wpcf7-form-control wpcf7-text wpcf7-validates-as-required\" aria-required=\"true\" aria-invalid=\"false\" value=\"\" type=\"text\" name=\"your-phone\" \/><\/span> <\/label>\n<\/p>\n<p><label> Correo electr\u00f3nico *<br \/>\n<span class=\"wpcf7-form-control-wrap\" data-name=\"your-email\"><input size=\"40\" maxlength=\"400\" class=\"wpcf7-form-control wpcf7-email wpcf7-validates-as-required wpcf7-text wpcf7-validates-as-email\" aria-required=\"true\" aria-invalid=\"false\" value=\"\" type=\"email\" name=\"your-email\" \/><\/span> <\/label>\n<\/p>\n<p><label> Municipio *<br \/>\n<span class=\"wpcf7-form-control-wrap\" data-name=\"your-town\"><input size=\"40\" maxlength=\"400\" class=\"wpcf7-form-control wpcf7-text wpcf7-validates-as-required\" aria-required=\"true\" aria-invalid=\"false\" value=\"\" type=\"text\" name=\"your-town\" \/><\/span> <\/label>\n<\/p>\n<p><label> Cantidad de m\u00b2<br \/>\n<span class=\"wpcf7-form-control-wrap\" data-name=\"your-meters\"><input size=\"40\" maxlength=\"400\" class=\"wpcf7-form-control wpcf7-text\" aria-invalid=\"false\" value=\"\" type=\"text\" name=\"your-meters\" \/><\/span> <\/label>\n<\/p>\n<p><label> Terreno actual *<br \/>\n<span class=\"wpcf7-form-control-wrap\" data-name=\"radio-509\"><span class=\"wpcf7-form-control wpcf7-radio\"><span class=\"wpcf7-list-item first\"><label><input type=\"radio\" name=\"radio-509\" value=\"Tierra\" checked=\"checked\" \/><span class=\"wpcf7-list-item-label\">Tierra<\/span><\/label><\/span><span class=\"wpcf7-list-item\"><label><input type=\"radio\" name=\"radio-509\" value=\"C\u00e9sped natural\" \/><span class=\"wpcf7-list-item-label\">C\u00e9sped natural<\/span><\/label><\/span><span class=\"wpcf7-list-item\"><label><input type=\"radio\" name=\"radio-509\" value=\"Pavimento\" \/><span class=\"wpcf7-list-item-label\">Pavimento<\/span><\/label><\/span><span class=\"wpcf7-list-item last\"><label><input type=\"radio\" name=\"radio-509\" value=\"C\u00e9sped artificial\" \/><span class=\"wpcf7-list-item-label\">C\u00e9sped artificial<\/span><\/label><\/span><\/span><\/span> <\/label>\n<\/p>\n<p><label> Mensaje *<br \/>\n<span class=\"wpcf7-form-control-wrap\" data-name=\"your-message\"><textarea cols=\"40\" rows=\"3\" maxlength=\"2000\" class=\"wpcf7-form-control wpcf7-textarea wpcf7-validates-as-required\" aria-required=\"true\" aria-invalid=\"false\" name=\"your-message\"><\/textarea><\/span> <\/label>\n<\/p>\n<p style=\"font-weight: lighter; font-size:12px;\">Informaci\u00f3n b\u00e1sica sobre el tratamiento de datos (Reglamento (UE) 2016\/679 y LO 3\/2018)<br \/>\nResponsable del tratamiento: Naturcesped C\u00e9sped Artificial, SL.\n<\/p>\n<p style=\"font-weight: lighter; font-size:12px;\">Finalidad: Ofrecer, prestar y facturar nuestros servicios y productos.\n<\/p>\n<p style=\"font-weight: lighter; font-size:12px;\">Legitimaci\u00f3n: Consentimiento del interesado.\n<\/p>\n<p style=\"font-weight: lighter; font-size:12px;\">Destinatarios: Los datos no se ceder\u00e1n a terceros, a menos que lo exija una ley o sea necesario para cumplir con la finalidad del tratamiento.\n<\/p>\n<p style=\"font-weight: lighter; font-size:12px;\">Derechos: Acceder, rectificar y suprimir datos, as\u00ed como el resto que se explican en la pol\u00edtica de protecci\u00f3n de datos.\n<\/p>\n<p style=\"font-weight: lighter; font-size:12px;\">M\u00e1s informaci\u00f3n en nuestra pol\u00edtica de protecci\u00f3n de datos.\n<\/p>\n<p><input class=\"wpcf7-form-control wpcf7-submit has-spinner\" type=\"submit\" value=\"Enviar\" \/>\n<\/p><div class=\"wpcf7-response-output\" aria-hidden=\"true\"><\/div>\n<\/form>\n<\/div>\n[\/vc_column][\/vc_row]<\/p>\n<\/div>","protected":false},"excerpt":{"rendered":"<p>[vc_row gap=\u00bb35&#8243;][vc_column width=\u00bb2\/3&#8243;][vc_single_image image=\u00bb424&#8243;][vc_column_text] Puede ser tentador renovar su jard\u00edn en Castelldefels usted mismo sin la ayuda de un profesional, pero esto puede terminar siendo m\u00e1s problem\u00e1tico de lo que vale. Un paisajista calificado puede crear el jard\u00edn de sus sue\u00f1os y asegurarse de que se ajuste a su presupuesto. Por esto, es ideal llamar a expertos para el dise\u00f1o<\/p>\n<div class=\"h10\"><\/div>\n<p><a class=\"more-link1\" href=\"https:\/\/naturcesped.com\/es\/diseno-jardines-castellefels\/\">Read more<\/a><\/p>\n","protected":false},"author":1,"featured_media":0,"parent":0,"menu_order":0,"comment_status":"closed","ping_status":"closed","template":"","meta":{"footnotes":""},"class_list":["post-1540","page","type-page","status-publish","hentry"],"yoast_head":"<!-- This site is optimized with the Yoast SEO plugin v26.3 - https:\/\/yoast.com\/wordpress\/plugins\/seo\/ -->\n<title>Dise\u00f1o jardines Castellefels - NaturC\u00e9sped<\/title>\n<meta name=\"robots\" content=\"index, follow, max-snippet:-1, max-image-preview:large, max-video-preview:-1\" \/>\n<link rel=\"canonical\" href=\"https:\/\/naturcesped.com\/es\/diseno-jardines-castellefels\/\" \/>\n<meta property=\"og:locale\" content=\"es_ES\" \/>\n<meta property=\"og:type\" content=\"article\" \/>\n<meta property=\"og:title\" content=\"Dise\u00f1o jardines Castellefels - NaturC\u00e9sped\" \/>\n<meta property=\"og:description\" content=\"[vc_row gap=\u00bb35&#8243;][vc_column width=\u00bb2\/3&#8243;][vc_single_image image=\u00bb424&#8243;][vc_column_text] Puede ser tentador renovar su jard\u00edn en Castelldefels usted mismo sin la ayuda de un profesional, pero esto puede terminar siendo m\u00e1s problem\u00e1tico de lo que vale. Un paisajista calificado puede crear el jard\u00edn de sus sue\u00f1os y asegurarse de que se ajuste a su presupuesto. Por esto, es ideal llamar a expertos para el dise\u00f1oRead more\" \/>\n<meta property=\"og:url\" content=\"https:\/\/naturcesped.com\/es\/diseno-jardines-castellefels\/\" \/>\n<meta property=\"og:site_name\" content=\"NaturC\u00e9sped\" \/>\n<meta property=\"article:modified_time\" content=\"2023-12-20T11:08:11+00:00\" \/>\n<meta name=\"twitter:card\" content=\"summary_large_image\" \/>\n<meta name=\"twitter:label1\" content=\"Tiempo de lectura\" \/>\n\t<meta name=\"twitter:data1\" content=\"3 minutos\" \/>\n<script type=\"application\/ld+json\" class=\"yoast-schema-graph\">{\"@context\":\"https:\/\/schema.org\",\"@graph\":[{\"@type\":\"WebPage\",\"@id\":\"https:\/\/naturcesped.com\/es\/diseno-jardines-castellefels\/\",\"url\":\"https:\/\/naturcesped.com\/es\/diseno-jardines-castellefels\/\",\"name\":\"Dise\u00f1o jardines Castellefels - NaturC\u00e9sped\",\"isPartOf\":{\"@id\":\"https:\/\/naturcesped.com\/es\/#website\"},\"datePublished\":\"2023-04-11T06:07:27+00:00\",\"dateModified\":\"2023-12-20T11:08:11+00:00\",\"breadcrumb\":{\"@id\":\"https:\/\/naturcesped.com\/es\/diseno-jardines-castellefels\/#breadcrumb\"},\"inLanguage\":\"es\",\"potentialAction\":[{\"@type\":\"ReadAction\",\"target\":[\"https:\/\/naturcesped.com\/es\/diseno-jardines-castellefels\/\"]}]},{\"@type\":\"BreadcrumbList\",\"@id\":\"https:\/\/naturcesped.com\/es\/diseno-jardines-castellefels\/#breadcrumb\",\"itemListElement\":[{\"@type\":\"ListItem\",\"position\":1,\"name\":\"Portada\",\"item\":\"https:\/\/naturcesped.com\/es\/\"},{\"@type\":\"ListItem\",\"position\":2,\"name\":\"Dise\u00f1o jardines Castellefels\"}]},{\"@type\":\"WebSite\",\"@id\":\"https:\/\/naturcesped.com\/es\/#website\",\"url\":\"https:\/\/naturcesped.com\/es\/\",\"name\":\"NaturC\u00e9sped\",\"description\":\"C\u00e9sped artificial en Girona\",\"potentialAction\":[{\"@type\":\"SearchAction\",\"target\":{\"@type\":\"EntryPoint\",\"urlTemplate\":\"https:\/\/naturcesped.com\/es\/?s={search_term_string}\"},\"query-input\":{\"@type\":\"PropertyValueSpecification\",\"valueRequired\":true,\"valueName\":\"search_term_string\"}}],\"inLanguage\":\"es\"}]}<\/script>\n<!-- \/ Yoast SEO plugin. -->","yoast_head_json":{"title":"Dise\u00f1o jardines Castellefels - NaturC\u00e9sped","robots":{"index":"index","follow":"follow","max-snippet":"max-snippet:-1","max-image-preview":"max-image-preview:large","max-video-preview":"max-video-preview:-1"},"canonical":"https:\/\/naturcesped.com\/es\/diseno-jardines-castellefels\/","og_locale":"es_ES","og_type":"article","og_title":"Dise\u00f1o jardines Castellefels - NaturC\u00e9sped","og_description":"[vc_row gap=\u00bb35&#8243;][vc_column width=\u00bb2\/3&#8243;][vc_single_image image=\u00bb424&#8243;][vc_column_text] Puede ser tentador renovar su jard\u00edn en Castelldefels usted mismo sin la ayuda de un profesional, pero esto puede terminar siendo m\u00e1s problem\u00e1tico de lo que vale. Un paisajista calificado puede crear el jard\u00edn de sus sue\u00f1os y asegurarse de que se ajuste a su presupuesto. Por esto, es ideal llamar a expertos para el dise\u00f1oRead more","og_url":"https:\/\/naturcesped.com\/es\/diseno-jardines-castellefels\/","og_site_name":"NaturC\u00e9sped","article_modified_time":"2023-12-20T11:08:11+00:00","twitter_card":"summary_large_image","twitter_misc":{"Tiempo de lectura":"3 minutos"},"schema":{"@context":"https:\/\/schema.org","@graph":[{"@type":"WebPage","@id":"https:\/\/naturcesped.com\/es\/diseno-jardines-castellefels\/","url":"https:\/\/naturcesped.com\/es\/diseno-jardines-castellefels\/","name":"Dise\u00f1o jardines Castellefels - NaturC\u00e9sped","isPartOf":{"@id":"https:\/\/naturcesped.com\/es\/#website"},"datePublished":"2023-04-11T06:07:27+00:00","dateModified":"2023-12-20T11:08:11+00:00","breadcrumb":{"@id":"https:\/\/naturcesped.com\/es\/diseno-jardines-castellefels\/#breadcrumb"},"inLanguage":"es","potentialAction":[{"@type":"ReadAction","target":["https:\/\/naturcesped.com\/es\/diseno-jardines-castellefels\/"]}]},{"@type":"BreadcrumbList","@id":"https:\/\/naturcesped.com\/es\/diseno-jardines-castellefels\/#breadcrumb","itemListElement":[{"@type":"ListItem","position":1,"name":"Portada","item":"https:\/\/naturcesped.com\/es\/"},{"@type":"ListItem","position":2,"name":"Dise\u00f1o jardines Castellefels"}]},{"@type":"WebSite","@id":"https:\/\/naturcesped.com\/es\/#website","url":"https:\/\/naturcesped.com\/es\/","name":"NaturC\u00e9sped","description":"C\u00e9sped artificial en Girona","potentialAction":[{"@type":"SearchAction","target":{"@type":"EntryPoint","urlTemplate":"https:\/\/naturcesped.com\/es\/?s={search_term_string}"},"query-input":{"@type":"PropertyValueSpecification","valueRequired":true,"valueName":"search_term_string"}}],"inLanguage":"es"}]}},"_links":{"self":[{"href":"https:\/\/naturcesped.com\/es\/wp-json\/wp\/v2\/pages\/1540","targetHints":{"allow":["GET"]}}],"collection":[{"href":"https:\/\/naturcesped.com\/es\/wp-json\/wp\/v2\/pages"}],"about":[{"href":"https:\/\/naturcesped.com\/es\/wp-json\/wp\/v2\/types\/page"}],"author":[{"embeddable":true,"href":"https:\/\/naturcesped.com\/es\/wp-json\/wp\/v2\/users\/1"}],"replies":[{"embeddable":true,"href":"https:\/\/naturcesped.com\/es\/wp-json\/wp\/v2\/comments?post=1540"}],"version-history":[{"count":0,"href":"https:\/\/naturcesped.com\/es\/wp-json\/wp\/v2\/pages\/1540\/revisions"}],"wp:attachment":[{"href":"https:\/\/naturcesped.com\/es\/wp-json\/wp\/v2\/media?parent=1540"}],"curies":[{"name":"wp","href":"https:\/\/api.w.org\/{rel}","templated":true}]}}