{"id":1538,"date":"2023-04-11T05:58:00","date_gmt":"2023-04-11T05:58:00","guid":{"rendered":"https:\/\/naturcesped.com\/?page_id=1538"},"modified":"2023-12-20T10:55:20","modified_gmt":"2023-12-20T10:55:20","slug":"diseno-jardines-cadaques","status":"publish","type":"page","link":"https:\/\/naturcesped.com\/es\/diseno-jardines-cadaques\/","title":{"rendered":"Dise\u00f1o jardines Cadaques"},"content":{"rendered":"<div class=\"wpb-content-wrapper\"><p>[vc_row gap=\u00bb35&#8243;][vc_column width=\u00bb2\/3&#8243;][vc_single_image image=\u00bb424&#8243;][vc_column_text]<\/p>\n<p style=\"text-align: justify;\">Contar con un espacio al aire libre para conectar con la naturaleza es un gran beneficio para su propiedad en Cadaqu\u00e9s. Por esto, se debe tener en cuenta el <strong>dise\u00f1o de jardines en Cadaqu\u00e9s<\/strong>.<\/p>\n<p style=\"text-align: justify;\">Un <strong>dise\u00f1o de jardines en Cadaqu\u00e9s<\/strong> aborda sus objetivos temprano. Cualquier proyecto de <strong>dise\u00f1o de jardines en Cadaqu\u00e9s<\/strong> considera un conjunto diverso de insumos, recursos y limitaciones. Un <strong>dise\u00f1o de jardines en Cadaqu\u00e9s<\/strong> completado por un profesional tendr\u00e1 en cuenta todos estos elementos para determinar qu\u00e9 hay en el \u00e1mbito de la posibilidad.<\/p>\n<p>[\/vc_column_text][vc_row_inner][vc_column_inner width=\u00bb1\/3&#8243;][\/vc_column_inner][vc_column_inner width=\u00bb1\/3&#8243;]<a\thref=\"https:\/\/naturcesped.com\/es\/contacto\/\" \n\t\t\t\tclass=\"button btn_large btn_theme_color btn_rounded btn_normal_style    \"  target='_self'><span>CONTACTA CON NOSOTROS<\/span><\/a>[\/vc_column_inner][vc_column_inner width=\u00bb1\/3&#8243;][\/vc_column_inner][\/vc_row_inner][vc_column_text]<\/p>\n<p style=\"text-align: justify;\">Los profesionales del <strong>dise\u00f1o de jardines en Cadaqu\u00e9s<\/strong> priorizan el bajo mantenimiento. Los paisajistas son expertos en encontrar una soluci\u00f3n que cumpla con estos objetivos ya que los materiales utilizados se consideran teniendo en cuenta el mantenimiento y el presupuesto. La planta correcta en el lugar correcto vale la pena con jardines saludables que requieren menos mantenimiento. La creciente disponibilidad de plantas nativas profundiza esta conexi\u00f3n y apoya la ecolog\u00eda local.<\/p>\n<p style=\"text-align: justify;\">Asimismo, con el <strong>dise\u00f1o de jardines en Cadaqu\u00e9s<\/strong> se abordan desaf\u00edos ambientales espec\u00edficos. Ya sea sol, sombra, microclimas variables, condiciones del suelo, precipitaciones o viento, todo esto impacta en lo que ser\u00e1 exitoso en un sitio. Los profesionales del <strong>dise\u00f1o de jardines en Cadaqu\u00e9s<\/strong> son expertos en elegir elementos que se adapten a las condiciones espec\u00edficas del sitio. Tambi\u00e9n hacemos un an\u00e1lisis de oportunidades y limitaciones para identificar como realizar el <strong>dise\u00f1o de jardines en Cadaqu\u00e9s<\/strong>.<\/p>\n<p style=\"text-align: justify;\">Por otro lado, el <strong>dise\u00f1o de jardines en Cadaqu\u00e9s<\/strong> le ahorra tiempo y dinero. Probablemente hayas escuchado el viejo adagio de la carpinter\u00eda: \u00abMide dos veces, corta una vez\u00bb. Independientemente de lo que construya, es una inversi\u00f3n con la que probablemente vivir\u00e1 durante alg\u00fan tiempo. Quiz\u00e1s pase a la siguiente generaci\u00f3n. Las buenas y las malas decisiones se establecer\u00e1n al comienzo del proyecto, por lo que el primer paso siempre ser\u00e1 agendar el <strong>dise\u00f1o de jardines en Cadaqu\u00e9s. <\/strong><\/p>\n<p style=\"text-align: justify;\">Tenga en cuenta que el <strong>dise\u00f1o de jardines en Cadaqu\u00e9s<\/strong> aumenta el valor de su propiedad. Si bien la valoraci\u00f3n de la propiedad es un arte complejo, existe la vieja creencia de que un buen trabajo de paisajismo aumenta el valor inmobiliario en un 25 %, adem\u00e1s de ser una inversi\u00f3n que disfrutar\u00e1 cada d\u00eda mientras se encuentre en la propiedad.<\/p>\n<p style=\"text-align: justify;\">Si busca a los mejores expertos para el <strong>dise\u00f1o de jardines en Cadaqu\u00e9s <\/strong>no dude en contactarnos. Tenemos a\u00f1os de experiencia en el sector y la satisfacci\u00f3n de nuestros clientes ha sido nuestro mejor sello de garant\u00eda. No dude en comunicarse con nosotros, contestaremos todas sus dudas y le ofreceremos las mejores soluciones y planes para sus espacios.<\/p>\n<p>[\/vc_column_text][\/vc_column][vc_column width=\u00bb1\/3&#8243;][vc_column_text]<\/p>\n<h2 style=\"text-align: center;\">Cont\u00e1ctanos para m\u00e1s informaci\u00f3n<\/h2>\n<p>[\/vc_column_text]<div class=\"boc_divider_holder\"><div class=\"boc_divider  \"  style=\"margin-top: 20px;margin-bottom: 20px;height: 1px;background: #eeeeee;\"><\/div><\/div>\n<div class=\"wpcf7 no-js\" id=\"wpcf7-f202-o1\" lang=\"es-ES\" dir=\"ltr\" data-wpcf7-id=\"202\">\n<div class=\"screen-reader-response\"><p role=\"status\" aria-live=\"polite\" aria-atomic=\"true\"><\/p> <ul><\/ul><\/div>\n<form action=\"\/es\/wp-json\/wp\/v2\/pages\/1538#wpcf7-f202-o1\" method=\"post\" class=\"wpcf7-form init\" aria-label=\"Formulario de contacto\" novalidate=\"novalidate\" data-status=\"init\">\n<fieldset class=\"hidden-fields-container\"><input type=\"hidden\" name=\"_wpcf7\" value=\"202\" \/><input type=\"hidden\" name=\"_wpcf7_version\" value=\"6.1.3\" \/><input type=\"hidden\" name=\"_wpcf7_locale\" value=\"es_ES\" \/><input type=\"hidden\" name=\"_wpcf7_unit_tag\" value=\"wpcf7-f202-o1\" \/><input type=\"hidden\" name=\"_wpcf7_container_post\" value=\"0\" \/><input type=\"hidden\" name=\"_wpcf7_posted_data_hash\" value=\"\" \/><input type=\"hidden\" name=\"_wpcf7_recaptcha_response\" value=\"\" \/>\n<\/fieldset>\n<p><label> Nombre y apellidos *<br \/>\n<span class=\"wpcf7-form-control-wrap\" data-name=\"your-name\"><input size=\"40\" maxlength=\"400\" class=\"wpcf7-form-control wpcf7-text wpcf7-validates-as-required\" aria-required=\"true\" aria-invalid=\"false\" value=\"\" type=\"text\" name=\"your-name\" \/><\/span> <\/label>\n<\/p>\n<p><label> Tel\u00e9fono *<br \/>\n<span class=\"wpcf7-form-control-wrap\" data-name=\"your-phone\"><input size=\"40\" maxlength=\"400\" class=\"wpcf7-form-control wpcf7-text wpcf7-validates-as-required\" aria-required=\"true\" aria-invalid=\"false\" value=\"\" type=\"text\" name=\"your-phone\" \/><\/span> <\/label>\n<\/p>\n<p><label> Correo electr\u00f3nico *<br \/>\n<span class=\"wpcf7-form-control-wrap\" data-name=\"your-email\"><input size=\"40\" maxlength=\"400\" class=\"wpcf7-form-control wpcf7-email wpcf7-validates-as-required wpcf7-text wpcf7-validates-as-email\" aria-required=\"true\" aria-invalid=\"false\" value=\"\" type=\"email\" name=\"your-email\" \/><\/span> <\/label>\n<\/p>\n<p><label> Municipio *<br \/>\n<span class=\"wpcf7-form-control-wrap\" data-name=\"your-town\"><input size=\"40\" maxlength=\"400\" class=\"wpcf7-form-control wpcf7-text wpcf7-validates-as-required\" aria-required=\"true\" aria-invalid=\"false\" value=\"\" type=\"text\" name=\"your-town\" \/><\/span> <\/label>\n<\/p>\n<p><label> Cantidad de m\u00b2<br \/>\n<span class=\"wpcf7-form-control-wrap\" data-name=\"your-meters\"><input size=\"40\" maxlength=\"400\" class=\"wpcf7-form-control wpcf7-text\" aria-invalid=\"false\" value=\"\" type=\"text\" name=\"your-meters\" \/><\/span> <\/label>\n<\/p>\n<p><label> Terreno actual *<br \/>\n<span class=\"wpcf7-form-control-wrap\" data-name=\"radio-509\"><span class=\"wpcf7-form-control wpcf7-radio\"><span class=\"wpcf7-list-item first\"><label><input type=\"radio\" name=\"radio-509\" value=\"Tierra\" checked=\"checked\" \/><span class=\"wpcf7-list-item-label\">Tierra<\/span><\/label><\/span><span class=\"wpcf7-list-item\"><label><input type=\"radio\" name=\"radio-509\" value=\"C\u00e9sped natural\" \/><span class=\"wpcf7-list-item-label\">C\u00e9sped natural<\/span><\/label><\/span><span class=\"wpcf7-list-item\"><label><input type=\"radio\" name=\"radio-509\" value=\"Pavimento\" \/><span class=\"wpcf7-list-item-label\">Pavimento<\/span><\/label><\/span><span class=\"wpcf7-list-item last\"><label><input type=\"radio\" name=\"radio-509\" value=\"C\u00e9sped artificial\" \/><span class=\"wpcf7-list-item-label\">C\u00e9sped artificial<\/span><\/label><\/span><\/span><\/span> <\/label>\n<\/p>\n<p><label> Mensaje *<br \/>\n<span class=\"wpcf7-form-control-wrap\" data-name=\"your-message\"><textarea cols=\"40\" rows=\"3\" maxlength=\"2000\" class=\"wpcf7-form-control wpcf7-textarea wpcf7-validates-as-required\" aria-required=\"true\" aria-invalid=\"false\" name=\"your-message\"><\/textarea><\/span> <\/label>\n<\/p>\n<p style=\"font-weight: lighter; font-size:12px;\">Informaci\u00f3n b\u00e1sica sobre el tratamiento de datos (Reglamento (UE) 2016\/679 y LO 3\/2018)<br \/>\nResponsable del tratamiento: Naturcesped C\u00e9sped Artificial, SL.\n<\/p>\n<p style=\"font-weight: lighter; font-size:12px;\">Finalidad: Ofrecer, prestar y facturar nuestros servicios y productos.\n<\/p>\n<p style=\"font-weight: lighter; font-size:12px;\">Legitimaci\u00f3n: Consentimiento del interesado.\n<\/p>\n<p style=\"font-weight: lighter; font-size:12px;\">Destinatarios: Los datos no se ceder\u00e1n a terceros, a menos que lo exija una ley o sea necesario para cumplir con la finalidad del tratamiento.\n<\/p>\n<p style=\"font-weight: lighter; font-size:12px;\">Derechos: Acceder, rectificar y suprimir datos, as\u00ed como el resto que se explican en la pol\u00edtica de protecci\u00f3n de datos.\n<\/p>\n<p style=\"font-weight: lighter; font-size:12px;\">M\u00e1s informaci\u00f3n en nuestra pol\u00edtica de protecci\u00f3n de datos.\n<\/p>\n<p><input class=\"wpcf7-form-control wpcf7-submit has-spinner\" type=\"submit\" value=\"Enviar\" \/>\n<\/p><div class=\"wpcf7-response-output\" aria-hidden=\"true\"><\/div>\n<\/form>\n<\/div>\n[\/vc_column][\/vc_row]<\/p>\n<\/div>","protected":false},"excerpt":{"rendered":"<p>[vc_row gap=\u00bb35&#8243;][vc_column width=\u00bb2\/3&#8243;][vc_single_image image=\u00bb424&#8243;][vc_column_text] Contar con un espacio al aire libre para conectar con la naturaleza es un gran beneficio para su propiedad en Cadaqu\u00e9s. Por esto, se debe tener en cuenta el dise\u00f1o de jardines en Cadaqu\u00e9s. Un dise\u00f1o de jardines en Cadaqu\u00e9s aborda sus objetivos temprano. Cualquier proyecto de dise\u00f1o de jardines en Cadaqu\u00e9s considera un conjunto diverso<\/p>\n<div class=\"h10\"><\/div>\n<p><a class=\"more-link1\" href=\"https:\/\/naturcesped.com\/es\/diseno-jardines-cadaques\/\">Read more<\/a><\/p>\n","protected":false},"author":1,"featured_media":0,"parent":0,"menu_order":0,"comment_status":"closed","ping_status":"closed","template":"","meta":{"footnotes":""},"class_list":["post-1538","page","type-page","status-publish","hentry"],"yoast_head":"<!-- This site is optimized with the Yoast SEO plugin v26.3 - https:\/\/yoast.com\/wordpress\/plugins\/seo\/ -->\n<title>Dise\u00f1o jardines Cadaques - NaturC\u00e9sped<\/title>\n<meta name=\"robots\" content=\"index, follow, max-snippet:-1, max-image-preview:large, max-video-preview:-1\" \/>\n<link rel=\"canonical\" href=\"https:\/\/naturcesped.com\/es\/diseno-jardines-cadaques\/\" \/>\n<meta property=\"og:locale\" content=\"es_ES\" \/>\n<meta property=\"og:type\" content=\"article\" \/>\n<meta property=\"og:title\" content=\"Dise\u00f1o jardines Cadaques - NaturC\u00e9sped\" \/>\n<meta property=\"og:description\" content=\"[vc_row gap=\u00bb35&#8243;][vc_column width=\u00bb2\/3&#8243;][vc_single_image image=\u00bb424&#8243;][vc_column_text] Contar con un espacio al aire libre para conectar con la naturaleza es un gran beneficio para su propiedad en Cadaqu\u00e9s. Por esto, se debe tener en cuenta el dise\u00f1o de jardines en Cadaqu\u00e9s. Un dise\u00f1o de jardines en Cadaqu\u00e9s aborda sus objetivos temprano. Cualquier proyecto de dise\u00f1o de jardines en Cadaqu\u00e9s considera un conjunto diversoRead more\" \/>\n<meta property=\"og:url\" content=\"https:\/\/naturcesped.com\/es\/diseno-jardines-cadaques\/\" \/>\n<meta property=\"og:site_name\" content=\"NaturC\u00e9sped\" \/>\n<meta property=\"article:modified_time\" content=\"2023-12-20T10:55:20+00:00\" \/>\n<meta name=\"twitter:card\" content=\"summary_large_image\" \/>\n<meta name=\"twitter:label1\" content=\"Tiempo de lectura\" \/>\n\t<meta name=\"twitter:data1\" content=\"3 minutos\" \/>\n<script type=\"application\/ld+json\" class=\"yoast-schema-graph\">{\"@context\":\"https:\/\/schema.org\",\"@graph\":[{\"@type\":\"WebPage\",\"@id\":\"https:\/\/naturcesped.com\/es\/diseno-jardines-cadaques\/\",\"url\":\"https:\/\/naturcesped.com\/es\/diseno-jardines-cadaques\/\",\"name\":\"Dise\u00f1o jardines Cadaques - NaturC\u00e9sped\",\"isPartOf\":{\"@id\":\"https:\/\/naturcesped.com\/es\/#website\"},\"datePublished\":\"2023-04-11T05:58:00+00:00\",\"dateModified\":\"2023-12-20T10:55:20+00:00\",\"breadcrumb\":{\"@id\":\"https:\/\/naturcesped.com\/es\/diseno-jardines-cadaques\/#breadcrumb\"},\"inLanguage\":\"es\",\"potentialAction\":[{\"@type\":\"ReadAction\",\"target\":[\"https:\/\/naturcesped.com\/es\/diseno-jardines-cadaques\/\"]}]},{\"@type\":\"BreadcrumbList\",\"@id\":\"https:\/\/naturcesped.com\/es\/diseno-jardines-cadaques\/#breadcrumb\",\"itemListElement\":[{\"@type\":\"ListItem\",\"position\":1,\"name\":\"Portada\",\"item\":\"https:\/\/naturcesped.com\/es\/\"},{\"@type\":\"ListItem\",\"position\":2,\"name\":\"Dise\u00f1o jardines Cadaques\"}]},{\"@type\":\"WebSite\",\"@id\":\"https:\/\/naturcesped.com\/es\/#website\",\"url\":\"https:\/\/naturcesped.com\/es\/\",\"name\":\"NaturC\u00e9sped\",\"description\":\"C\u00e9sped artificial en Girona\",\"potentialAction\":[{\"@type\":\"SearchAction\",\"target\":{\"@type\":\"EntryPoint\",\"urlTemplate\":\"https:\/\/naturcesped.com\/es\/?s={search_term_string}\"},\"query-input\":{\"@type\":\"PropertyValueSpecification\",\"valueRequired\":true,\"valueName\":\"search_term_string\"}}],\"inLanguage\":\"es\"}]}<\/script>\n<!-- \/ Yoast SEO plugin. -->","yoast_head_json":{"title":"Dise\u00f1o jardines Cadaques - NaturC\u00e9sped","robots":{"index":"index","follow":"follow","max-snippet":"max-snippet:-1","max-image-preview":"max-image-preview:large","max-video-preview":"max-video-preview:-1"},"canonical":"https:\/\/naturcesped.com\/es\/diseno-jardines-cadaques\/","og_locale":"es_ES","og_type":"article","og_title":"Dise\u00f1o jardines Cadaques - NaturC\u00e9sped","og_description":"[vc_row gap=\u00bb35&#8243;][vc_column width=\u00bb2\/3&#8243;][vc_single_image image=\u00bb424&#8243;][vc_column_text] Contar con un espacio al aire libre para conectar con la naturaleza es un gran beneficio para su propiedad en Cadaqu\u00e9s. Por esto, se debe tener en cuenta el dise\u00f1o de jardines en Cadaqu\u00e9s. Un dise\u00f1o de jardines en Cadaqu\u00e9s aborda sus objetivos temprano. Cualquier proyecto de dise\u00f1o de jardines en Cadaqu\u00e9s considera un conjunto diversoRead more","og_url":"https:\/\/naturcesped.com\/es\/diseno-jardines-cadaques\/","og_site_name":"NaturC\u00e9sped","article_modified_time":"2023-12-20T10:55:20+00:00","twitter_card":"summary_large_image","twitter_misc":{"Tiempo de lectura":"3 minutos"},"schema":{"@context":"https:\/\/schema.org","@graph":[{"@type":"WebPage","@id":"https:\/\/naturcesped.com\/es\/diseno-jardines-cadaques\/","url":"https:\/\/naturcesped.com\/es\/diseno-jardines-cadaques\/","name":"Dise\u00f1o jardines Cadaques - NaturC\u00e9sped","isPartOf":{"@id":"https:\/\/naturcesped.com\/es\/#website"},"datePublished":"2023-04-11T05:58:00+00:00","dateModified":"2023-12-20T10:55:20+00:00","breadcrumb":{"@id":"https:\/\/naturcesped.com\/es\/diseno-jardines-cadaques\/#breadcrumb"},"inLanguage":"es","potentialAction":[{"@type":"ReadAction","target":["https:\/\/naturcesped.com\/es\/diseno-jardines-cadaques\/"]}]},{"@type":"BreadcrumbList","@id":"https:\/\/naturcesped.com\/es\/diseno-jardines-cadaques\/#breadcrumb","itemListElement":[{"@type":"ListItem","position":1,"name":"Portada","item":"https:\/\/naturcesped.com\/es\/"},{"@type":"ListItem","position":2,"name":"Dise\u00f1o jardines Cadaques"}]},{"@type":"WebSite","@id":"https:\/\/naturcesped.com\/es\/#website","url":"https:\/\/naturcesped.com\/es\/","name":"NaturC\u00e9sped","description":"C\u00e9sped artificial en Girona","potentialAction":[{"@type":"SearchAction","target":{"@type":"EntryPoint","urlTemplate":"https:\/\/naturcesped.com\/es\/?s={search_term_string}"},"query-input":{"@type":"PropertyValueSpecification","valueRequired":true,"valueName":"search_term_string"}}],"inLanguage":"es"}]}},"_links":{"self":[{"href":"https:\/\/naturcesped.com\/es\/wp-json\/wp\/v2\/pages\/1538","targetHints":{"allow":["GET"]}}],"collection":[{"href":"https:\/\/naturcesped.com\/es\/wp-json\/wp\/v2\/pages"}],"about":[{"href":"https:\/\/naturcesped.com\/es\/wp-json\/wp\/v2\/types\/page"}],"author":[{"embeddable":true,"href":"https:\/\/naturcesped.com\/es\/wp-json\/wp\/v2\/users\/1"}],"replies":[{"embeddable":true,"href":"https:\/\/naturcesped.com\/es\/wp-json\/wp\/v2\/comments?post=1538"}],"version-history":[{"count":0,"href":"https:\/\/naturcesped.com\/es\/wp-json\/wp\/v2\/pages\/1538\/revisions"}],"wp:attachment":[{"href":"https:\/\/naturcesped.com\/es\/wp-json\/wp\/v2\/media?parent=1538"}],"curies":[{"name":"wp","href":"https:\/\/api.w.org\/{rel}","templated":true}]}}