{"id":1367,"date":"2023-03-14T10:57:13","date_gmt":"2023-03-14T10:57:13","guid":{"rendered":"https:\/\/naturcesped.com\/?page_id=1367"},"modified":"2023-12-19T10:49:45","modified_gmt":"2023-12-19T10:49:45","slug":"cesped-artificial-a-medida-palamos","status":"publish","type":"page","link":"https:\/\/naturcesped.com\/es\/cesped-artificial-a-medida-palamos\/","title":{"rendered":"C\u00e9sped artificial a medida Palam\u00f3s"},"content":{"rendered":"<div class=\"wpb-content-wrapper\"><p>[vc_row gap=\u00bb35&#8243;][vc_column width=\u00bb2\/3&#8243;][vc_single_image image=\u00bb424&#8243;][vc_column_text]<\/p>\n<p style=\"text-align: justify;\">El c\u00e9sped artificial es la pieza del rompecabezas que no sab\u00edas que faltaba en tu hogar en Palam\u00f3s. Todas esas horas perdidas trabajando en el jard\u00edn ser\u00e1n cosa del pasado y tendr\u00e1 m\u00e1s tiempo libre para disfrutar de su jard\u00edn con su familia y amigos.<\/p>\n<p style=\"text-align: justify;\">El <strong>c\u00e9sped artificial a medida en Palam\u00f3s<\/strong> es una opci\u00f3n c\u00f3moda que se mantendr\u00e1 en el mejor estado durante todo el a\u00f1o.<\/p>\n<p style=\"text-align: justify;\">Dado que el <strong>c\u00e9sped artificial a medida en Palam\u00f3s<\/strong> siempre se ve mejor, puede concentrarse en vivir lo mejor posible. Contrariamente a los mitos y conceptos err\u00f3neos comunes sobre el <strong>c\u00e9sped artificial a medida en Palam\u00f3s<\/strong>, las fibras no se desvanecen con el sol y se mantienen bien, incluso en el tr\u00e1nsito intenso de perros y ni\u00f1os.<\/p>\n<p style=\"text-align: justify;\">Con el <strong>c\u00e9sped artificial a medida en Palam\u00f3s <\/strong>disfrutar\u00e1 de un producto de bajo mantenimiento. Tenga en cuenta que un propietario promedio pasa 70 horas al a\u00f1o cortando el c\u00e9sped, \u00a1eso es casi tres d\u00edas completos! Agregue el tiempo dedicado a desmalezar, fertilizar y regar, y su c\u00e9sped es pr\u00e1cticamente un segundo trabajo.<\/p>\n<p>[\/vc_column_text][vc_row_inner][vc_column_inner width=\u00bb1\/3&#8243;][\/vc_column_inner][vc_column_inner width=\u00bb1\/3&#8243;]<a\thref=\"https:\/\/naturcesped.com\/es\/contacto\/\" \n\t\t\t\tclass=\"button btn_large btn_theme_color btn_rounded btn_normal_style    \"  target='_self'><span>CONTACTA CON NOSOTROS<\/span><\/a>[\/vc_column_inner][vc_column_inner width=\u00bb1\/3&#8243;][\/vc_column_inner][\/vc_row_inner][vc_column_text]<\/p>\n<p style=\"text-align: justify;\">Al instalar el <strong>c\u00e9sped artificial a medida en Palam\u00f3s<\/strong>, puede recuperar las largas horas que sol\u00eda pasar bajo el sol rompiendo su espalda para crear un c\u00e9sped perfecto. El mantenimiento del <strong>c\u00e9sped artificial a medida en Palam\u00f3s<\/strong> es pr\u00e1cticamente inexistente. Un r\u00e1pido enjuague semanal con la manguera para eliminar el polvo y una r\u00e1pida esponja con un rastrillo en \u00e1reas de mucho tr\u00e1fico son suficientes para mantener su <strong>c\u00e9sped artificial a medida en Palam\u00f3s<\/strong> verde y hermoso durante todo el a\u00f1o.<\/p>\n<p style=\"text-align: justify;\">A esto se suma que el respaldo del <strong>c\u00e9sped artificial a medida en Palam\u00f3s<\/strong> es apto para mascotas y es totalmente permeable, por lo que no quedar\u00e1 agua estancada despu\u00e9s de una tormenta. Un <strong>c\u00e9sped artificial a medida en Palam\u00f3s<\/strong> significa que nunca m\u00e1s tendr\u00e1 que perseguir a un perro embarrado por la casa.<\/p>\n<p style=\"text-align: justify;\">El sistema de drenaje del <strong>c\u00e9sped artificial a medida en Palam\u00f3s<\/strong> hace que nuestro c\u00e9sped se adapte bien para drenar todos los l\u00edquidos, incluida la orina de las mascotas.<\/p>\n<p style=\"text-align: justify;\">El <strong>c\u00e9sped artificial a medida en Palam\u00f3s<\/strong> no sufre de puntos muertos debido a la orina de las mascotas o los agujeros de excavaci\u00f3n. La orina se drenar\u00e1 como el agua, sin dejar ning\u00fan desorden. Los desechos s\u00f3lidos se asientan en la parte superior de las hojas del <strong>c\u00e9sped artificial a medida en Palam\u00f3s<\/strong> para facilitar la limpieza por lo que el <strong>c\u00e9sped artificial a medida en Palam\u00f3s <\/strong>es la opci\u00f3n ideal para espacios en donde conviven mascotas.<\/p>\n<p style=\"text-align: justify;\">Si busca a los mejores profesionales para la instalaci\u00f3n del <strong>c\u00e9sped artificial a medida en Palam\u00f3s <\/strong>no dude en contactarnos. Contamos con el mejor equipo humano y los materiales de la mejor calidad. \u00a1No dude en contactar con nosotros!<\/p>\n<p>[\/vc_column_text][\/vc_column][vc_column width=\u00bb1\/3&#8243;][vc_column_text]<\/p>\n<h2 style=\"text-align: center;\">Cont\u00e1ctanos para m\u00e1s informaci\u00f3n<\/h2>\n<p>[\/vc_column_text]<div class=\"boc_divider_holder\"><div class=\"boc_divider  \"  style=\"margin-top: 20px;margin-bottom: 20px;height: 1px;background: #eeeeee;\"><\/div><\/div>\n<div class=\"wpcf7 no-js\" id=\"wpcf7-f202-o1\" lang=\"es-ES\" dir=\"ltr\" data-wpcf7-id=\"202\">\n<div class=\"screen-reader-response\"><p role=\"status\" aria-live=\"polite\" aria-atomic=\"true\"><\/p> <ul><\/ul><\/div>\n<form action=\"\/es\/wp-json\/wp\/v2\/pages\/1367#wpcf7-f202-o1\" method=\"post\" class=\"wpcf7-form init\" aria-label=\"Formulario de contacto\" novalidate=\"novalidate\" data-status=\"init\">\n<fieldset class=\"hidden-fields-container\"><input type=\"hidden\" name=\"_wpcf7\" value=\"202\" \/><input type=\"hidden\" name=\"_wpcf7_version\" value=\"6.1.3\" \/><input type=\"hidden\" name=\"_wpcf7_locale\" value=\"es_ES\" \/><input type=\"hidden\" name=\"_wpcf7_unit_tag\" value=\"wpcf7-f202-o1\" \/><input type=\"hidden\" name=\"_wpcf7_container_post\" value=\"0\" \/><input type=\"hidden\" name=\"_wpcf7_posted_data_hash\" value=\"\" \/><input type=\"hidden\" name=\"_wpcf7_recaptcha_response\" value=\"\" \/>\n<\/fieldset>\n<p><label> Nombre y apellidos *<br \/>\n<span class=\"wpcf7-form-control-wrap\" data-name=\"your-name\"><input size=\"40\" maxlength=\"400\" class=\"wpcf7-form-control wpcf7-text wpcf7-validates-as-required\" aria-required=\"true\" aria-invalid=\"false\" value=\"\" type=\"text\" name=\"your-name\" \/><\/span> <\/label>\n<\/p>\n<p><label> Tel\u00e9fono *<br \/>\n<span class=\"wpcf7-form-control-wrap\" data-name=\"your-phone\"><input size=\"40\" maxlength=\"400\" class=\"wpcf7-form-control wpcf7-text wpcf7-validates-as-required\" aria-required=\"true\" aria-invalid=\"false\" value=\"\" type=\"text\" name=\"your-phone\" \/><\/span> <\/label>\n<\/p>\n<p><label> Correo electr\u00f3nico *<br \/>\n<span class=\"wpcf7-form-control-wrap\" data-name=\"your-email\"><input size=\"40\" maxlength=\"400\" class=\"wpcf7-form-control wpcf7-email wpcf7-validates-as-required wpcf7-text wpcf7-validates-as-email\" aria-required=\"true\" aria-invalid=\"false\" value=\"\" type=\"email\" name=\"your-email\" \/><\/span> <\/label>\n<\/p>\n<p><label> Municipio *<br \/>\n<span class=\"wpcf7-form-control-wrap\" data-name=\"your-town\"><input size=\"40\" maxlength=\"400\" class=\"wpcf7-form-control wpcf7-text wpcf7-validates-as-required\" aria-required=\"true\" aria-invalid=\"false\" value=\"\" type=\"text\" name=\"your-town\" \/><\/span> <\/label>\n<\/p>\n<p><label> Cantidad de m\u00b2<br \/>\n<span class=\"wpcf7-form-control-wrap\" data-name=\"your-meters\"><input size=\"40\" maxlength=\"400\" class=\"wpcf7-form-control wpcf7-text\" aria-invalid=\"false\" value=\"\" type=\"text\" name=\"your-meters\" \/><\/span> <\/label>\n<\/p>\n<p><label> Terreno actual *<br \/>\n<span class=\"wpcf7-form-control-wrap\" data-name=\"radio-509\"><span class=\"wpcf7-form-control wpcf7-radio\"><span class=\"wpcf7-list-item first\"><label><input type=\"radio\" name=\"radio-509\" value=\"Tierra\" checked=\"checked\" \/><span class=\"wpcf7-list-item-label\">Tierra<\/span><\/label><\/span><span class=\"wpcf7-list-item\"><label><input type=\"radio\" name=\"radio-509\" value=\"C\u00e9sped natural\" \/><span class=\"wpcf7-list-item-label\">C\u00e9sped natural<\/span><\/label><\/span><span class=\"wpcf7-list-item\"><label><input type=\"radio\" name=\"radio-509\" value=\"Pavimento\" \/><span class=\"wpcf7-list-item-label\">Pavimento<\/span><\/label><\/span><span class=\"wpcf7-list-item last\"><label><input type=\"radio\" name=\"radio-509\" value=\"C\u00e9sped artificial\" \/><span class=\"wpcf7-list-item-label\">C\u00e9sped artificial<\/span><\/label><\/span><\/span><\/span> <\/label>\n<\/p>\n<p><label> Mensaje *<br \/>\n<span class=\"wpcf7-form-control-wrap\" data-name=\"your-message\"><textarea cols=\"40\" rows=\"3\" maxlength=\"2000\" class=\"wpcf7-form-control wpcf7-textarea wpcf7-validates-as-required\" aria-required=\"true\" aria-invalid=\"false\" name=\"your-message\"><\/textarea><\/span> <\/label>\n<\/p>\n<p style=\"font-weight: lighter; font-size:12px;\">Informaci\u00f3n b\u00e1sica sobre el tratamiento de datos (Reglamento (UE) 2016\/679 y LO 3\/2018)<br \/>\nResponsable del tratamiento: Naturcesped C\u00e9sped Artificial, SL.\n<\/p>\n<p style=\"font-weight: lighter; font-size:12px;\">Finalidad: Ofrecer, prestar y facturar nuestros servicios y productos.\n<\/p>\n<p style=\"font-weight: lighter; font-size:12px;\">Legitimaci\u00f3n: Consentimiento del interesado.\n<\/p>\n<p style=\"font-weight: lighter; font-size:12px;\">Destinatarios: Los datos no se ceder\u00e1n a terceros, a menos que lo exija una ley o sea necesario para cumplir con la finalidad del tratamiento.\n<\/p>\n<p style=\"font-weight: lighter; font-size:12px;\">Derechos: Acceder, rectificar y suprimir datos, as\u00ed como el resto que se explican en la pol\u00edtica de protecci\u00f3n de datos.\n<\/p>\n<p style=\"font-weight: lighter; font-size:12px;\">M\u00e1s informaci\u00f3n en nuestra pol\u00edtica de protecci\u00f3n de datos.\n<\/p>\n<p><input class=\"wpcf7-form-control wpcf7-submit has-spinner\" type=\"submit\" value=\"Enviar\" \/>\n<\/p><div class=\"wpcf7-response-output\" aria-hidden=\"true\"><\/div>\n<\/form>\n<\/div>\n[\/vc_column][\/vc_row]<\/p>\n<\/div>","protected":false},"excerpt":{"rendered":"<p>[vc_row gap=\u00bb35&#8243;][vc_column width=\u00bb2\/3&#8243;][vc_single_image image=\u00bb424&#8243;][vc_column_text] El c\u00e9sped artificial es la pieza del rompecabezas que no sab\u00edas que faltaba en tu hogar en Palam\u00f3s. Todas esas horas perdidas trabajando en el jard\u00edn ser\u00e1n cosa del pasado y tendr\u00e1 m\u00e1s tiempo libre para disfrutar de su jard\u00edn con su familia y amigos. El c\u00e9sped artificial a medida en Palam\u00f3s es una opci\u00f3n c\u00f3moda<\/p>\n<div class=\"h10\"><\/div>\n<p><a class=\"more-link1\" href=\"https:\/\/naturcesped.com\/es\/cesped-artificial-a-medida-palamos\/\">Read more<\/a><\/p>\n","protected":false},"author":1,"featured_media":0,"parent":0,"menu_order":0,"comment_status":"closed","ping_status":"closed","template":"","meta":{"footnotes":""},"class_list":["post-1367","page","type-page","status-publish","hentry"],"yoast_head":"<!-- This site is optimized with the Yoast SEO plugin v26.3 - https:\/\/yoast.com\/wordpress\/plugins\/seo\/ -->\n<title>C\u00e9sped artificial a medida Palam\u00f3s - NaturC\u00e9sped<\/title>\n<meta name=\"robots\" content=\"index, follow, max-snippet:-1, max-image-preview:large, max-video-preview:-1\" \/>\n<link rel=\"canonical\" href=\"https:\/\/naturcesped.com\/es\/cesped-artificial-a-medida-palamos\/\" \/>\n<meta property=\"og:locale\" content=\"es_ES\" \/>\n<meta property=\"og:type\" content=\"article\" \/>\n<meta property=\"og:title\" content=\"C\u00e9sped artificial a medida Palam\u00f3s - NaturC\u00e9sped\" \/>\n<meta property=\"og:description\" content=\"[vc_row gap=\u00bb35&#8243;][vc_column width=\u00bb2\/3&#8243;][vc_single_image image=\u00bb424&#8243;][vc_column_text] El c\u00e9sped artificial es la pieza del rompecabezas que no sab\u00edas que faltaba en tu hogar en Palam\u00f3s. Todas esas horas perdidas trabajando en el jard\u00edn ser\u00e1n cosa del pasado y tendr\u00e1 m\u00e1s tiempo libre para disfrutar de su jard\u00edn con su familia y amigos. El c\u00e9sped artificial a medida en Palam\u00f3s es una opci\u00f3n c\u00f3modaRead more\" \/>\n<meta property=\"og:url\" content=\"https:\/\/naturcesped.com\/es\/cesped-artificial-a-medida-palamos\/\" \/>\n<meta property=\"og:site_name\" content=\"NaturC\u00e9sped\" \/>\n<meta property=\"article:modified_time\" content=\"2023-12-19T10:49:45+00:00\" \/>\n<meta name=\"twitter:card\" content=\"summary_large_image\" \/>\n<meta name=\"twitter:label1\" content=\"Tiempo de lectura\" \/>\n\t<meta name=\"twitter:data1\" content=\"3 minutos\" \/>\n<script type=\"application\/ld+json\" class=\"yoast-schema-graph\">{\"@context\":\"https:\/\/schema.org\",\"@graph\":[{\"@type\":\"WebPage\",\"@id\":\"https:\/\/naturcesped.com\/es\/cesped-artificial-a-medida-palamos\/\",\"url\":\"https:\/\/naturcesped.com\/es\/cesped-artificial-a-medida-palamos\/\",\"name\":\"C\u00e9sped artificial a medida Palam\u00f3s - NaturC\u00e9sped\",\"isPartOf\":{\"@id\":\"https:\/\/naturcesped.com\/es\/#website\"},\"datePublished\":\"2023-03-14T10:57:13+00:00\",\"dateModified\":\"2023-12-19T10:49:45+00:00\",\"breadcrumb\":{\"@id\":\"https:\/\/naturcesped.com\/es\/cesped-artificial-a-medida-palamos\/#breadcrumb\"},\"inLanguage\":\"es\",\"potentialAction\":[{\"@type\":\"ReadAction\",\"target\":[\"https:\/\/naturcesped.com\/es\/cesped-artificial-a-medida-palamos\/\"]}]},{\"@type\":\"BreadcrumbList\",\"@id\":\"https:\/\/naturcesped.com\/es\/cesped-artificial-a-medida-palamos\/#breadcrumb\",\"itemListElement\":[{\"@type\":\"ListItem\",\"position\":1,\"name\":\"Portada\",\"item\":\"https:\/\/naturcesped.com\/es\/\"},{\"@type\":\"ListItem\",\"position\":2,\"name\":\"C\u00e9sped artificial a medida Palam\u00f3s\"}]},{\"@type\":\"WebSite\",\"@id\":\"https:\/\/naturcesped.com\/es\/#website\",\"url\":\"https:\/\/naturcesped.com\/es\/\",\"name\":\"NaturC\u00e9sped\",\"description\":\"C\u00e9sped artificial en Girona\",\"potentialAction\":[{\"@type\":\"SearchAction\",\"target\":{\"@type\":\"EntryPoint\",\"urlTemplate\":\"https:\/\/naturcesped.com\/es\/?s={search_term_string}\"},\"query-input\":{\"@type\":\"PropertyValueSpecification\",\"valueRequired\":true,\"valueName\":\"search_term_string\"}}],\"inLanguage\":\"es\"}]}<\/script>\n<!-- \/ Yoast SEO plugin. -->","yoast_head_json":{"title":"C\u00e9sped artificial a medida Palam\u00f3s - NaturC\u00e9sped","robots":{"index":"index","follow":"follow","max-snippet":"max-snippet:-1","max-image-preview":"max-image-preview:large","max-video-preview":"max-video-preview:-1"},"canonical":"https:\/\/naturcesped.com\/es\/cesped-artificial-a-medida-palamos\/","og_locale":"es_ES","og_type":"article","og_title":"C\u00e9sped artificial a medida Palam\u00f3s - NaturC\u00e9sped","og_description":"[vc_row gap=\u00bb35&#8243;][vc_column width=\u00bb2\/3&#8243;][vc_single_image image=\u00bb424&#8243;][vc_column_text] El c\u00e9sped artificial es la pieza del rompecabezas que no sab\u00edas que faltaba en tu hogar en Palam\u00f3s. Todas esas horas perdidas trabajando en el jard\u00edn ser\u00e1n cosa del pasado y tendr\u00e1 m\u00e1s tiempo libre para disfrutar de su jard\u00edn con su familia y amigos. El c\u00e9sped artificial a medida en Palam\u00f3s es una opci\u00f3n c\u00f3modaRead more","og_url":"https:\/\/naturcesped.com\/es\/cesped-artificial-a-medida-palamos\/","og_site_name":"NaturC\u00e9sped","article_modified_time":"2023-12-19T10:49:45+00:00","twitter_card":"summary_large_image","twitter_misc":{"Tiempo de lectura":"3 minutos"},"schema":{"@context":"https:\/\/schema.org","@graph":[{"@type":"WebPage","@id":"https:\/\/naturcesped.com\/es\/cesped-artificial-a-medida-palamos\/","url":"https:\/\/naturcesped.com\/es\/cesped-artificial-a-medida-palamos\/","name":"C\u00e9sped artificial a medida Palam\u00f3s - NaturC\u00e9sped","isPartOf":{"@id":"https:\/\/naturcesped.com\/es\/#website"},"datePublished":"2023-03-14T10:57:13+00:00","dateModified":"2023-12-19T10:49:45+00:00","breadcrumb":{"@id":"https:\/\/naturcesped.com\/es\/cesped-artificial-a-medida-palamos\/#breadcrumb"},"inLanguage":"es","potentialAction":[{"@type":"ReadAction","target":["https:\/\/naturcesped.com\/es\/cesped-artificial-a-medida-palamos\/"]}]},{"@type":"BreadcrumbList","@id":"https:\/\/naturcesped.com\/es\/cesped-artificial-a-medida-palamos\/#breadcrumb","itemListElement":[{"@type":"ListItem","position":1,"name":"Portada","item":"https:\/\/naturcesped.com\/es\/"},{"@type":"ListItem","position":2,"name":"C\u00e9sped artificial a medida Palam\u00f3s"}]},{"@type":"WebSite","@id":"https:\/\/naturcesped.com\/es\/#website","url":"https:\/\/naturcesped.com\/es\/","name":"NaturC\u00e9sped","description":"C\u00e9sped artificial en Girona","potentialAction":[{"@type":"SearchAction","target":{"@type":"EntryPoint","urlTemplate":"https:\/\/naturcesped.com\/es\/?s={search_term_string}"},"query-input":{"@type":"PropertyValueSpecification","valueRequired":true,"valueName":"search_term_string"}}],"inLanguage":"es"}]}},"_links":{"self":[{"href":"https:\/\/naturcesped.com\/es\/wp-json\/wp\/v2\/pages\/1367","targetHints":{"allow":["GET"]}}],"collection":[{"href":"https:\/\/naturcesped.com\/es\/wp-json\/wp\/v2\/pages"}],"about":[{"href":"https:\/\/naturcesped.com\/es\/wp-json\/wp\/v2\/types\/page"}],"author":[{"embeddable":true,"href":"https:\/\/naturcesped.com\/es\/wp-json\/wp\/v2\/users\/1"}],"replies":[{"embeddable":true,"href":"https:\/\/naturcesped.com\/es\/wp-json\/wp\/v2\/comments?post=1367"}],"version-history":[{"count":0,"href":"https:\/\/naturcesped.com\/es\/wp-json\/wp\/v2\/pages\/1367\/revisions"}],"wp:attachment":[{"href":"https:\/\/naturcesped.com\/es\/wp-json\/wp\/v2\/media?parent=1367"}],"curies":[{"name":"wp","href":"https:\/\/api.w.org\/{rel}","templated":true}]}}