{"id":1363,"date":"2023-03-13T10:42:23","date_gmt":"2023-03-13T10:42:23","guid":{"rendered":"https:\/\/naturcesped.com\/?page_id=1363"},"modified":"2023-12-19T10:52:07","modified_gmt":"2023-12-19T10:52:07","slug":"cesped-artificial-a-medida-peratallada","status":"publish","type":"page","link":"https:\/\/naturcesped.com\/es\/cesped-artificial-a-medida-peratallada\/","title":{"rendered":"C\u00e9sped artificial a medida Peratallada"},"content":{"rendered":"<div class=\"wpb-content-wrapper\"><p>[vc_row gap=\u00bb35&#8243;][vc_column width=\u00bb2\/3&#8243;][vc_single_image image=\u00bb424&#8243;][vc_column_text]<\/p>\n<p style=\"text-align: justify;\">M\u00e1s personas que nunca est\u00e1n optando por nuestras superficies resistentes a todo clima y de bajo mantenimiento para sus espacios de jard\u00edn en Peratallada, debido a los muchos beneficios que ofrece el c\u00e9sped artificial en comparaci\u00f3n con el c\u00e9sped natural.<\/p>\n<p style=\"text-align: justify;\">Los patrones clim\u00e1ticos cada vez m\u00e1s impredecibles y extremos han llevado a muchos a buscar alternativas m\u00e1s s\u00f3lidas, eficientes y con menor mantenimiento. El <strong>c\u00e9sped artificial a medida en Peratallada<\/strong> de calidad y ultrarrealista es extremadamente vers\u00e1til y mejorar\u00e1 el aspecto de cualquier tama\u00f1o de espacio, incluidas las \u00e1reas sombreadas donde el c\u00e9sped real lucha por prosperar o crecer. Esto incluye balcones, terrazas, \u00e1reas de piscina e incluso \u00e1reas interiores.<\/p>\n<p style=\"text-align: justify;\">Los beneficios del <strong>c\u00e9sped artificial a medida en Peratallada<\/strong> son numerosos e incluyen:<\/p>\n<p style=\"text-align: justify;\">Sin apenas mantenimiento: el mayor atractivo del <strong>c\u00e9sped artificial a medida en Peratallada<\/strong> es que sus necesidades de mantenimiento son muy pocas. Mientras que un c\u00e9sped natural requiere mucho corte y cuidado para mantener su belleza, el <strong>c\u00e9sped artificial a medida en Peratallada<\/strong> no requiere nada de esto, lo que le brinda m\u00e1s tiempo libre para disfrutar de su jard\u00edn en lugar de cuidarlo. Todo lo que se requiere es una sesi\u00f3n de mantenimiento anual y una manguera ocasional si tiene mascotas.<\/p>\n<p>[\/vc_column_text][vc_row_inner][vc_column_inner width=\u00bb1\/3&#8243;][\/vc_column_inner][vc_column_inner width=\u00bb1\/3&#8243;]<a\thref=\"https:\/\/naturcesped.com\/es\/contacto\/\" \n\t\t\t\tclass=\"button btn_large btn_theme_color btn_rounded btn_normal_style    \"  target='_self'><span>CONTACTA CON NOSOTROS<\/span><\/a>[\/vc_column_inner][vc_column_inner width=\u00bb1\/3&#8243;][\/vc_column_inner][\/vc_row_inner][vc_column_text]<\/p>\n<p style=\"text-align: justify;\">Sin charcos ni parches: El clima h\u00famedo y los a\u00f1os de uso pueden provocar la formaci\u00f3n de charcos y parches en un jard\u00edn natural, lo que estropea la apariencia con el tiempo. Elude un c\u00e9sped desordenado y antiest\u00e9tico con una alternativa de <strong>c\u00e9sped artificial a medida en Peratallada<\/strong> que sigue luciendo hermoso sin importar lo que los elementos le arrojen. Esto es gracias a su dise\u00f1o robusto y fibras sint\u00e9ticas que son mucho m\u00e1s resistentes que el c\u00e9sped natural.<\/p>\n<p style=\"text-align: justify;\">Ahorre dinero en fertilizantes y pesticidas: las plagas no ser\u00e1n un problema en su nuevo <strong>c\u00e9sped artificial a medida en Peratallada<\/strong> y tampoco tendr\u00e1 que preocuparse por estimular el crecimiento del c\u00e9sped con fertilizantes. De hecho, los productos qu\u00edmicos ser\u00e1n cosa del pasado, lo que no solo le permitir\u00e1 ahorrar dinero, sino que tambi\u00e9n ser\u00e1 m\u00e1s respetuoso con el medio ambiente.<\/p>\n<p style=\"text-align: justify;\">Se ve deslumbrante todo el a\u00f1o: la calidad de un c\u00e9sped natural puede variar dependiendo de la temporada, mientras que un <strong>c\u00e9sped artificial a medida en Peratallada<\/strong> se ver\u00e1 deslumbrante en cualquier estaci\u00f3n.<\/p>\n<p style=\"text-align: justify;\">Por lo tanto, retire su cortadora de c\u00e9sped y olv\u00eddese del barro, el desorden, el riego y la maleza. Es hora de relajarse y disfrutar de los beneficios del <strong>c\u00e9sped artificial a medida en Peratallada<\/strong> en su nuevo espacio al aire libre. P\u00f3ngase en contacto con nuestro equipo de atenci\u00f3n al cliente para obtener m\u00e1s informaci\u00f3n sobre las ventajas del <strong>c\u00e9sped artificial a medida en Peratallada<\/strong>.<\/p>\n<p>[\/vc_column_text][\/vc_column][vc_column width=\u00bb1\/3&#8243;][vc_column_text]<\/p>\n<h2 style=\"text-align: center;\">Cont\u00e1ctanos para m\u00e1s informaci\u00f3n<\/h2>\n<p>[\/vc_column_text]<div class=\"boc_divider_holder\"><div class=\"boc_divider  \"  style=\"margin-top: 20px;margin-bottom: 20px;height: 1px;background: #eeeeee;\"><\/div><\/div>\n<div class=\"wpcf7 no-js\" id=\"wpcf7-f202-o1\" lang=\"es-ES\" dir=\"ltr\" data-wpcf7-id=\"202\">\n<div class=\"screen-reader-response\"><p role=\"status\" aria-live=\"polite\" aria-atomic=\"true\"><\/p> <ul><\/ul><\/div>\n<form action=\"\/es\/wp-json\/wp\/v2\/pages\/1363#wpcf7-f202-o1\" method=\"post\" class=\"wpcf7-form init\" aria-label=\"Formulario de contacto\" novalidate=\"novalidate\" data-status=\"init\">\n<fieldset class=\"hidden-fields-container\"><input type=\"hidden\" name=\"_wpcf7\" value=\"202\" \/><input type=\"hidden\" name=\"_wpcf7_version\" value=\"6.1.3\" \/><input type=\"hidden\" name=\"_wpcf7_locale\" value=\"es_ES\" \/><input type=\"hidden\" name=\"_wpcf7_unit_tag\" value=\"wpcf7-f202-o1\" \/><input type=\"hidden\" name=\"_wpcf7_container_post\" value=\"0\" \/><input type=\"hidden\" name=\"_wpcf7_posted_data_hash\" value=\"\" \/><input type=\"hidden\" name=\"_wpcf7_recaptcha_response\" value=\"\" \/>\n<\/fieldset>\n<p><label> Nombre y apellidos *<br \/>\n<span class=\"wpcf7-form-control-wrap\" data-name=\"your-name\"><input size=\"40\" maxlength=\"400\" class=\"wpcf7-form-control wpcf7-text wpcf7-validates-as-required\" aria-required=\"true\" aria-invalid=\"false\" value=\"\" type=\"text\" name=\"your-name\" \/><\/span> <\/label>\n<\/p>\n<p><label> Tel\u00e9fono *<br \/>\n<span class=\"wpcf7-form-control-wrap\" data-name=\"your-phone\"><input size=\"40\" maxlength=\"400\" class=\"wpcf7-form-control wpcf7-text wpcf7-validates-as-required\" aria-required=\"true\" aria-invalid=\"false\" value=\"\" type=\"text\" name=\"your-phone\" \/><\/span> <\/label>\n<\/p>\n<p><label> Correo electr\u00f3nico *<br \/>\n<span class=\"wpcf7-form-control-wrap\" data-name=\"your-email\"><input size=\"40\" maxlength=\"400\" class=\"wpcf7-form-control wpcf7-email wpcf7-validates-as-required wpcf7-text wpcf7-validates-as-email\" aria-required=\"true\" aria-invalid=\"false\" value=\"\" type=\"email\" name=\"your-email\" \/><\/span> <\/label>\n<\/p>\n<p><label> Municipio *<br \/>\n<span class=\"wpcf7-form-control-wrap\" data-name=\"your-town\"><input size=\"40\" maxlength=\"400\" class=\"wpcf7-form-control wpcf7-text wpcf7-validates-as-required\" aria-required=\"true\" aria-invalid=\"false\" value=\"\" type=\"text\" name=\"your-town\" \/><\/span> <\/label>\n<\/p>\n<p><label> Cantidad de m\u00b2<br \/>\n<span class=\"wpcf7-form-control-wrap\" data-name=\"your-meters\"><input size=\"40\" maxlength=\"400\" class=\"wpcf7-form-control wpcf7-text\" aria-invalid=\"false\" value=\"\" type=\"text\" name=\"your-meters\" \/><\/span> <\/label>\n<\/p>\n<p><label> Terreno actual *<br \/>\n<span class=\"wpcf7-form-control-wrap\" data-name=\"radio-509\"><span class=\"wpcf7-form-control wpcf7-radio\"><span class=\"wpcf7-list-item first\"><label><input type=\"radio\" name=\"radio-509\" value=\"Tierra\" checked=\"checked\" \/><span class=\"wpcf7-list-item-label\">Tierra<\/span><\/label><\/span><span class=\"wpcf7-list-item\"><label><input type=\"radio\" name=\"radio-509\" value=\"C\u00e9sped natural\" \/><span class=\"wpcf7-list-item-label\">C\u00e9sped natural<\/span><\/label><\/span><span class=\"wpcf7-list-item\"><label><input type=\"radio\" name=\"radio-509\" value=\"Pavimento\" \/><span class=\"wpcf7-list-item-label\">Pavimento<\/span><\/label><\/span><span class=\"wpcf7-list-item last\"><label><input type=\"radio\" name=\"radio-509\" value=\"C\u00e9sped artificial\" \/><span class=\"wpcf7-list-item-label\">C\u00e9sped artificial<\/span><\/label><\/span><\/span><\/span> <\/label>\n<\/p>\n<p><label> Mensaje *<br \/>\n<span class=\"wpcf7-form-control-wrap\" data-name=\"your-message\"><textarea cols=\"40\" rows=\"3\" maxlength=\"2000\" class=\"wpcf7-form-control wpcf7-textarea wpcf7-validates-as-required\" aria-required=\"true\" aria-invalid=\"false\" name=\"your-message\"><\/textarea><\/span> <\/label>\n<\/p>\n<p style=\"font-weight: lighter; font-size:12px;\">Informaci\u00f3n b\u00e1sica sobre el tratamiento de datos (Reglamento (UE) 2016\/679 y LO 3\/2018)<br \/>\nResponsable del tratamiento: Naturcesped C\u00e9sped Artificial, SL.\n<\/p>\n<p style=\"font-weight: lighter; font-size:12px;\">Finalidad: Ofrecer, prestar y facturar nuestros servicios y productos.\n<\/p>\n<p style=\"font-weight: lighter; font-size:12px;\">Legitimaci\u00f3n: Consentimiento del interesado.\n<\/p>\n<p style=\"font-weight: lighter; font-size:12px;\">Destinatarios: Los datos no se ceder\u00e1n a terceros, a menos que lo exija una ley o sea necesario para cumplir con la finalidad del tratamiento.\n<\/p>\n<p style=\"font-weight: lighter; font-size:12px;\">Derechos: Acceder, rectificar y suprimir datos, as\u00ed como el resto que se explican en la pol\u00edtica de protecci\u00f3n de datos.\n<\/p>\n<p style=\"font-weight: lighter; font-size:12px;\">M\u00e1s informaci\u00f3n en nuestra pol\u00edtica de protecci\u00f3n de datos.\n<\/p>\n<p><input class=\"wpcf7-form-control wpcf7-submit has-spinner\" type=\"submit\" value=\"Enviar\" \/>\n<\/p><div class=\"wpcf7-response-output\" aria-hidden=\"true\"><\/div>\n<\/form>\n<\/div>\n[\/vc_column][\/vc_row]<\/p>\n<\/div>","protected":false},"excerpt":{"rendered":"<p>[vc_row gap=\u00bb35&#8243;][vc_column width=\u00bb2\/3&#8243;][vc_single_image image=\u00bb424&#8243;][vc_column_text] M\u00e1s personas que nunca est\u00e1n optando por nuestras superficies resistentes a todo clima y de bajo mantenimiento para sus espacios de jard\u00edn en Peratallada, debido a los muchos beneficios que ofrece el c\u00e9sped artificial en comparaci\u00f3n con el c\u00e9sped natural. Los patrones clim\u00e1ticos cada vez m\u00e1s impredecibles y extremos han llevado a muchos a buscar alternativas<\/p>\n<div class=\"h10\"><\/div>\n<p><a class=\"more-link1\" href=\"https:\/\/naturcesped.com\/es\/cesped-artificial-a-medida-peratallada\/\">Read more<\/a><\/p>\n","protected":false},"author":1,"featured_media":0,"parent":0,"menu_order":0,"comment_status":"closed","ping_status":"closed","template":"","meta":{"footnotes":""},"class_list":["post-1363","page","type-page","status-publish","hentry"],"yoast_head":"<!-- This site is optimized with the Yoast SEO plugin v26.3 - https:\/\/yoast.com\/wordpress\/plugins\/seo\/ -->\n<title>C\u00e9sped artificial a medida Peratallada - NaturC\u00e9sped<\/title>\n<meta name=\"robots\" content=\"index, follow, max-snippet:-1, max-image-preview:large, max-video-preview:-1\" \/>\n<link rel=\"canonical\" href=\"https:\/\/naturcesped.com\/es\/cesped-artificial-a-medida-peratallada\/\" \/>\n<meta property=\"og:locale\" content=\"es_ES\" \/>\n<meta property=\"og:type\" content=\"article\" \/>\n<meta property=\"og:title\" content=\"C\u00e9sped artificial a medida Peratallada - NaturC\u00e9sped\" \/>\n<meta property=\"og:description\" content=\"[vc_row gap=\u00bb35&#8243;][vc_column width=\u00bb2\/3&#8243;][vc_single_image image=\u00bb424&#8243;][vc_column_text] M\u00e1s personas que nunca est\u00e1n optando por nuestras superficies resistentes a todo clima y de bajo mantenimiento para sus espacios de jard\u00edn en Peratallada, debido a los muchos beneficios que ofrece el c\u00e9sped artificial en comparaci\u00f3n con el c\u00e9sped natural. Los patrones clim\u00e1ticos cada vez m\u00e1s impredecibles y extremos han llevado a muchos a buscar alternativasRead more\" \/>\n<meta property=\"og:url\" content=\"https:\/\/naturcesped.com\/es\/cesped-artificial-a-medida-peratallada\/\" \/>\n<meta property=\"og:site_name\" content=\"NaturC\u00e9sped\" \/>\n<meta property=\"article:modified_time\" content=\"2023-12-19T10:52:07+00:00\" \/>\n<meta name=\"twitter:card\" content=\"summary_large_image\" \/>\n<meta name=\"twitter:label1\" content=\"Tiempo de lectura\" \/>\n\t<meta name=\"twitter:data1\" content=\"3 minutos\" \/>\n<script type=\"application\/ld+json\" class=\"yoast-schema-graph\">{\"@context\":\"https:\/\/schema.org\",\"@graph\":[{\"@type\":\"WebPage\",\"@id\":\"https:\/\/naturcesped.com\/es\/cesped-artificial-a-medida-peratallada\/\",\"url\":\"https:\/\/naturcesped.com\/es\/cesped-artificial-a-medida-peratallada\/\",\"name\":\"C\u00e9sped artificial a medida Peratallada - NaturC\u00e9sped\",\"isPartOf\":{\"@id\":\"https:\/\/naturcesped.com\/es\/#website\"},\"datePublished\":\"2023-03-13T10:42:23+00:00\",\"dateModified\":\"2023-12-19T10:52:07+00:00\",\"breadcrumb\":{\"@id\":\"https:\/\/naturcesped.com\/es\/cesped-artificial-a-medida-peratallada\/#breadcrumb\"},\"inLanguage\":\"es\",\"potentialAction\":[{\"@type\":\"ReadAction\",\"target\":[\"https:\/\/naturcesped.com\/es\/cesped-artificial-a-medida-peratallada\/\"]}]},{\"@type\":\"BreadcrumbList\",\"@id\":\"https:\/\/naturcesped.com\/es\/cesped-artificial-a-medida-peratallada\/#breadcrumb\",\"itemListElement\":[{\"@type\":\"ListItem\",\"position\":1,\"name\":\"Portada\",\"item\":\"https:\/\/naturcesped.com\/es\/\"},{\"@type\":\"ListItem\",\"position\":2,\"name\":\"C\u00e9sped artificial a medida Peratallada\"}]},{\"@type\":\"WebSite\",\"@id\":\"https:\/\/naturcesped.com\/es\/#website\",\"url\":\"https:\/\/naturcesped.com\/es\/\",\"name\":\"NaturC\u00e9sped\",\"description\":\"C\u00e9sped artificial en Girona\",\"potentialAction\":[{\"@type\":\"SearchAction\",\"target\":{\"@type\":\"EntryPoint\",\"urlTemplate\":\"https:\/\/naturcesped.com\/es\/?s={search_term_string}\"},\"query-input\":{\"@type\":\"PropertyValueSpecification\",\"valueRequired\":true,\"valueName\":\"search_term_string\"}}],\"inLanguage\":\"es\"}]}<\/script>\n<!-- \/ Yoast SEO plugin. -->","yoast_head_json":{"title":"C\u00e9sped artificial a medida Peratallada - NaturC\u00e9sped","robots":{"index":"index","follow":"follow","max-snippet":"max-snippet:-1","max-image-preview":"max-image-preview:large","max-video-preview":"max-video-preview:-1"},"canonical":"https:\/\/naturcesped.com\/es\/cesped-artificial-a-medida-peratallada\/","og_locale":"es_ES","og_type":"article","og_title":"C\u00e9sped artificial a medida Peratallada - NaturC\u00e9sped","og_description":"[vc_row gap=\u00bb35&#8243;][vc_column width=\u00bb2\/3&#8243;][vc_single_image image=\u00bb424&#8243;][vc_column_text] M\u00e1s personas que nunca est\u00e1n optando por nuestras superficies resistentes a todo clima y de bajo mantenimiento para sus espacios de jard\u00edn en Peratallada, debido a los muchos beneficios que ofrece el c\u00e9sped artificial en comparaci\u00f3n con el c\u00e9sped natural. Los patrones clim\u00e1ticos cada vez m\u00e1s impredecibles y extremos han llevado a muchos a buscar alternativasRead more","og_url":"https:\/\/naturcesped.com\/es\/cesped-artificial-a-medida-peratallada\/","og_site_name":"NaturC\u00e9sped","article_modified_time":"2023-12-19T10:52:07+00:00","twitter_card":"summary_large_image","twitter_misc":{"Tiempo de lectura":"3 minutos"},"schema":{"@context":"https:\/\/schema.org","@graph":[{"@type":"WebPage","@id":"https:\/\/naturcesped.com\/es\/cesped-artificial-a-medida-peratallada\/","url":"https:\/\/naturcesped.com\/es\/cesped-artificial-a-medida-peratallada\/","name":"C\u00e9sped artificial a medida Peratallada - NaturC\u00e9sped","isPartOf":{"@id":"https:\/\/naturcesped.com\/es\/#website"},"datePublished":"2023-03-13T10:42:23+00:00","dateModified":"2023-12-19T10:52:07+00:00","breadcrumb":{"@id":"https:\/\/naturcesped.com\/es\/cesped-artificial-a-medida-peratallada\/#breadcrumb"},"inLanguage":"es","potentialAction":[{"@type":"ReadAction","target":["https:\/\/naturcesped.com\/es\/cesped-artificial-a-medida-peratallada\/"]}]},{"@type":"BreadcrumbList","@id":"https:\/\/naturcesped.com\/es\/cesped-artificial-a-medida-peratallada\/#breadcrumb","itemListElement":[{"@type":"ListItem","position":1,"name":"Portada","item":"https:\/\/naturcesped.com\/es\/"},{"@type":"ListItem","position":2,"name":"C\u00e9sped artificial a medida Peratallada"}]},{"@type":"WebSite","@id":"https:\/\/naturcesped.com\/es\/#website","url":"https:\/\/naturcesped.com\/es\/","name":"NaturC\u00e9sped","description":"C\u00e9sped artificial en Girona","potentialAction":[{"@type":"SearchAction","target":{"@type":"EntryPoint","urlTemplate":"https:\/\/naturcesped.com\/es\/?s={search_term_string}"},"query-input":{"@type":"PropertyValueSpecification","valueRequired":true,"valueName":"search_term_string"}}],"inLanguage":"es"}]}},"_links":{"self":[{"href":"https:\/\/naturcesped.com\/es\/wp-json\/wp\/v2\/pages\/1363","targetHints":{"allow":["GET"]}}],"collection":[{"href":"https:\/\/naturcesped.com\/es\/wp-json\/wp\/v2\/pages"}],"about":[{"href":"https:\/\/naturcesped.com\/es\/wp-json\/wp\/v2\/types\/page"}],"author":[{"embeddable":true,"href":"https:\/\/naturcesped.com\/es\/wp-json\/wp\/v2\/users\/1"}],"replies":[{"embeddable":true,"href":"https:\/\/naturcesped.com\/es\/wp-json\/wp\/v2\/comments?post=1363"}],"version-history":[{"count":0,"href":"https:\/\/naturcesped.com\/es\/wp-json\/wp\/v2\/pages\/1363\/revisions"}],"wp:attachment":[{"href":"https:\/\/naturcesped.com\/es\/wp-json\/wp\/v2\/media?parent=1363"}],"curies":[{"name":"wp","href":"https:\/\/api.w.org\/{rel}","templated":true}]}}