{"id":116,"date":"2022-09-30T11:10:16","date_gmt":"2022-09-30T11:10:16","guid":{"rendered":"https:\/\/naturcesped.com\/?page_id=116"},"modified":"2022-10-05T09:48:43","modified_gmt":"2022-10-05T09:48:43","slug":"ventajas","status":"publish","type":"page","link":"https:\/\/naturcesped.com\/es\/ventajas\/","title":{"rendered":"Ventajas"},"content":{"rendered":"<div class=\"wpb-content-wrapper\"><p>[vc_row][vc_column]<div class=\"boc_spacing \" style=\"height: 40px\"><\/div>[\/vc_column][\/vc_row][vc_row][vc_column][vc_raw_html]JTVCYnJlYWRjcnVtYiU1RA==[\/vc_raw_html][vc_column_text]<\/p>\n<h1 style=\"font-size: 26px; font-weight: bold;\">VENTAJAS<\/h1>\n<p>[\/vc_column_text][\/vc_column][\/vc_row][vc_row gap=\u00bb10&#8243;][vc_column width=\u00bb1\/2&#8243;][vc_column_text]<\/p>\n<h3 style=\"font-size: 20px; font-weight: bold;\"><strong>Notable ahorro de agua y con ello, en su factura<\/strong><\/h3>\n<p>El uso del c\u00e9sped artificial, en aquellos lugares donde la lluvia es escasa, contribuye notablemente al ahorro de agua y por supuesto, a la factura y el ahorro econ\u00f3mico.<\/p>\n<p>[\/vc_column_text][\/vc_column][vc_column width=\u00bb1\/2&#8243;][vc_column_text]<\/p>\n<h3 style=\"font-size: 20px; font-weight: bold;\"><strong>Su jard\u00edn siempre verde sin mantenimiento<\/strong><\/h3>\n<p>Nuestro c\u00e9sped artificial no sufre las amenazas climatol\u00f3gicas, sus fibras est\u00e1n protegidas contra los rayos UV, y que, junto a su acabado y sus 10 a\u00f1os de garant\u00eda, lo hacen especialmente inmune a la humedad y las temperaturas extremas.<\/p>\n<p>[\/vc_column_text][\/vc_column][\/vc_row][vc_row gap=\u00bb10&#8243;][vc_column width=\u00bb1\/2&#8243;][vc_column_text]<\/p>\n<h3 style=\"font-size: 20px; font-weight: bold;\"><strong>F\u00e1cil, c\u00f3moda y r\u00e1pida instalaci\u00f3n<\/strong><\/h3>\n<p>La instalaci\u00f3n de c\u00e9sped artificial es f\u00e1cil, siempre que disponga de una superficie adecuada.<\/p>\n<p>[\/vc_column_text][\/vc_column][vc_column width=\u00bb1\/2&#8243;][vc_column_text]<\/p>\n<h3 style=\"font-size: 20px; font-weight: bold;\"><strong>M\u00ednimo mantenimiento y cero complicaciones<\/strong><\/h3>\n<p>No tendr\u00e1 que regar, ni abonar, ni cortar, \u00fanicamente deber\u00e1 barrer en caso de residuos, con lo que siempre le asegurar\u00e1 un aspecto impecable y la rentabilidad de su inversi\u00f3n al m\u00e1ximo.<\/p>\n<p>[\/vc_column_text][\/vc_column][\/vc_row][vc_row gap=\u00bb10&#8243;][vc_column width=\u00bb1\/2&#8243;][vc_column_text]<\/p>\n<h3 style=\"font-size: 20px; font-weight: bold;\"><strong>No ensucia, ni tampoco se encharca<\/strong><\/h3>\n<p>El color aplicado en las fibras de c\u00e9sped artificial se ha fijado de forma que no dejar\u00e1 manchas y siempre se realizan peque\u00f1os agujeros de drenaje en su base para evitar los charcos.<\/p>\n<p>[\/vc_column_text][\/vc_column][vc_column width=\u00bb1\/2&#8243;][vc_column_text]<\/p>\n<h3 style=\"font-size: 20px; font-weight: bold;\"><strong>Seguro y respetuoso con el medioambiente<\/strong><\/h3>\n<p>Nuestro c\u00e9sped artificial de alta calidad es antial\u00e9rgico e ign\u00edfugo, con lo que no tendr\u00e1 que preocuparse por el disfrute de sus seres queridos, es 100% compatible con animales dom\u00e9sticos, solo necesita limpieza.<\/p>\n<p>[\/vc_column_text][vc_column_text][\/vc_column_text][\/vc_column][\/vc_row][vc_row gap=\u00bb10&#8243;][vc_column width=\u00bb1\/2&#8243;][vc_column_text]<\/p>\n<h3 style=\"font-size: 20px; font-weight: bold;\"><strong>Presenta siempre un aspecto totalmente real<\/strong><\/h3>\n<p>Dise\u00f1amos nuestros productos utilizando los materiales de m\u00e1xima calidad y que le proporcionan el mayor realismo y la m\u00e1s cuidada est\u00e9tica, porque que queremos diferenciarnos.<\/p>\n<p>[\/vc_column_text][\/vc_column][vc_column width=\u00bb1\/2&#8243;][vc_column_text]<\/p>\n<h3 style=\"font-size: 20px; font-weight: bold;\"><strong>Siempre dentro de la sostenibilidad y el reciclado<\/strong><\/h3>\n<p>Nuestro c\u00e9sped ha sido fabricado para consumir lo m\u00ednimo, generar cero residuos, minimizar el impacto medioambiental y siempre se podr\u00e1 reutilizar, incluso transformar en otros productos como macetas, accesorios de jardiner\u00eda, etc.<\/p>\n<p>[\/vc_column_text][\/vc_column][\/vc_row][vc_row][vc_column]<div class=\"boc_spacing \" style=\"height: 40px\"><\/div>[\/vc_column][\/vc_row]<\/p>\n<\/div>","protected":false},"excerpt":{"rendered":"<p>[vc_row][vc_column][\/vc_column][\/vc_row][vc_row][vc_column][vc_raw_html]JTVCYnJlYWRjcnVtYiU1RA==[\/vc_raw_html][vc_column_text] VENTAJAS [\/vc_column_text][\/vc_column][\/vc_row][vc_row gap=\u00bb10&#8243;][vc_column width=\u00bb1\/2&#8243;][vc_column_text] Notable ahorro de agua y con ello, en su factura El uso del c\u00e9sped artificial, en aquellos lugares donde la lluvia es escasa, contribuye notablemente al ahorro de agua y por supuesto, a la factura y el ahorro econ\u00f3mico. [\/vc_column_text][\/vc_column][vc_column width=\u00bb1\/2&#8243;][vc_column_text] Su jard\u00edn siempre verde sin mantenimiento Nuestro c\u00e9sped artificial no sufre las amenazas climatol\u00f3gicas,<\/p>\n<div class=\"h10\"><\/div>\n<p><a class=\"more-link1\" href=\"https:\/\/naturcesped.com\/es\/ventajas\/\">Read more<\/a><\/p>\n","protected":false},"author":1,"featured_media":0,"parent":0,"menu_order":0,"comment_status":"closed","ping_status":"closed","template":"","meta":{"footnotes":""},"class_list":["post-116","page","type-page","status-publish","hentry"],"yoast_head":"<!-- This site is optimized with the Yoast SEO plugin v26.3 - https:\/\/yoast.com\/wordpress\/plugins\/seo\/ -->\n<title>Ventajas - Naturcesped<\/title>\n<meta name=\"description\" content=\"Descubre todas las ventajas de instalar c\u00e9sped artificial de calidad en tu jard\u00edn o zona exterior. Te asesoramos en todo el proceso.\" \/>\n<meta name=\"robots\" content=\"index, follow, max-snippet:-1, max-image-preview:large, max-video-preview:-1\" \/>\n<link rel=\"canonical\" href=\"https:\/\/naturcesped.com\/es\/ventajas\/\" \/>\n<meta property=\"og:locale\" content=\"es_ES\" \/>\n<meta property=\"og:type\" content=\"article\" \/>\n<meta property=\"og:title\" content=\"Ventajas - Naturcesped\" \/>\n<meta property=\"og:description\" content=\"Descubre todas las ventajas de instalar c\u00e9sped artificial de calidad en tu jard\u00edn o zona exterior. Te asesoramos en todo el proceso.\" \/>\n<meta property=\"og:url\" content=\"https:\/\/naturcesped.com\/es\/ventajas\/\" \/>\n<meta property=\"og:site_name\" content=\"NaturC\u00e9sped\" \/>\n<meta property=\"article:modified_time\" content=\"2022-10-05T09:48:43+00:00\" \/>\n<meta name=\"twitter:card\" content=\"summary_large_image\" \/>\n<meta name=\"twitter:label1\" content=\"Tiempo de lectura\" \/>\n\t<meta name=\"twitter:data1\" content=\"2 minutos\" \/>\n<script type=\"application\/ld+json\" class=\"yoast-schema-graph\">{\"@context\":\"https:\/\/schema.org\",\"@graph\":[{\"@type\":\"WebPage\",\"@id\":\"https:\/\/naturcesped.com\/es\/ventajas\/\",\"url\":\"https:\/\/naturcesped.com\/es\/ventajas\/\",\"name\":\"Ventajas - Naturcesped\",\"isPartOf\":{\"@id\":\"https:\/\/naturcesped.com\/es\/#website\"},\"datePublished\":\"2022-09-30T11:10:16+00:00\",\"dateModified\":\"2022-10-05T09:48:43+00:00\",\"description\":\"Descubre todas las ventajas de instalar c\u00e9sped artificial de calidad en tu jard\u00edn o zona exterior. Te asesoramos en todo el proceso.\",\"breadcrumb\":{\"@id\":\"https:\/\/naturcesped.com\/es\/ventajas\/#breadcrumb\"},\"inLanguage\":\"es\",\"potentialAction\":[{\"@type\":\"ReadAction\",\"target\":[\"https:\/\/naturcesped.com\/es\/ventajas\/\"]}]},{\"@type\":\"BreadcrumbList\",\"@id\":\"https:\/\/naturcesped.com\/es\/ventajas\/#breadcrumb\",\"itemListElement\":[{\"@type\":\"ListItem\",\"position\":1,\"name\":\"Portada\",\"item\":\"https:\/\/naturcesped.com\/es\/\"},{\"@type\":\"ListItem\",\"position\":2,\"name\":\"Ventajas\"}]},{\"@type\":\"WebSite\",\"@id\":\"https:\/\/naturcesped.com\/es\/#website\",\"url\":\"https:\/\/naturcesped.com\/es\/\",\"name\":\"NaturC\u00e9sped\",\"description\":\"C\u00e9sped artificial en Girona\",\"potentialAction\":[{\"@type\":\"SearchAction\",\"target\":{\"@type\":\"EntryPoint\",\"urlTemplate\":\"https:\/\/naturcesped.com\/es\/?s={search_term_string}\"},\"query-input\":{\"@type\":\"PropertyValueSpecification\",\"valueRequired\":true,\"valueName\":\"search_term_string\"}}],\"inLanguage\":\"es\"}]}<\/script>\n<!-- \/ Yoast SEO plugin. -->","yoast_head_json":{"title":"Ventajas - Naturcesped","description":"Descubre todas las ventajas de instalar c\u00e9sped artificial de calidad en tu jard\u00edn o zona exterior. Te asesoramos en todo el proceso.","robots":{"index":"index","follow":"follow","max-snippet":"max-snippet:-1","max-image-preview":"max-image-preview:large","max-video-preview":"max-video-preview:-1"},"canonical":"https:\/\/naturcesped.com\/es\/ventajas\/","og_locale":"es_ES","og_type":"article","og_title":"Ventajas - Naturcesped","og_description":"Descubre todas las ventajas de instalar c\u00e9sped artificial de calidad en tu jard\u00edn o zona exterior. Te asesoramos en todo el proceso.","og_url":"https:\/\/naturcesped.com\/es\/ventajas\/","og_site_name":"NaturC\u00e9sped","article_modified_time":"2022-10-05T09:48:43+00:00","twitter_card":"summary_large_image","twitter_misc":{"Tiempo de lectura":"2 minutos"},"schema":{"@context":"https:\/\/schema.org","@graph":[{"@type":"WebPage","@id":"https:\/\/naturcesped.com\/es\/ventajas\/","url":"https:\/\/naturcesped.com\/es\/ventajas\/","name":"Ventajas - Naturcesped","isPartOf":{"@id":"https:\/\/naturcesped.com\/es\/#website"},"datePublished":"2022-09-30T11:10:16+00:00","dateModified":"2022-10-05T09:48:43+00:00","description":"Descubre todas las ventajas de instalar c\u00e9sped artificial de calidad en tu jard\u00edn o zona exterior. Te asesoramos en todo el proceso.","breadcrumb":{"@id":"https:\/\/naturcesped.com\/es\/ventajas\/#breadcrumb"},"inLanguage":"es","potentialAction":[{"@type":"ReadAction","target":["https:\/\/naturcesped.com\/es\/ventajas\/"]}]},{"@type":"BreadcrumbList","@id":"https:\/\/naturcesped.com\/es\/ventajas\/#breadcrumb","itemListElement":[{"@type":"ListItem","position":1,"name":"Portada","item":"https:\/\/naturcesped.com\/es\/"},{"@type":"ListItem","position":2,"name":"Ventajas"}]},{"@type":"WebSite","@id":"https:\/\/naturcesped.com\/es\/#website","url":"https:\/\/naturcesped.com\/es\/","name":"NaturC\u00e9sped","description":"C\u00e9sped artificial en Girona","potentialAction":[{"@type":"SearchAction","target":{"@type":"EntryPoint","urlTemplate":"https:\/\/naturcesped.com\/es\/?s={search_term_string}"},"query-input":{"@type":"PropertyValueSpecification","valueRequired":true,"valueName":"search_term_string"}}],"inLanguage":"es"}]}},"_links":{"self":[{"href":"https:\/\/naturcesped.com\/es\/wp-json\/wp\/v2\/pages\/116","targetHints":{"allow":["GET"]}}],"collection":[{"href":"https:\/\/naturcesped.com\/es\/wp-json\/wp\/v2\/pages"}],"about":[{"href":"https:\/\/naturcesped.com\/es\/wp-json\/wp\/v2\/types\/page"}],"author":[{"embeddable":true,"href":"https:\/\/naturcesped.com\/es\/wp-json\/wp\/v2\/users\/1"}],"replies":[{"embeddable":true,"href":"https:\/\/naturcesped.com\/es\/wp-json\/wp\/v2\/comments?post=116"}],"version-history":[{"count":0,"href":"https:\/\/naturcesped.com\/es\/wp-json\/wp\/v2\/pages\/116\/revisions"}],"wp:attachment":[{"href":"https:\/\/naturcesped.com\/es\/wp-json\/wp\/v2\/media?parent=116"}],"curies":[{"name":"wp","href":"https:\/\/api.w.org\/{rel}","templated":true}]}}