{"id":1149,"date":"2023-01-25T08:03:07","date_gmt":"2023-01-25T08:03:07","guid":{"rendered":"https:\/\/naturcesped.com\/?page_id=1149"},"modified":"2023-12-19T10:38:49","modified_gmt":"2023-12-19T10:38:49","slug":"cesped-artificial-a-medida-en-sabadell","status":"publish","type":"page","link":"https:\/\/naturcesped.com\/es\/cesped-artificial-a-medida-en-sabadell\/","title":{"rendered":"C\u00e9sped artificial a medida en Sabadell"},"content":{"rendered":"<div class=\"wpb-content-wrapper\"><p>[vc_row gap=\u00bb35&#8243;][vc_column width=\u00bb2\/3&#8243;][vc_single_image image=\u00bb424&#8243;][vc_column_text]<\/p>\n<p style=\"text-align: justify;\">El <strong>c\u00e9sped artificial a medida en Sabadell<\/strong> est\u00e1 siendo un producto cada vez m\u00e1s utilizado en diferentes sitios. Principalmente, este c\u00e9sped se usa en jardines e incluso en el interior de la vivienda. Aparte, tambi\u00e9n lo podemos encontrar en restaurantes, bares musicales y terrazas. Esto es debido a que el <strong>c\u00e9sped artificial a medida en Sabadell<\/strong> lo podemos encontrar en diferentes colores, no \u00fanicamente en verde. Este c\u00e9sped lo podemos encontrar en color plata, rojo o naranja y normalmente se utiliza para la decoraci\u00f3n de locales, como hemos comentado antes, en restaurantes, bares musicales, etc.<\/p>\n<p style=\"text-align: justify;\">Seguidamente, dentro del <strong>c\u00e9sped artificial a medida en Sabadell<\/strong>, podemos encontrar c\u00e9sped artificial que est\u00e1 enfocado en el deporte, existen diferentes tipos de c\u00e9sped artificial, seg\u00fan el deporte que hagamos. Como podr\u00eda ser rugby, f\u00fatbol, tenis, p\u00e1del, etc. Este c\u00e9sped artificial es un c\u00e9sped ideal para el paisajismo de nuestro jard\u00edn, ya que simularemos perfectamente un c\u00e9sped natural y aparte no tendremos que hacer apenas ning\u00fan tipo de mantenimiento. Este c\u00e9sped, al ser artificial, no crece y no debe tener un riego constante, es decir, que ahorraremos en agua. Aparte, tampoco necesita productos qu\u00edmicos para su mantenimiento. El c\u00e9sped artificial es un c\u00e9sped mucho m\u00e1s sostenible, ya que como hemos comentado antes, no necesita un riego y tampoco productos qu\u00edmicos.<\/p>\n<p>[\/vc_column_text][vc_row_inner][vc_column_inner width=\u00bb1\/3&#8243;][\/vc_column_inner][vc_column_inner width=\u00bb1\/3&#8243;]<a\thref=\"https:\/\/naturcesped.com\/es\/contacto\/\" \n\t\t\t\tclass=\"button btn_large btn_theme_color btn_rounded btn_normal_style    \"  target='_self'><span>CONTACTA CON NOSOTROS<\/span><\/a>[\/vc_column_inner][vc_column_inner width=\u00bb1\/3&#8243;][\/vc_column_inner][\/vc_row_inner][vc_column_text]<\/p>\n<p style=\"text-align: justify;\">Es importante saber que el <strong>c\u00e9sped <\/strong><strong>artificial a medida en Sabadell<\/strong>, es un c\u00e9sped totalmente ign\u00edfugo, es decir, no tendremos que preocuparnos por si tenemos una barbacoa en nuestro jard\u00edn o si somos personas fumadoras, puesto que, nuestro c\u00e9sped no prendera. \u00danicamente, en el caso de que tengamos una piscina de cloro alrededor de donde queremos instalar el c\u00e9sped artificial, deberemos escoger el c\u00e9sped anticloro, ya que si no, nuestro c\u00e9sped podr\u00eda da\u00f1arse. Tambi\u00e9n, en el caso de que queramos llenar todo nuestro jard\u00edn de c\u00e9sped artificial, se realizar\u00eda un presupuesto antes, de esta manera nos podemos orientar perfectamente del gasto que va a suponer instalar el c\u00e9sped, debemos saber que un presupuesto es una orientaci\u00f3n y puede variar, seg\u00fan el trabajo que lleve hacer la instalaci\u00f3n.<\/p>\n<p style=\"text-align: justify;\">En Naturcesped contamos con un gran equipo de profesionales y contamos con una gran experiencia en el sector. Trabajamos con los mejores materiales, productos y herramientas para poder ofrecer un servicio de buena calidad y de esta manera asegurarnos de que nuestro cliente estar\u00e1 completamente satisfecho con el trabajo efectuado.<\/p>\n<p style=\"text-align: justify;\">Si tiene pensado instalar <strong>c\u00e9sped artificial a medida en Sabadell<\/strong>, es el momento de ponerse en contacto con nosotros. En Naturcesped le atender\u00e1 un profesional encantado de poderle ayudar y asesorar en cualquier cosa que necesite. Estaremos encantados de poder ofrecer un servicio de buena calidad, y poder llevar a cabo la instalaci\u00f3n del c\u00e9sped artificial.<\/p>\n<p>[\/vc_column_text][\/vc_column][vc_column width=\u00bb1\/3&#8243;][vc_column_text]<\/p>\n<h2 style=\"text-align: center;\">Cont\u00e1ctanos para m\u00e1s informaci\u00f3n<\/h2>\n<p>[\/vc_column_text]<div class=\"boc_divider_holder\"><div class=\"boc_divider  \"  style=\"margin-top: 20px;margin-bottom: 20px;height: 1px;background: #eeeeee;\"><\/div><\/div>\n<div class=\"wpcf7 no-js\" id=\"wpcf7-f202-o1\" lang=\"es-ES\" dir=\"ltr\" data-wpcf7-id=\"202\">\n<div class=\"screen-reader-response\"><p role=\"status\" aria-live=\"polite\" aria-atomic=\"true\"><\/p> <ul><\/ul><\/div>\n<form action=\"\/es\/wp-json\/wp\/v2\/pages\/1149#wpcf7-f202-o1\" method=\"post\" class=\"wpcf7-form init\" aria-label=\"Formulario de contacto\" novalidate=\"novalidate\" data-status=\"init\">\n<fieldset class=\"hidden-fields-container\"><input type=\"hidden\" name=\"_wpcf7\" value=\"202\" \/><input type=\"hidden\" name=\"_wpcf7_version\" value=\"6.1.3\" \/><input type=\"hidden\" name=\"_wpcf7_locale\" value=\"es_ES\" \/><input type=\"hidden\" name=\"_wpcf7_unit_tag\" value=\"wpcf7-f202-o1\" \/><input type=\"hidden\" name=\"_wpcf7_container_post\" value=\"0\" \/><input type=\"hidden\" name=\"_wpcf7_posted_data_hash\" value=\"\" \/><input type=\"hidden\" name=\"_wpcf7_recaptcha_response\" value=\"\" \/>\n<\/fieldset>\n<p><label> Nombre y apellidos *<br \/>\n<span class=\"wpcf7-form-control-wrap\" data-name=\"your-name\"><input size=\"40\" maxlength=\"400\" class=\"wpcf7-form-control wpcf7-text wpcf7-validates-as-required\" aria-required=\"true\" aria-invalid=\"false\" value=\"\" type=\"text\" name=\"your-name\" \/><\/span> <\/label>\n<\/p>\n<p><label> Tel\u00e9fono *<br \/>\n<span class=\"wpcf7-form-control-wrap\" data-name=\"your-phone\"><input size=\"40\" maxlength=\"400\" class=\"wpcf7-form-control wpcf7-text wpcf7-validates-as-required\" aria-required=\"true\" aria-invalid=\"false\" value=\"\" type=\"text\" name=\"your-phone\" \/><\/span> <\/label>\n<\/p>\n<p><label> Correo electr\u00f3nico *<br \/>\n<span class=\"wpcf7-form-control-wrap\" data-name=\"your-email\"><input size=\"40\" maxlength=\"400\" class=\"wpcf7-form-control wpcf7-email wpcf7-validates-as-required wpcf7-text wpcf7-validates-as-email\" aria-required=\"true\" aria-invalid=\"false\" value=\"\" type=\"email\" name=\"your-email\" \/><\/span> <\/label>\n<\/p>\n<p><label> Municipio *<br \/>\n<span class=\"wpcf7-form-control-wrap\" data-name=\"your-town\"><input size=\"40\" maxlength=\"400\" class=\"wpcf7-form-control wpcf7-text wpcf7-validates-as-required\" aria-required=\"true\" aria-invalid=\"false\" value=\"\" type=\"text\" name=\"your-town\" \/><\/span> <\/label>\n<\/p>\n<p><label> Cantidad de m\u00b2<br \/>\n<span class=\"wpcf7-form-control-wrap\" data-name=\"your-meters\"><input size=\"40\" maxlength=\"400\" class=\"wpcf7-form-control wpcf7-text\" aria-invalid=\"false\" value=\"\" type=\"text\" name=\"your-meters\" \/><\/span> <\/label>\n<\/p>\n<p><label> Terreno actual *<br \/>\n<span class=\"wpcf7-form-control-wrap\" data-name=\"radio-509\"><span class=\"wpcf7-form-control wpcf7-radio\"><span class=\"wpcf7-list-item first\"><label><input type=\"radio\" name=\"radio-509\" value=\"Tierra\" checked=\"checked\" \/><span class=\"wpcf7-list-item-label\">Tierra<\/span><\/label><\/span><span class=\"wpcf7-list-item\"><label><input type=\"radio\" name=\"radio-509\" value=\"C\u00e9sped natural\" \/><span class=\"wpcf7-list-item-label\">C\u00e9sped natural<\/span><\/label><\/span><span class=\"wpcf7-list-item\"><label><input type=\"radio\" name=\"radio-509\" value=\"Pavimento\" \/><span class=\"wpcf7-list-item-label\">Pavimento<\/span><\/label><\/span><span class=\"wpcf7-list-item last\"><label><input type=\"radio\" name=\"radio-509\" value=\"C\u00e9sped artificial\" \/><span class=\"wpcf7-list-item-label\">C\u00e9sped artificial<\/span><\/label><\/span><\/span><\/span> <\/label>\n<\/p>\n<p><label> Mensaje *<br \/>\n<span class=\"wpcf7-form-control-wrap\" data-name=\"your-message\"><textarea cols=\"40\" rows=\"3\" maxlength=\"2000\" class=\"wpcf7-form-control wpcf7-textarea wpcf7-validates-as-required\" aria-required=\"true\" aria-invalid=\"false\" name=\"your-message\"><\/textarea><\/span> <\/label>\n<\/p>\n<p style=\"font-weight: lighter; font-size:12px;\">Informaci\u00f3n b\u00e1sica sobre el tratamiento de datos (Reglamento (UE) 2016\/679 y LO 3\/2018)<br \/>\nResponsable del tratamiento: Naturcesped C\u00e9sped Artificial, SL.\n<\/p>\n<p style=\"font-weight: lighter; font-size:12px;\">Finalidad: Ofrecer, prestar y facturar nuestros servicios y productos.\n<\/p>\n<p style=\"font-weight: lighter; font-size:12px;\">Legitimaci\u00f3n: Consentimiento del interesado.\n<\/p>\n<p style=\"font-weight: lighter; font-size:12px;\">Destinatarios: Los datos no se ceder\u00e1n a terceros, a menos que lo exija una ley o sea necesario para cumplir con la finalidad del tratamiento.\n<\/p>\n<p style=\"font-weight: lighter; font-size:12px;\">Derechos: Acceder, rectificar y suprimir datos, as\u00ed como el resto que se explican en la pol\u00edtica de protecci\u00f3n de datos.\n<\/p>\n<p style=\"font-weight: lighter; font-size:12px;\">M\u00e1s informaci\u00f3n en nuestra pol\u00edtica de protecci\u00f3n de datos.\n<\/p>\n<p><input class=\"wpcf7-form-control wpcf7-submit has-spinner\" type=\"submit\" value=\"Enviar\" \/>\n<\/p><div class=\"wpcf7-response-output\" aria-hidden=\"true\"><\/div>\n<\/form>\n<\/div>\n[\/vc_column][\/vc_row]<\/p>\n<\/div>","protected":false},"excerpt":{"rendered":"<p>[vc_row gap=\u00bb35&#8243;][vc_column width=\u00bb2\/3&#8243;][vc_single_image image=\u00bb424&#8243;][vc_column_text] El c\u00e9sped artificial a medida en Sabadell est\u00e1 siendo un producto cada vez m\u00e1s utilizado en diferentes sitios. Principalmente, este c\u00e9sped se usa en jardines e incluso en el interior de la vivienda. Aparte, tambi\u00e9n lo podemos encontrar en restaurantes, bares musicales y terrazas. Esto es debido a que el c\u00e9sped artificial a medida en Sabadell<\/p>\n<div class=\"h10\"><\/div>\n<p><a class=\"more-link1\" href=\"https:\/\/naturcesped.com\/es\/cesped-artificial-a-medida-en-sabadell\/\">Read more<\/a><\/p>\n","protected":false},"author":1,"featured_media":0,"parent":0,"menu_order":0,"comment_status":"closed","ping_status":"closed","template":"","meta":{"footnotes":""},"class_list":["post-1149","page","type-page","status-publish","hentry"],"yoast_head":"<!-- This site is optimized with the Yoast SEO plugin v26.3 - https:\/\/yoast.com\/wordpress\/plugins\/seo\/ -->\n<title>C\u00e9sped artificial a medida en Sabadell - NaturC\u00e9sped<\/title>\n<meta name=\"robots\" content=\"index, follow, max-snippet:-1, max-image-preview:large, max-video-preview:-1\" \/>\n<link rel=\"canonical\" href=\"https:\/\/naturcesped.com\/es\/cesped-artificial-a-medida-en-sabadell\/\" \/>\n<meta property=\"og:locale\" content=\"es_ES\" \/>\n<meta property=\"og:type\" content=\"article\" \/>\n<meta property=\"og:title\" content=\"C\u00e9sped artificial a medida en Sabadell - NaturC\u00e9sped\" \/>\n<meta property=\"og:description\" content=\"[vc_row gap=\u00bb35&#8243;][vc_column width=\u00bb2\/3&#8243;][vc_single_image image=\u00bb424&#8243;][vc_column_text] El c\u00e9sped artificial a medida en Sabadell est\u00e1 siendo un producto cada vez m\u00e1s utilizado en diferentes sitios. Principalmente, este c\u00e9sped se usa en jardines e incluso en el interior de la vivienda. Aparte, tambi\u00e9n lo podemos encontrar en restaurantes, bares musicales y terrazas. Esto es debido a que el c\u00e9sped artificial a medida en SabadellRead more\" \/>\n<meta property=\"og:url\" content=\"https:\/\/naturcesped.com\/es\/cesped-artificial-a-medida-en-sabadell\/\" \/>\n<meta property=\"og:site_name\" content=\"NaturC\u00e9sped\" \/>\n<meta property=\"article:modified_time\" content=\"2023-12-19T10:38:49+00:00\" \/>\n<meta name=\"twitter:card\" content=\"summary_large_image\" \/>\n<script type=\"application\/ld+json\" class=\"yoast-schema-graph\">{\"@context\":\"https:\/\/schema.org\",\"@graph\":[{\"@type\":\"WebPage\",\"@id\":\"https:\/\/naturcesped.com\/es\/cesped-artificial-a-medida-en-sabadell\/\",\"url\":\"https:\/\/naturcesped.com\/es\/cesped-artificial-a-medida-en-sabadell\/\",\"name\":\"C\u00e9sped artificial a medida en Sabadell - NaturC\u00e9sped\",\"isPartOf\":{\"@id\":\"https:\/\/naturcesped.com\/es\/#website\"},\"datePublished\":\"2023-01-25T08:03:07+00:00\",\"dateModified\":\"2023-12-19T10:38:49+00:00\",\"breadcrumb\":{\"@id\":\"https:\/\/naturcesped.com\/es\/cesped-artificial-a-medida-en-sabadell\/#breadcrumb\"},\"inLanguage\":\"es\",\"potentialAction\":[{\"@type\":\"ReadAction\",\"target\":[\"https:\/\/naturcesped.com\/es\/cesped-artificial-a-medida-en-sabadell\/\"]}]},{\"@type\":\"BreadcrumbList\",\"@id\":\"https:\/\/naturcesped.com\/es\/cesped-artificial-a-medida-en-sabadell\/#breadcrumb\",\"itemListElement\":[{\"@type\":\"ListItem\",\"position\":1,\"name\":\"Portada\",\"item\":\"https:\/\/naturcesped.com\/es\/\"},{\"@type\":\"ListItem\",\"position\":2,\"name\":\"C\u00e9sped artificial a medida en Sabadell\"}]},{\"@type\":\"WebSite\",\"@id\":\"https:\/\/naturcesped.com\/es\/#website\",\"url\":\"https:\/\/naturcesped.com\/es\/\",\"name\":\"NaturC\u00e9sped\",\"description\":\"C\u00e9sped artificial en Girona\",\"potentialAction\":[{\"@type\":\"SearchAction\",\"target\":{\"@type\":\"EntryPoint\",\"urlTemplate\":\"https:\/\/naturcesped.com\/es\/?s={search_term_string}\"},\"query-input\":{\"@type\":\"PropertyValueSpecification\",\"valueRequired\":true,\"valueName\":\"search_term_string\"}}],\"inLanguage\":\"es\"}]}<\/script>\n<!-- \/ Yoast SEO plugin. -->","yoast_head_json":{"title":"C\u00e9sped artificial a medida en Sabadell - NaturC\u00e9sped","robots":{"index":"index","follow":"follow","max-snippet":"max-snippet:-1","max-image-preview":"max-image-preview:large","max-video-preview":"max-video-preview:-1"},"canonical":"https:\/\/naturcesped.com\/es\/cesped-artificial-a-medida-en-sabadell\/","og_locale":"es_ES","og_type":"article","og_title":"C\u00e9sped artificial a medida en Sabadell - NaturC\u00e9sped","og_description":"[vc_row gap=\u00bb35&#8243;][vc_column width=\u00bb2\/3&#8243;][vc_single_image image=\u00bb424&#8243;][vc_column_text] El c\u00e9sped artificial a medida en Sabadell est\u00e1 siendo un producto cada vez m\u00e1s utilizado en diferentes sitios. Principalmente, este c\u00e9sped se usa en jardines e incluso en el interior de la vivienda. Aparte, tambi\u00e9n lo podemos encontrar en restaurantes, bares musicales y terrazas. Esto es debido a que el c\u00e9sped artificial a medida en SabadellRead more","og_url":"https:\/\/naturcesped.com\/es\/cesped-artificial-a-medida-en-sabadell\/","og_site_name":"NaturC\u00e9sped","article_modified_time":"2023-12-19T10:38:49+00:00","twitter_card":"summary_large_image","schema":{"@context":"https:\/\/schema.org","@graph":[{"@type":"WebPage","@id":"https:\/\/naturcesped.com\/es\/cesped-artificial-a-medida-en-sabadell\/","url":"https:\/\/naturcesped.com\/es\/cesped-artificial-a-medida-en-sabadell\/","name":"C\u00e9sped artificial a medida en Sabadell - NaturC\u00e9sped","isPartOf":{"@id":"https:\/\/naturcesped.com\/es\/#website"},"datePublished":"2023-01-25T08:03:07+00:00","dateModified":"2023-12-19T10:38:49+00:00","breadcrumb":{"@id":"https:\/\/naturcesped.com\/es\/cesped-artificial-a-medida-en-sabadell\/#breadcrumb"},"inLanguage":"es","potentialAction":[{"@type":"ReadAction","target":["https:\/\/naturcesped.com\/es\/cesped-artificial-a-medida-en-sabadell\/"]}]},{"@type":"BreadcrumbList","@id":"https:\/\/naturcesped.com\/es\/cesped-artificial-a-medida-en-sabadell\/#breadcrumb","itemListElement":[{"@type":"ListItem","position":1,"name":"Portada","item":"https:\/\/naturcesped.com\/es\/"},{"@type":"ListItem","position":2,"name":"C\u00e9sped artificial a medida en Sabadell"}]},{"@type":"WebSite","@id":"https:\/\/naturcesped.com\/es\/#website","url":"https:\/\/naturcesped.com\/es\/","name":"NaturC\u00e9sped","description":"C\u00e9sped artificial en Girona","potentialAction":[{"@type":"SearchAction","target":{"@type":"EntryPoint","urlTemplate":"https:\/\/naturcesped.com\/es\/?s={search_term_string}"},"query-input":{"@type":"PropertyValueSpecification","valueRequired":true,"valueName":"search_term_string"}}],"inLanguage":"es"}]}},"_links":{"self":[{"href":"https:\/\/naturcesped.com\/es\/wp-json\/wp\/v2\/pages\/1149","targetHints":{"allow":["GET"]}}],"collection":[{"href":"https:\/\/naturcesped.com\/es\/wp-json\/wp\/v2\/pages"}],"about":[{"href":"https:\/\/naturcesped.com\/es\/wp-json\/wp\/v2\/types\/page"}],"author":[{"embeddable":true,"href":"https:\/\/naturcesped.com\/es\/wp-json\/wp\/v2\/users\/1"}],"replies":[{"embeddable":true,"href":"https:\/\/naturcesped.com\/es\/wp-json\/wp\/v2\/comments?post=1149"}],"version-history":[{"count":0,"href":"https:\/\/naturcesped.com\/es\/wp-json\/wp\/v2\/pages\/1149\/revisions"}],"wp:attachment":[{"href":"https:\/\/naturcesped.com\/es\/wp-json\/wp\/v2\/media?parent=1149"}],"curies":[{"name":"wp","href":"https:\/\/api.w.org\/{rel}","templated":true}]}}