{"id":1138,"date":"2023-01-17T12:12:40","date_gmt":"2023-01-17T12:12:40","guid":{"rendered":"https:\/\/naturcesped.com\/?page_id=1138"},"modified":"2023-12-19T10:34:57","modified_gmt":"2023-12-19T10:34:57","slug":"cesped-artificial-a-medida-en-lescala","status":"publish","type":"page","link":"https:\/\/naturcesped.com\/es\/cesped-artificial-a-medida-en-lescala\/","title":{"rendered":"C\u00e9sped artificial a medida en l&#8217;Escala"},"content":{"rendered":"<div class=\"wpb-content-wrapper\"><p>[vc_row gap=\u00bb35&#8243;][vc_column width=\u00bb2\/3&#8243;][vc_single_image image=\u00bb424&#8243;][vc_column_text]<\/p>\n<p style=\"text-align: justify;\">Cuando pensamos en aplicar <strong>c\u00e9sped artificial a medida en l\u2019Escala<\/strong> y no est\u00e1s seguro de cu\u00e1l es la mejor opci\u00f3n, hoy explicaremos por qu\u00e9 es la mejor opci\u00f3n para tu jard\u00edn y para tu hogar.<\/p>\n<p style=\"text-align: justify;\">Ahorraremos mucho tiempo, no necesita casi nada de mantenimiento, con un simple cuidado b\u00e1sico y sencillo mantendremos nuestro jard\u00edn con un estado perfecto y una apariencia natural durante todas las \u00e9pocas del a\u00f1o.<\/p>\n<p style=\"text-align: justify;\">Ahorraremos mucho dinero, ya que no necesita de mucho riego, ni tampoco productos qu\u00edmicos, por lo que aparte de ahorrar dinero, tambi\u00e9n ayudamos al medio ambiente. Cuando pensamos en instalar <strong>c\u00e9sped artificial a medida en l\u2019Escala<\/strong> es superimportante saber que ayudaremos much\u00edsimo a la sostenibilidad de nuestro hogar y de nuestro medio ambiente.<\/p>\n<p style=\"text-align: justify;\">Aguanta todo tipo de inclemencias meteorol\u00f3gicas, tanto fr\u00edo como calor, \u00e9l resiste perfecto durante todo el a\u00f1o, sin importar que estaci\u00f3n estemos ni a qu\u00e9 temperatura, resiste todo lo que le echen.<\/p>\n<p style=\"text-align: justify;\">No produce alergias, por lo que es la mejor opci\u00f3n para hogares con alergias. Adem\u00e1s, no acumula bacterias como el natural, por lo que nuestro <strong>c\u00e9sped artificial a medida en l\u2019Escala<\/strong> ser\u00e1 un lugar limpio donde poder disfrutar con la familia.<\/p>\n<p>[\/vc_column_text][vc_row_inner][vc_column_inner width=\u00bb1\/3&#8243;][\/vc_column_inner][vc_column_inner width=\u00bb1\/3&#8243;]<a\thref=\"https:\/\/naturcesped.com\/es\/contacto\/\" \n\t\t\t\tclass=\"button btn_large btn_theme_color btn_rounded btn_normal_style    \"  target='_self'><span>CONTACTA CON NOSOTROS<\/span><\/a>[\/vc_column_inner][vc_column_inner width=\u00bb1\/3&#8243;][\/vc_column_inner][\/vc_row_inner][vc_column_text]<\/p>\n<p style=\"text-align: justify;\">Contar con c\u00e9sped natural tiene la ventaja de que es natural y siempre gusta tener zonas naturales en el hogar, adem\u00e1s de primeras es m\u00e1s barato, aunque con el tiempo se hace m\u00e1s caro, por el nivel de mantenimiento que necesita.<\/p>\n<p style=\"text-align: justify;\">El <strong>c\u00e9sped artificial a medida en l\u2019Escala,<\/strong> por el contrario, tiene que es sint\u00e9tico, aunque el acabado sea muy realista y el coste es m\u00e1s caro de colocaci\u00f3n, pero el primer a\u00f1o ya lo tendremos amortizado.<\/p>\n<p style=\"text-align: justify;\">El c\u00e9sped natural necesita de muchos cuidados para verse bien. Para mantener bonito necesitaremos dedicar mucho tiempo en su cuidado.<\/p>\n<p style=\"text-align: justify;\">La factura de agua, se ver\u00e1 bastante aumentada, debido a todos los riegos que necesita. Es muy importante regar el c\u00e9sped con regularidad, teniendo en cuenta esto ahorrar agua es primordial para la ayuda al medio ambiente.<\/p>\n<p style=\"text-align: justify;\">Le afecta mucho los cambios meteorol\u00f3gicos, por lo que ser\u00e1 m\u00e1s dif\u00edcil mantener el c\u00e9sped siempre en un buen estado.<\/p>\n<p style=\"text-align: justify;\">Puede coger muchas enfermedades, como cualquier otra planta, esto podr\u00eda hacer que se estropeara y dejar\u00e1 de lucir nuestro jard\u00edn con el aspecto que se merece.<\/p>\n<p style=\"text-align: justify;\">El <strong>c\u00e9sped artificial a medida en l\u2019Escala<\/strong> presenta entonces m\u00e1s ventajas, como por ejemplo el ahorro de dinero, de agua y de tiempo, que ya hemos comentado anteriormente.<\/p>\n<p style=\"text-align: justify;\">Adem\u00e1s, con todos los avances, se ha conseguido un c\u00e9sped artificial, con un parecido extraordinario al natural.<\/p>\n<p style=\"text-align: justify;\">Si piensas en poner c\u00e9sped artificial, contacta con nosotros, uno de nuestros especialistas, estar\u00e1 encantado de poder ayudarte a escoger la mejor opci\u00f3n para ti y para tu hogar, para que tu jard\u00edn siempre luzca como el primer d\u00eda.<\/p>\n<p>[\/vc_column_text][\/vc_column][vc_column width=\u00bb1\/3&#8243;][vc_column_text]<\/p>\n<h2 style=\"text-align: center;\">Cont\u00e1ctanos para m\u00e1s informaci\u00f3n<\/h2>\n<p>[\/vc_column_text]<div class=\"boc_divider_holder\"><div class=\"boc_divider  \"  style=\"margin-top: 20px;margin-bottom: 20px;height: 1px;background: #eeeeee;\"><\/div><\/div>\n<div class=\"wpcf7 no-js\" id=\"wpcf7-f202-o1\" lang=\"es-ES\" dir=\"ltr\" data-wpcf7-id=\"202\">\n<div class=\"screen-reader-response\"><p role=\"status\" aria-live=\"polite\" aria-atomic=\"true\"><\/p> <ul><\/ul><\/div>\n<form action=\"\/es\/wp-json\/wp\/v2\/pages\/1138#wpcf7-f202-o1\" method=\"post\" class=\"wpcf7-form init\" aria-label=\"Formulario de contacto\" novalidate=\"novalidate\" data-status=\"init\">\n<fieldset class=\"hidden-fields-container\"><input type=\"hidden\" name=\"_wpcf7\" value=\"202\" \/><input type=\"hidden\" name=\"_wpcf7_version\" value=\"6.1.3\" \/><input type=\"hidden\" name=\"_wpcf7_locale\" value=\"es_ES\" \/><input type=\"hidden\" name=\"_wpcf7_unit_tag\" value=\"wpcf7-f202-o1\" \/><input type=\"hidden\" name=\"_wpcf7_container_post\" value=\"0\" \/><input type=\"hidden\" name=\"_wpcf7_posted_data_hash\" value=\"\" \/><input type=\"hidden\" name=\"_wpcf7_recaptcha_response\" value=\"\" \/>\n<\/fieldset>\n<p><label> Nombre y apellidos *<br \/>\n<span class=\"wpcf7-form-control-wrap\" data-name=\"your-name\"><input size=\"40\" maxlength=\"400\" class=\"wpcf7-form-control wpcf7-text wpcf7-validates-as-required\" aria-required=\"true\" aria-invalid=\"false\" value=\"\" type=\"text\" name=\"your-name\" \/><\/span> <\/label>\n<\/p>\n<p><label> Tel\u00e9fono *<br \/>\n<span class=\"wpcf7-form-control-wrap\" data-name=\"your-phone\"><input size=\"40\" maxlength=\"400\" class=\"wpcf7-form-control wpcf7-text wpcf7-validates-as-required\" aria-required=\"true\" aria-invalid=\"false\" value=\"\" type=\"text\" name=\"your-phone\" \/><\/span> <\/label>\n<\/p>\n<p><label> Correo electr\u00f3nico *<br \/>\n<span class=\"wpcf7-form-control-wrap\" data-name=\"your-email\"><input size=\"40\" maxlength=\"400\" class=\"wpcf7-form-control wpcf7-email wpcf7-validates-as-required wpcf7-text wpcf7-validates-as-email\" aria-required=\"true\" aria-invalid=\"false\" value=\"\" type=\"email\" name=\"your-email\" \/><\/span> <\/label>\n<\/p>\n<p><label> Municipio *<br \/>\n<span class=\"wpcf7-form-control-wrap\" data-name=\"your-town\"><input size=\"40\" maxlength=\"400\" class=\"wpcf7-form-control wpcf7-text wpcf7-validates-as-required\" aria-required=\"true\" aria-invalid=\"false\" value=\"\" type=\"text\" name=\"your-town\" \/><\/span> <\/label>\n<\/p>\n<p><label> Cantidad de m\u00b2<br \/>\n<span class=\"wpcf7-form-control-wrap\" data-name=\"your-meters\"><input size=\"40\" maxlength=\"400\" class=\"wpcf7-form-control wpcf7-text\" aria-invalid=\"false\" value=\"\" type=\"text\" name=\"your-meters\" \/><\/span> <\/label>\n<\/p>\n<p><label> Terreno actual *<br \/>\n<span class=\"wpcf7-form-control-wrap\" data-name=\"radio-509\"><span class=\"wpcf7-form-control wpcf7-radio\"><span class=\"wpcf7-list-item first\"><label><input type=\"radio\" name=\"radio-509\" value=\"Tierra\" checked=\"checked\" \/><span class=\"wpcf7-list-item-label\">Tierra<\/span><\/label><\/span><span class=\"wpcf7-list-item\"><label><input type=\"radio\" name=\"radio-509\" value=\"C\u00e9sped natural\" \/><span class=\"wpcf7-list-item-label\">C\u00e9sped natural<\/span><\/label><\/span><span class=\"wpcf7-list-item\"><label><input type=\"radio\" name=\"radio-509\" value=\"Pavimento\" \/><span class=\"wpcf7-list-item-label\">Pavimento<\/span><\/label><\/span><span class=\"wpcf7-list-item last\"><label><input type=\"radio\" name=\"radio-509\" value=\"C\u00e9sped artificial\" \/><span class=\"wpcf7-list-item-label\">C\u00e9sped artificial<\/span><\/label><\/span><\/span><\/span> <\/label>\n<\/p>\n<p><label> Mensaje *<br \/>\n<span class=\"wpcf7-form-control-wrap\" data-name=\"your-message\"><textarea cols=\"40\" rows=\"3\" maxlength=\"2000\" class=\"wpcf7-form-control wpcf7-textarea wpcf7-validates-as-required\" aria-required=\"true\" aria-invalid=\"false\" name=\"your-message\"><\/textarea><\/span> <\/label>\n<\/p>\n<p style=\"font-weight: lighter; font-size:12px;\">Informaci\u00f3n b\u00e1sica sobre el tratamiento de datos (Reglamento (UE) 2016\/679 y LO 3\/2018)<br \/>\nResponsable del tratamiento: Naturcesped C\u00e9sped Artificial, SL.\n<\/p>\n<p style=\"font-weight: lighter; font-size:12px;\">Finalidad: Ofrecer, prestar y facturar nuestros servicios y productos.\n<\/p>\n<p style=\"font-weight: lighter; font-size:12px;\">Legitimaci\u00f3n: Consentimiento del interesado.\n<\/p>\n<p style=\"font-weight: lighter; font-size:12px;\">Destinatarios: Los datos no se ceder\u00e1n a terceros, a menos que lo exija una ley o sea necesario para cumplir con la finalidad del tratamiento.\n<\/p>\n<p style=\"font-weight: lighter; font-size:12px;\">Derechos: Acceder, rectificar y suprimir datos, as\u00ed como el resto que se explican en la pol\u00edtica de protecci\u00f3n de datos.\n<\/p>\n<p style=\"font-weight: lighter; font-size:12px;\">M\u00e1s informaci\u00f3n en nuestra pol\u00edtica de protecci\u00f3n de datos.\n<\/p>\n<p><input class=\"wpcf7-form-control wpcf7-submit has-spinner\" type=\"submit\" value=\"Enviar\" \/>\n<\/p><div class=\"wpcf7-response-output\" aria-hidden=\"true\"><\/div>\n<\/form>\n<\/div>\n[\/vc_column][\/vc_row]<\/p>\n<\/div>","protected":false},"excerpt":{"rendered":"<p>[vc_row gap=\u00bb35&#8243;][vc_column width=\u00bb2\/3&#8243;][vc_single_image image=\u00bb424&#8243;][vc_column_text] Cuando pensamos en aplicar c\u00e9sped artificial a medida en l\u2019Escala y no est\u00e1s seguro de cu\u00e1l es la mejor opci\u00f3n, hoy explicaremos por qu\u00e9 es la mejor opci\u00f3n para tu jard\u00edn y para tu hogar. Ahorraremos mucho tiempo, no necesita casi nada de mantenimiento, con un simple cuidado b\u00e1sico y sencillo mantendremos nuestro jard\u00edn con un<\/p>\n<div class=\"h10\"><\/div>\n<p><a class=\"more-link1\" href=\"https:\/\/naturcesped.com\/es\/cesped-artificial-a-medida-en-lescala\/\">Read more<\/a><\/p>\n","protected":false},"author":1,"featured_media":0,"parent":0,"menu_order":0,"comment_status":"closed","ping_status":"closed","template":"","meta":{"footnotes":""},"class_list":["post-1138","page","type-page","status-publish","hentry"],"yoast_head":"<!-- This site is optimized with the Yoast SEO plugin v26.3 - https:\/\/yoast.com\/wordpress\/plugins\/seo\/ -->\n<title>C\u00e9sped artificial a medida en l&#039;Escala - NaturC\u00e9sped<\/title>\n<meta name=\"robots\" content=\"index, follow, max-snippet:-1, max-image-preview:large, max-video-preview:-1\" \/>\n<link rel=\"canonical\" href=\"https:\/\/naturcesped.com\/es\/cesped-artificial-a-medida-en-lescala\/\" \/>\n<meta property=\"og:locale\" content=\"es_ES\" \/>\n<meta property=\"og:type\" content=\"article\" \/>\n<meta property=\"og:title\" content=\"C\u00e9sped artificial a medida en l&#039;Escala - NaturC\u00e9sped\" \/>\n<meta property=\"og:description\" content=\"[vc_row gap=\u00bb35&#8243;][vc_column width=\u00bb2\/3&#8243;][vc_single_image image=\u00bb424&#8243;][vc_column_text] Cuando pensamos en aplicar c\u00e9sped artificial a medida en l\u2019Escala y no est\u00e1s seguro de cu\u00e1l es la mejor opci\u00f3n, hoy explicaremos por qu\u00e9 es la mejor opci\u00f3n para tu jard\u00edn y para tu hogar. Ahorraremos mucho tiempo, no necesita casi nada de mantenimiento, con un simple cuidado b\u00e1sico y sencillo mantendremos nuestro jard\u00edn con unRead more\" \/>\n<meta property=\"og:url\" content=\"https:\/\/naturcesped.com\/es\/cesped-artificial-a-medida-en-lescala\/\" \/>\n<meta property=\"og:site_name\" content=\"NaturC\u00e9sped\" \/>\n<meta property=\"article:modified_time\" content=\"2023-12-19T10:34:57+00:00\" \/>\n<meta name=\"twitter:card\" content=\"summary_large_image\" \/>\n<meta name=\"twitter:label1\" content=\"Tiempo de lectura\" \/>\n\t<meta name=\"twitter:data1\" content=\"3 minutos\" \/>\n<script type=\"application\/ld+json\" class=\"yoast-schema-graph\">{\"@context\":\"https:\/\/schema.org\",\"@graph\":[{\"@type\":\"WebPage\",\"@id\":\"https:\/\/naturcesped.com\/es\/cesped-artificial-a-medida-en-lescala\/\",\"url\":\"https:\/\/naturcesped.com\/es\/cesped-artificial-a-medida-en-lescala\/\",\"name\":\"C\u00e9sped artificial a medida en l'Escala - NaturC\u00e9sped\",\"isPartOf\":{\"@id\":\"https:\/\/naturcesped.com\/es\/#website\"},\"datePublished\":\"2023-01-17T12:12:40+00:00\",\"dateModified\":\"2023-12-19T10:34:57+00:00\",\"breadcrumb\":{\"@id\":\"https:\/\/naturcesped.com\/es\/cesped-artificial-a-medida-en-lescala\/#breadcrumb\"},\"inLanguage\":\"es\",\"potentialAction\":[{\"@type\":\"ReadAction\",\"target\":[\"https:\/\/naturcesped.com\/es\/cesped-artificial-a-medida-en-lescala\/\"]}]},{\"@type\":\"BreadcrumbList\",\"@id\":\"https:\/\/naturcesped.com\/es\/cesped-artificial-a-medida-en-lescala\/#breadcrumb\",\"itemListElement\":[{\"@type\":\"ListItem\",\"position\":1,\"name\":\"Portada\",\"item\":\"https:\/\/naturcesped.com\/es\/\"},{\"@type\":\"ListItem\",\"position\":2,\"name\":\"C\u00e9sped artificial a medida en l&#8217;Escala\"}]},{\"@type\":\"WebSite\",\"@id\":\"https:\/\/naturcesped.com\/es\/#website\",\"url\":\"https:\/\/naturcesped.com\/es\/\",\"name\":\"NaturC\u00e9sped\",\"description\":\"C\u00e9sped artificial en Girona\",\"potentialAction\":[{\"@type\":\"SearchAction\",\"target\":{\"@type\":\"EntryPoint\",\"urlTemplate\":\"https:\/\/naturcesped.com\/es\/?s={search_term_string}\"},\"query-input\":{\"@type\":\"PropertyValueSpecification\",\"valueRequired\":true,\"valueName\":\"search_term_string\"}}],\"inLanguage\":\"es\"}]}<\/script>\n<!-- \/ Yoast SEO plugin. -->","yoast_head_json":{"title":"C\u00e9sped artificial a medida en l'Escala - NaturC\u00e9sped","robots":{"index":"index","follow":"follow","max-snippet":"max-snippet:-1","max-image-preview":"max-image-preview:large","max-video-preview":"max-video-preview:-1"},"canonical":"https:\/\/naturcesped.com\/es\/cesped-artificial-a-medida-en-lescala\/","og_locale":"es_ES","og_type":"article","og_title":"C\u00e9sped artificial a medida en l'Escala - NaturC\u00e9sped","og_description":"[vc_row gap=\u00bb35&#8243;][vc_column width=\u00bb2\/3&#8243;][vc_single_image image=\u00bb424&#8243;][vc_column_text] Cuando pensamos en aplicar c\u00e9sped artificial a medida en l\u2019Escala y no est\u00e1s seguro de cu\u00e1l es la mejor opci\u00f3n, hoy explicaremos por qu\u00e9 es la mejor opci\u00f3n para tu jard\u00edn y para tu hogar. Ahorraremos mucho tiempo, no necesita casi nada de mantenimiento, con un simple cuidado b\u00e1sico y sencillo mantendremos nuestro jard\u00edn con unRead more","og_url":"https:\/\/naturcesped.com\/es\/cesped-artificial-a-medida-en-lescala\/","og_site_name":"NaturC\u00e9sped","article_modified_time":"2023-12-19T10:34:57+00:00","twitter_card":"summary_large_image","twitter_misc":{"Tiempo de lectura":"3 minutos"},"schema":{"@context":"https:\/\/schema.org","@graph":[{"@type":"WebPage","@id":"https:\/\/naturcesped.com\/es\/cesped-artificial-a-medida-en-lescala\/","url":"https:\/\/naturcesped.com\/es\/cesped-artificial-a-medida-en-lescala\/","name":"C\u00e9sped artificial a medida en l'Escala - NaturC\u00e9sped","isPartOf":{"@id":"https:\/\/naturcesped.com\/es\/#website"},"datePublished":"2023-01-17T12:12:40+00:00","dateModified":"2023-12-19T10:34:57+00:00","breadcrumb":{"@id":"https:\/\/naturcesped.com\/es\/cesped-artificial-a-medida-en-lescala\/#breadcrumb"},"inLanguage":"es","potentialAction":[{"@type":"ReadAction","target":["https:\/\/naturcesped.com\/es\/cesped-artificial-a-medida-en-lescala\/"]}]},{"@type":"BreadcrumbList","@id":"https:\/\/naturcesped.com\/es\/cesped-artificial-a-medida-en-lescala\/#breadcrumb","itemListElement":[{"@type":"ListItem","position":1,"name":"Portada","item":"https:\/\/naturcesped.com\/es\/"},{"@type":"ListItem","position":2,"name":"C\u00e9sped artificial a medida en l&#8217;Escala"}]},{"@type":"WebSite","@id":"https:\/\/naturcesped.com\/es\/#website","url":"https:\/\/naturcesped.com\/es\/","name":"NaturC\u00e9sped","description":"C\u00e9sped artificial en Girona","potentialAction":[{"@type":"SearchAction","target":{"@type":"EntryPoint","urlTemplate":"https:\/\/naturcesped.com\/es\/?s={search_term_string}"},"query-input":{"@type":"PropertyValueSpecification","valueRequired":true,"valueName":"search_term_string"}}],"inLanguage":"es"}]}},"_links":{"self":[{"href":"https:\/\/naturcesped.com\/es\/wp-json\/wp\/v2\/pages\/1138","targetHints":{"allow":["GET"]}}],"collection":[{"href":"https:\/\/naturcesped.com\/es\/wp-json\/wp\/v2\/pages"}],"about":[{"href":"https:\/\/naturcesped.com\/es\/wp-json\/wp\/v2\/types\/page"}],"author":[{"embeddable":true,"href":"https:\/\/naturcesped.com\/es\/wp-json\/wp\/v2\/users\/1"}],"replies":[{"embeddable":true,"href":"https:\/\/naturcesped.com\/es\/wp-json\/wp\/v2\/comments?post=1138"}],"version-history":[{"count":0,"href":"https:\/\/naturcesped.com\/es\/wp-json\/wp\/v2\/pages\/1138\/revisions"}],"wp:attachment":[{"href":"https:\/\/naturcesped.com\/es\/wp-json\/wp\/v2\/media?parent=1138"}],"curies":[{"name":"wp","href":"https:\/\/api.w.org\/{rel}","templated":true}]}}