{"id":1131,"date":"2023-01-16T12:54:03","date_gmt":"2023-01-16T12:54:03","guid":{"rendered":"https:\/\/naturcesped.com\/?page_id=1131"},"modified":"2023-12-19T10:29:07","modified_gmt":"2023-12-19T10:29:07","slug":"cesped-artificial-a-medida-en-cadaques","status":"publish","type":"page","link":"https:\/\/naturcesped.com\/es\/cesped-artificial-a-medida-en-cadaques\/","title":{"rendered":"C\u00e9sped artificial a medida en Cadaqu\u00e9s"},"content":{"rendered":"<div class=\"wpb-content-wrapper\"><p>[vc_row gap=\u00bb35&#8243;][vc_column width=\u00bb2\/3&#8243;][vc_single_image image=\u00bb424&#8243;][vc_column_text]<\/p>\n<p style=\"text-align: justify;\">El <strong>c\u00e9sped artificial a medida en Cadaqu\u00e9s<\/strong>, empieza a ser un c\u00e9sped tendencia en la mayor\u00eda de las viviendas. Esto es gracias a sus buenas caracter\u00edsticas y a sus grandes ventajas que nos permite tener. Este c\u00e9sped es un c\u00e9sped ideal tanto para exteriores como para interiores, ya que se puede instalar en cualquiera de los dos sitios. Este c\u00e9sped, tambi\u00e9n es ideal para nuestro jard\u00edn, puesto que es un c\u00e9sped totalmente ign\u00edfugo, es decir que podremos tener una barbacoa, o en el caso de que seamos personas fumadoras, no tendremos que preocuparnos. Este c\u00e9sped, aparte de ser ideal para exteriores e interiores, nos permite tener un c\u00e9sped totalmente verde durante toda la \u00e9poca del a\u00f1o y aparte, al ser artificial, nunca crece, es decir que siempre tendremos la altura de nuestro c\u00e9sped perfecta.<\/p>\n<p style=\"text-align: justify;\">Como hemos comentado, el <strong>c\u00e9sped artificial a medida en Cadaqu\u00e9s<\/strong> se mantiene verde durante todo el a\u00f1o, esto es una gran ventaja y es lo que est\u00e1 haciendo que sea una total tendencia en todas las viviendas. Es un c\u00e9sped que simula a la perfecci\u00f3n un c\u00e9sped natural, pero aparte, no tiene apenas mantenimiento. Este c\u00e9sped no necesita ser regado, es decir, que tenemos un gran ahorro econ\u00f3mico en agua y aparte, no tendremos que gastar en ning\u00fan producto qu\u00edmico, como podr\u00eda ser herbicidas. Este c\u00e9sped es mucho m\u00e1s sostenible, ya que como hemos comentado antes, no necesita ning\u00fan producto qu\u00edmico y tampoco necesita un riego constante.<\/p>\n<p>[\/vc_column_text][vc_row_inner][vc_column_inner width=\u00bb1\/3&#8243;][\/vc_column_inner][vc_column_inner width=\u00bb1\/3&#8243;]<a\thref=\"https:\/\/naturcesped.com\/es\/contacto\/\" \n\t\t\t\tclass=\"button btn_medium btn_theme_color btn_rounded btn_normal_style    \"  target='_self'><span>CONTACTA CON NOSOTROS<\/span><\/a>[\/vc_column_inner][vc_column_inner width=\u00bb1\/3&#8243;][\/vc_column_inner][\/vc_row_inner][vc_column_text]<\/p>\n<p style=\"text-align: justify;\">El <strong>c\u00e9sped <\/strong><strong>artificial a medida en Cadaqu\u00e9s<\/strong>, tiene una gran resistencia y una gran durabilidad, es decir que tiene una larga vida \u00fatil, aparte tiene una gran resistencia a las inclemencias meteorol\u00f3gicas. Es un c\u00e9sped muy confortable y es por ello que tiene grandes valoraciones, est\u00e1 comprobado que el confort es lo que m\u00e1s valoran los clientes. \u00danicamente, debemos saber, que si alrededor de donde queremos instalar este c\u00e9sped, hay una piscina, debemos escoger el c\u00e9sped artificial anticloro, de esta manera nuestro c\u00e9sped no sufrir\u00e1 da\u00f1os debido al cloro.<\/p>\n<p style=\"text-align: justify;\">En Naturcesped contamos con un gran equipo de profesionales y aparte contamos con una gran experiencia en el sector. Nuestros profesionales trabajan con los mejores utensilios que ofrece el mercado para as\u00ed poder ofrecer un buen servicio y sobre todo un servicio de gran calidad. Al trabajar con los mejores utensilios del mercado, nos aseguramos que nuestro cliente quedar\u00e1 totalmente satisfecho con el trabajo que se ha realizado.<\/p>\n<p style=\"text-align: justify;\">Si tiene pensado en instalar un <strong>c\u00e9sped artificial a medida en Cadaqu\u00e9s<\/strong>, no se lo piense m\u00e1s y p\u00f3ngase en contacto con nosotros. En Naturcesped le atender\u00e1 un profesional que estar\u00e1 encantado de poderle ayudar y asesorar en cualquier cosa que necesite. Estaremos encantados de poderle instalar su c\u00e9sped artificial a medida.<\/p>\n<p>[\/vc_column_text][\/vc_column][vc_column width=\u00bb1\/3&#8243;][vc_column_text]<\/p>\n<h2 style=\"text-align: center;\">Cont\u00e1ctanos para m\u00e1s informaci\u00f3n<\/h2>\n<p>[\/vc_column_text]<div class=\"boc_divider_holder\"><div class=\"boc_divider  \"  style=\"margin-top: 20px;margin-bottom: 20px;height: 1px;background: #eeeeee;\"><\/div><\/div>\n<div class=\"wpcf7 no-js\" id=\"wpcf7-f202-o1\" lang=\"es-ES\" dir=\"ltr\" data-wpcf7-id=\"202\">\n<div class=\"screen-reader-response\"><p role=\"status\" aria-live=\"polite\" aria-atomic=\"true\"><\/p> <ul><\/ul><\/div>\n<form action=\"\/es\/wp-json\/wp\/v2\/pages\/1131#wpcf7-f202-o1\" method=\"post\" class=\"wpcf7-form init\" aria-label=\"Formulario de contacto\" novalidate=\"novalidate\" data-status=\"init\">\n<fieldset class=\"hidden-fields-container\"><input type=\"hidden\" name=\"_wpcf7\" value=\"202\" \/><input type=\"hidden\" name=\"_wpcf7_version\" value=\"6.1.3\" \/><input type=\"hidden\" name=\"_wpcf7_locale\" value=\"es_ES\" \/><input type=\"hidden\" name=\"_wpcf7_unit_tag\" value=\"wpcf7-f202-o1\" \/><input type=\"hidden\" name=\"_wpcf7_container_post\" value=\"0\" \/><input type=\"hidden\" name=\"_wpcf7_posted_data_hash\" value=\"\" \/><input type=\"hidden\" name=\"_wpcf7_recaptcha_response\" value=\"\" \/>\n<\/fieldset>\n<p><label> Nombre y apellidos *<br \/>\n<span class=\"wpcf7-form-control-wrap\" data-name=\"your-name\"><input size=\"40\" maxlength=\"400\" class=\"wpcf7-form-control wpcf7-text wpcf7-validates-as-required\" aria-required=\"true\" aria-invalid=\"false\" value=\"\" type=\"text\" name=\"your-name\" \/><\/span> <\/label>\n<\/p>\n<p><label> Tel\u00e9fono *<br \/>\n<span class=\"wpcf7-form-control-wrap\" data-name=\"your-phone\"><input size=\"40\" maxlength=\"400\" class=\"wpcf7-form-control wpcf7-text wpcf7-validates-as-required\" aria-required=\"true\" aria-invalid=\"false\" value=\"\" type=\"text\" name=\"your-phone\" \/><\/span> <\/label>\n<\/p>\n<p><label> Correo electr\u00f3nico *<br \/>\n<span class=\"wpcf7-form-control-wrap\" data-name=\"your-email\"><input size=\"40\" maxlength=\"400\" class=\"wpcf7-form-control wpcf7-email wpcf7-validates-as-required wpcf7-text wpcf7-validates-as-email\" aria-required=\"true\" aria-invalid=\"false\" value=\"\" type=\"email\" name=\"your-email\" \/><\/span> <\/label>\n<\/p>\n<p><label> Municipio *<br \/>\n<span class=\"wpcf7-form-control-wrap\" data-name=\"your-town\"><input size=\"40\" maxlength=\"400\" class=\"wpcf7-form-control wpcf7-text wpcf7-validates-as-required\" aria-required=\"true\" aria-invalid=\"false\" value=\"\" type=\"text\" name=\"your-town\" \/><\/span> <\/label>\n<\/p>\n<p><label> Cantidad de m\u00b2<br \/>\n<span class=\"wpcf7-form-control-wrap\" data-name=\"your-meters\"><input size=\"40\" maxlength=\"400\" class=\"wpcf7-form-control wpcf7-text\" aria-invalid=\"false\" value=\"\" type=\"text\" name=\"your-meters\" \/><\/span> <\/label>\n<\/p>\n<p><label> Terreno actual *<br \/>\n<span class=\"wpcf7-form-control-wrap\" data-name=\"radio-509\"><span class=\"wpcf7-form-control wpcf7-radio\"><span class=\"wpcf7-list-item first\"><label><input type=\"radio\" name=\"radio-509\" value=\"Tierra\" checked=\"checked\" \/><span class=\"wpcf7-list-item-label\">Tierra<\/span><\/label><\/span><span class=\"wpcf7-list-item\"><label><input type=\"radio\" name=\"radio-509\" value=\"C\u00e9sped natural\" \/><span class=\"wpcf7-list-item-label\">C\u00e9sped natural<\/span><\/label><\/span><span class=\"wpcf7-list-item\"><label><input type=\"radio\" name=\"radio-509\" value=\"Pavimento\" \/><span class=\"wpcf7-list-item-label\">Pavimento<\/span><\/label><\/span><span class=\"wpcf7-list-item last\"><label><input type=\"radio\" name=\"radio-509\" value=\"C\u00e9sped artificial\" \/><span class=\"wpcf7-list-item-label\">C\u00e9sped artificial<\/span><\/label><\/span><\/span><\/span> <\/label>\n<\/p>\n<p><label> Mensaje *<br \/>\n<span class=\"wpcf7-form-control-wrap\" data-name=\"your-message\"><textarea cols=\"40\" rows=\"3\" maxlength=\"2000\" class=\"wpcf7-form-control wpcf7-textarea wpcf7-validates-as-required\" aria-required=\"true\" aria-invalid=\"false\" name=\"your-message\"><\/textarea><\/span> <\/label>\n<\/p>\n<p style=\"font-weight: lighter; font-size:12px;\">Informaci\u00f3n b\u00e1sica sobre el tratamiento de datos (Reglamento (UE) 2016\/679 y LO 3\/2018)<br \/>\nResponsable del tratamiento: Naturcesped C\u00e9sped Artificial, SL.\n<\/p>\n<p style=\"font-weight: lighter; font-size:12px;\">Finalidad: Ofrecer, prestar y facturar nuestros servicios y productos.\n<\/p>\n<p style=\"font-weight: lighter; font-size:12px;\">Legitimaci\u00f3n: Consentimiento del interesado.\n<\/p>\n<p style=\"font-weight: lighter; font-size:12px;\">Destinatarios: Los datos no se ceder\u00e1n a terceros, a menos que lo exija una ley o sea necesario para cumplir con la finalidad del tratamiento.\n<\/p>\n<p style=\"font-weight: lighter; font-size:12px;\">Derechos: Acceder, rectificar y suprimir datos, as\u00ed como el resto que se explican en la pol\u00edtica de protecci\u00f3n de datos.\n<\/p>\n<p style=\"font-weight: lighter; font-size:12px;\">M\u00e1s informaci\u00f3n en nuestra pol\u00edtica de protecci\u00f3n de datos.\n<\/p>\n<p><input class=\"wpcf7-form-control wpcf7-submit has-spinner\" type=\"submit\" value=\"Enviar\" \/>\n<\/p><div class=\"wpcf7-response-output\" aria-hidden=\"true\"><\/div>\n<\/form>\n<\/div>\n[\/vc_column][\/vc_row]<\/p>\n<\/div>","protected":false},"excerpt":{"rendered":"<p>[vc_row gap=\u00bb35&#8243;][vc_column width=\u00bb2\/3&#8243;][vc_single_image image=\u00bb424&#8243;][vc_column_text] El c\u00e9sped artificial a medida en Cadaqu\u00e9s, empieza a ser un c\u00e9sped tendencia en la mayor\u00eda de las viviendas. Esto es gracias a sus buenas caracter\u00edsticas y a sus grandes ventajas que nos permite tener. Este c\u00e9sped es un c\u00e9sped ideal tanto para exteriores como para interiores, ya que se puede instalar en cualquiera de los<\/p>\n<div class=\"h10\"><\/div>\n<p><a class=\"more-link1\" href=\"https:\/\/naturcesped.com\/es\/cesped-artificial-a-medida-en-cadaques\/\">Read more<\/a><\/p>\n","protected":false},"author":1,"featured_media":0,"parent":0,"menu_order":0,"comment_status":"closed","ping_status":"closed","template":"","meta":{"footnotes":""},"class_list":["post-1131","page","type-page","status-publish","hentry"],"yoast_head":"<!-- This site is optimized with the Yoast SEO plugin v26.3 - https:\/\/yoast.com\/wordpress\/plugins\/seo\/ -->\n<title>C\u00e9sped artificial a medida en Cadaqu\u00e9s - NaturC\u00e9sped<\/title>\n<meta name=\"robots\" content=\"index, follow, max-snippet:-1, max-image-preview:large, max-video-preview:-1\" \/>\n<link rel=\"canonical\" href=\"https:\/\/naturcesped.com\/es\/cesped-artificial-a-medida-en-cadaques\/\" \/>\n<meta property=\"og:locale\" content=\"es_ES\" \/>\n<meta property=\"og:type\" content=\"article\" \/>\n<meta property=\"og:title\" content=\"C\u00e9sped artificial a medida en Cadaqu\u00e9s - NaturC\u00e9sped\" \/>\n<meta property=\"og:description\" content=\"[vc_row gap=\u00bb35&#8243;][vc_column width=\u00bb2\/3&#8243;][vc_single_image image=\u00bb424&#8243;][vc_column_text] El c\u00e9sped artificial a medida en Cadaqu\u00e9s, empieza a ser un c\u00e9sped tendencia en la mayor\u00eda de las viviendas. Esto es gracias a sus buenas caracter\u00edsticas y a sus grandes ventajas que nos permite tener. Este c\u00e9sped es un c\u00e9sped ideal tanto para exteriores como para interiores, ya que se puede instalar en cualquiera de losRead more\" \/>\n<meta property=\"og:url\" content=\"https:\/\/naturcesped.com\/es\/cesped-artificial-a-medida-en-cadaques\/\" \/>\n<meta property=\"og:site_name\" content=\"NaturC\u00e9sped\" \/>\n<meta property=\"article:modified_time\" content=\"2023-12-19T10:29:07+00:00\" \/>\n<meta name=\"twitter:card\" content=\"summary_large_image\" \/>\n<meta name=\"twitter:label1\" content=\"Tiempo de lectura\" \/>\n\t<meta name=\"twitter:data1\" content=\"3 minutos\" \/>\n<script type=\"application\/ld+json\" class=\"yoast-schema-graph\">{\"@context\":\"https:\/\/schema.org\",\"@graph\":[{\"@type\":\"WebPage\",\"@id\":\"https:\/\/naturcesped.com\/es\/cesped-artificial-a-medida-en-cadaques\/\",\"url\":\"https:\/\/naturcesped.com\/es\/cesped-artificial-a-medida-en-cadaques\/\",\"name\":\"C\u00e9sped artificial a medida en Cadaqu\u00e9s - NaturC\u00e9sped\",\"isPartOf\":{\"@id\":\"https:\/\/naturcesped.com\/es\/#website\"},\"datePublished\":\"2023-01-16T12:54:03+00:00\",\"dateModified\":\"2023-12-19T10:29:07+00:00\",\"breadcrumb\":{\"@id\":\"https:\/\/naturcesped.com\/es\/cesped-artificial-a-medida-en-cadaques\/#breadcrumb\"},\"inLanguage\":\"es\",\"potentialAction\":[{\"@type\":\"ReadAction\",\"target\":[\"https:\/\/naturcesped.com\/es\/cesped-artificial-a-medida-en-cadaques\/\"]}]},{\"@type\":\"BreadcrumbList\",\"@id\":\"https:\/\/naturcesped.com\/es\/cesped-artificial-a-medida-en-cadaques\/#breadcrumb\",\"itemListElement\":[{\"@type\":\"ListItem\",\"position\":1,\"name\":\"Portada\",\"item\":\"https:\/\/naturcesped.com\/es\/\"},{\"@type\":\"ListItem\",\"position\":2,\"name\":\"C\u00e9sped artificial a medida en Cadaqu\u00e9s\"}]},{\"@type\":\"WebSite\",\"@id\":\"https:\/\/naturcesped.com\/es\/#website\",\"url\":\"https:\/\/naturcesped.com\/es\/\",\"name\":\"NaturC\u00e9sped\",\"description\":\"C\u00e9sped artificial en Girona\",\"potentialAction\":[{\"@type\":\"SearchAction\",\"target\":{\"@type\":\"EntryPoint\",\"urlTemplate\":\"https:\/\/naturcesped.com\/es\/?s={search_term_string}\"},\"query-input\":{\"@type\":\"PropertyValueSpecification\",\"valueRequired\":true,\"valueName\":\"search_term_string\"}}],\"inLanguage\":\"es\"}]}<\/script>\n<!-- \/ Yoast SEO plugin. -->","yoast_head_json":{"title":"C\u00e9sped artificial a medida en Cadaqu\u00e9s - NaturC\u00e9sped","robots":{"index":"index","follow":"follow","max-snippet":"max-snippet:-1","max-image-preview":"max-image-preview:large","max-video-preview":"max-video-preview:-1"},"canonical":"https:\/\/naturcesped.com\/es\/cesped-artificial-a-medida-en-cadaques\/","og_locale":"es_ES","og_type":"article","og_title":"C\u00e9sped artificial a medida en Cadaqu\u00e9s - NaturC\u00e9sped","og_description":"[vc_row gap=\u00bb35&#8243;][vc_column width=\u00bb2\/3&#8243;][vc_single_image image=\u00bb424&#8243;][vc_column_text] El c\u00e9sped artificial a medida en Cadaqu\u00e9s, empieza a ser un c\u00e9sped tendencia en la mayor\u00eda de las viviendas. Esto es gracias a sus buenas caracter\u00edsticas y a sus grandes ventajas que nos permite tener. Este c\u00e9sped es un c\u00e9sped ideal tanto para exteriores como para interiores, ya que se puede instalar en cualquiera de losRead more","og_url":"https:\/\/naturcesped.com\/es\/cesped-artificial-a-medida-en-cadaques\/","og_site_name":"NaturC\u00e9sped","article_modified_time":"2023-12-19T10:29:07+00:00","twitter_card":"summary_large_image","twitter_misc":{"Tiempo de lectura":"3 minutos"},"schema":{"@context":"https:\/\/schema.org","@graph":[{"@type":"WebPage","@id":"https:\/\/naturcesped.com\/es\/cesped-artificial-a-medida-en-cadaques\/","url":"https:\/\/naturcesped.com\/es\/cesped-artificial-a-medida-en-cadaques\/","name":"C\u00e9sped artificial a medida en Cadaqu\u00e9s - NaturC\u00e9sped","isPartOf":{"@id":"https:\/\/naturcesped.com\/es\/#website"},"datePublished":"2023-01-16T12:54:03+00:00","dateModified":"2023-12-19T10:29:07+00:00","breadcrumb":{"@id":"https:\/\/naturcesped.com\/es\/cesped-artificial-a-medida-en-cadaques\/#breadcrumb"},"inLanguage":"es","potentialAction":[{"@type":"ReadAction","target":["https:\/\/naturcesped.com\/es\/cesped-artificial-a-medida-en-cadaques\/"]}]},{"@type":"BreadcrumbList","@id":"https:\/\/naturcesped.com\/es\/cesped-artificial-a-medida-en-cadaques\/#breadcrumb","itemListElement":[{"@type":"ListItem","position":1,"name":"Portada","item":"https:\/\/naturcesped.com\/es\/"},{"@type":"ListItem","position":2,"name":"C\u00e9sped artificial a medida en Cadaqu\u00e9s"}]},{"@type":"WebSite","@id":"https:\/\/naturcesped.com\/es\/#website","url":"https:\/\/naturcesped.com\/es\/","name":"NaturC\u00e9sped","description":"C\u00e9sped artificial en Girona","potentialAction":[{"@type":"SearchAction","target":{"@type":"EntryPoint","urlTemplate":"https:\/\/naturcesped.com\/es\/?s={search_term_string}"},"query-input":{"@type":"PropertyValueSpecification","valueRequired":true,"valueName":"search_term_string"}}],"inLanguage":"es"}]}},"_links":{"self":[{"href":"https:\/\/naturcesped.com\/es\/wp-json\/wp\/v2\/pages\/1131","targetHints":{"allow":["GET"]}}],"collection":[{"href":"https:\/\/naturcesped.com\/es\/wp-json\/wp\/v2\/pages"}],"about":[{"href":"https:\/\/naturcesped.com\/es\/wp-json\/wp\/v2\/types\/page"}],"author":[{"embeddable":true,"href":"https:\/\/naturcesped.com\/es\/wp-json\/wp\/v2\/users\/1"}],"replies":[{"embeddable":true,"href":"https:\/\/naturcesped.com\/es\/wp-json\/wp\/v2\/comments?post=1131"}],"version-history":[{"count":0,"href":"https:\/\/naturcesped.com\/es\/wp-json\/wp\/v2\/pages\/1131\/revisions"}],"wp:attachment":[{"href":"https:\/\/naturcesped.com\/es\/wp-json\/wp\/v2\/media?parent=1131"}],"curies":[{"name":"wp","href":"https:\/\/api.w.org\/{rel}","templated":true}]}}