{"id":1128,"date":"2023-01-12T12:40:15","date_gmt":"2023-01-12T12:40:15","guid":{"rendered":"https:\/\/naturcesped.com\/?page_id=1128"},"modified":"2023-12-19T10:27:46","modified_gmt":"2023-12-19T10:27:46","slug":"cesped-artificial-a-medida-en-blanes","status":"publish","type":"page","link":"https:\/\/naturcesped.com\/es\/cesped-artificial-a-medida-en-blanes\/","title":{"rendered":"C\u00e9sped artificial a medida en Blanes"},"content":{"rendered":"<div class=\"wpb-content-wrapper\"><p>[vc_row gap=\u00bb35&#8243;][vc_column width=\u00bb2\/3&#8243;][vc_single_image image=\u00bb424&#8243;][vc_column_text]<\/p>\n<p style=\"text-align: justify;\">Cada vez el <strong>c\u00e9sped artificial a medida en Blanes<\/strong>, est\u00e1 m\u00e1s de moda y con m\u00e1s aceptaci\u00f3n para la decoraci\u00f3n y el paisajismo de los hogares. Su resultado es excelente, cumple con todas las necesidades de nuestro cliente, es la perfecta combinaci\u00f3n, entre, est\u00e9tica y comodidad. Su aspecto es impecable y realista, durante todo el a\u00f1o, apenas se puede diferenciar con el c\u00e9sped natural.<\/p>\n<p style=\"text-align: justify;\">Ya miles de hogares, negocios y espacios p\u00fablicos, se est\u00e1n pasando al c\u00e9sped artificial a medida en Blanes, para proporcionar a sus espacios, una soluci\u00f3n, atractiva, que no necesita de mucho mantenimiento y no necesita riego, por lo que nos ahorrara tiempo y dinero.<\/p>\n<p style=\"text-align: justify;\">Gracias al cambio al c\u00e9sped artificial, la gente consigue ahorrar mucho dinero en sus facturas de agua. Hay gente que ha llegado ahorrar hasta un 70% en su factura. No es necesario malgastar agua, para mantener con un buen aspecto tu hogar.<\/p>\n<p style=\"text-align: justify;\">De mantenimiento, solo deber\u00e1s quitar las hojas y de vez en cuando cepillar y regar un poco.<\/p>\n<p style=\"text-align: justify;\"><strong>El c\u00e9sped artificial, a medida en Blanes<\/strong>, es muy respetuoso con el medio ambiente, no necesita de productos qu\u00edmicos ni insecticidas. Por lo que evitamos tirar productos nocivos que contaminas y perjudican la salud de las personas.<\/p>\n<p>[\/vc_column_text][vc_row_inner][vc_column_inner width=\u00bb1\/3&#8243;][\/vc_column_inner][vc_column_inner width=\u00bb1\/3&#8243;]<a\thref=\"https:\/\/naturcesped.com\/es\/contacto\/\" \n\t\t\t\tclass=\"button btn_large btn_theme_color btn_rounded btn_normal_style    \"  target='_self'><span>CONTACTA CON NOSOTROS<\/span><\/a>[\/vc_column_inner][vc_column_inner width=\u00bb1\/3&#8243;][\/vc_column_inner][\/vc_row_inner][vc_column_text]<\/p>\n<p style=\"text-align: justify;\">Tiene mejor capacidad para resistir el tr\u00e1fico continuo de gente, cada vez se utiliza m\u00e1s para zonas de recreo, como en colegios.<\/p>\n<p style=\"text-align: justify;\">Una vez tengas instalado el <strong>c\u00e9sped artificial a medida en Blanes<\/strong>, tu jard\u00edn siempre se ver\u00e1 verde y bonito, sin quitarte mucho tiempo para tu mantenimiento, con que de vez en cuando retires las hojas que caen al suelo y les des un cepillado, ser\u00e1 m\u00e1s que suficiente.<\/p>\n<p style=\"text-align: justify;\">Cuando llueva tu jard\u00edn, no ser\u00e1 un charco de barro y aguantar\u00e1 todos los cambios meteorol\u00f3gicos, desde heladas, hasta olas de calor, su capacidad para resistir las inclemencias meteorol\u00f3gicas, es una ventaja importante por la que mucha gente se cambia al <strong>c\u00e9sped artificial a medida en Blanes.<\/strong><\/p>\n<p style=\"text-align: justify;\">En zonas donde de la sombra el c\u00e9sped natural, se pone marr\u00f3n o incluso a veces no crece por falta de sol. Con el c\u00e9sped artificial, eso no pasa y conseguiremos que todo nuestro jard\u00edn consiga tener una imagen siempre excelente.<\/p>\n<p style=\"text-align: justify;\">El <strong>c\u00e9sped artificial, a medida en Blanes<\/strong>, puede llegar a durar hasta 15 a\u00f1os. Todo depender\u00e1 del mantenimiento y tr\u00e1fico que tenga.<\/p>\n<p style=\"text-align: justify;\">Si t\u00fa tambi\u00e9n quieres empezar a disfrutar de tu jard\u00edn sin tener que hacer muchos esfuerzos y que siempre mantenga una imagen ideal, la mejor opci\u00f3n para ti es el c\u00e9sped artificial. Contacta con nosotros, uno de nuestros especialistas, estar\u00e1 encantado de ayudarte y resolver todas las dudas que tengas, para encontrar el c\u00e9sped que m\u00e1s se adapte a tus necesidades y a las necesidades de tu jard\u00edn.<\/p>\n<p>[\/vc_column_text][\/vc_column][vc_column width=\u00bb1\/3&#8243;][vc_column_text]<\/p>\n<h2 style=\"text-align: center;\">Cont\u00e1ctanos para m\u00e1s informaci\u00f3n<\/h2>\n<p>[\/vc_column_text]<div class=\"boc_divider_holder\"><div class=\"boc_divider  \"  style=\"margin-top: 20px;margin-bottom: 20px;height: 1px;background: #eeeeee;\"><\/div><\/div>\n<div class=\"wpcf7 no-js\" id=\"wpcf7-f202-o1\" lang=\"es-ES\" dir=\"ltr\" data-wpcf7-id=\"202\">\n<div class=\"screen-reader-response\"><p role=\"status\" aria-live=\"polite\" aria-atomic=\"true\"><\/p> <ul><\/ul><\/div>\n<form action=\"\/es\/wp-json\/wp\/v2\/pages\/1128#wpcf7-f202-o1\" method=\"post\" class=\"wpcf7-form init\" aria-label=\"Formulario de contacto\" novalidate=\"novalidate\" data-status=\"init\">\n<fieldset class=\"hidden-fields-container\"><input type=\"hidden\" name=\"_wpcf7\" value=\"202\" \/><input type=\"hidden\" name=\"_wpcf7_version\" value=\"6.1.3\" \/><input type=\"hidden\" name=\"_wpcf7_locale\" value=\"es_ES\" \/><input type=\"hidden\" name=\"_wpcf7_unit_tag\" value=\"wpcf7-f202-o1\" \/><input type=\"hidden\" name=\"_wpcf7_container_post\" value=\"0\" \/><input type=\"hidden\" name=\"_wpcf7_posted_data_hash\" value=\"\" \/><input type=\"hidden\" name=\"_wpcf7_recaptcha_response\" value=\"\" \/>\n<\/fieldset>\n<p><label> Nombre y apellidos *<br \/>\n<span class=\"wpcf7-form-control-wrap\" data-name=\"your-name\"><input size=\"40\" maxlength=\"400\" class=\"wpcf7-form-control wpcf7-text wpcf7-validates-as-required\" aria-required=\"true\" aria-invalid=\"false\" value=\"\" type=\"text\" name=\"your-name\" \/><\/span> <\/label>\n<\/p>\n<p><label> Tel\u00e9fono *<br \/>\n<span class=\"wpcf7-form-control-wrap\" data-name=\"your-phone\"><input size=\"40\" maxlength=\"400\" class=\"wpcf7-form-control wpcf7-text wpcf7-validates-as-required\" aria-required=\"true\" aria-invalid=\"false\" value=\"\" type=\"text\" name=\"your-phone\" \/><\/span> <\/label>\n<\/p>\n<p><label> Correo electr\u00f3nico *<br \/>\n<span class=\"wpcf7-form-control-wrap\" data-name=\"your-email\"><input size=\"40\" maxlength=\"400\" class=\"wpcf7-form-control wpcf7-email wpcf7-validates-as-required wpcf7-text wpcf7-validates-as-email\" aria-required=\"true\" aria-invalid=\"false\" value=\"\" type=\"email\" name=\"your-email\" \/><\/span> <\/label>\n<\/p>\n<p><label> Municipio *<br \/>\n<span class=\"wpcf7-form-control-wrap\" data-name=\"your-town\"><input size=\"40\" maxlength=\"400\" class=\"wpcf7-form-control wpcf7-text wpcf7-validates-as-required\" aria-required=\"true\" aria-invalid=\"false\" value=\"\" type=\"text\" name=\"your-town\" \/><\/span> <\/label>\n<\/p>\n<p><label> Cantidad de m\u00b2<br \/>\n<span class=\"wpcf7-form-control-wrap\" data-name=\"your-meters\"><input size=\"40\" maxlength=\"400\" class=\"wpcf7-form-control wpcf7-text\" aria-invalid=\"false\" value=\"\" type=\"text\" name=\"your-meters\" \/><\/span> <\/label>\n<\/p>\n<p><label> Terreno actual *<br \/>\n<span class=\"wpcf7-form-control-wrap\" data-name=\"radio-509\"><span class=\"wpcf7-form-control wpcf7-radio\"><span class=\"wpcf7-list-item first\"><label><input type=\"radio\" name=\"radio-509\" value=\"Tierra\" checked=\"checked\" \/><span class=\"wpcf7-list-item-label\">Tierra<\/span><\/label><\/span><span class=\"wpcf7-list-item\"><label><input type=\"radio\" name=\"radio-509\" value=\"C\u00e9sped natural\" \/><span class=\"wpcf7-list-item-label\">C\u00e9sped natural<\/span><\/label><\/span><span class=\"wpcf7-list-item\"><label><input type=\"radio\" name=\"radio-509\" value=\"Pavimento\" \/><span class=\"wpcf7-list-item-label\">Pavimento<\/span><\/label><\/span><span class=\"wpcf7-list-item last\"><label><input type=\"radio\" name=\"radio-509\" value=\"C\u00e9sped artificial\" \/><span class=\"wpcf7-list-item-label\">C\u00e9sped artificial<\/span><\/label><\/span><\/span><\/span> <\/label>\n<\/p>\n<p><label> Mensaje *<br \/>\n<span class=\"wpcf7-form-control-wrap\" data-name=\"your-message\"><textarea cols=\"40\" rows=\"3\" maxlength=\"2000\" class=\"wpcf7-form-control wpcf7-textarea wpcf7-validates-as-required\" aria-required=\"true\" aria-invalid=\"false\" name=\"your-message\"><\/textarea><\/span> <\/label>\n<\/p>\n<p style=\"font-weight: lighter; font-size:12px;\">Informaci\u00f3n b\u00e1sica sobre el tratamiento de datos (Reglamento (UE) 2016\/679 y LO 3\/2018)<br \/>\nResponsable del tratamiento: Naturcesped C\u00e9sped Artificial, SL.\n<\/p>\n<p style=\"font-weight: lighter; font-size:12px;\">Finalidad: Ofrecer, prestar y facturar nuestros servicios y productos.\n<\/p>\n<p style=\"font-weight: lighter; font-size:12px;\">Legitimaci\u00f3n: Consentimiento del interesado.\n<\/p>\n<p style=\"font-weight: lighter; font-size:12px;\">Destinatarios: Los datos no se ceder\u00e1n a terceros, a menos que lo exija una ley o sea necesario para cumplir con la finalidad del tratamiento.\n<\/p>\n<p style=\"font-weight: lighter; font-size:12px;\">Derechos: Acceder, rectificar y suprimir datos, as\u00ed como el resto que se explican en la pol\u00edtica de protecci\u00f3n de datos.\n<\/p>\n<p style=\"font-weight: lighter; font-size:12px;\">M\u00e1s informaci\u00f3n en nuestra pol\u00edtica de protecci\u00f3n de datos.\n<\/p>\n<p><input class=\"wpcf7-form-control wpcf7-submit has-spinner\" type=\"submit\" value=\"Enviar\" \/>\n<\/p><div class=\"wpcf7-response-output\" aria-hidden=\"true\"><\/div>\n<\/form>\n<\/div>\n[\/vc_column][\/vc_row]<\/p>\n<\/div>","protected":false},"excerpt":{"rendered":"<p>[vc_row gap=\u00bb35&#8243;][vc_column width=\u00bb2\/3&#8243;][vc_single_image image=\u00bb424&#8243;][vc_column_text] Cada vez el c\u00e9sped artificial a medida en Blanes, est\u00e1 m\u00e1s de moda y con m\u00e1s aceptaci\u00f3n para la decoraci\u00f3n y el paisajismo de los hogares. Su resultado es excelente, cumple con todas las necesidades de nuestro cliente, es la perfecta combinaci\u00f3n, entre, est\u00e9tica y comodidad. Su aspecto es impecable y realista, durante todo el a\u00f1o,<\/p>\n<div class=\"h10\"><\/div>\n<p><a class=\"more-link1\" href=\"https:\/\/naturcesped.com\/es\/cesped-artificial-a-medida-en-blanes\/\">Read more<\/a><\/p>\n","protected":false},"author":1,"featured_media":0,"parent":0,"menu_order":0,"comment_status":"closed","ping_status":"closed","template":"","meta":{"footnotes":""},"class_list":["post-1128","page","type-page","status-publish","hentry"],"yoast_head":"<!-- This site is optimized with the Yoast SEO plugin v26.3 - https:\/\/yoast.com\/wordpress\/plugins\/seo\/ -->\n<title>C\u00e9sped artificial a medida en Blanes - NaturC\u00e9sped<\/title>\n<meta name=\"robots\" content=\"index, follow, max-snippet:-1, max-image-preview:large, max-video-preview:-1\" \/>\n<link rel=\"canonical\" href=\"https:\/\/naturcesped.com\/es\/cesped-artificial-a-medida-en-blanes\/\" \/>\n<meta property=\"og:locale\" content=\"es_ES\" \/>\n<meta property=\"og:type\" content=\"article\" \/>\n<meta property=\"og:title\" content=\"C\u00e9sped artificial a medida en Blanes - NaturC\u00e9sped\" \/>\n<meta property=\"og:description\" content=\"[vc_row gap=\u00bb35&#8243;][vc_column width=\u00bb2\/3&#8243;][vc_single_image image=\u00bb424&#8243;][vc_column_text] Cada vez el c\u00e9sped artificial a medida en Blanes, est\u00e1 m\u00e1s de moda y con m\u00e1s aceptaci\u00f3n para la decoraci\u00f3n y el paisajismo de los hogares. Su resultado es excelente, cumple con todas las necesidades de nuestro cliente, es la perfecta combinaci\u00f3n, entre, est\u00e9tica y comodidad. Su aspecto es impecable y realista, durante todo el a\u00f1o,Read more\" \/>\n<meta property=\"og:url\" content=\"https:\/\/naturcesped.com\/es\/cesped-artificial-a-medida-en-blanes\/\" \/>\n<meta property=\"og:site_name\" content=\"NaturC\u00e9sped\" \/>\n<meta property=\"article:modified_time\" content=\"2023-12-19T10:27:46+00:00\" \/>\n<meta name=\"twitter:card\" content=\"summary_large_image\" \/>\n<meta name=\"twitter:label1\" content=\"Tiempo de lectura\" \/>\n\t<meta name=\"twitter:data1\" content=\"3 minutos\" \/>\n<script type=\"application\/ld+json\" class=\"yoast-schema-graph\">{\"@context\":\"https:\/\/schema.org\",\"@graph\":[{\"@type\":\"WebPage\",\"@id\":\"https:\/\/naturcesped.com\/es\/cesped-artificial-a-medida-en-blanes\/\",\"url\":\"https:\/\/naturcesped.com\/es\/cesped-artificial-a-medida-en-blanes\/\",\"name\":\"C\u00e9sped artificial a medida en Blanes - NaturC\u00e9sped\",\"isPartOf\":{\"@id\":\"https:\/\/naturcesped.com\/es\/#website\"},\"datePublished\":\"2023-01-12T12:40:15+00:00\",\"dateModified\":\"2023-12-19T10:27:46+00:00\",\"breadcrumb\":{\"@id\":\"https:\/\/naturcesped.com\/es\/cesped-artificial-a-medida-en-blanes\/#breadcrumb\"},\"inLanguage\":\"es\",\"potentialAction\":[{\"@type\":\"ReadAction\",\"target\":[\"https:\/\/naturcesped.com\/es\/cesped-artificial-a-medida-en-blanes\/\"]}]},{\"@type\":\"BreadcrumbList\",\"@id\":\"https:\/\/naturcesped.com\/es\/cesped-artificial-a-medida-en-blanes\/#breadcrumb\",\"itemListElement\":[{\"@type\":\"ListItem\",\"position\":1,\"name\":\"Portada\",\"item\":\"https:\/\/naturcesped.com\/es\/\"},{\"@type\":\"ListItem\",\"position\":2,\"name\":\"C\u00e9sped artificial a medida en Blanes\"}]},{\"@type\":\"WebSite\",\"@id\":\"https:\/\/naturcesped.com\/es\/#website\",\"url\":\"https:\/\/naturcesped.com\/es\/\",\"name\":\"NaturC\u00e9sped\",\"description\":\"C\u00e9sped artificial en Girona\",\"potentialAction\":[{\"@type\":\"SearchAction\",\"target\":{\"@type\":\"EntryPoint\",\"urlTemplate\":\"https:\/\/naturcesped.com\/es\/?s={search_term_string}\"},\"query-input\":{\"@type\":\"PropertyValueSpecification\",\"valueRequired\":true,\"valueName\":\"search_term_string\"}}],\"inLanguage\":\"es\"}]}<\/script>\n<!-- \/ Yoast SEO plugin. -->","yoast_head_json":{"title":"C\u00e9sped artificial a medida en Blanes - NaturC\u00e9sped","robots":{"index":"index","follow":"follow","max-snippet":"max-snippet:-1","max-image-preview":"max-image-preview:large","max-video-preview":"max-video-preview:-1"},"canonical":"https:\/\/naturcesped.com\/es\/cesped-artificial-a-medida-en-blanes\/","og_locale":"es_ES","og_type":"article","og_title":"C\u00e9sped artificial a medida en Blanes - NaturC\u00e9sped","og_description":"[vc_row gap=\u00bb35&#8243;][vc_column width=\u00bb2\/3&#8243;][vc_single_image image=\u00bb424&#8243;][vc_column_text] Cada vez el c\u00e9sped artificial a medida en Blanes, est\u00e1 m\u00e1s de moda y con m\u00e1s aceptaci\u00f3n para la decoraci\u00f3n y el paisajismo de los hogares. Su resultado es excelente, cumple con todas las necesidades de nuestro cliente, es la perfecta combinaci\u00f3n, entre, est\u00e9tica y comodidad. Su aspecto es impecable y realista, durante todo el a\u00f1o,Read more","og_url":"https:\/\/naturcesped.com\/es\/cesped-artificial-a-medida-en-blanes\/","og_site_name":"NaturC\u00e9sped","article_modified_time":"2023-12-19T10:27:46+00:00","twitter_card":"summary_large_image","twitter_misc":{"Tiempo de lectura":"3 minutos"},"schema":{"@context":"https:\/\/schema.org","@graph":[{"@type":"WebPage","@id":"https:\/\/naturcesped.com\/es\/cesped-artificial-a-medida-en-blanes\/","url":"https:\/\/naturcesped.com\/es\/cesped-artificial-a-medida-en-blanes\/","name":"C\u00e9sped artificial a medida en Blanes - NaturC\u00e9sped","isPartOf":{"@id":"https:\/\/naturcesped.com\/es\/#website"},"datePublished":"2023-01-12T12:40:15+00:00","dateModified":"2023-12-19T10:27:46+00:00","breadcrumb":{"@id":"https:\/\/naturcesped.com\/es\/cesped-artificial-a-medida-en-blanes\/#breadcrumb"},"inLanguage":"es","potentialAction":[{"@type":"ReadAction","target":["https:\/\/naturcesped.com\/es\/cesped-artificial-a-medida-en-blanes\/"]}]},{"@type":"BreadcrumbList","@id":"https:\/\/naturcesped.com\/es\/cesped-artificial-a-medida-en-blanes\/#breadcrumb","itemListElement":[{"@type":"ListItem","position":1,"name":"Portada","item":"https:\/\/naturcesped.com\/es\/"},{"@type":"ListItem","position":2,"name":"C\u00e9sped artificial a medida en Blanes"}]},{"@type":"WebSite","@id":"https:\/\/naturcesped.com\/es\/#website","url":"https:\/\/naturcesped.com\/es\/","name":"NaturC\u00e9sped","description":"C\u00e9sped artificial en Girona","potentialAction":[{"@type":"SearchAction","target":{"@type":"EntryPoint","urlTemplate":"https:\/\/naturcesped.com\/es\/?s={search_term_string}"},"query-input":{"@type":"PropertyValueSpecification","valueRequired":true,"valueName":"search_term_string"}}],"inLanguage":"es"}]}},"_links":{"self":[{"href":"https:\/\/naturcesped.com\/es\/wp-json\/wp\/v2\/pages\/1128","targetHints":{"allow":["GET"]}}],"collection":[{"href":"https:\/\/naturcesped.com\/es\/wp-json\/wp\/v2\/pages"}],"about":[{"href":"https:\/\/naturcesped.com\/es\/wp-json\/wp\/v2\/types\/page"}],"author":[{"embeddable":true,"href":"https:\/\/naturcesped.com\/es\/wp-json\/wp\/v2\/users\/1"}],"replies":[{"embeddable":true,"href":"https:\/\/naturcesped.com\/es\/wp-json\/wp\/v2\/comments?post=1128"}],"version-history":[{"count":0,"href":"https:\/\/naturcesped.com\/es\/wp-json\/wp\/v2\/pages\/1128\/revisions"}],"wp:attachment":[{"href":"https:\/\/naturcesped.com\/es\/wp-json\/wp\/v2\/media?parent=1128"}],"curies":[{"name":"wp","href":"https:\/\/api.w.org\/{rel}","templated":true}]}}