{"id":112,"date":"2022-09-30T11:09:56","date_gmt":"2022-09-30T11:09:56","guid":{"rendered":"https:\/\/naturcesped.com\/?page_id=112"},"modified":"2022-10-05T09:47:03","modified_gmt":"2022-10-05T09:47:03","slug":"servicio-de-instalacion","status":"publish","type":"page","link":"https:\/\/naturcesped.com\/es\/instalacion\/servicio-de-instalacion\/","title":{"rendered":"Servicio de instalaci\u00f3n"},"content":{"rendered":"<div class=\"wpb-content-wrapper\"><p>[vc_row][vc_column]<div class=\"boc_spacing \" style=\"height: 40px\"><\/div>[\/vc_column][\/vc_row][vc_row gap=\u00bb35&#8243;][vc_column width=\u00bb1\/3&#8243;][vc_column_text]<\/p>\n<h2>INSTALACI\u00d3N<\/h2>\n<hr \/>\n<h3><strong>Servicio de instalaci\u00f3n<\/strong><\/h3>\n<hr \/>\n<h3><span style=\"color: #000000;\"><a style=\"color: #000000;\" href=\"\/es\/instalacion\/aplicaciones\">Aplicaciones<\/a><\/span><\/h3>\n<hr \/>\n<h3><a href=\"\/instalacion\/pedir-presupuesto\"><span style=\"color: #000000;\">Pedir presupuesto<\/span><\/a><\/h3>\n<hr \/>\n<p>[\/vc_column_text][\/vc_column][vc_column width=\u00bb2\/3&#8243;][vc_raw_html]JTVCYnJlYWRjcnVtYiU1RA==[\/vc_raw_html][vc_column_text]<\/p>\n<h1 style=\"font-weight: bold;\">SERVICIO DE INSTALACI\u00d3N<\/h1>\n<p><strong>Naturcesped<\/strong> dispone de personal altamente cualificado para la instalaci\u00f3n de c\u00e9sped artificial, ofrecemos un trato muy directo y cercano con el cliente<\/p>\n<p>En <strong>Naturcesped<\/strong> necesitamos preguntar para asesorarte el mejor producto seg\u00fan vaya a ser su uso, es por ello que seguimos unos pasos elementales:<\/p>\n<ul>\n<li style=\"list-style-type: none;\">\n<ul>\n<li>\u00bfQu\u00e9 uso se le va a dar al c\u00e9sped artificial?<br \/>\nTe aconsejamos y asesoramos. Necesitamos saber sobre qu\u00e9 base se va a instalar, cantidad de metros cuadrados, si va a ser una zona de mucha pisada o no, etc.<\/li>\n<\/ul>\n<\/li>\n<\/ul>\n<ul>\n<li style=\"list-style-type: none;\">\n<ul>\n<li>En 24-48 horas ya dispondr\u00e1s de un presupuesto personalizado acorde a tus necesidades, los productos que se acoplan, complementos que necesitas para proceder con la instalaci\u00f3n, etc.<\/li>\n<\/ul>\n<\/li>\n<\/ul>\n<ul>\n<li style=\"list-style-type: none;\">\n<ul>\n<li>Cuando aceptes el presupuesto, la instalaci\u00f3n de c\u00e9sped artificial se realizar\u00e1 en un plazo nunca superior a 2 semanas desde la confirmaci\u00f3n.<\/li>\n<\/ul>\n<\/li>\n<\/ul>\n<ul>\n<li style=\"list-style-type: none;\">\n<ul>\n<li>Para finalizar, verificaremos el resultado del trabajo contigo, para que todo quede conforme a tus expectativas y plena satisfacci\u00f3n.<\/li>\n<\/ul>\n<\/li>\n<\/ul>\n<p>[\/vc_column_text][\/vc_column][\/vc_row][vc_row][vc_column]<div class=\"boc_spacing \" style=\"height: 40px\"><\/div>[\/vc_column][\/vc_row]<\/p>\n<\/div>","protected":false},"excerpt":{"rendered":"<p>[vc_row][vc_column][\/vc_column][\/vc_row][vc_row gap=\u00bb35&#8243;][vc_column width=\u00bb1\/3&#8243;][vc_column_text] INSTALACI\u00d3N Servicio de instalaci\u00f3n Aplicaciones Pedir presupuesto [\/vc_column_text][\/vc_column][vc_column width=\u00bb2\/3&#8243;][vc_raw_html]JTVCYnJlYWRjcnVtYiU1RA==[\/vc_raw_html][vc_column_text] SERVICIO DE INSTALACI\u00d3N Naturcesped dispone de personal altamente cualificado para la instalaci\u00f3n de c\u00e9sped artificial, ofrecemos un trato muy directo y cercano con el cliente En Naturcesped necesitamos preguntar para asesorarte el mejor producto seg\u00fan vaya a ser su uso, es por ello que seguimos unos pasos elementales:<\/p>\n<div class=\"h10\"><\/div>\n<p><a class=\"more-link1\" href=\"https:\/\/naturcesped.com\/es\/instalacion\/servicio-de-instalacion\/\">Read more<\/a><\/p>\n","protected":false},"author":1,"featured_media":0,"parent":207,"menu_order":0,"comment_status":"closed","ping_status":"closed","template":"","meta":{"footnotes":""},"class_list":["post-112","page","type-page","status-publish","hentry"],"yoast_head":"<!-- This site is optimized with the Yoast SEO plugin v26.3 - https:\/\/yoast.com\/wordpress\/plugins\/seo\/ -->\n<title>Servicio de instalaci\u00f3n - Naturcesped<\/title>\n<meta name=\"description\" content=\"Instalaci\u00f3n del mejor c\u00e9sped artificial del mercado, contacta con nosotros. Equipo altamente cualificado y con experiencia.\" \/>\n<meta name=\"robots\" content=\"index, follow, max-snippet:-1, max-image-preview:large, max-video-preview:-1\" \/>\n<link rel=\"canonical\" href=\"https:\/\/naturcesped.com\/es\/instalacion\/servicio-de-instalacion\/\" \/>\n<meta property=\"og:locale\" content=\"es_ES\" \/>\n<meta property=\"og:type\" content=\"article\" \/>\n<meta property=\"og:title\" content=\"Servicio de instalaci\u00f3n - Naturcesped\" \/>\n<meta property=\"og:description\" content=\"Instalaci\u00f3n del mejor c\u00e9sped artificial del mercado, contacta con nosotros. Equipo altamente cualificado y con experiencia.\" \/>\n<meta property=\"og:url\" content=\"https:\/\/naturcesped.com\/es\/instalacion\/servicio-de-instalacion\/\" \/>\n<meta property=\"og:site_name\" content=\"NaturC\u00e9sped\" \/>\n<meta property=\"article:modified_time\" content=\"2022-10-05T09:47:03+00:00\" \/>\n<meta name=\"twitter:card\" content=\"summary_large_image\" \/>\n<meta name=\"twitter:label1\" content=\"Tiempo de lectura\" \/>\n\t<meta name=\"twitter:data1\" content=\"1 minuto\" \/>\n<script type=\"application\/ld+json\" class=\"yoast-schema-graph\">{\"@context\":\"https:\/\/schema.org\",\"@graph\":[{\"@type\":\"WebPage\",\"@id\":\"https:\/\/naturcesped.com\/es\/instalacion\/servicio-de-instalacion\/\",\"url\":\"https:\/\/naturcesped.com\/es\/instalacion\/servicio-de-instalacion\/\",\"name\":\"Servicio de instalaci\u00f3n - Naturcesped\",\"isPartOf\":{\"@id\":\"https:\/\/naturcesped.com\/es\/#website\"},\"datePublished\":\"2022-09-30T11:09:56+00:00\",\"dateModified\":\"2022-10-05T09:47:03+00:00\",\"description\":\"Instalaci\u00f3n del mejor c\u00e9sped artificial del mercado, contacta con nosotros. Equipo altamente cualificado y con experiencia.\",\"breadcrumb\":{\"@id\":\"https:\/\/naturcesped.com\/es\/instalacion\/servicio-de-instalacion\/#breadcrumb\"},\"inLanguage\":\"es\",\"potentialAction\":[{\"@type\":\"ReadAction\",\"target\":[\"https:\/\/naturcesped.com\/es\/instalacion\/servicio-de-instalacion\/\"]}]},{\"@type\":\"BreadcrumbList\",\"@id\":\"https:\/\/naturcesped.com\/es\/instalacion\/servicio-de-instalacion\/#breadcrumb\",\"itemListElement\":[{\"@type\":\"ListItem\",\"position\":1,\"name\":\"Portada\",\"item\":\"https:\/\/naturcesped.com\/es\/\"},{\"@type\":\"ListItem\",\"position\":2,\"name\":\"Instalaci\u00f3n\",\"item\":\"https:\/\/naturcesped.com\/es\/instalacion\/\"},{\"@type\":\"ListItem\",\"position\":3,\"name\":\"Servicio de instalaci\u00f3n\"}]},{\"@type\":\"WebSite\",\"@id\":\"https:\/\/naturcesped.com\/es\/#website\",\"url\":\"https:\/\/naturcesped.com\/es\/\",\"name\":\"NaturC\u00e9sped\",\"description\":\"C\u00e9sped artificial en Girona\",\"potentialAction\":[{\"@type\":\"SearchAction\",\"target\":{\"@type\":\"EntryPoint\",\"urlTemplate\":\"https:\/\/naturcesped.com\/es\/?s={search_term_string}\"},\"query-input\":{\"@type\":\"PropertyValueSpecification\",\"valueRequired\":true,\"valueName\":\"search_term_string\"}}],\"inLanguage\":\"es\"}]}<\/script>\n<!-- \/ Yoast SEO plugin. -->","yoast_head_json":{"title":"Servicio de instalaci\u00f3n - Naturcesped","description":"Instalaci\u00f3n del mejor c\u00e9sped artificial del mercado, contacta con nosotros. Equipo altamente cualificado y con experiencia.","robots":{"index":"index","follow":"follow","max-snippet":"max-snippet:-1","max-image-preview":"max-image-preview:large","max-video-preview":"max-video-preview:-1"},"canonical":"https:\/\/naturcesped.com\/es\/instalacion\/servicio-de-instalacion\/","og_locale":"es_ES","og_type":"article","og_title":"Servicio de instalaci\u00f3n - Naturcesped","og_description":"Instalaci\u00f3n del mejor c\u00e9sped artificial del mercado, contacta con nosotros. Equipo altamente cualificado y con experiencia.","og_url":"https:\/\/naturcesped.com\/es\/instalacion\/servicio-de-instalacion\/","og_site_name":"NaturC\u00e9sped","article_modified_time":"2022-10-05T09:47:03+00:00","twitter_card":"summary_large_image","twitter_misc":{"Tiempo de lectura":"1 minuto"},"schema":{"@context":"https:\/\/schema.org","@graph":[{"@type":"WebPage","@id":"https:\/\/naturcesped.com\/es\/instalacion\/servicio-de-instalacion\/","url":"https:\/\/naturcesped.com\/es\/instalacion\/servicio-de-instalacion\/","name":"Servicio de instalaci\u00f3n - Naturcesped","isPartOf":{"@id":"https:\/\/naturcesped.com\/es\/#website"},"datePublished":"2022-09-30T11:09:56+00:00","dateModified":"2022-10-05T09:47:03+00:00","description":"Instalaci\u00f3n del mejor c\u00e9sped artificial del mercado, contacta con nosotros. Equipo altamente cualificado y con experiencia.","breadcrumb":{"@id":"https:\/\/naturcesped.com\/es\/instalacion\/servicio-de-instalacion\/#breadcrumb"},"inLanguage":"es","potentialAction":[{"@type":"ReadAction","target":["https:\/\/naturcesped.com\/es\/instalacion\/servicio-de-instalacion\/"]}]},{"@type":"BreadcrumbList","@id":"https:\/\/naturcesped.com\/es\/instalacion\/servicio-de-instalacion\/#breadcrumb","itemListElement":[{"@type":"ListItem","position":1,"name":"Portada","item":"https:\/\/naturcesped.com\/es\/"},{"@type":"ListItem","position":2,"name":"Instalaci\u00f3n","item":"https:\/\/naturcesped.com\/es\/instalacion\/"},{"@type":"ListItem","position":3,"name":"Servicio de instalaci\u00f3n"}]},{"@type":"WebSite","@id":"https:\/\/naturcesped.com\/es\/#website","url":"https:\/\/naturcesped.com\/es\/","name":"NaturC\u00e9sped","description":"C\u00e9sped artificial en Girona","potentialAction":[{"@type":"SearchAction","target":{"@type":"EntryPoint","urlTemplate":"https:\/\/naturcesped.com\/es\/?s={search_term_string}"},"query-input":{"@type":"PropertyValueSpecification","valueRequired":true,"valueName":"search_term_string"}}],"inLanguage":"es"}]}},"_links":{"self":[{"href":"https:\/\/naturcesped.com\/es\/wp-json\/wp\/v2\/pages\/112","targetHints":{"allow":["GET"]}}],"collection":[{"href":"https:\/\/naturcesped.com\/es\/wp-json\/wp\/v2\/pages"}],"about":[{"href":"https:\/\/naturcesped.com\/es\/wp-json\/wp\/v2\/types\/page"}],"author":[{"embeddable":true,"href":"https:\/\/naturcesped.com\/es\/wp-json\/wp\/v2\/users\/1"}],"replies":[{"embeddable":true,"href":"https:\/\/naturcesped.com\/es\/wp-json\/wp\/v2\/comments?post=112"}],"version-history":[{"count":0,"href":"https:\/\/naturcesped.com\/es\/wp-json\/wp\/v2\/pages\/112\/revisions"}],"up":[{"embeddable":true,"href":"https:\/\/naturcesped.com\/es\/wp-json\/wp\/v2\/pages\/207"}],"wp:attachment":[{"href":"https:\/\/naturcesped.com\/es\/wp-json\/wp\/v2\/media?parent=112"}],"curies":[{"name":"wp","href":"https:\/\/api.w.org\/{rel}","templated":true}]}}