{"id":1102,"date":"2023-01-03T09:59:30","date_gmt":"2023-01-03T09:59:30","guid":{"rendered":"https:\/\/naturcesped.com\/?page_id=1102"},"modified":"2023-12-20T09:46:48","modified_gmt":"2023-12-20T09:46:48","slug":"cesped-artificial-vilademuls","status":"publish","type":"page","link":"https:\/\/naturcesped.com\/es\/cesped-artificial-vilademuls\/","title":{"rendered":"C\u00e9sped artificial Vilademuls"},"content":{"rendered":"<div class=\"wpb-content-wrapper\"><p>[vc_row gap=\u00bb35&#8243;][vc_column width=\u00bb2\/3&#8243;][vc_single_image image=\u00bb424&#8243;][vc_column_text]<\/p>\n<p style=\"text-align: justify;\">Los propietarios en Vilademuls saben la importancia de mantener sus espacios en el mejor estado. Por esto, el <strong>c\u00e9sped artificial en Vilademuls<\/strong> es una soluci\u00f3n ideal.<\/p>\n<p style=\"text-align: justify;\">El <strong>c\u00e9sped artificial en Vilademuls <\/strong>se mantiene hermoso sin importar el clima o la estaci\u00f3n. Mientras que un c\u00e9sped \u00abreal\u00bb requiere un riego regular, generalmente temprano en la ma\u00f1ana y tarde en la noche, el <strong>c\u00e9sped artificial en Vilademuls <\/strong>no lo requiere. De hecho, todo lo que necesitar\u00eda para usar el agua es para la limpieza ocasional. De vez en cuando, aseg\u00farese de lavar las aspas con una buena cantidad de H2O para eliminar la suciedad. Gracias a esto, el <strong>c\u00e9sped artificial en Vilademuls <\/strong>es una opci\u00f3n perfecta para la conservaci\u00f3n del agua y la reducci\u00f3n de sus facturas.<\/p>\n<p>[\/vc_column_text][vc_row_inner][vc_column_inner width=\u00bb1\/3&#8243;][\/vc_column_inner][vc_column_inner width=\u00bb1\/3&#8243;]<a\thref=\"https:\/\/naturcesped.com\/es\/contacto\/\" \n\t\t\t\tclass=\"button btn_large btn_theme_color btn_rounded btn_normal_style    \"  target='_self'><span>CONTACTA CON NOSOTROS<\/span><\/a>[\/vc_column_inner][vc_column_inner width=\u00bb1\/3&#8243;][\/vc_column_inner][\/vc_row_inner][vc_column_text]<\/p>\n<p style=\"text-align: justify;\">Cortar el c\u00e9sped es sin duda una de las tareas m\u00e1s odiadas que debe hacer al contar con un espacio \u201cverde\u201d. Bueno, con el <strong>c\u00e9sped artificial en Vilademuls<\/strong>, simplemente ya no necesitar\u00e1 su cortac\u00e9sped. El <strong>c\u00e9sped artificial en Vilademuls <\/strong>no crece, por lo que podr\u00e1 dedicar este tiempo adicional a disfrutar de su c\u00e9sped, jugar con sus hijos o mascotas o hacer un buen picnic<\/p>\n<p style=\"text-align: justify;\">Uno de los mayores problemas que tiene cualquier propietario de c\u00e9sped natural son las malas hierbas. El control de malezas es una tarea que requiere mucho tiempo y dinero. Pero, si tienes un <strong>c\u00e9sped artificial en Vilademuls<\/strong>, las malas hierbas no lo da\u00f1ar\u00e1n. Por supuesto, es posible que a\u00fan necesite sacar algo de hierba aqu\u00ed y all\u00e1, pero mucho menos que si tuviera un c\u00e9sped natural.<\/p>\n<p style=\"text-align: justify;\">A esto se suma que el <strong>c\u00e9sped artificial en Vilademuls no<\/strong> necesita fertilizantes para verse exuberante y verde. Tambi\u00e9n puedes olvidarte de cualquier problema de plagas. No estar\u00e1n interesados en este material. Al evitar los pesticidas, tambi\u00e9n ayuda al medio ambiente, ya que estos est\u00e1n hechos de productos qu\u00edmicos t\u00f3xicos. Adem\u00e1s, es otra forma de ahorrar algo de dinero.<\/p>\n<p style=\"text-align: justify;\">Una vez que instale con \u00e9xito el <strong>c\u00e9sped artificial en Vilademuls<\/strong>, no tendr\u00e1 que preocuparse por el desgaste durante muchos a\u00f1os. Este material est\u00e1 hecho para durar y soportar todo tipo de climas, cambios de tiempo y tr\u00e1fico. Ni siquiera tendr\u00e1s que preocuparte de que pierda color, ya que las fibras ahora est\u00e1n estabilizadas contra los rayos UV y no se desvanecer\u00e1n incluso bajo el sol m\u00e1s fuerte.<\/p>\n<p style=\"text-align: justify;\">Dado que un <strong>c\u00e9sped artificial en Vilademuls <\/strong>carece de herbicidas, pesticidas, fertilizantes y otros productos qu\u00edmicos que tendr\u00eda que usar en un c\u00e9sped natural, son perfectamente seguros para que jueguen sus hijos.<\/p>\n<p style=\"text-align: justify;\">Si busca a los mejore profesionales para la instalaci\u00f3n del <strong>c\u00e9sped artificial en Vilademuls, <\/strong>comun\u00edquese con nosotros hoy mismo. Creamos soluciones a la medida para crear el espacio de sus sue\u00f1os. \u00a1Lo esperamos!<\/p>\n<p>[\/vc_column_text][\/vc_column][vc_column width=\u00bb1\/3&#8243;][vc_column_text]<\/p>\n<h2 style=\"text-align: center;\">Cont\u00e1ctanos para m\u00e1s informaci\u00f3n<\/h2>\n<p>[\/vc_column_text]<div class=\"boc_divider_holder\"><div class=\"boc_divider  \"  style=\"margin-top: 20px;margin-bottom: 20px;height: 1px;background: #eeeeee;\"><\/div><\/div>\n<div class=\"wpcf7 no-js\" id=\"wpcf7-f202-o1\" lang=\"es-ES\" dir=\"ltr\" data-wpcf7-id=\"202\">\n<div class=\"screen-reader-response\"><p role=\"status\" aria-live=\"polite\" aria-atomic=\"true\"><\/p> <ul><\/ul><\/div>\n<form action=\"\/es\/wp-json\/wp\/v2\/pages\/1102#wpcf7-f202-o1\" method=\"post\" class=\"wpcf7-form init\" aria-label=\"Formulario de contacto\" novalidate=\"novalidate\" data-status=\"init\">\n<fieldset class=\"hidden-fields-container\"><input type=\"hidden\" name=\"_wpcf7\" value=\"202\" \/><input type=\"hidden\" name=\"_wpcf7_version\" value=\"6.1.3\" \/><input type=\"hidden\" name=\"_wpcf7_locale\" value=\"es_ES\" \/><input type=\"hidden\" name=\"_wpcf7_unit_tag\" value=\"wpcf7-f202-o1\" \/><input type=\"hidden\" name=\"_wpcf7_container_post\" value=\"0\" \/><input type=\"hidden\" name=\"_wpcf7_posted_data_hash\" value=\"\" \/><input type=\"hidden\" name=\"_wpcf7_recaptcha_response\" value=\"\" \/>\n<\/fieldset>\n<p><label> Nombre y apellidos *<br \/>\n<span class=\"wpcf7-form-control-wrap\" data-name=\"your-name\"><input size=\"40\" maxlength=\"400\" class=\"wpcf7-form-control wpcf7-text wpcf7-validates-as-required\" aria-required=\"true\" aria-invalid=\"false\" value=\"\" type=\"text\" name=\"your-name\" \/><\/span> <\/label>\n<\/p>\n<p><label> Tel\u00e9fono *<br \/>\n<span class=\"wpcf7-form-control-wrap\" data-name=\"your-phone\"><input size=\"40\" maxlength=\"400\" class=\"wpcf7-form-control wpcf7-text wpcf7-validates-as-required\" aria-required=\"true\" aria-invalid=\"false\" value=\"\" type=\"text\" name=\"your-phone\" \/><\/span> <\/label>\n<\/p>\n<p><label> Correo electr\u00f3nico *<br \/>\n<span class=\"wpcf7-form-control-wrap\" data-name=\"your-email\"><input size=\"40\" maxlength=\"400\" class=\"wpcf7-form-control wpcf7-email wpcf7-validates-as-required wpcf7-text wpcf7-validates-as-email\" aria-required=\"true\" aria-invalid=\"false\" value=\"\" type=\"email\" name=\"your-email\" \/><\/span> <\/label>\n<\/p>\n<p><label> Municipio *<br \/>\n<span class=\"wpcf7-form-control-wrap\" data-name=\"your-town\"><input size=\"40\" maxlength=\"400\" class=\"wpcf7-form-control wpcf7-text wpcf7-validates-as-required\" aria-required=\"true\" aria-invalid=\"false\" value=\"\" type=\"text\" name=\"your-town\" \/><\/span> <\/label>\n<\/p>\n<p><label> Cantidad de m\u00b2<br \/>\n<span class=\"wpcf7-form-control-wrap\" data-name=\"your-meters\"><input size=\"40\" maxlength=\"400\" class=\"wpcf7-form-control wpcf7-text\" aria-invalid=\"false\" value=\"\" type=\"text\" name=\"your-meters\" \/><\/span> <\/label>\n<\/p>\n<p><label> Terreno actual *<br \/>\n<span class=\"wpcf7-form-control-wrap\" data-name=\"radio-509\"><span class=\"wpcf7-form-control wpcf7-radio\"><span class=\"wpcf7-list-item first\"><label><input type=\"radio\" name=\"radio-509\" value=\"Tierra\" checked=\"checked\" \/><span class=\"wpcf7-list-item-label\">Tierra<\/span><\/label><\/span><span class=\"wpcf7-list-item\"><label><input type=\"radio\" name=\"radio-509\" value=\"C\u00e9sped natural\" \/><span class=\"wpcf7-list-item-label\">C\u00e9sped natural<\/span><\/label><\/span><span class=\"wpcf7-list-item\"><label><input type=\"radio\" name=\"radio-509\" value=\"Pavimento\" \/><span class=\"wpcf7-list-item-label\">Pavimento<\/span><\/label><\/span><span class=\"wpcf7-list-item last\"><label><input type=\"radio\" name=\"radio-509\" value=\"C\u00e9sped artificial\" \/><span class=\"wpcf7-list-item-label\">C\u00e9sped artificial<\/span><\/label><\/span><\/span><\/span> <\/label>\n<\/p>\n<p><label> Mensaje *<br \/>\n<span class=\"wpcf7-form-control-wrap\" data-name=\"your-message\"><textarea cols=\"40\" rows=\"3\" maxlength=\"2000\" class=\"wpcf7-form-control wpcf7-textarea wpcf7-validates-as-required\" aria-required=\"true\" aria-invalid=\"false\" name=\"your-message\"><\/textarea><\/span> <\/label>\n<\/p>\n<p style=\"font-weight: lighter; font-size:12px;\">Informaci\u00f3n b\u00e1sica sobre el tratamiento de datos (Reglamento (UE) 2016\/679 y LO 3\/2018)<br \/>\nResponsable del tratamiento: Naturcesped C\u00e9sped Artificial, SL.\n<\/p>\n<p style=\"font-weight: lighter; font-size:12px;\">Finalidad: Ofrecer, prestar y facturar nuestros servicios y productos.\n<\/p>\n<p style=\"font-weight: lighter; font-size:12px;\">Legitimaci\u00f3n: Consentimiento del interesado.\n<\/p>\n<p style=\"font-weight: lighter; font-size:12px;\">Destinatarios: Los datos no se ceder\u00e1n a terceros, a menos que lo exija una ley o sea necesario para cumplir con la finalidad del tratamiento.\n<\/p>\n<p style=\"font-weight: lighter; font-size:12px;\">Derechos: Acceder, rectificar y suprimir datos, as\u00ed como el resto que se explican en la pol\u00edtica de protecci\u00f3n de datos.\n<\/p>\n<p style=\"font-weight: lighter; font-size:12px;\">M\u00e1s informaci\u00f3n en nuestra pol\u00edtica de protecci\u00f3n de datos.\n<\/p>\n<p><input class=\"wpcf7-form-control wpcf7-submit has-spinner\" type=\"submit\" value=\"Enviar\" \/>\n<\/p><div class=\"wpcf7-response-output\" aria-hidden=\"true\"><\/div>\n<\/form>\n<\/div>\n[\/vc_column][\/vc_row]<\/p>\n<\/div>","protected":false},"excerpt":{"rendered":"<p>[vc_row gap=\u00bb35&#8243;][vc_column width=\u00bb2\/3&#8243;][vc_single_image image=\u00bb424&#8243;][vc_column_text] Los propietarios en Vilademuls saben la importancia de mantener sus espacios en el mejor estado. Por esto, el c\u00e9sped artificial en Vilademuls es una soluci\u00f3n ideal. El c\u00e9sped artificial en Vilademuls se mantiene hermoso sin importar el clima o la estaci\u00f3n. Mientras que un c\u00e9sped \u00abreal\u00bb requiere un riego regular, generalmente temprano en la ma\u00f1ana y<\/p>\n<div class=\"h10\"><\/div>\n<p><a class=\"more-link1\" href=\"https:\/\/naturcesped.com\/es\/cesped-artificial-vilademuls\/\">Read more<\/a><\/p>\n","protected":false},"author":1,"featured_media":0,"parent":0,"menu_order":0,"comment_status":"closed","ping_status":"closed","template":"","meta":{"footnotes":""},"class_list":["post-1102","page","type-page","status-publish","hentry"],"yoast_head":"<!-- This site is optimized with the Yoast SEO plugin v26.3 - https:\/\/yoast.com\/wordpress\/plugins\/seo\/ -->\n<title>C\u00e9sped artificial Vilademuls - NaturC\u00e9sped<\/title>\n<meta name=\"robots\" content=\"index, follow, max-snippet:-1, max-image-preview:large, max-video-preview:-1\" \/>\n<link rel=\"canonical\" href=\"https:\/\/naturcesped.com\/es\/cesped-artificial-vilademuls\/\" \/>\n<meta property=\"og:locale\" content=\"es_ES\" \/>\n<meta property=\"og:type\" content=\"article\" \/>\n<meta property=\"og:title\" content=\"C\u00e9sped artificial Vilademuls - NaturC\u00e9sped\" \/>\n<meta property=\"og:description\" content=\"[vc_row gap=\u00bb35&#8243;][vc_column width=\u00bb2\/3&#8243;][vc_single_image image=\u00bb424&#8243;][vc_column_text] Los propietarios en Vilademuls saben la importancia de mantener sus espacios en el mejor estado. Por esto, el c\u00e9sped artificial en Vilademuls es una soluci\u00f3n ideal. El c\u00e9sped artificial en Vilademuls se mantiene hermoso sin importar el clima o la estaci\u00f3n. Mientras que un c\u00e9sped \u00abreal\u00bb requiere un riego regular, generalmente temprano en la ma\u00f1ana yRead more\" \/>\n<meta property=\"og:url\" content=\"https:\/\/naturcesped.com\/es\/cesped-artificial-vilademuls\/\" \/>\n<meta property=\"og:site_name\" content=\"NaturC\u00e9sped\" \/>\n<meta property=\"article:modified_time\" content=\"2023-12-20T09:46:48+00:00\" \/>\n<meta name=\"twitter:card\" content=\"summary_large_image\" \/>\n<meta name=\"twitter:label1\" content=\"Tiempo de lectura\" \/>\n\t<meta name=\"twitter:data1\" content=\"3 minutos\" \/>\n<script type=\"application\/ld+json\" class=\"yoast-schema-graph\">{\"@context\":\"https:\/\/schema.org\",\"@graph\":[{\"@type\":\"WebPage\",\"@id\":\"https:\/\/naturcesped.com\/es\/cesped-artificial-vilademuls\/\",\"url\":\"https:\/\/naturcesped.com\/es\/cesped-artificial-vilademuls\/\",\"name\":\"C\u00e9sped artificial Vilademuls - NaturC\u00e9sped\",\"isPartOf\":{\"@id\":\"https:\/\/naturcesped.com\/es\/#website\"},\"datePublished\":\"2023-01-03T09:59:30+00:00\",\"dateModified\":\"2023-12-20T09:46:48+00:00\",\"breadcrumb\":{\"@id\":\"https:\/\/naturcesped.com\/es\/cesped-artificial-vilademuls\/#breadcrumb\"},\"inLanguage\":\"es\",\"potentialAction\":[{\"@type\":\"ReadAction\",\"target\":[\"https:\/\/naturcesped.com\/es\/cesped-artificial-vilademuls\/\"]}]},{\"@type\":\"BreadcrumbList\",\"@id\":\"https:\/\/naturcesped.com\/es\/cesped-artificial-vilademuls\/#breadcrumb\",\"itemListElement\":[{\"@type\":\"ListItem\",\"position\":1,\"name\":\"Portada\",\"item\":\"https:\/\/naturcesped.com\/es\/\"},{\"@type\":\"ListItem\",\"position\":2,\"name\":\"C\u00e9sped artificial Vilademuls\"}]},{\"@type\":\"WebSite\",\"@id\":\"https:\/\/naturcesped.com\/es\/#website\",\"url\":\"https:\/\/naturcesped.com\/es\/\",\"name\":\"NaturC\u00e9sped\",\"description\":\"C\u00e9sped artificial en Girona\",\"potentialAction\":[{\"@type\":\"SearchAction\",\"target\":{\"@type\":\"EntryPoint\",\"urlTemplate\":\"https:\/\/naturcesped.com\/es\/?s={search_term_string}\"},\"query-input\":{\"@type\":\"PropertyValueSpecification\",\"valueRequired\":true,\"valueName\":\"search_term_string\"}}],\"inLanguage\":\"es\"}]}<\/script>\n<!-- \/ Yoast SEO plugin. -->","yoast_head_json":{"title":"C\u00e9sped artificial Vilademuls - NaturC\u00e9sped","robots":{"index":"index","follow":"follow","max-snippet":"max-snippet:-1","max-image-preview":"max-image-preview:large","max-video-preview":"max-video-preview:-1"},"canonical":"https:\/\/naturcesped.com\/es\/cesped-artificial-vilademuls\/","og_locale":"es_ES","og_type":"article","og_title":"C\u00e9sped artificial Vilademuls - NaturC\u00e9sped","og_description":"[vc_row gap=\u00bb35&#8243;][vc_column width=\u00bb2\/3&#8243;][vc_single_image image=\u00bb424&#8243;][vc_column_text] Los propietarios en Vilademuls saben la importancia de mantener sus espacios en el mejor estado. Por esto, el c\u00e9sped artificial en Vilademuls es una soluci\u00f3n ideal. El c\u00e9sped artificial en Vilademuls se mantiene hermoso sin importar el clima o la estaci\u00f3n. Mientras que un c\u00e9sped \u00abreal\u00bb requiere un riego regular, generalmente temprano en la ma\u00f1ana yRead more","og_url":"https:\/\/naturcesped.com\/es\/cesped-artificial-vilademuls\/","og_site_name":"NaturC\u00e9sped","article_modified_time":"2023-12-20T09:46:48+00:00","twitter_card":"summary_large_image","twitter_misc":{"Tiempo de lectura":"3 minutos"},"schema":{"@context":"https:\/\/schema.org","@graph":[{"@type":"WebPage","@id":"https:\/\/naturcesped.com\/es\/cesped-artificial-vilademuls\/","url":"https:\/\/naturcesped.com\/es\/cesped-artificial-vilademuls\/","name":"C\u00e9sped artificial Vilademuls - NaturC\u00e9sped","isPartOf":{"@id":"https:\/\/naturcesped.com\/es\/#website"},"datePublished":"2023-01-03T09:59:30+00:00","dateModified":"2023-12-20T09:46:48+00:00","breadcrumb":{"@id":"https:\/\/naturcesped.com\/es\/cesped-artificial-vilademuls\/#breadcrumb"},"inLanguage":"es","potentialAction":[{"@type":"ReadAction","target":["https:\/\/naturcesped.com\/es\/cesped-artificial-vilademuls\/"]}]},{"@type":"BreadcrumbList","@id":"https:\/\/naturcesped.com\/es\/cesped-artificial-vilademuls\/#breadcrumb","itemListElement":[{"@type":"ListItem","position":1,"name":"Portada","item":"https:\/\/naturcesped.com\/es\/"},{"@type":"ListItem","position":2,"name":"C\u00e9sped artificial Vilademuls"}]},{"@type":"WebSite","@id":"https:\/\/naturcesped.com\/es\/#website","url":"https:\/\/naturcesped.com\/es\/","name":"NaturC\u00e9sped","description":"C\u00e9sped artificial en Girona","potentialAction":[{"@type":"SearchAction","target":{"@type":"EntryPoint","urlTemplate":"https:\/\/naturcesped.com\/es\/?s={search_term_string}"},"query-input":{"@type":"PropertyValueSpecification","valueRequired":true,"valueName":"search_term_string"}}],"inLanguage":"es"}]}},"_links":{"self":[{"href":"https:\/\/naturcesped.com\/es\/wp-json\/wp\/v2\/pages\/1102","targetHints":{"allow":["GET"]}}],"collection":[{"href":"https:\/\/naturcesped.com\/es\/wp-json\/wp\/v2\/pages"}],"about":[{"href":"https:\/\/naturcesped.com\/es\/wp-json\/wp\/v2\/types\/page"}],"author":[{"embeddable":true,"href":"https:\/\/naturcesped.com\/es\/wp-json\/wp\/v2\/users\/1"}],"replies":[{"embeddable":true,"href":"https:\/\/naturcesped.com\/es\/wp-json\/wp\/v2\/comments?post=1102"}],"version-history":[{"count":0,"href":"https:\/\/naturcesped.com\/es\/wp-json\/wp\/v2\/pages\/1102\/revisions"}],"wp:attachment":[{"href":"https:\/\/naturcesped.com\/es\/wp-json\/wp\/v2\/media?parent=1102"}],"curies":[{"name":"wp","href":"https:\/\/api.w.org\/{rel}","templated":true}]}}