{"id":1098,"date":"2023-01-03T09:54:56","date_gmt":"2023-01-03T09:54:56","guid":{"rendered":"https:\/\/naturcesped.com\/?page_id=1098"},"modified":"2023-12-20T08:57:44","modified_gmt":"2023-12-20T08:57:44","slug":"cesped-artificial-la-bisbal-demporda","status":"publish","type":"page","link":"https:\/\/naturcesped.com\/es\/cesped-artificial-la-bisbal-demporda\/","title":{"rendered":"C\u00e9sped artificial la Bisbal d&#8217;Empord\u00e0"},"content":{"rendered":"<div class=\"wpb-content-wrapper\"><p>[vc_row gap=\u00bb35&#8243;][vc_column width=\u00bb2\/3&#8243;][vc_single_image image=\u00bb424&#8243;][vc_column_text]<\/p>\n<p style=\"text-align: justify;\">Si anhelas un hermoso y exuberante c\u00e9sped verde en La Bisbal d&#8217;Empord\u00e0, pero nunca has podido encontrar el tiempo, la paciencia o la habilidad para mantener uno, considera el <strong>c\u00e9sped artificial en <\/strong><strong>La Bisbal d&#8217;Empord\u00e0<\/strong>.<\/p>\n<p style=\"text-align: justify;\">Atr\u00e1s quedaron los d\u00edas en que el c\u00e9sped artificial parec\u00eda una alfombra verde; los desarrollos recientes han hecho que sea cada vez m\u00e1s dif\u00edcil saber si el c\u00e9sped en el que est\u00e1s parado es c\u00e9sped artificial o natural. Por lo tanto, no deber\u00eda sorprender que el <strong>c\u00e9sped artificial en <\/strong><strong>La Bisbal d&#8217;Empord\u00e0<\/strong> sea cada vez m\u00e1s popular.<\/p>\n<p>[\/vc_column_text][vc_row_inner][vc_column_inner width=\u00bb1\/3&#8243;][\/vc_column_inner][vc_column_inner width=\u00bb1\/3&#8243;]<a\thref=\"https:\/\/naturcesped.com\/es\/contacto\/\" \n\t\t\t\tclass=\"button btn_large btn_theme_color btn_rounded btn_normal_style    \"  target='_self'><span>CONTACTA CON NOSOTROS<\/span><\/a>[\/vc_column_inner][vc_column_inner width=\u00bb1\/3&#8243;][\/vc_column_inner][\/vc_row_inner][vc_column_text]<\/p>\n<p style=\"text-align: justify;\">El <strong>c\u00e9sped artificial en <\/strong><strong>La Bisbal d&#8217;Empord\u00e0<\/strong> es duradero. El pl\u00e1stico es un material muy duradero y se puede utilizar durante mucho tiempo sin comprometer su calidad. Puede instalar el <strong>c\u00e9sped artificial en <\/strong><strong>La Bisbal d&#8217;Empord\u00e0<\/strong> sin preocuparse por su durabilidad y se mantendr\u00e1 verde todo el a\u00f1o.<\/p>\n<p style=\"text-align: justify;\">Los c\u00e9spedes naturales verdes y lujosos requieren mucho mantenimiento: corte de c\u00e9sped, deshierbe, riego y tratamientos qu\u00edmicos, todo lo cual requiere tiempo, compromiso y dinero. Incluso con mucha dedicaci\u00f3n a su mantenimiento, su c\u00e9sped depende mucho del clima: los per\u00edodos de calor pueden dejarlo con un aspecto seco y amarillo, mientras que mucha lluvia lo convertir\u00e1 en un ba\u00f1o de lodo. Con <strong>c\u00e9sped artificial en <\/strong><strong>La Bisbal d&#8217;Empord\u00e0<\/strong>, su c\u00e9sped se ve perfecto sin importar el clima.<\/p>\n<p style=\"text-align: justify;\">Muchas personas se desaniman por los c\u00e9spedes artificiales debido al costo. Sin embargo, el <strong>c\u00e9sped artificial en <\/strong><strong>La Bisbal d&#8217;Empord\u00e0<\/strong> no cuesta mucho m\u00e1s que el c\u00e9sped de buena calidad por metro cuadrado y, como no requiere ning\u00fan mantenimiento continuo, puede ahorrarle dinero a largo plazo.<\/p>\n<p style=\"text-align: justify;\">A diferencia del c\u00e9sped natural, el <strong>c\u00e9sped artificial en <\/strong><strong>La Bisbal d&#8217;Empord\u00e0<\/strong> no requiere corte, bordeado ni deshierbe, todo lo que tiene que hacer es quitar las hojas de vez en cuando y darles un cepillo r\u00e1pido para que se vean fant\u00e1sticos, lo que le da m\u00e1s tiempo para disfrutar realmente de su jard\u00edn.<\/p>\n<p style=\"text-align: justify;\">El <strong>c\u00e9sped artificial en <\/strong><strong>La Bisbal d&#8217;Empord\u00e0<\/strong> es muy suave para las manos y los pies de los peque\u00f1os, lo que lo convierte en la elecci\u00f3n perfecta para los hogares con ni\u00f1os peque\u00f1os. Debido a que el <strong>c\u00e9sped artificial en <\/strong><strong>La Bisbal d&#8217;Empord\u00e0<\/strong> no se ensucia, no hay raz\u00f3n para mantener a los ni\u00f1os alejados del c\u00e9sped.<\/p>\n<p style=\"text-align: justify;\">Si est\u00e1 planificando la instalaci\u00f3n del <strong>c\u00e9sped artificial en <\/strong><strong>La Bisbal d&#8217;Empord\u00e0, <\/strong>cuente con nuestro equipo de expertos que se encargar\u00e1n de todo el proceso, cumpliendo con todas sus expectativas y necesidades. Somos los mejores en el sector y aseguramos de que la instalaci\u00f3n se realice de forma ideal, en el menor tiempo posible y de forma eficiente. \u00a1Esperamos su llamada!<\/p>\n<p>[\/vc_column_text][\/vc_column][vc_column width=\u00bb1\/3&#8243;][vc_column_text]<\/p>\n<h2 style=\"text-align: center;\">Cont\u00e1ctanos para m\u00e1s informaci\u00f3n<\/h2>\n<p>[\/vc_column_text]<div class=\"boc_divider_holder\"><div class=\"boc_divider  \"  style=\"margin-top: 20px;margin-bottom: 20px;height: 1px;background: #eeeeee;\"><\/div><\/div>\n<div class=\"wpcf7 no-js\" id=\"wpcf7-f202-o1\" lang=\"es-ES\" dir=\"ltr\" data-wpcf7-id=\"202\">\n<div class=\"screen-reader-response\"><p role=\"status\" aria-live=\"polite\" aria-atomic=\"true\"><\/p> <ul><\/ul><\/div>\n<form action=\"\/es\/wp-json\/wp\/v2\/pages\/1098#wpcf7-f202-o1\" method=\"post\" class=\"wpcf7-form init\" aria-label=\"Formulario de contacto\" novalidate=\"novalidate\" data-status=\"init\">\n<fieldset class=\"hidden-fields-container\"><input type=\"hidden\" name=\"_wpcf7\" value=\"202\" \/><input type=\"hidden\" name=\"_wpcf7_version\" value=\"6.1.3\" \/><input type=\"hidden\" name=\"_wpcf7_locale\" value=\"es_ES\" \/><input type=\"hidden\" name=\"_wpcf7_unit_tag\" value=\"wpcf7-f202-o1\" \/><input type=\"hidden\" name=\"_wpcf7_container_post\" value=\"0\" \/><input type=\"hidden\" name=\"_wpcf7_posted_data_hash\" value=\"\" \/><input type=\"hidden\" name=\"_wpcf7_recaptcha_response\" value=\"\" \/>\n<\/fieldset>\n<p><label> Nombre y apellidos *<br \/>\n<span class=\"wpcf7-form-control-wrap\" data-name=\"your-name\"><input size=\"40\" maxlength=\"400\" class=\"wpcf7-form-control wpcf7-text wpcf7-validates-as-required\" aria-required=\"true\" aria-invalid=\"false\" value=\"\" type=\"text\" name=\"your-name\" \/><\/span> <\/label>\n<\/p>\n<p><label> Tel\u00e9fono *<br \/>\n<span class=\"wpcf7-form-control-wrap\" data-name=\"your-phone\"><input size=\"40\" maxlength=\"400\" class=\"wpcf7-form-control wpcf7-text wpcf7-validates-as-required\" aria-required=\"true\" aria-invalid=\"false\" value=\"\" type=\"text\" name=\"your-phone\" \/><\/span> <\/label>\n<\/p>\n<p><label> Correo electr\u00f3nico *<br \/>\n<span class=\"wpcf7-form-control-wrap\" data-name=\"your-email\"><input size=\"40\" maxlength=\"400\" class=\"wpcf7-form-control wpcf7-email wpcf7-validates-as-required wpcf7-text wpcf7-validates-as-email\" aria-required=\"true\" aria-invalid=\"false\" value=\"\" type=\"email\" name=\"your-email\" \/><\/span> <\/label>\n<\/p>\n<p><label> Municipio *<br \/>\n<span class=\"wpcf7-form-control-wrap\" data-name=\"your-town\"><input size=\"40\" maxlength=\"400\" class=\"wpcf7-form-control wpcf7-text wpcf7-validates-as-required\" aria-required=\"true\" aria-invalid=\"false\" value=\"\" type=\"text\" name=\"your-town\" \/><\/span> <\/label>\n<\/p>\n<p><label> Cantidad de m\u00b2<br \/>\n<span class=\"wpcf7-form-control-wrap\" data-name=\"your-meters\"><input size=\"40\" maxlength=\"400\" class=\"wpcf7-form-control wpcf7-text\" aria-invalid=\"false\" value=\"\" type=\"text\" name=\"your-meters\" \/><\/span> <\/label>\n<\/p>\n<p><label> Terreno actual *<br \/>\n<span class=\"wpcf7-form-control-wrap\" data-name=\"radio-509\"><span class=\"wpcf7-form-control wpcf7-radio\"><span class=\"wpcf7-list-item first\"><label><input type=\"radio\" name=\"radio-509\" value=\"Tierra\" checked=\"checked\" \/><span class=\"wpcf7-list-item-label\">Tierra<\/span><\/label><\/span><span class=\"wpcf7-list-item\"><label><input type=\"radio\" name=\"radio-509\" value=\"C\u00e9sped natural\" \/><span class=\"wpcf7-list-item-label\">C\u00e9sped natural<\/span><\/label><\/span><span class=\"wpcf7-list-item\"><label><input type=\"radio\" name=\"radio-509\" value=\"Pavimento\" \/><span class=\"wpcf7-list-item-label\">Pavimento<\/span><\/label><\/span><span class=\"wpcf7-list-item last\"><label><input type=\"radio\" name=\"radio-509\" value=\"C\u00e9sped artificial\" \/><span class=\"wpcf7-list-item-label\">C\u00e9sped artificial<\/span><\/label><\/span><\/span><\/span> <\/label>\n<\/p>\n<p><label> Mensaje *<br \/>\n<span class=\"wpcf7-form-control-wrap\" data-name=\"your-message\"><textarea cols=\"40\" rows=\"3\" maxlength=\"2000\" class=\"wpcf7-form-control wpcf7-textarea wpcf7-validates-as-required\" aria-required=\"true\" aria-invalid=\"false\" name=\"your-message\"><\/textarea><\/span> <\/label>\n<\/p>\n<p style=\"font-weight: lighter; font-size:12px;\">Informaci\u00f3n b\u00e1sica sobre el tratamiento de datos (Reglamento (UE) 2016\/679 y LO 3\/2018)<br \/>\nResponsable del tratamiento: Naturcesped C\u00e9sped Artificial, SL.\n<\/p>\n<p style=\"font-weight: lighter; font-size:12px;\">Finalidad: Ofrecer, prestar y facturar nuestros servicios y productos.\n<\/p>\n<p style=\"font-weight: lighter; font-size:12px;\">Legitimaci\u00f3n: Consentimiento del interesado.\n<\/p>\n<p style=\"font-weight: lighter; font-size:12px;\">Destinatarios: Los datos no se ceder\u00e1n a terceros, a menos que lo exija una ley o sea necesario para cumplir con la finalidad del tratamiento.\n<\/p>\n<p style=\"font-weight: lighter; font-size:12px;\">Derechos: Acceder, rectificar y suprimir datos, as\u00ed como el resto que se explican en la pol\u00edtica de protecci\u00f3n de datos.\n<\/p>\n<p style=\"font-weight: lighter; font-size:12px;\">M\u00e1s informaci\u00f3n en nuestra pol\u00edtica de protecci\u00f3n de datos.\n<\/p>\n<p><input class=\"wpcf7-form-control wpcf7-submit has-spinner\" type=\"submit\" value=\"Enviar\" \/>\n<\/p><div class=\"wpcf7-response-output\" aria-hidden=\"true\"><\/div>\n<\/form>\n<\/div>\n[\/vc_column][\/vc_row]<\/p>\n<\/div>","protected":false},"excerpt":{"rendered":"<p>[vc_row gap=\u00bb35&#8243;][vc_column width=\u00bb2\/3&#8243;][vc_single_image image=\u00bb424&#8243;][vc_column_text] Si anhelas un hermoso y exuberante c\u00e9sped verde en La Bisbal d&#8217;Empord\u00e0, pero nunca has podido encontrar el tiempo, la paciencia o la habilidad para mantener uno, considera el c\u00e9sped artificial en La Bisbal d&#8217;Empord\u00e0. Atr\u00e1s quedaron los d\u00edas en que el c\u00e9sped artificial parec\u00eda una alfombra verde; los desarrollos recientes han hecho que sea cada<\/p>\n<div class=\"h10\"><\/div>\n<p><a class=\"more-link1\" href=\"https:\/\/naturcesped.com\/es\/cesped-artificial-la-bisbal-demporda\/\">Read more<\/a><\/p>\n","protected":false},"author":1,"featured_media":0,"parent":0,"menu_order":0,"comment_status":"closed","ping_status":"closed","template":"","meta":{"footnotes":""},"class_list":["post-1098","page","type-page","status-publish","hentry"],"yoast_head":"<!-- This site is optimized with the Yoast SEO plugin v26.3 - https:\/\/yoast.com\/wordpress\/plugins\/seo\/ -->\n<title>C\u00e9sped artificial la Bisbal d&#039;Empord\u00e0 - NaturC\u00e9sped<\/title>\n<meta name=\"robots\" content=\"index, follow, max-snippet:-1, max-image-preview:large, max-video-preview:-1\" \/>\n<link rel=\"canonical\" href=\"https:\/\/naturcesped.com\/es\/cesped-artificial-la-bisbal-demporda\/\" \/>\n<meta property=\"og:locale\" content=\"es_ES\" \/>\n<meta property=\"og:type\" content=\"article\" \/>\n<meta property=\"og:title\" content=\"C\u00e9sped artificial la Bisbal d&#039;Empord\u00e0 - NaturC\u00e9sped\" \/>\n<meta property=\"og:description\" content=\"[vc_row gap=\u00bb35&#8243;][vc_column width=\u00bb2\/3&#8243;][vc_single_image image=\u00bb424&#8243;][vc_column_text] Si anhelas un hermoso y exuberante c\u00e9sped verde en La Bisbal d&#8217;Empord\u00e0, pero nunca has podido encontrar el tiempo, la paciencia o la habilidad para mantener uno, considera el c\u00e9sped artificial en La Bisbal d&#8217;Empord\u00e0. Atr\u00e1s quedaron los d\u00edas en que el c\u00e9sped artificial parec\u00eda una alfombra verde; los desarrollos recientes han hecho que sea cadaRead more\" \/>\n<meta property=\"og:url\" content=\"https:\/\/naturcesped.com\/es\/cesped-artificial-la-bisbal-demporda\/\" \/>\n<meta property=\"og:site_name\" content=\"NaturC\u00e9sped\" \/>\n<meta property=\"article:modified_time\" content=\"2023-12-20T08:57:44+00:00\" \/>\n<meta name=\"twitter:card\" content=\"summary_large_image\" \/>\n<meta name=\"twitter:label1\" content=\"Tiempo de lectura\" \/>\n\t<meta name=\"twitter:data1\" content=\"3 minutos\" \/>\n<script type=\"application\/ld+json\" class=\"yoast-schema-graph\">{\"@context\":\"https:\/\/schema.org\",\"@graph\":[{\"@type\":\"WebPage\",\"@id\":\"https:\/\/naturcesped.com\/es\/cesped-artificial-la-bisbal-demporda\/\",\"url\":\"https:\/\/naturcesped.com\/es\/cesped-artificial-la-bisbal-demporda\/\",\"name\":\"C\u00e9sped artificial la Bisbal d'Empord\u00e0 - NaturC\u00e9sped\",\"isPartOf\":{\"@id\":\"https:\/\/naturcesped.com\/es\/#website\"},\"datePublished\":\"2023-01-03T09:54:56+00:00\",\"dateModified\":\"2023-12-20T08:57:44+00:00\",\"breadcrumb\":{\"@id\":\"https:\/\/naturcesped.com\/es\/cesped-artificial-la-bisbal-demporda\/#breadcrumb\"},\"inLanguage\":\"es\",\"potentialAction\":[{\"@type\":\"ReadAction\",\"target\":[\"https:\/\/naturcesped.com\/es\/cesped-artificial-la-bisbal-demporda\/\"]}]},{\"@type\":\"BreadcrumbList\",\"@id\":\"https:\/\/naturcesped.com\/es\/cesped-artificial-la-bisbal-demporda\/#breadcrumb\",\"itemListElement\":[{\"@type\":\"ListItem\",\"position\":1,\"name\":\"Portada\",\"item\":\"https:\/\/naturcesped.com\/es\/\"},{\"@type\":\"ListItem\",\"position\":2,\"name\":\"C\u00e9sped artificial la Bisbal d&#8217;Empord\u00e0\"}]},{\"@type\":\"WebSite\",\"@id\":\"https:\/\/naturcesped.com\/es\/#website\",\"url\":\"https:\/\/naturcesped.com\/es\/\",\"name\":\"NaturC\u00e9sped\",\"description\":\"C\u00e9sped artificial en Girona\",\"potentialAction\":[{\"@type\":\"SearchAction\",\"target\":{\"@type\":\"EntryPoint\",\"urlTemplate\":\"https:\/\/naturcesped.com\/es\/?s={search_term_string}\"},\"query-input\":{\"@type\":\"PropertyValueSpecification\",\"valueRequired\":true,\"valueName\":\"search_term_string\"}}],\"inLanguage\":\"es\"}]}<\/script>\n<!-- \/ Yoast SEO plugin. -->","yoast_head_json":{"title":"C\u00e9sped artificial la Bisbal d'Empord\u00e0 - NaturC\u00e9sped","robots":{"index":"index","follow":"follow","max-snippet":"max-snippet:-1","max-image-preview":"max-image-preview:large","max-video-preview":"max-video-preview:-1"},"canonical":"https:\/\/naturcesped.com\/es\/cesped-artificial-la-bisbal-demporda\/","og_locale":"es_ES","og_type":"article","og_title":"C\u00e9sped artificial la Bisbal d'Empord\u00e0 - NaturC\u00e9sped","og_description":"[vc_row gap=\u00bb35&#8243;][vc_column width=\u00bb2\/3&#8243;][vc_single_image image=\u00bb424&#8243;][vc_column_text] Si anhelas un hermoso y exuberante c\u00e9sped verde en La Bisbal d&#8217;Empord\u00e0, pero nunca has podido encontrar el tiempo, la paciencia o la habilidad para mantener uno, considera el c\u00e9sped artificial en La Bisbal d&#8217;Empord\u00e0. Atr\u00e1s quedaron los d\u00edas en que el c\u00e9sped artificial parec\u00eda una alfombra verde; los desarrollos recientes han hecho que sea cadaRead more","og_url":"https:\/\/naturcesped.com\/es\/cesped-artificial-la-bisbal-demporda\/","og_site_name":"NaturC\u00e9sped","article_modified_time":"2023-12-20T08:57:44+00:00","twitter_card":"summary_large_image","twitter_misc":{"Tiempo de lectura":"3 minutos"},"schema":{"@context":"https:\/\/schema.org","@graph":[{"@type":"WebPage","@id":"https:\/\/naturcesped.com\/es\/cesped-artificial-la-bisbal-demporda\/","url":"https:\/\/naturcesped.com\/es\/cesped-artificial-la-bisbal-demporda\/","name":"C\u00e9sped artificial la Bisbal d'Empord\u00e0 - NaturC\u00e9sped","isPartOf":{"@id":"https:\/\/naturcesped.com\/es\/#website"},"datePublished":"2023-01-03T09:54:56+00:00","dateModified":"2023-12-20T08:57:44+00:00","breadcrumb":{"@id":"https:\/\/naturcesped.com\/es\/cesped-artificial-la-bisbal-demporda\/#breadcrumb"},"inLanguage":"es","potentialAction":[{"@type":"ReadAction","target":["https:\/\/naturcesped.com\/es\/cesped-artificial-la-bisbal-demporda\/"]}]},{"@type":"BreadcrumbList","@id":"https:\/\/naturcesped.com\/es\/cesped-artificial-la-bisbal-demporda\/#breadcrumb","itemListElement":[{"@type":"ListItem","position":1,"name":"Portada","item":"https:\/\/naturcesped.com\/es\/"},{"@type":"ListItem","position":2,"name":"C\u00e9sped artificial la Bisbal d&#8217;Empord\u00e0"}]},{"@type":"WebSite","@id":"https:\/\/naturcesped.com\/es\/#website","url":"https:\/\/naturcesped.com\/es\/","name":"NaturC\u00e9sped","description":"C\u00e9sped artificial en Girona","potentialAction":[{"@type":"SearchAction","target":{"@type":"EntryPoint","urlTemplate":"https:\/\/naturcesped.com\/es\/?s={search_term_string}"},"query-input":{"@type":"PropertyValueSpecification","valueRequired":true,"valueName":"search_term_string"}}],"inLanguage":"es"}]}},"_links":{"self":[{"href":"https:\/\/naturcesped.com\/es\/wp-json\/wp\/v2\/pages\/1098","targetHints":{"allow":["GET"]}}],"collection":[{"href":"https:\/\/naturcesped.com\/es\/wp-json\/wp\/v2\/pages"}],"about":[{"href":"https:\/\/naturcesped.com\/es\/wp-json\/wp\/v2\/types\/page"}],"author":[{"embeddable":true,"href":"https:\/\/naturcesped.com\/es\/wp-json\/wp\/v2\/users\/1"}],"replies":[{"embeddable":true,"href":"https:\/\/naturcesped.com\/es\/wp-json\/wp\/v2\/comments?post=1098"}],"version-history":[{"count":0,"href":"https:\/\/naturcesped.com\/es\/wp-json\/wp\/v2\/pages\/1098\/revisions"}],"wp:attachment":[{"href":"https:\/\/naturcesped.com\/es\/wp-json\/wp\/v2\/media?parent=1098"}],"curies":[{"name":"wp","href":"https:\/\/api.w.org\/{rel}","templated":true}]}}