{"id":1095,"date":"2022-12-29T08:18:49","date_gmt":"2022-12-29T08:18:49","guid":{"rendered":"https:\/\/naturcesped.com\/?page_id=1095"},"modified":"2023-12-20T09:36:53","modified_gmt":"2023-12-20T09:36:53","slug":"cesped-artificial-torroella-de-montgri","status":"publish","type":"page","link":"https:\/\/naturcesped.com\/es\/cesped-artificial-torroella-de-montgri\/","title":{"rendered":"Cesped artificial Torroella de Montgr\u00ed"},"content":{"rendered":"<div class=\"wpb-content-wrapper\"><p>[vc_row gap=\u00bb35&#8243;][vc_column width=\u00bb2\/3&#8243;][vc_single_image image=\u00bb424&#8243;][vc_column_text]<\/p>\n<p style=\"text-align: justify;\">Todos los propietarios sue\u00f1an con hermosos espacios al aire libre en Torroella de Montgr\u00ed. Sin embargo, con las ocupaciones diarias y las necesidades de cuidado y mantenimiento, esto parece una tarea imposible. Sin embargo, el <strong>c\u00e9sped artificial en Torroella de Montgr\u00ed<\/strong> es la soluci\u00f3n.<\/p>\n<p style=\"text-align: justify;\">Mucha gente prefiere el <strong>c\u00e9sped artificial en Torroella de Montgr\u00ed<\/strong> porque es m\u00e1s conveniente para los estilos de vida modernos y ajetreados. Con el <strong>c\u00e9sped artificial en Torroella de Montgr\u00ed <\/strong>no tendr\u00e1 que preocuparse por las tareas de mantenimiento ni los gastos que estos pueden provocar. El <strong>c\u00e9sped artificial en Torroella de Montgr\u00ed<\/strong> continuar\u00e1 manteni\u00e9ndose verde, limpio, ordenado y luciendo bien durante todo el a\u00f1o, sin importar el clima.<\/p>\n<p>[\/vc_column_text][vc_row_inner][vc_column_inner width=\u00bb1\/3&#8243;][\/vc_column_inner][vc_column_inner width=\u00bb1\/3&#8243;]<a\thref=\"https:\/\/naturcesped.com\/es\/contacto\/\" \n\t\t\t\tclass=\"button btn_large btn_theme_color btn_rounded btn_normal_style    \"  target='_self'><span>CONTACTA CON NOSOTROS<\/span><\/a>[\/vc_column_inner][vc_column_inner width=\u00bb1\/3&#8243;][\/vc_column_inner][\/vc_row_inner][vc_column_text]<\/p>\n<p style=\"text-align: justify;\">Tenga en cuenta que el <strong>c\u00e9sped artificial en Torroella de Montgr\u00ed<\/strong> no necesita ser regado, fertilizado o cortado como el c\u00e9sped real, por lo que menos tiempo dedicado al mantenimiento de su c\u00e9sped significa m\u00e1s tiempo para disfrutar de su jard\u00edn.<\/p>\n<p style=\"text-align: justify;\">El f\u00e1cil mantenimiento del <strong>c\u00e9sped artificial en Torroella de Montgr\u00ed<\/strong> beneficiar\u00e1 a los usuarios mayores y discapacitados que pueden tener dificultades para cortar y mantener su c\u00e9sped, adem\u00e1s de aquellas personas sin mucho tiempo libre.<\/p>\n<p style=\"text-align: justify;\">El <strong>c\u00e9sped artificial en Torroella de Montgr\u00ed<\/strong> es mejor para el medio ambiente porque reduce el uso de agua. Al reducir el uso de mangueras y rociadores, puede ahorrar agua y ahorrar en sus facturas de agua.<\/p>\n<p style=\"text-align: justify;\">A esto se suma que el <strong>c\u00e9sped artificial en Torroella de Montgr\u00ed <\/strong>es ideal para hogares con mascotas. Las mascotas no pueden desenterrarlo ni estropearlo como el c\u00e9sped real, por lo que se mantendr\u00e1 en el perfecto estado incluso si tienes gatos y perros.\u00a0Esto tambi\u00e9n hace que el <strong>c\u00e9sped artificial en Torroella de Montgr\u00ed<\/strong> sea ideal para usar en lugares como perreras. Adem\u00e1s, a los perros les encanta jugar en el <strong>c\u00e9sped artificial en Torroella de Montgr\u00ed <\/strong>tanto como en el c\u00e9sped natural. Los desechos animales se limpian f\u00e1cilmente del <strong>c\u00e9sped artificial en Torroella de Montgr\u00ed<\/strong> con un detergente ligero y agua.<\/p>\n<p style=\"text-align: justify;\">Recuerde que el <strong>c\u00e9sped artificial en Torroella de Montgr\u00ed <\/strong>es m\u00e1s barato de mantener con el tiempo. Esto se debe a que el c\u00e9sped natural se vuelve caro al agregar el costo de los fertilizantes, pesticidas, tijeras de podar, mangueras, desbrozadoras, rastrillos, herbicidas, cortadoras de c\u00e9sped, agua y alimento para c\u00e9sped necesarios para mantenerlo. Esto hace que el <strong>c\u00e9sped artificial en Torroella de Montgr\u00ed<\/strong> sea mucho m\u00e1s rentable que el c\u00e9sped real durante toda su vida \u00fatil.<\/p>\n<p style=\"text-align: justify;\">Si busca a los mejores profesionales para la instalaci\u00f3n del <strong>c\u00e9sped artificial en Torroella de Montgr\u00ed, <\/strong>cuente con nosotros. Tenemos a un grupo de experto que se encargar\u00e1 de realizar el proyecto teniendo en cuenta sus necesidades y gustos.<\/p>\n<p>[\/vc_column_text][\/vc_column][vc_column width=\u00bb1\/3&#8243;][vc_column_text]<\/p>\n<h2 style=\"text-align: center;\">Cont\u00e1ctanos para m\u00e1s informaci\u00f3n<\/h2>\n<p>[\/vc_column_text]<div class=\"boc_divider_holder\"><div class=\"boc_divider  \"  style=\"margin-top: 20px;margin-bottom: 20px;height: 1px;background: #eeeeee;\"><\/div><\/div>\n<div class=\"wpcf7 no-js\" id=\"wpcf7-f202-o1\" lang=\"es-ES\" dir=\"ltr\" data-wpcf7-id=\"202\">\n<div class=\"screen-reader-response\"><p role=\"status\" aria-live=\"polite\" aria-atomic=\"true\"><\/p> <ul><\/ul><\/div>\n<form action=\"\/es\/wp-json\/wp\/v2\/pages\/1095#wpcf7-f202-o1\" method=\"post\" class=\"wpcf7-form init\" aria-label=\"Formulario de contacto\" novalidate=\"novalidate\" data-status=\"init\">\n<fieldset class=\"hidden-fields-container\"><input type=\"hidden\" name=\"_wpcf7\" value=\"202\" \/><input type=\"hidden\" name=\"_wpcf7_version\" value=\"6.1.3\" \/><input type=\"hidden\" name=\"_wpcf7_locale\" value=\"es_ES\" \/><input type=\"hidden\" name=\"_wpcf7_unit_tag\" value=\"wpcf7-f202-o1\" \/><input type=\"hidden\" name=\"_wpcf7_container_post\" value=\"0\" \/><input type=\"hidden\" name=\"_wpcf7_posted_data_hash\" value=\"\" \/><input type=\"hidden\" name=\"_wpcf7_recaptcha_response\" value=\"\" \/>\n<\/fieldset>\n<p><label> Nombre y apellidos *<br \/>\n<span class=\"wpcf7-form-control-wrap\" data-name=\"your-name\"><input size=\"40\" maxlength=\"400\" class=\"wpcf7-form-control wpcf7-text wpcf7-validates-as-required\" aria-required=\"true\" aria-invalid=\"false\" value=\"\" type=\"text\" name=\"your-name\" \/><\/span> <\/label>\n<\/p>\n<p><label> Tel\u00e9fono *<br \/>\n<span class=\"wpcf7-form-control-wrap\" data-name=\"your-phone\"><input size=\"40\" maxlength=\"400\" class=\"wpcf7-form-control wpcf7-text wpcf7-validates-as-required\" aria-required=\"true\" aria-invalid=\"false\" value=\"\" type=\"text\" name=\"your-phone\" \/><\/span> <\/label>\n<\/p>\n<p><label> Correo electr\u00f3nico *<br \/>\n<span class=\"wpcf7-form-control-wrap\" data-name=\"your-email\"><input size=\"40\" maxlength=\"400\" class=\"wpcf7-form-control wpcf7-email wpcf7-validates-as-required wpcf7-text wpcf7-validates-as-email\" aria-required=\"true\" aria-invalid=\"false\" value=\"\" type=\"email\" name=\"your-email\" \/><\/span> <\/label>\n<\/p>\n<p><label> Municipio *<br \/>\n<span class=\"wpcf7-form-control-wrap\" data-name=\"your-town\"><input size=\"40\" maxlength=\"400\" class=\"wpcf7-form-control wpcf7-text wpcf7-validates-as-required\" aria-required=\"true\" aria-invalid=\"false\" value=\"\" type=\"text\" name=\"your-town\" \/><\/span> <\/label>\n<\/p>\n<p><label> Cantidad de m\u00b2<br \/>\n<span class=\"wpcf7-form-control-wrap\" data-name=\"your-meters\"><input size=\"40\" maxlength=\"400\" class=\"wpcf7-form-control wpcf7-text\" aria-invalid=\"false\" value=\"\" type=\"text\" name=\"your-meters\" \/><\/span> <\/label>\n<\/p>\n<p><label> Terreno actual *<br \/>\n<span class=\"wpcf7-form-control-wrap\" data-name=\"radio-509\"><span class=\"wpcf7-form-control wpcf7-radio\"><span class=\"wpcf7-list-item first\"><label><input type=\"radio\" name=\"radio-509\" value=\"Tierra\" checked=\"checked\" \/><span class=\"wpcf7-list-item-label\">Tierra<\/span><\/label><\/span><span class=\"wpcf7-list-item\"><label><input type=\"radio\" name=\"radio-509\" value=\"C\u00e9sped natural\" \/><span class=\"wpcf7-list-item-label\">C\u00e9sped natural<\/span><\/label><\/span><span class=\"wpcf7-list-item\"><label><input type=\"radio\" name=\"radio-509\" value=\"Pavimento\" \/><span class=\"wpcf7-list-item-label\">Pavimento<\/span><\/label><\/span><span class=\"wpcf7-list-item last\"><label><input type=\"radio\" name=\"radio-509\" value=\"C\u00e9sped artificial\" \/><span class=\"wpcf7-list-item-label\">C\u00e9sped artificial<\/span><\/label><\/span><\/span><\/span> <\/label>\n<\/p>\n<p><label> Mensaje *<br \/>\n<span class=\"wpcf7-form-control-wrap\" data-name=\"your-message\"><textarea cols=\"40\" rows=\"3\" maxlength=\"2000\" class=\"wpcf7-form-control wpcf7-textarea wpcf7-validates-as-required\" aria-required=\"true\" aria-invalid=\"false\" name=\"your-message\"><\/textarea><\/span> <\/label>\n<\/p>\n<p style=\"font-weight: lighter; font-size:12px;\">Informaci\u00f3n b\u00e1sica sobre el tratamiento de datos (Reglamento (UE) 2016\/679 y LO 3\/2018)<br \/>\nResponsable del tratamiento: Naturcesped C\u00e9sped Artificial, SL.\n<\/p>\n<p style=\"font-weight: lighter; font-size:12px;\">Finalidad: Ofrecer, prestar y facturar nuestros servicios y productos.\n<\/p>\n<p style=\"font-weight: lighter; font-size:12px;\">Legitimaci\u00f3n: Consentimiento del interesado.\n<\/p>\n<p style=\"font-weight: lighter; font-size:12px;\">Destinatarios: Los datos no se ceder\u00e1n a terceros, a menos que lo exija una ley o sea necesario para cumplir con la finalidad del tratamiento.\n<\/p>\n<p style=\"font-weight: lighter; font-size:12px;\">Derechos: Acceder, rectificar y suprimir datos, as\u00ed como el resto que se explican en la pol\u00edtica de protecci\u00f3n de datos.\n<\/p>\n<p style=\"font-weight: lighter; font-size:12px;\">M\u00e1s informaci\u00f3n en nuestra pol\u00edtica de protecci\u00f3n de datos.\n<\/p>\n<p><input class=\"wpcf7-form-control wpcf7-submit has-spinner\" type=\"submit\" value=\"Enviar\" \/>\n<\/p><div class=\"wpcf7-response-output\" aria-hidden=\"true\"><\/div>\n<\/form>\n<\/div>\n[\/vc_column][\/vc_row]<\/p>\n<\/div>","protected":false},"excerpt":{"rendered":"<p>[vc_row gap=\u00bb35&#8243;][vc_column width=\u00bb2\/3&#8243;][vc_single_image image=\u00bb424&#8243;][vc_column_text] Todos los propietarios sue\u00f1an con hermosos espacios al aire libre en Torroella de Montgr\u00ed. Sin embargo, con las ocupaciones diarias y las necesidades de cuidado y mantenimiento, esto parece una tarea imposible. Sin embargo, el c\u00e9sped artificial en Torroella de Montgr\u00ed es la soluci\u00f3n. Mucha gente prefiere el c\u00e9sped artificial en Torroella de Montgr\u00ed porque es<\/p>\n<div class=\"h10\"><\/div>\n<p><a class=\"more-link1\" href=\"https:\/\/naturcesped.com\/es\/cesped-artificial-torroella-de-montgri\/\">Read more<\/a><\/p>\n","protected":false},"author":1,"featured_media":0,"parent":0,"menu_order":0,"comment_status":"closed","ping_status":"closed","template":"","meta":{"footnotes":""},"class_list":["post-1095","page","type-page","status-publish","hentry"],"yoast_head":"<!-- This site is optimized with the Yoast SEO plugin v26.3 - https:\/\/yoast.com\/wordpress\/plugins\/seo\/ -->\n<title>Cesped artificial Torroella de Montgr\u00ed - NaturC\u00e9sped<\/title>\n<meta name=\"robots\" content=\"index, follow, max-snippet:-1, max-image-preview:large, max-video-preview:-1\" \/>\n<link rel=\"canonical\" href=\"https:\/\/naturcesped.com\/es\/cesped-artificial-torroella-de-montgri\/\" \/>\n<meta property=\"og:locale\" content=\"es_ES\" \/>\n<meta property=\"og:type\" content=\"article\" \/>\n<meta property=\"og:title\" content=\"Cesped artificial Torroella de Montgr\u00ed - NaturC\u00e9sped\" \/>\n<meta property=\"og:description\" content=\"[vc_row gap=\u00bb35&#8243;][vc_column width=\u00bb2\/3&#8243;][vc_single_image image=\u00bb424&#8243;][vc_column_text] Todos los propietarios sue\u00f1an con hermosos espacios al aire libre en Torroella de Montgr\u00ed. Sin embargo, con las ocupaciones diarias y las necesidades de cuidado y mantenimiento, esto parece una tarea imposible. Sin embargo, el c\u00e9sped artificial en Torroella de Montgr\u00ed es la soluci\u00f3n. Mucha gente prefiere el c\u00e9sped artificial en Torroella de Montgr\u00ed porque esRead more\" \/>\n<meta property=\"og:url\" content=\"https:\/\/naturcesped.com\/es\/cesped-artificial-torroella-de-montgri\/\" \/>\n<meta property=\"og:site_name\" content=\"NaturC\u00e9sped\" \/>\n<meta property=\"article:modified_time\" content=\"2023-12-20T09:36:53+00:00\" \/>\n<meta name=\"twitter:card\" content=\"summary_large_image\" \/>\n<meta name=\"twitter:label1\" content=\"Tiempo de lectura\" \/>\n\t<meta name=\"twitter:data1\" content=\"3 minutos\" \/>\n<script type=\"application\/ld+json\" class=\"yoast-schema-graph\">{\"@context\":\"https:\/\/schema.org\",\"@graph\":[{\"@type\":\"WebPage\",\"@id\":\"https:\/\/naturcesped.com\/es\/cesped-artificial-torroella-de-montgri\/\",\"url\":\"https:\/\/naturcesped.com\/es\/cesped-artificial-torroella-de-montgri\/\",\"name\":\"Cesped artificial Torroella de Montgr\u00ed - NaturC\u00e9sped\",\"isPartOf\":{\"@id\":\"https:\/\/naturcesped.com\/es\/#website\"},\"datePublished\":\"2022-12-29T08:18:49+00:00\",\"dateModified\":\"2023-12-20T09:36:53+00:00\",\"breadcrumb\":{\"@id\":\"https:\/\/naturcesped.com\/es\/cesped-artificial-torroella-de-montgri\/#breadcrumb\"},\"inLanguage\":\"es\",\"potentialAction\":[{\"@type\":\"ReadAction\",\"target\":[\"https:\/\/naturcesped.com\/es\/cesped-artificial-torroella-de-montgri\/\"]}]},{\"@type\":\"BreadcrumbList\",\"@id\":\"https:\/\/naturcesped.com\/es\/cesped-artificial-torroella-de-montgri\/#breadcrumb\",\"itemListElement\":[{\"@type\":\"ListItem\",\"position\":1,\"name\":\"Portada\",\"item\":\"https:\/\/naturcesped.com\/es\/\"},{\"@type\":\"ListItem\",\"position\":2,\"name\":\"Cesped artificial Torroella de Montgr\u00ed\"}]},{\"@type\":\"WebSite\",\"@id\":\"https:\/\/naturcesped.com\/es\/#website\",\"url\":\"https:\/\/naturcesped.com\/es\/\",\"name\":\"NaturC\u00e9sped\",\"description\":\"C\u00e9sped artificial en Girona\",\"potentialAction\":[{\"@type\":\"SearchAction\",\"target\":{\"@type\":\"EntryPoint\",\"urlTemplate\":\"https:\/\/naturcesped.com\/es\/?s={search_term_string}\"},\"query-input\":{\"@type\":\"PropertyValueSpecification\",\"valueRequired\":true,\"valueName\":\"search_term_string\"}}],\"inLanguage\":\"es\"}]}<\/script>\n<!-- \/ Yoast SEO plugin. -->","yoast_head_json":{"title":"Cesped artificial Torroella de Montgr\u00ed - NaturC\u00e9sped","robots":{"index":"index","follow":"follow","max-snippet":"max-snippet:-1","max-image-preview":"max-image-preview:large","max-video-preview":"max-video-preview:-1"},"canonical":"https:\/\/naturcesped.com\/es\/cesped-artificial-torroella-de-montgri\/","og_locale":"es_ES","og_type":"article","og_title":"Cesped artificial Torroella de Montgr\u00ed - NaturC\u00e9sped","og_description":"[vc_row gap=\u00bb35&#8243;][vc_column width=\u00bb2\/3&#8243;][vc_single_image image=\u00bb424&#8243;][vc_column_text] Todos los propietarios sue\u00f1an con hermosos espacios al aire libre en Torroella de Montgr\u00ed. Sin embargo, con las ocupaciones diarias y las necesidades de cuidado y mantenimiento, esto parece una tarea imposible. Sin embargo, el c\u00e9sped artificial en Torroella de Montgr\u00ed es la soluci\u00f3n. Mucha gente prefiere el c\u00e9sped artificial en Torroella de Montgr\u00ed porque esRead more","og_url":"https:\/\/naturcesped.com\/es\/cesped-artificial-torroella-de-montgri\/","og_site_name":"NaturC\u00e9sped","article_modified_time":"2023-12-20T09:36:53+00:00","twitter_card":"summary_large_image","twitter_misc":{"Tiempo de lectura":"3 minutos"},"schema":{"@context":"https:\/\/schema.org","@graph":[{"@type":"WebPage","@id":"https:\/\/naturcesped.com\/es\/cesped-artificial-torroella-de-montgri\/","url":"https:\/\/naturcesped.com\/es\/cesped-artificial-torroella-de-montgri\/","name":"Cesped artificial Torroella de Montgr\u00ed - NaturC\u00e9sped","isPartOf":{"@id":"https:\/\/naturcesped.com\/es\/#website"},"datePublished":"2022-12-29T08:18:49+00:00","dateModified":"2023-12-20T09:36:53+00:00","breadcrumb":{"@id":"https:\/\/naturcesped.com\/es\/cesped-artificial-torroella-de-montgri\/#breadcrumb"},"inLanguage":"es","potentialAction":[{"@type":"ReadAction","target":["https:\/\/naturcesped.com\/es\/cesped-artificial-torroella-de-montgri\/"]}]},{"@type":"BreadcrumbList","@id":"https:\/\/naturcesped.com\/es\/cesped-artificial-torroella-de-montgri\/#breadcrumb","itemListElement":[{"@type":"ListItem","position":1,"name":"Portada","item":"https:\/\/naturcesped.com\/es\/"},{"@type":"ListItem","position":2,"name":"Cesped artificial Torroella de Montgr\u00ed"}]},{"@type":"WebSite","@id":"https:\/\/naturcesped.com\/es\/#website","url":"https:\/\/naturcesped.com\/es\/","name":"NaturC\u00e9sped","description":"C\u00e9sped artificial en Girona","potentialAction":[{"@type":"SearchAction","target":{"@type":"EntryPoint","urlTemplate":"https:\/\/naturcesped.com\/es\/?s={search_term_string}"},"query-input":{"@type":"PropertyValueSpecification","valueRequired":true,"valueName":"search_term_string"}}],"inLanguage":"es"}]}},"_links":{"self":[{"href":"https:\/\/naturcesped.com\/es\/wp-json\/wp\/v2\/pages\/1095","targetHints":{"allow":["GET"]}}],"collection":[{"href":"https:\/\/naturcesped.com\/es\/wp-json\/wp\/v2\/pages"}],"about":[{"href":"https:\/\/naturcesped.com\/es\/wp-json\/wp\/v2\/types\/page"}],"author":[{"embeddable":true,"href":"https:\/\/naturcesped.com\/es\/wp-json\/wp\/v2\/users\/1"}],"replies":[{"embeddable":true,"href":"https:\/\/naturcesped.com\/es\/wp-json\/wp\/v2\/comments?post=1095"}],"version-history":[{"count":0,"href":"https:\/\/naturcesped.com\/es\/wp-json\/wp\/v2\/pages\/1095\/revisions"}],"wp:attachment":[{"href":"https:\/\/naturcesped.com\/es\/wp-json\/wp\/v2\/media?parent=1095"}],"curies":[{"name":"wp","href":"https:\/\/api.w.org\/{rel}","templated":true}]}}